{"id":27080,"date":"2022-09-07T06:01:33","date_gmt":"2022-09-07T06:01:33","guid":{"rendered":"https:\/\/zecovalve.com\/?post_type=product&#038;p=27080"},"modified":"2022-09-07T06:45:02","modified_gmt":"2022-09-07T06:45:02","slug":"1-inch-motorized-ball-valve","status":"publish","type":"product","link":"https:\/\/zecovalve.com\/fr\/produit\/1-inch-motorized-ball-valve","title":{"rendered":"Robinet \u00e0 boisseau sph\u00e9rique motoris\u00e9 de 1 pouce"},"content":{"rendered":"Nos vannes \u00e0 bille motoris\u00e9es de 1&quot; offrent la fiabilit\u00e9 et la robustesse que vous attendez d&#039;une vanne l\u00e9g\u00e8rement plus grande. Nous les avons vus utilis\u00e9s dans une myriade d\u2019applications. Leur consistance, leur r\u00e9sistance \u00e0 l\u2019eau et leur fiabilit\u00e9 en font un excellent choix pour votre projet.\r\n\r\n\r\n\r\n\r\n<figure class=\"wp-block-image size-large is-resized\"><img loading=\"lazy\" decoding=\"async\" class=\"wp-image-27081\" src=\"https:\/\/zecovalve.com\/wp-content\/uploads\/2022\/09\/1-inch-motorized-ball-valve-898x1024.jpg\" alt=\"\" width=\"449\" height=\"512\" srcset=\"https:\/\/zecovalve.com\/wp-content\/uploads\/2022\/09\/1-inch-motorized-ball-valve-898x1024.jpg 898w, https:\/\/zecovalve.com\/wp-content\/uploads\/2022\/09\/1-inch-motorized-ball-valve-263x300.jpg 263w, https:\/\/zecovalve.com\/wp-content\/uploads\/2022\/09\/1-inch-motorized-ball-valve-768x876.jpg 768w, https:\/\/zecovalve.com\/wp-content\/uploads\/2022\/09\/1-inch-motorized-ball-valve-1347x1536.jpg 1347w, https:\/\/zecovalve.com\/wp-content\/uploads\/2022\/09\/1-inch-motorized-ball-valve-1796x2048.jpg 1796w, https:\/\/zecovalve.com\/wp-content\/uploads\/2022\/09\/1-inch-motorized-ball-valve-600x684.jpg 600w\" sizes=\"auto, (max-width: 449px) 100vw, 449px\" \/><\/figure>\r\n\r\n\r\n\r\n\r\n<div class=\"gb-button-wrapper gb-button-wrapper-6d8495a3\">\r\n\r\n<a class=\"gb-button gb-button-3d442e11 gb-button-text\" href=\"mailto:commercial@zecovalve.com\" target=\"_blank\" rel=\"noopener noreferrer\"><strong>OBTENEZ LE PRIX DU VANNE \u00c0 BILLE MOTORIS\u00c9E DE 1 POUCE<\/strong><\/a>\r\n\r\n<\/div>\r\n\r\n\r\n<h2 class=\"wp-block-heading\" id=\"h-what-is-motorized-ball-valve\">Qu&#039;est-ce qu&#039;un robinet \u00e0 tournant sph\u00e9rique motoris\u00e9\u00a0?<\/h2>\r\n\r\n\r\n\r\n\r\n\u00c9galement connues sous le nom de vannes \u00e0 bille actionn\u00e9es, elles sont dot\u00e9es d&#039;un moteur capable de g\u00e9rer des d\u00e9bits et des pressions \u00e9lev\u00e9s. Tous fonctionnent \u00e0 l\u2019\u00e9lectricit\u00e9 pour d\u00e9marrer et arr\u00eater automatiquement le flux. Les vannes peuvent \u00eatre c\u00e2bl\u00e9es comme normalement ferm\u00e9es \u00e0 moins qu&#039;elles ne soient actionn\u00e9es ou comme normalement ouvertes \u00e0 moins qu&#039;elles ne soient actionn\u00e9es. Ils ne n\u00e9cessitent pas de chute de pression minimale entre l&#039;entr\u00e9e et la sortie pour fonctionner. L&#039;actionneur est directement mont\u00e9 sur le corps de la vanne pour minimiser les mouvements et r\u00e9duire l&#039;usure. Un indicateur de d\u00e9bit visuel sur le dessus de l&#039;actionneur indique si la vanne est ouverte ou ferm\u00e9e. La commande manuelle vous permet de faire fonctionner la vanne pendant les pannes de courant. Les vannes \u00e0 bille motoris\u00e9es contr\u00f4lent le d\u00e9bit d&#039;un m\u00e9dia, d&#039;un liquide ou d&#039;un gaz dans un syst\u00e8me de contr\u00f4le de processus automatis\u00e9 sans avoir besoin d&#039;une alimentation en air pneumatique. \u00c9galement connus sous le nom de vannes \u00e0 bille motoris\u00e9es, elles sont courantes dans les \u00e9quipements de restauration, les installations de fabrication et les syst\u00e8mes d&#039;irrigation.\r\n\r\n\r\n\r\n\r\n<h2 class=\"wp-block-heading\">Sp\u00e9cifications du robinet \u00e0 tournant sph\u00e9rique motoris\u00e9 de 1 pouce<\/h2>\r\n\r\n\r\n\r\n<ul class=\"wp-block-list\">\r\n \t<li>2 voies, bidirectionnel<\/li>\r\n \t<li>Normalement ouvert<\/li>\r\n \t<li>Alimenter l&#039;actionneur pour fermer la vanne<\/li>\r\n \t<li>Mettre hors tension pour ouvrir la vanne (les vannes s&#039;ouvrent avec l&#039;alimentation du condensateur interne)<\/li>\r\n \t<li>Indicateur visuel de position de vanne<\/li>\r\n \t<li>Excellent choix pour les applications d&#039;alimentation par gravit\u00e9<\/li>\r\n \t<li>Excellent choix pour les applications n\u00e9cessitant de longues p\u00e9riodes d&#039;activation<\/li>\r\n<\/ul>\r\n\r\n\r\n\r\n<h2 class=\"wp-block-heading\">Donn\u00e9es techniques des actionneurs de robinets \u00e0 tournant sph\u00e9rique<\/h2>\r\n\r\n\r\n\r\n<ul class=\"wp-block-list\">\r\n \t<li>Faible consommation d&#039;\u00e9nergie uniquement lorsque la position change. \u00c9teint l&#039;actionneur.<\/li>\r\n \t<li>Petite taille adapt\u00e9e aux vannes<\/li>\r\n \t<li>Consommation \u00e9lectrique \u2013 A80 ECO \u2013 10W, A83 \u2013 6W<\/li>\r\n \t<li>Couple maximal \u2013 8 Nm<\/li>\r\n \t<li>Temps d\u2019ouverture\/fermeture \u2013 A80 ECO \u2013 10s, A83 \u2013 8s<\/li>\r\n \t<li>Classe d&#039;\u00e9tanch\u00e9it\u00e9 \u2013 IP54<\/li>\r\n \t<li>Couleur du bo\u00eetier \u2013 A80 ECO \u2013 bleu, A83 \u2013 orange<\/li>\r\n \t<li>Mat\u00e9riau du bo\u00eetier \u2013 PA<\/li>\r\n \t<li>Le m\u00e9canisme de l&#039;acier<\/li>\r\n \t<li>Indicateur de position m\u00e9canique sur le couvercle (sauf A80 ECO)<\/li>\r\n \t<li>Longueur du fil 900 mm<\/li>\r\n \t<li>Temp\u00e9rature ambiante : -10 \u00b0C \u00e0 50 \u00b0C<\/li>\r\n<\/ul>\r\n\r\n\r\n\r\n<h2 class=\"wp-block-heading\">Entretien et r\u00e9paration de robinet \u00e0 tournant sph\u00e9rique motoris\u00e9 de 1 pouce<\/h2>\r\n\r\n\r\n\r\n\r\nEntretenez et r\u00e9parez ces vannes sans d\u00e9visser les raccords de tuyaux. Ils ont un corps boulonn\u00e9 en trois parties qui se d\u00e9monte en ligne pour un acc\u00e8s facile aux composants internes. Tous fonctionnent \u00e0 l\u2019\u00e9lectricit\u00e9 pour d\u00e9marrer et arr\u00eater automatiquement le flux. Les vannes ne n\u00e9cessitent pas de chute de pression minimale entre l&#039;entr\u00e9e et la sortie pour fonctionner. Tous peuvent \u00eatre c\u00e2bl\u00e9s comme normalement ferm\u00e9s \u00e0 moins d&#039;\u00eatre actionn\u00e9s ou normalement ouverts \u00e0 moins d&#039;\u00eatre actionn\u00e9s. Ils sont \u00e0 port int\u00e9gral, ils ne restreignent donc pas le d\u00e9bit.","protected":false},"excerpt":{"rendered":"<p>Nos vannes \u00e0 bille motoris\u00e9es de 1&quot; offrent la fiabilit\u00e9 et la robustesse que vous attendez d&#039;une vanne l\u00e9g\u00e8rement plus grande. Nous avons vu \u2026 <a title=\"Robinet \u00e0 boisseau sph\u00e9rique motoris\u00e9 de 1 pouce\" class=\"read-more\" href=\"https:\/\/zecovalve.com\/fr\/produit\/1-inch-motorized-ball-valve\" aria-label=\"Plus sur Robinet \u00e0 bille motoris\u00e9 1 pouce\">Lire plus<\/a><\/p>","protected":false},"featured_media":27081,"comment_status":"closed","ping_status":"closed","template":"","meta":{"_generate-full-width-content":"","kt_blocks_editor_width":""},"product_cat":[2047,2460],"product_tag":[3054,3295,3293,3869,3255,3291,3868,3294,2766,3292,2727],"class_list":["post-27080","product","type-product","status-publish","has-post-thumbnail","hentry","product_cat-ball-valve","product_cat-ball-valve-by-drive-mode","product_tag-1-ball-valve","product_tag-ball-valve-electric","product_tag-electric-actuated-ball-valve","product_tag-electric-actuator-ball-valve","product_tag-electric-ball-valve","product_tag-electrical-ball-valve","product_tag-electrically-actuated-ball-valve","product_tag-electronic-ball-valve","product_tag-motorised-valve","product_tag-motorized-ball-valve","product_tag-motorized-valve","sales-flash-overlay","woocommerce-text-align-center","woocommerce-image-align-center","do-quantity-buttons"],"featured_image_src_large":["https:\/\/zecovalve.com\/wp-content\/uploads\/2022\/09\/1-inch-motorized-ball-valve-898x1024.jpg",898,1024,true],"author_info":[],"comment_info":0,"taxonomy_info":{"product_cat":[{"value":2047,"label":"Ball Valve"},{"value":2460,"label":"Ball Valve By Drive Mode"}],"product_tag":[{"value":3054,"label":"1\" Ball Valve"},{"value":3295,"label":"Ball Valve Electric"},{"value":3293,"label":"Electric Actuated Ball Valve"},{"value":3869,"label":"Electric Actuator Ball Valve"},{"value":3255,"label":"Electric Ball Valve"},{"value":3291,"label":"Electrical Ball Valve"},{"value":3868,"label":"Electrically Actuated Ball Valve"},{"value":3294,"label":"Electronic Ball Valve"},{"value":2766,"label":"Motorised Valve"},{"value":3292,"label":"Motorized Ball Valve"},{"value":2727,"label":"Motorized Valve"}]},"yoast_head":"<!-- This site is optimized with the Yoast SEO Premium plugin v15.4 - https:\/\/yoast.com\/wordpress\/plugins\/seo\/ -->\n<title>1 Inch Motorized Ball Valve - Electric Ball Valve Manufacturer | ZECO Valve<\/title>\n<meta name=\"robots\" content=\"index, follow, max-snippet:-1, max-image-preview:large, max-video-preview:-1\" \/>\n<link rel=\"canonical\" href=\"https:\/\/zecovalve.com\/fr\/produit\/1-inch-motorized-ball-valve\" \/>\n<meta property=\"og:locale\" content=\"fr_FR\" \/>\n<meta property=\"og:type\" content=\"article\" \/>\n<meta property=\"og:title\" content=\"1 Inch Motorized Ball Valve - Electric Ball Valve Manufacturer | ZECO Valve\" \/>\n<meta property=\"og:description\" content=\"Our 1\u201d motorized ball valves come with the reliability and sturdiness you would expect with a slightly larger valve. We have seen ... Lire plus\" \/>\n<meta property=\"og:url\" content=\"https:\/\/zecovalve.com\/fr\/produit\/1-inch-motorized-ball-valve\" \/>\n<meta property=\"og:site_name\" content=\"ZECO Valve\" \/>\n<meta property=\"article:modified_time\" content=\"2022-09-07T06:45:02+00:00\" \/>\n<meta property=\"og:image\" content=\"https:\/\/zecovalve.com\/wp-content\/uploads\/2022\/09\/1-inch-motorized-ball-valve-scaled.jpg\" \/>\n\t<meta property=\"og:image:width\" content=\"2245\" \/>\n\t<meta property=\"og:image:height\" content=\"2560\" \/>\n<meta name=\"twitter:card\" content=\"summary_large_image\" \/>\n<meta name=\"twitter:label1\" content=\"\u00c9crit par\">\n\t<meta name=\"twitter:data1\" content=\"Jerry\">\n\t<meta name=\"twitter:label2\" content=\"Dur\u00e9e de lecture estim\u00e9e\">\n\t<meta name=\"twitter:data2\" content=\"2 minutes\">\n<script type=\"application\/ld+json\" class=\"yoast-schema-graph\">{\"@context\":\"https:\/\/schema.org\",\"@graph\":[{\"@type\":\"WebSite\",\"@id\":\"https:\/\/zecovalve.com\/#website\",\"url\":\"https:\/\/zecovalve.com\/\",\"name\":\"ZECO Valve\",\"description\":\"Industrial Ball Valve, Gate Valve and Globe Valve Manufacturer\",\"potentialAction\":[{\"@type\":\"SearchAction\",\"target\":\"https:\/\/zecovalve.com\/?s={search_term_string}\",\"query-input\":\"required name=search_term_string\"}],\"inLanguage\":\"fr-FR\"},{\"@type\":\"ImageObject\",\"@id\":\"https:\/\/zecovalve.com\/product\/1-inch-motorized-ball-valve#primaryimage\",\"inLanguage\":\"fr-FR\",\"url\":\"https:\/\/zecovalve.com\/wp-content\/uploads\/2022\/09\/1-inch-motorized-ball-valve-scaled.jpg\",\"width\":2245,\"height\":2560},{\"@type\":\"WebPage\",\"@id\":\"https:\/\/zecovalve.com\/product\/1-inch-motorized-ball-valve#webpage\",\"url\":\"https:\/\/zecovalve.com\/product\/1-inch-motorized-ball-valve\",\"name\":\"1 Inch Motorized Ball Valve - Electric Ball Valve Manufacturer | ZECO Valve\",\"isPartOf\":{\"@id\":\"https:\/\/zecovalve.com\/#website\"},\"primaryImageOfPage\":{\"@id\":\"https:\/\/zecovalve.com\/product\/1-inch-motorized-ball-valve#primaryimage\"},\"datePublished\":\"2022-09-07T06:01:33+00:00\",\"dateModified\":\"2022-09-07T06:45:02+00:00\",\"breadcrumb\":{\"@id\":\"https:\/\/zecovalve.com\/product\/1-inch-motorized-ball-valve#breadcrumb\"},\"inLanguage\":\"fr-FR\",\"potentialAction\":[{\"@type\":\"ReadAction\",\"target\":[\"https:\/\/zecovalve.com\/product\/1-inch-motorized-ball-valve\"]}]},{\"@type\":\"BreadcrumbList\",\"@id\":\"https:\/\/zecovalve.com\/product\/1-inch-motorized-ball-valve#breadcrumb\",\"itemListElement\":[{\"@type\":\"ListItem\",\"position\":1,\"item\":{\"@type\":\"WebPage\",\"@id\":\"https:\/\/zecovalve.com\/\",\"url\":\"https:\/\/zecovalve.com\/\",\"name\":\"Home\"}},{\"@type\":\"ListItem\",\"position\":2,\"item\":{\"@type\":\"WebPage\",\"@id\":\"https:\/\/zecovalve.com\/product-category\",\"url\":\"https:\/\/zecovalve.com\/product-category\",\"name\":\"Industrial Valve Manufacturer | Water Valve Manufacturer\"}},{\"@type\":\"ListItem\",\"position\":3,\"item\":{\"@type\":\"WebPage\",\"@id\":\"https:\/\/zecovalve.com\/product\/1-inch-motorized-ball-valve\",\"url\":\"https:\/\/zecovalve.com\/product\/1-inch-motorized-ball-valve\",\"name\":\"1 Inch Motorized Ball Valve\"}}]}]}<\/script>\n<!-- \/ Yoast SEO Premium plugin. -->","_links":{"self":[{"href":"https:\/\/zecovalve.com\/fr\/wp-json\/wp\/v2\/product\/27080","targetHints":{"allow":["GET"]}}],"collection":[{"href":"https:\/\/zecovalve.com\/fr\/wp-json\/wp\/v2\/product"}],"about":[{"href":"https:\/\/zecovalve.com\/fr\/wp-json\/wp\/v2\/types\/product"}],"replies":[{"embeddable":true,"href":"https:\/\/zecovalve.com\/fr\/wp-json\/wp\/v2\/comments?post=27080"}],"wp:featuredmedia":[{"embeddable":true,"href":"https:\/\/zecovalve.com\/fr\/wp-json\/wp\/v2\/media\/27081"}],"wp:attachment":[{"href":"https:\/\/zecovalve.com\/fr\/wp-json\/wp\/v2\/media?parent=27080"}],"wp:term":[{"taxonomy":"product_cat","embeddable":true,"href":"https:\/\/zecovalve.com\/fr\/wp-json\/wp\/v2\/product_cat?post=27080"},{"taxonomy":"product_tag","embeddable":true,"href":"https:\/\/zecovalve.com\/fr\/wp-json\/wp\/v2\/product_tag?post=27080"}],"curies":[{"name":"wp","href":"https:\/\/api.w.org\/{rel}","templated":true}]}}