{"id":27268,"date":"2022-10-24T03:08:15","date_gmt":"2022-10-24T03:08:15","guid":{"rendered":"https:\/\/zecovalve.com\/?post_type=product&#038;p=27268"},"modified":"2023-06-17T02:45:07","modified_gmt":"2023-06-17T02:45:07","slug":"axial-check-valve","status":"publish","type":"product","link":"https:\/\/zecovalve.com\/fr\/produit\/axial-check-valve","title":{"rendered":"Clapet anti-retour axial"},"content":{"rendered":"<figure class=\"wp-block-image size-full is-resized\">\r\n<figure id=\"attachment_27935\" aria-describedby=\"caption-attachment-27935\" style=\"width: 290px\" class=\"wp-caption alignnone\"><img loading=\"lazy\" decoding=\"async\" class=\"wp-image-27935 size-medium\" src=\"https:\/\/zecovalve.com\/wp-content\/uploads\/2022\/10\/Axial-Check-Valve-2-300x225.jpg\" alt=\"Clapet anti-retour axial\" width=\"300\" height=\"225\" srcset=\"https:\/\/zecovalve.com\/wp-content\/uploads\/2022\/10\/Axial-Check-Valve-2-300x225.jpg 300w, https:\/\/zecovalve.com\/wp-content\/uploads\/2022\/10\/Axial-Check-Valve-2-768x576.jpg 768w, https:\/\/zecovalve.com\/wp-content\/uploads\/2022\/10\/Axial-Check-Valve-2-600x450.jpg 600w, https:\/\/zecovalve.com\/wp-content\/uploads\/2022\/10\/Axial-Check-Valve-2.jpg 800w\" sizes=\"auto, (max-width: 300px) 100vw, 300px\" \/><figcaption id=\"caption-attachment-27935\" class=\"wp-caption-text\">Clapet anti-retour axial<\/figcaption><\/figure>\r\n<\/figure>\r\n\r\n\r\n<div class=\"gb-button-wrapper gb-button-wrapper-6d8495a3\">\r\n\r\n\r\n<p><a class=\"gb-button gb-button-3d442e11 gb-button-text\" href=\"mailto:commercial@zecovalve.com\" target=\"_blank\" rel=\"noopener noreferrer\"><strong>OBTENIR LE PRIX DU CLAPET ANTI-RETOUR AXIAL<\/strong><\/a><\/p>\r\n<\/div>\r\n\r\n\r\n\r\n\r\n<h2 class=\"wp-block-heading\" id=\"h-what-is-an-axial-flow-in-the-check-valve\">Qu&#039;est-ce qu&#039;un flux axial dans le clapet anti-retour\u00a0?<\/h2>\r\n\r\n\r\n\r\n<p>Le flux axial dans le clapet anti-retour signifie le fluide ou le gaz circulant parall\u00e8lement \u00e0 l&#039;axe. Il s&#039;agit d&#039;une conception de structure de navette \u00e0 flux axial, et l&#039;ensemble disque avec ressort a des fonctions d&#039;amortissement et anti-vibration. Lorsque le fluide s&#039;\u00e9coule en aval, il pousse le disque et le fluide \u00e0 travers le corps via une circulation de canal \u00e0 \u00e9coulement axial. Et le ressort a ici un effet d&#039;amortissement pour \u00e9viter les vibrations d&#039;impact entre le disque et le corps lorsqu&#039;un clapet anti-retour standard s&#039;ouvre. Lorsque le fluide s&#039;\u00e9coule dans le sens oppos\u00e9, le disque se ferme tr\u00e8s rapidement et le disque et le si\u00e8ge de soupape sont bien ajust\u00e9s pour couper le fluide dans le sens d&#039;\u00e9coulement inverse.<\/p>\r\n\r\n\r\n\r\n<p>Les clapets anti-retour \u00e0 d\u00e9bit axial ont une r\u00e9ponse rapide et un probl\u00e8me silencieux sans claquement contre les coups de b\u00e9lier ou les dommages caus\u00e9s par les coups de b\u00e9lier et sont particuli\u00e8rement con\u00e7us pour les syst\u00e8mes \u00e0 inversion rapide o\u00f9 le reflux est une crise r\u00e9guli\u00e8re.<\/p>\r\n\r\n\r\n\r\n<h2 class=\"wp-block-heading\">Qu&#039;est-ce qu&#039;un clapet anti-retour \u00e0 d\u00e9bit axial\u00a0?<\/h2>\r\n\r\n\r\n\r\n<p>Un clapet anti-retour \u00e0 d\u00e9bit axial est une sorte de clapet anti-retour silencieux. Le clapet anti-retour est entra\u00een\u00e9 par le fluide lui-m\u00eame et ouvre et ferme automatiquement le disque du clapet. G\u00e9n\u00e9ralement, il est utilis\u00e9 pour emp\u00eacher le reflux de fluide ou de gaz. Un clapet anti-retour de d\u00e9bit peut \u00eatre appel\u00e9 clapet unidirectionnel, clapet anti-retour, clapet anti-retour, clapet anti-retour et clapet anti-retour. Un clapet anti-retour \u00e0 d\u00e9bit axial est une vanne industrielle populaire depuis 2008. Ce clapet a la fonction de clapet anti-retour g\u00e9n\u00e9ral et est con\u00e7u avec un ressort amortisseur, un si\u00e8ge m\u00e9tallique combin\u00e9 et une structure de si\u00e8ge souple, facile \u00e0 utiliser pour l&#039;utilisateur final. entretien sur place.<\/p>\r\n\r\n\r\n\r\n<p>Le clapet anti-retour \u00e0 d\u00e9bit axial adopte une structure d&#039;\u00e9tanch\u00e9it\u00e9 particuli\u00e8re. Que la pression en aval soit \u00e9lev\u00e9e ou basse, la vanne est ferm\u00e9e herm\u00e9tiquement en permanence et offre d&#039;excellentes performances d&#039;arr\u00eat. Il surmonte l&#039;inconv\u00e9nient du manque de performances d&#039;arr\u00eat du clapet anti-retour g\u00e9n\u00e9ral \u00e0 faible contre-pression. ZECO Valve a produit un clapet anti-retour \u00e0 flux axial dot\u00e9 d&#039;une structure de navette \u00e0 flux axial unique. Elle pr\u00e9sente les avantages d&#039;une faible r\u00e9sistance \u00e0 l&#039;\u00e9coulement, d&#039;un coefficient d&#039;\u00e9coulement important, d&#039;une conception compacte, etc. C&#039;est la meilleure vanne pour les syst\u00e8mes de pipelines de collecte et de transmission de p\u00e9trole et de gaz, en particulier pour la sortie des pompes de transmission de p\u00e9trole.<\/p>\r\n\r\n\r\n\r\n<h2 class=\"wp-block-heading\">Sp\u00e9cifications du clapet anti-retour \u00e0 d\u00e9bit axial<\/h2>\r\n\r\n\r\n\r\n<ul class=\"wp-block-list\">\r\n<li>CONCEPTION DE LA SOUPAPE\r\n<ul>\r\n<li>bas\u00e9 sur l&#039;API 6D et les exigences du client<\/li>\r\n<\/ul>\r\n<\/li>\r\n<li>\u00c9CART DE TEMP\u00c9RATURE\r\n<ul>\r\n<li>-150 \u00e0 662\u00b0F (-101 \u00e0 350\u00b0C)<\/li>\r\n<\/ul>\r\n<\/li>\r\n<li>TAILLE\r\n<ul>\r\n<li>NPS 2 \u2013 56 (DN 50-1\u00a0400)<\/li>\r\n<\/ul>\r\n<\/li>\r\n<li>NOTE DE PRESSION\r\n<ul>\r\n<li>ASME 150 \u2013 ASME 2500<\/li>\r\n<\/ul>\r\n<\/li>\r\n<li>FACE \u00c0 FACE\r\n<ul>\r\n<li>Selon la norme API 6D<\/li>\r\n<\/ul>\r\n<\/li>\r\n<li>CONNEXIONS D&#039;EXTR\u00c9MIT\u00c9\r\n<ul>\r\n<li>RF, RTJ selon B16.5 et B16.47<\/li>\r\n<li>BW, soud\u00e9 bout \u00e0 bout selon B16.25<\/li>\r\n<\/ul>\r\n<\/li>\r\n<li>CONCEPTION DU CORPS\r\n<ul>\r\n<li>Couler une pi\u00e8ce \/ boulonner deux pi\u00e8ces pour une taille &gt; 20 pouces.<\/li>\r\n<li>Forg\u00e9 boulonn\u00e9 monobloc\/trois pi\u00e8ces<\/li>\r\n<\/ul>\r\n<\/li>\r\n<li>CONCEPTION DU SI\u00c8GE\r\n<ul>\r\n<li>Si\u00e8ge m\u00e9tallique avec rev\u00eatement dur sur le disque et le si\u00e8ge<\/li>\r\n<\/ul>\r\n<\/li>\r\n<\/ul>\r\n\r\n\r\n\r\n<h2 class=\"wp-block-heading\">Comment les clapets anti-retour axiaux sont-ils utilis\u00e9s\u00a0?<\/h2>\r\n\r\n\r\n\r\n<p>Les clapets anti-retour axiaux sont sp\u00e9cialement con\u00e7us pour les syst\u00e8mes \u00e0 inversion rapide o\u00f9 le refoulement est une pr\u00e9occupation constante. Il est class\u00e9 comme clapet anti-retour sans claquement, car la vanne se ferme sans claquement, ce qui signifie qu&#039;aucun pic de pression excessive n&#039;est cr\u00e9\u00e9. La plupart des clapets anti-retour \u00e0 d\u00e9bit axial sont \u00e0 ressort, avec un seul disque de faible masse, ce qui facilite une r\u00e9ponse rapide et dynamique \u00e0 une r\u00e9duction de d\u00e9bit. Gr\u00e2ce \u00e0 un seul disque et un seul ressort lors de l&#039;ouverture du disque, la force est \u00e9quilibr\u00e9e, ce qui entra\u00eene un d\u00e9bit uniforme.<\/p>\r\n\r\n\r\n\r\n<h2 class=\"wp-block-heading\">Caract\u00e9ristiques des clapets anti-retour axiaux<\/h2>\r\n\r\n\r\n\r\n<ul class=\"wp-block-list\">\r\n<li>\u00c9coulement axial\r\n<ul>\r\n<li>Le chemin d&#039;\u00e9coulement rationalis\u00e9 \u00e0 travers le corps \u00e9largi \u00e0 orifice complet \u00e9vite les turbulences et pr\u00e9vient l&#039;\u00e9rosion et les vibrations. Les temps d\u2019arr\u00eat des processus et les co\u00fbts de maintenance sont \u00e9limin\u00e9s.<\/li>\r\n<\/ul>\r\n<\/li>\r\n<li>Faible perte de pression\r\n<ul>\r\n<li>Le passage d&#039;\u00e9coulement \u00e0 ouverture totale et la r\u00e9cup\u00e9ration haute pression du corps en forme de venturi entra\u00eenent une tr\u00e8s faible perte de pression et une r\u00e9duction des co\u00fbts d&#039;exploitation des pompes et des compresseurs.<\/li>\r\n<\/ul>\r\n<\/li>\r\n<li>Fermeture \u00e9tanche\r\n<ul>\r\n<li>L&#039;\u00e9tanch\u00e9it\u00e9 est obtenue gr\u00e2ce \u00e0 une \u00e9tanch\u00e9it\u00e9 m\u00e9tal sur m\u00e9tal entre le disque et le si\u00e8ge. Cette \u00e9tanch\u00e9it\u00e9 n&#039;est pas affect\u00e9e par l&#039;\u00e9rosion et la d\u00e9formation du mat\u00e9riau (comme avec un joint souple).<\/li>\r\n<\/ul>\r\n<\/li>\r\n<li>Faible pression de fissuration\r\n<ul>\r\n<li>La stabilit\u00e9 d\u2019un syst\u00e8me de compresseur au d\u00e9marrage b\u00e9n\u00e9ficie d\u2019une faible pression de craquage. Ceci est obtenu gr\u00e2ce \u00e0 un grand disque pr\u00e9sentant des zones de pression effectives identiques des deux c\u00f4t\u00e9s (\u00e9tanch\u00e9it\u00e9 par contact de ligne).<\/li>\r\n<\/ul>\r\n<\/li>\r\n<li>Ouverture facile et fonctionnement stable\r\n<ul>\r\n<li>La faible pression statique dans la zone du col en forme de venturi cr\u00e9e une diff\u00e9rence de pression sur le disque, ce qui facilite son ouverture. Le clapet anti-retour axial r\u00e9agit en douceur aux changements de d\u00e9bit et reste stable lorsqu&#039;il est cens\u00e9 l&#039;\u00eatre.<\/li>\r\n<\/ul>\r\n<\/li>\r\n<li>Fonctionnement sans claquement\r\n<ul>\r\n<li>La conception assist\u00e9e par ressort garantit une fermeture ultra-rapide avec pratiquement aucun reflux ni coups de b\u00e9lier dans les applications critiques telles que les syst\u00e8mes multi-pompes ou les trains de GNL.<\/li>\r\n<\/ul>\r\n<\/li>\r\n<li>Sans entretien\r\n<ul>\r\n<li>La construction interne est bas\u00e9e sur l\u2019application de principes de base solides en mati\u00e8re d\u2019ing\u00e9nierie m\u00e9canique. Par cons\u00e9quent, les clapets anti-retour axiaux ZECO ne n\u00e9cessitent aucun entretien.<\/li>\r\n<\/ul>\r\n<\/li>\r\n<li>Pr\u00e9diction fiable des performances\r\n<ul>\r\n<li>La chute de pression et le comportement dynamique peuvent \u00eatre pr\u00e9dits avec une grande pr\u00e9cision, sur la base de tests de d\u00e9bit en laboratoire \u00e0 grande \u00e9chelle et d&#039;un mod\u00e8le math\u00e9matique d\u00e9velopp\u00e9 en coop\u00e9ration avec un laboratoire d&#039;hydraulique des fluides reconnu.<\/li>\r\n<\/ul>\r\n<\/li>\r\n<\/ul>","protected":false},"excerpt":{"rendered":"<p>Qu&#039;est-ce qu&#039;un flux axial dans le clapet anti-retour\u00a0? L&#039;\u00e9coulement axial dans le clapet anti-retour signifie que le fluide ou le gaz s&#039;\u00e9coule parall\u00e8lement\u2026 <a title=\"Clapet anti-retour axial\" class=\"read-more\" href=\"https:\/\/zecovalve.com\/fr\/produit\/axial-check-valve\" aria-label=\"Plus sur Axial Check Valve\">Lire plus<\/a><\/p>","protected":false},"featured_media":27935,"comment_status":"closed","ping_status":"closed","template":"","meta":{"_generate-full-width-content":"","kt_blocks_editor_width":""},"product_cat":[2455],"product_tag":[2657,2661],"class_list":["post-27268","product","type-product","status-publish","has-post-thumbnail","hentry","product_cat-check-valve","product_tag-non-return-valve","product_tag-nrv-valve","sales-flash-overlay","woocommerce-text-align-center","woocommerce-image-align-center","do-quantity-buttons"],"featured_image_src_large":["https:\/\/zecovalve.com\/wp-content\/uploads\/2022\/10\/Axial-Check-Valve-2.jpg",800,600,false],"author_info":[],"comment_info":0,"taxonomy_info":{"product_cat":[{"value":2455,"label":"Check Valve"}],"product_tag":[{"value":2657,"label":"Non Return Valve"},{"value":2661,"label":"NRV Valve"}]},"yoast_head":"<!-- This site is optimized with the Yoast SEO Premium plugin v15.4 - https:\/\/yoast.com\/wordpress\/plugins\/seo\/ -->\n<title>Axial Check Valve - Axial Check Valve Factory | ZECO Valve<\/title>\n<meta name=\"robots\" content=\"index, follow, max-snippet:-1, max-image-preview:large, max-video-preview:-1\" \/>\n<link rel=\"canonical\" href=\"https:\/\/zecovalve.com\/fr\/produit\/axial-check-valve\" \/>\n<meta property=\"og:locale\" content=\"fr_FR\" \/>\n<meta property=\"og:type\" content=\"article\" \/>\n<meta property=\"og:title\" content=\"Axial Check Valve - Axial Check Valve Factory | ZECO Valve\" \/>\n<meta property=\"og:description\" content=\"What is an Axial Flow in the Check Valve? Axial flow in the check valve means the fluid or gas flowing parallel ... Lire plus\" \/>\n<meta property=\"og:url\" content=\"https:\/\/zecovalve.com\/fr\/produit\/axial-check-valve\" \/>\n<meta property=\"og:site_name\" content=\"ZECO Valve\" \/>\n<meta property=\"article:modified_time\" content=\"2023-06-17T02:45:07+00:00\" \/>\n<meta property=\"og:image\" content=\"https:\/\/zecovalve.com\/wp-content\/uploads\/2022\/10\/Axial-Check-Valve-2.jpg\" \/>\n\t<meta property=\"og:image:width\" content=\"800\" \/>\n\t<meta property=\"og:image:height\" content=\"600\" \/>\n<meta name=\"twitter:card\" content=\"summary_large_image\" \/>\n<meta name=\"twitter:label1\" content=\"\u00c9crit par\">\n\t<meta name=\"twitter:data1\" content=\"Jerry\">\n\t<meta name=\"twitter:label2\" content=\"Dur\u00e9e de lecture estim\u00e9e\">\n\t<meta name=\"twitter:data2\" content=\"3 minutes\">\n<script type=\"application\/ld+json\" class=\"yoast-schema-graph\">{\"@context\":\"https:\/\/schema.org\",\"@graph\":[{\"@type\":\"WebSite\",\"@id\":\"https:\/\/zecovalve.com\/#website\",\"url\":\"https:\/\/zecovalve.com\/\",\"name\":\"ZECO Valve\",\"description\":\"Industrial Ball Valve, Gate Valve and Globe Valve Manufacturer\",\"potentialAction\":[{\"@type\":\"SearchAction\",\"target\":\"https:\/\/zecovalve.com\/?s={search_term_string}\",\"query-input\":\"required name=search_term_string\"}],\"inLanguage\":\"fr-FR\"},{\"@type\":\"ImageObject\",\"@id\":\"https:\/\/zecovalve.com\/product\/axial-check-valve#primaryimage\",\"inLanguage\":\"fr-FR\",\"url\":\"https:\/\/zecovalve.com\/wp-content\/uploads\/2022\/10\/Axial-Check-Valve-2.jpg\",\"width\":800,\"height\":600,\"caption\":\"Axial Check Valve\"},{\"@type\":\"WebPage\",\"@id\":\"https:\/\/zecovalve.com\/product\/axial-check-valve#webpage\",\"url\":\"https:\/\/zecovalve.com\/product\/axial-check-valve\",\"name\":\"Axial Check Valve - Axial Check Valve Factory | ZECO Valve\",\"isPartOf\":{\"@id\":\"https:\/\/zecovalve.com\/#website\"},\"primaryImageOfPage\":{\"@id\":\"https:\/\/zecovalve.com\/product\/axial-check-valve#primaryimage\"},\"datePublished\":\"2022-10-24T03:08:15+00:00\",\"dateModified\":\"2023-06-17T02:45:07+00:00\",\"breadcrumb\":{\"@id\":\"https:\/\/zecovalve.com\/product\/axial-check-valve#breadcrumb\"},\"inLanguage\":\"fr-FR\",\"potentialAction\":[{\"@type\":\"ReadAction\",\"target\":[\"https:\/\/zecovalve.com\/product\/axial-check-valve\"]}]},{\"@type\":\"BreadcrumbList\",\"@id\":\"https:\/\/zecovalve.com\/product\/axial-check-valve#breadcrumb\",\"itemListElement\":[{\"@type\":\"ListItem\",\"position\":1,\"item\":{\"@type\":\"WebPage\",\"@id\":\"https:\/\/zecovalve.com\/\",\"url\":\"https:\/\/zecovalve.com\/\",\"name\":\"Home\"}},{\"@type\":\"ListItem\",\"position\":2,\"item\":{\"@type\":\"WebPage\",\"@id\":\"https:\/\/zecovalve.com\/product-category\",\"url\":\"https:\/\/zecovalve.com\/product-category\",\"name\":\"Industrial Valve Manufacturer | Water Valve Manufacturer\"}},{\"@type\":\"ListItem\",\"position\":3,\"item\":{\"@type\":\"WebPage\",\"@id\":\"https:\/\/zecovalve.com\/product\/axial-check-valve\",\"url\":\"https:\/\/zecovalve.com\/product\/axial-check-valve\",\"name\":\"Axial Check Valve\"}}]}]}<\/script>\n<!-- \/ Yoast SEO Premium plugin. -->","_links":{"self":[{"href":"https:\/\/zecovalve.com\/fr\/wp-json\/wp\/v2\/product\/27268","targetHints":{"allow":["GET"]}}],"collection":[{"href":"https:\/\/zecovalve.com\/fr\/wp-json\/wp\/v2\/product"}],"about":[{"href":"https:\/\/zecovalve.com\/fr\/wp-json\/wp\/v2\/types\/product"}],"replies":[{"embeddable":true,"href":"https:\/\/zecovalve.com\/fr\/wp-json\/wp\/v2\/comments?post=27268"}],"wp:featuredmedia":[{"embeddable":true,"href":"https:\/\/zecovalve.com\/fr\/wp-json\/wp\/v2\/media\/27935"}],"wp:attachment":[{"href":"https:\/\/zecovalve.com\/fr\/wp-json\/wp\/v2\/media?parent=27268"}],"wp:term":[{"taxonomy":"product_cat","embeddable":true,"href":"https:\/\/zecovalve.com\/fr\/wp-json\/wp\/v2\/product_cat?post=27268"},{"taxonomy":"product_tag","embeddable":true,"href":"https:\/\/zecovalve.com\/fr\/wp-json\/wp\/v2\/product_tag?post=27268"}],"curies":[{"name":"wp","href":"https:\/\/api.w.org\/{rel}","templated":true}]}}