{"id":27296,"date":"2022-11-01T07:47:56","date_gmt":"2022-11-01T07:47:56","guid":{"rendered":"https:\/\/zecovalve.com\/?post_type=product&#038;p=27296"},"modified":"2023-03-30T08:21:06","modified_gmt":"2023-03-30T08:21:06","slug":"v-ball-valve","status":"publish","type":"product","link":"https:\/\/zecovalve.com\/fr\/produit\/v-ball-valve","title":{"rendered":"V Vanne \u00e0 bille"},"content":{"rendered":"<figure class=\"wp-block-image size-full is-resized\"><img loading=\"lazy\" decoding=\"async\" class=\"alignnone wp-image-27794 size-medium\" src=\"https:\/\/zecovalve.com\/wp-content\/uploads\/2022\/11\/V-Ball-Valve-1-300x225.jpg\" alt=\"\" width=\"300\" height=\"225\" srcset=\"https:\/\/zecovalve.com\/wp-content\/uploads\/2022\/11\/V-Ball-Valve-1-300x225.jpg 300w, https:\/\/zecovalve.com\/wp-content\/uploads\/2022\/11\/V-Ball-Valve-1-768x576.jpg 768w, https:\/\/zecovalve.com\/wp-content\/uploads\/2022\/11\/V-Ball-Valve-1-600x450.jpg 600w, https:\/\/zecovalve.com\/wp-content\/uploads\/2022\/11\/V-Ball-Valve-1.jpg 800w\" sizes=\"auto, (max-width: 300px) 100vw, 300px\" \/><\/figure>\r\n\r\n\r\n<div class=\"gb-button-wrapper gb-button-wrapper-6d8495a3\">\r\n\r\n\r\n<p><a class=\"gb-button gb-button-3d442e11 gb-button-text\" href=\"mailto:commercial@zecovalve.com\" target=\"_blank\" rel=\"noopener noreferrer\"><strong>OBTENIR LE PRIX D'UN ROBINET \u00c0 BOISSEAU SPH\u00c9RIQUE<\/strong><\/a><\/p>\r\n<\/div>\r\n\r\n\r\n\r\n\r\n<h2 class=\"wp-block-heading\" id=\"h-what-is-v-port-ball-valve\">Qu'est-ce qu'un robinet \u00e0 boisseau sph\u00e9rique \u00e0 orifice en V ?<\/h2>\r\n\r\n\r\n\r\n<p>Un robinet \u00e0 boisseau sph\u00e9rique \u00e0 orifice en V est un robinet de contr\u00f4le dot\u00e9 d'un joint ou d'un boisseau sph\u00e9rique en V. La forme en V permet un meilleur contr\u00f4le du fluide. La forme en \"v\" permet un meilleur contr\u00f4le des fluides. L'al\u00e9sage en V moul\u00e9 diff\u00e9rencie les vannes \u00e0 boisseau sph\u00e9rique \u00e0 orifice en V des autres types de vannes \u00e0 boisseau sph\u00e9rique. L'al\u00e9sage en V est disponible dans un angle de 15\u2070, 30\u2070, 45\u2070, 60\u2070 ou 90\u2070.<\/p>\r\n\r\n\r\n\r\n<p>Les vannes de contr\u00f4le \u00e0 bille \u00e0 orifice en V sont g\u00e9n\u00e9ralement pr\u00e9f\u00e9r\u00e9es pour le contr\u00f4le des fluides car elles produisent des caract\u00e9ristiques de d\u00e9bit lin\u00e9aires. Les caract\u00e9ristiques de d\u00e9bit d'un robinet \u00e0 boisseau sph\u00e9rique \u00e0 orifice en V sont diff\u00e9rentes de celles des robinets \u00e0 boisseau sph\u00e9rique \u00e0 orifice standard. Le d\u00e9bit de fluide \u00e0 travers une vanne \u00e0 bille \u00e0 orifice en V augmente lin\u00e9airement avec une augmentation de la rotation de l'arbre. Les vannes de contr\u00f4le \u00e0 bille en V sont tr\u00e8s r\u00e9sistantes pour supporter la vitesse \u00e9lev\u00e9e des fluides qui les traversent.<\/p>\r\n\r\n\r\n\r\n<h2 class=\"wp-block-heading\">Comment fonctionne un robinet \u00e0 bille en V ?<\/h2>\r\n\r\n\r\n\r\n<p>Lorsque les robinets \u00e0 tournant sph\u00e9rique en V sont en position ferm\u00e9e et que l'ouverture commence, c'est la petite extr\u00e9mit\u00e9 du \"v\" qui s'ouvre en premier. Cela permet un contr\u00f4le stable du d\u00e9bit pendant cette phase. La conception exige g\u00e9n\u00e9ralement une construction plus robuste, car les vitesses plus \u00e9lev\u00e9es des fluides pourraient endommager les vannes standard. Bien qu'il s'agisse d'une vanne de contr\u00f4le, les robinets \u00e0 boisseau sph\u00e9rique \u00e0 orifice en V ne sont pas consid\u00e9r\u00e9s comme aussi pr\u00e9cis qu'un robinet \u00e0 soupape, une vanne de r\u00e9gulation de pression, une vanne d'\u00e9quilibrage ou une vanne \u00e0 pointeau.<\/p>\r\n\r\n\r\n\r\n<h2 class=\"wp-block-heading\">Les robinets \u00e0 boisseau sph\u00e9rique en V sont-ils directionnels ?<\/h2>\r\n\r\n\r\n\r\n<p>La plupart des robinets \u00e0 tournant sph\u00e9rique sont bidirectionnels et comportent deux si\u00e8ges fixes ou flottants en amont et en aval du robinet.<\/p>\r\n\r\n\r\n\r\n<h2 class=\"wp-block-heading\">Avantages des robinets \u00e0 boisseau sph\u00e9rique en V<\/h2>\r\n\r\n\r\n\r\n<ul class=\"wp-block-list\">\r\n<li>Faible perte de charge\r\n<ul>\r\n<li>La conception de l'orifice en V permet au mat\u00e9riau de s'\u00e9couler directement \u00e0 travers la vanne, ce qui minimise la chute de pression \u00e0 travers la vanne. Les vannes \u00e0 bille en V ont \u00e9galement des coefficients de d\u00e9bit (Cv) plus \u00e9lev\u00e9s que d'autres types de vannes de contr\u00f4le de taille similaire ; cela signifie qu'une vanne \u00e0 bille en V plus petite peut \u00eatre utilis\u00e9e pour atteindre les m\u00eames d\u00e9bits qu'une vanne de contr\u00f4le comparable de taille plus importante.<\/li>\r\n<\/ul>\r\n<\/li>\r\n<li>Fermeture \u00e9tanche \u00e0 la bulle\r\n<ul>\r\n<li>Les robinets \u00e0 tournant sph\u00e9rique \u00e0 orifice en V utilisent le principe de la \"bille flottante\", qui assure une fermeture \u00e9tanche \u00e0 la bulle en plus du contr\u00f4le modulant du d\u00e9bit. Lorsque la vanne est ferm\u00e9e, la pression en amont pousse la bille contre le si\u00e8ge en aval, ce qui renforce l'\u00e9tanch\u00e9it\u00e9. Ces vannes peuvent contr\u00f4ler ou arr\u00eater le d\u00e9bit bidirectionnel, ce qui s'av\u00e8re particuli\u00e8rement avantageux dans les applications gazi\u00e8res. Les vannes de contr\u00f4le comparables n\u00e9cessitent souvent des vannes d'arr\u00eat suppl\u00e9mentaires ; les vannes \u00e0 bille en V \u00e9liminent la n\u00e9cessit\u00e9 de ces vannes suppl\u00e9mentaires, ce qui permet \u00e0 l'utilisateur de r\u00e9aliser des \u00e9conomies et de r\u00e9duire le nombre total de composants dans le syst\u00e8me.<\/li>\r\n<\/ul>\r\n<\/li>\r\n<li>Contr\u00f4le pr\u00e9cis du d\u00e9bit\r\n<ul>\r\n<li>Les vannes \u00e0 bille en V usin\u00e9es avec pr\u00e9cision sont disponibles avec des ouvertures en V de 60\u00b0 et 90\u00b0 et offrent des caract\u00e9ristiques de d\u00e9bit \u00e0 pourcentage \u00e9gal. La rotation de la bille permet d'obtenir les d\u00e9bits souhait\u00e9s en positionnant la bille entre 0\u00b0 et 90\u00b0. Le temps de r\u00e9ponse est \u00e9galement am\u00e9lior\u00e9 gr\u00e2ce \u00e0 la possibilit\u00e9 d'utiliser des actionneurs plus petits avec ces vannes.<\/li>\r\n<\/ul>\r\n<\/li>\r\n<li>Pression d'arr\u00eat \u00e9lev\u00e9e\r\n<ul>\r\n<li>Les vannes \u00e0 boule en V se caract\u00e9risent par une rotation d'un quart de tour (90\u00b0) de la boule, ce qui leur permet de fonctionner et de se fermer \u00e0 des pressions de service beaucoup plus \u00e9lev\u00e9es. De ce fait, il est possible d'utiliser des actionneurs plus petits et \u00e0 couple plus faible, ce qui permet de r\u00e9aliser des \u00e9conomies et d'am\u00e9liorer l'efficacit\u00e9 de l'application de l'utilisateur.<\/li>\r\n<\/ul>\r\n<\/li>\r\n<\/ul>\r\n\r\n\r\n\r\n<h2 class=\"wp-block-heading\">Applications du robinet \u00e0 boisseau sph\u00e9rique \u00e0 encoche en V<\/h2>\r\n\r\n\r\n\r\n<p>D'une mani\u00e8re g\u00e9n\u00e9rale, les robinets \u00e0 tournant sph\u00e9rique sont utilis\u00e9s dans une vari\u00e9t\u00e9 d'applications et de march\u00e9s, tels que la transmission et le stockage, le traitement du gaz, l'industrie, et bien d'autres encore. Les robinets \u00e0 tournant sph\u00e9rique \u00e0 orifice en V sont couramment utilis\u00e9s dans le transfert d'acide, l'agriculture, les produits chimiques de blanchiment, le traitement de l'eau, la lixiviation d'acide, les produits pharmaceutiques, le traitement des d\u00e9chets et l'industrie alimentaire.<\/p>","protected":false},"excerpt":{"rendered":"<p>Qu&#039;est-ce que le robinet \u00e0 tournant sph\u00e9rique \u00e0 port V\u00a0? Une vanne \u00e0 bille \u00e0 port en V est une vanne de r\u00e9gulation avec un joint en forme de V ou une bille en forme de V. Le \u2026 <a title=\"V Vanne \u00e0 bille\" class=\"read-more\" href=\"https:\/\/zecovalve.com\/fr\/produit\/v-ball-valve\" aria-label=\"Plus sur V Ball Valve\">Lire plus<\/a><\/p>","protected":false},"featured_media":27794,"comment_status":"closed","ping_status":"closed","template":"","meta":{"_generate-full-width-content":"","kt_blocks_editor_width":""},"product_cat":[2047,2459],"product_tag":[3254,3244,2832],"class_list":["post-27296","product","type-product","status-publish","has-post-thumbnail","hentry","product_cat-ball-valve","product_cat-ball-valve-by-form","product_tag-ball-valve-stainless-steel","product_tag-stainless-ball-valve","product_tag-stainless-steel-ball-valve","sales-flash-overlay","woocommerce-text-align-center","woocommerce-image-align-center","do-quantity-buttons"],"featured_image_src_large":["https:\/\/zecovalve.com\/wp-content\/uploads\/2022\/11\/V-Ball-Valve-1.jpg",800,600,false],"author_info":[],"comment_info":0,"taxonomy_info":{"product_cat":[{"value":2047,"label":"Ball Valve"},{"value":2459,"label":"Ball Valve By Form"}],"product_tag":[{"value":3254,"label":"Ball Valve Stainless Steel"},{"value":3244,"label":"Stainless Ball Valve"},{"value":2832,"label":"Stainless Steel Ball Valve"}]},"yoast_head":"<!-- This site is optimized with the Yoast SEO Premium plugin v15.4 - https:\/\/yoast.com\/wordpress\/plugins\/seo\/ -->\n<title>V Ball Valve - V Notch Ball Valve Manufacturer | ZECO Valve<\/title>\n<meta name=\"robots\" content=\"index, follow, max-snippet:-1, max-image-preview:large, max-video-preview:-1\" \/>\n<link rel=\"canonical\" href=\"https:\/\/zecovalve.com\/fr\/produit\/v-ball-valve\" \/>\n<meta property=\"og:locale\" content=\"fr_FR\" \/>\n<meta property=\"og:type\" content=\"article\" \/>\n<meta property=\"og:title\" content=\"V Ball Valve - V Notch Ball Valve Manufacturer | ZECO Valve\" \/>\n<meta property=\"og:description\" content=\"What is V Port Ball Valve? A v-port ball valve is a control valve with a v-shaped seal or v-shaped ball. The ... Lire plus\" \/>\n<meta property=\"og:url\" content=\"https:\/\/zecovalve.com\/fr\/produit\/v-ball-valve\" \/>\n<meta property=\"og:site_name\" content=\"ZECO Valve\" \/>\n<meta property=\"article:modified_time\" content=\"2023-03-30T08:21:06+00:00\" \/>\n<meta property=\"og:image\" content=\"https:\/\/zecovalve.com\/wp-content\/uploads\/2022\/11\/V-Ball-Valve-1.jpg\" \/>\n\t<meta property=\"og:image:width\" content=\"800\" \/>\n\t<meta property=\"og:image:height\" content=\"600\" \/>\n<meta name=\"twitter:card\" content=\"summary_large_image\" \/>\n<meta name=\"twitter:label1\" content=\"\u00c9crit par\">\n\t<meta name=\"twitter:data1\" content=\"Jerry\">\n\t<meta name=\"twitter:label2\" content=\"Dur\u00e9e de lecture estim\u00e9e\">\n\t<meta name=\"twitter:data2\" content=\"2 minutes\">\n<script type=\"application\/ld+json\" class=\"yoast-schema-graph\">{\"@context\":\"https:\/\/schema.org\",\"@graph\":[{\"@type\":\"WebSite\",\"@id\":\"https:\/\/zecovalve.com\/#website\",\"url\":\"https:\/\/zecovalve.com\/\",\"name\":\"ZECO Valve\",\"description\":\"Industrial Ball Valve, Gate Valve and Globe Valve Manufacturer\",\"potentialAction\":[{\"@type\":\"SearchAction\",\"target\":\"https:\/\/zecovalve.com\/?s={search_term_string}\",\"query-input\":\"required name=search_term_string\"}],\"inLanguage\":\"fr-FR\"},{\"@type\":\"ImageObject\",\"@id\":\"https:\/\/zecovalve.com\/product\/v-ball-valve#primaryimage\",\"inLanguage\":\"fr-FR\",\"url\":\"https:\/\/zecovalve.com\/wp-content\/uploads\/2022\/11\/V-Ball-Valve-1.jpg\",\"width\":800,\"height\":600},{\"@type\":\"WebPage\",\"@id\":\"https:\/\/zecovalve.com\/product\/v-ball-valve#webpage\",\"url\":\"https:\/\/zecovalve.com\/product\/v-ball-valve\",\"name\":\"V Ball Valve - V Notch Ball Valve Manufacturer | ZECO Valve\",\"isPartOf\":{\"@id\":\"https:\/\/zecovalve.com\/#website\"},\"primaryImageOfPage\":{\"@id\":\"https:\/\/zecovalve.com\/product\/v-ball-valve#primaryimage\"},\"datePublished\":\"2022-11-01T07:47:56+00:00\",\"dateModified\":\"2023-03-30T08:21:06+00:00\",\"breadcrumb\":{\"@id\":\"https:\/\/zecovalve.com\/product\/v-ball-valve#breadcrumb\"},\"inLanguage\":\"fr-FR\",\"potentialAction\":[{\"@type\":\"ReadAction\",\"target\":[\"https:\/\/zecovalve.com\/product\/v-ball-valve\"]}]},{\"@type\":\"BreadcrumbList\",\"@id\":\"https:\/\/zecovalve.com\/product\/v-ball-valve#breadcrumb\",\"itemListElement\":[{\"@type\":\"ListItem\",\"position\":1,\"item\":{\"@type\":\"WebPage\",\"@id\":\"https:\/\/zecovalve.com\/\",\"url\":\"https:\/\/zecovalve.com\/\",\"name\":\"Home\"}},{\"@type\":\"ListItem\",\"position\":2,\"item\":{\"@type\":\"WebPage\",\"@id\":\"https:\/\/zecovalve.com\/product-category\",\"url\":\"https:\/\/zecovalve.com\/product-category\",\"name\":\"Industrial Valve Manufacturer | Water Valve Manufacturer\"}},{\"@type\":\"ListItem\",\"position\":3,\"item\":{\"@type\":\"WebPage\",\"@id\":\"https:\/\/zecovalve.com\/product\/v-ball-valve\",\"url\":\"https:\/\/zecovalve.com\/product\/v-ball-valve\",\"name\":\"V Ball Valve\"}}]}]}<\/script>\n<!-- \/ Yoast SEO Premium plugin. -->","_links":{"self":[{"href":"https:\/\/zecovalve.com\/fr\/wp-json\/wp\/v2\/product\/27296","targetHints":{"allow":["GET"]}}],"collection":[{"href":"https:\/\/zecovalve.com\/fr\/wp-json\/wp\/v2\/product"}],"about":[{"href":"https:\/\/zecovalve.com\/fr\/wp-json\/wp\/v2\/types\/product"}],"replies":[{"embeddable":true,"href":"https:\/\/zecovalve.com\/fr\/wp-json\/wp\/v2\/comments?post=27296"}],"wp:featuredmedia":[{"embeddable":true,"href":"https:\/\/zecovalve.com\/fr\/wp-json\/wp\/v2\/media\/27794"}],"wp:attachment":[{"href":"https:\/\/zecovalve.com\/fr\/wp-json\/wp\/v2\/media?parent=27296"}],"wp:term":[{"taxonomy":"product_cat","embeddable":true,"href":"https:\/\/zecovalve.com\/fr\/wp-json\/wp\/v2\/product_cat?post=27296"},{"taxonomy":"product_tag","embeddable":true,"href":"https:\/\/zecovalve.com\/fr\/wp-json\/wp\/v2\/product_tag?post=27296"}],"curies":[{"name":"wp","href":"https:\/\/api.w.org\/{rel}","templated":true}]}}