{"id":16012,"date":"2022-06-18T01:13:26","date_gmt":"2022-06-18T01:13:26","guid":{"rendered":"https:\/\/zecovalve.com\/?post_type=product&#038;p=16012"},"modified":"2023-06-15T13:55:53","modified_gmt":"2023-06-15T13:55:53","slug":"manual-globe-valve","status":"publish","type":"product","link":"https:\/\/zecovalve.com\/pt\/produto\/valvula-de-globo-manual","title":{"rendered":"V\u00e1lvula de globo manual"},"content":{"rendered":"<p>A ZECO Valve \u00e9 um fabricante de v\u00e1lvulas globo que oferece quatro tipos de v\u00e1lvulas globo. A nossa f\u00e1brica de v\u00e1lvulas na China produz v\u00e1lvulas de globo em a\u00e7o fundido para aplica\u00e7\u00f5es de baixa e alta press\u00e3o. A ZECO Valve tamb\u00e9m \u00e9 um fornecedor de v\u00e1lvulas globo de a\u00e7o forjado e v\u00e1lvulas globo seladas por fole.<\/p>\r\n\r\n\r\n\r\n<figure class=\"wp-block-image\">\r\n<p><img loading=\"lazy\" decoding=\"async\" class=\"wp-image-27902 size-medium\" src=\"https:\/\/zecovalve.com\/wp-content\/uploads\/2022\/06\/Manual-Globe-Valve-2-300x225.jpg\" alt=\"V\u00e1lvula de globo manual\" width=\"300\" height=\"225\" srcset=\"https:\/\/zecovalve.com\/wp-content\/uploads\/2022\/06\/Manual-Globe-Valve-2-300x225.jpg 300w, https:\/\/zecovalve.com\/wp-content\/uploads\/2022\/06\/Manual-Globe-Valve-2-768x576.jpg 768w, https:\/\/zecovalve.com\/wp-content\/uploads\/2022\/06\/Manual-Globe-Valve-2-600x450.jpg 600w, https:\/\/zecovalve.com\/wp-content\/uploads\/2022\/06\/Manual-Globe-Valve-2.jpg 800w\" sizes=\"auto, (max-width: 300px) 100vw, 300px\" \/><\/p>\r\n<\/figure>\r\n\r\n\r\n<div class=\"gb-button-wrapper gb-button-wrapper-6d8495a3\">\r\n\r\n\r\n<p><a class=\"gb-button gb-button-3d442e11 gb-button-text\" href=\"mailto:commercial@zecovalve.com\" target=\"_blank\" rel=\"noopener noreferrer\"><strong>OBTER PRE\u00c7O DA V\u00c1LVULA DE GLOBO MANUAL<\/strong><\/a><\/p>\r\n<\/div>\r\n\r\n\r\n\r\n\r\n<h2 class=\"wp-block-heading\" id=\"h-what-is-a-manual-globe-valve\">O que \u00e9 uma v\u00e1lvula de globo manual?<\/h2>\r\n\r\n\r\n\r\n<p>A v\u00e1lvula de globo manual ZECO utiliza uma estrutura de tipo de via. Para garantir a veda\u00e7\u00e3o do empanque da haste, utilize um empanque de grafite flex\u00edvel. Ao mesmo tempo, considerar que, sob as condi\u00e7\u00f5es de trabalho, a eros\u00e3o do fluido da cavidade e a conveni\u00eancia da embalagem de substitui\u00e7\u00e3o. Havia uma estrutura de veda\u00e7\u00e3o traseira no castelo, esta face de veda\u00e7\u00e3o para cima e a face de veda\u00e7\u00e3o da haste entram em contacto uma com a outra, para se certificar de que a haste est\u00e1 a vedar quando a porta da v\u00e1lvula est\u00e1 aberta. Uma vez que a v\u00e1lvula de globo manual ZECO ter\u00e1 requisitos de dire\u00e7\u00e3o do fluxo de acordo com a press\u00e3o, a v\u00e1lvula de globo tem de ser instalada de acordo com os requisitos de dire\u00e7\u00e3o do fluxo. A instala\u00e7\u00e3o \u00e9 a chave para decidir a vida \u00fatil da v\u00e1lvula. A instala\u00e7\u00e3o incorrecta da v\u00e1lvula de globo pode provocar uma degrada\u00e7\u00e3o significativa do desempenho, pelo que deve confirmar os seguintes pontos antes de instalar as v\u00e1lvulas. Verificar o sinal que indica a dire\u00e7\u00e3o do fluxo das v\u00e1lvulas de globo e instalar as v\u00e1lvulas de acordo com a dire\u00e7\u00e3o do fluxo.<\/p>\r\n\r\n\r\n\r\n<h2 class=\"wp-block-heading\">Como \u00e9 que uma v\u00e1lvula de globo funciona?<\/h2>\r\n\r\n\r\n\r\n<p>As torneiras de \u00e1gua s\u00e3o o melhor exemplo para mostrar como funcionam as v\u00e1lvulas de globo. Abrir a torneira significa levantar ou baixar a haste, consoante o modelo. A \u00e1gua sai ent\u00e3o da torneira. Quando virada para o outro sentido, ou seja, desligada, a porta levantada \u00e9 baixada ou a porta baixada \u00e9 levantada.<\/p>\r\n\r\n\r\n\r\n<p>O n\u00famero de voltas afecta o volume de \u00e1gua que sai da torneira. Do mesmo modo, ao controlar a roda da v\u00e1lvula, um determinado volume de g\u00e1s ou l\u00edquido passa atrav\u00e9s da v\u00e1lvula. Uma v\u00e1lvula de globo totalmente aberta significa que o caudal est\u00e1 no seu m\u00e1ximo. Por outro lado, uma v\u00e1lvula de globo totalmente fechada significa que a v\u00e1lvula est\u00e1 selada.<\/p>\r\n\r\n\r\n\r\n<h2 class=\"wp-block-heading\">Especifica\u00e7\u00f5es das v\u00e1lvulas de globo<\/h2>\r\n\r\n\r\n\r\n<figure class=\"wp-block-table is-style-stripes\">\r\n<table>\r\n<tbody>\r\n<tr>\r\n<td>Tamanho<\/td>\r\n<td>\u00bd\" at\u00e9 24\" (DN 15 at\u00e9 DN 600)<\/td>\r\n<\/tr>\r\n<tr>\r\n<td>Press\u00e3o nominal<\/td>\r\n<td>ASME 150# a 2500#<\/td>\r\n<\/tr>\r\n<tr>\r\n<td>Norma de conce\u00e7\u00e3o<\/td>\r\n<td>API 602, MESC SPE 77 \/ 103, BS 1873, DIN 3356, API 623<\/td>\r\n<\/tr>\r\n<tr>\r\n<td>Press\u00e3o \/ Temperatura nominal<\/td>\r\n<td>ASME B 16.34<\/td>\r\n<\/tr>\r\n<tr>\r\n<td>Teste (inspe\u00e7\u00e3o) Norma<\/td>\r\n<td>API 598, API 6D, MESC 77\/103, ISO 5208, ISO15848 -1&amp;2, BS 6364<\/td>\r\n<\/tr>\r\n<tr>\r\n<td>Pormenores da constru\u00e7\u00e3o<\/td>\r\n<td>castelo aparafusado \/ castelo com vedante de press\u00e3o, haste ascendente tipo OS e Y<\/td>\r\n<\/tr>\r\n<tr>\r\n<td>Liga\u00e7\u00e3o final<\/td>\r\n<td>Aparafusado, soldado por soquete, flangeado, extremidade do cubo, solda de topo<\/td>\r\n<\/tr>\r\n<tr>\r\n<td>Operador \/ Atuador<\/td>\r\n<td>Alavanca, engrenagem, atuador (pneum\u00e1tico, hidr\u00e1ulico, electro-hidr\u00e1ulico e motorizado el\u00e9trico)<\/td>\r\n<\/tr>\r\n<tr>\r\n<td>Tr\u00eas tipos diferentes de estrutura da tampa do compartimento do motor<\/td>\r\n<td>castelo aparafusado, vedante de press\u00e3o, vedante de fole<\/td>\r\n<\/tr>\r\n<\/tbody>\r\n<\/table>\r\n<\/figure>\r\n\r\n\r\n\r\n<h2 class=\"wp-block-heading\" id=\"h-features-of-manual-globe-valve\">Caracter\u00edsticas da v\u00e1lvula de globo manual:<\/h2>\r\n\r\n\r\n\r\n<ul class=\"wp-block-list\">\r\n<li>O disco da v\u00e1lvula de globo manual ZECO foi concebido para se auto-alinhar de modo a evitar a acumula\u00e7\u00e3o de part\u00edculas e impurezas no meio dentro do corpo;<\/li>\r\n<li>A sede integral e o disco de auto-alinhamento da v\u00e1lvula de globo manual ZECO garantem um fecho estanque e uma vida \u00fatil prolongada do vedante;<\/li>\r\n<li>Quando a v\u00e1lvula de globo ZECO \u00e9 aberta, o assento traseiro especialmente concebido impede que a humidade e as impurezas penetrem no empanque;<\/li>\r\n<li>A superf\u00edcie de veda\u00e7\u00e3o da v\u00e1lvula de globo manual ZECO pode ser feita de v\u00e1rios materiais de veda\u00e7\u00e3o r\u00edgidos para satisfazer os requisitos de condi\u00e7\u00f5es de trabalho especiais.<\/li>\r\n<\/ul>\r\n\r\n\r\n\r\n<h2 class=\"wp-block-heading\" id=\"h-material-of-manual-globe-valve\">Material da v\u00e1lvula de globo manual:<\/h2>\r\n\r\n\r\n\r\n<figure class=\"wp-block-table is-style-stripes\">\r\n<table>\r\n<tbody>\r\n<tr>\r\n<td>N\u00e3o<\/td>\r\n<td>Parte<\/td>\r\n<td>Material<\/td>\r\n<\/tr>\r\n<tr>\r\n<td>1<\/td>\r\n<td>Corpo<\/td>\r\n<td>ASTM A351 CF8M<\/td>\r\n<\/tr>\r\n<tr>\r\n<td>2<\/td>\r\n<td>Disco<\/td>\r\n<td>ASTM A182 F316<\/td>\r\n<\/tr>\r\n<tr>\r\n<td>3<\/td>\r\n<td>Caule<\/td>\r\n<td>ASTM A276 316<\/td>\r\n<\/tr>\r\n<tr>\r\n<td>4<\/td>\r\n<td>Junta da tampa do compartimento<\/td>\r\n<td>Grafite + SS316<\/td>\r\n<\/tr>\r\n<tr>\r\n<td>5<\/td>\r\n<td>Bon\u00e9<\/td>\r\n<td>ASTM A351 CF8M<\/td>\r\n<\/tr>\r\n<tr>\r\n<td>6<\/td>\r\n<td>Parafuso do castelo<\/td>\r\n<td>ASTM A193 B8M<\/td>\r\n<\/tr>\r\n<tr>\r\n<td>7<\/td>\r\n<td>Porca do castelo<\/td>\r\n<td>ASTM A194 8M<\/td>\r\n<\/tr>\r\n<tr>\r\n<td>8<\/td>\r\n<td>Enchimento da haste<\/td>\r\n<td>Grafite refor\u00e7ada<\/td>\r\n<\/tr>\r\n<tr>\r\n<td>9<\/td>\r\n<td>Gl\u00e2ndula<\/td>\r\n<td>ASTM A276 316<\/td>\r\n<\/tr>\r\n<tr>\r\n<td>10<\/td>\r\n<td>Parafuso de olho de gl\u00e2ndula<\/td>\r\n<td>ASTM A193 B8M<\/td>\r\n<\/tr>\r\n<tr>\r\n<td>11<\/td>\r\n<td>Porca da haste<\/td>\r\n<td>ASTM B148<\/td>\r\n<\/tr>\r\n<\/tbody>\r\n<\/table>\r\n<\/figure>\r\n\r\n\r\n\r\n<h2 class=\"wp-block-heading\">Fabricante de v\u00e1lvulas globo<\/h2>\r\n\r\n\r\n\r\n<p>Reputada como um dos principais fabricantes de v\u00e1lvulas globo, a ZECO Valve actua como uma entidade de primeira linha que satisfaz as necessidades de uma v\u00e1lvula globo funcional. As v\u00e1lvulas de globo ZECO s\u00e3o utilizadas em v\u00e1rios tipos de maquinaria e ind\u00fastrias, tais como condutas de vapor, de servi\u00e7o e de processamento. As v\u00e1lvulas de globo s\u00e3o amplamente utilizadas para o controlo de fluxo de fluxo \u00fanico e funcionam de forma eficiente para regular as instala\u00e7\u00f5es.<\/p>\r\n\r\n\r\n\r\n<h2 class=\"wp-block-heading\">Considera\u00e7\u00f5es sobre a compra de v\u00e1lvulas de globo<\/h2>\r\n\r\n\r\n\r\n<h3 class=\"wp-block-heading\">Limita\u00e7\u00f5es de tamanho da v\u00e1lvula<\/h3>\r\n\r\n\r\n\r\n<p>Existe uma limita\u00e7\u00e3o para o di\u00e2metro da v\u00e1lvula devido \u00e0 press\u00e3o interna do meio de fluxo. Os fabricantes de v\u00e1lvulas de globo limitam o tamanho \u00e0 Dimens\u00e3o Nominal do Tubo (NPS) 12 ou ao Di\u00e2metro Nominal (DN) 300. Para al\u00e9m destas gamas, quando sob press\u00e3o, as v\u00e1lvulas podem n\u00e3o abrir ou fechar facilmente.<\/p>\r\n\r\n\r\n\r\n<h3 class=\"wp-block-heading\">Guarni\u00e7\u00f5es de v\u00e1lvulas<\/h3>\r\n\r\n\r\n\r\n<p>Quando se lida com estrangulamento e alta press\u00e3o que ultrapassa os 200 psi, os internos da v\u00e1lvula tendem a falhar. Em situa\u00e7\u00f5es como esta, \u00e9 melhor solicitar um trim de v\u00e1lvula especializado.<\/p>\r\n\r\n\r\n\r\n<h3 class=\"wp-block-heading\">Classifica\u00e7\u00e3o P-T<\/h3>\r\n\r\n\r\n\r\n<p>A classifica\u00e7\u00e3o P-T refere-se \u00e0 classifica\u00e7\u00e3o da rela\u00e7\u00e3o mais elevada de press\u00e3o e temperatura que a v\u00e1lvula pode suportar em rela\u00e7\u00e3o ao material met\u00e1lico.<\/p>\r\n\r\n\r\n\r\n<p>Com o aumento da temperatura, a capacidade do corpo para suportar a press\u00e3o diminui. Al\u00e9m disso, o material e a conce\u00e7\u00e3o do assento determinam a classifica\u00e7\u00e3o geral.<\/p>\r\n\r\n\r\n\r\n<p>A maioria das empresas fabricantes de v\u00e1lvulas globo utiliza a classifica\u00e7\u00e3o geral ditada pela ANS, ou seja, a classifica\u00e7\u00e3o de press\u00e3o do corpo a 100\u00b0F.<\/p>\r\n\r\n\r\n\r\n<h3 class=\"wp-block-heading\">Tipo m\u00e9dio<\/h3>\r\n\r\n\r\n\r\n<p>O tipo de fluido \u00e9 uma das considera\u00e7\u00f5es mais importantes quando se compra uma v\u00e1lvula de globo. Existem muitos tipos de fluidos que podem ou n\u00e3o ser adequados para determinados modelos de v\u00e1lvulas.<\/p>\r\n\r\n\r\n\r\n<p>Por exemplo, as lamas n\u00e3o s\u00e3o um meio adequado, uma vez que s\u00e3o mais pesadas e cont\u00eam componentes maiores que podem ser deixados para tr\u00e1s. Estes, por sua vez, podem danificar os discos. Para al\u00e9m disso, este material viscoso pode criar uma enorme queda de press\u00e3o.<\/p>\r\n\r\n\r\n\r\n<h3 class=\"wp-block-heading\">Material<\/h3>\r\n\r\n\r\n\r\n<p>O meio que circula na v\u00e1lvula est\u00e1 relacionado com o material utilizado no fabrico da v\u00e1lvula. O material utilizado \u00e9 resistente \u00e0 corros\u00e3o? Qual \u00e9 o grau de concentra\u00e7\u00e3o do material de fluxo? Ser\u00e1 uma condi\u00e7\u00e3o de fluxo do meio? Ou vai impedir o fluxo do fluido? As respostas a estas perguntas afectam diretamente o tempo de vida \u00fatil da v\u00e1lvula.<\/p>\r\n\r\n\r\n\r\n<h3 class=\"wp-block-heading\">Conformidade com as normas do sector<\/h3>\r\n\r\n\r\n\r\n<p>Seguindo e cumprindo as normas da ind\u00fastria, mant\u00e9m a integridade da v\u00e1lvula, bem como fornece uma garantia de seguran\u00e7a.<\/p>\r\n\r\n\r\n\r\n<p>Estas incluem certifica\u00e7\u00f5es e normas dadas pelos seguintes organismos:<\/p>\r\n\r\n\r\n\r\n<p>A Sociedade Americana de Engenheiros Mec\u00e2nicos (ASME) O Instituto Americano do Petr\u00f3leo (API) A Sociedade de Normaliza\u00e7\u00e3o dos Fabricantes (MSS) de Acess\u00f3rios para V\u00e1lvulas<\/p>","protected":false},"excerpt":{"rendered":"<p>A ZECO Valve \u00e9 um fabricante de v\u00e1lvulas globo que oferece quatro tipos de v\u00e1lvulas globo. Nossa f\u00e1brica de v\u00e1lvulas na China produz a\u00e7o fundido\u2026 <a title=\"V\u00e1lvula de globo manual\" class=\"read-more\" href=\"https:\/\/zecovalve.com\/pt\/produto\/valvula-de-globo-manual\" aria-label=\"Mais em V\u00e1lvula Globo Manual\">Ler mais<\/a><\/p>","protected":false},"featured_media":27902,"comment_status":"closed","ping_status":"closed","template":"","meta":{"_generate-full-width-content":"","kt_blocks_editor_width":""},"product_cat":[2049],"product_tag":[],"class_list":["post-16012","product","type-product","status-publish","has-post-thumbnail","hentry","product_cat-globe-valve","sales-flash-overlay","woocommerce-text-align-center","woocommerce-image-align-center","do-quantity-buttons"],"featured_image_src_large":["https:\/\/zecovalve.com\/wp-content\/uploads\/2022\/06\/Manual-Globe-Valve-2.jpg",800,600,false],"author_info":[],"comment_info":0,"taxonomy_info":{"product_cat":[{"value":2049,"label":"Globe Valve"}]},"yoast_head":"<!-- This site is optimized with the Yoast SEO Premium plugin v15.4 - https:\/\/yoast.com\/wordpress\/plugins\/seo\/ -->\n<title>Globe Valve Manufacturer - Globe Valve Factory | Zeco Valve<\/title>\n<meta name=\"robots\" content=\"index, follow, max-snippet:-1, max-image-preview:large, max-video-preview:-1\" \/>\n<link rel=\"canonical\" href=\"https:\/\/zecovalve.com\/pt\/produto\/valvula-de-globo-manual\" \/>\n<meta property=\"og:locale\" content=\"pt_PT\" \/>\n<meta property=\"og:type\" content=\"article\" \/>\n<meta property=\"og:title\" content=\"Globe Valve Manufacturer - Globe Valve Factory | Zeco Valve\" \/>\n<meta property=\"og:description\" content=\"ZECO Valve is a globe valve manufacturer that offers four types of globe valves. Our valve factory in China produces cast steel ... Ler mais\" \/>\n<meta property=\"og:url\" content=\"https:\/\/zecovalve.com\/pt\/produto\/valvula-de-globo-manual\" \/>\n<meta property=\"og:site_name\" content=\"ZECO Valve\" \/>\n<meta property=\"article:modified_time\" content=\"2023-06-15T13:55:53+00:00\" \/>\n<meta property=\"og:image\" content=\"https:\/\/zecovalve.com\/wp-content\/uploads\/2022\/06\/Manual-Globe-Valve-2.jpg\" \/>\n\t<meta property=\"og:image:width\" content=\"800\" \/>\n\t<meta property=\"og:image:height\" content=\"600\" \/>\n<meta name=\"twitter:card\" content=\"summary_large_image\" \/>\n<meta name=\"twitter:label1\" content=\"Escrito por\">\n\t<meta name=\"twitter:data1\" content=\"ZECO Valve\">\n\t<meta name=\"twitter:label2\" content=\"Tempo estimado de leitura\">\n\t<meta name=\"twitter:data2\" content=\"4 minutos\">\n<script type=\"application\/ld+json\" class=\"yoast-schema-graph\">{\"@context\":\"https:\/\/schema.org\",\"@graph\":[{\"@type\":\"WebSite\",\"@id\":\"https:\/\/zecovalve.com\/#website\",\"url\":\"https:\/\/zecovalve.com\/\",\"name\":\"ZECO Valve\",\"description\":\"Industrial Ball Valve, Gate Valve and Globe Valve Manufacturer\",\"potentialAction\":[{\"@type\":\"SearchAction\",\"target\":\"https:\/\/zecovalve.com\/?s={search_term_string}\",\"query-input\":\"required name=search_term_string\"}],\"inLanguage\":\"pt-PT\"},{\"@type\":\"ImageObject\",\"@id\":\"https:\/\/zecovalve.com\/product\/manual-globe-valve#primaryimage\",\"inLanguage\":\"pt-PT\",\"url\":\"https:\/\/zecovalve.com\/wp-content\/uploads\/2022\/06\/Manual-Globe-Valve-2.jpg\",\"width\":800,\"height\":600,\"caption\":\"Manual Globe Valve\"},{\"@type\":\"WebPage\",\"@id\":\"https:\/\/zecovalve.com\/product\/manual-globe-valve#webpage\",\"url\":\"https:\/\/zecovalve.com\/product\/manual-globe-valve\",\"name\":\"Globe Valve Manufacturer - Globe Valve Factory | Zeco Valve\",\"isPartOf\":{\"@id\":\"https:\/\/zecovalve.com\/#website\"},\"primaryImageOfPage\":{\"@id\":\"https:\/\/zecovalve.com\/product\/manual-globe-valve#primaryimage\"},\"datePublished\":\"2022-06-18T01:13:26+00:00\",\"dateModified\":\"2023-06-15T13:55:53+00:00\",\"breadcrumb\":{\"@id\":\"https:\/\/zecovalve.com\/product\/manual-globe-valve#breadcrumb\"},\"inLanguage\":\"pt-PT\",\"potentialAction\":[{\"@type\":\"ReadAction\",\"target\":[\"https:\/\/zecovalve.com\/product\/manual-globe-valve\"]}]},{\"@type\":\"BreadcrumbList\",\"@id\":\"https:\/\/zecovalve.com\/product\/manual-globe-valve#breadcrumb\",\"itemListElement\":[{\"@type\":\"ListItem\",\"position\":1,\"item\":{\"@type\":\"WebPage\",\"@id\":\"https:\/\/zecovalve.com\/\",\"url\":\"https:\/\/zecovalve.com\/\",\"name\":\"Home\"}},{\"@type\":\"ListItem\",\"position\":2,\"item\":{\"@type\":\"WebPage\",\"@id\":\"https:\/\/zecovalve.com\/product-category\",\"url\":\"https:\/\/zecovalve.com\/product-category\",\"name\":\"Industrial Valve Manufacturer | Water Valve Manufacturer\"}},{\"@type\":\"ListItem\",\"position\":3,\"item\":{\"@type\":\"WebPage\",\"@id\":\"https:\/\/zecovalve.com\/product\/manual-globe-valve\",\"url\":\"https:\/\/zecovalve.com\/product\/manual-globe-valve\",\"name\":\"Manual Globe Valve\"}}]}]}<\/script>\n<!-- \/ Yoast SEO Premium plugin. -->","_links":{"self":[{"href":"https:\/\/zecovalve.com\/pt\/wp-json\/wp\/v2\/product\/16012","targetHints":{"allow":["GET"]}}],"collection":[{"href":"https:\/\/zecovalve.com\/pt\/wp-json\/wp\/v2\/product"}],"about":[{"href":"https:\/\/zecovalve.com\/pt\/wp-json\/wp\/v2\/types\/product"}],"replies":[{"embeddable":true,"href":"https:\/\/zecovalve.com\/pt\/wp-json\/wp\/v2\/comments?post=16012"}],"wp:featuredmedia":[{"embeddable":true,"href":"https:\/\/zecovalve.com\/pt\/wp-json\/wp\/v2\/media\/27902"}],"wp:attachment":[{"href":"https:\/\/zecovalve.com\/pt\/wp-json\/wp\/v2\/media?parent=16012"}],"wp:term":[{"taxonomy":"product_cat","embeddable":true,"href":"https:\/\/zecovalve.com\/pt\/wp-json\/wp\/v2\/product_cat?post=16012"},{"taxonomy":"product_tag","embeddable":true,"href":"https:\/\/zecovalve.com\/pt\/wp-json\/wp\/v2\/product_tag?post=16012"}],"curies":[{"name":"wp","href":"https:\/\/api.w.org\/{rel}","templated":true}]}}