{"id":16029,"date":"2022-06-18T07:56:02","date_gmt":"2022-06-18T07:56:02","guid":{"rendered":"https:\/\/zecovalve.com\/?post_type=product&#038;p=16029"},"modified":"2023-08-17T05:29:56","modified_gmt":"2023-08-17T05:29:56","slug":"pneumatic-ball-valve","status":"publish","type":"product","link":"https:\/\/zecovalve.com\/pt\/produto\/pneumatic-ball-valve","title":{"rendered":"V\u00e1lvula de esfera pneum\u00e1tica"},"content":{"rendered":"<p id=\"h-pneumatic-ball-valve\">As v\u00e1lvulas de macho esf\u00e9rico podem ser combinadas com um atuador pneum\u00e1tico (v\u00e1lvulas de macho esf\u00e9rico pneum\u00e1ticas) para automatiza\u00e7\u00e3o e\/ou para controlo \u00e0 dist\u00e2ncia.<\/p>\r\n\r\n\r\n\r\n\r\n\r\n<figure class=\"wp-block-image size-full is-resized\">\r\n<figure id=\"attachment_28083\" aria-describedby=\"caption-attachment-28083\" style=\"width: 290px\" class=\"wp-caption alignnone\"><img loading=\"lazy\" decoding=\"async\" class=\"wp-image-28083 size-medium\" src=\"https:\/\/zecovalve.com\/wp-content\/uploads\/2022\/06\/Pneumatic-Ball-Valve-3-300x225.jpg\" alt=\"V\u00e1lvula de esfera pneum\u00e1tica\" width=\"300\" height=\"225\" srcset=\"https:\/\/zecovalve.com\/wp-content\/uploads\/2022\/06\/Pneumatic-Ball-Valve-3-300x225.jpg 300w, https:\/\/zecovalve.com\/wp-content\/uploads\/2022\/06\/Pneumatic-Ball-Valve-3-768x576.jpg 768w, https:\/\/zecovalve.com\/wp-content\/uploads\/2022\/06\/Pneumatic-Ball-Valve-3-600x450.jpg 600w, https:\/\/zecovalve.com\/wp-content\/uploads\/2022\/06\/Pneumatic-Ball-Valve-3.jpg 800w\" sizes=\"auto, (max-width: 300px) 100vw, 300px\" \/><figcaption id=\"caption-attachment-28083\" class=\"wp-caption-text\">V\u00e1lvula de esfera pneum\u00e1tica<\/figcaption><\/figure>\r\n\r\n<\/figure>\r\n\r\n\r\n<div class=\"gb-button-wrapper gb-button-wrapper-6d8495a3\">\r\n\r\n\r\n<p><a class=\"gb-button gb-button-3d442e11 gb-button-text\" href=\"mailto:commercial@zecovalve.com\" target=\"_blank\" rel=\"noopener noreferrer\"><strong>OBTER PRE\u00c7O DE V\u00c1LVULA DE ESFERA PNEUM\u00c1TICA<\/strong><\/a><\/p>\r\n<\/div>\r\n\r\n\r\n\r\n\r\n<h2 class=\"wp-block-heading\" id=\"h-what-is-a-pneumatic-ball-valve\">O que \u00e9 uma v\u00e1lvula de esfera pneum\u00e1tica?<\/h2>\r\n\r\n\r\n\r\n<p>A v\u00e1lvula de esfera pneum\u00e1tica ZECO \u00e9 composta por um atuador pneum\u00e1tico e uma v\u00e1lvula de esfera. A vantagem da v\u00e1lvula de esfera pneum\u00e1tica \u00e9 a velocidade de comuta\u00e7\u00e3o r\u00e1pida, a velocidade de comuta\u00e7\u00e3o normal pode atingir 0,05 segundos\/tempo, tamb\u00e9m devido \u00e0 comuta\u00e7\u00e3o r\u00e1pida, a v\u00e1lvula de esfera pneum\u00e1tica ZECO \u00e9 frequentemente utilizada como uma v\u00e1lvula de corte r\u00e1pido na tubagem. Os dispositivos pneum\u00e1ticos est\u00e3o muitas vezes equipados com v\u00e1lvulas solen\u00f3ides, triplos de processamento da fonte de ar, interrutor de limite, posicionador e caixa de controlo, pelo que a v\u00e1lvula de macho esf\u00e9rico pneum\u00e1tica ZECO e a v\u00e1lvula de macho esf\u00e9rico el\u00e9ctrica tamb\u00e9m podem ser operadas \u00e0 dist\u00e2ncia.<\/p>\r\n\r\n\r\n\r\n<div class=\"wp-block-columns is-layout-flex wp-container-core-columns-is-layout-9d6595d7 wp-block-columns-is-layout-flex\">\r\n<div class=\"wp-block-column is-layout-flow wp-block-column-is-layout-flow\">\r\n<figure class=\"wp-block-image size-large is-resized\"><img loading=\"lazy\" decoding=\"async\" class=\"wp-image-18019\" src=\"https:\/\/zecovalve.com\/wp-content\/uploads\/2022\/07\/Pneumatic-ball-valve-1024x768.jpg\" alt=\"\" width=\"512\" height=\"384\" srcset=\"https:\/\/zecovalve.com\/wp-content\/uploads\/2022\/07\/Pneumatic-ball-valve-1024x768.jpg 1024w, https:\/\/zecovalve.com\/wp-content\/uploads\/2022\/07\/Pneumatic-ball-valve-300x225.jpg 300w, https:\/\/zecovalve.com\/wp-content\/uploads\/2022\/07\/Pneumatic-ball-valve-768x576.jpg 768w, https:\/\/zecovalve.com\/wp-content\/uploads\/2022\/07\/Pneumatic-ball-valve-1536x1152.jpg 1536w, https:\/\/zecovalve.com\/wp-content\/uploads\/2022\/07\/Pneumatic-ball-valve-2048x1536.jpg 2048w, https:\/\/zecovalve.com\/wp-content\/uploads\/2022\/07\/Pneumatic-ball-valve-600x450.jpg 600w\" sizes=\"auto, (max-width: 512px) 100vw, 512px\" \/><\/figure>\r\n<\/div>\r\n\r\n\r\n\r\n<div class=\"wp-block-column is-layout-flow wp-block-column-is-layout-flow\">\r\n<figure class=\"wp-block-image size-large is-resized\"><img loading=\"lazy\" decoding=\"async\" class=\"wp-image-18021\" src=\"https:\/\/zecovalve.com\/wp-content\/uploads\/2022\/07\/Pneumatic-ball-valve-2-1024x768.jpg\" alt=\"\" width=\"512\" height=\"384\" srcset=\"https:\/\/zecovalve.com\/wp-content\/uploads\/2022\/07\/Pneumatic-ball-valve-2-1024x768.jpg 1024w, https:\/\/zecovalve.com\/wp-content\/uploads\/2022\/07\/Pneumatic-ball-valve-2-300x225.jpg 300w, https:\/\/zecovalve.com\/wp-content\/uploads\/2022\/07\/Pneumatic-ball-valve-2-768x576.jpg 768w, https:\/\/zecovalve.com\/wp-content\/uploads\/2022\/07\/Pneumatic-ball-valve-2-1536x1152.jpg 1536w, https:\/\/zecovalve.com\/wp-content\/uploads\/2022\/07\/Pneumatic-ball-valve-2-2048x1536.jpg 2048w, https:\/\/zecovalve.com\/wp-content\/uploads\/2022\/07\/Pneumatic-ball-valve-2-600x450.jpg 600w\" sizes=\"auto, (max-width: 512px) 100vw, 512px\" \/><\/figure>\r\n<\/div>\r\n\r\n\r\n\r\n<div class=\"wp-block-column is-layout-flow wp-block-column-is-layout-flow\">\r\n<figure class=\"wp-block-image size-large is-resized\"><img loading=\"lazy\" decoding=\"async\" class=\"wp-image-18022\" src=\"https:\/\/zecovalve.com\/wp-content\/uploads\/2022\/07\/Pneumatic-ball-valve-3-1024x768.jpg\" alt=\"\" width=\"512\" height=\"384\" srcset=\"https:\/\/zecovalve.com\/wp-content\/uploads\/2022\/07\/Pneumatic-ball-valve-3-1024x768.jpg 1024w, https:\/\/zecovalve.com\/wp-content\/uploads\/2022\/07\/Pneumatic-ball-valve-3-300x225.jpg 300w, https:\/\/zecovalve.com\/wp-content\/uploads\/2022\/07\/Pneumatic-ball-valve-3-768x576.jpg 768w, https:\/\/zecovalve.com\/wp-content\/uploads\/2022\/07\/Pneumatic-ball-valve-3-1536x1152.jpg 1536w, https:\/\/zecovalve.com\/wp-content\/uploads\/2022\/07\/Pneumatic-ball-valve-3-2048x1536.jpg 2048w, https:\/\/zecovalve.com\/wp-content\/uploads\/2022\/07\/Pneumatic-ball-valve-3-600x450.jpg 600w\" sizes=\"auto, (max-width: 512px) 100vw, 512px\" \/><\/figure>\r\n<\/div>\r\n<\/div>\r\n\r\n\r\n\r\n<h2 class=\"wp-block-heading\" id=\"h-what-is-pneumatic-actuator\">O que \u00e9 um Atuador Pneum\u00e1tico?<\/h2>\r\n\r\n\r\n\r\n<p>Os actuadores pneum\u00e1ticos controlam as v\u00e1lvulas de esfera atrav\u00e9s da convers\u00e3o da energia do ar comprimido em movimento mec\u00e2nico. \u00c9 necess\u00e1rio um movimento mec\u00e2nico rotativo numa v\u00e1lvula de esfera para uma rota\u00e7\u00e3o de 90 graus. As v\u00e1lvulas de esfera com atuador pneum\u00e1tico podem ser de a\u00e7\u00e3o simples ou de a\u00e7\u00e3o dupla. Um atuador pneum\u00e1tico de a\u00e7\u00e3o simples utiliza uma \u00fanica entrada de ar comprimido para rodar a v\u00e1lvula e uma mola para fazer regressar a v\u00e1lvula \u00e0 posi\u00e7\u00e3o normal. Um atuador pneum\u00e1tico de duplo efeito tem duas entradas de ar comprimido para rodar a v\u00e1lvula e fazer com que a v\u00e1lvula regresse \u00e0 sua posi\u00e7\u00e3o original.<\/p>\r\n\r\n\r\n\r\n<h2 class=\"wp-block-heading\" id=\"h-how-does-a-pneumatic-ball-valve-work\">Como funciona uma v\u00e1lvula de esfera pneum\u00e1tica?<\/h2>\r\n\r\n\r\n\r\n<p>O mecanismo mais comum para um atuador pneum\u00e1tico para v\u00e1lvulas de esfera \u00e9 o mecanismo de cremalheira e pinh\u00e3o. Este compreende a cremalheira (uma engrenagem linear) e o pinh\u00e3o (uma engrenagem circular). A cremalheira est\u00e1 ligada a um pist\u00e3o que \u00e9 empurrado por ar comprimido para obter um movimento linear. Este movimento linear \u00e9 convertido em movimento circular pelo pinh\u00e3o. O pinh\u00e3o acciona a haste de uma v\u00e1lvula de esfera para as posi\u00e7\u00f5es de abertura e fecho.<br \/>Para controlar o atuador pneum\u00e1tico das v\u00e1lvulas de esfera, o ar comprimido \u00e9 regulado por v\u00e1lvulas solen\u00f3ides. Os sinais el\u00e9ctricos do controlador energizam a v\u00e1lvula solenoide para as posi\u00e7\u00f5es de abertura ou fecho, permitindo que o ar comprimido flua atrav\u00e9s de ambos os lados do pist\u00e3o do atuador pneum\u00e1tico. O pist\u00e3o empurra a cremalheira que faz rodar o pinh\u00e3o ligado \u00e0 haste da v\u00e1lvula de esfera.<\/p>\r\n\r\n\r\n\r\n<h2 class=\"wp-block-heading\" id=\"h-applications-of-pneumatic-ball-valves\">Aplica\u00e7\u00f5es das v\u00e1lvulas de esfera pneum\u00e1ticas<\/h2>\r\n\r\n\r\n\r\n<p>As v\u00e1lvulas de esfera pneum\u00e1ticas s\u00e3o adequadas para utiliza\u00e7\u00e3o em v\u00e1rias ind\u00fastrias que utilizam fluidos como \u00e1gua, g\u00e1s, ar, \u00f3leo e outros meios. Quando compra v\u00e1lvulas de esfera accionadas, pode utiliz\u00e1-las para qualquer uma das seguintes aplica\u00e7\u00f5es:<\/p>\r\n\r\n\r\n\r\n<ul class=\"wp-block-list\">\r\n<li>Processos industriais<\/li>\r\n<li>Manuseamento de produtos qu\u00edmicos<\/li>\r\n<li>Fabrico<\/li>\r\n<li>Alimenta\u00e7\u00e3o e bebidas<\/li>\r\n<li>Tratamento de \u00e1guas residuais<\/li>\r\n<li>Explora\u00e7\u00e3o mineira<\/li>\r\n<li>Instala\u00e7\u00f5es municipais de tratamento<\/li>\r\n<li>Centrais el\u00e9ctricas<\/li>\r\n<li>Refinarias de energia<\/li>\r\n<li>Produ\u00e7\u00e3o de \u00e1gua limpa<\/li>\r\n<li>Aterros sanit\u00e1rios<\/li>\r\n<li>\u00c1gua port\u00e1til<\/li>\r\n<li>Piscinas<\/li>\r\n<li>Irriga\u00e7\u00e3o<\/li>\r\n<\/ul>\r\n\r\n\r\n\r\n<h2 class=\"wp-block-heading\" id=\"h-features-of-pneumatic-ball-valve\">Caracter\u00edsticas da V\u00e1lvula de esfera pneum\u00e1tica:<\/h2>\r\n\r\n\r\n\r\n<ol>\r\n<li>A v\u00e1lvula de esfera pneum\u00e1tica ZECO pode realizar o controlo centralizado remoto, que n\u00e3o precisa de desperdi\u00e7ar energia a correr para o local ou a subir \u00e0 altura com o risco de controlo manual, reduzindo consideravelmente o desperd\u00edcio de efici\u00eancia do pessoal e garantindo a seguran\u00e7a pessoal do pessoal;\r\n\r\n<\/li>\r\n<li>A v\u00e1lvula de esfera pneum\u00e1tica ZECO s\u00f3 precisa de uma fonte de ar para fazer a esfera rodar 90\u00b0 e de um pequeno bin\u00e1rio para fechar bem a v\u00e1lvula. A c\u00e2mara interior do corpo da v\u00e1lvula, exatamente do mesmo tamanho que a passagem da tubagem, garante uma resist\u00eancia m\u00ednima e reduz o desperd\u00edcio de energia na distribui\u00e7\u00e3o do fluido;\r\n\r\n<\/li>\r\n<li>A experi\u00eancia de muitos anos no fabrico de v\u00e1lvulas de esfera pneum\u00e1ticas da ZECO e a tecnologia avan\u00e7ada internacional, combinadas com o design da estrutura de veda\u00e7\u00e3o dupla, asseguram grandemente o desempenho de veda\u00e7\u00e3o da v\u00e1lvula numa variedade de condi\u00e7\u00f5es de press\u00e3o. Quando a press\u00e3o m\u00e9dia corre na \u00e1rea de baixa press\u00e3o, a \u00e1rea de contacto entre o anel de veda\u00e7\u00e3o da sede da v\u00e1lvula e a esfera \u00e9 pequena, pelo que existe uma maior press\u00e3o de veda\u00e7\u00e3o para garantir que a sede da v\u00e1lvula \u00e9 vedada de forma fi\u00e1vel. Quando o fluido se encontra numa posi\u00e7\u00e3o elevada, a \u00e1rea de contacto entre o anel de veda\u00e7\u00e3o da sede e a v\u00e1lvula de esfera aumenta, pelo que o anel de veda\u00e7\u00e3o da sede pode suportar o maior impulso do fluido sem sofrer danos;\r\n\r\n<\/li>\r\n<li>As v\u00e1lvulas de esfera pneum\u00e1ticas ZECO podem ser seleccionadas a partir de v\u00e1rias marcas de actuadores pneum\u00e1ticos para satisfazer os requisitos especiais dos clientes.<\/li>\r\n<\/ol>\r\n\r\n\r\n\r\n<h2 class=\"wp-block-heading\" id=\"h-material-of-pneumatic-ball-valve\">Material da v\u00e1lvula de esfera pneum\u00e1tica:<\/h2>\r\n\r\n\r\n\r\n<figure class=\"wp-block-table\">\r\n<table>\r\n<tbody>\r\n<tr>\r\n<td>N\u00e3o<\/td>\r\n<td>Parte<\/td>\r\n<td>Material<\/td>\r\n<\/tr>\r\n<tr>\r\n<td>1<\/td>\r\n<td>Corpo<\/td>\r\n<td>A\u00c7O FORJADO \/ A\u00c7O CARBONO \/ A\u00c7O INOXID\u00c1VEL<\/td>\r\n<\/tr>\r\n<tr>\r\n<td>2<\/td>\r\n<td>Bon\u00e9<\/td>\r\n<td>A\u00c7O FORJADO \/ A\u00c7O CARBONO \/ A\u00c7O INOXID\u00c1VEL<\/td>\r\n<\/tr>\r\n<tr>\r\n<td>3<\/td>\r\n<td>Bola<\/td>\r\n<td>A\u00c7O FORJADO \/ A\u00c7O INOXID\u00c1VEL<\/td>\r\n<\/tr>\r\n<tr>\r\n<td>4<\/td>\r\n<td>Assento<\/td>\r\n<td>PEFE \/ DEVELON \/ PEEK \/ METAL<\/td>\r\n<\/tr>\r\n<tr>\r\n<td>5<\/td>\r\n<td>Caule<\/td>\r\n<td>A\u00c7O FORJADO \/ A\u00c7O INOXID\u00c1VEL<\/td>\r\n<\/tr>\r\n<tr>\r\n<td>6<\/td>\r\n<td>Dispositivo anti-est\u00e1tico<\/td>\r\n<td>SS304 \/ SS316<\/td>\r\n<\/tr>\r\n<tr>\r\n<td>7<\/td>\r\n<td>Junta de veda\u00e7\u00e3o<\/td>\r\n<td>Grafite + SS304 \/ SS316<\/td>\r\n<\/tr>\r\n<tr>\r\n<td>8<\/td>\r\n<td>Parafuso<\/td>\r\n<td>ASTM A193 B7 \/ B8 \/ B8M<\/td>\r\n<\/tr>\r\n<tr>\r\n<td>9<\/td>\r\n<td>Porca<\/td>\r\n<td>ASTM A194 2H \/ 8 \/ 8M<\/td>\r\n<\/tr>\r\n<tr>\r\n<td>10<\/td>\r\n<td>O-ring<\/td>\r\n<td>Viton A<\/td>\r\n<\/tr>\r\n<tr>\r\n<td>11<\/td>\r\n<td>Atuador pneum\u00e1tico<\/td>\r\n<td>SS304 \/ SS316 \/ Alum\u00ednio<\/td>\r\n<\/tr>\r\n<\/tbody>\r\n<\/table>\r\n<\/figure>\r\n\r\n\r\n\r\n<h2 class=\"wp-block-heading\" id=\"h-selection-of-pneumatic-accessories-for-pneumatic-ball-valve\">Sele\u00e7\u00e3o de Acess\u00f3rios Pneum\u00e1ticos para V\u00e1lvula de Esfera Pneum\u00e1tica<\/h2>\r\n\r\n\r\n\r\n<h3 class=\"wp-block-heading\">V\u00e1lvula solenoide<\/h3>\r\n\r\n\r\n\r\n<p>O cilindro de duplo efeito \u00e9 geralmente equipado com uma v\u00e1lvula solenoide de cinco vias de duas posi\u00e7\u00f5es ou uma v\u00e1lvula solenoide de cinco vias de tr\u00eas posi\u00e7\u00f5es. O cilindro de a\u00e7\u00e3o simples pode ser equipado com uma v\u00e1lvula solenoide de tr\u00eas vias de duas posi\u00e7\u00f5es. A tens\u00e3o pode ser DC24V, AC220V, etc. Devem ser tidos em conta os requisitos \u00e0 prova de explos\u00e3o.<\/p>\r\n\r\n\r\n\r\n<h3 class=\"wp-block-heading\">Interruptor de fim de curso<\/h3>\r\n\r\n\r\n\r\n<p>O papel do atuador \u00e9 converter a rota\u00e7\u00e3o do sinal de contacto e enviar a sa\u00edda para a instrumenta\u00e7\u00e3o de controlo, bem como o feedback sobre o estado de abertura e fecho da v\u00e1lvula de esfera. S\u00e3o normalmente utilizados tipos mec\u00e2nicos e de indu\u00e7\u00e3o magn\u00e9tica. Os requisitos \u00e0 prova de explos\u00e3o tamb\u00e9m devem ser considerados.<\/p>\r\n\r\n\r\n\r\n<h3 class=\"wp-block-heading\">Tripleto pneum\u00e1tico (FRL)<\/h3>\r\n\r\n\r\n\r\n<p>Existem duas e tr\u00eas partes, a fun\u00e7\u00e3o de filtragem, descompress\u00e3o e n\u00e9voa de \u00f3leo. Recomenda-se a sua instala\u00e7\u00e3o para evitar o encravamento do cilindro devido a impurezas no cilindro.<\/p>\r\n\r\n\r\n\r\n<p>Os tr\u00eas acess\u00f3rios pneum\u00e1ticos acima mencionados s\u00e3o normalmente instalados de s\u00e9rie, os seguintes s\u00e3o op\u00e7\u00f5es adicionais.<\/p>\r\n\r\n\r\n\r\n<h3 class=\"wp-block-heading\">Posicionador de v\u00e1lvula<\/h3>\r\n\r\n\r\n\r\n<p>Para a regula\u00e7\u00e3o proporcional, \u00e9 necess\u00e1rio instalar v\u00e1lvulas de esfera pneum\u00e1ticas, utilizadas principalmente para v\u00e1lvulas de esfera pneum\u00e1ticas em forma de V. Entrada 4-20mA, a considerar se com o sinal de sa\u00edda de feedback. Se \u00e9 necess\u00e1rio ser \u00e0 prova de explos\u00e3o. Existem tipos normais e tipos inteligentes.<\/p>\r\n\r\n\r\n\r\n<h3 class=\"wp-block-heading\">Volante<\/h3>\r\n\r\n\r\n\r\n<p>Instalado entre a v\u00e1lvula de esfera e a garrafa, pode ser alterado para um interrutor manual em caso de falha da fonte de g\u00e1s, para garantir a seguran\u00e7a do sistema e n\u00e3o atrasar a produ\u00e7\u00e3o.<\/p>\r\n\r\n\r\n\r\n<h3 class=\"wp-block-heading\">V\u00e1lvula de escape r\u00e1pido<\/h3>\r\n\r\n\r\n\r\n<p>Pode acelerar a abertura e o fecho das v\u00e1lvulas de esfera pneum\u00e1ticas. Instalada entre o cilindro e a electrov\u00e1lvula, para que o g\u00e1s do cilindro n\u00e3o passe pela electrov\u00e1lvula e seja rapidamente descarregado.<\/p>\r\n\r\n\r\n\r\n<h3 class=\"wp-block-heading\">Amplificador pneum\u00e1tico<\/h3>\r\n\r\n\r\n\r\n<p>\u00c9 instalado no caminho do ar para o cilindro para receber o sinal de press\u00e3o da sa\u00edda do posicionador, fornecendo um grande caudal ao atuador, utilizado para aumentar a velocidade de a\u00e7\u00e3o da v\u00e1lvula. Por 1:1 (rela\u00e7\u00e3o entre o sinal e a sa\u00edda). Utilizado principalmente para transmitir sinais pneum\u00e1ticos a longas dist\u00e2ncias (0-300m) e para reduzir os efeitos do desfasamento da transmiss\u00e3o.<\/p>\r\n\r\n\r\n\r\n<h3 class=\"wp-block-heading\">V\u00e1lvula pneum\u00e1tica de manuten\u00e7\u00e3o de posi\u00e7\u00e3o<\/h3>\r\n\r\n\r\n\r\n<p>Principalmente para o funcionamento de encravamento da press\u00e3o da fonte de ar, cortando a linha de alimenta\u00e7\u00e3o de ar da v\u00e1lvula quando esta \u00e9 inferior \u00e0 press\u00e3o da fonte de ar, de modo a que a v\u00e1lvula mantenha a posi\u00e7\u00e3o anterior \u00e0 falha da fonte de ar. Quando a press\u00e3o da fonte de ar \u00e9 restabelecida, o fornecimento de ar ao cilindro \u00e9 restabelecido ao mesmo tempo.<\/p>","protected":false},"excerpt":{"rendered":"<p>As v\u00e1lvulas esfera podem ser combinadas com um atuador pneum\u00e1tico (v\u00e1lvulas esfera pneum\u00e1ticas) para automa\u00e7\u00e3o e\/ou controle remoto. O que \u00e9 um Pneum\u00e1tico\u2026 <a title=\"V\u00e1lvula de esfera pneum\u00e1tica\" class=\"read-more\" href=\"https:\/\/zecovalve.com\/pt\/produto\/pneumatic-ball-valve\" aria-label=\"Mais em V\u00e1lvula Esfera Pneum\u00e1tica\">Ler mais<\/a><\/p>","protected":false},"featured_media":28083,"comment_status":"closed","ping_status":"closed","template":"","meta":{"_generate-full-width-content":"","kt_blocks_editor_width":""},"product_cat":[2047,2460,2465],"product_tag":[2804,2802],"class_list":["post-16029","product","type-product","status-publish","has-post-thumbnail","hentry","product_cat-ball-valve","product_cat-ball-valve-by-drive-mode","product_cat-forged-steel-ball-valve","product_tag-2-inch-ball-valve","product_tag-ball-valve-price","sales-flash-overlay","woocommerce-text-align-center","woocommerce-image-align-center","do-quantity-buttons"],"featured_image_src_large":["https:\/\/zecovalve.com\/wp-content\/uploads\/2022\/06\/Pneumatic-Ball-Valve-3.jpg",800,600,false],"author_info":[],"comment_info":0,"taxonomy_info":{"product_cat":[{"value":2047,"label":"Ball Valve"},{"value":2460,"label":"Ball Valve By Drive Mode"},{"value":2465,"label":"Forged Ball Valve"}],"product_tag":[{"value":2804,"label":"2 inch Ball Valve"},{"value":2802,"label":"Ball Valve Price"}]},"yoast_head":"<!-- This site is optimized with the Yoast SEO Premium plugin v15.4 - https:\/\/yoast.com\/wordpress\/plugins\/seo\/ -->\n<title>Pneumatic Ball Valve - Actuated Ball Valve | ZECO Valve<\/title>\n<meta name=\"robots\" content=\"index, follow, max-snippet:-1, max-image-preview:large, max-video-preview:-1\" \/>\n<link rel=\"canonical\" href=\"https:\/\/zecovalve.com\/pt\/produto\/pneumatic-ball-valve\" \/>\n<meta property=\"og:locale\" content=\"pt_PT\" \/>\n<meta property=\"og:type\" content=\"article\" \/>\n<meta property=\"og:title\" content=\"Pneumatic Ball Valve - Actuated Ball Valve | ZECO Valve\" \/>\n<meta property=\"og:description\" content=\"Ball valves can be combined with a pneumatic actuator (pneumatic ball valves) for automation and\/or for controlling remotely. What is a Pneumatic ... Ler mais\" \/>\n<meta property=\"og:url\" content=\"https:\/\/zecovalve.com\/pt\/produto\/pneumatic-ball-valve\" \/>\n<meta property=\"og:site_name\" content=\"ZECO Valve\" \/>\n<meta property=\"article:modified_time\" content=\"2023-08-17T05:29:56+00:00\" \/>\n<meta property=\"og:image\" content=\"https:\/\/zecovalve.com\/wp-content\/uploads\/2022\/06\/Pneumatic-Ball-Valve-3.jpg\" \/>\n\t<meta property=\"og:image:width\" content=\"800\" \/>\n\t<meta property=\"og:image:height\" content=\"600\" \/>\n<meta name=\"twitter:card\" content=\"summary_large_image\" \/>\n<meta name=\"twitter:label1\" content=\"Escrito por\">\n\t<meta name=\"twitter:data1\" content=\"Jerry\">\n\t<meta name=\"twitter:label2\" content=\"Tempo estimado de leitura\">\n\t<meta name=\"twitter:data2\" content=\"4 minutos\">\n<script type=\"application\/ld+json\" class=\"yoast-schema-graph\">{\"@context\":\"https:\/\/schema.org\",\"@graph\":[{\"@type\":\"WebSite\",\"@id\":\"https:\/\/zecovalve.com\/#website\",\"url\":\"https:\/\/zecovalve.com\/\",\"name\":\"ZECO Valve\",\"description\":\"Industrial Ball Valve, Gate Valve and Globe Valve Manufacturer\",\"potentialAction\":[{\"@type\":\"SearchAction\",\"target\":\"https:\/\/zecovalve.com\/?s={search_term_string}\",\"query-input\":\"required name=search_term_string\"}],\"inLanguage\":\"pt-PT\"},{\"@type\":\"ImageObject\",\"@id\":\"https:\/\/zecovalve.com\/product\/pneumatic-ball-valve#primaryimage\",\"inLanguage\":\"pt-PT\",\"url\":\"https:\/\/zecovalve.com\/wp-content\/uploads\/2022\/06\/Pneumatic-Ball-Valve-3.jpg\",\"width\":800,\"height\":600,\"caption\":\"Pneumatic Ball Valve\"},{\"@type\":\"WebPage\",\"@id\":\"https:\/\/zecovalve.com\/product\/pneumatic-ball-valve#webpage\",\"url\":\"https:\/\/zecovalve.com\/product\/pneumatic-ball-valve\",\"name\":\"Pneumatic Ball Valve - Actuated Ball Valve | ZECO Valve\",\"isPartOf\":{\"@id\":\"https:\/\/zecovalve.com\/#website\"},\"primaryImageOfPage\":{\"@id\":\"https:\/\/zecovalve.com\/product\/pneumatic-ball-valve#primaryimage\"},\"datePublished\":\"2022-06-18T07:56:02+00:00\",\"dateModified\":\"2023-08-17T05:29:56+00:00\",\"breadcrumb\":{\"@id\":\"https:\/\/zecovalve.com\/product\/pneumatic-ball-valve#breadcrumb\"},\"inLanguage\":\"pt-PT\",\"potentialAction\":[{\"@type\":\"ReadAction\",\"target\":[\"https:\/\/zecovalve.com\/product\/pneumatic-ball-valve\"]}]},{\"@type\":\"BreadcrumbList\",\"@id\":\"https:\/\/zecovalve.com\/product\/pneumatic-ball-valve#breadcrumb\",\"itemListElement\":[{\"@type\":\"ListItem\",\"position\":1,\"item\":{\"@type\":\"WebPage\",\"@id\":\"https:\/\/zecovalve.com\/\",\"url\":\"https:\/\/zecovalve.com\/\",\"name\":\"Home\"}},{\"@type\":\"ListItem\",\"position\":2,\"item\":{\"@type\":\"WebPage\",\"@id\":\"https:\/\/zecovalve.com\/product-category\",\"url\":\"https:\/\/zecovalve.com\/product-category\",\"name\":\"Industrial Valve Manufacturer | Water Valve Manufacturer\"}},{\"@type\":\"ListItem\",\"position\":3,\"item\":{\"@type\":\"WebPage\",\"@id\":\"https:\/\/zecovalve.com\/product\/pneumatic-ball-valve\",\"url\":\"https:\/\/zecovalve.com\/product\/pneumatic-ball-valve\",\"name\":\"Pneumatic Ball Valve\"}}]}]}<\/script>\n<!-- \/ Yoast SEO Premium plugin. -->","_links":{"self":[{"href":"https:\/\/zecovalve.com\/pt\/wp-json\/wp\/v2\/product\/16029","targetHints":{"allow":["GET"]}}],"collection":[{"href":"https:\/\/zecovalve.com\/pt\/wp-json\/wp\/v2\/product"}],"about":[{"href":"https:\/\/zecovalve.com\/pt\/wp-json\/wp\/v2\/types\/product"}],"replies":[{"embeddable":true,"href":"https:\/\/zecovalve.com\/pt\/wp-json\/wp\/v2\/comments?post=16029"}],"wp:featuredmedia":[{"embeddable":true,"href":"https:\/\/zecovalve.com\/pt\/wp-json\/wp\/v2\/media\/28083"}],"wp:attachment":[{"href":"https:\/\/zecovalve.com\/pt\/wp-json\/wp\/v2\/media?parent=16029"}],"wp:term":[{"taxonomy":"product_cat","embeddable":true,"href":"https:\/\/zecovalve.com\/pt\/wp-json\/wp\/v2\/product_cat?post=16029"},{"taxonomy":"product_tag","embeddable":true,"href":"https:\/\/zecovalve.com\/pt\/wp-json\/wp\/v2\/product_tag?post=16029"}],"curies":[{"name":"wp","href":"https:\/\/api.w.org\/{rel}","templated":true}]}}