{"id":16035,"date":"2022-06-18T08:33:26","date_gmt":"2022-06-18T08:33:26","guid":{"rendered":"https:\/\/zecovalve.com\/?post_type=product&#038;p=16035"},"modified":"2023-06-07T13:51:29","modified_gmt":"2023-06-07T13:51:29","slug":"stainless-steel-gate-valve","status":"publish","type":"product","link":"https:\/\/zecovalve.com\/pt\/produto\/valvula-de-porta-em-aco-inoxidavel","title":{"rendered":"V\u00e1lvula de gaveta em a\u00e7o inoxid\u00e1vel"},"content":{"rendered":"<p>A ZECO Valve fornece v\u00e1lvulas de gaveta de a\u00e7o inoxid\u00e1vel nas vers\u00f5es v\u00e1lvulas de gaveta, bem como v\u00e1lvulas de gaveta, extremidade flangeada, principalmente a partir de stock.<\/p>\r\n\r\n\r\n\r\n<figure class=\"wp-block-image alignnone size-medium wp-image-16036\"><img loading=\"lazy\" decoding=\"async\" width=\"300\" height=\"225\" class=\"wp-image-16036\" src=\"https:\/\/zecovalve.com\/wp-content\/uploads\/2022\/06\/stainless-steel-gate-valve-300x225.jpg\" alt=\"V\u00e1lvula de gaveta em a\u00e7o inoxid\u00e1vel\" srcset=\"https:\/\/zecovalve.com\/wp-content\/uploads\/2022\/06\/stainless-steel-gate-valve-300x225.jpg 300w, https:\/\/zecovalve.com\/wp-content\/uploads\/2022\/06\/stainless-steel-gate-valve-768x576.jpg 768w, https:\/\/zecovalve.com\/wp-content\/uploads\/2022\/06\/stainless-steel-gate-valve-600x450.jpg 600w, https:\/\/zecovalve.com\/wp-content\/uploads\/2022\/06\/stainless-steel-gate-valve.jpg 800w\" sizes=\"auto, (max-width: 300px) 100vw, 300px\" \/><\/figure>\r\n\r\n\r\n<div class=\"gb-button-wrapper gb-button-wrapper-f8260ba6\">\r\n\r\n\r\n<p><a class=\"gb-button gb-button-e4f70767 gb-button-text\" href=\"mailto:commercial@zecovalve.com\" target=\"_blank\" rel=\"noopener noreferrer\"><strong>OBTER PRE\u00c7O DE V\u00c1LVULA DE A\u00c7O INOXID\u00c1VEL<\/strong><\/a><\/p>\r\n<\/div>\r\n\r\n\r\n\r\n\r\n<h2 class=\"wp-block-heading\" id=\"h-what-is-a-stainless-steel-gate-valve\">O que \u00e9 uma v\u00e1lvula de gaveta de a\u00e7o inoxid\u00e1vel?<\/h2>\r\n\r\n\r\n\r\n<p>A v\u00e1lvula de gaveta em a\u00e7o inoxid\u00e1vel da ZECO \u00e9 utilizada em condutas com meios corrosivos. Para qualquer tipo de material de a\u00e7o inoxid\u00e1vel, a capacidade de resistir \u00e0 corros\u00e3o m\u00e9dia \u00e9 relativamente limitada e \u00e9 afetada por muitos factores externos, como a temperatura, a press\u00e3o e o PH. No entanto, desde que o tratamento t\u00e9rmico e o processo de transforma\u00e7\u00e3o estejam completamente de acordo com o processo de fabrico, pode garantir-se que o material resiste \u00e0 corros\u00e3o dentro da gama de corros\u00e3o. Assim, na sele\u00e7\u00e3o de v\u00e1lvulas de porta de a\u00e7o inoxid\u00e1vel, temos de considerar a concentra\u00e7\u00e3o do meio, a temperatura do ambiente de trabalho e a sele\u00e7\u00e3o de materiais e outros factores sobre a resist\u00eancia \u00e0 corros\u00e3o.\u00a0<\/p>\r\n\r\n\r\n\r\n<p>ZECO Valve \u00e9 um fabricante de v\u00e1lvula de porta de a\u00e7o inoxid\u00e1vel h\u00e1 quase 30 anos, fornecendo sugest\u00f5es profissionais para os utilizadores escolherem modelos e materiais para condi\u00e7\u00f5es de trabalho.<\/p>\r\n\r\n\r\n\r\n<h2 class=\"wp-block-heading\">Como funciona uma V\u00e1lvula de gaveta em a\u00e7o inoxid\u00e1vel?<\/h2>\r\n\r\n\r\n\r\n<p>Uma v\u00e1lvula de gaveta em a\u00e7o inoxid\u00e1vel funciona de forma semelhante a outras v\u00e1lvulas. Para abrir a v\u00e1lvula, roda-se o volante, que move a comporta para cima ou para baixo na haste atrav\u00e9s das roscas. Uma v\u00e1lvula de gaveta em a\u00e7o inoxid\u00e1vel requer mais do que uma volta de 360\u00b0 para abrir ou fechar totalmente a v\u00e1lvula. Quando a comporta de a\u00e7o inoxid\u00e1vel \u00e9 levantada, abre a entrada para a sa\u00edda, permitindo uma passagem desobstru\u00edda para o fluxo do fluido. Quando a comporta de a\u00e7o inoxid\u00e1vel \u00e9 baixada, fecha-se e bloqueia o fluxo do fluido.<\/p>\r\n\r\n\r\n\r\n<h2 class=\"wp-block-heading\" id=\"h-applications-of-stainless-steel-gate-valves\">Aplica\u00e7\u00f5es das v\u00e1lvulas de gaveta em a\u00e7o inoxid\u00e1vel<\/h2>\r\n\r\n\r\n\r\n<p>Devido \u00e0 sua resist\u00eancia, uma v\u00e1lvula de gaveta em a\u00e7o inoxid\u00e1vel \u00e9 utilizada numa s\u00e9rie de aplica\u00e7\u00f5es industriais. Estas incluem:<\/p>\r\n\r\n\r\n\r\n<ul class=\"wp-block-list\">\r\n<li>Ind\u00fastria do petr\u00f3leo e do g\u00e1s;<\/li>\r\n<li>Produtos qu\u00edmicos e farmac\u00eauticos;<\/li>\r\n<li>Marinha;<\/li>\r\n<li>Tratamento da \u00e1gua e das \u00e1guas residuais;<\/li>\r\n<li>Ind\u00fastrias transformadoras.<\/li>\r\n<\/ul>\r\n\r\n\r\n\r\n<h2 class=\"wp-block-heading\" id=\"h-features-of-stainless-steel-gate-valves\">Caracter\u00edsticas das v\u00e1lvulas de gaveta em a\u00e7o inoxid\u00e1vel:<\/h2>\r\n\r\n\r\n\r\n<ul class=\"wp-block-list\">\r\n<li>A v\u00e1lvula de comporta de a\u00e7o inoxid\u00e1vel ZECO tem uma variedade de materiais de a\u00e7o inoxid\u00e1vel para os utilizadores escolherem de acordo com as condi\u00e7\u00f5es de trabalho reais, fundi\u00e7\u00e3o, incluindo ASTM A351 CF8, ASTM A351 CF8M, ASTM A351 CF3, ASTM A351 CF3M, forjamento, incluindo ASTM A182 F304, ASTM A182 F304L, ASTM A182 F316, ASTM A182 F316L, e a\u00e7o inoxid\u00e1vel duplex UNS SS32205 e assim por diante;<\/li>\r\n<li>As selec\u00e7\u00f5es dos fornecedores de mat\u00e9rias-primas da v\u00e1lvula de porta de a\u00e7o inoxid\u00e1vel ZECO s\u00e3o uma refer\u00eancia para empresas famosas internacionais do padr\u00e3o do sistema da cadeia de fornecimento. Em primeiro lugar, o primeiro relat\u00f3rio de an\u00e1lise de amostras do departamento de inspe\u00e7\u00e3o de qualidade da ZECO \u00e9 aprovado e, em seguida, o departamento t\u00e9cnico avalia-o de acordo com o sistema de gest\u00e3o e o processo de produ\u00e7\u00e3o do fornecedor. S\u00f3 ap\u00f3s a avalia\u00e7\u00e3o e aprova\u00e7\u00e3o dos dois departamentos \u00e9 que pode entrar na negocia\u00e7\u00e3o comercial do departamento de compras. Posteriormente, testar\u00e1 cada lote de entrega do fornecedor, para dividir a aquisi\u00e7\u00e3o em diferentes n\u00edveis e lotes;<\/li>\r\n<li>A v\u00e1lvula de gaveta em a\u00e7o inoxid\u00e1vel ZECO foi concebida com sede renov\u00e1vel para uma substitui\u00e7\u00e3o f\u00e1cil em caso de danos na sede;<\/li>\r\n<li>A v\u00e1lvula de gaveta de a\u00e7o inoxid\u00e1vel ZECO tem uma forte resist\u00eancia \u00e0 corros\u00e3o e o material cumpre totalmente os requisitos das normas internacionais.<\/li>\r\n<\/ul>\r\n\r\n\r\n\r\n<h2 class=\"wp-block-heading\" id=\"h-material-of-stainless-steel-gate-valve\">Material da v\u00e1lvula de gaveta de a\u00e7o inoxid\u00e1vel:<\/h2>\r\n\r\n\r\n\r\n<figure class=\"wp-block-table\">\r\n<table>\r\n<tbody>\r\n<tr>\r\n<td>N\u00e3o<\/td>\r\n<td>Parte<\/td>\r\n<td>Material<\/td>\r\n<\/tr>\r\n<tr>\r\n<td>1<\/td>\r\n<td>Corpo<\/td>\r\n<td>ASTM A351 CF8M<\/td>\r\n<\/tr>\r\n<tr>\r\n<td>2<\/td>\r\n<td>Anel de assento<\/td>\r\n<td>ASTM A182 F316 + STL<\/td>\r\n<\/tr>\r\n<tr>\r\n<td>3<\/td>\r\n<td>Cunha<\/td>\r\n<td>ASTM A351 CF8M + STL<\/td>\r\n<\/tr>\r\n<tr>\r\n<td>4<\/td>\r\n<td>Caule<\/td>\r\n<td>ASTM A276 316<\/td>\r\n<\/tr>\r\n<tr>\r\n<td>5<\/td>\r\n<td>Junta da tampa do compartimento<\/td>\r\n<td>Grafite + SS315<\/td>\r\n<\/tr>\r\n<tr>\r\n<td>6<\/td>\r\n<td>Parafuso do castelo<\/td>\r\n<td>ASTM A193 B8<\/td>\r\n<\/tr>\r\n<tr>\r\n<td>7<\/td>\r\n<td>Porca do castelo<\/td>\r\n<td>ASTM A194 8<\/td>\r\n<\/tr>\r\n<tr>\r\n<td>8<\/td>\r\n<td>Bon\u00e9<\/td>\r\n<td>ASTM A351 CF8M<\/td>\r\n<\/tr>\r\n<tr>\r\n<td>9<\/td>\r\n<td>Banco traseiro<\/td>\r\n<td>ASTM A182 316<\/td>\r\n<\/tr>\r\n<tr>\r\n<td>10<\/td>\r\n<td>Enchimento da haste<\/td>\r\n<td>Grafite refor\u00e7ada<\/td>\r\n<\/tr>\r\n<tr>\r\n<td>11<\/td>\r\n<td>Volante<\/td>\r\n<td>KTH330-08<\/td>\r\n<\/tr>\r\n<\/tbody>\r\n<\/table>\r\n<\/figure>\r\n\r\n\r\n\r\n<h2 class=\"wp-block-heading\">V\u00e1lvula de gaveta em a\u00e7o inoxid\u00e1vel Pre\u00e7os<\/h2>\r\n\r\n\r\n\r\n<p>Como o pre\u00e7o da v\u00e1lvula de gaveta em a\u00e7o inoxid\u00e1vel varia muito, pode contactar a ZECO Valve para obter pre\u00e7os espec\u00edficos de v\u00e1lvulas de gaveta ou listas de pre\u00e7os de v\u00e1lvulas de gaveta.<\/p>","protected":false},"excerpt":{"rendered":"<p>A ZECO Valve fornece v\u00e1lvulas gaveta de a\u00e7o inoxid\u00e1vel nas vers\u00f5es v\u00e1lvulas gaveta, bem como v\u00e1lvulas gaveta, extremidade flangeada principalmente em estoque. \u2026 <a title=\"V\u00e1lvula de gaveta em a\u00e7o inoxid\u00e1vel\" class=\"read-more\" href=\"https:\/\/zecovalve.com\/pt\/produto\/valvula-de-porta-em-aco-inoxidavel\" aria-label=\"Mais em V\u00e1lvula gaveta de a\u00e7o inoxid\u00e1vel\">Ler mais<\/a><\/p>","protected":false},"featured_media":27868,"comment_status":"closed","ping_status":"closed","template":"","meta":{"_generate-full-width-content":"","kt_blocks_editor_width":""},"product_cat":[2052,2454],"product_tag":[2798],"class_list":["post-16035","product","type-product","status-publish","has-post-thumbnail","hentry","product_cat-gate-valve","product_cat-gate-valve-by-material","product_tag-osy-valve","sales-flash-overlay","woocommerce-text-align-center","woocommerce-image-align-center","do-quantity-buttons"],"featured_image_src_large":["https:\/\/zecovalve.com\/wp-content\/uploads\/2022\/06\/Stainless-Steel-Gate-Valve-1.jpg",800,600,false],"author_info":[],"comment_info":0,"taxonomy_info":{"product_cat":[{"value":2052,"label":"Gate Valve"},{"value":2454,"label":"Gate Valve By Material"}],"product_tag":[{"value":2798,"label":"OS&amp;Y Valve"}]},"yoast_head":"<!-- This site is optimized with the Yoast SEO Premium plugin v15.4 - https:\/\/yoast.com\/wordpress\/plugins\/seo\/ -->\n<title>Stainless Steel Gate Valve - Stainless Steel Valve | ZECO Valve<\/title>\n<meta name=\"robots\" content=\"index, follow, max-snippet:-1, max-image-preview:large, max-video-preview:-1\" \/>\n<link rel=\"canonical\" href=\"https:\/\/zecovalve.com\/pt\/produto\/valvula-de-porta-em-aco-inoxidavel\" \/>\n<meta property=\"og:locale\" content=\"pt_PT\" \/>\n<meta property=\"og:type\" content=\"article\" \/>\n<meta property=\"og:title\" content=\"Stainless Steel Gate Valve - Stainless Steel Valve | ZECO Valve\" \/>\n<meta property=\"og:description\" content=\"ZECO Valve supplies Stainless steel gate valves in the versions gate valves as well as gate valves, flanged end mostly from stock. ... Ler mais\" \/>\n<meta property=\"og:url\" content=\"https:\/\/zecovalve.com\/pt\/produto\/valvula-de-porta-em-aco-inoxidavel\" \/>\n<meta property=\"og:site_name\" content=\"ZECO Valve\" \/>\n<meta property=\"article:modified_time\" content=\"2023-06-07T13:51:29+00:00\" \/>\n<meta property=\"og:image\" content=\"https:\/\/zecovalve.com\/wp-content\/uploads\/2022\/06\/Stainless-Steel-Gate-Valve-1.jpg\" \/>\n\t<meta property=\"og:image:width\" content=\"800\" \/>\n\t<meta property=\"og:image:height\" content=\"600\" \/>\n<meta name=\"twitter:card\" content=\"summary_large_image\" \/>\n<meta name=\"twitter:label1\" content=\"Escrito por\">\n\t<meta name=\"twitter:data1\" content=\"Jerry\">\n\t<meta name=\"twitter:label2\" content=\"Tempo estimado de leitura\">\n\t<meta name=\"twitter:data2\" content=\"2 minutos\">\n<script type=\"application\/ld+json\" class=\"yoast-schema-graph\">{\"@context\":\"https:\/\/schema.org\",\"@graph\":[{\"@type\":\"WebSite\",\"@id\":\"https:\/\/zecovalve.com\/#website\",\"url\":\"https:\/\/zecovalve.com\/\",\"name\":\"ZECO Valve\",\"description\":\"Industrial Ball Valve, Gate Valve and Globe Valve Manufacturer\",\"potentialAction\":[{\"@type\":\"SearchAction\",\"target\":\"https:\/\/zecovalve.com\/?s={search_term_string}\",\"query-input\":\"required name=search_term_string\"}],\"inLanguage\":\"pt-PT\"},{\"@type\":\"ImageObject\",\"@id\":\"https:\/\/zecovalve.com\/product\/stainless-steel-gate-valve#primaryimage\",\"inLanguage\":\"pt-PT\",\"url\":\"https:\/\/zecovalve.com\/wp-content\/uploads\/2022\/06\/Stainless-Steel-Gate-Valve-1.jpg\",\"width\":800,\"height\":600,\"caption\":\"Stainless Steel Gate Valve\"},{\"@type\":\"WebPage\",\"@id\":\"https:\/\/zecovalve.com\/product\/stainless-steel-gate-valve#webpage\",\"url\":\"https:\/\/zecovalve.com\/product\/stainless-steel-gate-valve\",\"name\":\"Stainless Steel Gate Valve - Stainless Steel Valve | ZECO Valve\",\"isPartOf\":{\"@id\":\"https:\/\/zecovalve.com\/#website\"},\"primaryImageOfPage\":{\"@id\":\"https:\/\/zecovalve.com\/product\/stainless-steel-gate-valve#primaryimage\"},\"datePublished\":\"2022-06-18T08:33:26+00:00\",\"dateModified\":\"2023-06-07T13:51:29+00:00\",\"breadcrumb\":{\"@id\":\"https:\/\/zecovalve.com\/product\/stainless-steel-gate-valve#breadcrumb\"},\"inLanguage\":\"pt-PT\",\"potentialAction\":[{\"@type\":\"ReadAction\",\"target\":[\"https:\/\/zecovalve.com\/product\/stainless-steel-gate-valve\"]}]},{\"@type\":\"BreadcrumbList\",\"@id\":\"https:\/\/zecovalve.com\/product\/stainless-steel-gate-valve#breadcrumb\",\"itemListElement\":[{\"@type\":\"ListItem\",\"position\":1,\"item\":{\"@type\":\"WebPage\",\"@id\":\"https:\/\/zecovalve.com\/\",\"url\":\"https:\/\/zecovalve.com\/\",\"name\":\"Home\"}},{\"@type\":\"ListItem\",\"position\":2,\"item\":{\"@type\":\"WebPage\",\"@id\":\"https:\/\/zecovalve.com\/product-category\",\"url\":\"https:\/\/zecovalve.com\/product-category\",\"name\":\"Industrial Valve Manufacturer | Water Valve Manufacturer\"}},{\"@type\":\"ListItem\",\"position\":3,\"item\":{\"@type\":\"WebPage\",\"@id\":\"https:\/\/zecovalve.com\/product\/stainless-steel-gate-valve\",\"url\":\"https:\/\/zecovalve.com\/product\/stainless-steel-gate-valve\",\"name\":\"Stainless Steel Gate Valve\"}}]}]}<\/script>\n<!-- \/ Yoast SEO Premium plugin. -->","_links":{"self":[{"href":"https:\/\/zecovalve.com\/pt\/wp-json\/wp\/v2\/product\/16035","targetHints":{"allow":["GET"]}}],"collection":[{"href":"https:\/\/zecovalve.com\/pt\/wp-json\/wp\/v2\/product"}],"about":[{"href":"https:\/\/zecovalve.com\/pt\/wp-json\/wp\/v2\/types\/product"}],"replies":[{"embeddable":true,"href":"https:\/\/zecovalve.com\/pt\/wp-json\/wp\/v2\/comments?post=16035"}],"wp:featuredmedia":[{"embeddable":true,"href":"https:\/\/zecovalve.com\/pt\/wp-json\/wp\/v2\/media\/27868"}],"wp:attachment":[{"href":"https:\/\/zecovalve.com\/pt\/wp-json\/wp\/v2\/media?parent=16035"}],"wp:term":[{"taxonomy":"product_cat","embeddable":true,"href":"https:\/\/zecovalve.com\/pt\/wp-json\/wp\/v2\/product_cat?post=16035"},{"taxonomy":"product_tag","embeddable":true,"href":"https:\/\/zecovalve.com\/pt\/wp-json\/wp\/v2\/product_tag?post=16035"}],"curies":[{"name":"wp","href":"https:\/\/api.w.org\/{rel}","templated":true}]}}