{"id":16037,"date":"2022-06-18T08:40:15","date_gmt":"2022-06-18T08:40:15","guid":{"rendered":"https:\/\/zecovalve.com\/?post_type=product&#038;p=16037"},"modified":"2023-06-07T13:51:56","modified_gmt":"2023-06-07T13:51:56","slug":"motorized-gate-valve","status":"publish","type":"product","link":"https:\/\/zecovalve.com\/pt\/produto\/motorized-gate-valve","title":{"rendered":"V\u00e1lvula motorizada - V\u00e1lvula de gaveta el\u00e9ctrica"},"content":{"rendered":"<p>V\u00e1lvula motorizada multi-voltas: O atuador multi-voltas foi especialmente concebido para todas as aplica\u00e7\u00f5es de v\u00e1lvulas multi-voltas (v\u00e1lvulas de movimento linear), tais como v\u00e1lvulas de globo, v\u00e1lvulas de gaveta, etc.<\/p>\r\n\r\n\r\n\r\n<figure class=\"wp-block-image alignnone size-medium wp-image-16038\"><img loading=\"lazy\" decoding=\"async\" width=\"300\" height=\"225\" class=\"wp-image-16038\" src=\"https:\/\/zecovalve.com\/wp-content\/uploads\/2022\/06\/motorized-gate-valve-300x225.jpg\" alt=\"V\u00e1lvula de gaveta motorizada\" srcset=\"https:\/\/zecovalve.com\/wp-content\/uploads\/2022\/06\/motorized-gate-valve-300x225.jpg 300w, https:\/\/zecovalve.com\/wp-content\/uploads\/2022\/06\/motorized-gate-valve-768x576.jpg 768w, https:\/\/zecovalve.com\/wp-content\/uploads\/2022\/06\/motorized-gate-valve-600x450.jpg 600w, https:\/\/zecovalve.com\/wp-content\/uploads\/2022\/06\/motorized-gate-valve.jpg 800w\" sizes=\"auto, (max-width: 300px) 100vw, 300px\" \/><\/figure>\r\n\r\n\r\n<div class=\"gb-button-wrapper gb-button-wrapper-6d8495a3\">\r\n\r\n\r\n<p><a class=\"gb-button gb-button-3d442e11 gb-button-text\" href=\"mailto:commercial@zecovalve.com\" target=\"_blank\" rel=\"noopener noreferrer\"><strong>OBTER PRE\u00c7O DE V\u00c1LVULA DE PORTA MOTORIZADA<\/strong><\/a><\/p>\r\n<\/div>\r\n\r\n\r\n\r\n\r\n<h2 class=\"wp-block-heading\" id=\"h-what-is-motorized-valve\">O que \u00e9 a V\u00e1lvula Motorizada:<\/h2>\r\n\r\n\r\n\r\n<p>Uma v\u00e1lvula motorizada \u00e9 um tipo de v\u00e1lvula que utiliza um motor el\u00e9trico para abrir ou fechar o seu mecanismo. Este tipo de v\u00e1lvula \u00e9 ideal para tipos de v\u00e1lvulas muito grandes ou aplica\u00e7\u00f5es de controlo remoto de fluidos, tais como degelo de aeronaves, irriga\u00e7\u00e3o agr\u00edcola e supress\u00e3o autom\u00e1tica de inc\u00eandios. A maior parte dos tipos de v\u00e1lvulas s\u00e3o adequados para aplica\u00e7\u00f5es motorizadas, sendo alguns dos tipos mais utilizados a de gaveta, de esfera e de borboleta. A v\u00e1lvula motorizada tamb\u00e9m \u00e9 adequada para aplica\u00e7\u00f5es de controlo remoto de caudal em que as entradas do sistema envolvem o funcionamento incremental da v\u00e1lvula. Os mecanismos internos de controlo de fluido das v\u00e1lvulas motorizadas s\u00e3o geralmente id\u00eanticos aos das suas contrapartes manuais; as entradas de atua\u00e7\u00e3o da v\u00e1lvula s\u00e3o a \u00fanica diferen\u00e7a entre as duas.<\/p>\r\n\r\n\r\n\r\n<p>A v\u00e1lvula de porta el\u00e9ctrica ZECO \u00e9 designada de acordo com o modo de condu\u00e7\u00e3o,\u00a0 <a href=\"https:\/\/zecovalve.com\/pt\/produto\/motorized-gate-valve\" data-internallinksmanager029f6b8e52c=\"4\" title=\"v\u00e1lvula de porta motorizada\" target=\"_blank\" rel=\"noopener\">v\u00e1lvula de porta motorizada<\/a> como o nome sugere, \u00e9 accionada por uma v\u00e1lvula de porta de acionamento el\u00e9trico. A v\u00e1lvula de porta el\u00e9ctrica concebida pela ZECO est\u00e1 em conformidade com o n\u00edvel de seguran\u00e7a e integridade SIL 3 para v\u00e1lvulas automatizadas. O Grupo de V\u00e1lvulas ZECO utiliza maquinaria moderna e o latemolduld para produzir as mais recentes instala\u00e7\u00f5es de fabrico avan\u00e7adas, para fornecer aos utilizadores produtos de controlo de fluxo da mais elevada qualidade e a um pre\u00e7o muito competitivo. Todas as pe\u00e7as fundidas, especialmente o corpo e o castelo, t\u00eam sec\u00e7\u00f5es pesadas para garantir resist\u00eancia, durabilidade e uma utiliza\u00e7\u00e3o fi\u00e1vel e segura numa vasta gama de ambientes de servi\u00e7o. As ligas de a\u00e7o para o corpo e o castelo s\u00e3o cuidadosamente seleccionadas para uma boa qualidade de fundi\u00e7\u00e3o, estabilidade estrutural, resist\u00eancia mec\u00e2nica e soldabilidade segura. As pe\u00e7as fundidas s\u00e3o moldadas sob rigorosa e cr\u00edtica supervis\u00e3o metal\u00fargica e laboratorial. S\u00e3o tratadas termicamente, cuidadosamente limpas por pulveriza\u00e7\u00e3o em p\u00e9 e cuidadosamente verificadas para garantir que n\u00e3o apresentam defeitos. Todas as pe\u00e7as fundidas destas v\u00e1lvulas cumprem as normas ASTM adequadas.<\/p>\r\n\r\n\r\n\r\n<h2 class=\"wp-block-heading\">Como \u00e9 que uma v\u00e1lvula motorizada funciona?<\/h2>\r\n\r\n\r\n\r\n<p>A v\u00e1lvula motorizada \u00e9 uma fonte de alimenta\u00e7\u00e3o para acionar a rota\u00e7\u00e3o do motor, abrindo ou fechando assim a v\u00e1lvula de um dispositivo e resistindo a choques de tens\u00e3o. A gama de rota\u00e7\u00e3o da v\u00e1lvula el\u00e9ctrica \u00e9 ajust\u00e1vel. A gama de rota\u00e7\u00e3o pode ser ajustada atrav\u00e9s da introdu\u00e7\u00e3o dos sinais de corrente e tens\u00e3o especificados. Os sinais de controlo gerais s\u00e3o: sinal de corrente (4 ~ 20mA, 0 ~ 10mA) ou sinal de tens\u00e3o (0 ~ 5V, 1 ~ 5V).<\/p>\r\n\r\n\r\n\r\n<h2 class=\"wp-block-heading\">Aplica\u00e7\u00e3o de v\u00e1lvulas motorizadas<\/h2>\r\n\r\n\r\n\r\n<p>As v\u00e1lvulas motorizadas t\u00eam normalmente um motor el\u00e9trico que acciona um mecanismo avan\u00e7ado atrav\u00e9s de um trem de engrenagens para as abrir ou fechar. O mecanismo avan\u00e7ado espec\u00edfico depende do tipo de v\u00e1lvula. As v\u00e1lvulas de curso vertical, como as v\u00e1lvulas de comporta ou de eclusa, utilizam normalmente um mecanismo de parafuso de avan\u00e7o que levanta ou baixa a placa da comporta e s\u00e3o normalmente encontradas em sistemas de maiores dimens\u00f5es, como as condutas de \u00e1gua. As v\u00e1lvulas de globo tamb\u00e9m utilizam um mecanismo de avan\u00e7o de parafuso para posicionar o obturador c\u00f3nico que controla o fluxo de fluido em aplica\u00e7\u00f5es de medi\u00e7\u00e3o de alta precis\u00e3o.<\/p>\r\n\r\n\r\n\r\n<h2 class=\"wp-block-heading\" id=\"h-features-of-motorized-valves\">Caracter\u00edsticas das v\u00e1lvulas motorizadas:<\/h2>\r\n\r\n\r\n\r\n<ul class=\"wp-block-list\">\r\n<li>A v\u00e1lvula de porta el\u00e9ctrica ZECO pode ser operada remotamente e o utilizador pode operar e verificar o estado da v\u00e1lvula na sala de controlo. Reduz o desperd\u00edcio de pessoal necess\u00e1rio para se deslocar ao local para fechar as v\u00e1lvulas de comporta sem actuadores el\u00e9ctricos e tamb\u00e9m reduz a situa\u00e7\u00e3o em que as v\u00e1lvulas n\u00e3o podem ser fechadas em situa\u00e7\u00f5es perigosas;<\/li>\r\n<li>A v\u00e1lvula de gaveta el\u00e9ctrica ZECO pode ser personalizada com embalagem sem amianto ou embalagem de grafite;<\/li>\r\n<li>A v\u00e1lvula de gaveta el\u00e9ctrica ZECO fixa o atuador el\u00e9trico no processo de transporte para evitar danos no atuador el\u00e9trico causados por choques no processo de transporte;<\/li>\r\n<li>O baixo bin\u00e1rio da v\u00e1lvula de porta el\u00e9ctrica ZECO pode reduzir o custo do atuador el\u00e9trico.<\/li>\r\n<\/ul>\r\n\r\n\r\n\r\n<h2 class=\"wp-block-heading\" id=\"h-material-of-electric-gate-valve\">Material da v\u00e1lvula de gaveta el\u00e9ctrica:<\/h2>\r\n\r\n\r\n\r\n<figure class=\"wp-block-table\">\r\n<table>\r\n<tbody>\r\n<tr>\r\n<td>N\u00e3o<\/td>\r\n<td>Parte<\/td>\r\n<td>Material<\/td>\r\n<\/tr>\r\n<tr>\r\n<td>1<\/td>\r\n<td>Corpo<\/td>\r\n<td>ASTM A351 CF8<\/td>\r\n<\/tr>\r\n<tr>\r\n<td>2<\/td>\r\n<td>Anel de assento<\/td>\r\n<td>ASTM A182 F304 + 13Cr<\/td>\r\n<\/tr>\r\n<tr>\r\n<td>3<\/td>\r\n<td>Cunha<\/td>\r\n<td>ASTM A351 CF8 + 13Cr<\/td>\r\n<\/tr>\r\n<tr>\r\n<td>4<\/td>\r\n<td>Caule<\/td>\r\n<td>ASTM A182 304<\/td>\r\n<\/tr>\r\n<tr>\r\n<td>5<\/td>\r\n<td>Junta da tampa do compartimento<\/td>\r\n<td>Grafite + SS304<\/td>\r\n<\/tr>\r\n<tr>\r\n<td>6<\/td>\r\n<td>Parafuso do castelo<\/td>\r\n<td>ASTM A193 B8<\/td>\r\n<\/tr>\r\n<tr>\r\n<td>7<\/td>\r\n<td>Porca do castelo<\/td>\r\n<td>ASTM A194 8<\/td>\r\n<\/tr>\r\n<tr>\r\n<td>8<\/td>\r\n<td>Bon\u00e9<\/td>\r\n<td>ASTM A351 CF8<\/td>\r\n<\/tr>\r\n<tr>\r\n<td>9<\/td>\r\n<td>Banco traseiro<\/td>\r\n<td>ASTM A182 304<\/td>\r\n<\/tr>\r\n<tr>\r\n<td>10<\/td>\r\n<td>Enchimento da haste<\/td>\r\n<td>Grafite refor\u00e7ada<\/td>\r\n<\/tr>\r\n<tr>\r\n<td>11<\/td>\r\n<td>Atuador motorizado<\/td>\r\n<td>ASTM A351 CF8<\/td>\r\n<\/tr>\r\n<\/tbody>\r\n<\/table>\r\n<\/figure>","protected":false},"excerpt":{"rendered":"<p>V\u00e1lvula motorizada multivoltas: O atuador multivoltas \u00e9 especialmente projetado para todas as aplica\u00e7\u00f5es de v\u00e1lvulas multivoltas (v\u00e1lvulas de movimento linear), como v\u00e1lvulas globo, v\u00e1lvulas gaveta,\u2026 <a title=\"V\u00e1lvula motorizada - V\u00e1lvula de gaveta el\u00e9ctrica\" class=\"read-more\" href=\"https:\/\/zecovalve.com\/pt\/produto\/motorized-gate-valve\" aria-label=\"Mais em V\u00e1lvula Motorizada \u2013 V\u00e1lvula Gaveta El\u00e9trica\">Ler mais<\/a><\/p>","protected":false},"featured_media":27869,"comment_status":"closed","ping_status":"closed","template":"","meta":{"_generate-full-width-content":"","kt_blocks_editor_width":""},"product_cat":[2052,2457],"product_tag":[2766,2727],"class_list":["post-16037","product","type-product","status-publish","has-post-thumbnail","hentry","product_cat-gate-valve","product_cat-gate-valve-by-drive-mode","product_tag-motorised-valve","product_tag-motorized-valve","sales-flash-overlay","woocommerce-text-align-center","woocommerce-image-align-center","do-quantity-buttons"],"featured_image_src_large":["https:\/\/zecovalve.com\/wp-content\/uploads\/2022\/06\/Motorized-Valve-\u2013-Electric-Gate-Valve.jpg",800,600,false],"author_info":[],"comment_info":0,"taxonomy_info":{"product_cat":[{"value":2052,"label":"Gate Valve"},{"value":2457,"label":"Gate Valve with Actuator"}],"product_tag":[{"value":2766,"label":"Motorised Valve"},{"value":2727,"label":"Motorized Valve"}]},"yoast_head":"<!-- This site is optimized with the Yoast SEO Premium plugin v15.4 - https:\/\/yoast.com\/wordpress\/plugins\/seo\/ -->\n<title>Motorized Valve - Electric Gate Valve Manufacturer | Zeco Valve<\/title>\n<meta name=\"robots\" content=\"index, follow, max-snippet:-1, max-image-preview:large, max-video-preview:-1\" \/>\n<link rel=\"canonical\" href=\"https:\/\/zecovalve.com\/pt\/produto\/motorized-gate-valve\" \/>\n<meta property=\"og:locale\" content=\"pt_PT\" \/>\n<meta property=\"og:type\" content=\"article\" \/>\n<meta property=\"og:title\" content=\"Motorized Valve - Electric Gate Valve Manufacturer | Zeco Valve\" \/>\n<meta property=\"og:description\" content=\"Multi-Turn Motorized Valve: Multi-turn actuator is specially designed for all multi-turn valve applications (linear motion valves), such as globe valves, gate valves, ... Ler mais\" \/>\n<meta property=\"og:url\" content=\"https:\/\/zecovalve.com\/pt\/produto\/motorized-gate-valve\" \/>\n<meta property=\"og:site_name\" content=\"ZECO Valve\" \/>\n<meta property=\"article:modified_time\" content=\"2023-06-07T13:51:56+00:00\" \/>\n<meta property=\"og:image\" content=\"https:\/\/zecovalve.com\/wp-content\/uploads\/2022\/06\/Motorized-Valve-\u2013-Electric-Gate-Valve.jpg\" \/>\n\t<meta property=\"og:image:width\" content=\"800\" \/>\n\t<meta property=\"og:image:height\" content=\"600\" \/>\n<meta name=\"twitter:card\" content=\"summary_large_image\" \/>\n<meta name=\"twitter:label1\" content=\"Escrito por\">\n\t<meta name=\"twitter:data1\" content=\"Jerry\">\n\t<meta name=\"twitter:label2\" content=\"Tempo estimado de leitura\">\n\t<meta name=\"twitter:data2\" content=\"3 minutos\">\n<script type=\"application\/ld+json\" class=\"yoast-schema-graph\">{\"@context\":\"https:\/\/schema.org\",\"@graph\":[{\"@type\":\"WebSite\",\"@id\":\"https:\/\/zecovalve.com\/#website\",\"url\":\"https:\/\/zecovalve.com\/\",\"name\":\"ZECO Valve\",\"description\":\"Industrial Ball Valve, Gate Valve and Globe Valve Manufacturer\",\"potentialAction\":[{\"@type\":\"SearchAction\",\"target\":\"https:\/\/zecovalve.com\/?s={search_term_string}\",\"query-input\":\"required name=search_term_string\"}],\"inLanguage\":\"pt-PT\"},{\"@type\":\"ImageObject\",\"@id\":\"https:\/\/zecovalve.com\/product\/motorized-gate-valve#primaryimage\",\"inLanguage\":\"pt-PT\",\"url\":\"https:\/\/zecovalve.com\/wp-content\/uploads\/2022\/06\/Motorized-Valve-\\u2013-Electric-Gate-Valve.jpg\",\"width\":800,\"height\":600,\"caption\":\"Motorized Valve \\u2013 Electric Gate Valve\"},{\"@type\":\"WebPage\",\"@id\":\"https:\/\/zecovalve.com\/product\/motorized-gate-valve#webpage\",\"url\":\"https:\/\/zecovalve.com\/product\/motorized-gate-valve\",\"name\":\"Motorized Valve - Electric Gate Valve Manufacturer | Zeco Valve\",\"isPartOf\":{\"@id\":\"https:\/\/zecovalve.com\/#website\"},\"primaryImageOfPage\":{\"@id\":\"https:\/\/zecovalve.com\/product\/motorized-gate-valve#primaryimage\"},\"datePublished\":\"2022-06-18T08:40:15+00:00\",\"dateModified\":\"2023-06-07T13:51:56+00:00\",\"breadcrumb\":{\"@id\":\"https:\/\/zecovalve.com\/product\/motorized-gate-valve#breadcrumb\"},\"inLanguage\":\"pt-PT\",\"potentialAction\":[{\"@type\":\"ReadAction\",\"target\":[\"https:\/\/zecovalve.com\/product\/motorized-gate-valve\"]}]},{\"@type\":\"BreadcrumbList\",\"@id\":\"https:\/\/zecovalve.com\/product\/motorized-gate-valve#breadcrumb\",\"itemListElement\":[{\"@type\":\"ListItem\",\"position\":1,\"item\":{\"@type\":\"WebPage\",\"@id\":\"https:\/\/zecovalve.com\/\",\"url\":\"https:\/\/zecovalve.com\/\",\"name\":\"Home\"}},{\"@type\":\"ListItem\",\"position\":2,\"item\":{\"@type\":\"WebPage\",\"@id\":\"https:\/\/zecovalve.com\/product-category\",\"url\":\"https:\/\/zecovalve.com\/product-category\",\"name\":\"Industrial Valve Manufacturer | Water Valve Manufacturer\"}},{\"@type\":\"ListItem\",\"position\":3,\"item\":{\"@type\":\"WebPage\",\"@id\":\"https:\/\/zecovalve.com\/product\/motorized-gate-valve\",\"url\":\"https:\/\/zecovalve.com\/product\/motorized-gate-valve\",\"name\":\"Motorized Valve &#8211; Electric Gate Valve\"}}]}]}<\/script>\n<!-- \/ Yoast SEO Premium plugin. -->","_links":{"self":[{"href":"https:\/\/zecovalve.com\/pt\/wp-json\/wp\/v2\/product\/16037","targetHints":{"allow":["GET"]}}],"collection":[{"href":"https:\/\/zecovalve.com\/pt\/wp-json\/wp\/v2\/product"}],"about":[{"href":"https:\/\/zecovalve.com\/pt\/wp-json\/wp\/v2\/types\/product"}],"replies":[{"embeddable":true,"href":"https:\/\/zecovalve.com\/pt\/wp-json\/wp\/v2\/comments?post=16037"}],"wp:featuredmedia":[{"embeddable":true,"href":"https:\/\/zecovalve.com\/pt\/wp-json\/wp\/v2\/media\/27869"}],"wp:attachment":[{"href":"https:\/\/zecovalve.com\/pt\/wp-json\/wp\/v2\/media?parent=16037"}],"wp:term":[{"taxonomy":"product_cat","embeddable":true,"href":"https:\/\/zecovalve.com\/pt\/wp-json\/wp\/v2\/product_cat?post=16037"},{"taxonomy":"product_tag","embeddable":true,"href":"https:\/\/zecovalve.com\/pt\/wp-json\/wp\/v2\/product_tag?post=16037"}],"curies":[{"name":"wp","href":"https:\/\/api.w.org\/{rel}","templated":true}]}}