{"id":16069,"date":"2022-06-18T13:44:05","date_gmt":"2022-06-18T13:44:05","guid":{"rendered":"https:\/\/zecovalve.com\/?post_type=product&#038;p=16069"},"modified":"2023-06-07T06:39:17","modified_gmt":"2023-06-07T06:39:17","slug":"wcb-ball-valve","status":"publish","type":"product","link":"https:\/\/zecovalve.com\/pt\/produto\/wcb-ball-valve","title":{"rendered":"V\u00e1lvula de esfera com bandeira WCB"},"content":{"rendered":"<p>ZECO Valve \u00e9 um fornecedor de v\u00e1lvula de esfera API 6D. Entre os muitos fornecedores de v\u00e1lvulas de esfera na China, a ZECO Valve tem uma gama completa de certifica\u00e7\u00f5es API e obteve a certifica\u00e7\u00e3o API 6D, bem como as certifica\u00e7\u00f5es de inc\u00eandio API 607 e API6FA.<\/p>\r\n\r\n\r\n\r\n<figure class=\"wp-block-image alignnone size-medium wp-image-16070\"><img loading=\"lazy\" decoding=\"async\" width=\"300\" height=\"225\" class=\"wp-image-16070\" src=\"https:\/\/zecovalve.com\/wp-content\/uploads\/2022\/06\/ball-valve-wcb-ball-valve-300x225.jpg\" alt=\"V\u00e1lvula de esfera Wcb\" srcset=\"https:\/\/zecovalve.com\/wp-content\/uploads\/2022\/06\/ball-valve-wcb-ball-valve-300x225.jpg 300w, https:\/\/zecovalve.com\/wp-content\/uploads\/2022\/06\/ball-valve-wcb-ball-valve-768x576.jpg 768w, https:\/\/zecovalve.com\/wp-content\/uploads\/2022\/06\/ball-valve-wcb-ball-valve-600x450.jpg 600w, https:\/\/zecovalve.com\/wp-content\/uploads\/2022\/06\/ball-valve-wcb-ball-valve.jpg 800w\" sizes=\"auto, (max-width: 300px) 100vw, 300px\" \/><\/figure>\r\n\r\n\r\n<div class=\"gb-button-wrapper gb-button-wrapper-6d8495a3\">\r\n\r\n\r\n<p><a class=\"gb-button gb-button-3d442e11 gb-button-text\" href=\"https:\/\/zecovalve.com\/pt\/contact\/\" target=\"_blank\" rel=\"noopener noreferrer\"><strong>OBTER V\u00c1LVULA DE ESFERA FLANGEADA PRE\u00c7O<\/strong><\/a><\/p>\r\n<\/div>\r\n\r\n\r\n\r\n\r\n<h2 class=\"wp-block-heading\">O que \u00e9 uma v\u00e1lvula de esfera com flange?<\/h2>\r\n\r\n\r\n\r\n<p>As v\u00e1lvulas de esfera flangeadas t\u00eam o nome da liga\u00e7\u00e3o da v\u00e1lvula de esfera, as v\u00e1lvulas de esfera flangeadas t\u00eam normalmente liga\u00e7\u00e3o RF e liga\u00e7\u00e3o RTJ, as normas de liga\u00e7\u00e3o est\u00e3o divididas em ASME B16.5, EN1092-1 e outras liga\u00e7\u00f5es.<\/p>\r\n\r\n\r\n\r\n<h2 class=\"wp-block-heading\" id=\"h-applications-of-wcb-flanged-ball-valve\">Aplica\u00e7\u00f5es da v\u00e1lvula de esfera flangeada WCB?<\/h2>\r\n\r\n\r\n\r\n<p>A v\u00e1lvula de esfera flangeada ZECO WCB \u00e9 adequada para as ind\u00fastrias de g\u00e1s natural, petr\u00f3leo, qu\u00edmica, metal\u00fargica, farmac\u00eautica e outras, incluindo v\u00e1lvulas de esfera flutuantes, v\u00e1lvulas de esfera com montagem em munh\u00e3o e v\u00e1lvulas de esfera de entrada superior.<\/p>\r\n\r\n\r\n\r\n<h2 class=\"wp-block-heading\">Estrutura da v\u00e1lvula de esfera flutuante com flange<\/h2>\r\n\r\n\r\n\r\n<p>A v\u00e1lvula de esfera flutuante \u00e9 um tipo de estrutura simples. Tem dois assentos que suportam a esfera, a esfera pode mover-se firmemente em dire\u00e7\u00e3o \u00e0 veda\u00e7\u00e3o para garantir a veda\u00e7\u00e3o na extremidade de sa\u00edda. Quando a v\u00e1lvula de esfera montada no munh\u00e3o est\u00e1 a ser utilizada, todas as for\u00e7as geradas pela press\u00e3o m\u00e9dia \u00e0 frente da v\u00e1lvula de esfera na tubagem sobre a esfera s\u00e3o transferidas para os rolamentos superior e inferior, e a esfera n\u00e3o se move. Os pontos de fuga da v\u00e1lvula de esfera de entrada superior s\u00e3o inferiores aos da v\u00e1lvula de esfera flutuante e da v\u00e1lvula de esfera montada no munh\u00e3o.<\/p>\r\n\r\n\r\n\r\n<h2 class=\"wp-block-heading\" id=\"h-features-of-wcb-flanged-ball-valve\">Caracter\u00edsticas da V\u00e1lvula de esfera flangeada WCB:<\/h2>\r\n\r\n\r\n\r\n<ul class=\"wp-block-list\">\r\n<li>Na posi\u00e7\u00e3o fechada, cada sede fecha o meio de processo independentemente em cada lado, ou simultaneamente em ambos os lados da esfera, a cavidade pode ser ventilada\/desbloqueada atrav\u00e9s de tamp\u00f5es de ventila\u00e7\u00e3o ou de drenagem no corpo da v\u00e1lvula;<\/li>\r\n<li>O dispositivo anti-est\u00e1tico \u00e9 uma carater\u00edstica padr\u00e3o da v\u00e1lvula de esfera flangeada ZECO WCB. Um pino com mola assegura a continuidade el\u00e9ctrica entre a esfera, a haste e o corpo, para evitar fa\u00edscas durante a rota\u00e7\u00e3o da haste para abrir e fechar a v\u00e1lvula de esfera;<\/li>\r\n<li>A haste da v\u00e1lvula de esfera flangeada ZECO WCB \u00e9 fabricada separadamente da esfera. A extremidade inferior da haste foi concebida com um ressalto integrado para ser \u00e0 prova de rebentamento;<\/li>\r\n<li>A v\u00e1lvula de esfera flangeada ZECO WCB tem dois vedantes de anel em O, evitando fugas na zona da haste.<\/li>\r\n<\/ul>\r\n\r\n\r\n\r\n<h2 class=\"wp-block-heading\" id=\"h-material-of-wcb-flanged-ball-valve\">Material da v\u00e1lvula de esfera flangeada WCB:<\/h2>\r\n\r\n\r\n\r\n<figure class=\"wp-block-table\">\r\n<table>\r\n<tbody>\r\n<tr>\r\n<td>N\u00e3o<\/td>\r\n<td>Parte<\/td>\r\n<td>Material<\/td>\r\n<\/tr>\r\n<tr>\r\n<td>1<\/td>\r\n<td>Corpo<\/td>\r\n<td>ASTM A216 WCB<\/td>\r\n<\/tr>\r\n<tr>\r\n<td>2<\/td>\r\n<td>Bon\u00e9<\/td>\r\n<td>ASTM A216 WCB<\/td>\r\n<\/tr>\r\n<tr>\r\n<td>3<\/td>\r\n<td>Bola<\/td>\r\n<td>ASTM A105<\/td>\r\n<\/tr>\r\n<tr>\r\n<td>4<\/td>\r\n<td>Assento<\/td>\r\n<td>ASTM A105 + PTFE<\/td>\r\n<\/tr>\r\n<tr>\r\n<td>5<\/td>\r\n<td>Caule<\/td>\r\n<td>ASTM A182 F6a<\/td>\r\n<\/tr>\r\n<tr>\r\n<td>6<\/td>\r\n<td>Dispositivo anti-est\u00e1tico<\/td>\r\n<td>SS304<\/td>\r\n<\/tr>\r\n<tr>\r\n<td>7<\/td>\r\n<td>Junta de veda\u00e7\u00e3o<\/td>\r\n<td>Grafite + SS304<\/td>\r\n<\/tr>\r\n<tr>\r\n<td>8<\/td>\r\n<td>Parafuso<\/td>\r\n<td>ASTM A193 B7<\/td>\r\n<\/tr>\r\n<tr>\r\n<td>9<\/td>\r\n<td>Porca<\/td>\r\n<td>ASTM A194 2H<\/td>\r\n<\/tr>\r\n<tr>\r\n<td>10<\/td>\r\n<td>O-ring<\/td>\r\n<td>Viton A<\/td>\r\n<\/tr>\r\n<tr>\r\n<td>11<\/td>\r\n<td>Alavanca<\/td>\r\n<td>ASTM A216 WCB<\/td>\r\n<\/tr>\r\n<\/tbody>\r\n<\/table>\r\n<\/figure>","protected":false},"excerpt":{"rendered":"<p>A v\u00e1lvula ZECO \u00e9 um fornecedor de v\u00e1lvulas de esfera API 6D. Entre os muitos fornecedores de v\u00e1lvulas de esfera na China, a ZECO Valve tem um completo\u2026 <a title=\"V\u00e1lvula de esfera com bandeira WCB\" class=\"read-more\" href=\"https:\/\/zecovalve.com\/pt\/produto\/wcb-ball-valve\" aria-label=\"Mais em V\u00e1lvula Esfera Bandeirada WCB\">Ler mais<\/a><\/p>","protected":false},"featured_media":27846,"comment_status":"closed","ping_status":"closed","template":"","meta":{"_generate-full-width-content":"","kt_blocks_editor_width":""},"product_cat":[2047,2461],"product_tag":[2804,2802,3896],"class_list":["post-16069","product","type-product","status-publish","has-post-thumbnail","hentry","product_cat-ball-valve","product_cat-ball-valve-by-material","product_tag-2-inch-ball-valve","product_tag-ball-valve-price","product_tag-flanged-ball-valve","sales-flash-overlay","woocommerce-text-align-center","woocommerce-image-align-center","do-quantity-buttons"],"featured_image_src_large":["https:\/\/zecovalve.com\/wp-content\/uploads\/2022\/06\/WCB-Flanged-Ball-Valve.jpg",800,600,false],"author_info":[],"comment_info":0,"taxonomy_info":{"product_cat":[{"value":2047,"label":"Ball Valve"},{"value":2461,"label":"Ball Valve By Material"}],"product_tag":[{"value":2804,"label":"2 inch Ball Valve"},{"value":2802,"label":"Ball Valve Price"},{"value":3896,"label":"Flanged Ball Valve"}]},"yoast_head":"<!-- This site is optimized with the Yoast SEO Premium plugin v15.4 - https:\/\/yoast.com\/wordpress\/plugins\/seo\/ -->\n<title>Flanged Ball Valve - API 6D Ball Valve Supplier | ZECO Valve<\/title>\n<meta name=\"robots\" content=\"index, follow, max-snippet:-1, max-image-preview:large, max-video-preview:-1\" \/>\n<link rel=\"canonical\" href=\"https:\/\/zecovalve.com\/pt\/produto\/wcb-ball-valve\" \/>\n<meta property=\"og:locale\" content=\"pt_PT\" \/>\n<meta property=\"og:type\" content=\"article\" \/>\n<meta property=\"og:title\" content=\"Flanged Ball Valve - API 6D Ball Valve Supplier | ZECO Valve\" \/>\n<meta property=\"og:description\" content=\"ZECO Valve is a API 6D ball valve supplier. Among the many ball valve suppliers in China, ZECO Valve has a full ... Ler mais\" \/>\n<meta property=\"og:url\" content=\"https:\/\/zecovalve.com\/pt\/produto\/wcb-ball-valve\" \/>\n<meta property=\"og:site_name\" content=\"ZECO Valve\" \/>\n<meta property=\"article:modified_time\" content=\"2023-06-07T06:39:17+00:00\" \/>\n<meta property=\"og:image\" content=\"https:\/\/zecovalve.com\/wp-content\/uploads\/2022\/06\/WCB-Flanged-Ball-Valve.jpg\" \/>\n\t<meta property=\"og:image:width\" content=\"800\" \/>\n\t<meta property=\"og:image:height\" content=\"600\" \/>\n<meta name=\"twitter:card\" content=\"summary_large_image\" \/>\n<meta name=\"twitter:label1\" content=\"Escrito por\">\n\t<meta name=\"twitter:data1\" content=\"Jerry\">\n\t<meta name=\"twitter:label2\" content=\"Tempo estimado de leitura\">\n\t<meta name=\"twitter:data2\" content=\"2 minutos\">\n<script type=\"application\/ld+json\" class=\"yoast-schema-graph\">{\"@context\":\"https:\/\/schema.org\",\"@graph\":[{\"@type\":\"WebSite\",\"@id\":\"https:\/\/zecovalve.com\/#website\",\"url\":\"https:\/\/zecovalve.com\/\",\"name\":\"ZECO Valve\",\"description\":\"Industrial Ball Valve, Gate Valve and Globe Valve Manufacturer\",\"potentialAction\":[{\"@type\":\"SearchAction\",\"target\":\"https:\/\/zecovalve.com\/?s={search_term_string}\",\"query-input\":\"required name=search_term_string\"}],\"inLanguage\":\"pt-PT\"},{\"@type\":\"ImageObject\",\"@id\":\"https:\/\/zecovalve.com\/product\/wcb-ball-valve#primaryimage\",\"inLanguage\":\"pt-PT\",\"url\":\"https:\/\/zecovalve.com\/wp-content\/uploads\/2022\/06\/WCB-Flanged-Ball-Valve.jpg\",\"width\":800,\"height\":600,\"caption\":\"WCB Flanged Ball Valve\"},{\"@type\":\"WebPage\",\"@id\":\"https:\/\/zecovalve.com\/product\/wcb-ball-valve#webpage\",\"url\":\"https:\/\/zecovalve.com\/product\/wcb-ball-valve\",\"name\":\"Flanged Ball Valve - API 6D Ball Valve Supplier | ZECO Valve\",\"isPartOf\":{\"@id\":\"https:\/\/zecovalve.com\/#website\"},\"primaryImageOfPage\":{\"@id\":\"https:\/\/zecovalve.com\/product\/wcb-ball-valve#primaryimage\"},\"datePublished\":\"2022-06-18T13:44:05+00:00\",\"dateModified\":\"2023-06-07T06:39:17+00:00\",\"breadcrumb\":{\"@id\":\"https:\/\/zecovalve.com\/product\/wcb-ball-valve#breadcrumb\"},\"inLanguage\":\"pt-PT\",\"potentialAction\":[{\"@type\":\"ReadAction\",\"target\":[\"https:\/\/zecovalve.com\/product\/wcb-ball-valve\"]}]},{\"@type\":\"BreadcrumbList\",\"@id\":\"https:\/\/zecovalve.com\/product\/wcb-ball-valve#breadcrumb\",\"itemListElement\":[{\"@type\":\"ListItem\",\"position\":1,\"item\":{\"@type\":\"WebPage\",\"@id\":\"https:\/\/zecovalve.com\/\",\"url\":\"https:\/\/zecovalve.com\/\",\"name\":\"Home\"}},{\"@type\":\"ListItem\",\"position\":2,\"item\":{\"@type\":\"WebPage\",\"@id\":\"https:\/\/zecovalve.com\/product-category\",\"url\":\"https:\/\/zecovalve.com\/product-category\",\"name\":\"Industrial Valve Manufacturer | Water Valve Manufacturer\"}},{\"@type\":\"ListItem\",\"position\":3,\"item\":{\"@type\":\"WebPage\",\"@id\":\"https:\/\/zecovalve.com\/product\/wcb-ball-valve\",\"url\":\"https:\/\/zecovalve.com\/product\/wcb-ball-valve\",\"name\":\"WCB Flagned Ball Valve\"}}]}]}<\/script>\n<!-- \/ Yoast SEO Premium plugin. -->","_links":{"self":[{"href":"https:\/\/zecovalve.com\/pt\/wp-json\/wp\/v2\/product\/16069","targetHints":{"allow":["GET"]}}],"collection":[{"href":"https:\/\/zecovalve.com\/pt\/wp-json\/wp\/v2\/product"}],"about":[{"href":"https:\/\/zecovalve.com\/pt\/wp-json\/wp\/v2\/types\/product"}],"replies":[{"embeddable":true,"href":"https:\/\/zecovalve.com\/pt\/wp-json\/wp\/v2\/comments?post=16069"}],"wp:featuredmedia":[{"embeddable":true,"href":"https:\/\/zecovalve.com\/pt\/wp-json\/wp\/v2\/media\/27846"}],"wp:attachment":[{"href":"https:\/\/zecovalve.com\/pt\/wp-json\/wp\/v2\/media?parent=16069"}],"wp:term":[{"taxonomy":"product_cat","embeddable":true,"href":"https:\/\/zecovalve.com\/pt\/wp-json\/wp\/v2\/product_cat?post=16069"},{"taxonomy":"product_tag","embeddable":true,"href":"https:\/\/zecovalve.com\/pt\/wp-json\/wp\/v2\/product_tag?post=16069"}],"curies":[{"name":"wp","href":"https:\/\/api.w.org\/{rel}","templated":true}]}}