{"id":16073,"date":"2022-06-18T13:57:28","date_gmt":"2022-06-18T13:57:28","guid":{"rendered":"https:\/\/zecovalve.com\/?post_type=product&#038;p=16073"},"modified":"2023-06-07T06:40:53","modified_gmt":"2023-06-07T06:40:53","slug":"electric-ball-valve","status":"publish","type":"product","link":"https:\/\/zecovalve.com\/pt\/produto\/electric-ball-valve","title":{"rendered":"V\u00e1lvula de esfera el\u00e9ctrica"},"content":{"rendered":"<p>As v\u00e1lvulas de esfera el\u00e9ctricas utilizam um atuador el\u00e9trico para rodar uma esfera com um orif\u00edcio no centro para controlar o fluxo.<\/p>\r\n\r\n\r\n\r\n<figure class=\"wp-block-image alignnone size-medium wp-image-16074\"><img loading=\"lazy\" decoding=\"async\" width=\"300\" height=\"225\" class=\"wp-image-16074\" src=\"https:\/\/zecovalve.com\/wp-content\/uploads\/2022\/06\/electric-ball-valve-300x225.jpg\" alt=\"V\u00e1lvula de esfera el\u00e9ctrica\" srcset=\"https:\/\/zecovalve.com\/wp-content\/uploads\/2022\/06\/electric-ball-valve-300x225.jpg 300w, https:\/\/zecovalve.com\/wp-content\/uploads\/2022\/06\/electric-ball-valve-768x576.jpg 768w, https:\/\/zecovalve.com\/wp-content\/uploads\/2022\/06\/electric-ball-valve-600x450.jpg 600w, https:\/\/zecovalve.com\/wp-content\/uploads\/2022\/06\/electric-ball-valve.jpg 800w\" sizes=\"auto, (max-width: 300px) 100vw, 300px\" \/><\/figure>\r\n\r\n\r\n<div class=\"gb-button-wrapper gb-button-wrapper-f8260ba6\">\r\n\r\n\r\n<p><a class=\"gb-button gb-button-e4f70767 gb-button-text\" href=\"mailto:commercial@zecovalve.com\" target=\"_blank\" rel=\"noopener noreferrer\"><strong>OBTER PRE\u00c7O DA V\u00c1LVULA DE ESFERA EL\u00c9CTRICA<\/strong><\/a><\/p>\r\n<\/div>\r\n\r\n\r\n\r\n\r\n<h2 class=\"wp-block-heading\" id=\"h-what-is-an-electric-ball-valve\">O que \u00e9 uma v\u00e1lvula de esfera el\u00e9ctrica?<\/h2>\r\n\r\n\r\n\r\n<p>A v\u00e1lvula de esfera el\u00e9ctrica ZECO tem o nome da combina\u00e7\u00e3o de um atuador el\u00e9trico e de uma v\u00e1lvula de esfera. \u00c9 normalmente utilizada em condutas m\u00e9dias que requerem controlo remoto de comuta\u00e7\u00e3o e ajuste. \u00c9 um produto de controlo importante no controlo da automa\u00e7\u00e3o industrial. Os actuadores el\u00e9ctricos da ZECO est\u00e3o normalmente equipados com actuadores el\u00e9ctricos alem\u00e3es AUMA. Se os clientes tiverem outros requisitos, a empresa ZECO tamb\u00e9m pode personaliz\u00e1-los de acordo com os requisitos dos clientes. A v\u00e1lvula de esfera el\u00e9ctrica de 2 polegadas \u00e9 um dos tipos mais comuns de v\u00e1lvula de esfera operada eletricamente.<\/p>\r\n\r\n\r\n\r\n<h2 class=\"wp-block-heading\">Como funciona uma v\u00e1lvula de esfera el\u00e9ctrica?<\/h2>\r\n\r\n\r\n\r\n<p>Geralmente, as v\u00e1lvulas de esfera el\u00e9ctricas convertem a energia el\u00e9ctrica em for\u00e7a rotativa utilizando o motor el\u00e9trico, fazendo girar as v\u00e1lvulas de esfera. \u00c9 o modo mais eficiente de controlar as v\u00e1lvulas devido \u00e0 energia el\u00e9ctrica limpa e ao modo silencioso de rodar as v\u00e1lvulas.<\/p>\r\n\r\n\r\n\r\n<p>Para o compreender melhor, eis como funciona a v\u00e1lvula de esfera el\u00e9ctrica.<\/p>\r\n\r\n\r\n\r\n<h3 class=\"wp-block-heading\">Passo um: Ligar o sistema<\/h3>\r\n\r\n\r\n\r\n<p>Primeiro, ligam-se as v\u00e1lvulas de esfera el\u00e9ctricas para permitir o fluxo adequado de corrente el\u00e9ctrica atrav\u00e9s do sistema. A corrente el\u00e9ctrica alimentar\u00e1 o motor el\u00e9trico que gerar\u00e1 um bin\u00e1rio transmitido por um veio ligado \u00e0 haste da v\u00e1lvula.<\/p>\r\n\r\n\r\n\r\n<p>Verificar\u00e1 que a v\u00e1lvula de esfera come\u00e7a a rodar devido \u00e0 a\u00e7\u00e3o do eixo e do motor el\u00e9trico. A quantidade de pot\u00eancia necess\u00e1ria para controlar as opera\u00e7\u00f5es da v\u00e1lvula de esfera el\u00e9ctrica varia em conformidade.<\/p>\r\n\r\n\r\n\r\n<p>Pode necessitar de 12V, 24V e 48V de corrente cont\u00ednua para ajudar a controlar a v\u00e1lvula de esfera el\u00e9ctrica. Por outro lado, tamb\u00e9m pode utilizar 24V, 48V, 120V, 130V e 240V de corrente alternada para controlar a v\u00e1lvula.<\/p>\r\n\r\n\r\n\r\n<h3 class=\"wp-block-heading\">Segundo passo: Controlar o bin\u00e1rio<\/h3>\r\n\r\n\r\n\r\n<p>\u00c0 medida que a energia flui atrav\u00e9s do motor, \u00e9 poss\u00edvel controlar a for\u00e7a que o motor produzir\u00e1 para rodar a v\u00e1lvula de esfera. Tem um sistema de diferentes engrenagens que ajudam a controlar o eixo, produzindo assim diferentes n\u00edveis de for\u00e7a.<\/p>\r\n\r\n\r\n\r\n<p>\u00c9 poss\u00edvel escolher a engrenagem que produzir\u00e1 a melhor das for\u00e7as que podem controlar a v\u00e1lvula de esfera el\u00e9ctrica em conformidade. A velocidade a que a v\u00e1lvula de esfera el\u00e9ctrica funciona \u00e9 inversamente proporcional ao bin\u00e1rio da v\u00e1lvula de esfera el\u00e9ctrica.<\/p>\r\n\r\n\r\n\r\n<h2 class=\"wp-block-heading\" id=\"h-features-of-electric-ball-valves\">Caracter\u00edsticas das v\u00e1lvulas de esfera el\u00e9ctricas:<\/h2>\r\n\r\n\r\n\r\n<ul class=\"wp-block-list\">\r\n<li>A ZECO est\u00e1 empenhada na premissa de que os produtos cumprem as normas internacionais e d\u00e1 o seu melhor na investiga\u00e7\u00e3o e desenvolvimento da empresa, de modo a minimizar os custos para os utilizadores. Por conseguinte, a ZECO envidou grandes esfor\u00e7os no que respeita ao bin\u00e1rio das v\u00e1lvulas de esfera e, por fim, desenvolveu um produto com um bin\u00e1rio inferior ao das v\u00e1lvulas de esfera existentes no mercado, de modo a poder ser equipado com um atuador el\u00e9trico com um bin\u00e1rio inferior na primeira velocidade para reduzir os custos para o utilizador;<\/li>\r\n<li>A v\u00e1lvula de esfera el\u00e9ctrica ZECO est\u00e1 dispon\u00edvel em s\u00e9ries de tamanho completo e de tamanho reduzido para satisfazer os diferentes requisitos dos clientes. As v\u00e1lvulas de esfera de di\u00e2metro total s\u00e3o fornecidas no mesmo canal que o di\u00e2metro interno da tubagem para uma resist\u00eancia m\u00ednima ao fluido e uma limpeza f\u00e1cil da tubagem. O peso das v\u00e1lvulas de esfera de di\u00e2metro reduzido \u00e9 apenas cerca de 70% do mesmo di\u00e2metro da v\u00e1lvula de esfera de di\u00e2metro total, o que pode reduzir efetivamente o custo e o pre\u00e7o, enquanto o coeficiente de resist\u00eancia do fluido \u00e9 apenas cerca de 1\/7 do mesmo di\u00e2metro da v\u00e1lvula de globo;<\/li>\r\n<li>A v\u00e1lvula de esfera de acionamento el\u00e9trico ZECO garante uma veda\u00e7\u00e3o fi\u00e1vel em condi\u00e7\u00f5es de v\u00e1cuo, altas e baixas;<\/li>\r\n<li>V\u00e1lvula de esfera el\u00e9ctrica ZECO com estrutura de al\u00edvio autom\u00e1tico da press\u00e3o, quando a press\u00e3o da tubagem aumenta anormalmente, o meio da c\u00e2mara pode confiar no seu pr\u00f3prio impulso para empurrar a sede e o al\u00edvio autom\u00e1tico da press\u00e3o.<\/li>\r\n<\/ul>\r\n\r\n\r\n\r\n<h2 class=\"wp-block-heading\" id=\"h-applications-of-electric-ball-valves\">Aplica\u00e7\u00f5es das V\u00e1lvulas de Esfera com Acionamento El\u00e9trico<\/h2>\r\n\r\n\r\n\r\n<ul class=\"wp-block-list\">\r\n<li>Equipamento para servi\u00e7os alimentares<\/li>\r\n<li>Ind\u00fastria de irriga\u00e7\u00e3o<\/li>\r\n<li>Sistemas de lavagem de ve\u00edculos<\/li>\r\n<li>Equipamento de tratamento de \u00e1gua<\/li>\r\n<li>Instala\u00e7\u00f5es de fabrico<\/li>\r\n<li>Aplica\u00e7\u00f5es m\u00f3veis<\/li>\r\n<li>Permutadores de calor<\/li>\r\n<\/ul>\r\n\r\n\r\n\r\n<h2 class=\"wp-block-heading\" id=\"h-how-to-install-an-electric-ball-valves\">Como instalar uma v\u00e1lvula de esfera el\u00e9ctrica?<\/h2>\r\n\r\n\r\n\r\n<p>Quando estiver a montar actuadores de v\u00e1lvulas el\u00e9ctricas no local, utilize pe\u00e7as robustas e padr\u00e3o da ind\u00fastria. Muitos actuadores e hardware de montagem utilizam as normas ISO 5211 para liga\u00e7\u00f5es, o que garante que v\u00e1rias marcas e componentes funcionam em conjunto sem problemas.<\/p>\r\n\r\n\r\n\r\n<p>S\u00e3o necess\u00e1rios pelo menos tr\u00eas componentes para a montagem:<\/p>\r\n\r\n\r\n\r\n<ul class=\"wp-block-list\">\r\n<li>Um acionamento de sa\u00edda<\/li>\r\n<li>Uma haste para ligar \u00e0 cabe\u00e7a da v\u00e1lvula<\/li>\r\n<li>Uma flange que monta o atuador na v\u00e1lvula<\/li>\r\n<li>V\u00e1rios actuadores requerem diferentes tipos de flanges com base no bin\u00e1rio e nos fixadores dispon\u00edveis.<\/li>\r\n<\/ul>\r\n\r\n\r\n\r\n<h2 class=\"wp-block-heading\" id=\"h-material-of-electrically-opened-ball-valve\">Material da v\u00e1lvula de esfera de abertura el\u00e9ctrica:<\/h2>\r\n\r\n\r\n\r\n<figure class=\"wp-block-table\">\r\n<table>\r\n<tbody>\r\n<tr>\r\n<td>N\u00e3o<\/td>\r\n<td>Parte<\/td>\r\n<td>Material<\/td>\r\n<\/tr>\r\n<tr>\r\n<td>1<\/td>\r\n<td>Corpo<\/td>\r\n<td>ASTM A105<\/td>\r\n<\/tr>\r\n<tr>\r\n<td>2<\/td>\r\n<td>Bon\u00e9<\/td>\r\n<td>ASTM A105<\/td>\r\n<\/tr>\r\n<tr>\r\n<td>3<\/td>\r\n<td>Bola<\/td>\r\n<td>ASTM A105<\/td>\r\n<\/tr>\r\n<tr>\r\n<td>4<\/td>\r\n<td>Assento<\/td>\r\n<td>ASTM A105 + PTFE<\/td>\r\n<\/tr>\r\n<tr>\r\n<td>5<\/td>\r\n<td>Caule<\/td>\r\n<td>ASTM A182 F6a<\/td>\r\n<\/tr>\r\n<tr>\r\n<td>6<\/td>\r\n<td>Dispositivo anti-est\u00e1tico<\/td>\r\n<td>SS304<\/td>\r\n<\/tr>\r\n<tr>\r\n<td>7<\/td>\r\n<td>Junta de veda\u00e7\u00e3o<\/td>\r\n<td>Grafite + SS304<\/td>\r\n<\/tr>\r\n<tr>\r\n<td>8<\/td>\r\n<td>Parafuso<\/td>\r\n<td>ASTM A193 B7<\/td>\r\n<\/tr>\r\n<tr>\r\n<td>9<\/td>\r\n<td>Porca<\/td>\r\n<td>ASTM A194 2H<\/td>\r\n<\/tr>\r\n<tr>\r\n<td>10<\/td>\r\n<td>O-ring<\/td>\r\n<td>Viton A<\/td>\r\n<\/tr>\r\n<tr>\r\n<td>11<\/td>\r\n<td>Atuador el\u00e9trico<\/td>\r\n<td>ASTM A182 F304<\/td>\r\n<\/tr>\r\n<\/tbody>\r\n<\/table>\r\n<\/figure>\r\n\r\n\r\n\r\n<h2 class=\"wp-block-heading\" id=\"faq11\">O que causa a falha na v\u00e1lvula de esfera el\u00e9ctrica?<\/h2>\r\n\r\n\r\n\r\n<h3 class=\"wp-block-heading\">M\u00e1 conce\u00e7\u00e3o da v\u00e1lvula de esfera el\u00e9ctrica<\/h3>\r\n\r\n\r\n\r\n<p>A conce\u00e7\u00e3o da v\u00e1lvula de esfera el\u00e9ctrica pode ser muito deficiente e n\u00e3o corresponder aos requisitos da aplica\u00e7\u00e3o. A m\u00e1 conce\u00e7\u00e3o pode ser em termos de m\u00e1 compatibilidade qu\u00edmica e m\u00e1 classifica\u00e7\u00e3o do caudal ou da taxa de press\u00e3o.<\/p>\r\n\r\n\r\n\r\n<h3 class=\"wp-block-heading\">Instala\u00e7\u00e3o defeituosa<\/h3>\r\n\r\n\r\n\r\n<p>Tamb\u00e9m pode haver falhas em opera\u00e7\u00f5es bem sucedidas, que podem resultar de instala\u00e7\u00f5es deficientes ou defeituosas. Pode haver fugas ou uma posi\u00e7\u00e3o incorrecta das v\u00e1lvulas de esfera el\u00e9ctricas, o que pode levar \u00e0 sua eventual falha.<\/p>\r\n\r\n\r\n\r\n<h3 class=\"wp-block-heading\">Opera\u00e7\u00f5es incorrectas<\/h3>\r\n\r\n\r\n\r\n<p>Para al\u00e9m dos contribuintes acima referidos, tamb\u00e9m pode haver opera\u00e7\u00f5es inadequadas para as v\u00e1lvulas de esfera el\u00e9ctricas. Por outras palavras, pode utilizar as v\u00e1lvulas de esfera el\u00e9ctricas para as opera\u00e7\u00f5es erradas, conduzindo assim a uma falha total.<\/p>","protected":false},"excerpt":{"rendered":"<p>As v\u00e1lvulas de esfera el\u00e9tricas usam um atuador el\u00e9trico para girar uma esfera com um orif\u00edcio no centro para controlar o fluxo. O que \u00e9 \u2026 <a title=\"V\u00e1lvula de esfera el\u00e9ctrica\" class=\"read-more\" href=\"https:\/\/zecovalve.com\/pt\/produto\/electric-ball-valve\" aria-label=\"Mais em V\u00e1lvula Esfera El\u00e9trica\">Ler mais<\/a><\/p>","protected":false},"featured_media":27847,"comment_status":"closed","ping_status":"closed","template":"","meta":{"_generate-full-width-content":"","kt_blocks_editor_width":""},"product_cat":[2047,2460,2465],"product_tag":[3295,3293,3869,3255,3291,3868,3294,2766,3292,2727],"class_list":["post-16073","product","type-product","status-publish","has-post-thumbnail","hentry","product_cat-ball-valve","product_cat-ball-valve-by-drive-mode","product_cat-forged-steel-ball-valve","product_tag-ball-valve-electric","product_tag-electric-actuated-ball-valve","product_tag-electric-actuator-ball-valve","product_tag-electric-ball-valve","product_tag-electrical-ball-valve","product_tag-electrically-actuated-ball-valve","product_tag-electronic-ball-valve","product_tag-motorised-valve","product_tag-motorized-ball-valve","product_tag-motorized-valve","sales-flash-overlay","woocommerce-text-align-center","woocommerce-image-align-center","do-quantity-buttons"],"featured_image_src_large":["https:\/\/zecovalve.com\/wp-content\/uploads\/2022\/06\/Electric-Ball-Valve-1.jpg",800,600,false],"author_info":[],"comment_info":0,"taxonomy_info":{"product_cat":[{"value":2047,"label":"Ball Valve"},{"value":2460,"label":"Ball Valve By Drive Mode"},{"value":2465,"label":"Forged Ball Valve"}],"product_tag":[{"value":3295,"label":"Ball Valve Electric"},{"value":3293,"label":"Electric Actuated Ball Valve"},{"value":3869,"label":"Electric Actuator Ball Valve"},{"value":3255,"label":"Electric Ball Valve"},{"value":3291,"label":"Electrical Ball Valve"},{"value":3868,"label":"Electrically Actuated Ball Valve"},{"value":3294,"label":"Electronic Ball Valve"},{"value":2766,"label":"Motorised Valve"},{"value":3292,"label":"Motorized Ball Valve"},{"value":2727,"label":"Motorized Valve"}]},"yoast_head":"<!-- This site is optimized with the Yoast SEO Premium plugin v15.4 - https:\/\/yoast.com\/wordpress\/plugins\/seo\/ -->\n<title>Electric Ball Valve - Electric Actuated Ball Valve | ZECO Valve<\/title>\n<meta name=\"robots\" content=\"index, follow, max-snippet:-1, max-image-preview:large, max-video-preview:-1\" \/>\n<link rel=\"canonical\" href=\"https:\/\/zecovalve.com\/pt\/produto\/electric-ball-valve\" \/>\n<meta property=\"og:locale\" content=\"pt_PT\" \/>\n<meta property=\"og:type\" content=\"article\" \/>\n<meta property=\"og:title\" content=\"Electric Ball Valve - Electric Actuated Ball Valve | ZECO Valve\" \/>\n<meta property=\"og:description\" content=\"Electric ball valves use an electric actuator to rotate a ball with a hole in the center to control flow. What is ... Ler mais\" \/>\n<meta property=\"og:url\" content=\"https:\/\/zecovalve.com\/pt\/produto\/electric-ball-valve\" \/>\n<meta property=\"og:site_name\" content=\"ZECO Valve\" \/>\n<meta property=\"article:modified_time\" content=\"2023-06-07T06:40:53+00:00\" \/>\n<meta property=\"og:image\" content=\"https:\/\/zecovalve.com\/wp-content\/uploads\/2022\/06\/Electric-Ball-Valve-1.jpg\" \/>\n\t<meta property=\"og:image:width\" content=\"800\" \/>\n\t<meta property=\"og:image:height\" content=\"600\" \/>\n<meta name=\"twitter:card\" content=\"summary_large_image\" \/>\n<meta name=\"twitter:label1\" content=\"Escrito por\">\n\t<meta name=\"twitter:data1\" content=\"Jerry\">\n\t<meta name=\"twitter:label2\" content=\"Tempo estimado de leitura\">\n\t<meta name=\"twitter:data2\" content=\"4 minutos\">\n<script type=\"application\/ld+json\" class=\"yoast-schema-graph\">{\"@context\":\"https:\/\/schema.org\",\"@graph\":[{\"@type\":\"WebSite\",\"@id\":\"https:\/\/zecovalve.com\/#website\",\"url\":\"https:\/\/zecovalve.com\/\",\"name\":\"ZECO Valve\",\"description\":\"Industrial Ball Valve, Gate Valve and Globe Valve Manufacturer\",\"potentialAction\":[{\"@type\":\"SearchAction\",\"target\":\"https:\/\/zecovalve.com\/?s={search_term_string}\",\"query-input\":\"required name=search_term_string\"}],\"inLanguage\":\"pt-PT\"},{\"@type\":\"ImageObject\",\"@id\":\"https:\/\/zecovalve.com\/product\/electric-ball-valve#primaryimage\",\"inLanguage\":\"pt-PT\",\"url\":\"https:\/\/zecovalve.com\/wp-content\/uploads\/2022\/06\/Electric-Ball-Valve-1.jpg\",\"width\":800,\"height\":600,\"caption\":\"Electric Ball Valve\"},{\"@type\":\"WebPage\",\"@id\":\"https:\/\/zecovalve.com\/product\/electric-ball-valve#webpage\",\"url\":\"https:\/\/zecovalve.com\/product\/electric-ball-valve\",\"name\":\"Electric Ball Valve - Electric Actuated Ball Valve | ZECO Valve\",\"isPartOf\":{\"@id\":\"https:\/\/zecovalve.com\/#website\"},\"primaryImageOfPage\":{\"@id\":\"https:\/\/zecovalve.com\/product\/electric-ball-valve#primaryimage\"},\"datePublished\":\"2022-06-18T13:57:28+00:00\",\"dateModified\":\"2023-06-07T06:40:53+00:00\",\"breadcrumb\":{\"@id\":\"https:\/\/zecovalve.com\/product\/electric-ball-valve#breadcrumb\"},\"inLanguage\":\"pt-PT\",\"potentialAction\":[{\"@type\":\"ReadAction\",\"target\":[\"https:\/\/zecovalve.com\/product\/electric-ball-valve\"]}]},{\"@type\":\"BreadcrumbList\",\"@id\":\"https:\/\/zecovalve.com\/product\/electric-ball-valve#breadcrumb\",\"itemListElement\":[{\"@type\":\"ListItem\",\"position\":1,\"item\":{\"@type\":\"WebPage\",\"@id\":\"https:\/\/zecovalve.com\/\",\"url\":\"https:\/\/zecovalve.com\/\",\"name\":\"Home\"}},{\"@type\":\"ListItem\",\"position\":2,\"item\":{\"@type\":\"WebPage\",\"@id\":\"https:\/\/zecovalve.com\/product-category\",\"url\":\"https:\/\/zecovalve.com\/product-category\",\"name\":\"Industrial Valve Manufacturer | Water Valve Manufacturer\"}},{\"@type\":\"ListItem\",\"position\":3,\"item\":{\"@type\":\"WebPage\",\"@id\":\"https:\/\/zecovalve.com\/product\/electric-ball-valve\",\"url\":\"https:\/\/zecovalve.com\/product\/electric-ball-valve\",\"name\":\"Electric Ball Valve\"}}]}]}<\/script>\n<!-- \/ Yoast SEO Premium plugin. -->","_links":{"self":[{"href":"https:\/\/zecovalve.com\/pt\/wp-json\/wp\/v2\/product\/16073","targetHints":{"allow":["GET"]}}],"collection":[{"href":"https:\/\/zecovalve.com\/pt\/wp-json\/wp\/v2\/product"}],"about":[{"href":"https:\/\/zecovalve.com\/pt\/wp-json\/wp\/v2\/types\/product"}],"replies":[{"embeddable":true,"href":"https:\/\/zecovalve.com\/pt\/wp-json\/wp\/v2\/comments?post=16073"}],"wp:featuredmedia":[{"embeddable":true,"href":"https:\/\/zecovalve.com\/pt\/wp-json\/wp\/v2\/media\/27847"}],"wp:attachment":[{"href":"https:\/\/zecovalve.com\/pt\/wp-json\/wp\/v2\/media?parent=16073"}],"wp:term":[{"taxonomy":"product_cat","embeddable":true,"href":"https:\/\/zecovalve.com\/pt\/wp-json\/wp\/v2\/product_cat?post=16073"},{"taxonomy":"product_tag","embeddable":true,"href":"https:\/\/zecovalve.com\/pt\/wp-json\/wp\/v2\/product_tag?post=16073"}],"curies":[{"name":"wp","href":"https:\/\/api.w.org\/{rel}","templated":true}]}}