{"id":16075,"date":"2022-06-18T14:00:20","date_gmt":"2022-06-18T14:00:20","guid":{"rendered":"https:\/\/zecovalve.com\/?post_type=product&#038;p=16075"},"modified":"2023-06-07T06:43:13","modified_gmt":"2023-06-07T06:43:13","slug":"metal-seated-ball-valve","status":"publish","type":"product","link":"https:\/\/zecovalve.com\/pt\/produto\/metal-seated-ball-valve","title":{"rendered":"V\u00e1lvula de esfera com sede met\u00e1lica"},"content":{"rendered":"<p>A v\u00e1lvula de esfera com sede de metal \u00e9 fabricada para altas temperaturas de at\u00e9 540 \u2103 (pode ser maior com base no material do corpo e da guarni\u00e7\u00e3o) ou resist\u00eancia \u00e0 abras\u00e3o.<\/p>\r\n\r\n\r\n\r\n<div class=\"wp-block-columns is-layout-flex wp-container-core-columns-is-layout-9d6595d7 wp-block-columns-is-layout-flex\">\r\n<div class=\"wp-block-column is-layout-flow wp-block-column-is-layout-flow\">\r\n<figure class=\"wp-block-image size-large\"><img decoding=\"async\" src=\"https:\/\/zecovalve.com\/wp-content\/uploads\/2022\/06\/metal-seated-ball-valve-1-300x225.jpg\" alt=\"\" \/><\/figure>\r\n<\/div>\r\n\r\n\r\n\r\n<div class=\"wp-block-column is-layout-flow wp-block-column-is-layout-flow\">\r\n<figure class=\"wp-block-image size-large\"><img decoding=\"async\" src=\"https:\/\/zecovalve.com\/wp-content\/uploads\/2022\/06\/metal-seated-ball-valve-2-300x225.jpg\" alt=\"\" \/><\/figure>\r\n<\/div>\r\n\r\n\r\n\r\n<div class=\"wp-block-column is-layout-flow wp-block-column-is-layout-flow\">\r\n<figure class=\"wp-block-image size-large\"><img decoding=\"async\" src=\"https:\/\/zecovalve.com\/wp-content\/uploads\/2022\/06\/metal-seated-ball-valve-3-300x225.jpg\" alt=\"\" \/><\/figure>\r\n<\/div>\r\n\r\n\r\n\r\n<div class=\"wp-block-column is-layout-flow wp-block-column-is-layout-flow\">\r\n<figure class=\"wp-block-image size-large\"><img decoding=\"async\" src=\"https:\/\/zecovalve.com\/wp-content\/uploads\/2022\/06\/metal-seated-ball-valve-4-300x225.jpg\" alt=\"\" \/><\/figure>\r\n<\/div>\r\n<\/div>\r\n\r\n\r\n<div class=\"gb-button-wrapper gb-button-wrapper-31f123f4\">\r\n\r\n\r\n<p><a class=\"gb-button gb-button-504ddfe8 gb-button-text\" href=\"mailto:commercial@zecovalve.com\" target=\"_blank\" rel=\"noopener noreferrer\"><strong><strong>OBTER PRE\u00c7O DA V\u00c1LVULA DE ESFERA COM SEDE MET\u00c1LICA<\/strong><\/strong><\/a><\/p>\r\n<\/div>\r\n\r\n\r\n\r\n\r\n<h2 class=\"wp-block-heading\" id=\"h-what-is-a-metal-seated-ball-valve\">O que \u00e9 uma v\u00e1lvula de esfera com sede met\u00e1lica?<\/h2>\r\n\r\n\r\n\r\n<p>A v\u00e1lvula de esfera com sede em metal da ZECO \u00e9 adequada para meios especiais de alta temperatura e alta press\u00e3o ou meios com part\u00edculas na tubagem. A sele\u00e7\u00e3o do tipo de v\u00e1lvula de esfera com sede met\u00e1lica com base em diferentes condi\u00e7\u00f5es de trabalho da an\u00e1lise e c\u00e1lculo, escolhendo condi\u00e7\u00f5es de trabalho adequadas da dureza do material, para adotar tecnologia avan\u00e7ada de soldadura por pulveriza\u00e7\u00e3o na superf\u00edcie de uma esfera e superf\u00edcie de veda\u00e7\u00e3o da sede da v\u00e1lvula para processamento especial, moagem com esfera dura, e a superf\u00edcie de veda\u00e7\u00e3o da sede torna a precis\u00e3o do ajuste sem fugas.<\/p>\r\n\r\n\r\n\r\n<h2 class=\"wp-block-heading\">Tipos de v\u00e1lvulas de esfera com sede met\u00e1lica<\/h2>\r\n\r\n\r\n\r\n<ul class=\"wp-block-list\">\r\n<li>As v\u00e1lvulas de esfera montadas em munh\u00e3o com sede met\u00e1lica s\u00e3o v\u00e1lvulas de esfera montadas em munh\u00e3o de corpo dividido com sedes de mola com al\u00edvio de cavidade, t\u00eam capacidade de bloqueio e purga dupla.<\/li>\r\n\r\n\r\n\r\n<li>A v\u00e1lvula de esfera flutuante com sede met\u00e1lica tem zero fugas para condi\u00e7\u00f5es de funcionamento a altas temperaturas. Al\u00e9m disso, tamb\u00e9m est\u00e3o dispon\u00edveis sedes com materiais de superf\u00edcie dura em carboneto de cr\u00f3mio, carboneto de tungst\u00e9nio ou estelite. Todas as v\u00e1lvulas de esfera flutuante Relia t\u00eam um design anti-est\u00e1tico e al\u00edvio autom\u00e1tico da cavidade do corpo.<\/li>\r\n<\/ul>\r\n\r\n\r\n\r\n<h2 class=\"wp-block-heading\">Aplica\u00e7\u00f5es das v\u00e1lvulas de esfera com sede met\u00e1lica<\/h2>\r\n\r\n\r\n\r\n<ul class=\"wp-block-list\">\r\n<li>Petr\u00f3leo e g\u00e1s<\/li>\r\n\r\n\r\n\r\n<li>Refina\u00e7\u00e3o \/ Petroqu\u00edmica<\/li>\r\n\r\n\r\n\r\n<li>Processo qu\u00edmico<\/li>\r\n\r\n\r\n\r\n<li>Produ\u00e7\u00e3o de energia<\/li>\r\n\r\n\r\n\r\n<li>Pasta e papel<\/li>\r\n\r\n\r\n\r\n<li>Explora\u00e7\u00e3o mineira<\/li>\r\n<\/ul>\r\n\r\n\r\n\r\n<h2 class=\"wp-block-heading\" id=\"h-features-of-metal-seat-ball-valve\">Caracter\u00edsticas da V\u00e1lvula de esfera de sede met\u00e1lica:<\/h2>\r\n\r\n\r\n\r\n<ul class=\"wp-block-list\">\r\n<li>Garantia absoluta de seguran\u00e7a contra inc\u00eandios. As v\u00e1lvulas de esfera com sede met\u00e1lica da ZECO t\u00eam um design absolutamente seguro contra inc\u00eandios. O contacto metal-metal \u00e9 concebido entre a esfera e a sede, onde existe uma fun\u00e7\u00e3o incondicional de seguran\u00e7a contra inc\u00eandios. A junta de grafite flex\u00edvel pode evitar fugas de fluido entre o corpo e a sede ou o corpo e o adaptador, mesmo em ambientes de alta temperatura, para atingir objectivos de seguran\u00e7a contra inc\u00eandios. Para al\u00e9m disso, outros componentes de veda\u00e7\u00e3o, como o empanque da haste, tamb\u00e9m podem ter uma fun\u00e7\u00e3o \u00e0 prova de fogo e evitar fugas externas. Assim, todas as partes da v\u00e1lvula n\u00e3o ser\u00e3o afectadas pelo servi\u00e7o a alta temperatura.<\/li>\r\n\r\n\r\n\r\n<li>Veda\u00e7\u00e3o fi\u00e1vel a baixa press\u00e3o. As v\u00e1lvulas de esfera com sede met\u00e1lica da ZECO adoptam uma estrutura de mola de sede, que pode empurrar a sede a montante firmemente contra a superf\u00edcie da esfera, criando uma veda\u00e7\u00e3o fi\u00e1vel mesmo a uma press\u00e3o extremamente baixa.<\/li>\r\n\r\n\r\n\r\n<li>Luz de bin\u00e1rio do interrutor da v\u00e1lvula de esfera com sede met\u00e1lica ZECO. Como a parte inferior do anel de veda\u00e7\u00e3o do anel de veda\u00e7\u00e3o da mola com a esfera est\u00e1 muito pr\u00f3xima, desde que o bin\u00e1rio do interrutor exceda a pr\u00e9-carga da mola, quando o interrutor ser\u00e1 muito leve e na configura\u00e7\u00e3o do atuador el\u00e9trico, pode-se escolher do que outras marcas da v\u00e1lvula de esfera com sede em metal um pequeno n\u00famero do atuador el\u00e9trico;<\/li>\r\n\r\n\r\n\r\n<li>As v\u00e1lvulas de esfera com sede met\u00e1lica da ZECO para altas temperaturas t\u00eam uma vida \u00fatil longa. A temperatura de funcionamento geral das v\u00e1lvulas de esfera com sede macia est\u00e1 limitada a 400 \u00b0F, mas as v\u00e1lvulas de esfera com sede met\u00e1lica t\u00eam garantida uma temperatura de servi\u00e7o m\u00e1xima de 800 \u00b0F.<\/li>\r\n\r\n\r\n\r\n<li>Haste \u00e0 prova de explos\u00e3o e dispositivo anti-est\u00e1tico. Como as v\u00e1lvulas de esfera gerais, as v\u00e1lvulas de esfera com sede met\u00e1lica da ZECO s\u00e3o fornecidas com haste \u00e0 prova de explos\u00e3o e dispositivo anti-est\u00e1tico.<\/li>\r\n<\/ul>\r\n\r\n\r\n\r\n<h2 class=\"wp-block-heading\" id=\"h-product-range-of-metal-seated-ball-valves\">Gama de produtos de v\u00e1lvulas de esfera com sede met\u00e1lica<\/h2>\r\n\r\n\r\n\r\n<figure class=\"wp-block-table is-style-stripes\">\r\n<table>\r\n<tbody>\r\n<tr>\r\n<td>\u00a0Tipo<\/td>\r\n<td>\u00a0V\u00e1lvula de esfera flutuante com sede em metal\/V\u00e1lvula de esfera munh\u00e3o com sede em metal<\/td>\r\n<\/tr>\r\n<tr>\r\n<td>\u00a0Material da carro\u00e7aria<\/td>\r\n<td>\u00a0A\u00e7o carbono, a\u00e7o carbono de baixa temperatura, a\u00e7o inoxid\u00e1vel, a\u00e7o duplex<\/td>\r\n<\/tr>\r\n<tr>\r\n<td>\u00a0Bola\/Superf\u00edcie do assento<\/td>\r\n<td>\u00a0Stellite, carboneto de tungst\u00e9nio, carboneto de cr\u00f3mio<\/td>\r\n<\/tr>\r\n<tr>\r\n<td>\u00a0Gama de tamanhos<\/td>\r\n<td>\u00a01\/2\"-48\" (DN15-DN600)<\/td>\r\n<\/tr>\r\n<tr>\r\n<td>\u00a0Classifica\u00e7\u00e3o por classe<\/td>\r\n<td>\u00a0Classe ANSI 150-2500 (PN20-PN420)<\/td>\r\n<\/tr>\r\n<tr>\r\n<td>\u00a0Liga\u00e7\u00e3o final<\/td>\r\n<td>\u00a0Soldadura de topo, Flangeado, Cubo<\/td>\r\n<\/tr>\r\n<tr>\r\n<td>\u00a0Operador<\/td>\r\n<td>\u00a0Alavanca, parafuso sem-fim, el\u00e9trico, pneum\u00e1tico, hidr\u00e1ulico<\/td>\r\n<\/tr>\r\n<tr>\r\n<td>Temperatura<\/td>\r\n<td>-196\u00b0C - 816\u00b0C (-320\u00b0F - 1.500\u00b0F)<\/td>\r\n<\/tr>\r\n<\/tbody>\r\n<\/table>\r\n<\/figure>\r\n\r\n\r\n\r\n<h2 class=\"wp-block-heading\">Normas aplic\u00e1veis \u00e0s v\u00e1lvulas de esfera com sede met\u00e1lica<\/h2>\r\n\r\n\r\n\r\n<figure class=\"wp-block-table is-style-stripes\">\r\n<table>\r\n<tbody>\r\n<tr>\r\n<td>CONSTRU\u00c7\u00c3O<\/td>\r\n<td>Carro\u00e7aria de duas pe\u00e7as ou carro\u00e7aria de tr\u00eas pe\u00e7as<br \/>Haste \u00e0 prova de rebentamento<\/td>\r\n<\/tr>\r\n<tr>\r\n<td>VEDA\u00c7\u00c3O<\/td>\r\n<td>Unidirecional ou bidirecional<\/td>\r\n<\/tr>\r\n<tr>\r\n<td>DESENHO<\/td>\r\n<td>API6D<br \/>ASME B16.34<\/td>\r\n<\/tr>\r\n<tr>\r\n<td>TESTE<\/td>\r\n<td>API6D<br \/>API598<br \/>EN12266<br \/>MSS SP82<br \/>ISO5208<\/td>\r\n<\/tr>\r\n<tr>\r\n<td>FACE A FACE<\/td>\r\n<td>ASME B16.10<br \/>EN558<br \/>JIS B2002<br \/>MSS SP72<\/td>\r\n<\/tr>\r\n<tr>\r\n<td>SEGURAN\u00c7A CONTRA INC\u00caNDIO<\/td>\r\n<td>Conce\u00e7\u00e3o e certifica\u00e7\u00e3o API607, API6Fa, ISO10497<\/td>\r\n<\/tr>\r\n<tr>\r\n<td>EMISS\u00d5ES EVASIVAS<\/td>\r\n<td>ISO EN15848-1<br \/>ISO EN15848-2<\/td>\r\n<\/tr>\r\n<tr>\r\n<td>OP\u00c7\u00d5ES<\/td>\r\n<td>Tampa do compartimento do motor alargada<br \/>Vedantes labiais<br \/>Sede de veda\u00e7\u00e3o por inje\u00e7\u00e3o e embalagem<br \/>Casaco de aquecimento<br \/>Drenagem e ventila\u00e7\u00e3o<br \/>Selos do DAE<br \/>DBB- DIB1 - DIB2 de acordo com API6D<\/td>\r\n<\/tr>\r\n<\/tbody>\r\n<\/table>\r\n<\/figure>\r\n\r\n\r\n\r\n<h2 class=\"wp-block-heading\">Material da v\u00e1lvula de esfera de sede met\u00e1lica<\/h2>\r\n\r\n\r\n\r\n<figure class=\"wp-block-table is-style-stripes\">\r\n<table>\r\n<tbody>\r\n<tr>\r\n<td>N\u00e3o<\/td>\r\n<td>Parte<\/td>\r\n<td>Material<\/td>\r\n<\/tr>\r\n<tr>\r\n<td>1<\/td>\r\n<td>Corpo<\/td>\r\n<td>ASTM A105<\/td>\r\n<\/tr>\r\n<tr>\r\n<td>2<\/td>\r\n<td>Bon\u00e9<\/td>\r\n<td>ASTM A105<\/td>\r\n<\/tr>\r\n<tr>\r\n<td>3<\/td>\r\n<td>Bola<\/td>\r\n<td>ASTM A105 + carboneto de tungst\u00e9nio<\/td>\r\n<\/tr>\r\n<tr>\r\n<td>4<\/td>\r\n<td>Assento<\/td>\r\n<td>ASTM A105 + STL<\/td>\r\n<\/tr>\r\n<tr>\r\n<td>5<\/td>\r\n<td>Caule<\/td>\r\n<td>ASTM A182 F6a<\/td>\r\n<\/tr>\r\n<tr>\r\n<td>6<\/td>\r\n<td>Dispositivo anti-est\u00e1tico<\/td>\r\n<td>SS304<\/td>\r\n<\/tr>\r\n<tr>\r\n<td>7<\/td>\r\n<td>Junta de veda\u00e7\u00e3o<\/td>\r\n<td>Grafite + SS304<\/td>\r\n<\/tr>\r\n<tr>\r\n<td>8<\/td>\r\n<td>Parafuso<\/td>\r\n<td>ASTM A193 B7<\/td>\r\n<\/tr>\r\n<tr>\r\n<td>9<\/td>\r\n<td>Porca<\/td>\r\n<td>ASTM A194 2H<\/td>\r\n<\/tr>\r\n<tr>\r\n<td>10<\/td>\r\n<td>O-ring<\/td>\r\n<td>Viton A<\/td>\r\n<\/tr>\r\n<tr>\r\n<td>11<\/td>\r\n<td>Alavanca<\/td>\r\n<td>ASTM A216 WCB<\/td>\r\n<\/tr>\r\n<\/tbody>\r\n<\/table>\r\n<\/figure>\r\n\r\n\r\n\r\n<p>Se procura fabricantes fi\u00e1veis de v\u00e1lvulas de esfera com sede em metal, a empresa ZECO pode ser a sua melhor escolha.<\/p>\r\n\r\n\r\n\r\n<p>A ZECO Valve oferece uma variedade de v\u00e1lvulas de esfera com sede em metal, incluindo v\u00e1lvulas de trunnion de tr\u00eas pe\u00e7as, flangeadas, de corpo soldado e de trunnion de metal com sede dupla. A principal vantagem das v\u00e1lvulas com sede met\u00e1lica \u00e9 a sua capacidade de suportar temperaturas elevadas e condi\u00e7\u00f5es de servi\u00e7o rigorosas. As sedes met\u00e1licas podem suportar flashing severo, choque hidr\u00e1ulico, fluido de processo abrasivo e temperaturas elevadas. S\u00e3o tamb\u00e9m ideais para aplica\u00e7\u00f5es de elevada eros\u00e3o ou corros\u00e3o.<\/p>","protected":false},"excerpt":{"rendered":"<p>A v\u00e1lvula esfera com sede met\u00e1lica \u00e9 fabricada para altas temperaturas de at\u00e9 540 \u2103 (pode ser maior com base no material do corpo\u2026 <a title=\"V\u00e1lvula de esfera com sede met\u00e1lica\" class=\"read-more\" href=\"https:\/\/zecovalve.com\/pt\/produto\/metal-seated-ball-valve\" aria-label=\"Mais em V\u00e1lvula Esfera com Sede Met\u00e1lica\">Ler mais<\/a><\/p>","protected":false},"featured_media":27848,"comment_status":"closed","ping_status":"closed","template":"","meta":{"_generate-full-width-content":"","kt_blocks_editor_width":""},"product_cat":[2047,2459,2465],"product_tag":[3920,3896,3922,3921,3914],"class_list":["post-16075","product","type-product","status-publish","has-post-thumbnail","hentry","product_cat-ball-valve","product_cat-ball-valve-by-form","product_cat-forged-steel-ball-valve","product_tag-api-6d-ball-valve","product_tag-flanged-ball-valve","product_tag-metal-seat-ball-valve","product_tag-metal-seated-ball-valve","product_tag-reduced-bore-ball-valve","sales-flash-overlay","woocommerce-text-align-center","woocommerce-image-align-center","do-quantity-buttons"],"featured_image_src_large":["https:\/\/zecovalve.com\/wp-content\/uploads\/2022\/06\/Metal-Seated-Ball-Valve.jpg",800,600,false],"author_info":[],"comment_info":0,"taxonomy_info":{"product_cat":[{"value":2047,"label":"Ball Valve"},{"value":2459,"label":"Ball Valve By Form"},{"value":2465,"label":"Forged Ball Valve"}],"product_tag":[{"value":3920,"label":"API 6D Ball Valve"},{"value":3896,"label":"Flanged Ball Valve"},{"value":3922,"label":"Metal Seat Ball Valve"},{"value":3921,"label":"Metal Seated Ball Valve"},{"value":3914,"label":"Reduced Bore Ball Valve"}]},"yoast_head":"<!-- This site is optimized with the Yoast SEO Premium plugin v15.4 - https:\/\/yoast.com\/wordpress\/plugins\/seo\/ -->\n<title>Metal Seat Ball Valve - Metal Seated Ball Valves Manufacturer | ZECO Valve<\/title>\n<meta name=\"robots\" content=\"index, follow, max-snippet:-1, max-image-preview:large, max-video-preview:-1\" \/>\n<link rel=\"canonical\" href=\"https:\/\/zecovalve.com\/pt\/produto\/metal-seated-ball-valve\" \/>\n<meta property=\"og:locale\" content=\"pt_PT\" \/>\n<meta property=\"og:type\" content=\"article\" \/>\n<meta property=\"og:title\" content=\"Metal Seat Ball Valve - Metal Seated Ball Valves Manufacturer | ZECO Valve\" \/>\n<meta property=\"og:description\" content=\"Metal Seated Ball Valve is manufactured for high temperatures up to 540\u2103 (may be higher based on the material of the body ... Ler mais\" \/>\n<meta property=\"og:url\" content=\"https:\/\/zecovalve.com\/pt\/produto\/metal-seated-ball-valve\" \/>\n<meta property=\"og:site_name\" content=\"ZECO Valve\" \/>\n<meta property=\"article:modified_time\" content=\"2023-06-07T06:43:13+00:00\" \/>\n<meta property=\"og:image\" content=\"https:\/\/zecovalve.com\/wp-content\/uploads\/2022\/06\/Metal-Seated-Ball-Valve.jpg\" \/>\n\t<meta property=\"og:image:width\" content=\"800\" \/>\n\t<meta property=\"og:image:height\" content=\"600\" \/>\n<meta name=\"twitter:card\" content=\"summary_large_image\" \/>\n<meta name=\"twitter:label1\" content=\"Escrito por\">\n\t<meta name=\"twitter:data1\" content=\"Jerry\">\n\t<meta name=\"twitter:label2\" content=\"Tempo estimado de leitura\">\n\t<meta name=\"twitter:data2\" content=\"3 minutos\">\n<script type=\"application\/ld+json\" class=\"yoast-schema-graph\">{\"@context\":\"https:\/\/schema.org\",\"@graph\":[{\"@type\":\"WebSite\",\"@id\":\"https:\/\/zecovalve.com\/#website\",\"url\":\"https:\/\/zecovalve.com\/\",\"name\":\"ZECO Valve\",\"description\":\"Industrial Ball Valve, Gate Valve and Globe Valve Manufacturer\",\"potentialAction\":[{\"@type\":\"SearchAction\",\"target\":\"https:\/\/zecovalve.com\/?s={search_term_string}\",\"query-input\":\"required name=search_term_string\"}],\"inLanguage\":\"pt-PT\"},{\"@type\":\"ImageObject\",\"@id\":\"https:\/\/zecovalve.com\/product\/metal-seated-ball-valve#primaryimage\",\"inLanguage\":\"pt-PT\",\"url\":\"https:\/\/zecovalve.com\/wp-content\/uploads\/2022\/06\/Metal-Seated-Ball-Valve.jpg\",\"width\":800,\"height\":600,\"caption\":\"Metal Seated Ball Valve\"},{\"@type\":\"WebPage\",\"@id\":\"https:\/\/zecovalve.com\/product\/metal-seated-ball-valve#webpage\",\"url\":\"https:\/\/zecovalve.com\/product\/metal-seated-ball-valve\",\"name\":\"Metal Seat Ball Valve - Metal Seated Ball Valves Manufacturer | ZECO Valve\",\"isPartOf\":{\"@id\":\"https:\/\/zecovalve.com\/#website\"},\"primaryImageOfPage\":{\"@id\":\"https:\/\/zecovalve.com\/product\/metal-seated-ball-valve#primaryimage\"},\"datePublished\":\"2022-06-18T14:00:20+00:00\",\"dateModified\":\"2023-06-07T06:43:13+00:00\",\"breadcrumb\":{\"@id\":\"https:\/\/zecovalve.com\/product\/metal-seated-ball-valve#breadcrumb\"},\"inLanguage\":\"pt-PT\",\"potentialAction\":[{\"@type\":\"ReadAction\",\"target\":[\"https:\/\/zecovalve.com\/product\/metal-seated-ball-valve\"]}]},{\"@type\":\"BreadcrumbList\",\"@id\":\"https:\/\/zecovalve.com\/product\/metal-seated-ball-valve#breadcrumb\",\"itemListElement\":[{\"@type\":\"ListItem\",\"position\":1,\"item\":{\"@type\":\"WebPage\",\"@id\":\"https:\/\/zecovalve.com\/\",\"url\":\"https:\/\/zecovalve.com\/\",\"name\":\"Home\"}},{\"@type\":\"ListItem\",\"position\":2,\"item\":{\"@type\":\"WebPage\",\"@id\":\"https:\/\/zecovalve.com\/product-category\",\"url\":\"https:\/\/zecovalve.com\/product-category\",\"name\":\"Industrial Valve Manufacturer | Water Valve Manufacturer\"}},{\"@type\":\"ListItem\",\"position\":3,\"item\":{\"@type\":\"WebPage\",\"@id\":\"https:\/\/zecovalve.com\/product\/metal-seated-ball-valve\",\"url\":\"https:\/\/zecovalve.com\/product\/metal-seated-ball-valve\",\"name\":\"Metal Seated Ball Valve\"}}]}]}<\/script>\n<!-- \/ Yoast SEO Premium plugin. -->","_links":{"self":[{"href":"https:\/\/zecovalve.com\/pt\/wp-json\/wp\/v2\/product\/16075","targetHints":{"allow":["GET"]}}],"collection":[{"href":"https:\/\/zecovalve.com\/pt\/wp-json\/wp\/v2\/product"}],"about":[{"href":"https:\/\/zecovalve.com\/pt\/wp-json\/wp\/v2\/types\/product"}],"replies":[{"embeddable":true,"href":"https:\/\/zecovalve.com\/pt\/wp-json\/wp\/v2\/comments?post=16075"}],"wp:featuredmedia":[{"embeddable":true,"href":"https:\/\/zecovalve.com\/pt\/wp-json\/wp\/v2\/media\/27848"}],"wp:attachment":[{"href":"https:\/\/zecovalve.com\/pt\/wp-json\/wp\/v2\/media?parent=16075"}],"wp:term":[{"taxonomy":"product_cat","embeddable":true,"href":"https:\/\/zecovalve.com\/pt\/wp-json\/wp\/v2\/product_cat?post=16075"},{"taxonomy":"product_tag","embeddable":true,"href":"https:\/\/zecovalve.com\/pt\/wp-json\/wp\/v2\/product_tag?post=16075"}],"curies":[{"name":"wp","href":"https:\/\/api.w.org\/{rel}","templated":true}]}}