{"id":16087,"date":"2022-06-19T03:36:22","date_gmt":"2022-06-19T03:36:22","guid":{"rendered":"https:\/\/zecovalve.com\/?post_type=product&#038;p=16087"},"modified":"2023-06-07T06:43:42","modified_gmt":"2023-06-07T06:43:42","slug":"floating-ball-valve","status":"publish","type":"product","link":"https:\/\/zecovalve.com\/pt\/produto\/floating-ball-valve","title":{"rendered":"V\u00e1lvula de esfera flutuante"},"content":{"rendered":"<p>No mundo das v\u00e1lvulas, as v\u00e1lvulas de esfera s\u00e3o conhecidas pelo seu design compacto e duradouro e pelo seu controlo on\/off fi\u00e1vel e de a\u00e7\u00e3o r\u00e1pida. As v\u00e1lvulas de esfera utilizam uma esfera com um orif\u00edcio (conhecido como orif\u00edcio) perfurado no centro para controlar o fluxo do fluido. A esfera \u00e9 rodada 90 graus para alinhar o orif\u00edcio com o corpo da v\u00e1lvula e permitir que o fluido passe atrav\u00e9s da v\u00e1lvula. Para fechar a v\u00e1lvula, a esfera \u00e9 rodada 90 graus de volta para a posi\u00e7\u00e3o fechada. Todas as v\u00e1lvulas de esfera dependem da utiliza\u00e7\u00e3o de duas sedes, normalmente feitas de politetrafluoroetileno (PTFE), para manter a esfera no lugar e criar uma veda\u00e7\u00e3o estanque para evitar a fuga de fluidos atrav\u00e9s da v\u00e1lvula.<\/p>\r\n\r\n\r\n\r\n<div class=\"wp-block-columns is-layout-flex wp-container-core-columns-is-layout-9d6595d7 wp-block-columns-is-layout-flex\">\r\n<div class=\"wp-block-column is-layout-flow wp-block-column-is-layout-flow\">\r\n<figure class=\"wp-block-image size-large\"><img decoding=\"async\" src=\"https:\/\/zecovalve.com\/wp-content\/uploads\/2022\/06\/floating-ball-valve-1_1636964328-300x225.jpg\" alt=\"\" \/><\/figure>\r\n<\/div>\r\n\r\n\r\n\r\n<div class=\"wp-block-column is-layout-flow wp-block-column-is-layout-flow\">\r\n<figure class=\"wp-block-image size-large\"><img decoding=\"async\" src=\"https:\/\/zecovalve.com\/wp-content\/uploads\/2022\/06\/floating-ball-valve-2-300x225.jpg\" alt=\"\" \/><\/figure>\r\n<\/div>\r\n\r\n\r\n\r\n<div class=\"wp-block-column is-layout-flow wp-block-column-is-layout-flow\">\r\n<figure class=\"wp-block-image size-large\"><img decoding=\"async\" src=\"https:\/\/zecovalve.com\/wp-content\/uploads\/2022\/06\/floating-ball-valve-3-300x225.jpg\" alt=\"\" \/><\/figure>\r\n<\/div>\r\n<\/div>\r\n\r\n\r\n\r\n<div class=\"wp-block-columns is-layout-flex wp-container-core-columns-is-layout-9d6595d7 wp-block-columns-is-layout-flex\">\r\n<div class=\"wp-block-column is-layout-flow wp-block-column-is-layout-flow\"><div class=\"wp-block-image\">\r\n<figure class=\"aligncenter size-full is-resized\"><img loading=\"lazy\" decoding=\"async\" class=\"wp-image-16091\" src=\"https:\/\/zecovalve.com\/wp-content\/uploads\/2022\/06\/floating-ball-valve-4.jpg\" alt=\"\" width=\"400\" height=\"300\" srcset=\"https:\/\/zecovalve.com\/wp-content\/uploads\/2022\/06\/floating-ball-valve-4.jpg 800w, https:\/\/zecovalve.com\/wp-content\/uploads\/2022\/06\/floating-ball-valve-4-300x225.jpg 300w, https:\/\/zecovalve.com\/wp-content\/uploads\/2022\/06\/floating-ball-valve-4-768x576.jpg 768w, https:\/\/zecovalve.com\/wp-content\/uploads\/2022\/06\/floating-ball-valve-4-600x450.jpg 600w\" sizes=\"auto, (max-width: 400px) 100vw, 400px\" \/><\/figure>\r\n<\/div><\/div>\r\n\r\n\r\n\r\n<div class=\"wp-block-column is-layout-flow wp-block-column-is-layout-flow\"><div class=\"wp-block-image\">\r\n<figure class=\"aligncenter size-full is-resized\"><img loading=\"lazy\" decoding=\"async\" class=\"wp-image-16092\" src=\"https:\/\/zecovalve.com\/wp-content\/uploads\/2022\/06\/floating-ball-valve-5.jpg\" alt=\"\" width=\"400\" height=\"300\" srcset=\"https:\/\/zecovalve.com\/wp-content\/uploads\/2022\/06\/floating-ball-valve-5.jpg 800w, https:\/\/zecovalve.com\/wp-content\/uploads\/2022\/06\/floating-ball-valve-5-300x225.jpg 300w, https:\/\/zecovalve.com\/wp-content\/uploads\/2022\/06\/floating-ball-valve-5-768x576.jpg 768w, https:\/\/zecovalve.com\/wp-content\/uploads\/2022\/06\/floating-ball-valve-5-600x450.jpg 600w\" sizes=\"auto, (max-width: 400px) 100vw, 400px\" \/><\/figure>\r\n<\/div><\/div>\r\n<\/div>\r\n\r\n\r\n<div class=\"gb-button-wrapper gb-button-wrapper-6d8495a3\">\r\n\r\n\r\n<p><a class=\"gb-button gb-button-3d442e11 gb-button-text\" href=\"mailto:commercial@zecovalve.com\" target=\"_blank\" rel=\"noopener noreferrer\"><strong>OBTER PRE\u00c7O DA V\u00c1LVULA DE ESFERA FLUTUANTE<\/strong><\/a><\/p>\r\n<\/div>\r\n\r\n\r\n\r\n\r\n<h2 class=\"wp-block-heading\" id=\"h-what-is-a-floating-ball-valve\">O que \u00e9 uma v\u00e1lvula de esfera flutuante?<\/h2>\r\n\r\n\r\n\r\n<p>Flutuante e trunnion s\u00e3o dois tipos b\u00e1sicos de modelos de v\u00e1lvulas de esfera.<\/p>\r\n\r\n\r\n\r\n<p>As v\u00e1lvulas de esfera flutuante s\u00e3o o tipo de v\u00e1lvula mais comum utilizado em sistemas de tubagens industriais. Estas v\u00e1lvulas s\u00e3o concebidas de modo a que, \u00e0 medida que as sedes come\u00e7am a desgastar-se, a press\u00e3o do meio que flui atrav\u00e9s da v\u00e1lvula force a esfera contra a sede a jusante para manter uma veda\u00e7\u00e3o estanque.<\/p>\r\n\r\n\r\n\r\n<p>A v\u00e1lvula de esfera flutuante ZECO tem duas sedes que suportam a esfera. Sob press\u00e3o m\u00e9dia, a esfera pode ser pressionada firmemente contra a superf\u00edcie de veda\u00e7\u00e3o para vedar a extremidade de sa\u00edda.<\/p>\r\n\r\n\r\n\r\n<div class=\"wp-block-columns is-layout-flex wp-container-core-columns-is-layout-9d6595d7 wp-block-columns-is-layout-flex\">\r\n<div class=\"wp-block-column is-vertically-aligned-center is-layout-flow wp-block-column-is-layout-flow\">\r\n<p class=\"has-text-align-left\">Nas v\u00e1lvulas de esfera flutuante, a esfera \u00e9 empurrada contra a sede a jusante pela press\u00e3o em linha, resultando em estanquicidade.<\/p>\r\n\r\n\r\n<div class=\"wp-block-image\">\r\n<figure class=\"aligncenter size-full is-resized\"><img loading=\"lazy\" decoding=\"async\" class=\"wp-image-18011\" src=\"https:\/\/zecovalve.com\/wp-content\/uploads\/2022\/07\/Floating-Ball-Valve.png\" alt=\"\" width=\"727\" height=\"350\" srcset=\"https:\/\/zecovalve.com\/wp-content\/uploads\/2022\/07\/Floating-Ball-Valve.png 800w, https:\/\/zecovalve.com\/wp-content\/uploads\/2022\/07\/Floating-Ball-Valve-300x144.png 300w, https:\/\/zecovalve.com\/wp-content\/uploads\/2022\/07\/Floating-Ball-Valve-768x370.png 768w, https:\/\/zecovalve.com\/wp-content\/uploads\/2022\/07\/Floating-Ball-Valve-600x289.png 600w\" sizes=\"auto, (max-width: 727px) 100vw, 727px\" \/><\/figure>\r\n<\/div><\/div>\r\n\r\n\r\n\r\n<div class=\"wp-block-column is-vertically-aligned-center is-layout-flow wp-block-column-is-layout-flow\">\r\n<p>Nas v\u00e1lvulas de esfera de munh\u00e3o, a esfera \u00e9 fixada por rolamentos que a impedem de flutuar a jusante. Um mecanismo de sede com mola assegura que a v\u00e1lvula permanece estanque \u00e0 medida que a sede come\u00e7a inevitavelmente a desgastar-se.<\/p>\r\n\r\n\r\n<div class=\"wp-block-image\">\r\n<figure class=\"aligncenter size-large is-resized\"><img loading=\"lazy\" decoding=\"async\" src=\"https:\/\/zecovalve.com\/wp-content\/uploads\/2022\/07\/Trunnion-Ball-Valve-1024x700.png\" alt=\"\" width=\"512\" height=\"350\" \/><\/figure>\r\n<\/div><\/div>\r\n<\/div>\r\n\r\n\r\n\r\n<h2 class=\"wp-block-heading\" id=\"h-how-does-a-floating-ball-valve-work\">Como funciona uma v\u00e1lvula de esfera flutuante?<\/h2>\r\n\r\n\r\n\r\n<p>O eixo da v\u00e1lvula de esfera flutuante est\u00e1 ligado \u00e0 parte superior da esfera e permite passar de uma posi\u00e7\u00e3o aberta para uma posi\u00e7\u00e3o fechada com um movimento de um quarto de volta (90 graus). Quando o eixo \u00e9 movido, \u00e9 aplicada uma carga \u00e0 esfera que \u00e9 pressionada contra os seus assentos.<\/p>\r\n\r\n\r\n\r\n<p>Quando accionada da posi\u00e7\u00e3o fechada para a posi\u00e7\u00e3o aberta, a esfera deve ser rodada contra a press\u00e3o na linha (\u2206p) e a fric\u00e7\u00e3o das sedes. Por outras palavras: o bin\u00e1rio necess\u00e1rio para acionar a v\u00e1lvula \u00e9 criado tanto pela press\u00e3o na linha como pela natureza das sedes da v\u00e1lvula. A quantidade de bin\u00e1rio necess\u00e1ria aumenta significativamente quando a press\u00e3o de funcionamento (\u2206p) e\/ou o tamanho da v\u00e1lvula aumentam, e\/ou quando a natureza da sede se torna mais robusta. Este \u00faltimo aplica-se no caso de um projeto de v\u00e1lvula com sede met\u00e1lica.<\/p>\r\n\r\n\r\n\r\n<p>Este design, leve e econ\u00f3mico, \u00e9 adequado para furos at\u00e9 10 polegadas: acima deste tamanho de furo, os assentos da v\u00e1lvula n\u00e3o seriam capazes de suportar esferas cada vez mais pesadas e a v\u00e1lvula n\u00e3o funcionaria de forma segura e eficiente.<\/p>\r\n\r\n\r\n\r\n<h2 class=\"wp-block-heading\">Normas da v\u00e1lvula de esfera flutuante<\/h2>\r\n\r\n\r\n\r\n<figure class=\"wp-block-table\">\r\n<table>\r\n<tbody>\r\n<tr>\r\n<td><strong>Conce\u00e7\u00e3o<\/strong><\/td>\r\n<td>API 6D, API 6DSS, ASME B16.34, ISO 14313, ISO 17292<\/td>\r\n<\/tr>\r\n<tr>\r\n<td><strong>Press\u00e3o de projeto<\/strong><\/td>\r\n<td>ASME B16.34, EN 1092-1, ISO 17292<\/td>\r\n<\/tr>\r\n<tr>\r\n<td><strong>Espessura da parede do corpo<\/strong><\/td>\r\n<td>ASME B16.34, ASME VIII Div. I, ISO 17292<\/td>\r\n<\/tr>\r\n<tr>\r\n<td><strong>Cara a cara<\/strong><\/td>\r\n<td>API 6D, ASME B16.10 Padr\u00e3o longo<\/td>\r\n<\/tr>\r\n<tr>\r\n<td><strong>Gama de temperaturas<\/strong><\/td>\r\n<td>-50\u00b0 a 200\u00b0C (-58\u00b0 a 392\u00b0F)<\/td>\r\n<\/tr>\r\n<tr>\r\n<td><strong>Gama de press\u00f5es<\/strong><\/td>\r\n<td>PN10 (ANSI 150) a PN420 (ANSI 2500)<\/td>\r\n<\/tr>\r\n<tr>\r\n<td><strong>Gama de tamanhos<\/strong><\/td>\r\n<td>DN15 (1\/2\u2033) a DN250 (10\u2033)<\/td>\r\n<\/tr>\r\n<tr>\r\n<td><strong>Liga\u00e7\u00f5es finais<\/strong><\/td>\r\n<td>ASME B16.5 Flangeado RF, FF, RTJ<br \/>ASME B16.25 Solda de topo BW<br \/>ASME B16.11 SW com solda de encaixe<br \/>ASME B36.10 PE de extremidade plana<br \/>ASME B1.20.1 Rosca NPT (F\/M)<\/td>\r\n<\/tr>\r\n<\/tbody>\r\n<\/table>\r\n<\/figure>\r\n\r\n\r\n\r\n<h2 class=\"wp-block-heading\" id=\"h-advantages-of-floating-ball-valves\">Vantagens das v\u00e1lvulas de esfera flutuante<\/h2>\r\n\r\n\r\n\r\n<ul class=\"wp-block-list\">\r\n<li>A v\u00e1lvula de esfera flutuante ZECO tem a fun\u00e7\u00e3o de indicar um interrutor. A esfera, a haste e o man\u00edpulo s\u00e3o as pe\u00e7as m\u00f3veis da v\u00e1lvula de esfera flutuante. O design da ZECO transforma a parte superior da haste numa estrutura quadrada plana, o que fornece uma indica\u00e7\u00e3o clara de que a v\u00e1lvula est\u00e1 na posi\u00e7\u00e3o aberta durante o servi\u00e7o quando o man\u00edpulo est\u00e1 paralelo \u00e0 linha; quando o man\u00edpulo est\u00e1 perpendicular \u00e0 linha, indica que a v\u00e1lvula est\u00e1 fechada;<\/li>\r\n<li>A v\u00e1lvula de esfera flutuante ZECO est\u00e1 equipada com um dispositivo de bloqueio. A ZECO adiciona dois parafusos de limite no empanque e coordena a patilha de localiza\u00e7\u00e3o do interrutor com um orif\u00edcio de bloqueio para garantir os danos na v\u00e1lvula causados por uma abertura excessiva. Por outro lado, \u00e9 garantido que a v\u00e1lvula pode ser bloqueada no estado totalmente aberto ou totalmente fechado e n\u00e3o pode ser operada por outro pessoal de forma incorrecta;<\/li>\r\n<li>V\u00e1lvula de esfera flutuante ZECO com a estrutura \u00e0 prova de explos\u00e3o da haste da v\u00e1lvula, a fim de evitar a manuten\u00e7\u00e3o da v\u00e1lvula, a press\u00e3o do meio para conter os danos para o pessoal de manuten\u00e7\u00e3o, ZECO definir uma plataforma convexa na parte inferior da estrutura da haste, por um lado, para garantir que a haste n\u00e3o ser\u00e1 fora do corpo, por outro lado, garantir at\u00e9 mesmo danos de embalagem, a haste da v\u00e1lvula conjuntos convexos e contato pr\u00f3ximo entre o corpo e n\u00e3o vai levar a um vazamento m\u00e9dio-grande;<\/li>\r\n<li>A v\u00e1lvula de esfera flutuante ZECO est\u00e1 equipada com o dispositivo anti-est\u00e1tico, a fric\u00e7\u00e3o entre a esfera, o PTFE e outros materiais n\u00e3o met\u00e1licos ir\u00e1 gerar uma acumula\u00e7\u00e3o eletrost\u00e1tica na esfera, sem evitar o perigo de fa\u00edsca eletrost\u00e1tica causada pelas condi\u00e7\u00f5es de trabalho, a ZECO instalou um dispositivo anti-est\u00e1tico na haste da v\u00e1lvula, que pode exportar a eletricidade est\u00e1tica atrav\u00e9s da haste da v\u00e1lvula.<\/li>\r\n<\/ul>\r\n\r\n\r\n\r\n<h2 class=\"wp-block-heading\">Desvantagens das v\u00e1lvulas de esfera flutuante<\/h2>\r\n\r\n\r\n\r\n<ul class=\"wp-block-list\">\r\n<li>Confian\u00e7a total no assento a jusante para o transporte de uma carga m\u00e9dia.<\/li>\r\n<li>Dif\u00edcil de operar quando a press\u00e3o a montante \u00e9 elevada.<\/li>\r\n<li>O assento absorve diretamente a gravidade da bola, pelo que n\u00e3o \u00e9 capaz de suportar de forma fi\u00e1vel press\u00f5es mais elevadas ou bolas maiores.<\/li>\r\n<\/ul>\r\n\r\n\r\n\r\n<h2 class=\"wp-block-heading\" id=\"h-applications-of-floating-ball-valve\">Aplica\u00e7\u00f5es da v\u00e1lvula de esfera flutuante<\/h2>\r\n\r\n\r\n\r\n<ul class=\"wp-block-list\">\r\n<li>Sistemas de fecho de emerg\u00eancia - os sistemas de tubagens, tais como os que envolvem combust\u00edveis, \u00e1gua ou gases cr\u00edticos, requerem frequentemente uma v\u00e1lvula de fecho de resposta r\u00e1pida em caso de emerg\u00eancia. Uma vez que este tipo de v\u00e1lvula de macho esf\u00e9rico n\u00e3o \u00e9 montado, funciona rapidamente e \u00e9, por isso, adequado para interrup\u00e7\u00f5es de emerg\u00eancia SIL 3.<\/li>\r\n<li>Sistemas de \u00e1gua - os sistemas de distribui\u00e7\u00e3o de \u00e1gua exigem que a press\u00e3o seja mantida a n\u00edveis \u00f3ptimos para manter o fluxo e evitar que as bolsas de ar restrinjam o fluxo de \u00e1gua. O caudal de \u00e1gua tamb\u00e9m precisa de ser controlado para evitar transbordos. Uma v\u00e1lvula de esfera flutuante seria uma boa escolha para o controlo do sistema de \u00e1gua, uma vez que \u00e9 sens\u00edvel \u00e0 press\u00e3o e pode abrir e fechar conforme necess\u00e1rio com base nas condi\u00e7\u00f5es de press\u00e3o.<\/li>\r\n<li>Al\u00edvio da press\u00e3o nas condutas - a gest\u00e3o da press\u00e3o nas condutas \u00e9 essencial para evitar rupturas e outros acidentes semelhantes. Uma v\u00e1lvula de esfera flutuante pode ser adicionada a uma tubagem como v\u00e1lvula de sa\u00edda de press\u00e3o, uma vez que assume a press\u00e3o mantendo-se intacta, ao contr\u00e1rio de uma v\u00e1lvula de esfera montada que pode por vezes rebentar.<\/li>\r\n<\/ul>\r\n\r\n\r\n\r\n<h2 class=\"wp-block-heading\" id=\"h-material-of-floating-ball-valve\">Material da v\u00e1lvula de esfera flutuante:<\/h2>\r\n\r\n\r\n\r\n<figure class=\"wp-block-table is-style-stripes\">\r\n<table>\r\n<tbody>\r\n<tr>\r\n<td>N\u00e3o<\/td>\r\n<td>Parte<\/td>\r\n<td>Material<\/td>\r\n<\/tr>\r\n<tr>\r\n<td>1<\/td>\r\n<td>Corpo<\/td>\r\n<td>ASTM A216 WCB<\/td>\r\n<\/tr>\r\n<tr>\r\n<td>2<\/td>\r\n<td>Bon\u00e9<\/td>\r\n<td>ASTM A216 WCB<\/td>\r\n<\/tr>\r\n<tr>\r\n<td>3<\/td>\r\n<td>Bola<\/td>\r\n<td>ASTM A105<\/td>\r\n<\/tr>\r\n<tr>\r\n<td>4<\/td>\r\n<td>Assento<\/td>\r\n<td>ASTM A105 + PTFE<\/td>\r\n<\/tr>\r\n<tr>\r\n<td>5<\/td>\r\n<td>Caule<\/td>\r\n<td>ASTM A182 F6a<\/td>\r\n<\/tr>\r\n<tr>\r\n<td>6<\/td>\r\n<td>Dispositivo anti-est\u00e1tico<\/td>\r\n<td>SS304<\/td>\r\n<\/tr>\r\n<tr>\r\n<td>7<\/td>\r\n<td>Junta de veda\u00e7\u00e3o<\/td>\r\n<td>Grafite + SS304<\/td>\r\n<\/tr>\r\n<tr>\r\n<td>8<\/td>\r\n<td>Parafuso<\/td>\r\n<td>ASTM A193 B7<\/td>\r\n<\/tr>\r\n<tr>\r\n<td>9<\/td>\r\n<td>Porca<\/td>\r\n<td>ASTM A194 2H<\/td>\r\n<\/tr>\r\n<tr>\r\n<td>10<\/td>\r\n<td>O-ring<\/td>\r\n<td>Viton A<\/td>\r\n<\/tr>\r\n<tr>\r\n<td>11<\/td>\r\n<td>Alavanca<\/td>\r\n<td>ASTM A216 WCB<\/td>\r\n<\/tr>\r\n<\/tbody>\r\n<\/table>\r\n<\/figure>","protected":false},"excerpt":{"rendered":"<p>No mundo das v\u00e1lvulas, as v\u00e1lvulas de esfera s\u00e3o conhecidas por seu design compacto e dur\u00e1vel e controle liga\/desliga confi\u00e1vel e de a\u00e7\u00e3o r\u00e1pida. As v\u00e1lvulas de esfera utilizam\u2026 <a title=\"V\u00e1lvula de esfera flutuante\" class=\"read-more\" href=\"https:\/\/zecovalve.com\/pt\/produto\/floating-ball-valve\" aria-label=\"Mais em V\u00e1lvula Esfera Flutuante\">Ler mais<\/a><\/p>","protected":false},"featured_media":27849,"comment_status":"closed","ping_status":"closed","template":"","meta":{"_generate-full-width-content":"","kt_blocks_editor_width":""},"product_cat":[2047,2459],"product_tag":[2655,2804,2656,3920],"class_list":["post-16087","product","type-product","status-publish","has-post-thumbnail","hentry","product_cat-ball-valve","product_cat-ball-valve-by-form","product_tag-1-2-ball-valve","product_tag-2-inch-ball-valve","product_tag-3-4-ball-valve","product_tag-api-6d-ball-valve","sales-flash-overlay","woocommerce-text-align-center","woocommerce-image-align-center","do-quantity-buttons"],"featured_image_src_large":["https:\/\/zecovalve.com\/wp-content\/uploads\/2022\/06\/Floating-Ball-Valve.jpg",800,600,false],"author_info":[],"comment_info":0,"taxonomy_info":{"product_cat":[{"value":2047,"label":"Ball Valve"},{"value":2459,"label":"Ball Valve By Form"}],"product_tag":[{"value":2655,"label":"1 2 ball valve"},{"value":2804,"label":"2 inch Ball Valve"},{"value":2656,"label":"3 4 ball valve"},{"value":3920,"label":"API 6D Ball Valve"}]},"yoast_head":"<!-- This site is optimized with the Yoast SEO Premium plugin v15.4 - https:\/\/yoast.com\/wordpress\/plugins\/seo\/ -->\n<title>Floating Ball Valve - Competitive Ball Valve Price | Ball Valve Supplier | ZECO<\/title>\n<meta name=\"robots\" content=\"index, follow, max-snippet:-1, max-image-preview:large, max-video-preview:-1\" \/>\n<link rel=\"canonical\" href=\"https:\/\/zecovalve.com\/pt\/produto\/floating-ball-valve\" \/>\n<meta property=\"og:locale\" content=\"pt_PT\" \/>\n<meta property=\"og:type\" content=\"article\" \/>\n<meta property=\"og:title\" content=\"Floating Ball Valve - Competitive Ball Valve Price | Ball Valve Supplier | ZECO\" \/>\n<meta property=\"og:description\" content=\"In the world of valves, ball valves are known for their compact, durable design and reliable, fast-acting on\/off control. Ball valves utilize ... Ler mais\" \/>\n<meta property=\"og:url\" content=\"https:\/\/zecovalve.com\/pt\/produto\/floating-ball-valve\" \/>\n<meta property=\"og:site_name\" content=\"ZECO Valve\" \/>\n<meta property=\"article:modified_time\" content=\"2023-06-07T06:43:42+00:00\" \/>\n<meta property=\"og:image\" content=\"https:\/\/zecovalve.com\/wp-content\/uploads\/2022\/06\/Floating-Ball-Valve.jpg\" \/>\n\t<meta property=\"og:image:width\" content=\"800\" \/>\n\t<meta property=\"og:image:height\" content=\"600\" \/>\n<meta name=\"twitter:card\" content=\"summary_large_image\" \/>\n<meta name=\"twitter:label1\" content=\"Escrito por\">\n\t<meta name=\"twitter:data1\" content=\"Jerry\">\n\t<meta name=\"twitter:label2\" content=\"Tempo estimado de leitura\">\n\t<meta name=\"twitter:data2\" content=\"4 minutos\">\n<script type=\"application\/ld+json\" class=\"yoast-schema-graph\">{\"@context\":\"https:\/\/schema.org\",\"@graph\":[{\"@type\":\"WebSite\",\"@id\":\"https:\/\/zecovalve.com\/#website\",\"url\":\"https:\/\/zecovalve.com\/\",\"name\":\"ZECO Valve\",\"description\":\"Industrial Ball Valve, Gate Valve and Globe Valve Manufacturer\",\"potentialAction\":[{\"@type\":\"SearchAction\",\"target\":\"https:\/\/zecovalve.com\/?s={search_term_string}\",\"query-input\":\"required name=search_term_string\"}],\"inLanguage\":\"pt-PT\"},{\"@type\":\"ImageObject\",\"@id\":\"https:\/\/zecovalve.com\/product\/floating-ball-valve#primaryimage\",\"inLanguage\":\"pt-PT\",\"url\":\"https:\/\/zecovalve.com\/wp-content\/uploads\/2022\/06\/Floating-Ball-Valve.jpg\",\"width\":800,\"height\":600,\"caption\":\"Floating Ball Valve\"},{\"@type\":\"WebPage\",\"@id\":\"https:\/\/zecovalve.com\/product\/floating-ball-valve#webpage\",\"url\":\"https:\/\/zecovalve.com\/product\/floating-ball-valve\",\"name\":\"Floating Ball Valve - Competitive Ball Valve Price | Ball Valve Supplier | ZECO\",\"isPartOf\":{\"@id\":\"https:\/\/zecovalve.com\/#website\"},\"primaryImageOfPage\":{\"@id\":\"https:\/\/zecovalve.com\/product\/floating-ball-valve#primaryimage\"},\"datePublished\":\"2022-06-19T03:36:22+00:00\",\"dateModified\":\"2023-06-07T06:43:42+00:00\",\"breadcrumb\":{\"@id\":\"https:\/\/zecovalve.com\/product\/floating-ball-valve#breadcrumb\"},\"inLanguage\":\"pt-PT\",\"potentialAction\":[{\"@type\":\"ReadAction\",\"target\":[\"https:\/\/zecovalve.com\/product\/floating-ball-valve\"]}]},{\"@type\":\"BreadcrumbList\",\"@id\":\"https:\/\/zecovalve.com\/product\/floating-ball-valve#breadcrumb\",\"itemListElement\":[{\"@type\":\"ListItem\",\"position\":1,\"item\":{\"@type\":\"WebPage\",\"@id\":\"https:\/\/zecovalve.com\/\",\"url\":\"https:\/\/zecovalve.com\/\",\"name\":\"Home\"}},{\"@type\":\"ListItem\",\"position\":2,\"item\":{\"@type\":\"WebPage\",\"@id\":\"https:\/\/zecovalve.com\/product-category\",\"url\":\"https:\/\/zecovalve.com\/product-category\",\"name\":\"Industrial Valve Manufacturer | Water Valve Manufacturer\"}},{\"@type\":\"ListItem\",\"position\":3,\"item\":{\"@type\":\"WebPage\",\"@id\":\"https:\/\/zecovalve.com\/product\/floating-ball-valve\",\"url\":\"https:\/\/zecovalve.com\/product\/floating-ball-valve\",\"name\":\"Floating Ball Valve\"}}]}]}<\/script>\n<!-- \/ Yoast SEO Premium plugin. -->","_links":{"self":[{"href":"https:\/\/zecovalve.com\/pt\/wp-json\/wp\/v2\/product\/16087","targetHints":{"allow":["GET"]}}],"collection":[{"href":"https:\/\/zecovalve.com\/pt\/wp-json\/wp\/v2\/product"}],"about":[{"href":"https:\/\/zecovalve.com\/pt\/wp-json\/wp\/v2\/types\/product"}],"replies":[{"embeddable":true,"href":"https:\/\/zecovalve.com\/pt\/wp-json\/wp\/v2\/comments?post=16087"}],"wp:featuredmedia":[{"embeddable":true,"href":"https:\/\/zecovalve.com\/pt\/wp-json\/wp\/v2\/media\/27849"}],"wp:attachment":[{"href":"https:\/\/zecovalve.com\/pt\/wp-json\/wp\/v2\/media?parent=16087"}],"wp:term":[{"taxonomy":"product_cat","embeddable":true,"href":"https:\/\/zecovalve.com\/pt\/wp-json\/wp\/v2\/product_cat?post=16087"},{"taxonomy":"product_tag","embeddable":true,"href":"https:\/\/zecovalve.com\/pt\/wp-json\/wp\/v2\/product_tag?post=16087"}],"curies":[{"name":"wp","href":"https:\/\/api.w.org\/{rel}","templated":true}]}}