{"id":16093,"date":"2022-06-19T03:39:21","date_gmt":"2022-06-19T03:39:21","guid":{"rendered":"https:\/\/zecovalve.com\/?post_type=product&#038;p=16093"},"modified":"2023-06-15T12:37:34","modified_gmt":"2023-06-15T12:37:34","slug":"wedge-gate-valve","status":"publish","type":"product","link":"https:\/\/zecovalve.com\/pt\/produto\/wedge-gate-valve","title":{"rendered":"V\u00e1lvula de gaveta em cunha"},"content":{"rendered":"<p>A v\u00e1lvula gaveta em cunha \u00e9 uma v\u00e1lvula de servi\u00e7o geral multivoltas de movimento linear.<\/p>\r\n\r\n\r\n\r\n<div class=\"wp-block-columns is-layout-flex wp-container-core-columns-is-layout-9d6595d7 wp-block-columns-is-layout-flex\">\r\n<div class=\"wp-block-column is-layout-flow wp-block-column-is-layout-flow\">\r\n<figure class=\"wp-block-image size-large\"><img decoding=\"async\" src=\"https:\/\/zecovalve.com\/wp-content\/uploads\/2022\/06\/wedge-gate-valve-1-300x225.jpg\" alt=\"\" \/><\/figure>\r\n<\/div>\r\n\r\n\r\n\r\n<div class=\"wp-block-column is-layout-flow wp-block-column-is-layout-flow\">\r\n<figure class=\"wp-block-image size-large\"><img decoding=\"async\" src=\"https:\/\/zecovalve.com\/wp-content\/uploads\/2022\/06\/wedge-gate-valve-2-300x225.jpg\" alt=\"\" \/><\/figure>\r\n<\/div>\r\n\r\n\r\n\r\n<div class=\"wp-block-column is-layout-flow wp-block-column-is-layout-flow\">\r\n<figure class=\"wp-block-image size-large\"><img decoding=\"async\" src=\"https:\/\/zecovalve.com\/wp-content\/uploads\/2022\/06\/wedge-gate-valve-3-300x225.jpg\" alt=\"\" \/><\/figure>\r\n<\/div>\r\n<\/div>\r\n\r\n\r\n\r\n<div class=\"wp-block-columns is-layout-flex wp-container-core-columns-is-layout-9d6595d7 wp-block-columns-is-layout-flex\">\r\n<div class=\"wp-block-column is-layout-flow wp-block-column-is-layout-flow\">\r\n<figure class=\"wp-block-image size-full is-resized\"><img loading=\"lazy\" decoding=\"async\" class=\"wp-image-16097\" src=\"https:\/\/zecovalve.com\/wp-content\/uploads\/2022\/06\/wedge-gate-valve-4.jpg\" alt=\"\" width=\"400\" height=\"300\" srcset=\"https:\/\/zecovalve.com\/wp-content\/uploads\/2022\/06\/wedge-gate-valve-4.jpg 800w, https:\/\/zecovalve.com\/wp-content\/uploads\/2022\/06\/wedge-gate-valve-4-300x225.jpg 300w, https:\/\/zecovalve.com\/wp-content\/uploads\/2022\/06\/wedge-gate-valve-4-768x576.jpg 768w, https:\/\/zecovalve.com\/wp-content\/uploads\/2022\/06\/wedge-gate-valve-4-600x450.jpg 600w\" sizes=\"auto, (max-width: 400px) 100vw, 400px\" \/><\/figure>\r\n<\/div>\r\n\r\n\r\n\r\n<div class=\"wp-block-column is-layout-flow wp-block-column-is-layout-flow\">\r\n<figure class=\"wp-block-image size-full is-resized\"><img loading=\"lazy\" decoding=\"async\" class=\"wp-image-16098\" src=\"https:\/\/zecovalve.com\/wp-content\/uploads\/2022\/06\/wedge-gate-valve-5_1636963499.jpg\" alt=\"\" width=\"400\" height=\"300\" srcset=\"https:\/\/zecovalve.com\/wp-content\/uploads\/2022\/06\/wedge-gate-valve-5_1636963499.jpg 800w, https:\/\/zecovalve.com\/wp-content\/uploads\/2022\/06\/wedge-gate-valve-5_1636963499-300x225.jpg 300w, https:\/\/zecovalve.com\/wp-content\/uploads\/2022\/06\/wedge-gate-valve-5_1636963499-768x576.jpg 768w, https:\/\/zecovalve.com\/wp-content\/uploads\/2022\/06\/wedge-gate-valve-5_1636963499-600x450.jpg 600w\" sizes=\"auto, (max-width: 400px) 100vw, 400px\" \/><\/figure>\r\n<\/div>\r\n<\/div>\r\n\r\n\r\n<div class=\"gb-button-wrapper gb-button-wrapper-6d8495a3\">\r\n\r\n\r\n<p><a class=\"gb-button gb-button-3d442e11 gb-button-text\" href=\"mailto:commercial@zecovalve.com\" target=\"_blank\" rel=\"noopener noreferrer\"><strong>OBTER PRE\u00c7O DA V\u00c1LVULA DE GATE DE CUNHA<\/strong><\/a><\/p>\r\n<\/div>\r\n\r\n\r\n\r\n\r\n<h2 class=\"wp-block-heading\">Tipos de v\u00e1lvula gaveta de acordo com o tipo de elemento de fechamento<\/h2>\r\n\r\n\r\n\r\n<ul class=\"wp-block-list\">\r\n<li>V\u00e1lvula gaveta de disco paralelo<\/li>\r\n<li>V\u00e1lvula de gaveta em cunha<\/li>\r\n<\/ul>\r\n\r\n\r\n\r\n<h2 class=\"wp-block-heading\" id=\"h-what-is-a-wedge-gate-valve\">O que \u00e9 uma v\u00e1lvula gaveta em cunha?<\/h2>\r\n\r\n\r\n\r\n<p>A v\u00e1lvula gaveta ZECO \u00e9 um dos tipos de v\u00e1lvula gaveta. As v\u00e1lvulas gaveta em cunha t\u00eam esse nome porque as duas superf\u00edcies de veda\u00e7\u00e3o se assemelham a cunhas no corpo. Em geral, as duas superf\u00edcies de veda\u00e7\u00e3o da v\u00e1lvula gaveta em cunha e o \u00e2ngulo da linha central vertical de 2 \u00b0 52 &#039;, 3&#039; 30 \u00b0, 5 \u00b0, 8 \u00b0 e assim por diante. As v\u00e1lvulas gaveta em cunha podem ser divididas em v\u00e1lvula gaveta com haste ascendente e v\u00e1lvula gaveta com haste n\u00e3o ascendente de acordo com a estrutura da haste, e v\u00e1lvula gaveta em cunha e v\u00e1lvula gaveta de disco duplo de acordo com a estrutura da gaveta. ZECO \u00e9 um fabricante profissional de v\u00e1lvulas gaveta na China, com quase 30 anos de experi\u00eancia e hist\u00f3ria na produ\u00e7\u00e3o de v\u00e1lvulas gaveta.<\/p>\r\n\r\n\r\n\r\n<h2 class=\"wp-block-heading\">Tipos de v\u00e1lvula gaveta em cunha<\/h2>\r\n\r\n\r\n\r\n<h3 class=\"wp-block-heading\">V\u00e1lvula de cunha s\u00f3lida<\/h3>\r\n\r\n\r\n\r\n<p>A v\u00e1lvula gaveta s\u00f3lida ou de cunha \u00fanica \u00e9 o tipo mais amplamente utilizado e de menor custo na ind\u00fastria de processos para servi\u00e7os de petr\u00f3leo, g\u00e1s e ar. O objetivo do formato de cunha \u00e9 introduzir uma alta carga de assentamento suplementar. A v\u00e1lvula gaveta s\u00f3lida pode ser instalada em qualquer posi\u00e7\u00e3o, adequada para quase todos os fluidos e pr\u00e1tica para servi\u00e7os de fluxo turbulento.<\/p>\r\n\r\n\r\n\r\n<p>Em algumas situa\u00e7\u00f5es, a v\u00e1lvula n\u00e3o pode ser reaberta at\u00e9 que a temperatura do sistema reaque\u00e7a a v\u00e1lvula; este fen\u00f4meno \u00e9 conhecido como \u201ccegueira t\u00e9rmica\u201d. As v\u00e1lvulas gaveta em cunha podem ser descritas como padr\u00f5es de parafuso interno ou de parafuso externo. As v\u00e1lvulas de cunha s\u00f3lida na ind\u00fastria de abastecimento de \u00e1gua s\u00e3o populares como v\u00e1lvulas de eclusa.<\/p>\r\n\r\n\r\n<div class=\"wp-block-image\">\r\n<figure class=\"aligncenter size-full is-resized\"><img loading=\"lazy\" decoding=\"async\" class=\"wp-image-19454\" src=\"https:\/\/zecovalve.com\/wp-content\/uploads\/2022\/07\/GATE-VALVE-SOLID-WEDGE.webp\" alt=\"\" width=\"506\" height=\"386\" \/><\/figure>\r\n<\/div>\r\n\r\n\r\n<h3 class=\"wp-block-heading\" id=\"h-flexible-wedge-gate-valve\">V\u00e1lvula de cunha flex\u00edvel<\/h3>\r\n\r\n\r\n\r\n<p>A cunha flex\u00edvel \u00e9 um disco s\u00f3lido de pe\u00e7a \u00fanica com um corte ao redor do per\u00edmetro. Esses cortes variam em tamanho, forma e profundidade. Um corte raso e estreito no per\u00edmetro da cunha proporciona menos flexibilidade, mas mant\u00e9m a resist\u00eancia. Um recesso fundido ou um corte mais profundo e largo no per\u00edmetro da cunha proporciona mais flexibilidade, mas compromete a resist\u00eancia.<\/p>\r\n\r\n\r\n\r\n<p>Este design melhora o alinhamento da sede e oferece melhor estanqueidade. Tamb\u00e9m melhorou o desempenho em situa\u00e7\u00f5es onde a liga\u00e7\u00e3o t\u00e9rmica \u00e9 poss\u00edvel. As v\u00e1lvulas gaveta de cunhas flex\u00edveis s\u00e3o usadas em sistemas de vapor.<\/p>\r\n\r\n\r\n<div class=\"wp-block-image\">\r\n<figure class=\"aligncenter size-full is-resized\"><img loading=\"lazy\" decoding=\"async\" class=\"wp-image-19455\" src=\"https:\/\/zecovalve.com\/wp-content\/uploads\/2022\/07\/FLEBILE-WEDGE-GATE-VALVE.webp\" alt=\"\" width=\"285\" height=\"362\" \/><\/figure>\r\n<\/div>\r\n\r\n\r\n<h2 class=\"wp-block-heading\">Aplica\u00e7\u00f5es de v\u00e1lvulas gaveta em cunha<\/h2>\r\n\r\n\r\n\r\n<p>Adequado para aplica\u00e7\u00e3o geral como v\u00e1lvulas liga\/desliga e de isolamento, n\u00e3o recomendado para fins de estrangulamento e\/ou regula\u00e7\u00e3o. Eles t\u00eam excelente resist\u00eancia a terremotos, choques, vibra\u00e7\u00f5es, press\u00e3o e golpes e podem funcionar perfeitamente entre -196\u00b0C e 595\u00b0C.<\/p>\r\n\r\n\r\n\r\n<h2 class=\"wp-block-heading\" id=\"h-features-of-wedge-gate-valve\">Caracter\u00edsticas da v\u00e1lvula gaveta em cunha:<\/h2>\r\n\r\n\r\n\r\n<ul class=\"wp-block-list\">\r\n<li>A v\u00e1lvula gaveta ZECO adota porta tipo cunha, pois o \u00e2ngulo da comporta \u00e9 tipo cunha com a linha central vertical, pode ser fechada cada vez mais firmemente no processo de fechamento, garantindo ainda mais o efeito de veda\u00e7\u00e3o;<\/li>\r\n<li>A v\u00e1lvula gaveta ZECO adota haste de eleva\u00e7\u00e3o, que pode ver visualmente o estado de abertura ou fechamento da v\u00e1lvula \u00e0 dist\u00e2ncia e \u00e9 mais f\u00e1cil de avaliar. A haste e a porta s\u00e3o conectadas por uma ranhura em T, e a cabe\u00e7a em T da haste \u00e9 forjada como um todo para garantir resist\u00eancia de conex\u00e3o suficiente;<\/li>\r\n<li>A v\u00e1lvula gaveta em cunha ZECO \u00e9 projetada com um design selado que permite a substitui\u00e7\u00e3o da gaxeta quando totalmente aberta. Este projeto garante que a gaxeta possa ser substitu\u00edda on-line quando precisar ser substitu\u00edda caso a gaxeta esteja danificada, evitando desperd\u00edcio de pessoal causado pela desmontagem da v\u00e1lvula;<\/li>\r\n<li>A v\u00e1lvula gaveta ZECO \u00e9 projetada com prote\u00e7\u00e3o anticolis\u00e3o na superf\u00edcie do flange quando sai da f\u00e1brica, o que pode proteger a superf\u00edcie convexa conectada ao flange do tubo durante o transporte e evitar danos \u00e0 v\u00e1lvula em caso de colis\u00e3o.<\/li>\r\n<\/ul>\r\n\r\n\r\n\r\n<h2 class=\"wp-block-heading\" id=\"h-material-of-wedge-gate-valve\">Material da v\u00e1lvula gaveta em cunha:<\/h2>\r\n\r\n\r\n\r\n<figure class=\"wp-block-table is-style-stripes\">\r\n<table>\r\n<tbody>\r\n<tr>\r\n<td>N\u00e3o<\/td>\r\n<td>Parte<\/td>\r\n<td>Material<\/td>\r\n<\/tr>\r\n<tr>\r\n<td>1<\/td>\r\n<td>Corpo<\/td>\r\n<td>ASTM A216 WCB<\/td>\r\n<\/tr>\r\n<tr>\r\n<td>2<\/td>\r\n<td>Anel de assento<\/td>\r\n<td>ASTM A105 + 13Cr<\/td>\r\n<\/tr>\r\n<tr>\r\n<td>3<\/td>\r\n<td>Cunha<\/td>\r\n<td>ASTM A216 WCB + 13Cr<\/td>\r\n<\/tr>\r\n<tr>\r\n<td>4<\/td>\r\n<td>Caule<\/td>\r\n<td>ASTM A276 410<\/td>\r\n<\/tr>\r\n<tr>\r\n<td>5<\/td>\r\n<td>Junta da tampa do compartimento<\/td>\r\n<td>Grafite + SS304<\/td>\r\n<\/tr>\r\n<tr>\r\n<td>6<\/td>\r\n<td>Parafuso do castelo<\/td>\r\n<td>ASTM A193 B7<\/td>\r\n<\/tr>\r\n<tr>\r\n<td>7<\/td>\r\n<td>Porca do castelo<\/td>\r\n<td>ASTM A194 2H<\/td>\r\n<\/tr>\r\n<tr>\r\n<td>8<\/td>\r\n<td>Bon\u00e9<\/td>\r\n<td>ASTM A216 WCB<\/td>\r\n<\/tr>\r\n<tr>\r\n<td>9<\/td>\r\n<td>Banco traseiro<\/td>\r\n<td>ASTM A182 F6a<\/td>\r\n<\/tr>\r\n<tr>\r\n<td>10<\/td>\r\n<td>Enchimento da haste<\/td>\r\n<td>Grafite refor\u00e7ada<\/td>\r\n<\/tr>\r\n<tr>\r\n<td>11<\/td>\r\n<td>Volante<\/td>\r\n<td>KTH330-08<\/td>\r\n<\/tr>\r\n<\/tbody>\r\n<\/table>\r\n<\/figure>\r\n\r\n\r\n\r\n<h2 class=\"wp-block-heading\" id=\"h-zeco-wedge-gate-valve-licence-approvals\">Licen\u00e7a e aprova\u00e7\u00f5es da v\u00e1lvula gaveta ZECO<\/h2>\r\n\r\n\r\n\r\n<figure class=\"wp-block-table is-style-stripes\">\r\n<table>\r\n<tbody>\r\n<tr>\r\n<td>NOME V\u00c1LIDO<\/td>\r\n<td>INSTITUI\u00c7\u00c3O<\/td>\r\n<\/tr>\r\n<tr>\r\n<td>API 600-0351<\/td>\r\n<td>Instituto Americano de petroleo<\/td>\r\n<\/tr>\r\n<tr>\r\n<td>API 6D-1225<\/td>\r\n<td>Instituto Americano de petroleo<\/td>\r\n<\/tr>\r\n<tr>\r\n<td>ISO 9001:2015<\/td>\r\n<td>TQCS INTERNACIONAL (GRUPO) PTY LTD\\<\/td>\r\n<\/tr>\r\n<tr>\r\n<td>ISO 14001:2015<\/td>\r\n<td>TQCS INTERNACIONAL (GRUPO) PTY LTD\\<\/td>\r\n<\/tr>\r\n<tr>\r\n<td>ISO 45001:2018<\/td>\r\n<td>TQCS INTERNACIONAL (GRUPO) PTY LTD\\<\/td>\r\n<\/tr>\r\n<tr>\r\n<td>Certificado de teste de inc\u00eandio API 6FA<\/td>\r\n<td>TUV SUD SERVICE GMBH<\/td>\r\n<\/tr>\r\n<tr>\r\n<td>CE-2810<\/td>\r\n<td>DIRETIVA DE EQUIPAMENTOS DE PRESS\u00c3O 2014\/68\/UE<\/td>\r\n<\/tr>\r\n<\/tbody>\r\n<\/table>\r\n<\/figure>","protected":false},"excerpt":{"rendered":"<p>A v\u00e1lvula gaveta em cunha \u00e9 uma v\u00e1lvula de servi\u00e7o geral multivoltas de movimento linear. Tipos de v\u00e1lvula gaveta de acordo com o tipo de elemento de fechamento Disco paralelo\u2026 <a title=\"V\u00e1lvula de gaveta em cunha\" class=\"read-more\" href=\"https:\/\/zecovalve.com\/pt\/produto\/wedge-gate-valve\" aria-label=\"Mais em V\u00e1lvula de gaveta em cunha\">Ler mais<\/a><\/p>","protected":false},"featured_media":27870,"comment_status":"closed","ping_status":"closed","template":"","meta":{"_generate-full-width-content":"","kt_blocks_editor_width":""},"product_cat":[2052,2456],"product_tag":[2798,2723],"class_list":["post-16093","product","type-product","status-publish","has-post-thumbnail","hentry","product_cat-gate-valve","product_cat-gate-valve-by-form","product_tag-osy-valve","product_tag-what-is-a-valve","sales-flash-overlay","woocommerce-text-align-center","woocommerce-image-align-center","do-quantity-buttons"],"featured_image_src_large":["https:\/\/zecovalve.com\/wp-content\/uploads\/2022\/06\/Gear-Valve-Gear-Operated-Gate-Valve.jpg",800,600,false],"author_info":[],"comment_info":0,"taxonomy_info":{"product_cat":[{"value":2052,"label":"Gate Valve"},{"value":2456,"label":"Gate Valve By Form"}],"product_tag":[{"value":2798,"label":"OS&amp;Y Valve"},{"value":2723,"label":"What is a Valve"}]},"yoast_head":"<!-- This site is optimized with the Yoast SEO Premium plugin v15.4 - https:\/\/yoast.com\/wordpress\/plugins\/seo\/ -->\n<title>Wedge Gate Valve - Various Gate Vave Types | ZECO Valve<\/title>\n<meta name=\"robots\" content=\"index, follow, max-snippet:-1, max-image-preview:large, max-video-preview:-1\" \/>\n<link rel=\"canonical\" href=\"https:\/\/zecovalve.com\/pt\/produto\/wedge-gate-valve\" \/>\n<meta property=\"og:locale\" content=\"pt_PT\" \/>\n<meta property=\"og:type\" content=\"article\" \/>\n<meta property=\"og:title\" content=\"Wedge Gate Valve - Various Gate Vave Types | ZECO Valve\" \/>\n<meta property=\"og:description\" content=\"Wedge gate valve is a linear motion, multi-turn general service valve. Gate valve Types as per Type of Closing Element Parallel disk ... Ler mais\" \/>\n<meta property=\"og:url\" content=\"https:\/\/zecovalve.com\/pt\/produto\/wedge-gate-valve\" \/>\n<meta property=\"og:site_name\" content=\"ZECO Valve\" \/>\n<meta property=\"article:modified_time\" content=\"2023-06-15T12:37:34+00:00\" \/>\n<meta property=\"og:image\" content=\"https:\/\/zecovalve.com\/wp-content\/uploads\/2022\/06\/Gear-Valve-Gear-Operated-Gate-Valve.jpg\" \/>\n\t<meta property=\"og:image:width\" content=\"800\" \/>\n\t<meta property=\"og:image:height\" content=\"600\" \/>\n<meta name=\"twitter:card\" content=\"summary_large_image\" \/>\n<meta name=\"twitter:label1\" content=\"Escrito por\">\n\t<meta name=\"twitter:data1\" content=\"Jerry\">\n\t<meta name=\"twitter:label2\" content=\"Tempo estimado de leitura\">\n\t<meta name=\"twitter:data2\" content=\"3 minutos\">\n<script type=\"application\/ld+json\" class=\"yoast-schema-graph\">{\"@context\":\"https:\/\/schema.org\",\"@graph\":[{\"@type\":\"WebSite\",\"@id\":\"https:\/\/zecovalve.com\/#website\",\"url\":\"https:\/\/zecovalve.com\/\",\"name\":\"ZECO Valve\",\"description\":\"Industrial Ball Valve, Gate Valve and Globe Valve Manufacturer\",\"potentialAction\":[{\"@type\":\"SearchAction\",\"target\":\"https:\/\/zecovalve.com\/?s={search_term_string}\",\"query-input\":\"required name=search_term_string\"}],\"inLanguage\":\"pt-PT\"},{\"@type\":\"ImageObject\",\"@id\":\"https:\/\/zecovalve.com\/product\/wedge-gate-valve#primaryimage\",\"inLanguage\":\"pt-PT\",\"url\":\"https:\/\/zecovalve.com\/wp-content\/uploads\/2022\/06\/Gear-Valve-Gear-Operated-Gate-Valve.jpg\",\"width\":800,\"height\":600,\"caption\":\"Gear Valve - Gear Operated Gate Valve\"},{\"@type\":\"WebPage\",\"@id\":\"https:\/\/zecovalve.com\/product\/wedge-gate-valve#webpage\",\"url\":\"https:\/\/zecovalve.com\/product\/wedge-gate-valve\",\"name\":\"Wedge Gate Valve - Various Gate Vave Types | ZECO Valve\",\"isPartOf\":{\"@id\":\"https:\/\/zecovalve.com\/#website\"},\"primaryImageOfPage\":{\"@id\":\"https:\/\/zecovalve.com\/product\/wedge-gate-valve#primaryimage\"},\"datePublished\":\"2022-06-19T03:39:21+00:00\",\"dateModified\":\"2023-06-15T12:37:34+00:00\",\"breadcrumb\":{\"@id\":\"https:\/\/zecovalve.com\/product\/wedge-gate-valve#breadcrumb\"},\"inLanguage\":\"pt-PT\",\"potentialAction\":[{\"@type\":\"ReadAction\",\"target\":[\"https:\/\/zecovalve.com\/product\/wedge-gate-valve\"]}]},{\"@type\":\"BreadcrumbList\",\"@id\":\"https:\/\/zecovalve.com\/product\/wedge-gate-valve#breadcrumb\",\"itemListElement\":[{\"@type\":\"ListItem\",\"position\":1,\"item\":{\"@type\":\"WebPage\",\"@id\":\"https:\/\/zecovalve.com\/\",\"url\":\"https:\/\/zecovalve.com\/\",\"name\":\"Home\"}},{\"@type\":\"ListItem\",\"position\":2,\"item\":{\"@type\":\"WebPage\",\"@id\":\"https:\/\/zecovalve.com\/product-category\",\"url\":\"https:\/\/zecovalve.com\/product-category\",\"name\":\"Industrial Valve Manufacturer | Water Valve Manufacturer\"}},{\"@type\":\"ListItem\",\"position\":3,\"item\":{\"@type\":\"WebPage\",\"@id\":\"https:\/\/zecovalve.com\/product\/wedge-gate-valve\",\"url\":\"https:\/\/zecovalve.com\/product\/wedge-gate-valve\",\"name\":\"Wedge Gate Valve\"}}]}]}<\/script>\n<!-- \/ Yoast SEO Premium plugin. -->","_links":{"self":[{"href":"https:\/\/zecovalve.com\/pt\/wp-json\/wp\/v2\/product\/16093","targetHints":{"allow":["GET"]}}],"collection":[{"href":"https:\/\/zecovalve.com\/pt\/wp-json\/wp\/v2\/product"}],"about":[{"href":"https:\/\/zecovalve.com\/pt\/wp-json\/wp\/v2\/types\/product"}],"replies":[{"embeddable":true,"href":"https:\/\/zecovalve.com\/pt\/wp-json\/wp\/v2\/comments?post=16093"}],"wp:featuredmedia":[{"embeddable":true,"href":"https:\/\/zecovalve.com\/pt\/wp-json\/wp\/v2\/media\/27870"}],"wp:attachment":[{"href":"https:\/\/zecovalve.com\/pt\/wp-json\/wp\/v2\/media?parent=16093"}],"wp:term":[{"taxonomy":"product_cat","embeddable":true,"href":"https:\/\/zecovalve.com\/pt\/wp-json\/wp\/v2\/product_cat?post=16093"},{"taxonomy":"product_tag","embeddable":true,"href":"https:\/\/zecovalve.com\/pt\/wp-json\/wp\/v2\/product_tag?post=16093"}],"curies":[{"name":"wp","href":"https:\/\/api.w.org\/{rel}","templated":true}]}}