{"id":16099,"date":"2022-06-19T03:41:54","date_gmt":"2022-06-19T03:41:54","guid":{"rendered":"https:\/\/zecovalve.com\/?post_type=product&#038;p=16099"},"modified":"2023-06-07T07:37:46","modified_gmt":"2023-06-07T07:37:46","slug":"6-inch-ball-valve","status":"publish","type":"product","link":"https:\/\/zecovalve.com\/pt\/produto\/6-inch-ball-valve","title":{"rendered":"V\u00e1lvula de esfera de 6 polegadas"},"content":{"rendered":"<p>V\u00e1lvula de esfera de 6 polegadas significa que o tamanho da v\u00e1lvula \u00e9 de 6 polegadas, e em DN \u00e9 DN150.<\/p>\r\n\r\n\r\n\r\n<figure class=\"wp-block-image alignnone size-medium wp-image-16100\">\r\n<p><img loading=\"lazy\" decoding=\"async\" class=\"size-medium wp-image-19559\" src=\"https:\/\/zecovalve.com\/wp-content\/uploads\/2022\/06\/6-inch-Ball-Valve-1-208x300.jpg\" alt=\"V\u00e1lvula de esfera de 6 polegadas\" width=\"208\" height=\"300\" srcset=\"https:\/\/zecovalve.com\/wp-content\/uploads\/2022\/06\/6-inch-Ball-Valve-1-208x300.jpg 208w, https:\/\/zecovalve.com\/wp-content\/uploads\/2022\/06\/6-inch-Ball-Valve-1-708x1024.jpg 708w, https:\/\/zecovalve.com\/wp-content\/uploads\/2022\/06\/6-inch-Ball-Valve-1-768x1110.jpg 768w, https:\/\/zecovalve.com\/wp-content\/uploads\/2022\/06\/6-inch-Ball-Valve-1-1062x1536.jpg 1062w, https:\/\/zecovalve.com\/wp-content\/uploads\/2022\/06\/6-inch-Ball-Valve-1-1417x2048.jpg 1417w, https:\/\/zecovalve.com\/wp-content\/uploads\/2022\/06\/6-inch-Ball-Valve-1-600x867.jpg 600w, https:\/\/zecovalve.com\/wp-content\/uploads\/2022\/06\/6-inch-Ball-Valve-1-scaled.jpg 1771w\" sizes=\"auto, (max-width: 208px) 100vw, 208px\" \/><\/p>\r\n<\/figure>\r\n\r\n\r\n<div class=\"gb-button-wrapper gb-button-wrapper-6d8495a3\">\r\n\r\n\r\n<p><a class=\"gb-button gb-button-3d442e11 gb-button-text\" href=\"mailto:commercial@zecovalve.com\" target=\"_blank\" rel=\"noopener noreferrer\"><strong>OBTER PRE\u00c7O DA V\u00c1LVULA DE ESFERA DE 6 POLEGADAS<\/strong><\/a><\/p>\r\n<\/div>\r\n\r\n\r\n\r\n\r\n<h2 class=\"wp-block-heading\" id=\"h-what-is-a-6-inch-ball-valve\">O que \u00e9 uma v\u00e1lvula de esfera de 6 polegadas?<\/h2>\r\n\r\n\r\n\r\n<p>As v\u00e1lvulas de esfera de 6 polegadas s\u00e3o uma esfera com um orif\u00edcio no meio. Com uma rota\u00e7\u00e3o de 90\u00b0 da esfera, a posi\u00e7\u00e3o totalmente aberta passa para a posi\u00e7\u00e3o fechada.<\/p>\r\n\r\n\r\n\r\n<p>ZECO Valve Group \u00e9 um fabricante de v\u00e1lvulas de esfera bem conhecido na China. Desde a sua cria\u00e7\u00e3o em 1991, tem vindo a produzir v\u00e1lvulas de esfera durante quase 30 anos. No processo de produ\u00e7\u00e3o, ZECO considera cada v\u00e1lvula como um artesanato para continuar a melhorar. Com o apoio de equipamentos de produ\u00e7\u00e3o de alta tecnologia e pessoal de alta tecnologia, cada produto pode alcan\u00e7ar a qualidade internacional. ZECO tem sido uma empresa de alta tecnologia na China por muitos anos. Todos os anos, a ZECO dedica-se \u00e0 investiga\u00e7\u00e3o e desenvolvimento de v\u00e1lvulas com um desempenho mais eficiente e uma vida \u00fatil mais longa. O custo de investiga\u00e7\u00e3o e desenvolvimento da ZECO representa cerca de 8% do custo de vendas da empresa.<\/p>\r\n\r\n\r\n\r\n<h2 class=\"wp-block-heading\">Tipos de v\u00e1lvula de esfera de 6<\/h2>\r\n\r\n\r\n\r\n<ul class=\"wp-block-list\">\r\n<li>V\u00e1lvula de esfera flutuante de 6 polegadas<\/li>\r\n<li>V\u00e1lvula de esfera munh\u00e3o de 6 polegadas<\/li>\r\n<li>V\u00e1lvula de esfera de entrada superior de 6 polegadas<\/li>\r\n<\/ul>\r\n\r\n\r\n\r\n<h2 class=\"wp-block-heading\">Gama de produtos de V\u00e1lvula de esfera de 6 polegadas<\/h2>\r\n\r\n\r\n\r\n<ul class=\"wp-block-list\">\r\n<li>Material do corpo: A\u00e7o carbono, a\u00e7o inoxid\u00e1vel, liga de a\u00e7o.<\/li>\r\n<li>Di\u00e2metro normal: 6 polegadas (DN150).<\/li>\r\n<li>Liga\u00e7\u00e3o final: BW, Flangeado.<\/li>\r\n<li>Gama de press\u00f5es: 150 - 2500 LB (PN16 - PN420).<\/li>\r\n<li>Temperatura de trabalho: -46\u2103 - +540\u2103.<\/li>\r\n<\/ul>\r\n\r\n\r\n\r\n<h2 class=\"wp-block-heading\">Dimens\u00f5es e peso da v\u00e1lvula de esfera de 6 polegadas<\/h2>\r\n\r\n\r\n\r\n<table border=\"=1\" width=\"800\">\r\n<tbody>\r\n<tr>\r\n<td rowspan=\"2\">Press\u00e3o nominal<\/td>\r\n<td style=\"text-align: center;\">Furo<\/td>\r\n<td style=\"text-align: center;\" colspan=\"3\">\u00a0Dimens\u00e3o face a face (em mm)<\/td>\r\n<td style=\"text-align: center;\">Peso<\/td>\r\n<\/tr>\r\n<tr>\r\n<td style=\"text-align: center;\">(em mm)<\/td>\r\n<td style=\"text-align: center;\">RF<\/td>\r\n<td style=\"text-align: center;\">BW<\/td>\r\n<td style=\"text-align: center;\">RTJ<\/td>\r\n<td style=\"text-align: center;\">kg<\/td>\r\n<\/tr>\r\n<tr>\r\n<td>CLASSE 150<\/td>\r\n<td style=\"text-align: center;\">150<\/td>\r\n<td style=\"text-align: center;\">394<\/td>\r\n<td style=\"text-align: center;\">457<\/td>\r\n<td style=\"text-align: center;\">406<\/td>\r\n<td style=\"text-align: center;\">74<\/td>\r\n<\/tr>\r\n<tr>\r\n<td>CLASSE 300<\/td>\r\n<td style=\"text-align: center;\">150<\/td>\r\n<td style=\"text-align: center;\">403<\/td>\r\n<td style=\"text-align: center;\">457<\/td>\r\n<td style=\"text-align: center;\">419<\/td>\r\n<td style=\"text-align: center;\">118<\/td>\r\n<\/tr>\r\n<tr>\r\n<td>CLASSE 600<\/td>\r\n<td style=\"text-align: center;\">150<\/td>\r\n<td style=\"text-align: center;\">559<\/td>\r\n<td style=\"text-align: center;\">559<\/td>\r\n<td style=\"text-align: center;\">562<\/td>\r\n<td style=\"text-align: center;\">160<\/td>\r\n<\/tr>\r\n<tr>\r\n<td>CLASSE 900<\/td>\r\n<td style=\"text-align: center;\">150<\/td>\r\n<td style=\"text-align: center;\">610<\/td>\r\n<td style=\"text-align: center;\">610<\/td>\r\n<td style=\"text-align: center;\">613<\/td>\r\n<td style=\"text-align: center;\">339<\/td>\r\n<\/tr>\r\n<tr>\r\n<td>CLASSE 1500<\/td>\r\n<td style=\"text-align: center;\">144<\/td>\r\n<td style=\"text-align: center;\">705<\/td>\r\n<td style=\"text-align: center;\">705<\/td>\r\n<td style=\"text-align: center;\">711<\/td>\r\n<td style=\"text-align: center;\">532<\/td>\r\n<\/tr>\r\n<tr>\r\n<td>CLASSE 2500<\/td>\r\n<td style=\"text-align: center;\">131<\/td>\r\n<td style=\"text-align: center;\">914<\/td>\r\n<td style=\"text-align: center;\">914<\/td>\r\n<td style=\"text-align: center;\">927<\/td>\r\n<td style=\"text-align: center;\">800<\/td>\r\n<\/tr>\r\n<\/tbody>\r\n<\/table>\r\n\r\n\r\n\r\n<h2 class=\"wp-block-heading\" id=\"h-features-of-6-ball-valve\">Caracter\u00edsticas da v\u00e1lvula de esfera de 6\u2033:<\/h2>\r\n\r\n\r\n\r\n<ul class=\"wp-block-list\">\r\n<li>A v\u00e1lvula ZECO de 6 polegadas foi concebida com um sistema de veda\u00e7\u00e3o de emerg\u00eancia da sede auxiliar. Quando a sede de veda\u00e7\u00e3o macia estiver danificada, pode ser efectuada uma veda\u00e7\u00e3o de emerg\u00eancia injectando o vedante adequado no sistema de veda\u00e7\u00e3o auxiliar. Os vedantes de emerg\u00eancia tamb\u00e9m podem ser utilizados para lavar e lubrificar as \u00e1reas da sede, conforme necess\u00e1rio, para manter as \u00e1reas da sede limpas sem afetar a veda\u00e7\u00e3o. A haste tamb\u00e9m tem um design de vedante de emerg\u00eancia para enchimento de vedante de emerg\u00eancia e lubrifica\u00e7\u00e3o por lavagem;<\/li>\r\n<li>V\u00e1lvula ZECO de 6 polegadas com estrutura de prote\u00e7\u00e3o contra inc\u00eandios. A estrutura de prote\u00e7\u00e3o contra inc\u00eandios da v\u00e1lvula de esfera de 6 polegadas foi concebida em conformidade com a norma API 607. Em caso de inc\u00eandio, a sede met\u00e1lica entrar\u00e1 imediatamente em contacto com a esfera ap\u00f3s a queima da sede de veda\u00e7\u00e3o macia, para evitar a fuga da v\u00e1lvula causada por um maior impacto;<\/li>\r\n<li>A espessura da parede do corpo da v\u00e1lvula de 6 polegadas da ZECO ter\u00e1 uma certa quantidade de design, o corpo de a\u00e7o carbono, a sede e a tampa inferior est\u00e3o em conformidade com o revestimento qu\u00edmico de superf\u00edcie ASTM B733. Al\u00e9m disso, se o utilizador necessitar de uma personaliza\u00e7\u00e3o especial, a ZECO tamb\u00e9m disp\u00f5e de uma variedade de materiais anticorrosivos para sele\u00e7\u00e3o, de modo a satisfazer as condi\u00e7\u00f5es de trabalho;<\/li>\r\n<li>V\u00e1lvula ZECO de 6 polegadas para evitar a manuten\u00e7\u00e3o da haste da v\u00e1lvula devido \u00e0 press\u00e3o excessiva na cavidade e ao fen\u00f3meno de fuga, existe um design para evitar a fuga da haste.<\/li>\r\n<\/ul>\r\n\r\n\r\n\r\n<h2 class=\"wp-block-heading\" id=\"h-material-of-6-ball-valve\">Material da v\u00e1lvula de esfera de 6\u2033:<\/h2>\r\n\r\n\r\n\r\n<figure class=\"wp-block-table is-style-stripes\">\r\n<table>\r\n<tbody>\r\n<tr>\r\n<td>N\u00e3o<\/td>\r\n<td>Parte<\/td>\r\n<td>Material<\/td>\r\n<\/tr>\r\n<tr>\r\n<td>1<\/td>\r\n<td>Corpo<\/td>\r\n<td>ASTM A216 WCB<\/td>\r\n<\/tr>\r\n<tr>\r\n<td>2<\/td>\r\n<td>Bon\u00e9<\/td>\r\n<td>ASTM A216 WCB<\/td>\r\n<\/tr>\r\n<tr>\r\n<td>3<\/td>\r\n<td>Bola<\/td>\r\n<td>ASTM A105<\/td>\r\n<\/tr>\r\n<tr>\r\n<td>4<\/td>\r\n<td>Assento<\/td>\r\n<td>ASTM A105 +PTFE<\/td>\r\n<\/tr>\r\n<tr>\r\n<td>5<\/td>\r\n<td>Caule<\/td>\r\n<td>ASTM A182 F6a<\/td>\r\n<\/tr>\r\n<tr>\r\n<td>6<\/td>\r\n<td>Dispositivo anti-est\u00e1tico<\/td>\r\n<td>SS304<\/td>\r\n<\/tr>\r\n<tr>\r\n<td>7<\/td>\r\n<td>Junta de veda\u00e7\u00e3o<\/td>\r\n<td>Grafite + SS304<\/td>\r\n<\/tr>\r\n<tr>\r\n<td>8<\/td>\r\n<td>Parafuso<\/td>\r\n<td>ASTM A193 B7<\/td>\r\n<\/tr>\r\n<tr>\r\n<td>9<\/td>\r\n<td>Porca<\/td>\r\n<td>ASTM A194 2H<\/td>\r\n<\/tr>\r\n<tr>\r\n<td>10<\/td>\r\n<td>O-ring<\/td>\r\n<td>Viton A<\/td>\r\n<\/tr>\r\n<tr>\r\n<td>11<\/td>\r\n<td>Alavanca<\/td>\r\n<td>ASTM A216 WCB<\/td>\r\n<\/tr>\r\n<\/tbody>\r\n<\/table>\r\n<\/figure>","protected":false},"excerpt":{"rendered":"<p>V\u00e1lvula de esfera de 6 polegadas significa que o tamanho da v\u00e1lvula \u00e9 de 6 polegadas e em DN \u00e9 DN150. O que \u00e9 um 6 polegadas\u2026 <a title=\"V\u00e1lvula de esfera de 6 polegadas\" class=\"read-more\" href=\"https:\/\/zecovalve.com\/pt\/produto\/6-inch-ball-valve\" aria-label=\"Mais em V\u00e1lvula Esfera de 6 polegadas\">Ler mais<\/a><\/p>","protected":false},"featured_media":27867,"comment_status":"closed","ping_status":"closed","template":"","meta":{"_generate-full-width-content":"","kt_blocks_editor_width":""},"product_cat":[2047,2462],"product_tag":[3896,3914],"class_list":["post-16099","product","type-product","status-publish","has-post-thumbnail","hentry","product_cat-ball-valve","product_cat-ball-valve-by-size","product_tag-flanged-ball-valve","product_tag-reduced-bore-ball-valve","sales-flash-overlay","woocommerce-text-align-center","woocommerce-image-align-center","do-quantity-buttons"],"featured_image_src_large":["https:\/\/zecovalve.com\/wp-content\/uploads\/2022\/06\/6-Inch-Ball-Valve-2.jpg",800,600,false],"author_info":[],"comment_info":0,"taxonomy_info":{"product_cat":[{"value":2047,"label":"Ball Valve"},{"value":2462,"label":"Ball Valve By Size"}],"product_tag":[{"value":3896,"label":"Flanged Ball Valve"},{"value":3914,"label":"Reduced Bore Ball Valve"}]},"yoast_head":"<!-- This site is optimized with the Yoast SEO Premium plugin v15.4 - https:\/\/yoast.com\/wordpress\/plugins\/seo\/ -->\n<title>6 inch Ball Valve - 6&quot; Ball Valve Manufacturer | Competitive Ball Valve Price<\/title>\n<meta name=\"robots\" content=\"index, follow, max-snippet:-1, max-image-preview:large, max-video-preview:-1\" \/>\n<link rel=\"canonical\" href=\"https:\/\/zecovalve.com\/pt\/produto\/6-inch-ball-valve\" \/>\n<meta property=\"og:locale\" content=\"pt_PT\" \/>\n<meta property=\"og:type\" content=\"article\" \/>\n<meta property=\"og:title\" content=\"6 inch Ball Valve - 6&quot; Ball Valve Manufacturer | Competitive Ball Valve Price\" \/>\n<meta property=\"og:description\" content=\"Ball valve 6 inch means the valve size is 6 inch, and in DN it is DN150. What is a 6 Inch ... Ler mais\" \/>\n<meta property=\"og:url\" content=\"https:\/\/zecovalve.com\/pt\/produto\/6-inch-ball-valve\" \/>\n<meta property=\"og:site_name\" content=\"ZECO Valve\" \/>\n<meta property=\"article:modified_time\" content=\"2023-06-07T07:37:46+00:00\" \/>\n<meta property=\"og:image\" content=\"https:\/\/zecovalve.com\/wp-content\/uploads\/2022\/06\/6-Inch-Ball-Valve-2.jpg\" \/>\n\t<meta property=\"og:image:width\" content=\"800\" \/>\n\t<meta property=\"og:image:height\" content=\"600\" \/>\n<meta name=\"twitter:card\" content=\"summary_large_image\" \/>\n<meta name=\"twitter:label1\" content=\"Escrito por\">\n\t<meta name=\"twitter:data1\" content=\"Jerry\">\n\t<meta name=\"twitter:label2\" content=\"Tempo estimado de leitura\">\n\t<meta name=\"twitter:data2\" content=\"2 minutos\">\n<script type=\"application\/ld+json\" class=\"yoast-schema-graph\">{\"@context\":\"https:\/\/schema.org\",\"@graph\":[{\"@type\":\"WebSite\",\"@id\":\"https:\/\/zecovalve.com\/#website\",\"url\":\"https:\/\/zecovalve.com\/\",\"name\":\"ZECO Valve\",\"description\":\"Industrial Ball Valve, Gate Valve and Globe Valve Manufacturer\",\"potentialAction\":[{\"@type\":\"SearchAction\",\"target\":\"https:\/\/zecovalve.com\/?s={search_term_string}\",\"query-input\":\"required name=search_term_string\"}],\"inLanguage\":\"pt-PT\"},{\"@type\":\"ImageObject\",\"@id\":\"https:\/\/zecovalve.com\/product\/6-inch-ball-valve#primaryimage\",\"inLanguage\":\"pt-PT\",\"url\":\"https:\/\/zecovalve.com\/wp-content\/uploads\/2022\/06\/6-Inch-Ball-Valve-2.jpg\",\"width\":800,\"height\":600,\"caption\":\"6 Inch Ball Valve\"},{\"@type\":\"WebPage\",\"@id\":\"https:\/\/zecovalve.com\/product\/6-inch-ball-valve#webpage\",\"url\":\"https:\/\/zecovalve.com\/product\/6-inch-ball-valve\",\"name\":\"6 inch Ball Valve - 6\\\" Ball Valve Manufacturer | Competitive Ball Valve Price\",\"isPartOf\":{\"@id\":\"https:\/\/zecovalve.com\/#website\"},\"primaryImageOfPage\":{\"@id\":\"https:\/\/zecovalve.com\/product\/6-inch-ball-valve#primaryimage\"},\"datePublished\":\"2022-06-19T03:41:54+00:00\",\"dateModified\":\"2023-06-07T07:37:46+00:00\",\"breadcrumb\":{\"@id\":\"https:\/\/zecovalve.com\/product\/6-inch-ball-valve#breadcrumb\"},\"inLanguage\":\"pt-PT\",\"potentialAction\":[{\"@type\":\"ReadAction\",\"target\":[\"https:\/\/zecovalve.com\/product\/6-inch-ball-valve\"]}]},{\"@type\":\"BreadcrumbList\",\"@id\":\"https:\/\/zecovalve.com\/product\/6-inch-ball-valve#breadcrumb\",\"itemListElement\":[{\"@type\":\"ListItem\",\"position\":1,\"item\":{\"@type\":\"WebPage\",\"@id\":\"https:\/\/zecovalve.com\/\",\"url\":\"https:\/\/zecovalve.com\/\",\"name\":\"Home\"}},{\"@type\":\"ListItem\",\"position\":2,\"item\":{\"@type\":\"WebPage\",\"@id\":\"https:\/\/zecovalve.com\/product-category\",\"url\":\"https:\/\/zecovalve.com\/product-category\",\"name\":\"Industrial Valve Manufacturer | Water Valve Manufacturer\"}},{\"@type\":\"ListItem\",\"position\":3,\"item\":{\"@type\":\"WebPage\",\"@id\":\"https:\/\/zecovalve.com\/product\/6-inch-ball-valve\",\"url\":\"https:\/\/zecovalve.com\/product\/6-inch-ball-valve\",\"name\":\"6 inch Ball Valve\"}}]}]}<\/script>\n<!-- \/ Yoast SEO Premium plugin. -->","_links":{"self":[{"href":"https:\/\/zecovalve.com\/pt\/wp-json\/wp\/v2\/product\/16099","targetHints":{"allow":["GET"]}}],"collection":[{"href":"https:\/\/zecovalve.com\/pt\/wp-json\/wp\/v2\/product"}],"about":[{"href":"https:\/\/zecovalve.com\/pt\/wp-json\/wp\/v2\/types\/product"}],"replies":[{"embeddable":true,"href":"https:\/\/zecovalve.com\/pt\/wp-json\/wp\/v2\/comments?post=16099"}],"wp:featuredmedia":[{"embeddable":true,"href":"https:\/\/zecovalve.com\/pt\/wp-json\/wp\/v2\/media\/27867"}],"wp:attachment":[{"href":"https:\/\/zecovalve.com\/pt\/wp-json\/wp\/v2\/media?parent=16099"}],"wp:term":[{"taxonomy":"product_cat","embeddable":true,"href":"https:\/\/zecovalve.com\/pt\/wp-json\/wp\/v2\/product_cat?post=16099"},{"taxonomy":"product_tag","embeddable":true,"href":"https:\/\/zecovalve.com\/pt\/wp-json\/wp\/v2\/product_tag?post=16099"}],"curies":[{"name":"wp","href":"https:\/\/api.w.org\/{rel}","templated":true}]}}