{"id":16101,"date":"2022-06-19T03:44:20","date_gmt":"2022-06-19T03:44:20","guid":{"rendered":"https:\/\/zecovalve.com\/?post_type=product&#038;p=16101"},"modified":"2023-06-07T07:01:41","modified_gmt":"2023-06-07T07:01:41","slug":"motorized-ball-valve","status":"publish","type":"product","link":"https:\/\/zecovalve.com\/pt\/produto\/motorized-ball-valve","title":{"rendered":"V\u00e1lvula de esfera motorizada"},"content":{"rendered":"<p>As v\u00e1lvulas de esfera podem ser combinadas com um atuador el\u00e9trico (v\u00e1lvulas de esfera motorizadas) para automa\u00e7\u00e3o e\/ou para controlo remoto.<\/p>\r\n\r\n\r\n\r\n<figure class=\"wp-block-image alignnone size-medium wp-image-16102\"><img loading=\"lazy\" decoding=\"async\" width=\"300\" height=\"225\" class=\"wp-image-16102\" src=\"https:\/\/zecovalve.com\/wp-content\/uploads\/2022\/06\/motorized-ball-valve-300x225.jpg\" alt=\"V\u00e1lvula de esfera motorizada\" srcset=\"https:\/\/zecovalve.com\/wp-content\/uploads\/2022\/06\/motorized-ball-valve-300x225.jpg 300w, https:\/\/zecovalve.com\/wp-content\/uploads\/2022\/06\/motorized-ball-valve-768x576.jpg 768w, https:\/\/zecovalve.com\/wp-content\/uploads\/2022\/06\/motorized-ball-valve-600x450.jpg 600w, https:\/\/zecovalve.com\/wp-content\/uploads\/2022\/06\/motorized-ball-valve.jpg 800w\" sizes=\"auto, (max-width: 300px) 100vw, 300px\" \/>\r\n<figcaption>V\u00e1lvula de esfera motorizada<\/figcaption>\r\n<\/figure>\r\n\r\n\r\n<div class=\"gb-button-wrapper gb-button-wrapper-6d8495a3\">\r\n\r\n\r\n<p><a class=\"gb-button gb-button-3d442e11 gb-button-text\" href=\"https:\/\/zecovalve.com\/pt\/contact\/\" target=\"_blank\" rel=\"noopener noreferrer\"><strong>OBTER PRE\u00c7O DE V\u00c1LVULA DE ESFERA MOTORIZADA<\/strong><\/a><\/p>\r\n<\/div>\r\n\r\n\r\n\r\n\r\n<h2 class=\"wp-block-heading\" id=\"h-what-is-an-motorized-ball-valve\">O que \u00e9 uma v\u00e1lvula de esfera motorizada?<\/h2>\r\n\r\n\r\n\r\n<p>O funcionamento de uma v\u00e1lvula de esfera motorizada \u00e9 semelhante ao da sua contraparte manual, mas nesta v\u00e1lvula, em vez de uma alavanca, \u00e9 montado um atuador el\u00e9trico para acionar a haste (que est\u00e1 ligada \u00e0 esfera) que, por sua vez, roda a esfera para proporcionar a opera\u00e7\u00e3o pretendida. Quando o atuador el\u00e9trico recebe um sinal do local de controlo remoto, dependendo da sua posi\u00e7\u00e3o, roda para iniciar ou parar o fluxo de fluido atrav\u00e9s da v\u00e1lvula de esfera.<\/p>\r\n\r\n\r\n\r\n<p>Uma v\u00e1lvula de esfera motorizada pode ser projectada para mudar de posi\u00e7\u00e3o com base nas leituras do sensor. Um sensor pode detetar e comunicar altera\u00e7\u00f5es de temperatura ou press\u00e3o. A v\u00e1lvula de esfera motorizada \u00e9 accionada quando o sensor atinge um ponto pr\u00e9-determinado definido pela equipa de gest\u00e3o da m\u00e1quina. Isto pode desempenhar fun\u00e7\u00f5es importantes, tais como impedir que mais fluido de processo chegue a uma \u00e1rea que j\u00e1 esteja cheia. Quando o sensor detecta que a \u00e1rea est\u00e1 dispon\u00edvel para mais fluido, ativa a v\u00e1lvula de esfera motorizada, que muda de posi\u00e7\u00e3o para permitir que o fluido do processo chegue a esse local.<\/p>\r\n\r\n\r\n\r\n<h2 class=\"wp-block-heading\">Como \u00e9 que uma v\u00e1lvula de esfera motorizada funciona?<\/h2>\r\n\r\n\r\n\r\n<p>As v\u00e1lvulas de esfera motorizadas s\u00e3o compostas principalmente por duas partes, nomeadamente o atuador el\u00e9trico e a v\u00e1lvula. Ap\u00f3s determinada instala\u00e7\u00e3o e depura\u00e7\u00e3o, o interrutor do equipamento pode ser ajustado e controlado normalmente. As v\u00e1lvulas de esfera motorizadas dependem principalmente do motor para acionar e executar a opera\u00e7\u00e3o, o tamanho da abertura tamb\u00e9m pode ser ajustado de acordo com a situa\u00e7\u00e3o real, de modo a controlar o fluxo do equipamento intermedi\u00e1rio, \u00e9 um sistema operacional muito humano.<\/p>\r\n\r\n\r\n\r\n<h2 class=\"wp-block-heading\" id=\"h-what-are-motorized-ball-valves-used-for\">Para que s\u00e3o utilizadas as v\u00e1lvulas de esfera motorizadas?<\/h2>\r\n\r\n\r\n\r\n<h3 class=\"wp-block-heading\">Controlo de ligar\/desligar<\/h3>\r\n\r\n\r\n\r\n<p>As v\u00e1lvulas de esfera motorizadas podem ser comutadas de abertas para totalmente fechadas sem qualquer paragem em qualquer posi\u00e7\u00e3o interm\u00e9dia. Sempre que a v\u00e1lvula de macho esf\u00e9rico actuada termina o ciclo de abertura e fecho, o motor el\u00e9trico desliga-se atrav\u00e9s de cames internos, o que faz disparar os interruptores de fim de curso.<\/p>\r\n\r\n\r\n\r\n<p>Por exemplo, quando o motor el\u00e9trico recebe um sinal de fecho da v\u00e1lvula de esfera motorizada, o motor \u00e9 energizado, rodando de forma a fechar as v\u00e1lvulas de esfera. Posteriormente, os interruptores de fim de curso deslocam-se no exc\u00eantrico \u00e0 medida que o exc\u00eantrico interno roda no eixo at\u00e9 que o l\u00f3bulo fa\u00e7a o interrutor parar o motor el\u00e9trico, interrompendo o circuito.<\/p>\r\n\r\n\r\n\r\n<h3 class=\"wp-block-heading\">Controlo de posicionamento<\/h3>\r\n\r\n\r\n\r\n<p>Outro tipo de aplica\u00e7\u00e3o requer que as v\u00e1lvulas de esfera motorizadas abram ou fechem parcialmente, detectando e respondendo \u00e0s v\u00e1rias condi\u00e7\u00f5es dos caudais de \u00e1gua. Neste caso, o objetivo pode ser alcan\u00e7ado atrav\u00e9s da incorpora\u00e7\u00e3o de um sensor de posi\u00e7\u00e3o digital.<\/p>\r\n\r\n\r\n\r\n<p>Dependendo dos requisitos especiais de fluxo, ser\u00e1 criado o sinal de comando de controlo externo. Este sinal de entrada ser\u00e1 comparado pelo atuador das v\u00e1lvulas de esfera motorizadas de forma consistente com a posi\u00e7\u00e3o real atrav\u00e9s do elemento de feedback de sa\u00edda. Subsequentemente, as v\u00e1lvulas de esfera accionadas ser\u00e3o conduzidas para equilibrar os comandos e atingir a posi\u00e7\u00e3o requerida. Normalmente, \u00e9 utilizado um sinal de aproximadamente 4mA ou 0V para fechar as v\u00e1lvulas de esfera motorizadas.<\/p>\r\n\r\n\r\n\r\n<h2 class=\"wp-block-heading\">Aplica\u00e7\u00f5es das v\u00e1lvulas de esfera motorizadas<\/h2>\r\n\r\n\r\n\r\n<p>As v\u00e1lvulas de esfera motorizadas s\u00e3o introduzidas nos sistemas para controlar a abertura e o fecho da v\u00e1lvula. Para medir o caudal, est\u00e3o muitas vezes equipadas com monitores ou medidores de caudal. Os processos industriais, as f\u00e1bricas de produ\u00e7\u00e3o, o manuseamento de produtos qu\u00edmicos, os equipamentos para alimentos e bebidas, as opera\u00e7\u00f5es mineiras, as centrais el\u00e9ctricas e o sector da energia utilizam v\u00e1lvulas de esfera motorizadas. Tamb\u00e9m s\u00e3o utilizadas no tratamento de \u00e1guas residuais, centros de tratamento municipais, produ\u00e7\u00e3o de \u00e1gua limpa, aqu\u00e1rios, aquariofilia e cuidados com animais, produ\u00e7\u00e3o qu\u00edmica, opera\u00e7\u00f5es de metaliza\u00e7\u00e3o e galvaniza\u00e7\u00e3o e s\u00edntese qu\u00edmica.<\/p>\r\n\r\n\r\n\r\n<h2 class=\"wp-block-heading\" id=\"h-features-of-motorized-ball-valves\">Caracter\u00edsticas das v\u00e1lvulas de esfera motorizadas:<\/h2>\r\n\r\n\r\n\r\n<ol class=\"wp-block-list\">\r\n<li>Quando o fluido passa atrav\u00e9s da v\u00e1lvula, a press\u00e3o no corpo da v\u00e1lvula pode eventualmente empurrar a haste para fora ou, quando a v\u00e1lvula est\u00e1 a ser reparada, se houver press\u00e3o na cavidade interm\u00e9dia, a haste ou o fluido parecem sair facilmente ao desmontar a v\u00e1lvula, o que pode causar ferimentos em seres humanos. Para evitar estas possibilidades, \u00e9 colocado um taco falso na parte inferior da haste. Desta forma, mesmo que haja um inc\u00eandio, a embalagem e o rolamento axial estejam queimados ou a embalagem esteja danificada devido a outras causas, a press\u00e3o do fluido no corpo da v\u00e1lvula far\u00e1 com que o taco fict\u00edcio da haste da v\u00e1lvula entre em contacto estreito com a face superior do vedante do corpo da v\u00e1lvula, evitando assim a fuga do fluido da posi\u00e7\u00e3o danificada da embalagem;<\/li>\r\n<li>A v\u00e1lvula de esfera motorizada ZECO pode ser operada remotamente, de forma simples e r\u00e1pida;<\/li>\r\n<li>O padr\u00e3o do atuador el\u00e9trico da v\u00e1lvula de esfera motorizada ZECO \u00e9 o atuador el\u00e9trico AUMA. Outros tipos de actuadores el\u00e9ctricos podem ser seleccionados de acordo com os requisitos dos clientes;<\/li>\r\n<li>A v\u00e1lvula de esfera motorizada ZECO pode escolher entre corpo forjado ou corpo fundido, a ZECO \u00e9 muito rigorosa no controlo das mat\u00e9rias-primas, independentemente do material que possa satisfazer plenamente os requisitos das normas internacionais e da an\u00e1lise qu\u00edmica.<\/li>\r\n<\/ol>\r\n\r\n\r\n\r\n<h2 class=\"wp-block-heading\" id=\"h-material-of-motorized-ball-valves\">Material das v\u00e1lvulas de esfera motorizadas:<\/h2>\r\n\r\n\r\n\r\n<figure class=\"wp-block-table\">\r\n<table>\r\n<tbody>\r\n<tr>\r\n<td>N\u00e3o<\/td>\r\n<td>Parte<\/td>\r\n<td>Material<\/td>\r\n<\/tr>\r\n<tr>\r\n<td>1<\/td>\r\n<td>Corpo<\/td>\r\n<td>ASTM A105<\/td>\r\n<\/tr>\r\n<tr>\r\n<td>2<\/td>\r\n<td>Bon\u00e9<\/td>\r\n<td>ASTM A105<\/td>\r\n<\/tr>\r\n<tr>\r\n<td>3<\/td>\r\n<td>Bola<\/td>\r\n<td>ASTM A182 F316<\/td>\r\n<\/tr>\r\n<tr>\r\n<td>4<\/td>\r\n<td>Assento<\/td>\r\n<td>ASTM A182 F316 + NYLON<\/td>\r\n<\/tr>\r\n<tr>\r\n<td>5<\/td>\r\n<td>Caule<\/td>\r\n<td>ASTM A276 316<\/td>\r\n<\/tr>\r\n<tr>\r\n<td>6<\/td>\r\n<td>Dispositivo anti-est\u00e1tico<\/td>\r\n<td>SS316<\/td>\r\n<\/tr>\r\n<tr>\r\n<td>7<\/td>\r\n<td>Junta de veda\u00e7\u00e3o<\/td>\r\n<td>Grafite + SS316<\/td>\r\n<\/tr>\r\n<tr>\r\n<td>8<\/td>\r\n<td>Parafuso<\/td>\r\n<td>ASTM A193 B7<\/td>\r\n<\/tr>\r\n<tr>\r\n<td>9<\/td>\r\n<td>Porca<\/td>\r\n<td>ASTM A194 2H<\/td>\r\n<\/tr>\r\n<tr>\r\n<td>10<\/td>\r\n<td>O-ring<\/td>\r\n<td>Viton A<\/td>\r\n<\/tr>\r\n<tr>\r\n<td>11<\/td>\r\n<td>Atuador motorizado<\/td>\r\n<td>Alum\u00ednio<\/td>\r\n<\/tr>\r\n<\/tbody>\r\n<\/table>\r\n<\/figure>","protected":false},"excerpt":{"rendered":"<p>As v\u00e1lvulas esfera podem ser combinadas com um atuador el\u00e9trico (v\u00e1lvulas esfera motorizadas) para automa\u00e7\u00e3o e\/ou controle remoto. O que \u00e9 um motorizado\u2026 <a title=\"V\u00e1lvula de esfera motorizada\" class=\"read-more\" href=\"https:\/\/zecovalve.com\/pt\/produto\/motorized-ball-valve\" aria-label=\"Mais em V\u00e1lvula Esfera Motorizada\">Ler mais<\/a><\/p>","protected":false},"featured_media":27850,"comment_status":"closed","ping_status":"closed","template":"","meta":{"_generate-full-width-content":"","kt_blocks_editor_width":""},"product_cat":[2047,2460,2465],"product_tag":[3295,3293,3869,3255,3291,3868,3294,2766,3292,2727],"class_list":["post-16101","product","type-product","status-publish","has-post-thumbnail","hentry","product_cat-ball-valve","product_cat-ball-valve-by-drive-mode","product_cat-forged-steel-ball-valve","product_tag-ball-valve-electric","product_tag-electric-actuated-ball-valve","product_tag-electric-actuator-ball-valve","product_tag-electric-ball-valve","product_tag-electrical-ball-valve","product_tag-electrically-actuated-ball-valve","product_tag-electronic-ball-valve","product_tag-motorised-valve","product_tag-motorized-ball-valve","product_tag-motorized-valve","sales-flash-overlay","woocommerce-text-align-center","woocommerce-image-align-center","do-quantity-buttons"],"featured_image_src_large":["https:\/\/zecovalve.com\/wp-content\/uploads\/2022\/06\/Motorized-Ball-Valve-1.jpg",800,600,false],"author_info":[],"comment_info":0,"taxonomy_info":{"product_cat":[{"value":2047,"label":"Ball Valve"},{"value":2460,"label":"Ball Valve By Drive Mode"},{"value":2465,"label":"Forged Ball Valve"}],"product_tag":[{"value":3295,"label":"Ball Valve Electric"},{"value":3293,"label":"Electric Actuated Ball Valve"},{"value":3869,"label":"Electric Actuator Ball Valve"},{"value":3255,"label":"Electric Ball Valve"},{"value":3291,"label":"Electrical Ball Valve"},{"value":3868,"label":"Electrically Actuated Ball Valve"},{"value":3294,"label":"Electronic Ball Valve"},{"value":2766,"label":"Motorised Valve"},{"value":3292,"label":"Motorized Ball Valve"},{"value":2727,"label":"Motorized Valve"}]},"yoast_head":"<!-- This site is optimized with the Yoast SEO Premium plugin v15.4 - https:\/\/yoast.com\/wordpress\/plugins\/seo\/ -->\n<title>Motorized Ball Valve - Motorized Ball Valve Supplier | ZECO Valve<\/title>\n<meta name=\"robots\" content=\"index, follow, max-snippet:-1, max-image-preview:large, max-video-preview:-1\" \/>\n<link rel=\"canonical\" href=\"https:\/\/zecovalve.com\/pt\/produto\/motorized-ball-valve\" \/>\n<meta property=\"og:locale\" content=\"pt_PT\" \/>\n<meta property=\"og:type\" content=\"article\" \/>\n<meta property=\"og:title\" content=\"Motorized Ball Valve - Motorized Ball Valve Supplier | ZECO Valve\" \/>\n<meta property=\"og:description\" content=\"Ball valves can be combined with a electric actuator (motorized ball valves) for automation and\/or for controlling remotely. What is an Motorized ... Ler mais\" \/>\n<meta property=\"og:url\" content=\"https:\/\/zecovalve.com\/pt\/produto\/motorized-ball-valve\" \/>\n<meta property=\"og:site_name\" content=\"ZECO Valve\" \/>\n<meta property=\"article:modified_time\" content=\"2023-06-07T07:01:41+00:00\" \/>\n<meta property=\"og:image\" content=\"https:\/\/zecovalve.com\/wp-content\/uploads\/2022\/06\/Motorized-Ball-Valve-1.jpg\" \/>\n\t<meta property=\"og:image:width\" content=\"800\" \/>\n\t<meta property=\"og:image:height\" content=\"600\" \/>\n<meta name=\"twitter:card\" content=\"summary_large_image\" \/>\n<meta name=\"twitter:label1\" content=\"Escrito por\">\n\t<meta name=\"twitter:data1\" content=\"Jerry\">\n\t<meta name=\"twitter:label2\" content=\"Tempo estimado de leitura\">\n\t<meta name=\"twitter:data2\" content=\"3 minutos\">\n<script type=\"application\/ld+json\" class=\"yoast-schema-graph\">{\"@context\":\"https:\/\/schema.org\",\"@graph\":[{\"@type\":\"WebSite\",\"@id\":\"https:\/\/zecovalve.com\/#website\",\"url\":\"https:\/\/zecovalve.com\/\",\"name\":\"ZECO Valve\",\"description\":\"Industrial Ball Valve, Gate Valve and Globe Valve Manufacturer\",\"potentialAction\":[{\"@type\":\"SearchAction\",\"target\":\"https:\/\/zecovalve.com\/?s={search_term_string}\",\"query-input\":\"required name=search_term_string\"}],\"inLanguage\":\"pt-PT\"},{\"@type\":\"ImageObject\",\"@id\":\"https:\/\/zecovalve.com\/product\/motorized-ball-valve#primaryimage\",\"inLanguage\":\"pt-PT\",\"url\":\"https:\/\/zecovalve.com\/wp-content\/uploads\/2022\/06\/Motorized-Ball-Valve-1.jpg\",\"width\":800,\"height\":600,\"caption\":\"Motorized Ball Valve\"},{\"@type\":\"WebPage\",\"@id\":\"https:\/\/zecovalve.com\/product\/motorized-ball-valve#webpage\",\"url\":\"https:\/\/zecovalve.com\/product\/motorized-ball-valve\",\"name\":\"Motorized Ball Valve - Motorized Ball Valve Supplier | ZECO Valve\",\"isPartOf\":{\"@id\":\"https:\/\/zecovalve.com\/#website\"},\"primaryImageOfPage\":{\"@id\":\"https:\/\/zecovalve.com\/product\/motorized-ball-valve#primaryimage\"},\"datePublished\":\"2022-06-19T03:44:20+00:00\",\"dateModified\":\"2023-06-07T07:01:41+00:00\",\"breadcrumb\":{\"@id\":\"https:\/\/zecovalve.com\/product\/motorized-ball-valve#breadcrumb\"},\"inLanguage\":\"pt-PT\",\"potentialAction\":[{\"@type\":\"ReadAction\",\"target\":[\"https:\/\/zecovalve.com\/product\/motorized-ball-valve\"]}]},{\"@type\":\"BreadcrumbList\",\"@id\":\"https:\/\/zecovalve.com\/product\/motorized-ball-valve#breadcrumb\",\"itemListElement\":[{\"@type\":\"ListItem\",\"position\":1,\"item\":{\"@type\":\"WebPage\",\"@id\":\"https:\/\/zecovalve.com\/\",\"url\":\"https:\/\/zecovalve.com\/\",\"name\":\"Home\"}},{\"@type\":\"ListItem\",\"position\":2,\"item\":{\"@type\":\"WebPage\",\"@id\":\"https:\/\/zecovalve.com\/product-category\",\"url\":\"https:\/\/zecovalve.com\/product-category\",\"name\":\"Industrial Valve Manufacturer | Water Valve Manufacturer\"}},{\"@type\":\"ListItem\",\"position\":3,\"item\":{\"@type\":\"WebPage\",\"@id\":\"https:\/\/zecovalve.com\/product\/motorized-ball-valve\",\"url\":\"https:\/\/zecovalve.com\/product\/motorized-ball-valve\",\"name\":\"Motorized Ball Valve\"}}]}]}<\/script>\n<!-- \/ Yoast SEO Premium plugin. -->","_links":{"self":[{"href":"https:\/\/zecovalve.com\/pt\/wp-json\/wp\/v2\/product\/16101","targetHints":{"allow":["GET"]}}],"collection":[{"href":"https:\/\/zecovalve.com\/pt\/wp-json\/wp\/v2\/product"}],"about":[{"href":"https:\/\/zecovalve.com\/pt\/wp-json\/wp\/v2\/types\/product"}],"replies":[{"embeddable":true,"href":"https:\/\/zecovalve.com\/pt\/wp-json\/wp\/v2\/comments?post=16101"}],"wp:featuredmedia":[{"embeddable":true,"href":"https:\/\/zecovalve.com\/pt\/wp-json\/wp\/v2\/media\/27850"}],"wp:attachment":[{"href":"https:\/\/zecovalve.com\/pt\/wp-json\/wp\/v2\/media?parent=16101"}],"wp:term":[{"taxonomy":"product_cat","embeddable":true,"href":"https:\/\/zecovalve.com\/pt\/wp-json\/wp\/v2\/product_cat?post=16101"},{"taxonomy":"product_tag","embeddable":true,"href":"https:\/\/zecovalve.com\/pt\/wp-json\/wp\/v2\/product_tag?post=16101"}],"curies":[{"name":"wp","href":"https:\/\/api.w.org\/{rel}","templated":true}]}}