{"id":16108,"date":"2022-06-19T03:52:47","date_gmt":"2022-06-19T03:52:47","guid":{"rendered":"https:\/\/zecovalve.com\/?post_type=product&#038;p=16108"},"modified":"2023-06-15T13:57:03","modified_gmt":"2023-06-15T13:57:03","slug":"cast-steel-globe-valve","status":"publish","type":"product","link":"https:\/\/zecovalve.com\/pt\/produto\/cast-steel-globe-valve","title":{"rendered":"V\u00e1lvula de globo em a\u00e7o fundido"},"content":{"rendered":"<p>A v\u00e1lvula globo em a\u00e7o fundido da ZECO \u00e9 uma v\u00e1lvula de veda\u00e7\u00e3o for\u00e7ada, o fecho da v\u00e1lvula deve ser aplicado \u00e0 press\u00e3o do disco para for\u00e7ar a superf\u00edcie de veda\u00e7\u00e3o a n\u00e3o apresentar fugas.<\/p>\r\n\r\n\r\n\r\n<figure class=\"wp-block-image alignnone size-medium wp-image-16109\">\r\n<p><img loading=\"lazy\" decoding=\"async\" class=\"wp-image-27904 size-medium\" src=\"https:\/\/zecovalve.com\/wp-content\/uploads\/2022\/06\/Cast-Steel-Globe-Valve-1-300x225.jpg\" alt=\"V\u00e1lvula de globo em a\u00e7o fundido\" width=\"300\" height=\"225\" srcset=\"https:\/\/zecovalve.com\/wp-content\/uploads\/2022\/06\/Cast-Steel-Globe-Valve-1-300x225.jpg 300w, https:\/\/zecovalve.com\/wp-content\/uploads\/2022\/06\/Cast-Steel-Globe-Valve-1-768x576.jpg 768w, https:\/\/zecovalve.com\/wp-content\/uploads\/2022\/06\/Cast-Steel-Globe-Valve-1-600x450.jpg 600w, https:\/\/zecovalve.com\/wp-content\/uploads\/2022\/06\/Cast-Steel-Globe-Valve-1.jpg 800w\" sizes=\"auto, (max-width: 300px) 100vw, 300px\" \/><\/p>\r\n<\/figure>\r\n\r\n\r\n<div class=\"gb-button-wrapper gb-button-wrapper-6d8495a3\">\r\n\r\n\r\n<p><a class=\"gb-button gb-button-3d442e11 gb-button-text\" href=\"https:\/\/zecovalve.com\/pt\/contact\/\" target=\"_blank\" rel=\"noopener noreferrer\"><strong>OBTER PRE\u00c7O DE V\u00c1LVULA DE GLOBO EM A\u00c7O FUNDIDO<\/strong><\/a><\/p>\r\n<\/div>\r\n\r\n\r\n\r\n\r\n<h2 class=\"wp-block-heading\" id=\"h-what-is-a-cast-steel-globe-valve\">O que \u00e9 uma v\u00e1lvula globo de a\u00e7o fundido?<\/h2>\r\n\r\n\r\n\r\n<p>As v\u00e1lvulas de globo em a\u00e7o fundido s\u00e3o utilizadas principalmente para ocasi\u00f5es de alta press\u00e3o e tamanho pequeno, a fun\u00e7\u00e3o \u00e9 ligar ou truncar o meio de tubagem.<\/p>\r\n\r\n\r\n\r\n<p>As v\u00e1lvulas de globo em a\u00e7o fundido s\u00e3o concebidas e fabricadas para garantir fugas inferiores a 100 ppm (partes por milh\u00e3o) de compostos org\u00e2nicos vol\u00e1teis.<\/p>\r\n\r\n\r\n\r\n<p>Ao abrir e fechar, torcendo a haste em torno do eixo para o movimento linear; quase nenhum atrito entre as faces de veda\u00e7\u00e3o, e a altura aberta \u00e9 pequena (em teoria, a altura da abertura \u00e9 1 \/ 4 Di\u00e2metro do assento), assim, a altura total da v\u00e1lvula \u00e9 relativamente pequena. A desvantagem deve-se \u00e0s raz\u00f5es estruturais da v\u00e1lvula, pelo que a resist\u00eancia ao fluxo e o bin\u00e1rio de abertura e fecho s\u00e3o um pouco grandes, sendo necess\u00e1ria uma dire\u00e7\u00e3o de fluxo m\u00e9dia (normalmente baixa para alta). A aplica\u00e7\u00e3o da gama de press\u00e3o e temperatura \u00e9 grande na v\u00e1lvula de globo, mas \u00e9 geralmente utilizada para tubagens de tamanho m\u00e9dio e pequeno.<\/p>\r\n\r\n\r\n\r\n<h2 class=\"wp-block-heading\">Como \u00e9 que uma v\u00e1lvula de globo em a\u00e7o fundido funciona?<\/h2>\r\n\r\n\r\n\r\n<p>Quando o fluido entra no corpo da v\u00e1lvula por baixo do disco, a resist\u00eancia a vencer pela for\u00e7a de opera\u00e7\u00e3o \u00e9 a for\u00e7a de atrito entre a haste e o empanque e a for\u00e7a de impulso produzida pela press\u00e3o do fluido, pelo que o di\u00e2metro das hastes da v\u00e1lvula deve ser grande, ocorrendo a flex\u00e3o da haste da v\u00e1lvula. Os corpos das v\u00e1lvulas de globo s\u00e3o projectados tendo em conta as mesmas caracter\u00edsticas das v\u00e1lvulas de gaveta, o que, neste caso, significa que o disco \u00e9 guiado em v\u00e1lvulas de maiores dimens\u00f5es ou em servi\u00e7o a alta press\u00e3o, de modo a evitar vibra\u00e7\u00f5es e a obter uma sede melhor.<\/p>\r\n\r\n\r\n\r\n<h2 class=\"wp-block-heading\" id=\"h-features-of-cast-steel-globe-valves\">Caracter\u00edsticas das v\u00e1lvulas de globo em a\u00e7o fundido<\/h2>\r\n\r\n\r\n\r\n<ul class=\"wp-block-list\">\r\n<li>A v\u00e1lvula de globo em a\u00e7o fundido da ZECO foi concebida com uma haste antiexpuls\u00e3o para evitar que a haste da v\u00e1lvula seja danificada pelo pessoal de manuten\u00e7\u00e3o quando o empanque tiver de ser substitu\u00eddo durante a manuten\u00e7\u00e3o;<\/li>\r\n<li>A superf\u00edcie do assento do obturador da v\u00e1lvula globo de a\u00e7o fundido ZECO pode ser projectada em esf\u00e9rica, par\u00e1bola ou plana ou outra opcional a pedido do cliente;<\/li>\r\n<li>Os olhais de veda\u00e7\u00e3o da v\u00e1lvula de globo em a\u00e7o fundido ZECO s\u00e3o montados de forma a oscilar para o lado para facilitar a manuten\u00e7\u00e3o do empanque;<\/li>\r\n<li>A face de veda\u00e7\u00e3o da v\u00e1lvula de globo em a\u00e7o fundido ZECO \u00e9 resistente ao desgaste e \u00e0 abras\u00e3o, tem um bom desempenho de veda\u00e7\u00e3o, n\u00e3o h\u00e1 deslizamento relativo entre o pist\u00e3o e a face de veda\u00e7\u00e3o da sede quando se abre e fecha, pelo que o desgaste e a abras\u00e3o n\u00e3o s\u00e3o graves, tem um bom desempenho de veda\u00e7\u00e3o e uma longa vida \u00fatil.<\/li>\r\n<li>Corpos bem concebidos que minimizam a turbul\u00eancia e as perdas de caudal;<\/li>\r\n<li>A disposi\u00e7\u00e3o do assento traseiro permite a substitui\u00e7\u00e3o do empanque enquanto a v\u00e1lvula est\u00e1 na posi\u00e7\u00e3o de abertura total e est\u00e1 dispon\u00edvel em dois modelos de discos diferentes, tipo ON\/OFF e tipo de controlo de fluxo;<\/li>\r\n<li>Para garantir um desempenho sem problemas, as superf\u00edcies de assentamento s\u00e3o maquinadas com precis\u00e3o e perfeitamente polidas;<\/li>\r\n<li>Dispositivo de bloqueio opcional ou extens\u00e3o da haste Tampa com vedante de press\u00e3o;<\/li>\r\n<li>Montagem direta opcional de acordo com a norma ISO 5211.<\/li>\r\n<\/ul>\r\n\r\n\r\n\r\n<h2 class=\"wp-block-heading\" id=\"h-product-range-of-cast-steel-globe-valves\">Gama de produtos de V\u00e1lvulas de globo em a\u00e7o fundido<\/h2>\r\n\r\n\r\n\r\n<ul class=\"wp-block-list\">\r\n<li><span style=\"background-color: var(--base-3); color: var(--contrast);\">Di\u00e2metro nominal: 1\/2\u2033\uff5e24\u2033<\/span><\/li>\r\n<li>Gama de press\u00f5es: Classe150\uff5e2500<\/li>\r\n<li>Liga\u00e7\u00e3o final: Flangeado (FF, RF, RTJ) de acordo com as normas internacionais<\/li>\r\n<li>Temperatura de trabalho: -29 \u2103 \uff5e 425 \u2103<\/li>\r\n<li>OS&amp;Y, Haste exterior e forquilha<\/li>\r\n<li>Metal selado (API Trim # 1, #5, #8, #10 e etc.)<\/li>\r\n<li>Reduzir o porto<\/li>\r\n<li>Funcionamento: Volante, caixa de engrenagens, atuador el\u00e9trico, etc.<\/li>\r\n<li>Dispositivo de bloqueio opcional ou extens\u00e3o da haste<\/li>\r\n<li>Montagem direta opcional na norma ISO 5211<\/li>\r\n<\/ul>\r\n\r\n\r\n\r\n<h2 class=\"wp-block-heading\" id=\"h-material-of-cast-steel-globe-valves\">Material das v\u00e1lvulas de globo em a\u00e7o fundido<\/h2>\r\n\r\n\r\n\r\n<figure class=\"wp-block-table is-style-stripes\">\r\n<table>\r\n<tbody>\r\n<tr>\r\n<td>N\u00e3o<\/td>\r\n<td>Parte<\/td>\r\n<td>Material<\/td>\r\n<\/tr>\r\n<tr>\r\n<td>1<\/td>\r\n<td>Corpo<\/td>\r\n<td>ASTM A216 WCB + 13Cr<\/td>\r\n<\/tr>\r\n<tr>\r\n<td>2<\/td>\r\n<td>Disco<\/td>\r\n<td>ASTM A105 + 13Cr<\/td>\r\n<\/tr>\r\n<tr>\r\n<td>3<\/td>\r\n<td>Caule<\/td>\r\n<td>ASTM A276 410<\/td>\r\n<\/tr>\r\n<tr>\r\n<td>4<\/td>\r\n<td>Junta da tampa do compartimento<\/td>\r\n<td>Grafite + SS304<\/td>\r\n<\/tr>\r\n<tr>\r\n<td>5<\/td>\r\n<td>Bon\u00e9<\/td>\r\n<td>ASTM A216 WCB<\/td>\r\n<\/tr>\r\n<tr>\r\n<td>6<\/td>\r\n<td>Parafuso do castelo<\/td>\r\n<td>ASTM A193 B7<\/td>\r\n<\/tr>\r\n<tr>\r\n<td>7<\/td>\r\n<td>Porca do castelo<\/td>\r\n<td>ASTM A194 2H<\/td>\r\n<\/tr>\r\n<tr>\r\n<td>8<\/td>\r\n<td>Enchimento da haste<\/td>\r\n<td>Grafite refor\u00e7ada<\/td>\r\n<\/tr>\r\n<tr>\r\n<td>9<\/td>\r\n<td>Gl\u00e2ndula<\/td>\r\n<td>ASTM A276 410<\/td>\r\n<\/tr>\r\n<tr>\r\n<td>10<\/td>\r\n<td>Parafuso de olho de gl\u00e2ndula<\/td>\r\n<td>ASTM A193 B7<\/td>\r\n<\/tr>\r\n<tr>\r\n<td>11<\/td>\r\n<td>Porca da haste<\/td>\r\n<td>ASTM B148<\/td>\r\n<\/tr>\r\n<\/tbody>\r\n<\/table>\r\n<h2>Detalhes sobre a compra de V\u00e1lvula globo de a\u00e7o fundido<\/h2>\r\n<\/figure>\r\n\r\n\r\n\r\n<figure class=\"wp-block-table is-style-stripes\">\r\n<table>\r\n<tbody>\r\n<tr>\r\n<td>Fabricante de v\u00e1lvulas globo<\/td>\r\n<td>ZECO<\/td>\r\n<\/tr>\r\n<tr>\r\n<td>Tipo de v\u00e1lvula<\/td>\r\n<td>V\u00e1lvula de globo em a\u00e7o fundido<\/td>\r\n<\/tr>\r\n<tr>\r\n<td>Material da v\u00e1lvula<\/td>\r\n<td>A\u00e7o fundido, etc<\/td>\r\n<\/tr>\r\n<tr>\r\n<td>Teste de v\u00e1lvulas<\/td>\r\n<td>100% quantidade testada antes da entrega<\/td>\r\n<\/tr>\r\n<tr>\r\n<td>Garantia da v\u00e1lvula<\/td>\r\n<td>18 meses a contar da data de expedi\u00e7\u00e3o \u00e0 sa\u00edda da f\u00e1brica ou 12 meses a contar da data de instala\u00e7\u00e3o da mercadoria.<\/td>\r\n<\/tr>\r\n<tr>\r\n<td>Pintura de v\u00e1lvulas<\/td>\r\n<td>Pedido do cliente<\/td>\r\n<\/tr>\r\n<tr>\r\n<td>Pacote de v\u00e1lvulas<\/td>\r\n<td>Caixa de madeira<\/td>\r\n<\/tr>\r\n<tr>\r\n<td>MOQ<\/td>\r\n<td>Nenhum requisito<\/td>\r\n<\/tr>\r\n<tr>\r\n<td>Certificado da v\u00e1lvula<\/td>\r\n<td>API 623, BS1873, ASME B16.34 ou equivalentes<\/td>\r\n<\/tr>\r\n<tr>\r\n<td>Detalhe da entrega<\/td>\r\n<td>Enviado em 4 ou 6 semanas ap\u00f3s o pagamento<\/td>\r\n<\/tr>\r\n<tr>\r\n<td>Porto<\/td>\r\n<td>XANGAI<\/td>\r\n<\/tr>\r\n<tr>\r\n<td>Condi\u00e7\u00f5es de pagamento<\/td>\r\n<td>L\/C, D\/A, D\/P, T\/T<\/td>\r\n<\/tr>\r\n<tr>\r\n<td>Certificado oferecido<\/td>\r\n<td>Lista de embalagem, fatura comercial, relat\u00f3rios de ensaio e certificados de materiais, certificado de qualidade e quantidade, certificado de garantia do vendedor<\/td>\r\n<\/tr>\r\n<\/tbody>\r\n<\/table>\r\n<\/figure>","protected":false},"excerpt":{"rendered":"<p>A v\u00e1lvula globo de a\u00e7o fundido ZECO \u00e9 uma v\u00e1lvula de veda\u00e7\u00e3o for\u00e7ada, fechamento da v\u00e1lvula, deve ser aplicada \u00e0 press\u00e3o do disco para for\u00e7ar a veda\u00e7\u00e3o\u2026 <a title=\"V\u00e1lvula de globo em a\u00e7o fundido\" class=\"read-more\" href=\"https:\/\/zecovalve.com\/pt\/produto\/cast-steel-globe-valve\" aria-label=\"Mais em V\u00e1lvula globo de a\u00e7o fundido\">Ler mais<\/a><\/p>","protected":false},"featured_media":27904,"comment_status":"closed","ping_status":"closed","template":"","meta":{"_generate-full-width-content":"","kt_blocks_editor_width":""},"product_cat":[2049],"product_tag":[],"class_list":["post-16108","product","type-product","status-publish","has-post-thumbnail","hentry","product_cat-globe-valve","sales-flash-overlay","woocommerce-text-align-center","woocommerce-image-align-center","do-quantity-buttons"],"featured_image_src_large":["https:\/\/zecovalve.com\/wp-content\/uploads\/2022\/06\/Cast-Steel-Globe-Valve-1.jpg",800,600,false],"author_info":[],"comment_info":0,"taxonomy_info":{"product_cat":[{"value":2049,"label":"Globe Valve"}]},"yoast_head":"<!-- This site is optimized with the Yoast SEO Premium plugin v15.4 - https:\/\/yoast.com\/wordpress\/plugins\/seo\/ -->\n<title>Cast Steel Globe Valve - Globe Valve Manufacturer | ZECO Valve<\/title>\n<meta name=\"robots\" content=\"index, follow, max-snippet:-1, max-image-preview:large, max-video-preview:-1\" \/>\n<link rel=\"canonical\" href=\"https:\/\/zecovalve.com\/pt\/produto\/cast-steel-globe-valve\" \/>\n<meta property=\"og:locale\" content=\"pt_PT\" \/>\n<meta property=\"og:type\" content=\"article\" \/>\n<meta property=\"og:title\" content=\"Cast Steel Globe Valve - Globe Valve Manufacturer | ZECO Valve\" \/>\n<meta property=\"og:description\" content=\"ZECO cast steel globe valve is forced sealed valve, valve closure, must be applied to the disc pressure to force the sealing ... Ler mais\" \/>\n<meta property=\"og:url\" content=\"https:\/\/zecovalve.com\/pt\/produto\/cast-steel-globe-valve\" \/>\n<meta property=\"og:site_name\" content=\"ZECO Valve\" \/>\n<meta property=\"article:modified_time\" content=\"2023-06-15T13:57:03+00:00\" \/>\n<meta property=\"og:image\" content=\"https:\/\/zecovalve.com\/wp-content\/uploads\/2022\/06\/Cast-Steel-Globe-Valve-1.jpg\" \/>\n\t<meta property=\"og:image:width\" content=\"800\" \/>\n\t<meta property=\"og:image:height\" content=\"600\" \/>\n<meta name=\"twitter:card\" content=\"summary_large_image\" \/>\n<meta name=\"twitter:label1\" content=\"Escrito por\">\n\t<meta name=\"twitter:data1\" content=\"Jerry\">\n\t<meta name=\"twitter:label2\" content=\"Tempo estimado de leitura\">\n\t<meta name=\"twitter:data2\" content=\"3 minutos\">\n<script type=\"application\/ld+json\" class=\"yoast-schema-graph\">{\"@context\":\"https:\/\/schema.org\",\"@graph\":[{\"@type\":\"WebSite\",\"@id\":\"https:\/\/zecovalve.com\/#website\",\"url\":\"https:\/\/zecovalve.com\/\",\"name\":\"ZECO Valve\",\"description\":\"Industrial Ball Valve, Gate Valve and Globe Valve Manufacturer\",\"potentialAction\":[{\"@type\":\"SearchAction\",\"target\":\"https:\/\/zecovalve.com\/?s={search_term_string}\",\"query-input\":\"required name=search_term_string\"}],\"inLanguage\":\"pt-PT\"},{\"@type\":\"ImageObject\",\"@id\":\"https:\/\/zecovalve.com\/product\/cast-steel-globe-valve#primaryimage\",\"inLanguage\":\"pt-PT\",\"url\":\"https:\/\/zecovalve.com\/wp-content\/uploads\/2022\/06\/Cast-Steel-Globe-Valve-1.jpg\",\"width\":800,\"height\":600,\"caption\":\"Cast Steel Globe Valve\"},{\"@type\":\"WebPage\",\"@id\":\"https:\/\/zecovalve.com\/product\/cast-steel-globe-valve#webpage\",\"url\":\"https:\/\/zecovalve.com\/product\/cast-steel-globe-valve\",\"name\":\"Cast Steel Globe Valve - Globe Valve Manufacturer | ZECO Valve\",\"isPartOf\":{\"@id\":\"https:\/\/zecovalve.com\/#website\"},\"primaryImageOfPage\":{\"@id\":\"https:\/\/zecovalve.com\/product\/cast-steel-globe-valve#primaryimage\"},\"datePublished\":\"2022-06-19T03:52:47+00:00\",\"dateModified\":\"2023-06-15T13:57:03+00:00\",\"breadcrumb\":{\"@id\":\"https:\/\/zecovalve.com\/product\/cast-steel-globe-valve#breadcrumb\"},\"inLanguage\":\"pt-PT\",\"potentialAction\":[{\"@type\":\"ReadAction\",\"target\":[\"https:\/\/zecovalve.com\/product\/cast-steel-globe-valve\"]}]},{\"@type\":\"BreadcrumbList\",\"@id\":\"https:\/\/zecovalve.com\/product\/cast-steel-globe-valve#breadcrumb\",\"itemListElement\":[{\"@type\":\"ListItem\",\"position\":1,\"item\":{\"@type\":\"WebPage\",\"@id\":\"https:\/\/zecovalve.com\/\",\"url\":\"https:\/\/zecovalve.com\/\",\"name\":\"Home\"}},{\"@type\":\"ListItem\",\"position\":2,\"item\":{\"@type\":\"WebPage\",\"@id\":\"https:\/\/zecovalve.com\/product-category\",\"url\":\"https:\/\/zecovalve.com\/product-category\",\"name\":\"Industrial Valve Manufacturer | Water Valve Manufacturer\"}},{\"@type\":\"ListItem\",\"position\":3,\"item\":{\"@type\":\"WebPage\",\"@id\":\"https:\/\/zecovalve.com\/product\/cast-steel-globe-valve\",\"url\":\"https:\/\/zecovalve.com\/product\/cast-steel-globe-valve\",\"name\":\"Cast Steel Globe Valve\"}}]}]}<\/script>\n<!-- \/ Yoast SEO Premium plugin. -->","_links":{"self":[{"href":"https:\/\/zecovalve.com\/pt\/wp-json\/wp\/v2\/product\/16108","targetHints":{"allow":["GET"]}}],"collection":[{"href":"https:\/\/zecovalve.com\/pt\/wp-json\/wp\/v2\/product"}],"about":[{"href":"https:\/\/zecovalve.com\/pt\/wp-json\/wp\/v2\/types\/product"}],"replies":[{"embeddable":true,"href":"https:\/\/zecovalve.com\/pt\/wp-json\/wp\/v2\/comments?post=16108"}],"wp:featuredmedia":[{"embeddable":true,"href":"https:\/\/zecovalve.com\/pt\/wp-json\/wp\/v2\/media\/27904"}],"wp:attachment":[{"href":"https:\/\/zecovalve.com\/pt\/wp-json\/wp\/v2\/media?parent=16108"}],"wp:term":[{"taxonomy":"product_cat","embeddable":true,"href":"https:\/\/zecovalve.com\/pt\/wp-json\/wp\/v2\/product_cat?post=16108"},{"taxonomy":"product_tag","embeddable":true,"href":"https:\/\/zecovalve.com\/pt\/wp-json\/wp\/v2\/product_tag?post=16108"}],"curies":[{"name":"wp","href":"https:\/\/api.w.org\/{rel}","templated":true}]}}