{"id":16110,"date":"2022-06-19T03:54:59","date_gmt":"2022-06-19T03:54:59","guid":{"rendered":"https:\/\/zecovalve.com\/?post_type=product&#038;p=16110"},"modified":"2022-09-01T00:52:31","modified_gmt":"2022-09-01T00:52:31","slug":"double-offset-butterfly-valve","status":"publish","type":"product","link":"https:\/\/zecovalve.com\/pt\/produto\/double-offset-butterfly-valve","title":{"rendered":"V\u00e1lvula de borboleta de desvio duplo"},"content":{"rendered":"<p>A V\u00e1lvula Borboleta de Duplo Deslocamento tem um design que oferece uma fiabilidade robusta e uma manuten\u00e7\u00e3o extremamente f\u00e1cil no terreno<\/p>\r\n\r\n\r\n\r\n<figure class=\"wp-block-image alignnone size-medium wp-image-16111\"><img loading=\"lazy\" decoding=\"async\" width=\"300\" height=\"225\" class=\"wp-image-16111\" src=\"https:\/\/zecovalve.com\/wp-content\/uploads\/2022\/06\/double-offset-butterfly-valve-300x225.jpg\" alt=\"V\u00e1lvula de borboleta de desvio duplo\" srcset=\"https:\/\/zecovalve.com\/wp-content\/uploads\/2022\/06\/double-offset-butterfly-valve-300x225.jpg 300w, https:\/\/zecovalve.com\/wp-content\/uploads\/2022\/06\/double-offset-butterfly-valve-768x576.jpg 768w, https:\/\/zecovalve.com\/wp-content\/uploads\/2022\/06\/double-offset-butterfly-valve-600x450.jpg 600w, https:\/\/zecovalve.com\/wp-content\/uploads\/2022\/06\/double-offset-butterfly-valve.jpg 800w\" sizes=\"auto, (max-width: 300px) 100vw, 300px\" \/><\/figure>\r\n\r\n\r\n<div class=\"gb-button-wrapper gb-button-wrapper-6d8495a3\">\r\n\r\n\r\n<p><a class=\"gb-button gb-button-3d442e11 gb-button-text\" href=\"mailto:commercial@zecovalve.com\" target=\"_blank\" rel=\"noopener noreferrer\"><strong>OBTER PRE\u00c7O DA V\u00c1LVULA DE BORBOLETA DE DUPLO DESVIO<\/strong><\/a><\/p>\r\n<\/div>\r\n\r\n\r\n\r\n\r\n<h2 class=\"wp-block-heading\" id=\"h-what-is-a-double-offset-butterfly-valve\">O que \u00e9 uma V\u00e1lvula Borboleta de Dupla Compensa\u00e7\u00e3o?<\/h2>\r\n\r\n\r\n\r\n<p>A v\u00e1lvula de borboleta de duplo desvio \u00e9 conhecida popularmente como uma v\u00e1lvula de borboleta de alto desempenho e tem dois desvios em rela\u00e7\u00e3o ao centro do corpo da v\u00e1lvula:<\/p>\r\n\r\n\r\n\r\n<ul class=\"wp-block-list\">\r\n<li>O eixo do veio est\u00e1 deslocado do assento do disco e da linha central do vedante do corpo<\/li>\r\n<li>O eixo do veio \u00e9 exc\u00eantrico em rela\u00e7\u00e3o \u00e0 linha central da tubagem\/v\u00e1lvula.<\/li>\r\n<\/ul>\r\n\r\n\r\n\r\n<p>A posi\u00e7\u00e3o do disco numa v\u00e1lvula de borboleta de duplo desvio cria uma a\u00e7\u00e3o de came quando a v\u00e1lvula funciona. A sede \u00e9 levantada do vedante, o que resulta na ocorr\u00eancia de fric\u00e7\u00e3o nos primeiros 10\u00b0 e nos \u00faltimos 10\u00b0 das opera\u00e7\u00f5es de abertura e fecho.<\/p>\r\n\r\n\r\n\r\n<h2 class=\"wp-block-heading\">Como funcionam as V\u00e1lvulas Borboleta de Dupla Compensa\u00e7\u00e3o?<\/h2>\r\n\r\n\r\n\r\n<p>O movimento de uma v\u00e1lvula de borboleta de duplo desvio segue um perfil c\u00f3nico na veda\u00e7\u00e3o da v\u00e1lvula. A disposi\u00e7\u00e3o dos desvios do disco e do veio gera uma a\u00e7\u00e3o de came do disco na sede, reduzindo o bin\u00e1rio necess\u00e1rio para fechar ou abrir a v\u00e1lvula.<\/p>\r\n\r\n\r\n\r\n<p>Esta geometria de desvio tamb\u00e9m permite que a rota\u00e7\u00e3o de 90\u00b0 do disco entre em contacto com a sede apenas nos primeiros 1\u00b0 a 3\u00b0 de rota\u00e7\u00e3o. Al\u00e9m disso, a conce\u00e7\u00e3o das v\u00e1lvulas de borboleta de duplo desvio minimiza o desgaste nos pontos de contacto da sede e do disco, o que acontece nas v\u00e1lvulas de borboleta convencionais.<\/p>\r\n\r\n\r\n\r\n<p>Quando a v\u00e1lvula \u00e9 aberta, as extremidades superior e inferior do disco de borboleta j\u00e1 n\u00e3o s\u00e3o t\u00e3o trabalhosas como a v\u00e1lvula de borboleta da linha central, mas a fric\u00e7\u00e3o com a sede ainda existe. A carater\u00edstica melhorada da v\u00e1lvula de borboleta de duplo desvio \u00e9 o facto de o eixo da haste se desviar do centro do disco e do centro da pr\u00f3pria haste, tal como a v\u00e1lvula de borboleta exc\u00eantrica simples. Esta estrutura pode fazer com que o disco saia da sede imediatamente ap\u00f3s a abertura da v\u00e1lvula, e n\u00e3o haver\u00e1 atrito entre o disco e a sede ap\u00f3s a abertura da v\u00e1lvula de borboleta exc\u00eantrica simples.<\/p>\r\n\r\n\r\n\r\n<h2 class=\"wp-block-heading\">Tipos de v\u00e1lvulas de borboleta de desvio duplo com base na liga\u00e7\u00e3o<\/h2>\r\n\r\n\r\n\r\n<h3 class=\"wp-block-heading\">V\u00e1lvula Borboleta de Dupla Compensa\u00e7\u00e3o Wafer<\/h3>\r\n\r\n\r\n\r\n<p>O tipo de bolacha das v\u00e1lvulas de borboleta de duplo desvio \u00e9 constru\u00eddo para proporcionar uma veda\u00e7\u00e3o forte, proteger contra diferenciais de press\u00e3o bidireccionais e evitar qualquer refluxo em dispositivos que foram constru\u00eddos para fluxo unidirecional. Isto \u00e9 conseguido atrav\u00e9s da utiliza\u00e7\u00e3o de um material de veda\u00e7\u00e3o bem ajustado, como um O-ring ou uma junta, maquinado com precis\u00e3o, juntamente com uma face de v\u00e1lvula lisa nas partes a jusante e a montante da v\u00e1lvula.<\/p>\r\n\r\n\r\n\r\n<h3 class=\"wp-block-heading\">V\u00e1lvula Borboleta de Dupla Compensa\u00e7\u00e3o Tipo Lug<\/h3>\r\n\r\n\r\n\r\n<p>No tipo de corpo com olhal da configura\u00e7\u00e3o da v\u00e1lvula de borboleta de dupla desloca\u00e7\u00e3o, uma extremidade da tubagem pode ser removida sem causar impacto no outro lado da v\u00e1lvula. Isto pode ser conseguido com inser\u00e7\u00f5es roscadas, flanges e dois conjuntos de olhais (parafusos) que n\u00e3o utilizam porcas, pelo que cada flange tem os seus parafusos. Numa liga\u00e7\u00e3o do tipo lug, n\u00e3o \u00e9 necess\u00e1rio desligar todo o dispositivo para inspecionar, limpar, reparar ou substituir a v\u00e1lvula de borboleta lug.<\/p>\r\n\r\n\r\n\r\n<h3 class=\"wp-block-heading\">V\u00e1lvula borboleta de duplo desvio flangeada<\/h3>\r\n\r\n\r\n\r\n<p>A v\u00e1lvula de borboleta de duplo desvio com flange utiliza uma flange em ambas as extremidades da v\u00e1lvula para ser ligada a flanges de tubagem. Este tipo de liga\u00e7\u00e3o final \u00e9 utilizado para as dimens\u00f5es muito grandes da v\u00e1lvula de borboleta.<\/p>\r\n\r\n\r\n\r\n<h3 class=\"wp-block-heading\">V\u00e1lvula borboleta de desvio duplo com extremidade soldada<\/h3>\r\n\r\n\r\n\r\n<p>A v\u00e1lvula de borboleta de duplo desvio com extremidade soldada \u00e9 utilizada quando o sistema est\u00e1 sob press\u00e3o muito elevada. Estes tipos s\u00e3o geralmente utilizados para v\u00e1lvulas de borboleta de pequena dimens\u00e3o.<\/p>\r\n\r\n\r\n\r\n<h2 class=\"wp-block-heading\">Aplica\u00e7\u00f5es das V\u00e1lvulas Borboleta de Dupla Compensa\u00e7\u00e3o<\/h2>\r\n\r\n\r\n\r\n<p>A v\u00e1lvula de borboleta de duplo desvio \u00e9 geralmente utilizada em:<\/p>\r\n\r\n\r\n\r\n<ul class=\"wp-block-list\">\r\n<li>Produ\u00e7\u00e3o de eletricidade<\/li>\r\n<li>Pasta e papel<\/li>\r\n<li>HVAC<\/li>\r\n<li>Qu\u00edmica<\/li>\r\n<li>Petr\u00f3leo e g\u00e1s<\/li>\r\n<li>Tratamento da \u00e1gua e das \u00e1guas residuais<\/li>\r\n<li>Constru\u00e7\u00e3o naval<\/li>\r\n<\/ul>\r\n\r\n\r\n\r\n<h2 class=\"wp-block-heading\">Caracter\u00edsticas da V\u00e1lvula borboleta exc\u00eantrica dupla:<\/h2>\r\n\r\n\r\n\r\n<ul class=\"wp-block-list\">\r\n<li>A disposi\u00e7\u00e3o do eixo e do disco da v\u00e1lvula de borboleta exc\u00eantrica dupla da ZECO proporciona uma a\u00e7\u00e3o de came ao disco que se desengata da sede a uma rota\u00e7\u00e3o m\u00ednima. Esta conce\u00e7\u00e3o minimiza os pontos de guerra na parte superior e inferior da sede, t\u00edpicos das v\u00e1lvulas de borboleta convencionais;<\/li>\r\n<li>A v\u00e1lvula de borboleta de duplo desvio ZECO tem dois desvios. O primeiro desvio consiste no facto de o veio estar posicionado a jusante da linha central da sede. O segundo desvio \u00e9 o facto de o veio estar fora do centro do eixo vertical da sede;<\/li>\r\n<li>A v\u00e1lvula borboleta de duplo desvio ZECO pode ter um assento de borracha, assento de PTFE e assento de PTFE \u00e0 prova de fogo..;<\/li>\r\n<li>O assento \u00e0 prova de fogo da v\u00e1lvula de borboleta exc\u00eantrica dupla ZECO com veda\u00e7\u00e3o dupla, incluindo o inserto prim\u00e1rio de PTFE e o assento de metal. No caso de a inser\u00e7\u00e3o de PTFE ser destru\u00edda, a sede met\u00e1lica secund\u00e1ria proporciona um fecho eficaz.<\/li>\r\n<\/ul>\r\n\r\n\r\n\r\n<h2 class=\"wp-block-heading\" id=\"h-material-of-double-offset-butterfly-valve\">Material da v\u00e1lvula borboleta exc\u00eantrica dupla:<\/h2>\r\n\r\n\r\n\r\n<figure class=\"wp-block-table is-style-stripes\">\r\n<table>\r\n<tbody>\r\n<tr>\r\n<td>N\u00e3o<\/td>\r\n<td>Parte<\/td>\r\n<td>Material<\/td>\r\n<\/tr>\r\n<tr>\r\n<td>1<\/td>\r\n<td>Corpo<\/td>\r\n<td>ASTM A351 CF8<\/td>\r\n<\/tr>\r\n<tr>\r\n<td>2<\/td>\r\n<td>Anel de veda\u00e7\u00e3o<\/td>\r\n<td>PTFE<\/td>\r\n<\/tr>\r\n<tr>\r\n<td>3<\/td>\r\n<td>Flange de reten\u00e7\u00e3o<\/td>\r\n<td>ASTM A182 F304<\/td>\r\n<\/tr>\r\n<tr>\r\n<td>4<\/td>\r\n<td>Pino<\/td>\r\n<td>ASTM A276 304<\/td>\r\n<\/tr>\r\n<tr>\r\n<td>5<\/td>\r\n<td>Disco<\/td>\r\n<td>ASTM A351 CF8<\/td>\r\n<\/tr>\r\n<tr>\r\n<td>6<\/td>\r\n<td>Caule<\/td>\r\n<td>ASTM A276 304<\/td>\r\n<\/tr>\r\n<tr>\r\n<td>7<\/td>\r\n<td>Enchimento da haste<\/td>\r\n<td>PTFE<\/td>\r\n<\/tr>\r\n<tr>\r\n<td>8<\/td>\r\n<td>Batimento do tronco<\/td>\r\n<td>SS304 + PTFE<\/td>\r\n<\/tr>\r\n<tr>\r\n<td>9<\/td>\r\n<td>Parafuso<\/td>\r\n<td>ASTM A193 B8<\/td>\r\n<\/tr>\r\n<tr>\r\n<td>10<\/td>\r\n<td>Porca<\/td>\r\n<td>ASTM A194 8<\/td>\r\n<\/tr>\r\n<tr>\r\n<td>11<\/td>\r\n<td>Jugo<\/td>\r\n<td>ASTM A351 CF8<\/td>\r\n<\/tr>\r\n<\/tbody>\r\n<\/table>\r\n<\/figure>\r\n\r\n\r\n\r\n<p>A ZECO Valve \u00e9 um fabricante especializado na produ\u00e7\u00e3o de v\u00e1lvulas borboleta para altas temperaturas, e a v\u00e1lvula borboleta de deslocamento duplo com sede RPTFE \u00e9 mais prop\u00edcia \u00e0 condi\u00e7\u00e3o de 230 \u2103, o que contribuiu para a aplica\u00e7\u00e3o de v\u00e1lvulas borboleta exc\u00eantricas duplas no campo de alta temperatura.<\/p>","protected":false},"excerpt":{"rendered":"<p>O design da v\u00e1lvula borboleta de duplo deslocamento oferece confiabilidade robusta e manuten\u00e7\u00e3o extremamente f\u00e1cil em campo. O que \u00e9 uma borboleta de duplo deslocamento\u2026 <a title=\"V\u00e1lvula de borboleta de desvio duplo\" class=\"read-more\" href=\"https:\/\/zecovalve.com\/pt\/produto\/double-offset-butterfly-valve\" aria-label=\"Mais em V\u00e1lvula Borboleta de Duplo Offset\">Ler mais<\/a><\/p>","protected":false},"featured_media":16111,"comment_status":"closed","ping_status":"closed","template":"","meta":{"_generate-full-width-content":"","kt_blocks_editor_width":""},"product_cat":[2044,2467],"product_tag":[],"class_list":["post-16110","product","type-product","status-publish","has-post-thumbnail","hentry","product_cat-butterfly-valve","product_cat-butterfly-valve-by-form","sales-flash-overlay","woocommerce-text-align-center","woocommerce-image-align-center","do-quantity-buttons"],"featured_image_src_large":["https:\/\/zecovalve.com\/wp-content\/uploads\/2022\/06\/double-offset-butterfly-valve.jpg",800,600,false],"author_info":[],"comment_info":0,"taxonomy_info":{"product_cat":[{"value":2044,"label":"Butterfly Valve"},{"value":2467,"label":"Butterfly Valve By Form"}]},"yoast_head":"<!-- This site is optimized with the Yoast SEO Premium plugin v15.4 - https:\/\/yoast.com\/wordpress\/plugins\/seo\/ -->\n<title>Double Offset Butterfly Valve - Double Eccentric Butterfly Valve | ZECO Valve<\/title>\n<meta name=\"robots\" content=\"index, follow, max-snippet:-1, max-image-preview:large, max-video-preview:-1\" \/>\n<link rel=\"canonical\" href=\"https:\/\/zecovalve.com\/pt\/produto\/double-offset-butterfly-valve\" \/>\n<meta property=\"og:locale\" content=\"pt_PT\" \/>\n<meta property=\"og:type\" content=\"article\" \/>\n<meta property=\"og:title\" content=\"Double Offset Butterfly Valve - Double Eccentric Butterfly Valve | ZECO Valve\" \/>\n<meta property=\"og:description\" content=\"Double Offset Butterfly Valve is design offers rugged reliability and extremely easy maintenance in the field What is a Double Offset Butterfly ... Ler mais\" \/>\n<meta property=\"og:url\" content=\"https:\/\/zecovalve.com\/pt\/produto\/double-offset-butterfly-valve\" \/>\n<meta property=\"og:site_name\" content=\"ZECO Valve\" \/>\n<meta property=\"article:modified_time\" content=\"2022-09-01T00:52:31+00:00\" \/>\n<meta property=\"og:image\" content=\"https:\/\/zecovalve.com\/wp-content\/uploads\/2022\/06\/double-offset-butterfly-valve.jpg\" \/>\n\t<meta property=\"og:image:width\" content=\"800\" \/>\n\t<meta property=\"og:image:height\" content=\"600\" \/>\n<meta name=\"twitter:card\" content=\"summary_large_image\" \/>\n<meta name=\"twitter:label1\" content=\"Escrito por\">\n\t<meta name=\"twitter:data1\" content=\"Jerry\">\n\t<meta name=\"twitter:label2\" content=\"Tempo estimado de leitura\">\n\t<meta name=\"twitter:data2\" content=\"3 minutos\">\n<script type=\"application\/ld+json\" class=\"yoast-schema-graph\">{\"@context\":\"https:\/\/schema.org\",\"@graph\":[{\"@type\":\"WebSite\",\"@id\":\"https:\/\/zecovalve.com\/#website\",\"url\":\"https:\/\/zecovalve.com\/\",\"name\":\"ZECO Valve\",\"description\":\"Industrial Ball Valve, Gate Valve and Globe Valve Manufacturer\",\"potentialAction\":[{\"@type\":\"SearchAction\",\"target\":\"https:\/\/zecovalve.com\/?s={search_term_string}\",\"query-input\":\"required name=search_term_string\"}],\"inLanguage\":\"pt-PT\"},{\"@type\":\"ImageObject\",\"@id\":\"https:\/\/zecovalve.com\/product\/double-offset-butterfly-valve#primaryimage\",\"inLanguage\":\"pt-PT\",\"url\":\"https:\/\/zecovalve.com\/wp-content\/uploads\/2022\/06\/double-offset-butterfly-valve.jpg\",\"width\":800,\"height\":600,\"caption\":\"Double Offset Butterfly Valve\"},{\"@type\":\"WebPage\",\"@id\":\"https:\/\/zecovalve.com\/product\/double-offset-butterfly-valve#webpage\",\"url\":\"https:\/\/zecovalve.com\/product\/double-offset-butterfly-valve\",\"name\":\"Double Offset Butterfly Valve - Double Eccentric Butterfly Valve | ZECO Valve\",\"isPartOf\":{\"@id\":\"https:\/\/zecovalve.com\/#website\"},\"primaryImageOfPage\":{\"@id\":\"https:\/\/zecovalve.com\/product\/double-offset-butterfly-valve#primaryimage\"},\"datePublished\":\"2022-06-19T03:54:59+00:00\",\"dateModified\":\"2022-09-01T00:52:31+00:00\",\"breadcrumb\":{\"@id\":\"https:\/\/zecovalve.com\/product\/double-offset-butterfly-valve#breadcrumb\"},\"inLanguage\":\"pt-PT\",\"potentialAction\":[{\"@type\":\"ReadAction\",\"target\":[\"https:\/\/zecovalve.com\/product\/double-offset-butterfly-valve\"]}]},{\"@type\":\"BreadcrumbList\",\"@id\":\"https:\/\/zecovalve.com\/product\/double-offset-butterfly-valve#breadcrumb\",\"itemListElement\":[{\"@type\":\"ListItem\",\"position\":1,\"item\":{\"@type\":\"WebPage\",\"@id\":\"https:\/\/zecovalve.com\/\",\"url\":\"https:\/\/zecovalve.com\/\",\"name\":\"Home\"}},{\"@type\":\"ListItem\",\"position\":2,\"item\":{\"@type\":\"WebPage\",\"@id\":\"https:\/\/zecovalve.com\/product-category\",\"url\":\"https:\/\/zecovalve.com\/product-category\",\"name\":\"Industrial Valve Manufacturer | Water Valve Manufacturer\"}},{\"@type\":\"ListItem\",\"position\":3,\"item\":{\"@type\":\"WebPage\",\"@id\":\"https:\/\/zecovalve.com\/product\/double-offset-butterfly-valve\",\"url\":\"https:\/\/zecovalve.com\/product\/double-offset-butterfly-valve\",\"name\":\"Double Offset Butterfly Valve\"}}]}]}<\/script>\n<!-- \/ Yoast SEO Premium plugin. -->","_links":{"self":[{"href":"https:\/\/zecovalve.com\/pt\/wp-json\/wp\/v2\/product\/16110","targetHints":{"allow":["GET"]}}],"collection":[{"href":"https:\/\/zecovalve.com\/pt\/wp-json\/wp\/v2\/product"}],"about":[{"href":"https:\/\/zecovalve.com\/pt\/wp-json\/wp\/v2\/types\/product"}],"replies":[{"embeddable":true,"href":"https:\/\/zecovalve.com\/pt\/wp-json\/wp\/v2\/comments?post=16110"}],"wp:featuredmedia":[{"embeddable":true,"href":"https:\/\/zecovalve.com\/pt\/wp-json\/wp\/v2\/media\/16111"}],"wp:attachment":[{"href":"https:\/\/zecovalve.com\/pt\/wp-json\/wp\/v2\/media?parent=16110"}],"wp:term":[{"taxonomy":"product_cat","embeddable":true,"href":"https:\/\/zecovalve.com\/pt\/wp-json\/wp\/v2\/product_cat?post=16110"},{"taxonomy":"product_tag","embeddable":true,"href":"https:\/\/zecovalve.com\/pt\/wp-json\/wp\/v2\/product_tag?post=16110"}],"curies":[{"name":"wp","href":"https:\/\/api.w.org\/{rel}","templated":true}]}}