{"id":16114,"date":"2022-06-19T04:02:31","date_gmt":"2022-06-19T04:02:31","guid":{"rendered":"https:\/\/zecovalve.com\/?post_type=product&#038;p=16114"},"modified":"2023-06-07T07:02:13","modified_gmt":"2023-06-07T07:02:13","slug":"stainless-steel-ball-valve","status":"publish","type":"product","link":"https:\/\/zecovalve.com\/pt\/produto\/stainless-steel-ball-valve","title":{"rendered":"V\u00e1lvula de esfera de 2\u2033 em a\u00e7o inoxid\u00e1vel"},"content":{"rendered":"<p>A v\u00e1lvula ZECO \u00e9 um fabricante profissional de v\u00e1lvulas de esfera, produzindo v\u00e1rios tipos de v\u00e1lvulas de esfera, incluindo v\u00e1lvula de esfera de a\u00e7o inoxid\u00e1vel, v\u00e1lvula de esfera de a\u00e7o carbono e v\u00e1lvula de esfera de a\u00e7o inoxid\u00e1vel duplex.<\/p>\r\n\r\n\r\n\r\n<div class=\"wp-block-columns is-layout-flex wp-container-core-columns-is-layout-9d6595d7 wp-block-columns-is-layout-flex\">\r\n<div class=\"wp-block-column is-layout-flow wp-block-column-is-layout-flow\">\r\n<figure class=\"wp-block-image size-large\"><img decoding=\"async\" src=\"https:\/\/zecovalve.com\/wp-content\/uploads\/2022\/06\/stainless-steel-ball-valve-1-300x225.jpg\" alt=\"\" \/><\/figure>\r\n<\/div>\r\n\r\n\r\n\r\n<div class=\"wp-block-column is-layout-flow wp-block-column-is-layout-flow\">\r\n<figure class=\"wp-block-image size-large\"><img decoding=\"async\" src=\"https:\/\/zecovalve.com\/wp-content\/uploads\/2022\/06\/stainless-steel-ball-valve-2-300x225.jpg\" alt=\"\" \/><\/figure>\r\n<\/div>\r\n\r\n\r\n\r\n<div class=\"wp-block-column is-layout-flow wp-block-column-is-layout-flow\">\r\n<figure class=\"wp-block-image size-large\"><img decoding=\"async\" src=\"https:\/\/zecovalve.com\/wp-content\/uploads\/2022\/06\/stainless-steel-ball-valve-3-300x225.jpg\" alt=\"\" \/><\/figure>\r\n<\/div>\r\n\r\n\r\n\r\n<div class=\"wp-block-column is-layout-flow wp-block-column-is-layout-flow\">\r\n<figure class=\"wp-block-image size-large\"><img decoding=\"async\" src=\"https:\/\/zecovalve.com\/wp-content\/uploads\/2022\/06\/stainless-steel-ball-valve-4-300x225.jpg\" alt=\"\" \/><\/figure>\r\n<\/div>\r\n<\/div>\r\n\r\n\r\n\r\n<div class=\"wp-block-columns is-layout-flex wp-container-core-columns-is-layout-9d6595d7 wp-block-columns-is-layout-flex\">\r\n<div class=\"wp-block-column is-layout-flow wp-block-column-is-layout-flow\">\r\n<figure class=\"wp-block-image size-full is-resized\"><img loading=\"lazy\" decoding=\"async\" class=\"wp-image-16119\" src=\"https:\/\/zecovalve.com\/wp-content\/uploads\/2022\/06\/stainless-steel-ball-valve-5.jpg\" alt=\"\" width=\"400\" height=\"300\" srcset=\"https:\/\/zecovalve.com\/wp-content\/uploads\/2022\/06\/stainless-steel-ball-valve-5.jpg 800w, https:\/\/zecovalve.com\/wp-content\/uploads\/2022\/06\/stainless-steel-ball-valve-5-300x225.jpg 300w, https:\/\/zecovalve.com\/wp-content\/uploads\/2022\/06\/stainless-steel-ball-valve-5-768x576.jpg 768w, https:\/\/zecovalve.com\/wp-content\/uploads\/2022\/06\/stainless-steel-ball-valve-5-600x450.jpg 600w\" sizes=\"auto, (max-width: 400px) 100vw, 400px\" \/><\/figure>\r\n<\/div>\r\n\r\n\r\n\r\n<div class=\"wp-block-column is-layout-flow wp-block-column-is-layout-flow\">\r\n<figure class=\"wp-block-image size-full is-resized\"><img loading=\"lazy\" decoding=\"async\" class=\"wp-image-16120\" src=\"https:\/\/zecovalve.com\/wp-content\/uploads\/2022\/06\/stainless-steel-ball-valve-6.jpg\" alt=\"\" width=\"400\" height=\"300\" srcset=\"https:\/\/zecovalve.com\/wp-content\/uploads\/2022\/06\/stainless-steel-ball-valve-6.jpg 800w, https:\/\/zecovalve.com\/wp-content\/uploads\/2022\/06\/stainless-steel-ball-valve-6-300x225.jpg 300w, https:\/\/zecovalve.com\/wp-content\/uploads\/2022\/06\/stainless-steel-ball-valve-6-768x576.jpg 768w, https:\/\/zecovalve.com\/wp-content\/uploads\/2022\/06\/stainless-steel-ball-valve-6-600x450.jpg 600w\" sizes=\"auto, (max-width: 400px) 100vw, 400px\" \/><\/figure>\r\n<\/div>\r\n\r\n\r\n\r\n<div class=\"wp-block-column is-layout-flow wp-block-column-is-layout-flow\">\r\n<figure class=\"wp-block-image size-full is-resized\"><img loading=\"lazy\" decoding=\"async\" class=\"wp-image-16121\" src=\"https:\/\/zecovalve.com\/wp-content\/uploads\/2022\/06\/stainless-steel-ball-valve-7.jpg\" alt=\"\" width=\"400\" height=\"300\" srcset=\"https:\/\/zecovalve.com\/wp-content\/uploads\/2022\/06\/stainless-steel-ball-valve-7.jpg 800w, https:\/\/zecovalve.com\/wp-content\/uploads\/2022\/06\/stainless-steel-ball-valve-7-300x225.jpg 300w, https:\/\/zecovalve.com\/wp-content\/uploads\/2022\/06\/stainless-steel-ball-valve-7-768x576.jpg 768w, https:\/\/zecovalve.com\/wp-content\/uploads\/2022\/06\/stainless-steel-ball-valve-7-600x450.jpg 600w\" sizes=\"auto, (max-width: 400px) 100vw, 400px\" \/><\/figure>\r\n<\/div>\r\n<\/div>\r\n\r\n\r\n<div class=\"gb-button-wrapper gb-button-wrapper-6d8495a3\">\r\n\r\n\r\n<p><a class=\"gb-button gb-button-3d442e11 gb-button-text\" href=\"https:\/\/zecovalve.com\/pt\/contact\/\" target=\"_blank\" rel=\"noopener noreferrer\"><strong>OBTER PRE\u00c7O DA V\u00c1LVULA DE ESFERA DE A\u00c7O INOXID\u00c1VEL<\/strong><\/a><\/p>\r\n<\/div>\r\n\r\n\r\n\r\n\r\n<h2 class=\"wp-block-heading\" id=\"h-what-is-a-2-stainless-steel-ball-valve\">O que \u00e9 uma v\u00e1lvula esf\u00e9rica de a\u00e7o inoxid\u00e1vel de 2 \u2033?<\/h2>\r\n\r\n\r\n\r\n<p>A v\u00e1lvula de esfera de a\u00e7o inoxid\u00e1vel ZECO \u00e9 amplamente utilizada em tubula\u00e7\u00f5es com meios corrosivos. Os materiais de a\u00e7o inoxid\u00e1vel podem proteger as v\u00e1lvulas de esfera em seu meio espec\u00edfico com propriedades anticorrosivas por um longo tempo para evitar que o corpo da v\u00e1lvula, a esfera e a superf\u00edcie de veda\u00e7\u00e3o sejam severamente corro\u00eddos devido a meios corrosivos, resultando em falha de veda\u00e7\u00e3o ou at\u00e9 mesmo vazamento. A ZECO possui um processo de inspe\u00e7\u00e3o de recebimento espec\u00edfico para todas as mat\u00e9rias-primas de a\u00e7o inoxid\u00e1vel. Atrav\u00e9s da an\u00e1lise espectral, pode-se determinar se os materiais est\u00e3o em conformidade com os padr\u00f5es internacionais antes de serem armazenados e processados. Al\u00e9m disso, a ZECO possui registros de rastreabilidade das mat\u00e9rias-primas ap\u00f3s inspe\u00e7\u00e3o. Quando o produto for entregue aos usu\u00e1rios, ele ser\u00e1 exibido e enviado aos usu\u00e1rios por meio do MTC.<\/p>\r\n\r\n\r\n\r\n<h2 class=\"wp-block-heading\">Aplica\u00e7\u00f5es de v\u00e1lvula esfera de a\u00e7o inoxid\u00e1vel de 2 \u2033<\/h2>\r\n\r\n\r\n\r\n<ul class=\"wp-block-list\">\r\n<li>Linhas de aquecimento-resfriamento<\/li>\r\n<li>Instala\u00e7\u00f5es alimentares<\/li>\r\n<li>Ind\u00fastria qu\u00edmica<\/li>\r\n<li>Constru\u00e7\u00e3o naval<\/li>\r\n<li>F\u00e1bricas de papel<\/li>\r\n<\/ul>\r\n\r\n\r\n\r\n<h2 class=\"wp-block-heading\" id=\"h-features-of-2-stainless-steel-ball-valves\">Caracter\u00edsticas das v\u00e1lvulas esfera de a\u00e7o inoxid\u00e1vel de 2 \u2033:<\/h2>\r\n\r\n\r\n\r\n<ul class=\"wp-block-list\">\r\n<li>Como as partes m\u00f3veis da v\u00e1lvula esf\u00e9rica de a\u00e7o inoxid\u00e1vel, a esfera, a haste e a al\u00e7a s\u00e3o uma unidade de montagem. A cabe\u00e7a da haste da v\u00e1lvula tem formato dipl\u00f3ide, para distinguir facilmente se a v\u00e1lvula est\u00e1 na posi\u00e7\u00e3o \u201cON\u201d ou \u201cOFF\u201d da posi\u00e7\u00e3o da alavanca. Quando o man\u00edpulo ou a haste diploide est\u00e3o paralelos ao eixo do tubo, a v\u00e1lvula est\u00e1 na posi\u00e7\u00e3o \u201cON\u201d; quando o man\u00edpulo ou a haste diploide est\u00e3o verticais em rela\u00e7\u00e3o ao eixo do tubo, a v\u00e1lvula est\u00e1 na posi\u00e7\u00e3o \u201cOFF\u201d;<\/li>\r\n<li>Embora a v\u00e1lvula esf\u00e9rica de a\u00e7o inoxid\u00e1vel ZECO possa resistir \u00e0 corros\u00e3o, ela \u00e9 basicamente usada em meio corrosivo, o que \u00e9 dif\u00edcil de evitar a corros\u00e3o. Portanto, a ZECO deixar\u00e1 uma certa margem de corros\u00e3o ao projetar a espessura da v\u00e1lvula, de modo a garantir a vida \u00fatil de longo prazo do produto livre da influ\u00eancia de meio corrosivo;<\/li>\r\n<li>A v\u00e1lvula de esfera de a\u00e7o inoxid\u00e1vel ZECO tamb\u00e9m pode ser processada de acordo com o padr\u00e3o NACE MR0175 de acordo com os requisitos dos usu\u00e1rios, e o controle de qualidade e os testes s\u00e3o estritamente realizados no processo de fabrica\u00e7\u00e3o para atender aos requisitos tecnol\u00f3gicos das condi\u00e7\u00f5es ambientais de sulfeto;<\/li>\r\n<li>A v\u00e1lvula de esfera de a\u00e7o inoxid\u00e1vel ZECO tamb\u00e9m possui constru\u00e7\u00e3o de prote\u00e7\u00e3o contra fogo e estrutura antiest\u00e1tica.<\/li>\r\n<\/ul>\r\n\r\n\r\n\r\n<h2 class=\"wp-block-heading\" id=\"h-material-of-2-stainless-steel-ball-valves\">Material das v\u00e1lvulas esfera de a\u00e7o inoxid\u00e1vel de 2 \u2033:<\/h2>\r\n\r\n\r\n\r\n<figure class=\"wp-block-table is-style-stripes\">\r\n<table>\r\n<tbody>\r\n<tr>\r\n<td>N\u00e3o<\/td>\r\n<td>Parte<\/td>\r\n<td>Material<\/td>\r\n<\/tr>\r\n<tr>\r\n<td>1<\/td>\r\n<td>Corpo<\/td>\r\n<td>ASTM A182 F316<\/td>\r\n<\/tr>\r\n<tr>\r\n<td>2<\/td>\r\n<td>Bon\u00e9<\/td>\r\n<td>ASTM A182 F316<\/td>\r\n<\/tr>\r\n<tr>\r\n<td>3<\/td>\r\n<td>Bola<\/td>\r\n<td>ASTM A182 F316<\/td>\r\n<\/tr>\r\n<tr>\r\n<td>4<\/td>\r\n<td>Assento<\/td>\r\n<td>ASTM A182 F316<\/td>\r\n<\/tr>\r\n<tr>\r\n<td>5<\/td>\r\n<td>Caule<\/td>\r\n<td>ASTM A276 316<\/td>\r\n<\/tr>\r\n<tr>\r\n<td>6<\/td>\r\n<td>Dispositivo anti-est\u00e1tico<\/td>\r\n<td>SS316<\/td>\r\n<\/tr>\r\n<tr>\r\n<td>7<\/td>\r\n<td>Junta de veda\u00e7\u00e3o<\/td>\r\n<td>Grafite + SS316<\/td>\r\n<\/tr>\r\n<tr>\r\n<td>8<\/td>\r\n<td>Parafuso<\/td>\r\n<td>ASTM A193 B8M<\/td>\r\n<\/tr>\r\n<tr>\r\n<td>9<\/td>\r\n<td>Porca<\/td>\r\n<td>ASTM A194 8M<\/td>\r\n<\/tr>\r\n<tr>\r\n<td>10<\/td>\r\n<td>O-ring<\/td>\r\n<td>Viton A<\/td>\r\n<\/tr>\r\n<tr>\r\n<td>11<\/td>\r\n<td>Alavanca<\/td>\r\n<td>ASTM A276 304<\/td>\r\n<\/tr>\r\n<\/tbody>\r\n<\/table>\r\n<\/figure>","protected":false},"excerpt":{"rendered":"<p>A ZECO Valve \u00e9 um fabricante profissional de v\u00e1lvulas esf\u00e9ricas, produzindo v\u00e1rios tipos de v\u00e1lvulas esf\u00e9ricas, incluindo v\u00e1lvula esf\u00e9rica de a\u00e7o inoxid\u00e1vel, a\u00e7o carbono\u2026 <a title=\"V\u00e1lvula de esfera de a\u00e7o inoxid\u00e1vel de 2\u2033\" class=\"read-more\" href=\"https:\/\/zecovalve.com\/pt\/produto\/stainless-steel-ball-valve\" aria-label=\"Mais em V\u00e1lvula Esfera de A\u00e7o Inoxid\u00e1vel 2\u2033\">Ler mais<\/a><\/p>","protected":false},"featured_media":27851,"comment_status":"closed","ping_status":"closed","template":"","meta":{"_generate-full-width-content":"","kt_blocks_editor_width":""},"product_cat":[2047,2461,2465],"product_tag":[2804,3254,3244,2832],"class_list":["post-16114","product","type-product","status-publish","has-post-thumbnail","hentry","product_cat-ball-valve","product_cat-ball-valve-by-material","product_cat-forged-steel-ball-valve","product_tag-2-inch-ball-valve","product_tag-ball-valve-stainless-steel","product_tag-stainless-ball-valve","product_tag-stainless-steel-ball-valve","sales-flash-overlay","woocommerce-text-align-center","woocommerce-image-align-center","do-quantity-buttons"],"featured_image_src_large":["https:\/\/zecovalve.com\/wp-content\/uploads\/2022\/06\/2-Stainlesss-Stell-Ball-Valve.jpg",800,600,false],"author_info":[],"comment_info":0,"taxonomy_info":{"product_cat":[{"value":2047,"label":"Ball Valve"},{"value":2461,"label":"Ball Valve By Material"},{"value":2465,"label":"Forged Ball Valve"}],"product_tag":[{"value":2804,"label":"2 inch Ball Valve"},{"value":3254,"label":"Ball Valve Stainless Steel"},{"value":3244,"label":"Stainless Ball Valve"},{"value":2832,"label":"Stainless Steel Ball Valve"}]},"yoast_head":"<!-- This site is optimized with the Yoast SEO Premium plugin v15.4 - https:\/\/yoast.com\/wordpress\/plugins\/seo\/ -->\n<title>2&quot; Stainless Steel Ball Valve - Stainless Steel Ball Valve Manufacturer | ZECO<\/title>\n<meta name=\"robots\" content=\"index, follow, max-snippet:-1, max-image-preview:large, max-video-preview:-1\" \/>\n<link rel=\"canonical\" href=\"https:\/\/zecovalve.com\/pt\/produto\/stainless-steel-ball-valve\" \/>\n<meta property=\"og:locale\" content=\"pt_PT\" \/>\n<meta property=\"og:type\" content=\"article\" \/>\n<meta property=\"og:title\" content=\"2&quot; Stainless Steel Ball Valve - Stainless Steel Ball Valve Manufacturer | ZECO\" \/>\n<meta property=\"og:description\" content=\"ZECO Valve is a professional ball valve manufacturer, producing various types of ball valves which including stainless stell ball valve, carbon steel ... Ler mais\" \/>\n<meta property=\"og:url\" content=\"https:\/\/zecovalve.com\/pt\/produto\/stainless-steel-ball-valve\" \/>\n<meta property=\"og:site_name\" content=\"ZECO Valve\" \/>\n<meta property=\"article:modified_time\" content=\"2023-06-07T07:02:13+00:00\" \/>\n<meta property=\"og:image\" content=\"https:\/\/zecovalve.com\/wp-content\/uploads\/2022\/06\/2-Stainlesss-Stell-Ball-Valve.jpg\" \/>\n\t<meta property=\"og:image:width\" content=\"800\" \/>\n\t<meta property=\"og:image:height\" content=\"600\" \/>\n<meta name=\"twitter:card\" content=\"summary_large_image\" \/>\n<meta name=\"twitter:label1\" content=\"Escrito por\">\n\t<meta name=\"twitter:data1\" content=\"Jerry\">\n\t<meta name=\"twitter:label2\" content=\"Tempo estimado de leitura\">\n\t<meta name=\"twitter:data2\" content=\"2 minutos\">\n<script type=\"application\/ld+json\" class=\"yoast-schema-graph\">{\"@context\":\"https:\/\/schema.org\",\"@graph\":[{\"@type\":\"WebSite\",\"@id\":\"https:\/\/zecovalve.com\/#website\",\"url\":\"https:\/\/zecovalve.com\/\",\"name\":\"ZECO Valve\",\"description\":\"Industrial Ball Valve, Gate Valve and Globe Valve Manufacturer\",\"potentialAction\":[{\"@type\":\"SearchAction\",\"target\":\"https:\/\/zecovalve.com\/?s={search_term_string}\",\"query-input\":\"required name=search_term_string\"}],\"inLanguage\":\"pt-PT\"},{\"@type\":\"ImageObject\",\"@id\":\"https:\/\/zecovalve.com\/product\/stainless-steel-ball-valve#primaryimage\",\"inLanguage\":\"pt-PT\",\"url\":\"https:\/\/zecovalve.com\/wp-content\/uploads\/2022\/06\/2-Stainlesss-Stell-Ball-Valve.jpg\",\"width\":800,\"height\":600,\"caption\":\"2 Stainlesss Stell Ball Valve\"},{\"@type\":\"WebPage\",\"@id\":\"https:\/\/zecovalve.com\/product\/stainless-steel-ball-valve#webpage\",\"url\":\"https:\/\/zecovalve.com\/product\/stainless-steel-ball-valve\",\"name\":\"2\\\" Stainless Steel Ball Valve - Stainless Steel Ball Valve Manufacturer | ZECO\",\"isPartOf\":{\"@id\":\"https:\/\/zecovalve.com\/#website\"},\"primaryImageOfPage\":{\"@id\":\"https:\/\/zecovalve.com\/product\/stainless-steel-ball-valve#primaryimage\"},\"datePublished\":\"2022-06-19T04:02:31+00:00\",\"dateModified\":\"2023-06-07T07:02:13+00:00\",\"breadcrumb\":{\"@id\":\"https:\/\/zecovalve.com\/product\/stainless-steel-ball-valve#breadcrumb\"},\"inLanguage\":\"pt-PT\",\"potentialAction\":[{\"@type\":\"ReadAction\",\"target\":[\"https:\/\/zecovalve.com\/product\/stainless-steel-ball-valve\"]}]},{\"@type\":\"BreadcrumbList\",\"@id\":\"https:\/\/zecovalve.com\/product\/stainless-steel-ball-valve#breadcrumb\",\"itemListElement\":[{\"@type\":\"ListItem\",\"position\":1,\"item\":{\"@type\":\"WebPage\",\"@id\":\"https:\/\/zecovalve.com\/\",\"url\":\"https:\/\/zecovalve.com\/\",\"name\":\"Home\"}},{\"@type\":\"ListItem\",\"position\":2,\"item\":{\"@type\":\"WebPage\",\"@id\":\"https:\/\/zecovalve.com\/product-category\",\"url\":\"https:\/\/zecovalve.com\/product-category\",\"name\":\"Industrial Valve Manufacturer | Water Valve Manufacturer\"}},{\"@type\":\"ListItem\",\"position\":3,\"item\":{\"@type\":\"WebPage\",\"@id\":\"https:\/\/zecovalve.com\/product\/stainless-steel-ball-valve\",\"url\":\"https:\/\/zecovalve.com\/product\/stainless-steel-ball-valve\",\"name\":\"2&#8243; Stainless Steel Ball Valve\"}}]}]}<\/script>\n<!-- \/ Yoast SEO Premium plugin. -->","_links":{"self":[{"href":"https:\/\/zecovalve.com\/pt\/wp-json\/wp\/v2\/product\/16114","targetHints":{"allow":["GET"]}}],"collection":[{"href":"https:\/\/zecovalve.com\/pt\/wp-json\/wp\/v2\/product"}],"about":[{"href":"https:\/\/zecovalve.com\/pt\/wp-json\/wp\/v2\/types\/product"}],"replies":[{"embeddable":true,"href":"https:\/\/zecovalve.com\/pt\/wp-json\/wp\/v2\/comments?post=16114"}],"wp:featuredmedia":[{"embeddable":true,"href":"https:\/\/zecovalve.com\/pt\/wp-json\/wp\/v2\/media\/27851"}],"wp:attachment":[{"href":"https:\/\/zecovalve.com\/pt\/wp-json\/wp\/v2\/media?parent=16114"}],"wp:term":[{"taxonomy":"product_cat","embeddable":true,"href":"https:\/\/zecovalve.com\/pt\/wp-json\/wp\/v2\/product_cat?post=16114"},{"taxonomy":"product_tag","embeddable":true,"href":"https:\/\/zecovalve.com\/pt\/wp-json\/wp\/v2\/product_tag?post=16114"}],"curies":[{"name":"wp","href":"https:\/\/api.w.org\/{rel}","templated":true}]}}