{"id":16125,"date":"2022-06-19T04:25:15","date_gmt":"2022-06-19T04:25:15","guid":{"rendered":"https:\/\/zecovalve.com\/?post_type=product&#038;p=16125"},"modified":"2023-06-07T14:06:21","modified_gmt":"2023-06-07T14:06:21","slug":"6-inch-gate-valve","status":"publish","type":"product","link":"https:\/\/zecovalve.com\/pt\/produto\/6-inch-gate-valve","title":{"rendered":"V\u00e1lvula de gaveta de 6 polegadas"},"content":{"rendered":"<p>V\u00e1lvula de gaveta de 6 polegadas significa que o tamanho da v\u00e1lvula \u00e9 de 6 polegadas, e em DN \u00e9 DN150.<\/p>\r\n\r\n\r\n\r\n<figure class=\"wp-block-image alignnone size-medium wp-image-16126\">\r\n<p><img loading=\"lazy\" decoding=\"async\" class=\"wp-image-27875 size-medium\" src=\"https:\/\/zecovalve.com\/wp-content\/uploads\/2022\/06\/High-Pressure-Gate-Valve-1-300x225.jpg\" alt=\"V\u00e1lvula de gaveta de 6 polegadas\" width=\"300\" height=\"225\" srcset=\"https:\/\/zecovalve.com\/wp-content\/uploads\/2022\/06\/High-Pressure-Gate-Valve-1-300x225.jpg 300w, https:\/\/zecovalve.com\/wp-content\/uploads\/2022\/06\/High-Pressure-Gate-Valve-1-768x576.jpg 768w, https:\/\/zecovalve.com\/wp-content\/uploads\/2022\/06\/High-Pressure-Gate-Valve-1-600x450.jpg 600w, https:\/\/zecovalve.com\/wp-content\/uploads\/2022\/06\/High-Pressure-Gate-Valve-1.jpg 800w\" sizes=\"auto, (max-width: 300px) 100vw, 300px\" \/><\/p>\r\n<\/figure>\r\n\r\n\r\n<div class=\"gb-button-wrapper gb-button-wrapper-6d8495a3\">\r\n\r\n\r\n<p><a class=\"gb-button gb-button-3d442e11 gb-button-text\" href=\"mailto:commercial@zecovalve.com\" target=\"_blank\" rel=\"noopener noreferrer\"><strong>OBTER PRE\u00c7O DA V\u00c1LVULA DE GAVETA DE 6<\/strong><\/a><\/p>\r\n<\/div>\r\n\r\n\r\n\r\n\r\n<h2 class=\"wp-block-heading\" id=\"h-what-is-a-6-inch-gate-valve\">O que \u00e9 uma v\u00e1lvula de gaveta de 6 polegadas?<\/h2>\r\n\r\n\r\n\r\n<p>Todas as pe\u00e7as fundidas e forjadas da v\u00e1lvula de gaveta de 6 polegadas da ZECO, especialmente o corpo e a tampa de dois dos principais componentes de press\u00e3o, s\u00e3o usadas para refor\u00e7ar a intensidade das sec\u00e7\u00f5es pesadas, embora o corpo da ZECO, a espessura da tampa esteja dentro do padr\u00e3o, as sec\u00e7\u00f5es pesadas do design podem tornar o produto mais garantido, permiss\u00e3o em meio corrosivo para garantir uma longa vida \u00fatil do produto.A ZECO presta muita aten\u00e7\u00e3o \u00e0 compra e inspe\u00e7\u00e3o de mat\u00e9rias-primas, porque sabe muito bem que, se as mat\u00e9rias-primas n\u00e3o forem rigorosamente controladas, por muito boa que seja a tecnologia de processamento e os meios de dete\u00e7\u00e3o na fase posterior, n\u00e3o podem transformar produtos n\u00e3o qualificados da fonte em produtos excelentes. Por conseguinte, a ZECO est\u00e1 a orientar lentamente, passo a passo, os produtos valvulados para a via dos produtos artesanais.<\/p>\r\n\r\n\r\n\r\n<h2 class=\"wp-block-heading\" id=\"h-features-of-6-inch-gate-valve\">Caracter\u00edsticas da V\u00e1lvula de gaveta de 6 polegadas:<\/h2>\r\n\r\n\r\n\r\n<ul class=\"wp-block-list\">\r\n<li>A v\u00e1lvula de cunha de 6 polegadas ZECO tem um desempenho de manuten\u00e7\u00e3o muito fi\u00e1vel. O design da sede da v\u00e1lvula substitu\u00edvel garante que danos posteriores na sede possam ser substitu\u00eddos no local. A conce\u00e7\u00e3o do vedante invertido assegura a substitui\u00e7\u00e3o em linha quando o empanque \u00e9 substitu\u00eddo;<\/li>\r\n<li>Quando a v\u00e1lvula de gaveta de 6 polegadas da ZECO \u00e9 transportada, a v\u00e1lvula de a\u00e7o inoxid\u00e1vel e a v\u00e1lvula de a\u00e7o carbono s\u00e3o embaladas separadamente, porque \u00e0 temperatura ambiente, quando a v\u00e1lvula de a\u00e7o carbono e a v\u00e1lvula de a\u00e7o inoxid\u00e1vel entram em contacto, n\u00e3o h\u00e1 um fen\u00f3meno de cementa\u00e7\u00e3o imediato e a v\u00e1lvula de a\u00e7o inoxid\u00e1vel tem pontos de corros\u00e3o durante um determinado per\u00edodo. Num ambiente h\u00famido, se a v\u00e1lvula de carbono e a v\u00e1lvula de a\u00e7o inoxid\u00e1vel forem empilhadas juntas, \u00e9 f\u00e1cil produzir reac\u00e7\u00f5es qu\u00edmicas, danificando assim a camada protetora da v\u00e1lvula de a\u00e7o inoxid\u00e1vel, o que resulta na ferrugem da v\u00e1lvula de a\u00e7o inoxid\u00e1vel;<\/li>\r\n<li>Ap\u00f3s quase 30 anos de design de v\u00e1lvula de gaveta, os produtos da v\u00e1lvula de gaveta de 6 polegadas da ZECO t\u00eam desempenho est\u00e1vel e torque de comuta\u00e7\u00e3o leve;<\/li>\r\n<li>A v\u00e1lvula de gaveta de 6 polegadas da ZECO tem todos os seus pr\u00f3prios moldes de fundi\u00e7\u00e3o de precis\u00e3o, e a areia de fundi\u00e7\u00e3o \u00e9 areia fina, de apar\u00eancia bonita, e tem caracteres de fundi\u00e7\u00e3o claros.<\/li>\r\n<\/ul>\r\n\r\n\r\n\r\n<h2 class=\"wp-block-heading\">Especifica\u00e7\u00e3o da v\u00e1lvula de gaveta de 6<\/h2>\r\n\r\n\r\n\r\n<figure class=\"wp-block-table\">\r\n<table>\r\n<tbody>\r\n<tr>\r\n<td>Confirma\u00e7\u00e3o da conce\u00e7\u00e3o<\/td>\r\n<td>API 6D, API 600, BS 5163<\/td>\r\n<\/tr>\r\n<tr>\r\n<td>Flanges perfuradas Confirma<\/td>\r\n<td>ASME B16.5, EN 1092-1, EN 1092-2<\/td>\r\n<\/tr>\r\n<tr>\r\n<td>Verifica\u00e7\u00e3o do aperto<\/td>\r\n<td>API 598, ISO 5208, EN 12266-1<\/td>\r\n<\/tr>\r\n<tr>\r\n<td>Confirma\u00e7\u00f5es cara a cara<\/td>\r\n<td>API 6D, ASME B16.10, BS 5163, EN 558-1<\/td>\r\n<\/tr>\r\n<tr>\r\n<td>Press\u00e3o normal<\/td>\r\n<td>Classe 150 ~ Classe 2500, PN10 ~ PN16<\/td>\r\n<\/tr>\r\n<tr>\r\n<td>Press\u00e3o de ensaio da carapa\u00e7a<\/td>\r\n<td>1,5 * Press\u00e3o de projeto<\/td>\r\n<\/tr>\r\n<tr>\r\n<td>Press\u00e3o de ensaio da veda\u00e7\u00e3o<\/td>\r\n<td>1.1 * Press\u00e3o de projeto (\u00e1gua)<\/td>\r\n<\/tr>\r\n<tr>\r\n<td>Press\u00e3o de ensaio da veda\u00e7\u00e3o (baixa press\u00e3o)<\/td>\r\n<td>6 Bar (Ar)<\/td>\r\n<\/tr>\r\n<\/tbody>\r\n<\/table>\r\n<\/figure>\r\n\r\n\r\n\r\n<h2 class=\"wp-block-heading\">Aplica\u00e7\u00f5es da v\u00e1lvula de gaveta de 6 \u2033<\/h2>\r\n\r\n\r\n\r\n<ul class=\"wp-block-list\">\r\n<li>Qu\u00edmica,<\/li>\r\n<li>Petroqu\u00edmica,<\/li>\r\n<li>Petr\u00f3leo e g\u00e1s,<\/li>\r\n<li>Central el\u00e9ctrica,<\/li>\r\n<li>Ind\u00fastria em geral.<\/li>\r\n<\/ul>\r\n\r\n\r\n\r\n<h2 class=\"wp-block-heading\">Dimens\u00f5es e peso da v\u00e1lvula de gaveta de 6 \u2033<\/h2>\r\n\r\n<table border=\"=1\" width=\"800\">\r\n<tbody>\r\n<tr>\r\n<td rowspan=\"2\">Press\u00e3o nominal\u00a0<\/td>\r\n<td>Furo<\/td>\r\n<td colspan=\"3\">\u00a0Dimens\u00e3o face a face (em mm)\u00a0 \u00a0<\/td>\r\n<td>Peso<\/td>\r\n<\/tr>\r\n<tr>\r\n<td>(em mm)<\/td>\r\n<td>RF<\/td>\r\n<td>BW<\/td>\r\n<td>RTJ<\/td>\r\n<td>kg<\/td>\r\n<\/tr>\r\n<tr>\r\n<td>CLASSE 150<\/td>\r\n<td>150<\/td>\r\n<td>267<\/td>\r\n<td>403<\/td>\r\n<td>279<\/td>\r\n<td>85<\/td>\r\n<\/tr>\r\n<tr>\r\n<td>CLASSE 300<\/td>\r\n<td>150<\/td>\r\n<td>403<\/td>\r\n<td>403<\/td>\r\n<td>419<\/td>\r\n<td>142<\/td>\r\n<\/tr>\r\n<tr>\r\n<td>CLASSE 600<\/td>\r\n<td>150<\/td>\r\n<td>559<\/td>\r\n<td>559<\/td>\r\n<td>562<\/td>\r\n<td>285<\/td>\r\n<\/tr>\r\n<tr>\r\n<td>CLASSE 900<\/td>\r\n<td>146<\/td>\r\n<td>610<\/td>\r\n<td>610<\/td>\r\n<td>613<\/td>\r\n<td>453<\/td>\r\n<\/tr>\r\n<tr>\r\n<td>CLASSE 1500<\/td>\r\n<td>136<\/td>\r\n<td>705<\/td>\r\n<td>705<\/td>\r\n<td>711<\/td>\r\n<td>617<\/td>\r\n<\/tr>\r\n<tr>\r\n<td>CLASSE 2500<\/td>\r\n<td>111<\/td>\r\n<td>914<\/td>\r\n<td>914<\/td>\r\n<td>927<\/td>\r\n<td>1590<\/td>\r\n<\/tr>\r\n<\/tbody>\r\n<\/table>\r\n\r\n<h2 class=\"wp-block-heading\" id=\"h-material-of-6-inch-gate-valve\">Material da v\u00e1lvula de gaveta de 6 polegadas:<\/h2>\r\n\r\n\r\n\r\n<figure class=\"wp-block-table is-style-stripes\">\r\n<table>\r\n<tbody>\r\n<tr>\r\n<td>N\u00e3o<\/td>\r\n<td>Parte<\/td>\r\n<td>Material<\/td>\r\n<\/tr>\r\n<tr>\r\n<td>1<\/td>\r\n<td>Corpo<\/td>\r\n<td>ASTM A351 CF3<\/td>\r\n<\/tr>\r\n<tr>\r\n<td>2<\/td>\r\n<td>Anel de assento<\/td>\r\n<td>ASTM A182 F304L + STL<\/td>\r\n<\/tr>\r\n<tr>\r\n<td>3<\/td>\r\n<td>Cunha<\/td>\r\n<td>ASTM A351 CF3 + STL<\/td>\r\n<\/tr>\r\n<tr>\r\n<td>4<\/td>\r\n<td>Caule<\/td>\r\n<td>ASTM A276 304L<\/td>\r\n<\/tr>\r\n<tr>\r\n<td>5<\/td>\r\n<td>Junta da tampa do compartimento<\/td>\r\n<td>Grafite + SS304L<\/td>\r\n<\/tr>\r\n<tr>\r\n<td>6<\/td>\r\n<td>Parafuso do castelo<\/td>\r\n<td>ASTM A193 B8<\/td>\r\n<\/tr>\r\n<tr>\r\n<td>7<\/td>\r\n<td>Porca do castelo<\/td>\r\n<td>ASTM A194 8<\/td>\r\n<\/tr>\r\n<tr>\r\n<td>8<\/td>\r\n<td>Bon\u00e9<\/td>\r\n<td>ASTM A351 CF3<\/td>\r\n<\/tr>\r\n<tr>\r\n<td>9<\/td>\r\n<td>Banco traseiro<\/td>\r\n<td>ASTM A182 304L<\/td>\r\n<\/tr>\r\n<tr>\r\n<td>10<\/td>\r\n<td>Enchimento da haste<\/td>\r\n<td>Grafite refor\u00e7ada<\/td>\r\n<\/tr>\r\n<tr>\r\n<td>11<\/td>\r\n<td>Volante<\/td>\r\n<td>KTH330-08<\/td>\r\n<\/tr>\r\n<\/tbody>\r\n<\/table>\r\n<\/figure>","protected":false},"excerpt":{"rendered":"<p>V\u00e1lvula gaveta de 6 polegadas significa que o tamanho da v\u00e1lvula \u00e9 de 6 polegadas e em DN \u00e9 DN150. O que \u00e9 um 6 polegadas\u2026 <a title=\"V\u00e1lvula de gaveta de 6 polegadas\" class=\"read-more\" href=\"https:\/\/zecovalve.com\/pt\/produto\/6-inch-gate-valve\" aria-label=\"Mais em V\u00e1lvula gaveta de 6 polegadas\">Ler mais<\/a><\/p>","protected":false},"featured_media":27875,"comment_status":"closed","ping_status":"closed","template":"","meta":{"_generate-full-width-content":"","kt_blocks_editor_width":""},"product_cat":[2052,2458],"product_tag":[],"class_list":["post-16125","product","type-product","status-publish","has-post-thumbnail","hentry","product_cat-gate-valve","product_cat-gate-valve-by-inch","sales-flash-overlay","woocommerce-text-align-center","woocommerce-image-align-center","do-quantity-buttons"],"featured_image_src_large":["https:\/\/zecovalve.com\/wp-content\/uploads\/2022\/06\/High-Pressure-Gate-Valve-1.jpg",800,600,false],"author_info":[],"comment_info":0,"taxonomy_info":{"product_cat":[{"value":2052,"label":"Gate Valve"},{"value":2458,"label":"Gate Valve By Inch"}]},"yoast_head":"<!-- This site is optimized with the Yoast SEO Premium plugin v15.4 - https:\/\/yoast.com\/wordpress\/plugins\/seo\/ -->\n<title>Gate Valve 6 inch - Competitive 6&quot; Gate Valve Price | ZECO Valve<\/title>\n<meta name=\"robots\" content=\"index, follow, max-snippet:-1, max-image-preview:large, max-video-preview:-1\" \/>\n<link rel=\"canonical\" href=\"https:\/\/zecovalve.com\/pt\/produto\/6-inch-gate-valve\" \/>\n<meta property=\"og:locale\" content=\"pt_PT\" \/>\n<meta property=\"og:type\" content=\"article\" \/>\n<meta property=\"og:title\" content=\"Gate Valve 6 inch - Competitive 6&quot; Gate Valve Price | ZECO Valve\" \/>\n<meta property=\"og:description\" content=\"Gate valve 6 inch means the valve size is 6 inch, and in DN it is DN150. What is a 6 inch ... Ler mais\" \/>\n<meta property=\"og:url\" content=\"https:\/\/zecovalve.com\/pt\/produto\/6-inch-gate-valve\" \/>\n<meta property=\"og:site_name\" content=\"ZECO Valve\" \/>\n<meta property=\"article:modified_time\" content=\"2023-06-07T14:06:21+00:00\" \/>\n<meta property=\"og:image\" content=\"https:\/\/zecovalve.com\/wp-content\/uploads\/2022\/06\/High-Pressure-Gate-Valve-1.jpg\" \/>\n\t<meta property=\"og:image:width\" content=\"800\" \/>\n\t<meta property=\"og:image:height\" content=\"600\" \/>\n<meta name=\"twitter:card\" content=\"summary_large_image\" \/>\n<meta name=\"twitter:label1\" content=\"Escrito por\">\n\t<meta name=\"twitter:data1\" content=\"Jerry\">\n\t<meta name=\"twitter:label2\" content=\"Tempo estimado de leitura\">\n\t<meta name=\"twitter:data2\" content=\"2 minutos\">\n<script type=\"application\/ld+json\" class=\"yoast-schema-graph\">{\"@context\":\"https:\/\/schema.org\",\"@graph\":[{\"@type\":\"WebSite\",\"@id\":\"https:\/\/zecovalve.com\/#website\",\"url\":\"https:\/\/zecovalve.com\/\",\"name\":\"ZECO Valve\",\"description\":\"Industrial Ball Valve, Gate Valve and Globe Valve Manufacturer\",\"potentialAction\":[{\"@type\":\"SearchAction\",\"target\":\"https:\/\/zecovalve.com\/?s={search_term_string}\",\"query-input\":\"required name=search_term_string\"}],\"inLanguage\":\"pt-PT\"},{\"@type\":\"ImageObject\",\"@id\":\"https:\/\/zecovalve.com\/product\/6-inch-gate-valve#primaryimage\",\"inLanguage\":\"pt-PT\",\"url\":\"https:\/\/zecovalve.com\/wp-content\/uploads\/2022\/06\/High-Pressure-Gate-Valve-1.jpg\",\"width\":800,\"height\":600,\"caption\":\"6 inch Gate Valve\"},{\"@type\":\"WebPage\",\"@id\":\"https:\/\/zecovalve.com\/product\/6-inch-gate-valve#webpage\",\"url\":\"https:\/\/zecovalve.com\/product\/6-inch-gate-valve\",\"name\":\"Gate Valve 6 inch - Competitive 6\\\" Gate Valve Price | ZECO Valve\",\"isPartOf\":{\"@id\":\"https:\/\/zecovalve.com\/#website\"},\"primaryImageOfPage\":{\"@id\":\"https:\/\/zecovalve.com\/product\/6-inch-gate-valve#primaryimage\"},\"datePublished\":\"2022-06-19T04:25:15+00:00\",\"dateModified\":\"2023-06-07T14:06:21+00:00\",\"breadcrumb\":{\"@id\":\"https:\/\/zecovalve.com\/product\/6-inch-gate-valve#breadcrumb\"},\"inLanguage\":\"pt-PT\",\"potentialAction\":[{\"@type\":\"ReadAction\",\"target\":[\"https:\/\/zecovalve.com\/product\/6-inch-gate-valve\"]}]},{\"@type\":\"BreadcrumbList\",\"@id\":\"https:\/\/zecovalve.com\/product\/6-inch-gate-valve#breadcrumb\",\"itemListElement\":[{\"@type\":\"ListItem\",\"position\":1,\"item\":{\"@type\":\"WebPage\",\"@id\":\"https:\/\/zecovalve.com\/\",\"url\":\"https:\/\/zecovalve.com\/\",\"name\":\"Home\"}},{\"@type\":\"ListItem\",\"position\":2,\"item\":{\"@type\":\"WebPage\",\"@id\":\"https:\/\/zecovalve.com\/product-category\",\"url\":\"https:\/\/zecovalve.com\/product-category\",\"name\":\"Industrial Valve Manufacturer | Water Valve Manufacturer\"}},{\"@type\":\"ListItem\",\"position\":3,\"item\":{\"@type\":\"WebPage\",\"@id\":\"https:\/\/zecovalve.com\/product\/6-inch-gate-valve\",\"url\":\"https:\/\/zecovalve.com\/product\/6-inch-gate-valve\",\"name\":\"6 inch Gate Valve\"}}]}]}<\/script>\n<!-- \/ Yoast SEO Premium plugin. -->","_links":{"self":[{"href":"https:\/\/zecovalve.com\/pt\/wp-json\/wp\/v2\/product\/16125","targetHints":{"allow":["GET"]}}],"collection":[{"href":"https:\/\/zecovalve.com\/pt\/wp-json\/wp\/v2\/product"}],"about":[{"href":"https:\/\/zecovalve.com\/pt\/wp-json\/wp\/v2\/types\/product"}],"replies":[{"embeddable":true,"href":"https:\/\/zecovalve.com\/pt\/wp-json\/wp\/v2\/comments?post=16125"}],"wp:featuredmedia":[{"embeddable":true,"href":"https:\/\/zecovalve.com\/pt\/wp-json\/wp\/v2\/media\/27875"}],"wp:attachment":[{"href":"https:\/\/zecovalve.com\/pt\/wp-json\/wp\/v2\/media?parent=16125"}],"wp:term":[{"taxonomy":"product_cat","embeddable":true,"href":"https:\/\/zecovalve.com\/pt\/wp-json\/wp\/v2\/product_cat?post=16125"},{"taxonomy":"product_tag","embeddable":true,"href":"https:\/\/zecovalve.com\/pt\/wp-json\/wp\/v2\/product_tag?post=16125"}],"curies":[{"name":"wp","href":"https:\/\/api.w.org\/{rel}","templated":true}]}}