{"id":16127,"date":"2022-06-19T13:33:53","date_gmt":"2022-06-19T13:33:53","guid":{"rendered":"https:\/\/zecovalve.com\/?post_type=product&#038;p=16127"},"modified":"2023-06-15T12:38:01","modified_gmt":"2023-06-15T12:38:01","slug":"industrial-gate-valve","status":"publish","type":"product","link":"https:\/\/zecovalve.com\/pt\/produto\/industrial-gate-valve","title":{"rendered":"V\u00e1lvula de gaveta industrial"},"content":{"rendered":"<p>A v\u00e1lvula ZECO \u00e9 um fabricante de v\u00e1lvulas gaveta aprovado pela API 600.<\/p>\r\n\r\n\r\n\r\n<figure class=\"wp-block-image alignnone size-medium wp-image-16128\"><img loading=\"lazy\" decoding=\"async\" width=\"300\" height=\"225\" class=\"wp-image-16128\" src=\"https:\/\/zecovalve.com\/wp-content\/uploads\/2022\/06\/industrial-gate-valve-300x225.jpg\" alt=\"V\u00e1lvula de gaveta industrial\" srcset=\"https:\/\/zecovalve.com\/wp-content\/uploads\/2022\/06\/industrial-gate-valve-300x225.jpg 300w, https:\/\/zecovalve.com\/wp-content\/uploads\/2022\/06\/industrial-gate-valve-768x576.jpg 768w, https:\/\/zecovalve.com\/wp-content\/uploads\/2022\/06\/industrial-gate-valve-600x450.jpg 600w, https:\/\/zecovalve.com\/wp-content\/uploads\/2022\/06\/industrial-gate-valve.jpg 800w\" sizes=\"auto, (max-width: 300px) 100vw, 300px\" \/><\/figure>\r\n\r\n\r\n<div class=\"gb-button-wrapper gb-button-wrapper-6d8495a3\">\r\n\r\n\r\n<p><a class=\"gb-button gb-button-3d442e11 gb-button-text\" href=\"https:\/\/zecovalve.com\/pt\/contact\/\" target=\"_blank\" rel=\"noopener noreferrer\"><strong>OBTER PRE\u00c7O DA V\u00c1LVULA DE GAVETA INDUSTRIAL<\/strong><\/a><\/p>\r\n<\/div>\r\n\r\n\r\n\r\n\r\n<h2 class=\"wp-block-heading\">O que s\u00e3o v\u00e1lvulas industriais?<\/h2>\r\n\r\n\r\n\r\n<p>Em aplica\u00e7\u00f5es industriais, as v\u00e1lvulas desempenham um papel vital no controle ou regula\u00e7\u00e3o do movimento do meio em sistemas de tubula\u00e7\u00e3o. O amplo escopo de aplica\u00e7\u00f5es industriais permite mais variedades no design de v\u00e1lvulas.<\/p>\r\n\r\n\r\n\r\n<p>Embora a maioria seja para o mecanismo stop-start, certas v\u00e1lvulas tamb\u00e9m possuem recursos de estrangulamento. Al\u00e9m disso, as v\u00e1lvulas s\u00e3o operadas manualmente ou com o uso de uma engrenagem que movimenta o atuador.<\/p>\r\n\r\n\r\n\r\n<p>Qualquer pessoa envolvida no neg\u00f3cio de tubula\u00e7\u00f5es deve compreender a import\u00e2ncia das v\u00e1lvulas. Conhecer o funcionamento e a manuten\u00e7\u00e3o das v\u00e1lvulas garante que estas durem mais. Ele tamb\u00e9m garante que todo o processo de tubula\u00e7\u00e3o ocorra sem atrasos.<\/p>\r\n\r\n\r\n\r\n<p>Este artigo discute tudo o que voc\u00ea precisa saber sobre v\u00e1lvulas industriais. Inclu\u00eddas neste artigo est\u00e3o as diferentes fun\u00e7\u00f5es da v\u00e1lvula e as pe\u00e7as gerais da v\u00e1lvula. Este artigo tamb\u00e9m discute as v\u00e1lvulas comumente usadas em aplica\u00e7\u00f5es industriais.<\/p>\r\n\r\n\r\n\r\n<h2 class=\"wp-block-heading\" id=\"h-what-is-industrial-gate-valve\">O que \u00e9 v\u00e1lvula gaveta industrial?<\/h2>\r\n\r\n\r\n\r\n<p>V\u00e1lvulas de gaveta industriais ou \u201cv\u00e1lvulas de bloqueio\u201d s\u00e3o o tipo de v\u00e1lvula mais comumente usado na ind\u00fastria de petr\u00f3leo e g\u00e1s. As v\u00e1lvulas gaveta destinam-se ao controle de fluxo liga-desliga. Quando totalmente aberta, o fluido flui atrav\u00e9s da v\u00e1lvula em linha reta, resultando em queda m\u00ednima de press\u00e3o na v\u00e1lvula.<\/p>\r\n\r\n\r\n\r\n<p>As v\u00e1lvulas gaveta industriais s\u00e3o adequadas para instala\u00e7\u00e3o acima do solo e subterr\u00e2nea e s\u00e3o projetadas para servi\u00e7o totalmente aberto ou totalmente fechado. S\u00e3o instaladas em tubula\u00e7\u00f5es como v\u00e1lvulas de isolamento e n\u00e3o devem ser utilizadas como v\u00e1lvula de controle ou regula\u00e7\u00e3o.<\/p>\r\n\r\n\r\n\r\n<p>Estas v\u00e1lvulas podem ser divididas em dois tipos principais, nomeadamente paralelas e em forma de cunha. As v\u00e1lvulas gaveta industriais paralelas usam uma gaveta plana entre duas sedes paralelas. A v\u00e1lvula guilhotina \u00e9 uma v\u00e1lvula popular projetada dessa forma, com uma borda afiada na parte inferior da guilhotina. As v\u00e1lvulas gaveta industriais em formato de cunha usam duas sedes inclinadas e uma gaveta inclinada ligeiramente incompat\u00edvel.<\/p>\r\n\r\n\r\n\r\n<p>As v\u00e1lvulas gaveta industriais costumavam ser uma cunha de sede met\u00e1lica com design de cunha c\u00f4nica e dispositivos de veda\u00e7\u00e3o angular que precisavam de uma depress\u00e3o no fundo da v\u00e1lvula para garantir um fechamento herm\u00e9tico. Hoje em dia, as v\u00e1lvulas de gaveta com sede resiliente t\u00eam um fundo de v\u00e1lvula simples que permite a passagem livre de areia e seixos na v\u00e1lvula.<\/p>\r\n\r\n\r\n\r\n<p>As hastes ascendentes s\u00e3o fixadas em v\u00e1lvulas gaveta industriais e aumentam ou abaixam conforme a comporta \u00e9 operada. Esta \u00e9 uma indica\u00e7\u00e3o visual da posi\u00e7\u00e3o da v\u00e1lvula gaveta industrial e facilita a lubrifica\u00e7\u00e3o da haste. Este tipo de v\u00e1lvula gaveta industrial geralmente \u00e9 adequado apenas para instala\u00e7\u00f5es acima do solo.<\/p>\r\n\r\n\r\n\r\n<p>As hastes n\u00e3o ascendentes s\u00e3o enfiadas no pr\u00f3prio port\u00e3o e ocupam menos espa\u00e7o vertical. Estas v\u00e1lvulas s\u00e3o adequadas para instala\u00e7\u00f5es acima do solo e subterr\u00e2neas.<\/p>\r\n\r\n\r\n\r\n<p>As v\u00e1lvulas gaveta industriais s\u00e3o duradouras e n\u00e3o requerem muita manuten\u00e7\u00e3o.<\/p>\r\n\r\n\r\n\r\n<h2 class=\"wp-block-heading\">Especifica\u00e7\u00f5es da v\u00e1lvula gaveta industrial<\/h2>\r\n\r\n\r\n\r\n<figure class=\"wp-block-table\">\r\n<table>\r\n<tbody>\r\n<tr>\r\n<td>FAIXA DE TAMANHO<\/td>\r\n<td>Faixa de tamanho de 1\/4\u201d \u2013 60\u201d<\/td>\r\n<\/tr>\r\n<tr>\r\n<td>VARIA\u00c7\u00c3O DE PRESS\u00c3O<\/td>\r\n<td>Faixa de tamanho Faixa de press\u00e3o Classifica\u00e7\u00e3o de press\u00e3o ANSI 150# a ANSI 1500#<\/td>\r\n<\/tr>\r\n<tr>\r\n<td>GRAUS DE MATERIAIS<\/td>\r\n<td>WCB, A105N, LF2, LCC, CF8M, 316, 316L, A20, Hastelloy C, Outros materiais ex\u00f3ticos<\/td>\r\n<\/tr>\r\n<tr>\r\n<td>MATERIAIS DE ACABAMENTO<\/td>\r\n<td>13Cr, SS 316, A20, Monel, Hastelloy C haste e cunha<\/td>\r\n<\/tr>\r\n<tr>\r\n<td>MATERIAL DE EMBALAGEM E JUNTA<\/td>\r\n<td>Grafite ou Teflon<\/td>\r\n<\/tr>\r\n<tr>\r\n<td>FINALIZAR CONFIGURA\u00c7\u00d5ES<\/td>\r\n<td>Face elevada, RTJ, roscada, solda de soquete, soquete X rosqueado<\/td>\r\n<\/tr>\r\n<tr>\r\n<td>PADR\u00d5ES<\/td>\r\n<td>Baixas emiss\u00f5es, certifica\u00e7\u00e3o NACE<\/td>\r\n<\/tr>\r\n<\/tbody>\r\n<\/table>\r\n<\/figure>\r\n\r\n\r\n\r\n<h2 class=\"wp-block-heading\">Pe\u00e7as e componentes de v\u00e1lvulas de gaveta industriais<\/h2>\r\n\r\n\r\n\r\n<p>A v\u00e1lvula industrial \u00e9 um conjunto coletivo de pe\u00e7as menores. Existem partes internas e externas. Embora tipos espec\u00edficos de v\u00e1lvulas contenham determinados componentes definitivos para esse projeto, todas as v\u00e1lvulas industriais compartilham os principais componentes da v\u00e1lvula. Esta se\u00e7\u00e3o discutir\u00e1 as diferentes pe\u00e7as da v\u00e1lvula.<\/p>\r\n\r\n\r\n\r\n<h3 class=\"wp-block-heading\">Corpo<\/h3>\r\n\r\n\r\n\r\n<p>O corpo abriga as partes internas da v\u00e1lvula, incluindo o interno. Esta tamb\u00e9m \u00e9 a passagem para o fluido. <a href=\"https:\/\/zecovalve.com\/pt\/\" data-internallinksmanager029f6b8e52c=\"9\" title=\"fabricante de v\u00e1lvulas industriais\" target=\"_blank\" rel=\"noopener\">Fabricantes de v\u00e1lvulas industriais<\/a> produza isso como qualquer um dos tr\u00eas: fundido, forjado ou fabricado. O corpo tamb\u00e9m conecta a v\u00e1lvula em ambas as extremidades ao sistema de tubula\u00e7\u00e3o.<\/p>\r\n\r\n\r\n\r\n<h3 class=\"wp-block-heading\">Bon\u00e9<\/h3>\r\n\r\n\r\n\r\n<p>As duas fun\u00e7\u00f5es do cap\u00f4 s\u00e3o:<\/p>\r\n\r\n\r\n\r\n<p>Abriga as partes internas das v\u00e1lvulas.<\/p>\r\n\r\n\r\n\r\n<p>Ele suporta a haste, pois est\u00e1 na parte superior do castelo em muitos tipos de v\u00e1lvulas.<\/p>\r\n\r\n\r\n\r\n<h3 class=\"wp-block-heading\">Guarni\u00e7\u00e3o da V\u00e1lvula<\/h3>\r\n\r\n\r\n\r\n<p>O interno da v\u00e1lvula refere-se \u00e0s pe\u00e7as coletivas da v\u00e1lvula que entram em contato com o meio de fluxo. Estes s\u00e3o o disco, a sede da v\u00e1lvula e a haste. Observe que algumas v\u00e1lvulas podem ter pe\u00e7as adicionais, mas de modo geral, essas tr\u00eas est\u00e3o sempre presentes na maioria das v\u00e1lvulas.<\/p>\r\n\r\n\r\n\r\n<p>O tipo de sede e disco, juntamente com o posicionamento do disco em rela\u00e7\u00e3o \u00e0 sede, determinam o desempenho do interno da v\u00e1lvula. \u00c9 tamb\u00e9m a combina\u00e7\u00e3o do disco, sede e haste que determina o movimento e o controle da v\u00e1lvula.<\/p>\r\n\r\n\r\n\r\n<ul class=\"wp-block-list\">\r\n<li>Disco\r\n<ul>\r\n<li>O disco possui nomes alternativos dependendo do tipo de v\u00e1lvula. Ball e gate s\u00e3o outros dois nomes para o disco. Esta parte pode funcionar como acelerador ou parar\/permitir o fluxo de fluido na v\u00e1lvula para os tubos.<\/li>\r\n<\/ul>\r\n<\/li>\r\n<li>Assento\r\n<ul>\r\n<li>O assento fornece uma almofada para o disco. An\u00e9is de veda\u00e7\u00e3o s\u00e3o seu outro nome. Alguns tipos de v\u00e1lvulas possuem uma sede, enquanto outras possuem duas ou mais. Quanto maior o n\u00famero de assentos, melhor ser\u00e1 a veda\u00e7\u00e3o. As v\u00e1lvulas multiportas possuem mais sedes, pois possuem mais de uma sa\u00edda. Algumas sedes est\u00e3o integradas na estrutura da v\u00e1lvula. Outros s\u00e3o substitu\u00edveis.<\/li>\r\n<li>A qualidade da sede da v\u00e1lvula afeta diretamente a efic\u00e1cia da preven\u00e7\u00e3o de vazamentos. Dependendo dos requisitos, como o tipo de meio de fluxo, medidores de temperatura e press\u00e3o e similares, as v\u00e1lvulas s\u00e3o de elast\u00f4mero como Teflon ou de metal.<\/li>\r\n<\/ul>\r\n<\/li>\r\n<li>Caule\r\n<ul>\r\n<li>A haste \u00e9 o eixo que conecta o disco ao atuador. Esta parte fornece o movimento necess\u00e1rio para abrir ou fechar o disco. Os movimentos de abertura e fechamento s\u00e3o lineares, como as v\u00e1lvulas gaveta ou globo, ou rotacionais, como as v\u00e1lvulas borboleta e esfera.<\/li>\r\n<\/ul>\r\n<\/li>\r\n<li>Parafusos\r\n<ul>\r\n<li>Os parafusos prendem uma parte da v\u00e1lvula a outra, por exemplo, o castelo ao corpo. Os parafusos tornam a veda\u00e7\u00e3o mais apertada.<\/li>\r\n<\/ul>\r\n<\/li>\r\n<li>Atuador do\r\n<ul>\r\n<li>O atuador tem v\u00e1rios nomes, como rodas, alavancas e al\u00e7as. Na maioria das vezes, os nomes seguem o design do atuador. As v\u00e1lvulas gaveta e globo possuem volantes manuais como atuadores. Por outro lado, as v\u00e1lvulas esfera, macho e borboleta possuem alavancas que atuam como atuadores. Embora os atuadores manuais sejam comuns, h\u00e1 circunst\u00e2ncias em que a automa\u00e7\u00e3o ou a energia s\u00e3o a forma ideal de atuar. Existem problemas com a localiza\u00e7\u00e3o da v\u00e1lvula, como o fato de ela ser remota. O tempo n\u00e3o permite que as v\u00e1lvulas abram rapidamente atrav\u00e9s de m\u00e9todos manuais.<\/li>\r\n<li>A v\u00e1lvula \u00e9 grande e a press\u00e3o \u00e9 muito alta; a abertura manual torna-se arriscada.<\/li>\r\n<\/ul>\r\n<\/li>\r\n<li>Embalagem\r\n<ul>\r\n<li>Isso tamb\u00e9m \u00e9 chamado de junta. A gaxeta funciona como uma veda\u00e7\u00e3o entre a haste e o castelo. Isto desempenha um papel importante, pois a instala\u00e7\u00e3o adequada da gaxeta aumenta a vida \u00fatil da v\u00e1lvula.<\/li>\r\n<li>Instalada muito frouxa, a v\u00e1lvula vaza. Se instalada muito apertada, a v\u00e1lvula n\u00e3o pode se mover. A gaxeta, em outras palavras, reduz danos e aumenta a capacidade de veda\u00e7\u00e3o da v\u00e1lvula. Possui cinco componentes, nomeadamente o seguidor da gaxeta, a gaxeta, a caixa de empanque e o banco traseiro.<\/li>\r\n<\/ul>\r\n<\/li>\r\n<li>Jugo\r\n<ul>\r\n<li>O garfo \u00e9 o bra\u00e7o que conecta o corpo e a tampa ao atuador. Feito de pe\u00e7a \u00fanica com o castelo, o garfo deve suportar a for\u00e7a aplicada ao atuador. O garfo cont\u00e9m as porcas e buchas que atuam como conectores para outras partes da v\u00e1lvula.<\/li>\r\n<\/ul>\r\n<\/li>\r\n<\/ul>\r\n\r\n\r\n\r\n<h2 class=\"wp-block-heading\" id=\"h-features-of-industrial-gate-valves\">Caracter\u00edsticas das v\u00e1lvulas gaveta industriais<\/h2>\r\n\r\n\r\n\r\n<ul class=\"wp-block-list\">\r\n<li>A v\u00e1lvula gaveta industrial ZECO \u00e9 projetada com uma veda\u00e7\u00e3o, que pode atender \u00e0s necessidades de substitui\u00e7\u00e3o da gaxeta por press\u00e3o na \u00e1rea de manuten\u00e7\u00e3o e garantir nenhum vazamento na substitui\u00e7\u00e3o da gaxeta. Comparado com o processo de substitui\u00e7\u00e3o original de desmontagem da v\u00e1lvula, ele acelera bastante a velocidade, economiza tempo do pessoal e otimiza o tempo de opera\u00e7\u00e3o da tubula\u00e7\u00e3o;<\/li>\r\n<li>A porca haste com rosca longa prolonga a vida \u00fatil da banda de rodagem e permite a remo\u00e7\u00e3o do volante na posi\u00e7\u00e3o totalmente aberta;<\/li>\r\n<li>Junta de grafite flex\u00edvel usada para v\u00e1lvula gaveta Classe 150, junta em espiral para v\u00e1lvulas Classe 300 e 600 e junta de anel de metal para v\u00e1lvulas gaveta Classe 900 ou superior (Classe 600 pode ser obtida se o cliente exigir);<\/li>\r\n<li>Durante a abertura e fechamento da v\u00e1lvula, a guia integral no corpo da v\u00e1lvula mant\u00e9m a cunha centralizada. Sem a guia integral, a veda\u00e7\u00e3o da comporta ser\u00e1 deslocada e a estrutura da v\u00e1lvula gaveta industrial ZECO estabiliza o desempenho da veda\u00e7\u00e3o.<\/li>\r\n<\/ul>\r\n\r\n\r\n\r\n<h2 class=\"wp-block-heading\">Aplica\u00e7\u00f5es de v\u00e1lvulas gaveta industriais<\/h2>\r\n\r\n\r\n\r\n<ul class=\"wp-block-list\">\r\n<li>Custo e efici\u00eancia energ\u00e9tica<\/li>\r\n<li>Design de corpo simples e f\u00e1cil de operar<\/li>\r\n<li>Dire\u00e7\u00e3o de fluxo dupla, dependendo do meio<\/li>\r\n<li>Eros\u00e3o m\u00ednima experimentada<\/li>\r\n<li>Press\u00e3o m\u00ednima envolvida, devido \u00e0 racionaliza\u00e7\u00e3o do fluxo<\/li>\r\n<\/ul>\r\n\r\n\r\n\r\n<h2 class=\"wp-block-heading\" id=\"h-product-overview-of-industrial-gate-valves\">Vis\u00e3o geral do produto de v\u00e1lvulas de gaveta industriais<\/h2>\r\n\r\n\r\n\r\n<figure class=\"wp-block-table is-style-stripes\">\r\n<table>\r\n<tbody>\r\n<tr>\r\n<td>FAIXA DE TAMANHO<\/td>\r\n<td>Faixa de tamanho de 1\/4\u201d \u2013 60\u201d<\/td>\r\n<\/tr>\r\n<tr>\r\n<td>VARIA\u00c7\u00c3O DE PRESS\u00c3O<\/td>\r\n<td>Faixa de tamanho Faixa de press\u00e3o Classifica\u00e7\u00e3o de press\u00e3o ANSI 150# a ANSI 1500#<\/td>\r\n<\/tr>\r\n<tr>\r\n<td>GRAUS DE MATERIAIS<\/td>\r\n<td>WCB, A105N, LF2, LCC, CF8M, 316, 316L, A20, Hastelloy C, Outros materiais ex\u00f3ticos<\/td>\r\n<\/tr>\r\n<tr>\r\n<td>MATERIAIS DE ACABAMENTO<\/td>\r\n<td>13Cr, SS 316, A20, Monel, Hastelloy C haste e cunha<\/td>\r\n<\/tr>\r\n<tr>\r\n<td>MATERIAL DE EMBALAGEM E JUNTA<\/td>\r\n<td>Grafite ou Teflon<\/td>\r\n<\/tr>\r\n<tr>\r\n<td>FINALIZAR CONFIGURA\u00c7\u00d5ES<\/td>\r\n<td>Face elevada, RTJ, roscada, solda de soquete, soquete X rosqueado<\/td>\r\n<\/tr>\r\n<tr>\r\n<td>PADR\u00d5ES<\/td>\r\n<td>Baixas emiss\u00f5es, certifica\u00e7\u00e3o NACE<\/td>\r\n<\/tr>\r\n<\/tbody>\r\n<\/table>\r\n<\/figure>\r\n\r\n\r\n\r\n<h2 class=\"wp-block-heading\">Fabricante de v\u00e1lvulas industriais<\/h2>\r\n\r\n\r\n\r\n<p>ZECO Valve \u00e9 um fabricante de v\u00e1lvulas industriais de v\u00e1lvulas de esfera, v\u00e1lvulas gaveta, v\u00e1lvulas globo, v\u00e1lvulas de reten\u00e7\u00e3o, v\u00e1lvulas borboleta, v\u00e1lvulas macho e filtros. Nossa f\u00e1brica de v\u00e1lvulas na China segue os padr\u00f5es ANSI, API, DIN, GOST, BS, JIS, China GB e requisitos espec\u00edficos do cliente. Nossos produtos foram vendidos em todo o mundo para uma ampla gama de aplica\u00e7\u00f5es nas ind\u00fastrias de g\u00e1s natural, petr\u00f3leo, refino de petr\u00f3leo, qu\u00edmica, mar\u00edtima, gera\u00e7\u00e3o de energia e transporte por dutos.<\/p>","protected":false},"excerpt":{"rendered":"<p>A v\u00e1lvula ZECO \u00e9 um fabricante de v\u00e1lvulas gaveta aprovado pela API 600. O que s\u00e3o v\u00e1lvulas industriais? Em aplica\u00e7\u00f5es industriais, as v\u00e1lvulas desempenham um papel vital\u2026 <a title=\"V\u00e1lvula de gaveta industrial\" class=\"read-more\" href=\"https:\/\/zecovalve.com\/pt\/produto\/industrial-gate-valve\" aria-label=\"Mais em V\u00e1lvula Gaveta Industrial\">Ler mais<\/a><\/p>","protected":false},"featured_media":27878,"comment_status":"closed","ping_status":"closed","template":"","meta":{"_generate-full-width-content":"","kt_blocks_editor_width":""},"product_cat":[2052,2456],"product_tag":[2798],"class_list":["post-16127","product","type-product","status-publish","has-post-thumbnail","hentry","product_cat-gate-valve","product_cat-gate-valve-by-form","product_tag-osy-valve","sales-flash-overlay","woocommerce-text-align-center","woocommerce-image-align-center","do-quantity-buttons"],"featured_image_src_large":["https:\/\/zecovalve.com\/wp-content\/uploads\/2022\/06\/Industrial-Gate-Valve-1.jpg",800,600,false],"author_info":[],"comment_info":0,"taxonomy_info":{"product_cat":[{"value":2052,"label":"Gate Valve"},{"value":2456,"label":"Gate Valve By Form"}],"product_tag":[{"value":2798,"label":"OS&amp;Y Valve"}]},"yoast_head":"<!-- This site is optimized with the Yoast SEO Premium plugin v15.4 - https:\/\/yoast.com\/wordpress\/plugins\/seo\/ -->\n<title>Industrial Gate Valve - Gate Valve Manufacturer | ZECO Valve<\/title>\n<meta name=\"robots\" content=\"index, follow, max-snippet:-1, max-image-preview:large, max-video-preview:-1\" \/>\n<link rel=\"canonical\" href=\"https:\/\/zecovalve.com\/pt\/produto\/industrial-gate-valve\" \/>\n<meta property=\"og:locale\" content=\"pt_PT\" \/>\n<meta property=\"og:type\" content=\"article\" \/>\n<meta property=\"og:title\" content=\"Industrial Gate Valve - Gate Valve Manufacturer | ZECO Valve\" \/>\n<meta property=\"og:description\" content=\"ZECO Valve is an API 600 approved Gate Valve Manufacturer. What are Industrial Valves? In industrial applications, valves play a vital role ... Ler mais\" \/>\n<meta property=\"og:url\" content=\"https:\/\/zecovalve.com\/pt\/produto\/industrial-gate-valve\" \/>\n<meta property=\"og:site_name\" content=\"ZECO Valve\" \/>\n<meta property=\"article:modified_time\" content=\"2023-06-15T12:38:01+00:00\" \/>\n<meta property=\"og:image\" content=\"https:\/\/zecovalve.com\/wp-content\/uploads\/2022\/06\/Industrial-Gate-Valve-1.jpg\" \/>\n\t<meta property=\"og:image:width\" content=\"800\" \/>\n\t<meta property=\"og:image:height\" content=\"600\" \/>\n<meta name=\"twitter:card\" content=\"summary_large_image\" \/>\n<meta name=\"twitter:label1\" content=\"Escrito por\">\n\t<meta name=\"twitter:data1\" content=\"Jerry\">\n\t<meta name=\"twitter:label2\" content=\"Tempo estimado de leitura\">\n\t<meta name=\"twitter:data2\" content=\"6 minutos\">\n<script type=\"application\/ld+json\" class=\"yoast-schema-graph\">{\"@context\":\"https:\/\/schema.org\",\"@graph\":[{\"@type\":\"WebSite\",\"@id\":\"https:\/\/zecovalve.com\/#website\",\"url\":\"https:\/\/zecovalve.com\/\",\"name\":\"ZECO Valve\",\"description\":\"Industrial Ball Valve, Gate Valve and Globe Valve Manufacturer\",\"potentialAction\":[{\"@type\":\"SearchAction\",\"target\":\"https:\/\/zecovalve.com\/?s={search_term_string}\",\"query-input\":\"required name=search_term_string\"}],\"inLanguage\":\"pt-PT\"},{\"@type\":\"ImageObject\",\"@id\":\"https:\/\/zecovalve.com\/product\/industrial-gate-valve#primaryimage\",\"inLanguage\":\"pt-PT\",\"url\":\"https:\/\/zecovalve.com\/wp-content\/uploads\/2022\/06\/Industrial-Gate-Valve-1.jpg\",\"width\":800,\"height\":600,\"caption\":\"Industrial Gate Valve\"},{\"@type\":\"WebPage\",\"@id\":\"https:\/\/zecovalve.com\/product\/industrial-gate-valve#webpage\",\"url\":\"https:\/\/zecovalve.com\/product\/industrial-gate-valve\",\"name\":\"Industrial Gate Valve - Gate Valve Manufacturer | ZECO Valve\",\"isPartOf\":{\"@id\":\"https:\/\/zecovalve.com\/#website\"},\"primaryImageOfPage\":{\"@id\":\"https:\/\/zecovalve.com\/product\/industrial-gate-valve#primaryimage\"},\"datePublished\":\"2022-06-19T13:33:53+00:00\",\"dateModified\":\"2023-06-15T12:38:01+00:00\",\"breadcrumb\":{\"@id\":\"https:\/\/zecovalve.com\/product\/industrial-gate-valve#breadcrumb\"},\"inLanguage\":\"pt-PT\",\"potentialAction\":[{\"@type\":\"ReadAction\",\"target\":[\"https:\/\/zecovalve.com\/product\/industrial-gate-valve\"]}]},{\"@type\":\"BreadcrumbList\",\"@id\":\"https:\/\/zecovalve.com\/product\/industrial-gate-valve#breadcrumb\",\"itemListElement\":[{\"@type\":\"ListItem\",\"position\":1,\"item\":{\"@type\":\"WebPage\",\"@id\":\"https:\/\/zecovalve.com\/\",\"url\":\"https:\/\/zecovalve.com\/\",\"name\":\"Home\"}},{\"@type\":\"ListItem\",\"position\":2,\"item\":{\"@type\":\"WebPage\",\"@id\":\"https:\/\/zecovalve.com\/product-category\",\"url\":\"https:\/\/zecovalve.com\/product-category\",\"name\":\"Industrial Valve Manufacturer | Water Valve Manufacturer\"}},{\"@type\":\"ListItem\",\"position\":3,\"item\":{\"@type\":\"WebPage\",\"@id\":\"https:\/\/zecovalve.com\/product\/industrial-gate-valve\",\"url\":\"https:\/\/zecovalve.com\/product\/industrial-gate-valve\",\"name\":\"Industrial Gate Valve\"}}]}]}<\/script>\n<!-- \/ Yoast SEO Premium plugin. -->","_links":{"self":[{"href":"https:\/\/zecovalve.com\/pt\/wp-json\/wp\/v2\/product\/16127","targetHints":{"allow":["GET"]}}],"collection":[{"href":"https:\/\/zecovalve.com\/pt\/wp-json\/wp\/v2\/product"}],"about":[{"href":"https:\/\/zecovalve.com\/pt\/wp-json\/wp\/v2\/types\/product"}],"replies":[{"embeddable":true,"href":"https:\/\/zecovalve.com\/pt\/wp-json\/wp\/v2\/comments?post=16127"}],"wp:featuredmedia":[{"embeddable":true,"href":"https:\/\/zecovalve.com\/pt\/wp-json\/wp\/v2\/media\/27878"}],"wp:attachment":[{"href":"https:\/\/zecovalve.com\/pt\/wp-json\/wp\/v2\/media?parent=16127"}],"wp:term":[{"taxonomy":"product_cat","embeddable":true,"href":"https:\/\/zecovalve.com\/pt\/wp-json\/wp\/v2\/product_cat?post=16127"},{"taxonomy":"product_tag","embeddable":true,"href":"https:\/\/zecovalve.com\/pt\/wp-json\/wp\/v2\/product_tag?post=16127"}],"curies":[{"name":"wp","href":"https:\/\/api.w.org\/{rel}","templated":true}]}}