{"id":16131,"date":"2022-06-19T13:46:32","date_gmt":"2022-06-19T13:46:32","guid":{"rendered":"https:\/\/zecovalve.com\/?post_type=product&#038;p=16131"},"modified":"2022-09-01T00:48:37","modified_gmt":"2022-09-01T00:48:37","slug":"3-inch-butterfly-valve","status":"publish","type":"product","link":"https:\/\/zecovalve.com\/pt\/produto\/3-inch-butterfly-valve","title":{"rendered":"V\u00e1lvula borboleta de 3 polegadas"},"content":{"rendered":"<figure class=\"wp-block-image alignnone size-full is-resized size-medium wp-image-16132\"><img loading=\"lazy\" decoding=\"async\" class=\"wp-image-14003\" src=\"https:\/\/zecovalve.com\/wp-content\/uploads\/2022\/01\/20220105083946-61d55952c8bd2.jpg\" alt=\"\" width=\"449\" height=\"350\" srcset=\"https:\/\/zecovalve.com\/wp-content\/uploads\/2022\/01\/20220105083946-61d55952c8bd2.jpg 898w, https:\/\/zecovalve.com\/wp-content\/uploads\/2022\/01\/20220105083946-61d55952c8bd2-600x468.jpg 600w, https:\/\/zecovalve.com\/wp-content\/uploads\/2022\/01\/20220105083946-61d55952c8bd2-300x234.jpg 300w, https:\/\/zecovalve.com\/wp-content\/uploads\/2022\/01\/20220105083946-61d55952c8bd2-768x599.jpg 768w\" sizes=\"auto, (max-width: 449px) 100vw, 449px\" \/><\/figure>\r\n\r\n\r\n<div class=\"gb-button-wrapper gb-button-wrapper-6d8495a3\">\r\n\r\n\r\n<p><a class=\"gb-button gb-button-3d442e11 gb-button-text\" href=\"mailto:commercial@zecovalve.com\" target=\"_blank\" rel=\"noopener noreferrer\"><strong>OBTENHA O PRE\u00c7O DA V\u00c1LVULA BORBOLETA TIPO WAFER DE 3 polegadas<\/strong><\/a><\/p>\r\n<\/div>\r\n\r\n\r\n\r\n\r\n<h2 class=\"wp-block-heading\" id=\"h-what-is-3-inch-wafer-type-butterfly-valve\">O que \u00e9 v\u00e1lvula borboleta tipo wafer de 3 polegadas?<\/h2>\r\n\r\n\r\n\r\n<p>A v\u00e1lvula borboleta tipo wafer de 3 polegadas \u00e9 um mecanismo de controle de fluxo que usa um disco rotativo para controlar o meio de fluxo no sistema. O disco permanece na passagem, mas por ser t\u00e3o fino oferece muito pouca resist\u00eancia ao fluxo.<\/p>\r\n\r\n\r\n\r\n<p>O tipo mais comum de arranjo de v\u00e1lvula borboleta \u00e9 uma v\u00e1lvula borboleta c\u00eantrica ou conc\u00eantrica. Este tipo de v\u00e1lvula borboleta consiste na haste que se desloca ao longo da linha m\u00e9dia do disco no centro do furo do tubo e a sede fica no di\u00e2metro interno do corpo da v\u00e1lvula. Esta configura\u00e7\u00e3o de v\u00e1lvula sem deslocamento tamb\u00e9m \u00e9 conhecida como v\u00e1lvula de sede resiliente, pois depende da flexibilidade da borracha da sede quando o fluxo \u00e9 fechado, para a confiabilidade da veda\u00e7\u00e3o. Neste tipo de v\u00e1lvula, o disco interage primeiro com a sede em cerca de 85\u00b0 para uma rota\u00e7\u00e3o de 90\u00b0. As v\u00e1lvulas borboleta conc\u00eantricas s\u00e3o amplamente utilizadas em aplica\u00e7\u00f5es de baixa press\u00e3o.<\/p>\r\n\r\n\r\n\r\n<h2 class=\"wp-block-heading\">Dimens\u00f5es e peso da v\u00e1lvula borboleta de 3 polegadas<\/h2>\r\n\r\n\r\n\r\n<table border=\"=1\" width=\"800\">\r\n<tbody>\r\n<tr>\r\n<td rowspan=\"2\">Press\u00e3o nominal<\/td>\r\n<td style=\"text-align: center;\" colspan=\"3\">\u00a0Dimens\u00e3o face a face (em mm)<\/td>\r\n<td style=\"text-align: center;\">Peso<\/td>\r\n<\/tr>\r\n<tr>\r\n<td style=\"text-align: center;\">RF<\/td>\r\n<td style=\"text-align: center;\">H\u00f3stia<\/td>\r\n<td style=\"text-align: center;\">ARRASTAR<\/td>\r\n<td style=\"text-align: center;\">kg<\/td>\r\n<\/tr>\r\n<tr>\r\n<td>CLASSE 150<\/td>\r\n<td style=\"text-align: center;\">114<\/td>\r\n<td style=\"text-align: center;\">46<\/td>\r\n<td style=\"text-align: center;\">46<\/td>\r\n<td style=\"text-align: center;\">8<\/td>\r\n<\/tr>\r\n<\/tbody>\r\n<\/table>\r\n\r\n\r\n\r\n<h2 class=\"wp-block-heading\">Aplica\u00e7\u00f5es de 3 v\u00e1lvulas borboleta tipo wafer<\/h2>\r\n\r\n\r\n\r\n<ul class=\"wp-block-list\">\r\n<li>Ind\u00fastria Geral<\/li>\r\n<li>HVAC<\/li>\r\n<li>\u00c1gua<\/li>\r\n<li>Processamento Qu\u00edmico\/Petroqu\u00edmico<\/li>\r\n<li>Alimentos e Bebidas<\/li>\r\n<li>Energia e servi\u00e7os p\u00fablicos<\/li>\r\n<li>Polpa e papel<\/li>\r\n<li>Constru\u00e7\u00e3o naval mar\u00edtima e comercial<\/li>\r\n<\/ul>\r\n\r\n\r\n\r\n<h2 class=\"wp-block-heading\" id=\"h-features-of-3-inch-wafer-type-butterfly-valve\">Caracter\u00edsticas da v\u00e1lvula borboleta tipo wafer de 3 polegadas:<\/h2>\r\n\r\n\r\n\r\n<ul class=\"wp-block-list\">\r\n<li>Adequado para servi\u00e7os gasosos e l\u00edquidos.<\/li>\r\n<li>Assento com encosto fen\u00f3lico para veda\u00e7\u00e3o superior e uso a longo prazo.<\/li>\r\n<li>O design da haste em pe\u00e7a \u00fanica garante uma distribui\u00e7\u00e3o uniforme do torque.<\/li>\r\n<li>Desligamento positivo bidirecional.<\/li>\r\n<li>Automa\u00e7\u00e3o de montagem direta.<\/li>\r\n<\/ul>\r\n\r\n\r\n\r\n<h2 class=\"wp-block-heading\" id=\"h-material-of-3-inch-butterfly-valve\">Material da v\u00e1lvula borboleta de 3 polegadas:<\/h2>\r\n\r\n\r\n\r\n<figure class=\"wp-block-table is-style-stripes\">\r\n<table>\r\n<tbody>\r\n<tr>\r\n<td>N\u00e3o<\/td>\r\n<td>Parte<\/td>\r\n<td>Material<\/td>\r\n<\/tr>\r\n<tr>\r\n<td>1<\/td>\r\n<td>Corpo<\/td>\r\n<td>GGG50\/ASTM A126 B<\/td>\r\n<\/tr>\r\n<tr>\r\n<td>2<\/td>\r\n<td>Anel de veda\u00e7\u00e3o<\/td>\r\n<td>EPDM \/ NBR<\/td>\r\n<\/tr>\r\n<tr>\r\n<td>3<\/td>\r\n<td>Pino<\/td>\r\n<td>ASTM A276 304<\/td>\r\n<\/tr>\r\n<tr>\r\n<td>4<\/td>\r\n<td>Disco<\/td>\r\n<td>ASTM A351 CF8<\/td>\r\n<\/tr>\r\n<tr>\r\n<td>5<\/td>\r\n<td>Caule<\/td>\r\n<td>ASTM A276 420<\/td>\r\n<\/tr>\r\n<tr>\r\n<td>6<\/td>\r\n<td>Enchimento da haste<\/td>\r\n<td>EPDM<\/td>\r\n<\/tr>\r\n<tr>\r\n<td>7<\/td>\r\n<td>Parafuso<\/td>\r\n<td>ASTM A193 B8<\/td>\r\n<\/tr>\r\n<tr>\r\n<td>8<\/td>\r\n<td>Porca<\/td>\r\n<td>ASTM A194 8<\/td>\r\n<\/tr>\r\n<\/tbody>\r\n<\/table>\r\n<\/figure>","protected":false},"excerpt":{"rendered":"<p>O que \u00e9 v\u00e1lvula borboleta tipo wafer de 3 polegadas? A v\u00e1lvula borboleta tipo Wafer de 3 polegadas \u00e9 um mecanismo de controle de fluxo que usa um\u2026 <a title=\"V\u00e1lvula borboleta de 3 polegadas\" class=\"read-more\" href=\"https:\/\/zecovalve.com\/pt\/produto\/3-inch-butterfly-valve\" aria-label=\"Mais em V\u00e1lvula Borboleta de 3 polegadas\">Ler mais<\/a><\/p>","protected":false},"featured_media":14003,"comment_status":"closed","ping_status":"closed","template":"","meta":{"_generate-full-width-content":"","kt_blocks_editor_width":""},"product_cat":[2044,2470],"product_tag":[2806,2801],"class_list":["post-16131","product","type-product","status-publish","has-post-thumbnail","hentry","product_cat-butterfly-valve","product_cat-butterfly-valve-by-inch","product_tag-butterfly-valve-wafer-type","product_tag-wafer-type-butterfly-valve","sales-flash-overlay","woocommerce-text-align-center","woocommerce-image-align-center","do-quantity-buttons"],"featured_image_src_large":["https:\/\/zecovalve.com\/wp-content\/uploads\/2022\/01\/20220105083946-61d55952c8bd2.jpg",898,700,false],"author_info":[],"comment_info":0,"taxonomy_info":{"product_cat":[{"value":2044,"label":"Butterfly Valve"},{"value":2470,"label":"Butterfly Valve By Inch"}],"product_tag":[{"value":2806,"label":"Butterfly Valve Wafer Type"},{"value":2801,"label":"Wafer Type Butterfly Valve"}]},"yoast_head":"<!-- This site is optimized with the Yoast SEO Premium plugin v15.4 - https:\/\/yoast.com\/wordpress\/plugins\/seo\/ -->\n<title>3 inch Wafer Type Butterfly Valve - 3 Butterfly Valve Manufacturer | ZECO<\/title>\n<meta name=\"robots\" content=\"index, follow, max-snippet:-1, max-image-preview:large, max-video-preview:-1\" \/>\n<link rel=\"canonical\" href=\"https:\/\/zecovalve.com\/pt\/produto\/3-inch-butterfly-valve\" \/>\n<meta property=\"og:locale\" content=\"pt_PT\" \/>\n<meta property=\"og:type\" content=\"article\" \/>\n<meta property=\"og:title\" content=\"3 inch Wafer Type Butterfly Valve - 3 Butterfly Valve Manufacturer | ZECO\" \/>\n<meta property=\"og:description\" content=\"What is 3 Inch Wafer Type Butterfly Valve? 3 inch Wafer Type Butterfly Valve is a flow control mechanism that uses a ... Ler mais\" \/>\n<meta property=\"og:url\" content=\"https:\/\/zecovalve.com\/pt\/produto\/3-inch-butterfly-valve\" \/>\n<meta property=\"og:site_name\" content=\"ZECO Valve\" \/>\n<meta property=\"article:modified_time\" content=\"2022-09-01T00:48:37+00:00\" \/>\n<meta property=\"og:image\" content=\"https:\/\/zecovalve.com\/wp-content\/uploads\/2022\/01\/20220105083946-61d55952c8bd2.jpg\" \/>\n\t<meta property=\"og:image:width\" content=\"898\" \/>\n\t<meta property=\"og:image:height\" content=\"700\" \/>\n<meta name=\"twitter:card\" content=\"summary_large_image\" \/>\n<meta name=\"twitter:label1\" content=\"Escrito por\">\n\t<meta name=\"twitter:data1\" content=\"Jerry\">\n\t<meta name=\"twitter:label2\" content=\"Tempo estimado de leitura\">\n\t<meta name=\"twitter:data2\" content=\"1 minuto\">\n<script type=\"application\/ld+json\" class=\"yoast-schema-graph\">{\"@context\":\"https:\/\/schema.org\",\"@graph\":[{\"@type\":\"WebSite\",\"@id\":\"https:\/\/zecovalve.com\/#website\",\"url\":\"https:\/\/zecovalve.com\/\",\"name\":\"ZECO Valve\",\"description\":\"Industrial Ball Valve, Gate Valve and Globe Valve Manufacturer\",\"potentialAction\":[{\"@type\":\"SearchAction\",\"target\":\"https:\/\/zecovalve.com\/?s={search_term_string}\",\"query-input\":\"required name=search_term_string\"}],\"inLanguage\":\"pt-PT\"},{\"@type\":\"ImageObject\",\"@id\":\"https:\/\/zecovalve.com\/product\/3-inch-butterfly-valve#primaryimage\",\"inLanguage\":\"pt-PT\",\"url\":\"https:\/\/zecovalve.com\/wp-content\/uploads\/2022\/01\/20220105083946-61d55952c8bd2.jpg\",\"width\":898,\"height\":700},{\"@type\":\"WebPage\",\"@id\":\"https:\/\/zecovalve.com\/product\/3-inch-butterfly-valve#webpage\",\"url\":\"https:\/\/zecovalve.com\/product\/3-inch-butterfly-valve\",\"name\":\"3 inch Wafer Type Butterfly Valve - 3 Butterfly Valve Manufacturer | ZECO\",\"isPartOf\":{\"@id\":\"https:\/\/zecovalve.com\/#website\"},\"primaryImageOfPage\":{\"@id\":\"https:\/\/zecovalve.com\/product\/3-inch-butterfly-valve#primaryimage\"},\"datePublished\":\"2022-06-19T13:46:32+00:00\",\"dateModified\":\"2022-09-01T00:48:37+00:00\",\"breadcrumb\":{\"@id\":\"https:\/\/zecovalve.com\/product\/3-inch-butterfly-valve#breadcrumb\"},\"inLanguage\":\"pt-PT\",\"potentialAction\":[{\"@type\":\"ReadAction\",\"target\":[\"https:\/\/zecovalve.com\/product\/3-inch-butterfly-valve\"]}]},{\"@type\":\"BreadcrumbList\",\"@id\":\"https:\/\/zecovalve.com\/product\/3-inch-butterfly-valve#breadcrumb\",\"itemListElement\":[{\"@type\":\"ListItem\",\"position\":1,\"item\":{\"@type\":\"WebPage\",\"@id\":\"https:\/\/zecovalve.com\/\",\"url\":\"https:\/\/zecovalve.com\/\",\"name\":\"Home\"}},{\"@type\":\"ListItem\",\"position\":2,\"item\":{\"@type\":\"WebPage\",\"@id\":\"https:\/\/zecovalve.com\/product-category\",\"url\":\"https:\/\/zecovalve.com\/product-category\",\"name\":\"Industrial Valve Manufacturer | Water Valve Manufacturer\"}},{\"@type\":\"ListItem\",\"position\":3,\"item\":{\"@type\":\"WebPage\",\"@id\":\"https:\/\/zecovalve.com\/product\/3-inch-butterfly-valve\",\"url\":\"https:\/\/zecovalve.com\/product\/3-inch-butterfly-valve\",\"name\":\"3 inch Butterfly Valve\"}}]}]}<\/script>\n<!-- \/ Yoast SEO Premium plugin. -->","_links":{"self":[{"href":"https:\/\/zecovalve.com\/pt\/wp-json\/wp\/v2\/product\/16131","targetHints":{"allow":["GET"]}}],"collection":[{"href":"https:\/\/zecovalve.com\/pt\/wp-json\/wp\/v2\/product"}],"about":[{"href":"https:\/\/zecovalve.com\/pt\/wp-json\/wp\/v2\/types\/product"}],"replies":[{"embeddable":true,"href":"https:\/\/zecovalve.com\/pt\/wp-json\/wp\/v2\/comments?post=16131"}],"wp:featuredmedia":[{"embeddable":true,"href":"https:\/\/zecovalve.com\/pt\/wp-json\/wp\/v2\/media\/14003"}],"wp:attachment":[{"href":"https:\/\/zecovalve.com\/pt\/wp-json\/wp\/v2\/media?parent=16131"}],"wp:term":[{"taxonomy":"product_cat","embeddable":true,"href":"https:\/\/zecovalve.com\/pt\/wp-json\/wp\/v2\/product_cat?post=16131"},{"taxonomy":"product_tag","embeddable":true,"href":"https:\/\/zecovalve.com\/pt\/wp-json\/wp\/v2\/product_tag?post=16131"}],"curies":[{"name":"wp","href":"https:\/\/api.w.org\/{rel}","templated":true}]}}