{"id":16135,"date":"2022-06-19T13:59:36","date_gmt":"2022-06-19T13:59:36","guid":{"rendered":"https:\/\/zecovalve.com\/?post_type=product&#038;p=16135"},"modified":"2023-06-15T12:44:49","modified_gmt":"2023-06-15T12:44:49","slug":"8-inch-gate-valve","status":"publish","type":"product","link":"https:\/\/zecovalve.com\/pt\/produto\/8-inch-gate-valve","title":{"rendered":"V\u00e1lvula de gaveta de 8 polegadas"},"content":{"rendered":"<p>As v\u00e1lvulas gaveta de 8 \u2033 s\u00e3o v\u00e1lvulas de movimento linear que funcionam e s\u00e3o projetadas para minimizar a queda de press\u00e3o em aplica\u00e7\u00f5es que envolvem l\u00edquidos viscosos.<\/p>\r\n\r\n\r\n\r\n<figure class=\"wp-block-image size-full is-resized\">\r\n<p><img loading=\"lazy\" decoding=\"async\" class=\"wp-image-27874 size-medium\" src=\"https:\/\/zecovalve.com\/wp-content\/uploads\/2022\/06\/Through-Conduit-Gate-Valve-2-300x225.jpg\" alt=\"V\u00e1lvula de gaveta atrav\u00e9s de conduta\" width=\"300\" height=\"225\" srcset=\"https:\/\/zecovalve.com\/wp-content\/uploads\/2022\/06\/Through-Conduit-Gate-Valve-2-300x225.jpg 300w, https:\/\/zecovalve.com\/wp-content\/uploads\/2022\/06\/Through-Conduit-Gate-Valve-2-768x576.jpg 768w, https:\/\/zecovalve.com\/wp-content\/uploads\/2022\/06\/Through-Conduit-Gate-Valve-2-600x450.jpg 600w, https:\/\/zecovalve.com\/wp-content\/uploads\/2022\/06\/Through-Conduit-Gate-Valve-2.jpg 800w\" sizes=\"auto, (max-width: 300px) 100vw, 300px\" \/><\/p>\r\n<\/figure>\r\n\r\n\r\n<div class=\"gb-button-wrapper gb-button-wrapper-6d8495a3\">\r\n\r\n\r\n<p><a class=\"gb-button gb-button-3d442e11 gb-button-text\" href=\"mailto:commercial@zecovalve.com\" target=\"_blank\" rel=\"noopener noreferrer\"><strong>OBTENHA O PRE\u00c7O DA V\u00c1LVULA DE GATE DE 8 polegadas<\/strong><\/a><\/p>\r\n<\/div>\r\n\r\n\r\n\r\n\r\n<h2 class=\"wp-block-heading\" id=\"h-description-of-8-inch-gate-valve\">Descri\u00e7\u00e3o da v\u00e1lvula gaveta de 8 polegadas:<\/h2>\r\n\r\n\r\n\r\n<p>As partes internas da v\u00e1lvula gaveta ZECO de 8 polegadas s\u00e3o feitas pelo departamento de tecnologia para escolher a maior resist\u00eancia \u00e0 corros\u00e3o e resist\u00eancia ao desgaste do material para produ\u00e7\u00e3o, para garantir que todos os tipos de meios corrosivos em v\u00e1rios ambientes de press\u00e3o e temperatura, opera\u00e7\u00e3o de seguran\u00e7a da tubula\u00e7\u00e3o para um muito tempo, \u00e9 claro, tamb\u00e9m pode de acordo com as necessidades reais dos usu\u00e1rios e requisitos de produ\u00e7\u00e3o, material de pe\u00e7as internas ZECO pode fornecer pe\u00e7as internas de a\u00e7o inoxid\u00e1vel, pe\u00e7as internas de a\u00e7o inoxid\u00e1vel duplex e pe\u00e7as internas de a\u00e7o de baixa temperatura para atender \u00e0s necessidades de diferentes condi\u00e7\u00f5es de trabalho. Para algumas condi\u00e7\u00f5es especiais de trabalho, a ZECO pode fornecer aos usu\u00e1rios um conjunto completo de solu\u00e7\u00f5es de v\u00e1lvulas para dutos, para que os usu\u00e1rios possam deixar o projeto do sistema de v\u00e1lvulas para a ZECO e lidar sozinhos com outros problemas de dutos.<\/p>\r\n\r\n\r\n\r\n<h2 class=\"wp-block-heading\">Especifica\u00e7\u00f5es da v\u00e1lvula gaveta de 8 \u2033<\/h2>\r\n\r\n\r\n\r\n<ul class=\"wp-block-list\">\r\n<li><strong>Material do corpo:\u00a0<\/strong>A\u00e7o fundido<\/li>\r\n<li><strong>Estilo final:\u00a0<\/strong>Flangeado<\/li>\r\n<li><strong>Tamanho nominal:\u00a0<\/strong>8 pol.<\/li>\r\n<li><strong>Tipo de atuador:\u00a0<\/strong>Volante<\/li>\r\n<li><strong>Material de bens macios:\u00a0<\/strong>Embalagem de grafite<\/li>\r\n<li><strong>Padr\u00e3o: <\/strong>Compat\u00edvel com API 600<\/li>\r\n<li><strong>Padr\u00e3o: <\/strong>NACEMR0175<\/li>\r\n<\/ul>\r\n\r\n\r\n\r\n<h2 class=\"wp-block-heading\" id=\"h-features-of-8-inch-gate-valves\">Caracter\u00edsticas das v\u00e1lvulas gaveta de 8 polegadas<\/h2>\r\n\r\n\r\n\r\n<ul class=\"wp-block-list\">\r\n<li>O volante da v\u00e1lvula gaveta ZECO de 8 polegadas fica exposto por muito tempo, o que pode causar danos por ferrugem e precisar ser substitu\u00eddo. Considerando este problema, a ZECO projetou o volante para ser remov\u00edvel quando a v\u00e1lvula estiver totalmente aberta e garantiu que a comporta estivesse na posi\u00e7\u00e3o aberta. Al\u00e9m disso, a ZECO tamb\u00e9m pode adotar um volante pintado para garantir a anticorros\u00e3o do volante;<\/li>\r\n<li>Porcas e parafusos prisioneiros ASTM A194 2H e ASTM A193B7 para condi\u00e7\u00f5es normais de servi\u00e7o. A ZECO fornece porcas e parafusos prisioneiros ASTM A194 4 e ASTM A193B16 ou configura\u00e7\u00f5es superiores se especificado para uso em altas temperaturas. As v\u00e1lvulas de a\u00e7o inoxid\u00e1vel ZECO s\u00e3o fornecidas com parafusos padr\u00e3o ASTM A194 8 e ASTM A193 B8, porcas e pinos;<\/li>\r\n<li>A haste da v\u00e1lvula da v\u00e1lvula gaveta ZECO de 8 polegadas foi projetada para evitar a explos\u00e3o da haste da v\u00e1lvula, que \u00e9 projetada para evitar ferimentos causados por pessoas voando para fora da haste da v\u00e1lvula devido a problemas de press\u00e3o interna quando as pessoas precisam substituir a gaxeta ou outras pe\u00e7as por press\u00e3o em caso de emerg\u00eancia;<\/li>\r\n<li>A v\u00e1lvula gaveta ZECO de 8 polegadas pode ser produzida at\u00e9 150LB ~ 2500LB, segura e confi\u00e1vel.<\/li>\r\n<li>Parafuso externo e garfo<\/li>\r\n<li>Disco de cunha flex\u00edvel<\/li>\r\n<li>Todos os an\u00e9is da sede s\u00e3o soldados com veda\u00e7\u00e3o como padr\u00e3o<\/li>\r\n<li>Processo de qualidade totalmente documentado, material totalmente rastre\u00e1vel<\/li>\r\n<li>Gama completa de acabamentos especiais e op\u00e7\u00f5es dispon\u00edveis<\/li>\r\n<li>Constru\u00e7\u00e3o padr\u00e3o: wcb-trim 8, outras op\u00e7\u00f5es est\u00e3o dispon\u00edveis<\/li>\r\n<\/ul>\r\n\r\n\r\n\r\n<h2 class=\"wp-block-heading\">Aplica\u00e7\u00f5es de v\u00e1lvulas gaveta de 8 \u2033<\/h2>\r\n\r\n\r\n\r\n<p>As v\u00e1lvulas gaveta atendem a uma ampla gama de aplica\u00e7\u00f5es nas ind\u00fastrias de petr\u00f3leo e g\u00e1s, farmac\u00eautica e de manufatura.<\/p>\r\n\r\n\r\n\r\n<h2 class=\"wp-block-heading\" id=\"h-material-of-8-inch-gate-valves\">Material de v\u00e1lvulas de gaveta de 8 polegadas<\/h2>\r\n\r\n\r\n\r\n<figure class=\"wp-block-table\">\r\n<table>\r\n<tbody>\r\n<tr>\r\n<td>N\u00e3o<\/td>\r\n<td>Parte<\/td>\r\n<td>Material<\/td>\r\n<\/tr>\r\n<tr>\r\n<td>1<\/td>\r\n<td>Corpo<\/td>\r\n<td>ASTM A351 CF3M<\/td>\r\n<\/tr>\r\n<tr>\r\n<td>2<\/td>\r\n<td>Anel de assento<\/td>\r\n<td>ASTM A182 F316L + STL<\/td>\r\n<\/tr>\r\n<tr>\r\n<td>3<\/td>\r\n<td>Cunha<\/td>\r\n<td>ASTM A351 CF3M+STL<\/td>\r\n<\/tr>\r\n<tr>\r\n<td>4<\/td>\r\n<td>Caule<\/td>\r\n<td>ASTM A276 316L<\/td>\r\n<\/tr>\r\n<tr>\r\n<td>5<\/td>\r\n<td>Junta da tampa do compartimento<\/td>\r\n<td>Grafite + SS316L<\/td>\r\n<\/tr>\r\n<tr>\r\n<td>6<\/td>\r\n<td>Parafuso do castelo<\/td>\r\n<td>ASTM A193 B8M<\/td>\r\n<\/tr>\r\n<tr>\r\n<td>7<\/td>\r\n<td>Porca do castelo<\/td>\r\n<td>ASTM A194 8M<\/td>\r\n<\/tr>\r\n<tr>\r\n<td>8<\/td>\r\n<td>Bon\u00e9<\/td>\r\n<td>ASTM A351 CF3M<\/td>\r\n<\/tr>\r\n<tr>\r\n<td>9<\/td>\r\n<td>Banco traseiro<\/td>\r\n<td>ASTM A182 F316L<\/td>\r\n<\/tr>\r\n<tr>\r\n<td>10<\/td>\r\n<td>Enchimento da haste<\/td>\r\n<td>Grafite refor\u00e7ada<\/td>\r\n<\/tr>\r\n<tr>\r\n<td>11<\/td>\r\n<td>Volante<\/td>\r\n<td>KTH330-08<\/td>\r\n<\/tr>\r\n<\/tbody>\r\n<\/table>\r\n<\/figure>","protected":false},"excerpt":{"rendered":"<p>As v\u00e1lvulas gaveta de 8 \u2033 s\u00e3o v\u00e1lvulas de movimento linear que funcionam e s\u00e3o projetadas para minimizar a queda de press\u00e3o em aplica\u00e7\u00f5es que envolvem viscosidade\u2026 <a title=\"V\u00e1lvula de gaveta de 8 polegadas\" class=\"read-more\" href=\"https:\/\/zecovalve.com\/pt\/produto\/8-inch-gate-valve\" aria-label=\"Mais em V\u00e1lvula gaveta de 8 polegadas\">Ler mais<\/a><\/p>","protected":false},"featured_media":27874,"comment_status":"closed","ping_status":"closed","template":"","meta":{"_generate-full-width-content":"","kt_blocks_editor_width":""},"product_cat":[2052,2458],"product_tag":[],"class_list":["post-16135","product","type-product","status-publish","has-post-thumbnail","hentry","product_cat-gate-valve","product_cat-gate-valve-by-inch","sales-flash-overlay","woocommerce-text-align-center","woocommerce-image-align-center","do-quantity-buttons"],"featured_image_src_large":["https:\/\/zecovalve.com\/wp-content\/uploads\/2022\/06\/Through-Conduit-Gate-Valve-2.jpg",800,600,false],"author_info":[],"comment_info":0,"taxonomy_info":{"product_cat":[{"value":2052,"label":"Gate Valve"},{"value":2458,"label":"Gate Valve By Inch"}]},"yoast_head":"<!-- This site is optimized with the Yoast SEO Premium plugin v15.4 - https:\/\/yoast.com\/wordpress\/plugins\/seo\/ -->\n<title>8&quot; Gate Valve - Competitive 8 inch Gate Valve Price | ZECO Valve<\/title>\n<meta name=\"robots\" content=\"index, follow, max-snippet:-1, max-image-preview:large, max-video-preview:-1\" \/>\n<link rel=\"canonical\" href=\"https:\/\/zecovalve.com\/pt\/produto\/8-inch-gate-valve\" \/>\n<meta property=\"og:locale\" content=\"pt_PT\" \/>\n<meta property=\"og:type\" content=\"article\" \/>\n<meta property=\"og:title\" content=\"8&quot; Gate Valve - Competitive 8 inch Gate Valve Price | ZECO Valve\" \/>\n<meta property=\"og:description\" content=\"8&#8243; Gate Valves are linear motion valves that perform and are designed to minimize the pressure drop in applications that involve viscous ... Ler mais\" \/>\n<meta property=\"og:url\" content=\"https:\/\/zecovalve.com\/pt\/produto\/8-inch-gate-valve\" \/>\n<meta property=\"og:site_name\" content=\"ZECO Valve\" \/>\n<meta property=\"article:modified_time\" content=\"2023-06-15T12:44:49+00:00\" \/>\n<meta property=\"og:image\" content=\"https:\/\/zecovalve.com\/wp-content\/uploads\/2022\/06\/Through-Conduit-Gate-Valve-2.jpg\" \/>\n\t<meta property=\"og:image:width\" content=\"800\" \/>\n\t<meta property=\"og:image:height\" content=\"600\" \/>\n<meta name=\"twitter:card\" content=\"summary_large_image\" \/>\n<meta name=\"twitter:label1\" content=\"Escrito por\">\n\t<meta name=\"twitter:data1\" content=\"Jerry\">\n\t<meta name=\"twitter:label2\" content=\"Tempo estimado de leitura\">\n\t<meta name=\"twitter:data2\" content=\"2 minutos\">\n<script type=\"application\/ld+json\" class=\"yoast-schema-graph\">{\"@context\":\"https:\/\/schema.org\",\"@graph\":[{\"@type\":\"WebSite\",\"@id\":\"https:\/\/zecovalve.com\/#website\",\"url\":\"https:\/\/zecovalve.com\/\",\"name\":\"ZECO Valve\",\"description\":\"Industrial Ball Valve, Gate Valve and Globe Valve Manufacturer\",\"potentialAction\":[{\"@type\":\"SearchAction\",\"target\":\"https:\/\/zecovalve.com\/?s={search_term_string}\",\"query-input\":\"required name=search_term_string\"}],\"inLanguage\":\"pt-PT\"},{\"@type\":\"ImageObject\",\"@id\":\"https:\/\/zecovalve.com\/product\/8-inch-gate-valve#primaryimage\",\"inLanguage\":\"pt-PT\",\"url\":\"https:\/\/zecovalve.com\/wp-content\/uploads\/2022\/06\/Through-Conduit-Gate-Valve-2.jpg\",\"width\":800,\"height\":600,\"caption\":\"Through Conduit Gate Valve\"},{\"@type\":\"WebPage\",\"@id\":\"https:\/\/zecovalve.com\/product\/8-inch-gate-valve#webpage\",\"url\":\"https:\/\/zecovalve.com\/product\/8-inch-gate-valve\",\"name\":\"8\\\" Gate Valve - Competitive 8 inch Gate Valve Price | ZECO Valve\",\"isPartOf\":{\"@id\":\"https:\/\/zecovalve.com\/#website\"},\"primaryImageOfPage\":{\"@id\":\"https:\/\/zecovalve.com\/product\/8-inch-gate-valve#primaryimage\"},\"datePublished\":\"2022-06-19T13:59:36+00:00\",\"dateModified\":\"2023-06-15T12:44:49+00:00\",\"breadcrumb\":{\"@id\":\"https:\/\/zecovalve.com\/product\/8-inch-gate-valve#breadcrumb\"},\"inLanguage\":\"pt-PT\",\"potentialAction\":[{\"@type\":\"ReadAction\",\"target\":[\"https:\/\/zecovalve.com\/product\/8-inch-gate-valve\"]}]},{\"@type\":\"BreadcrumbList\",\"@id\":\"https:\/\/zecovalve.com\/product\/8-inch-gate-valve#breadcrumb\",\"itemListElement\":[{\"@type\":\"ListItem\",\"position\":1,\"item\":{\"@type\":\"WebPage\",\"@id\":\"https:\/\/zecovalve.com\/\",\"url\":\"https:\/\/zecovalve.com\/\",\"name\":\"Home\"}},{\"@type\":\"ListItem\",\"position\":2,\"item\":{\"@type\":\"WebPage\",\"@id\":\"https:\/\/zecovalve.com\/product-category\",\"url\":\"https:\/\/zecovalve.com\/product-category\",\"name\":\"Industrial Valve Manufacturer | Water Valve Manufacturer\"}},{\"@type\":\"ListItem\",\"position\":3,\"item\":{\"@type\":\"WebPage\",\"@id\":\"https:\/\/zecovalve.com\/product\/8-inch-gate-valve\",\"url\":\"https:\/\/zecovalve.com\/product\/8-inch-gate-valve\",\"name\":\"8 inch Gate Valve\"}}]}]}<\/script>\n<!-- \/ Yoast SEO Premium plugin. -->","_links":{"self":[{"href":"https:\/\/zecovalve.com\/pt\/wp-json\/wp\/v2\/product\/16135","targetHints":{"allow":["GET"]}}],"collection":[{"href":"https:\/\/zecovalve.com\/pt\/wp-json\/wp\/v2\/product"}],"about":[{"href":"https:\/\/zecovalve.com\/pt\/wp-json\/wp\/v2\/types\/product"}],"replies":[{"embeddable":true,"href":"https:\/\/zecovalve.com\/pt\/wp-json\/wp\/v2\/comments?post=16135"}],"wp:featuredmedia":[{"embeddable":true,"href":"https:\/\/zecovalve.com\/pt\/wp-json\/wp\/v2\/media\/27874"}],"wp:attachment":[{"href":"https:\/\/zecovalve.com\/pt\/wp-json\/wp\/v2\/media?parent=16135"}],"wp:term":[{"taxonomy":"product_cat","embeddable":true,"href":"https:\/\/zecovalve.com\/pt\/wp-json\/wp\/v2\/product_cat?post=16135"},{"taxonomy":"product_tag","embeddable":true,"href":"https:\/\/zecovalve.com\/pt\/wp-json\/wp\/v2\/product_tag?post=16135"}],"curies":[{"name":"wp","href":"https:\/\/api.w.org\/{rel}","templated":true}]}}