{"id":16139,"date":"2022-06-19T14:04:52","date_gmt":"2022-06-19T14:04:52","guid":{"rendered":"https:\/\/zecovalve.com\/?post_type=product&#038;p=16139"},"modified":"2023-06-15T13:57:33","modified_gmt":"2023-06-15T13:57:33","slug":"a105-globe-valve","status":"publish","type":"product","link":"https:\/\/zecovalve.com\/pt\/produto\/a105-globe-valve","title":{"rendered":"V\u00e1lvula de globo de vapor"},"content":{"rendered":"<p>Projeto e fabrica\u00e7\u00e3o de v\u00e1lvula globo de a\u00e7o ZECO Steam de acordo com os padr\u00f5es internacionais API 602, API 623, DIN3202 ou equivalente.<\/p>\r\n\r\n\r\n\r\n<figure id=\"attachment_17566\" class=\"wp-block-image\">\r\n<p><img loading=\"lazy\" decoding=\"async\" class=\"wp-image-27905 size-medium\" src=\"https:\/\/zecovalve.com\/wp-content\/uploads\/2022\/06\/Steam-Globe-Valve-1-300x225.jpg\" alt=\"V\u00e1lvula de globo de vapor\" width=\"300\" height=\"225\" srcset=\"https:\/\/zecovalve.com\/wp-content\/uploads\/2022\/06\/Steam-Globe-Valve-1-300x225.jpg 300w, https:\/\/zecovalve.com\/wp-content\/uploads\/2022\/06\/Steam-Globe-Valve-1-768x576.jpg 768w, https:\/\/zecovalve.com\/wp-content\/uploads\/2022\/06\/Steam-Globe-Valve-1-600x450.jpg 600w, https:\/\/zecovalve.com\/wp-content\/uploads\/2022\/06\/Steam-Globe-Valve-1.jpg 800w\" sizes=\"auto, (max-width: 300px) 100vw, 300px\" \/><\/p>\r\n<\/figure>\r\n\r\n\r\n<div class=\"gb-button-wrapper gb-button-wrapper-6d8495a3\">\r\n\r\n\r\n<p><a class=\"gb-button gb-button-3d442e11 gb-button-text\" href=\"https:\/\/zecovalve.com\/pt\/contact\/\" target=\"_blank\" rel=\"noopener noreferrer\"><strong>OBTER PRE\u00c7O DA V\u00c1LVULA GLOBO DE VAPOR<\/strong><\/a><\/p>\r\n<\/div>\r\n\r\n\r\n\r\n\r\n<h2 class=\"wp-block-heading\">O que \u00e9 uma v\u00e1lvula globo de vapor?<\/h2>\r\n\r\n\r\n\r\n<p>Uma v\u00e1lvula globo de vapor \u00e9 um tipo de v\u00e1lvula globo destinada ao controle do fluxo de vapor. As v\u00e1lvulas globo de vapor s\u00e3o usadas para estrangular, abrir e fechar o fluxo de fluido. Essas v\u00e1lvulas tamb\u00e9m s\u00e3o usadas para controlar o fluxo de press\u00e3o do vapor. As v\u00e1lvulas globo de vapor s\u00e3o usadas em diferentes aplica\u00e7\u00f5es, como alimentos e bebidas, produtos farmac\u00eauticos e usinas de energia a vapor, entre outras. Quando utilizadas em aplica\u00e7\u00f5es como sanit\u00e1rias (por exemplo em alimentos e produtos farmac\u00eauticos), estas v\u00e1lvulas s\u00e3o utilizadas para liberar o vapor para que entre em contato com o produto final e deve estar muito limpo. Os fabricantes de v\u00e1lvulas globo de vapor projetam o corpo dessas v\u00e1lvulas com material met\u00e1lico resistente. Isso ajuda a dar ao corpo alta resist\u00eancia para suportar alta press\u00e3o e altas temperaturas, como 700 C. Esses materiais usados pelos fabricantes de v\u00e1lvulas globo de vapor para fazer o corpo incluem ferro fundido, ferro fundido d\u00factil, a\u00e7o inoxid\u00e1vel e a\u00e7o carbono. As v\u00e1lvulas globo de vapor s\u00e3o v\u00e1lvulas manuais ou autom\u00e1ticas. As v\u00e1lvulas globo de vapor manuais s\u00e3o operadas pelo operador da v\u00e1lvula por meio do volante, enquanto as autom\u00e1ticas s\u00e3o operadas por meio de atuadores de v\u00e1lvula. Os atuadores de v\u00e1lvula usados nas v\u00e1lvulas globo de vapor s\u00e3o atuadores el\u00e9tricos, pneum\u00e1ticos e hidr\u00e1ulicos.<\/p>\r\n\r\n\r\n\r\n<h2 class=\"wp-block-heading\" id=\"h-steam-globe-valve-operations\">Opera\u00e7\u00f5es da v\u00e1lvula globo Steam<\/h2>\r\n\r\n\r\n\r\n<p>Normalmente, as v\u00e1lvulas globo de vapor s\u00e3o usadas para regular o fluxo em tubula\u00e7\u00f5es. Em vez de ter a abordagem \u201ctudo ou nada\u201d de uma v\u00e1lvula gaveta, as v\u00e1lvulas globo regulam pela posi\u00e7\u00e3o de um disco m\u00f3vel (ou plugue) em rela\u00e7\u00e3o \u00e0 sede do anel estacion\u00e1rio.<\/p>\r\n\r\n\r\n\r\n<p>A opera\u00e7\u00e3o mais t\u00edpica para uma v\u00e1lvula globo \u00e9 o controle de fluxo de estrangulamento. Eles s\u00e3o projetados para parar, iniciar e regular o fluxo de um meio espec\u00edfico em movimento linear. No entanto, eles tamb\u00e9m podem atender a mudan\u00e7as de dire\u00e7\u00e3o, o que resulta em maior resist\u00eancia ao fluxo e maiores quedas de press\u00e3o.<\/p>\r\n\r\n\r\n\r\n<p>Embora sejam uma excelente escolha para servi\u00e7os liga-desliga, as v\u00e1lvulas globo s\u00e3o muito mais adequadas para ciclos frequentes e controle de meios entre as posi\u00e7\u00f5es aberta e fechada. As v\u00e1lvulas globo s\u00e3o extremamente vers\u00e1teis, o que significa que podem cobrir uma ampla gama de faixas de vaz\u00e3o em diversas aplica\u00e7\u00f5es. Uma aplica\u00e7\u00e3o comum de v\u00e1lvula globo \u00e9 o controle de vapor.<\/p>\r\n\r\n\r\n\r\n<p>O design compacto, mas muito forte, devido ao servi\u00e7o, cunha de liga de CoCr de alto teor s\u00f3lido (opcional) garante baixo atrito e longa vida \u00fatil, pr\u00e9-carga do anel de gaxeta de 4000 psi com v\u00e1lvulas de castelo soldado com veda\u00e7\u00e3o de alta integridade, rosca interna da tampa da v\u00e1lvula, torque para valor de torque de engenharia, a junta do cap\u00f4 da v\u00e1lvula feita de for\u00e7a de soldagem, pode dobrar para evitar vazamentos. (roscas do corpo\/tampa e soldas de resist\u00eancia), cunha totalmente guiada reduz o desgaste nas superf\u00edcies da sede, gaxeta dupla opcional, conex\u00e3o sem vazamentos, carga ativa e ruptura da gaxeta para f\u00e1cil remo\u00e7\u00e3o de gaxetas antigas.<\/p>\r\n\r\n\r\n\r\n<h2 class=\"wp-block-heading\" id=\"h-advantages-of-steam-globe-valves\">Vantagens das v\u00e1lvulas globo de vapor<\/h2>\r\n\r\n\r\n\r\n<ul class=\"wp-block-list\">\r\n<li>Faces dos assentos lapidadas para um acabamento liso e veda\u00e7\u00e3o superior;<\/li>\r\n<li>Disco girat\u00f3rio para assento ideal e maior vida \u00fatil do assento;<\/li>\r\n<li>As hastes das v\u00e1lvulas operadas por volante s\u00e3o de design girat\u00f3rio\/ascendente;<\/li>\r\n<li>Cada v\u00e1lvula \u00e9 testada quanto \u00e0 press\u00e3o do casco, da sede e da sede traseira de acordo com o padr\u00e3o industrial API 598;<\/li>\r\n<li>A sobreposta tem um projeto de sobreposta\/flange de duas pe\u00e7as para alinhamento ideal e compress\u00e3o uniforme da gaxeta;<\/li>\r\n<li>Materiais de v\u00e1lvula alternativos, como ligas de cromo e a\u00e7o inoxid\u00e1vel -Materiais de acabamento alternativos -Bypass, dreno e outras conex\u00f5es auxiliares -Atuadores de engrenagem, motor e cilindro dispon\u00edveis.<\/li>\r\n<\/ul>\r\n\r\n\r\n\r\n<h2 class=\"wp-block-heading\">V\u00e1lvulas globo para aplica\u00e7\u00f5es de vapor<\/h2>\r\n\r\n\r\n\r\n<p>Ao considerar uma v\u00e1lvula de controle para aplica\u00e7\u00f5es de vapor, as considera\u00e7\u00f5es de temperatura e press\u00e3o desempenhar\u00e3o um papel importante na sua tomada de decis\u00e3o. Quanto mais altos ambos estiverem na aplica\u00e7\u00e3o escolhida, mais isso afetar\u00e1 o vapor e a v\u00e1lvula instalada.<\/p>\r\n\r\n\r\n\r\n<p>Enquanto a maioria das outras v\u00e1lvulas veria o vapor romper e despeda\u00e7\u00e1-lo, as v\u00e1lvulas globo oferecem maior resili\u00eancia e poderiam, teoricamente, durar anos em algumas aplica\u00e7\u00f5es.<\/p>\r\n\r\n\r\n\r\n<p>O tipo de v\u00e1lvula mais comumente comparado com as v\u00e1lvulas globo s\u00e3o as v\u00e1lvulas gaveta. Ambos t\u00eam o mesmo prop\u00f3sito, controlar o fluxo de m\u00eddia. No entanto, as v\u00e1lvulas gaveta devem sempre ser deixadas abertas ou fechadas. Se as v\u00e1lvulas gaveta fossem deixadas parcialmente abertas como as v\u00e1lvulas globo, elas acabariam se tornando in\u00fateis.<\/p>\r\n\r\n\r\n\r\n<p>Al\u00e9m disso, as v\u00e1lvulas gaveta n\u00e3o seriam adequadas para estrangulamento, pois isso resultaria em desgaste excessivo devido \u00e0 trefila\u00e7\u00e3o do fio e \u00e0 eros\u00e3o da sede. Da mesma forma, as v\u00e1lvulas de esfera tamb\u00e9m sucumbiriam a danos se fossem deixadas parcialmente abertas em aplica\u00e7\u00f5es de vapor, porque n\u00e3o possuem um controle preciso.<\/p>\r\n\r\n\r\n\r\n<p>A vantagem adicional oferecida pelas v\u00e1lvulas globo em aplica\u00e7\u00f5es de vapor \u00e9 a sua capacidade de reduzir o fluxo com precis\u00e3o. Eles s\u00e3o amplamente utilizados para obter uma vaz\u00e3o que pode ser calculada com precis\u00e3o excepcional. Algo altamente desej\u00e1vel em aplica\u00e7\u00f5es de controle de vapor.<\/p>\r\n\r\n\r\n\r\n<h2 class=\"wp-block-heading\" id=\"h-product-range-of-steam-globe-valves\">Gama de produtos de v\u00e1lvulas globo de vapor<\/h2>\r\n\r\n\r\n\r\n<ul class=\"wp-block-list\">\r\n<li>Material do corpo: A\u00e7o Forjado, A\u00e7o Carbono, A\u00e7o Inoxid\u00e1vel<\/li>\r\n<li>Di\u00e2metro nominal: 1\/2\u2033~2 1\/2\u2033<\/li>\r\n<li>Faixa de press\u00e3o:Classe150~2500(PN10~PN420)<\/li>\r\n<li>Conex\u00e3o final: RF, RTJ, BW<\/li>\r\n<li>Temperatura de trabalho:-29\u00b0C~560\u00b0C<\/li>\r\n<li>Funcionamento: Volante, caixa de engrenagens, atuador el\u00e9trico, etc.<\/li>\r\n<\/ul>\r\n\r\n\r\n\r\n<h2 class=\"wp-block-heading\" id=\"h-material-of-one-of-steam-globe-valves\">Material de uma das v\u00e1lvulas globo de vapor<\/h2>\r\n\r\n\r\n\r\n<figure class=\"wp-block-table\">\r\n<table>\r\n<tbody>\r\n<tr>\r\n<td>N\u00e3o<\/td>\r\n<td>Parte<\/td>\r\n<td>Material<\/td>\r\n<\/tr>\r\n<tr>\r\n<td>1<\/td>\r\n<td>Corpo<\/td>\r\n<td>ASTM A105<\/td>\r\n<\/tr>\r\n<tr>\r\n<td>2<\/td>\r\n<td>Anel de assento<\/td>\r\n<td>ASTM A105 +13Cr<\/td>\r\n<\/tr>\r\n<tr>\r\n<td>3<\/td>\r\n<td>Disco<\/td>\r\n<td>ASTM A105 +13Cr<\/td>\r\n<\/tr>\r\n<tr>\r\n<td>4<\/td>\r\n<td>Junta de veda\u00e7\u00e3o<\/td>\r\n<td>Grafite + SS304<\/td>\r\n<\/tr>\r\n<tr>\r\n<td>5<\/td>\r\n<td>Caule<\/td>\r\n<td>ASTM A276 410<\/td>\r\n<\/tr>\r\n<tr>\r\n<td>6<\/td>\r\n<td>Bon\u00e9<\/td>\r\n<td>ASTM A105<\/td>\r\n<\/tr>\r\n<tr>\r\n<td>7<\/td>\r\n<td>Parafuso do castelo<\/td>\r\n<td>ASTM A193 B7<\/td>\r\n<\/tr>\r\n<tr>\r\n<td>8<\/td>\r\n<td>Enchimento da haste<\/td>\r\n<td>Grafite refor\u00e7ada<\/td>\r\n<\/tr>\r\n<tr>\r\n<td>9<\/td>\r\n<td>Gl\u00e2ndula<\/td>\r\n<td>ASTM A276 410<\/td>\r\n<\/tr>\r\n<tr>\r\n<td>10<\/td>\r\n<td>Flange da gl\u00e2ndula<\/td>\r\n<td>ASTM A105<\/td>\r\n<\/tr>\r\n<tr>\r\n<td>11<\/td>\r\n<td>Volante<\/td>\r\n<td>ASTM A197<\/td>\r\n<\/tr>\r\n<\/tbody>\r\n<\/table>\r\n<\/figure>\r\n\r\n\r\n\r\n<h2 class=\"wp-block-heading\">Detalhes de compra de uma v\u00e1lvula globo Steam<\/h2>\r\n\r\n\r\n\r\n<figure class=\"wp-block-table\">\r\n<table>\r\n<tbody>\r\n<tr>\r\n<td>Marca<\/td>\r\n<td>ZECO<\/td>\r\n<\/tr>\r\n<tr>\r\n<td>Tipo de v\u00e1lvula<\/td>\r\n<td>V\u00e1lvula de globo de vapor<\/td>\r\n<\/tr>\r\n<tr>\r\n<td>Material da v\u00e1lvula<\/td>\r\n<td>A\u00e7o Forjado, A\u00e7o Carbono, A\u00e7o Inoxid\u00e1vel<\/td>\r\n<\/tr>\r\n<tr>\r\n<td>Teste de v\u00e1lvulas<\/td>\r\n<td>100% quantidade testada antes da entrega<\/td>\r\n<\/tr>\r\n<tr>\r\n<td>Garantia da v\u00e1lvula<\/td>\r\n<td>18 meses a partir da data de envio \u00e0 sa\u00edda da f\u00e1brica ou 12 meses a partir da data de instala\u00e7\u00e3o da mercadoria.<\/td>\r\n<\/tr>\r\n<tr>\r\n<td>Pintura de v\u00e1lvulas<\/td>\r\n<td>Pedido do cliente<\/td>\r\n<\/tr>\r\n<tr>\r\n<td>Pacote de v\u00e1lvulas<\/td>\r\n<td>Caixa de madeira<\/td>\r\n<\/tr>\r\n<tr>\r\n<td>MOQ<\/td>\r\n<td>Nenhum requisito<\/td>\r\n<\/tr>\r\n<tr>\r\n<td>Certificado da v\u00e1lvula<\/td>\r\n<td>API 623\/API 602\/BS 1873\/CE\/ISO9001\/ISO14001<\/td>\r\n<\/tr>\r\n<tr>\r\n<td>Detalhe da entrega<\/td>\r\n<td>Enviado em 4 ou 6 semanas ap\u00f3s o pagamento<\/td>\r\n<\/tr>\r\n<tr>\r\n<td>Porto<\/td>\r\n<td>XANGAI<\/td>\r\n<\/tr>\r\n<tr>\r\n<td>Condi\u00e7\u00f5es de pagamento<\/td>\r\n<td>L\/C, T\/T<\/td>\r\n<\/tr>\r\n<tr>\r\n<td>Certificado oferecido<\/td>\r\n<td>Lista de embalagem, fatura comercial, relat\u00f3rios de ensaio e certificados de materiais, certificado de qualidade e quantidade, certificado de garantia do vendedor<\/td>\r\n<\/tr>\r\n<\/tbody>\r\n<\/table>\r\n<\/figure>","protected":false},"excerpt":{"rendered":"<p>Projeto e fabrica\u00e7\u00e3o de v\u00e1lvula globo de a\u00e7o ZECO Steam de acordo com os padr\u00f5es internacionais API 602, API 623, DIN3202 ou equivalente. O que \u00e9 um vapor\u2026 <a title=\"V\u00e1lvula de globo de vapor\" class=\"read-more\" href=\"https:\/\/zecovalve.com\/pt\/produto\/a105-globe-valve\" aria-label=\"Mais em V\u00e1lvula Globo Steam\">Ler mais<\/a><\/p>","protected":false},"featured_media":27905,"comment_status":"closed","ping_status":"closed","template":"","meta":{"_generate-full-width-content":"","kt_blocks_editor_width":""},"product_cat":[2466,2049],"product_tag":[2723],"class_list":["post-16139","product","type-product","status-publish","has-post-thumbnail","hentry","product_cat-forged-steel-globe-valve","product_cat-globe-valve","product_tag-what-is-a-valve","sales-flash-overlay","woocommerce-text-align-center","woocommerce-image-align-center","do-quantity-buttons"],"featured_image_src_large":["https:\/\/zecovalve.com\/wp-content\/uploads\/2022\/06\/Steam-Globe-Valve-1.jpg",800,600,false],"author_info":[],"comment_info":0,"taxonomy_info":{"product_cat":[{"value":2466,"label":"Forged Steel Globe Valve"},{"value":2049,"label":"Globe Valve"}],"product_tag":[{"value":2723,"label":"What is a Valve"}]},"yoast_head":"<!-- This site is optimized with the Yoast SEO Premium plugin v15.4 - https:\/\/yoast.com\/wordpress\/plugins\/seo\/ -->\n<title>Steam Globe Valve - Globe Valve China Manufacturer | ZECO Valve<\/title>\n<meta name=\"robots\" content=\"index, follow, max-snippet:-1, max-image-preview:large, max-video-preview:-1\" \/>\n<link rel=\"canonical\" href=\"https:\/\/zecovalve.com\/pt\/produto\/a105-globe-valve\" \/>\n<meta property=\"og:locale\" content=\"pt_PT\" \/>\n<meta property=\"og:type\" content=\"article\" \/>\n<meta property=\"og:title\" content=\"Steam Globe Valve - Globe Valve China Manufacturer | ZECO Valve\" \/>\n<meta property=\"og:description\" content=\"ZECO Steam steel globe valve design and manufacturing of API 602 international standards, API 623, DIN3202, or equivalent. What is a Steam ... Ler mais\" \/>\n<meta property=\"og:url\" content=\"https:\/\/zecovalve.com\/pt\/produto\/a105-globe-valve\" \/>\n<meta property=\"og:site_name\" content=\"ZECO Valve\" \/>\n<meta property=\"article:modified_time\" content=\"2023-06-15T13:57:33+00:00\" \/>\n<meta property=\"og:image\" content=\"https:\/\/zecovalve.com\/wp-content\/uploads\/2022\/06\/Steam-Globe-Valve-1.jpg\" \/>\n\t<meta property=\"og:image:width\" content=\"800\" \/>\n\t<meta property=\"og:image:height\" content=\"600\" \/>\n<meta name=\"twitter:card\" content=\"summary_large_image\" \/>\n<meta name=\"twitter:label1\" content=\"Escrito por\">\n\t<meta name=\"twitter:data1\" content=\"Jerry\">\n\t<meta name=\"twitter:label2\" content=\"Tempo estimado de leitura\">\n\t<meta name=\"twitter:data2\" content=\"4 minutos\">\n<script type=\"application\/ld+json\" class=\"yoast-schema-graph\">{\"@context\":\"https:\/\/schema.org\",\"@graph\":[{\"@type\":\"WebSite\",\"@id\":\"https:\/\/zecovalve.com\/#website\",\"url\":\"https:\/\/zecovalve.com\/\",\"name\":\"ZECO Valve\",\"description\":\"Industrial Ball Valve, Gate Valve and Globe Valve Manufacturer\",\"potentialAction\":[{\"@type\":\"SearchAction\",\"target\":\"https:\/\/zecovalve.com\/?s={search_term_string}\",\"query-input\":\"required name=search_term_string\"}],\"inLanguage\":\"pt-PT\"},{\"@type\":\"ImageObject\",\"@id\":\"https:\/\/zecovalve.com\/product\/a105-globe-valve#primaryimage\",\"inLanguage\":\"pt-PT\",\"url\":\"https:\/\/zecovalve.com\/wp-content\/uploads\/2022\/06\/Steam-Globe-Valve-1.jpg\",\"width\":800,\"height\":600,\"caption\":\"Steam Globe Valve\"},{\"@type\":\"WebPage\",\"@id\":\"https:\/\/zecovalve.com\/product\/a105-globe-valve#webpage\",\"url\":\"https:\/\/zecovalve.com\/product\/a105-globe-valve\",\"name\":\"Steam Globe Valve - Globe Valve China Manufacturer | ZECO Valve\",\"isPartOf\":{\"@id\":\"https:\/\/zecovalve.com\/#website\"},\"primaryImageOfPage\":{\"@id\":\"https:\/\/zecovalve.com\/product\/a105-globe-valve#primaryimage\"},\"datePublished\":\"2022-06-19T14:04:52+00:00\",\"dateModified\":\"2023-06-15T13:57:33+00:00\",\"breadcrumb\":{\"@id\":\"https:\/\/zecovalve.com\/product\/a105-globe-valve#breadcrumb\"},\"inLanguage\":\"pt-PT\",\"potentialAction\":[{\"@type\":\"ReadAction\",\"target\":[\"https:\/\/zecovalve.com\/product\/a105-globe-valve\"]}]},{\"@type\":\"BreadcrumbList\",\"@id\":\"https:\/\/zecovalve.com\/product\/a105-globe-valve#breadcrumb\",\"itemListElement\":[{\"@type\":\"ListItem\",\"position\":1,\"item\":{\"@type\":\"WebPage\",\"@id\":\"https:\/\/zecovalve.com\/\",\"url\":\"https:\/\/zecovalve.com\/\",\"name\":\"Home\"}},{\"@type\":\"ListItem\",\"position\":2,\"item\":{\"@type\":\"WebPage\",\"@id\":\"https:\/\/zecovalve.com\/product-category\",\"url\":\"https:\/\/zecovalve.com\/product-category\",\"name\":\"Industrial Valve Manufacturer | Water Valve Manufacturer\"}},{\"@type\":\"ListItem\",\"position\":3,\"item\":{\"@type\":\"WebPage\",\"@id\":\"https:\/\/zecovalve.com\/product\/a105-globe-valve\",\"url\":\"https:\/\/zecovalve.com\/product\/a105-globe-valve\",\"name\":\"Steam Globe Valve\"}}]}]}<\/script>\n<!-- \/ Yoast SEO Premium plugin. -->","_links":{"self":[{"href":"https:\/\/zecovalve.com\/pt\/wp-json\/wp\/v2\/product\/16139","targetHints":{"allow":["GET"]}}],"collection":[{"href":"https:\/\/zecovalve.com\/pt\/wp-json\/wp\/v2\/product"}],"about":[{"href":"https:\/\/zecovalve.com\/pt\/wp-json\/wp\/v2\/types\/product"}],"replies":[{"embeddable":true,"href":"https:\/\/zecovalve.com\/pt\/wp-json\/wp\/v2\/comments?post=16139"}],"wp:featuredmedia":[{"embeddable":true,"href":"https:\/\/zecovalve.com\/pt\/wp-json\/wp\/v2\/media\/27905"}],"wp:attachment":[{"href":"https:\/\/zecovalve.com\/pt\/wp-json\/wp\/v2\/media?parent=16139"}],"wp:term":[{"taxonomy":"product_cat","embeddable":true,"href":"https:\/\/zecovalve.com\/pt\/wp-json\/wp\/v2\/product_cat?post=16139"},{"taxonomy":"product_tag","embeddable":true,"href":"https:\/\/zecovalve.com\/pt\/wp-json\/wp\/v2\/product_tag?post=16139"}],"curies":[{"name":"wp","href":"https:\/\/api.w.org\/{rel}","templated":true}]}}