{"id":16155,"date":"2022-06-19T14:28:37","date_gmt":"2022-06-19T14:28:37","guid":{"rendered":"https:\/\/zecovalve.com\/?post_type=product&#038;p=16155"},"modified":"2023-06-07T14:00:52","modified_gmt":"2023-06-07T14:00:52","slug":"through-conduit-gate-valve","status":"publish","type":"product","link":"https:\/\/zecovalve.com\/pt\/produto\/through-conduit-gate-valve","title":{"rendered":"V\u00e1lvula de gaveta atrav\u00e9s de conduta"},"content":{"rendered":"<p>A ZECO Valve fabrica algumas das v\u00e1lvulas de gaveta de condu\u00edte de a\u00e7o fundido mais confi\u00e1veis \u200b\u200bdo setor.<\/p>\r\n\r\n\r\n\r\n<figure class=\"wp-block-image alignnone size-medium wp-image-17929\"><img loading=\"lazy\" decoding=\"async\" width=\"300\" height=\"225\" class=\"wp-image-17929\" src=\"https:\/\/zecovalve.com\/wp-content\/uploads\/2022\/06\/Through-Conduit-Gate-Valve-1-300x225.jpg\" alt=\"V\u00e1lvula de gaveta atrav\u00e9s de conduta\" srcset=\"https:\/\/zecovalve.com\/wp-content\/uploads\/2022\/06\/Through-Conduit-Gate-Valve-1-300x225.jpg 300w, https:\/\/zecovalve.com\/wp-content\/uploads\/2022\/06\/Through-Conduit-Gate-Valve-1-768x576.jpg 768w, https:\/\/zecovalve.com\/wp-content\/uploads\/2022\/06\/Through-Conduit-Gate-Valve-1-600x450.jpg 600w, https:\/\/zecovalve.com\/wp-content\/uploads\/2022\/06\/Through-Conduit-Gate-Valve-1.jpg 800w\" sizes=\"auto, (max-width: 300px) 100vw, 300px\" \/><\/figure>\r\n\r\n\r\n<div class=\"gb-button-wrapper gb-button-wrapper-6d8495a3\">\r\n\r\n\r\n<p><a class=\"gb-button gb-button-3d442e11 gb-button-text\" href=\"https:\/\/zecovalve.com\/pt\/contact\/\" target=\"_blank\" rel=\"noopener noreferrer\"><strong>OBTER O PRE\u00c7O DA V\u00c1LVULA DE GATE DE CONDUIT<\/strong><\/a><\/p>\r\n<\/div>\r\n\r\n\r\n\r\n\r\n<h2 class=\"wp-block-heading\" id=\"h-what-is-a-through-conduit-gate-valve\">O que \u00e9 uma v\u00e1lvula gaveta atrav\u00e9s de condu\u00edte?<\/h2>\r\n\r\n\r\n\r\n<p>As v\u00e1lvulas de gaveta atrav\u00e9s de condu\u00edte s\u00e3o v\u00e1lvulas de isolamento projetadas para fechamento total do fluxo do meio de trabalho. Eles podem ser usados para temperaturas de at\u00e9 200\u00b0C. Se as v\u00e1lvulas gaveta forem utilizadas para fins de regula\u00e7\u00e3o ou estrangulamento, o fabricante n\u00e3o garante a estanqueidade. As v\u00e1lvulas gaveta s\u00e3o v\u00e1lvulas pigg\u00e1veis de passagem total com coeficiente de resist\u00eancia ao fluxo igual ao da tubula\u00e7\u00e3o. Portanto, s\u00e3o adequados, especialmente para sistemas de tubula\u00e7\u00f5es de longa dist\u00e2ncia.<\/p>\r\n\r\n\r\n\r\n<p>A v\u00e1lvula gaveta ZECO atrav\u00e9s de condu\u00edte \u00e9 uma v\u00e1lvula de tubo reto. O design \u00e9 ideal para minimizar a queda de press\u00e3o e evitar o ac\u00famulo de materiais externos, como lama, na c\u00e2mara da v\u00e1lvula. Este tipo de v\u00e1lvula \u00e9 amplamente utilizado no transporte de petr\u00f3leo e g\u00e1s e est\u00e1 em conformidade com o padr\u00e3o API 6D. A v\u00e1lvula gaveta ZECO atrav\u00e9s de condu\u00edte est\u00e1 dispon\u00edvel em tr\u00eas tipos: com furo de desvio, sem furo de desvio e com restri\u00e7\u00e3o de ajuste. A press\u00e3o varia de 150LB a 900LB e o tamanho varia de 1 polegada a 48 polegadas. Como uma empresa de alta tecnologia na China, a ZECO est\u00e1 comprometida em criar a marca ZECO atrav\u00e9s da tecnologia e inova\u00e7\u00e3o, e acreditamos que temos a capacidade de desenvolver e produzir produtos de classe mundial para competir com marcas internacionais.<\/p>\r\n\r\n\r\n\r\n<h2 class=\"wp-block-heading\">Padr\u00f5es de projeto e fabrica\u00e7\u00e3o de v\u00e1lvula gaveta de condu\u00edte<\/h2>\r\n\r\n\r\n\r\n<p>Ambos os projetos utilizam conex\u00f5es de extremidade flangeadas e soldadas de topo e s\u00e3o fabricados e testados de acordo com API 6D. A capacidade de fluxo bidirecional de porta completa minimiza a queda de press\u00e3o e a turbul\u00eancia.<\/p>\r\n\r\n\r\n\r\n<figure class=\"wp-block-table is-style-stripes\">\r\n<table>\r\n<tbody>\r\n<tr>\r\n<td>Design b\u00e1sico<\/td>\r\n<td>API 6D<\/td>\r\n<\/tr>\r\n<tr>\r\n<td>Dimens\u00e3o Presencial<\/td>\r\n<td>ANSI B16.10<\/td>\r\n<\/tr>\r\n<tr>\r\n<td>Dimens\u00e3o final do flange<\/td>\r\n<td>ANSI\/ASME B16.5 (2\u201d a 24\u201d) ANSI\/ASME B16.47 e MSS SP-44 (26\u201d e superior)<\/td>\r\n<\/tr>\r\n<tr>\r\n<td>Dimens\u00e3o final da solda de topo<\/td>\r\n<td>ANSI\/ASME B16.25<\/td>\r\n<\/tr>\r\n<tr>\r\n<td>Inspe\u00e7\u00e3o e Teste<\/td>\r\n<td>API 6D<\/td>\r\n<\/tr>\r\n<tr>\r\n<td>Projeto seguro contra inc\u00eandio<\/td>\r\n<td>API6FA<\/td>\r\n<\/tr>\r\n<\/tbody>\r\n<\/table>\r\n<\/figure>\r\n\r\n\r\n\r\n<h2 class=\"wp-block-heading\">Tipos de v\u00e1lvula gaveta atrav\u00e9s de condu\u00edte<\/h2>\r\n\r\n\r\n\r\n<h3 class=\"wp-block-heading\">Bloqueio Duplo e Sangramento (DBB)<\/h3>\r\n\r\n\r\n\r\n<p>V\u00e1lvulas com duas superf\u00edcies de sede na posi\u00e7\u00e3o fechada bloqueiam o fluxo de ambas as extremidades da v\u00e1lvula e permitem que a cavidade entre a superf\u00edcie de sede seja ventilada atrav\u00e9s de uma conex\u00e3o de purga fornecida na cavidade do corpo. Caso ambas as sedes estejam apertadas, o DBB proporciona drenagem da cavidade corporal e redu\u00e7\u00e3o da press\u00e3o. Assim, ser\u00e1 poss\u00edvel monitorar o desempenho das sedes das v\u00e1lvulas e proporcionar um ambiente seguro para trabalhar do outro lado da linha.<\/p>\r\n\r\n\r\n\r\n<h3 class=\"wp-block-heading\">Sangramento de Isolamento Duplo (DIB)<\/h3>\r\n\r\n\r\n\r\n<p>Isto tamb\u00e9m proporcionar\u00e1 drenagem da cavidade da v\u00e1lvula e redu\u00e7\u00e3o da press\u00e3o. Se, no entanto, a press\u00e3o no lado a montante for liberada e o fluido aprisionado na cavidade do corpo aumentar devido a mudan\u00e7as t\u00e9rmicas, a drenagem ocorrer\u00e1 para o lado a montante. Este \u00e9 um projeto importante para v\u00e1lvulas de bloqueio de tubula\u00e7\u00f5es. A sele\u00e7\u00e3o correta deve ser feita dependendo do tipo de aplica\u00e7\u00e3o.<\/p>\r\n\r\n\r\n\r\n<h2 class=\"wp-block-heading\">Aplica\u00e7\u00f5es de v\u00e1lvulas de passagem atrav\u00e9s de condu\u00edte<\/h2>\r\n\r\n\r\n\r\n<p>As v\u00e1lvulas gaveta atrav\u00e9s de condu\u00edte s\u00e3o usadas em aplica\u00e7\u00f5es como plataformas offshore, terminais onshore e linhas de transmiss\u00e3o.<\/p>\r\n\r\n\r\n\r\n<p>Os tipos de meio comumente usados nessas aplica\u00e7\u00f5es s\u00e3o: l\u00edquidos n\u00e3o corrosivos, g\u00e1s, \u00e1gua, servi\u00e7o \u00e1cido, l\u00edquidos de hidrocarbonetos ou g\u00e1s<\/p>\r\n\r\n\r\n\r\n<h2 class=\"wp-block-heading\" id=\"h-features-of-through-conduit-gate-valves\">Caracter\u00edsticas das v\u00e1lvulas de gaveta atrav\u00e9s de condu\u00edte<\/h2>\r\n\r\n\r\n\r\n<ul class=\"wp-block-list\">\r\n<li>Estrangulamento eficiente com estiramento ou eros\u00e3o m\u00ednimo do disco ou sede.<\/li>\r\n<li>Curso curto do disco e algumas voltas para acion\u00e1-los, o que reduz o tempo e o desgaste da haste e do castelo.<\/li>\r\n<li>Controle de tr\u00e1fego preciso.<\/li>\r\n<li>Dispon\u00edvel com m\u00faltiplas brocas.<\/li>\r\n<\/ul>\r\n\r\n\r\n\r\n<h2 class=\"wp-block-heading\" id=\"h-material-of-through-conduit-gate-valve\">Material da v\u00e1lvula de passagem do condu\u00edte:<\/h2>\r\n\r\n\r\n\r\n<figure class=\"wp-block-table\">\r\n<table>\r\n<tbody>\r\n<tr>\r\n<td>N\u00e3o<\/td>\r\n<td>Parte<\/td>\r\n<td>Material<\/td>\r\n<\/tr>\r\n<tr>\r\n<td>1<\/td>\r\n<td>Corpo<\/td>\r\n<td>ASTM A216 WCB<\/td>\r\n<\/tr>\r\n<tr>\r\n<td>2<\/td>\r\n<td>Assento<\/td>\r\n<td>ASTM A105 + PTFE<\/td>\r\n<\/tr>\r\n<tr>\r\n<td>3<\/td>\r\n<td>Cunha<\/td>\r\n<td>ASTM A105<\/td>\r\n<\/tr>\r\n<tr>\r\n<td>4<\/td>\r\n<td>Caule<\/td>\r\n<td>ASTM A182 F6a<\/td>\r\n<\/tr>\r\n<tr>\r\n<td>5<\/td>\r\n<td>Junta de veda\u00e7\u00e3o<\/td>\r\n<td>Grafite + SS304<\/td>\r\n<\/tr>\r\n<tr>\r\n<td>6<\/td>\r\n<td>Parafuso do castelo<\/td>\r\n<td>ASTM A193 B7<\/td>\r\n<\/tr>\r\n<tr>\r\n<td>7<\/td>\r\n<td>Porca do castelo<\/td>\r\n<td>ASTM A194 2H<\/td>\r\n<\/tr>\r\n<tr>\r\n<td>8<\/td>\r\n<td>Bon\u00e9<\/td>\r\n<td>ASTM A216 WCB<\/td>\r\n<\/tr>\r\n<tr>\r\n<td>9<\/td>\r\n<td>Embalagem Superior<\/td>\r\n<td>PTFE<\/td>\r\n<\/tr>\r\n<tr>\r\n<td>10<\/td>\r\n<td>Embalagem inferior<\/td>\r\n<td>PTFE<\/td>\r\n<\/tr>\r\n<tr>\r\n<td>11<\/td>\r\n<td>Volante<\/td>\r\n<td>ASTM A536-60-40-18<\/td>\r\n<\/tr>\r\n<\/tbody>\r\n<\/table>\r\n<\/figure>","protected":false},"excerpt":{"rendered":"<p>A ZECO Valve fabrica algumas das v\u00e1lvulas de gaveta de condu\u00edte de a\u00e7o fundido mais confi\u00e1veis \u200b\u200bdo setor. O que \u00e9 um condu\u00edte direto\u2026 <a title=\"V\u00e1lvula de gaveta atrav\u00e9s de conduta\" class=\"read-more\" href=\"https:\/\/zecovalve.com\/pt\/produto\/through-conduit-gate-valve\" aria-label=\"Mais em V\u00e1lvula gaveta atrav\u00e9s de condu\u00edte\">Ler mais<\/a><\/p>","protected":false},"featured_media":27874,"comment_status":"closed","ping_status":"closed","template":"","meta":{"_generate-full-width-content":"","kt_blocks_editor_width":""},"product_cat":[2052,2456],"product_tag":[2798],"class_list":["post-16155","product","type-product","status-publish","has-post-thumbnail","hentry","product_cat-gate-valve","product_cat-gate-valve-by-form","product_tag-osy-valve","sales-flash-overlay","woocommerce-text-align-center","woocommerce-image-align-center","do-quantity-buttons"],"featured_image_src_large":["https:\/\/zecovalve.com\/wp-content\/uploads\/2022\/06\/Through-Conduit-Gate-Valve-2.jpg",800,600,false],"author_info":[],"comment_info":0,"taxonomy_info":{"product_cat":[{"value":2052,"label":"Gate Valve"},{"value":2456,"label":"Gate Valve By Form"}],"product_tag":[{"value":2798,"label":"OS&amp;Y Valve"}]},"yoast_head":"<!-- This site is optimized with the Yoast SEO Premium plugin v15.4 - https:\/\/yoast.com\/wordpress\/plugins\/seo\/ -->\n<title>Through Conduit Gate Valve - Gate Valve Manufacturer | ZECO Valve<\/title>\n<meta name=\"robots\" content=\"index, follow, max-snippet:-1, max-image-preview:large, max-video-preview:-1\" \/>\n<link rel=\"canonical\" href=\"https:\/\/zecovalve.com\/pt\/produto\/through-conduit-gate-valve\" \/>\n<meta property=\"og:locale\" content=\"pt_PT\" \/>\n<meta property=\"og:type\" content=\"article\" \/>\n<meta property=\"og:title\" content=\"Through Conduit Gate Valve - Gate Valve Manufacturer | ZECO Valve\" \/>\n<meta property=\"og:description\" content=\"ZECO Valve \u200bmanufactures some of the most dependable cast steel Though Conduit Gate Valves in the industry. What is a Through Conduit ... Ler mais\" \/>\n<meta property=\"og:url\" content=\"https:\/\/zecovalve.com\/pt\/produto\/through-conduit-gate-valve\" \/>\n<meta property=\"og:site_name\" content=\"ZECO Valve\" \/>\n<meta property=\"article:modified_time\" content=\"2023-06-07T14:00:52+00:00\" \/>\n<meta property=\"og:image\" content=\"https:\/\/zecovalve.com\/wp-content\/uploads\/2022\/06\/Through-Conduit-Gate-Valve-2.jpg\" \/>\n\t<meta property=\"og:image:width\" content=\"800\" \/>\n\t<meta property=\"og:image:height\" content=\"600\" \/>\n<meta name=\"twitter:card\" content=\"summary_large_image\" \/>\n<meta name=\"twitter:label1\" content=\"Escrito por\">\n\t<meta name=\"twitter:data1\" content=\"Jerry\">\n\t<meta name=\"twitter:label2\" content=\"Tempo estimado de leitura\">\n\t<meta name=\"twitter:data2\" content=\"2 minutos\">\n<script type=\"application\/ld+json\" class=\"yoast-schema-graph\">{\"@context\":\"https:\/\/schema.org\",\"@graph\":[{\"@type\":\"WebSite\",\"@id\":\"https:\/\/zecovalve.com\/#website\",\"url\":\"https:\/\/zecovalve.com\/\",\"name\":\"ZECO Valve\",\"description\":\"Industrial Ball Valve, Gate Valve and Globe Valve Manufacturer\",\"potentialAction\":[{\"@type\":\"SearchAction\",\"target\":\"https:\/\/zecovalve.com\/?s={search_term_string}\",\"query-input\":\"required name=search_term_string\"}],\"inLanguage\":\"pt-PT\"},{\"@type\":\"ImageObject\",\"@id\":\"https:\/\/zecovalve.com\/product\/through-conduit-gate-valve#primaryimage\",\"inLanguage\":\"pt-PT\",\"url\":\"https:\/\/zecovalve.com\/wp-content\/uploads\/2022\/06\/Through-Conduit-Gate-Valve-2.jpg\",\"width\":800,\"height\":600,\"caption\":\"Through Conduit Gate Valve\"},{\"@type\":\"WebPage\",\"@id\":\"https:\/\/zecovalve.com\/product\/through-conduit-gate-valve#webpage\",\"url\":\"https:\/\/zecovalve.com\/product\/through-conduit-gate-valve\",\"name\":\"Through Conduit Gate Valve - Gate Valve Manufacturer | ZECO Valve\",\"isPartOf\":{\"@id\":\"https:\/\/zecovalve.com\/#website\"},\"primaryImageOfPage\":{\"@id\":\"https:\/\/zecovalve.com\/product\/through-conduit-gate-valve#primaryimage\"},\"datePublished\":\"2022-06-19T14:28:37+00:00\",\"dateModified\":\"2023-06-07T14:00:52+00:00\",\"breadcrumb\":{\"@id\":\"https:\/\/zecovalve.com\/product\/through-conduit-gate-valve#breadcrumb\"},\"inLanguage\":\"pt-PT\",\"potentialAction\":[{\"@type\":\"ReadAction\",\"target\":[\"https:\/\/zecovalve.com\/product\/through-conduit-gate-valve\"]}]},{\"@type\":\"BreadcrumbList\",\"@id\":\"https:\/\/zecovalve.com\/product\/through-conduit-gate-valve#breadcrumb\",\"itemListElement\":[{\"@type\":\"ListItem\",\"position\":1,\"item\":{\"@type\":\"WebPage\",\"@id\":\"https:\/\/zecovalve.com\/\",\"url\":\"https:\/\/zecovalve.com\/\",\"name\":\"Home\"}},{\"@type\":\"ListItem\",\"position\":2,\"item\":{\"@type\":\"WebPage\",\"@id\":\"https:\/\/zecovalve.com\/product-category\",\"url\":\"https:\/\/zecovalve.com\/product-category\",\"name\":\"Industrial Valve Manufacturer | Water Valve Manufacturer\"}},{\"@type\":\"ListItem\",\"position\":3,\"item\":{\"@type\":\"WebPage\",\"@id\":\"https:\/\/zecovalve.com\/product\/through-conduit-gate-valve\",\"url\":\"https:\/\/zecovalve.com\/product\/through-conduit-gate-valve\",\"name\":\"Through Conduit Gate Valve\"}}]}]}<\/script>\n<!-- \/ Yoast SEO Premium plugin. -->","_links":{"self":[{"href":"https:\/\/zecovalve.com\/pt\/wp-json\/wp\/v2\/product\/16155","targetHints":{"allow":["GET"]}}],"collection":[{"href":"https:\/\/zecovalve.com\/pt\/wp-json\/wp\/v2\/product"}],"about":[{"href":"https:\/\/zecovalve.com\/pt\/wp-json\/wp\/v2\/types\/product"}],"replies":[{"embeddable":true,"href":"https:\/\/zecovalve.com\/pt\/wp-json\/wp\/v2\/comments?post=16155"}],"wp:featuredmedia":[{"embeddable":true,"href":"https:\/\/zecovalve.com\/pt\/wp-json\/wp\/v2\/media\/27874"}],"wp:attachment":[{"href":"https:\/\/zecovalve.com\/pt\/wp-json\/wp\/v2\/media?parent=16155"}],"wp:term":[{"taxonomy":"product_cat","embeddable":true,"href":"https:\/\/zecovalve.com\/pt\/wp-json\/wp\/v2\/product_cat?post=16155"},{"taxonomy":"product_tag","embeddable":true,"href":"https:\/\/zecovalve.com\/pt\/wp-json\/wp\/v2\/product_tag?post=16155"}],"curies":[{"name":"wp","href":"https:\/\/api.w.org\/{rel}","templated":true}]}}