{"id":16159,"date":"2022-06-19T14:34:00","date_gmt":"2022-06-19T14:34:00","guid":{"rendered":"https:\/\/zecovalve.com\/?post_type=product&#038;p=16159"},"modified":"2023-06-15T12:39:53","modified_gmt":"2023-06-15T12:39:53","slug":"sw-gate-valve","status":"publish","type":"product","link":"https:\/\/zecovalve.com\/pt\/produto\/sw-gate-valve","title":{"rendered":"V\u00e1lvula de gaveta em a\u00e7o forjado"},"content":{"rendered":"<p>As capacidades de fabrica\u00e7\u00e3o da ZECO para v\u00e1lvulas de gaveta forjada API 602 incluem 1\/2\u201d-2\u201d, classe de press\u00e3o ANSI 150#-2500#. Os materiais de constru\u00e7\u00e3o incluem a\u00e7o carbono, a\u00e7o inoxid\u00e1vel, liga 20 e outros materiais ex\u00f3ticos.<\/p>\r\n\r\n\r\n\r\n<figure class=\"wp-block-image alignnone size-medium wp-image-16160\">\r\n<p><img loading=\"lazy\" decoding=\"async\" class=\"wp-image-27879 size-medium\" src=\"https:\/\/zecovalve.com\/wp-content\/uploads\/2022\/06\/Forged-Steel-Gate-Valve-300x225.jpg\" alt=\"V\u00e1lvula de gaveta em a\u00e7o forjado\" width=\"300\" height=\"225\" srcset=\"https:\/\/zecovalve.com\/wp-content\/uploads\/2022\/06\/Forged-Steel-Gate-Valve-300x225.jpg 300w, https:\/\/zecovalve.com\/wp-content\/uploads\/2022\/06\/Forged-Steel-Gate-Valve-768x576.jpg 768w, https:\/\/zecovalve.com\/wp-content\/uploads\/2022\/06\/Forged-Steel-Gate-Valve-600x450.jpg 600w, https:\/\/zecovalve.com\/wp-content\/uploads\/2022\/06\/Forged-Steel-Gate-Valve.jpg 800w\" sizes=\"auto, (max-width: 300px) 100vw, 300px\" \/><\/p>\r\n<\/figure>\r\n\r\n\r\n<div class=\"gb-button-wrapper gb-button-wrapper-6d8495a3\">\r\n\r\n\r\n<p><a class=\"gb-button gb-button-3d442e11 gb-button-text\" href=\"mailto:commercial@zecovalve.com\" target=\"_blank\" rel=\"noopener noreferrer\"><strong>OBTER PRE\u00c7O DA V\u00c1LVULA DE GATE DE A\u00c7O FORJADO<\/strong><\/a><\/p>\r\n<\/div>\r\n\r\n\r\n\r\n\r\n<h2 class=\"wp-block-heading\" id=\"h-what-is-a-forged-steel-gate-valve\">O que \u00e9 uma v\u00e1lvula gaveta de a\u00e7o forjado?<\/h2>\r\n\r\n\r\n\r\n<p>A v\u00e1lvula gaveta forjada \u00e9 fabricada com componentes da melhor qualidade e sob a dire\u00e7\u00e3o firme de controladores de qualidade experientes. Eles s\u00e3o projetados com componentes da melhor qualidade e seguindo padr\u00f5es industriais internacionais.<\/p>\r\n\r\n\r\n\r\n<p>A v\u00e1lvula gaveta de a\u00e7o forjado foi projetada para API602 e possui um parafuso externo de haste elevada e um garfo. Dedicado para isolamento em ambas as dire\u00e7\u00f5es de fluxo.<\/p>\r\n\r\n\r\n\r\n<h2 class=\"wp-block-heading\">Por que usar v\u00e1lvulas gaveta de a\u00e7o forjado?<\/h2>\r\n\r\n\r\n\r\n<p>As v\u00e1lvulas gaveta forjadas s\u00e3o \u00f3timas para processar l\u00edquidos em tubula\u00e7\u00f5es. Estas v\u00e1lvulas gaveta forjadas proporcionam um fechamento estanque favor\u00e1vel tanto em situa\u00e7\u00f5es horizontais como verticais.<\/p>\r\n\r\n\r\n\r\n<p>As v\u00e1lvulas gaveta forjadas tamb\u00e9m oferecem um pequeno controle e s\u00e3o usadas para estrangular vapor, g\u00e1s ou l\u00edquidos. F\u00e1cil de operar e a escolha preferida dos engenheiros em rela\u00e7\u00e3o \u00e0s v\u00e1lvulas de esfera para isolar esta\u00e7\u00f5es de captura.<\/p>\r\n\r\n\r\n\r\n<h2 class=\"wp-block-heading\" id=\"h-features-of-forged-steel-gate-valve\">Caracter\u00edsticas da v\u00e1lvula gaveta de a\u00e7o forjado<\/h2>\r\n\r\n\r\n\r\n<ul class=\"wp-block-list\">\r\n<li><span style=\"background-color: var(--base-3); color: var(--contrast);\">OS&amp;Y, haste ascendente<\/span><\/li>\r\n<li>Cunha S\u00f3lida<\/li>\r\n<li>Embalagem e junta de grafite<\/li>\r\n<li>Prensa de gaxeta autocompensadora de duas pe\u00e7as<\/li>\r\n<li>Cap\u00f4 aparafusado com junta em espiral<\/li>\r\n<li>Banco traseiro integral<\/li>\r\n<\/ul>\r\n\r\n\r\n\r\n<h2 class=\"wp-block-heading\">Recursos opcionais de v\u00e1lvulas de gaveta de a\u00e7o forjado<\/h2>\r\n\r\n\r\n\r\n<ul class=\"wp-block-list\">\r\n<li>Porto Completo ou Porto Regular<\/li>\r\n<li>Haste estendida ou veda\u00e7\u00e3o abaixo<\/li>\r\n<li>Castelo soldado ou castelo com veda\u00e7\u00e3o de press\u00e3o<\/li>\r\n<li>Dispositivo de bloqueio mediante solicita\u00e7\u00e3o<\/li>\r\n<li>Fabrica\u00e7\u00e3o de acordo com NACE MR0175 mediante solicita\u00e7\u00e3o<\/li>\r\n<li>Baixa Emiss\u00e3o Fugitiva<\/li>\r\n<\/ul>\r\n\r\n\r\n\r\n<h2 class=\"wp-block-heading\">Aplica\u00e7\u00f5es de v\u00e1lvula gaveta de a\u00e7o forjado<\/h2>\r\n\r\n\r\n\r\n<ul class=\"wp-block-list\">\r\n<li>Sala de turbinas<\/li>\r\n<li>Isolamento<\/li>\r\n<li>Linhas Condensadas<\/li>\r\n<li>Antes de equipamentos industriais caros Linhas de queimadores de \u00f3leo<\/li>\r\n<li>Linha de combust\u00edvel da planta de caldeiras Instala\u00e7\u00f5es de reciclagem Ind\u00fastria qu\u00edmica Planta de vapor Hospitais, escolas e HVAC<\/li>\r\n<\/ul>\r\n\r\n\r\n\r\n<h2 class=\"wp-block-heading\" id=\"h-product-details-of-forged-steel-gate-valve\">Detalhes do produto da v\u00e1lvula gaveta de a\u00e7o forjado<\/h2>\r\n\r\n\r\n\r\n<figure class=\"wp-block-table is-style-stripes\">\r\n<table>\r\n<tbody>\r\n<tr>\r\n<td><strong>Classe\/Classifica\u00e7\u00e3o ANSI<\/strong><\/td>\r\n<td>800#, 1500#, 2500#<\/td>\r\n<\/tr>\r\n<tr>\r\n<td><strong>Norma de conce\u00e7\u00e3o<\/strong><\/td>\r\n<td>API 602<\/td>\r\n<\/tr>\r\n<tr>\r\n<td><strong>Norma de ensaio<\/strong><\/td>\r\n<td>API 598<\/td>\r\n<\/tr>\r\n<tr>\r\n<td><strong>Tamanho<\/strong><\/td>\r\n<td>1\/2\u2033 -2\u2033<\/td>\r\n<\/tr>\r\n<tr>\r\n<td><strong>Materiais<\/strong><\/td>\r\n<td>Corpo: A105, F11, F22, F51, LF2, F304, F304L, F316, F316L Guarni\u00e7\u00e3o: 13 % Cr, Stellite etc.<\/td>\r\n<\/tr>\r\n<tr>\r\n<td><strong>Termina<\/strong><\/td>\r\n<td>Extremidades parafusadas (NPT) para ANSI\/ASME B1.20.1 Extremidades de solda de soquete para ASME B16.11 Extremidades de solda de topo para ASME B16.25 Flange de extremidade: ANSI B16.5<\/td>\r\n<\/tr>\r\n<tr>\r\n<td><strong>Opera\u00e7\u00e3o<\/strong><\/td>\r\n<td>Manual, El\u00e9trico<\/td>\r\n<\/tr>\r\n<tr>\r\n<td><strong>Portas<\/strong><\/td>\r\n<td>Porta padr\u00e3o e completa<\/td>\r\n<\/tr>\r\n<\/tbody>\r\n<\/table>\r\n<\/figure>","protected":false},"excerpt":{"rendered":"<p>As capacidades de fabrica\u00e7\u00e3o da ZECO para v\u00e1lvulas de gaveta forjada API 602 incluem 1\/2\u201d-2\u201d, classe de press\u00e3o ANSI 150#-2500#. Os materiais de constru\u00e7\u00e3o incluem a\u00e7o carbono, inoxid\u00e1vel\u2026 <a title=\"V\u00e1lvula de gaveta em a\u00e7o forjado\" class=\"read-more\" href=\"https:\/\/zecovalve.com\/pt\/produto\/sw-gate-valve\" aria-label=\"Mais em V\u00e1lvula gaveta de a\u00e7o forjado\">Ler mais<\/a><\/p>","protected":false},"featured_media":27879,"comment_status":"closed","ping_status":"closed","template":"","meta":{"_generate-full-width-content":"","kt_blocks_editor_width":""},"product_cat":[2464,2052],"product_tag":[2798],"class_list":["post-16159","product","type-product","status-publish","has-post-thumbnail","hentry","product_cat-forged-steel-gate-valve","product_cat-gate-valve","product_tag-osy-valve","sales-flash-overlay","woocommerce-text-align-center","woocommerce-image-align-center","do-quantity-buttons"],"featured_image_src_large":["https:\/\/zecovalve.com\/wp-content\/uploads\/2022\/06\/Forged-Steel-Gate-Valve.jpg",800,600,false],"author_info":[],"comment_info":0,"taxonomy_info":{"product_cat":[{"value":2464,"label":"Forged Steel Gate Valve"},{"value":2052,"label":"Gate Valve"}],"product_tag":[{"value":2798,"label":"OS&amp;Y Valve"}]},"yoast_head":"<!-- This site is optimized with the Yoast SEO Premium plugin v15.4 - https:\/\/yoast.com\/wordpress\/plugins\/seo\/ -->\n<title>Forged Steel Gate Valve - OS&amp;Y Gate Valve Manufacturer | ZECO Valve<\/title>\n<meta name=\"robots\" content=\"index, follow, max-snippet:-1, max-image-preview:large, max-video-preview:-1\" \/>\n<link rel=\"canonical\" href=\"https:\/\/zecovalve.com\/pt\/produto\/sw-gate-valve\" \/>\n<meta property=\"og:locale\" content=\"pt_PT\" \/>\n<meta property=\"og:type\" content=\"article\" \/>\n<meta property=\"og:title\" content=\"Forged Steel Gate Valve - OS&amp;Y Gate Valve Manufacturer | ZECO Valve\" \/>\n<meta property=\"og:description\" content=\"ZECO manufacturing capabilities for API 602 Forged Gate valves include 1\/2\u201d-2\u201d, ANSI Pressure class 150#-2500#. Materials of construction include Carbon Steel, Stainless ... Ler mais\" \/>\n<meta property=\"og:url\" content=\"https:\/\/zecovalve.com\/pt\/produto\/sw-gate-valve\" \/>\n<meta property=\"og:site_name\" content=\"ZECO Valve\" \/>\n<meta property=\"article:modified_time\" content=\"2023-06-15T12:39:53+00:00\" \/>\n<meta property=\"og:image\" content=\"https:\/\/zecovalve.com\/wp-content\/uploads\/2022\/06\/Forged-Steel-Gate-Valve.jpg\" \/>\n\t<meta property=\"og:image:width\" content=\"800\" \/>\n\t<meta property=\"og:image:height\" content=\"600\" \/>\n<meta name=\"twitter:card\" content=\"summary_large_image\" \/>\n<meta name=\"twitter:label1\" content=\"Escrito por\">\n\t<meta name=\"twitter:data1\" content=\"Jerry\">\n\t<meta name=\"twitter:label2\" content=\"Tempo estimado de leitura\">\n\t<meta name=\"twitter:data2\" content=\"1 minuto\">\n<script type=\"application\/ld+json\" class=\"yoast-schema-graph\">{\"@context\":\"https:\/\/schema.org\",\"@graph\":[{\"@type\":\"WebSite\",\"@id\":\"https:\/\/zecovalve.com\/#website\",\"url\":\"https:\/\/zecovalve.com\/\",\"name\":\"ZECO Valve\",\"description\":\"Industrial Ball Valve, Gate Valve and Globe Valve Manufacturer\",\"potentialAction\":[{\"@type\":\"SearchAction\",\"target\":\"https:\/\/zecovalve.com\/?s={search_term_string}\",\"query-input\":\"required name=search_term_string\"}],\"inLanguage\":\"pt-PT\"},{\"@type\":\"ImageObject\",\"@id\":\"https:\/\/zecovalve.com\/product\/sw-gate-valve#primaryimage\",\"inLanguage\":\"pt-PT\",\"url\":\"https:\/\/zecovalve.com\/wp-content\/uploads\/2022\/06\/Forged-Steel-Gate-Valve.jpg\",\"width\":800,\"height\":600,\"caption\":\"Forged Steel Gate Valve\"},{\"@type\":\"WebPage\",\"@id\":\"https:\/\/zecovalve.com\/product\/sw-gate-valve#webpage\",\"url\":\"https:\/\/zecovalve.com\/product\/sw-gate-valve\",\"name\":\"Forged Steel Gate Valve - OS&Y Gate Valve Manufacturer | ZECO Valve\",\"isPartOf\":{\"@id\":\"https:\/\/zecovalve.com\/#website\"},\"primaryImageOfPage\":{\"@id\":\"https:\/\/zecovalve.com\/product\/sw-gate-valve#primaryimage\"},\"datePublished\":\"2022-06-19T14:34:00+00:00\",\"dateModified\":\"2023-06-15T12:39:53+00:00\",\"breadcrumb\":{\"@id\":\"https:\/\/zecovalve.com\/product\/sw-gate-valve#breadcrumb\"},\"inLanguage\":\"pt-PT\",\"potentialAction\":[{\"@type\":\"ReadAction\",\"target\":[\"https:\/\/zecovalve.com\/product\/sw-gate-valve\"]}]},{\"@type\":\"BreadcrumbList\",\"@id\":\"https:\/\/zecovalve.com\/product\/sw-gate-valve#breadcrumb\",\"itemListElement\":[{\"@type\":\"ListItem\",\"position\":1,\"item\":{\"@type\":\"WebPage\",\"@id\":\"https:\/\/zecovalve.com\/\",\"url\":\"https:\/\/zecovalve.com\/\",\"name\":\"Home\"}},{\"@type\":\"ListItem\",\"position\":2,\"item\":{\"@type\":\"WebPage\",\"@id\":\"https:\/\/zecovalve.com\/product-category\",\"url\":\"https:\/\/zecovalve.com\/product-category\",\"name\":\"Industrial Valve Manufacturer | Water Valve Manufacturer\"}},{\"@type\":\"ListItem\",\"position\":3,\"item\":{\"@type\":\"WebPage\",\"@id\":\"https:\/\/zecovalve.com\/product\/sw-gate-valve\",\"url\":\"https:\/\/zecovalve.com\/product\/sw-gate-valve\",\"name\":\"Forged Steel Gate Valve\"}}]}]}<\/script>\n<!-- \/ Yoast SEO Premium plugin. -->","_links":{"self":[{"href":"https:\/\/zecovalve.com\/pt\/wp-json\/wp\/v2\/product\/16159","targetHints":{"allow":["GET"]}}],"collection":[{"href":"https:\/\/zecovalve.com\/pt\/wp-json\/wp\/v2\/product"}],"about":[{"href":"https:\/\/zecovalve.com\/pt\/wp-json\/wp\/v2\/types\/product"}],"replies":[{"embeddable":true,"href":"https:\/\/zecovalve.com\/pt\/wp-json\/wp\/v2\/comments?post=16159"}],"wp:featuredmedia":[{"embeddable":true,"href":"https:\/\/zecovalve.com\/pt\/wp-json\/wp\/v2\/media\/27879"}],"wp:attachment":[{"href":"https:\/\/zecovalve.com\/pt\/wp-json\/wp\/v2\/media?parent=16159"}],"wp:term":[{"taxonomy":"product_cat","embeddable":true,"href":"https:\/\/zecovalve.com\/pt\/wp-json\/wp\/v2\/product_cat?post=16159"},{"taxonomy":"product_tag","embeddable":true,"href":"https:\/\/zecovalve.com\/pt\/wp-json\/wp\/v2\/product_tag?post=16159"}],"curies":[{"name":"wp","href":"https:\/\/api.w.org\/{rel}","templated":true}]}}