{"id":16167,"date":"2022-06-19T14:50:15","date_gmt":"2022-06-19T14:50:15","guid":{"rendered":"https:\/\/zecovalve.com\/?post_type=product&#038;p=16167"},"modified":"2022-07-18T14:23:16","modified_gmt":"2022-07-18T14:23:16","slug":"stainless-steel-butterfly-valve","status":"publish","type":"product","link":"https:\/\/zecovalve.com\/pt\/produto\/stainless-steel-butterfly-valve","title":{"rendered":"V\u00e1lvula de borboleta em a\u00e7o inoxid\u00e1vel"},"content":{"rendered":"As v\u00e1lvulas borboleta possuem um mecanismo de funcionamento muito simples e extremamente vantajoso para as aplica\u00e7\u00f5es que atendem. Se voc\u00ea precisar aprender mais sobre v\u00e1lvulas borboleta, a ZECO Valve \u00e9 um fabricante confi\u00e1vel de v\u00e1lvulas borboleta.\r\n\r\n\r\n\r\n\r\n<figure class=\"wp-block-image alignnone size-medium wp-image-16168\"><img loading=\"lazy\" decoding=\"async\" width=\"300\" height=\"225\" class=\"wp-image-16168\" src=\"https:\/\/zecovalve.com\/wp-content\/uploads\/2022\/06\/stainless-steel-butterfly-valve-300x225.jpg\" alt=\"V\u00e1lvula de borboleta em a\u00e7o inoxid\u00e1vel\" srcset=\"https:\/\/zecovalve.com\/wp-content\/uploads\/2022\/06\/stainless-steel-butterfly-valve-300x225.jpg 300w, https:\/\/zecovalve.com\/wp-content\/uploads\/2022\/06\/stainless-steel-butterfly-valve-768x576.jpg 768w, https:\/\/zecovalve.com\/wp-content\/uploads\/2022\/06\/stainless-steel-butterfly-valve-600x450.jpg 600w, https:\/\/zecovalve.com\/wp-content\/uploads\/2022\/06\/stainless-steel-butterfly-valve.jpg 800w\" sizes=\"auto, (max-width: 300px) 100vw, 300px\" \/><\/figure>\r\n\r\n\r\n<div class=\"gb-button-wrapper gb-button-wrapper-6d8495a3\">\r\n\r\n<a class=\"gb-button gb-button-3d442e11 gb-button-text\" href=\"https:\/\/zecovalve.com\/pt\/contact\/\" target=\"_blank\" rel=\"noopener noreferrer\"><strong>OBTER PRE\u00c7O DA V\u00c1LVULA BORBOLETA DE A\u00c7O INOXID\u00c1VEL<\/strong><\/a>\r\n\r\n<\/div>\r\n\r\n\r\n\r\n\r\n<h2 class=\"wp-block-heading\" id=\"h-what-is-a-stainless-steel-butterfly-valve\">O que \u00e9 uma v\u00e1lvula borboleta de a\u00e7o inoxid\u00e1vel?<\/h2>\r\n\r\n\r\n\r\n\r\nUma v\u00e1lvula borboleta de a\u00e7o inoxid\u00e1vel \u00e9 uma v\u00e1lvula feita de a\u00e7o inoxid\u00e1vel. Embora esta v\u00e1lvula seja feita de a\u00e7o, outros componentes internos como sedes, veda\u00e7\u00f5es, an\u00e9is de veda\u00e7\u00e3o e juntas podem ser feitos de materiais diferentes, como pl\u00e1stico, borracha ou outro material. O tipo de material usado para fabricar esses componentes internos determina o tipo de meio e a temperatura em que a v\u00e1lvula pode ser usada. As v\u00e1lvulas borboleta SS feitas de materiais totalmente met\u00e1licos s\u00e3o adequadas para uso em baixas e altas temperaturas porque os materiais met\u00e1licos podem suportar altos n\u00edveis de calor t\u00e9rmico. Os fabricantes de v\u00e1lvulas borboleta de a\u00e7o inoxid\u00e1vel projetam essas v\u00e1lvulas para condi\u00e7\u00f5es severas e de servi\u00e7o pesado. Como tal, estas v\u00e1lvulas s\u00e3o muito fortes e podem suportar perfeitamente altas press\u00f5es e lamas. As v\u00e1lvulas borboleta SS operam manual ou automaticamente. A opera\u00e7\u00e3o dessas v\u00e1lvulas depende do quarto de volta do volante para iniciar ou interromper o fluxo do fluido. O quarto de volta do volante torna essas v\u00e1lvulas de opera\u00e7\u00e3o r\u00e1pida e menos tediosas em rela\u00e7\u00e3o a outras v\u00e1lvulas que precisam de m\u00faltiplas voltas para operar.\r\n\r\n\r\n\r\n\r\n<h2 class=\"wp-block-heading\">Como funciona uma v\u00e1lvula borboleta de a\u00e7o inoxid\u00e1vel?<\/h2>\r\n\r\n\r\n\r\n\r\nAs v\u00e1lvulas borboleta de a\u00e7o inoxid\u00e1vel t\u00eam uma constru\u00e7\u00e3o relativamente simples. Os principais componentes de uma v\u00e1lvula borboleta s\u00e3o corpo, veda\u00e7\u00e3o, disco e haste. Uma v\u00e1lvula borboleta t\u00edpica tem o disco posicionado no centro do tubo conectado e uma haste conectada a um atuador ou manopla na parte externa da v\u00e1lvula. Na posi\u00e7\u00e3o fechada, o disco fica perpendicular ao fluxo e \u00e9 vedado pela sede da v\u00e1lvula. A haste tamb\u00e9m \u00e9 vedada com um anel de veda\u00e7\u00e3o. Quando o atuador ou manopla gira a haste da v\u00e1lvula borboleta 90 graus para tr\u00e1s, o disco se afasta da sede da v\u00e1lvula borboleta e se posiciona paralelo ao fluxo. A rota\u00e7\u00e3o parcial permite que o fluxo seja estrangulado ou proporcional.\r\n\r\n\r\n\r\n\r\n<h2 class=\"wp-block-heading\" id=\"h-features-of-stainless-steel-butterfly-valves\">Caracter\u00edsticas das v\u00e1lvulas borboleta de a\u00e7o inoxid\u00e1vel<\/h2>\r\n\r\n\r\n\r\n<ul class=\"wp-block-list\">\r\n \t<li>A v\u00e1lvula borboleta de a\u00e7o inoxid\u00e1vel ZECO combina os tr\u00eas deslocamentos da superf\u00edcie de sede com a flexibilidade da lamina\u00e7\u00e3o de grafite para obter uma veda\u00e7\u00e3o firme e uniforme com um baixo torque necess\u00e1rio;<\/li>\r\n \t<li>O design duplo anti-explos\u00e3o da v\u00e1lvula borboleta de a\u00e7o inoxid\u00e1vel ZECO atende aos requisitos API 609 e ASME B31.1 por meio da reten\u00e7\u00e3o interna e externa da haste;<\/li>\r\n \t<li>Os an\u00e9is de veda\u00e7\u00e3o laminados da v\u00e1lvula borboleta de a\u00e7o inoxid\u00e1vel ZECO s\u00e3o projetados para autoalinhar e permitir que as v\u00e1lvulas atinjam vazamento zero de acordo com API 598;<\/li>\r\n \t<li>O eixo da v\u00e1lvula borboleta de a\u00e7o inoxid\u00e1vel ZECO \u00e9 totalmente guiado pelo rolamento do eixo e pelo seguidor da gaxeta para reduzir a carga lateral devido ao impulso de press\u00e3o da linha.<\/li>\r\n<\/ul>\r\n\r\n\r\n\r\n<h2 class=\"wp-block-heading\">Aplica\u00e7\u00f5es de v\u00e1lvulas borboleta SS<\/h2>\r\n\r\n\r\n\r\n\r\nAs v\u00e1lvulas borboleta SS s\u00e3o frequentemente usadas nas ind\u00fastrias farmac\u00eautica, qu\u00edmica e aliment\u00edcia. Esta v\u00e1lvula tamb\u00e9m pode ser usada em instala\u00e7\u00f5es de tratamento de \u00e1guas residuais, servi\u00e7os de prote\u00e7\u00e3o contra inc\u00eandio e manuseio de combust\u00edvel. De modo geral, a v\u00e1lvula borboleta pode lidar com grandes volumes e lamas.\r\n\r\n\r\n\r\n\r\n<h2 class=\"wp-block-heading\" id=\"h-material-of-stainless-steel-butterfly-valve\">Material da v\u00e1lvula borboleta de a\u00e7o inoxid\u00e1vel:<\/h2>\r\n\r\n\r\n\r\n<figure class=\"wp-block-table\">\r\n<table>\r\n<tbody>\r\n<tr>\r\n<td>N\u00e3o<\/td>\r\n<td>Parte<\/td>\r\n<td>Material<\/td>\r\n<\/tr>\r\n<tr>\r\n<td>1<\/td>\r\n<td>Corpo<\/td>\r\n<td>ASTM A351 CF8<\/td>\r\n<\/tr>\r\n<tr>\r\n<td>2<\/td>\r\n<td>Anel de veda\u00e7\u00e3o<\/td>\r\n<td>Grafite + SS304<\/td>\r\n<\/tr>\r\n<tr>\r\n<td>3<\/td>\r\n<td>Flange de reten\u00e7\u00e3o<\/td>\r\n<td>ASTM A182 F304<\/td>\r\n<\/tr>\r\n<tr>\r\n<td>4<\/td>\r\n<td>Pino<\/td>\r\n<td>ASTM A276 304<\/td>\r\n<\/tr>\r\n<tr>\r\n<td>5<\/td>\r\n<td>Disco<\/td>\r\n<td>ASTM A351 CF8<\/td>\r\n<\/tr>\r\n<tr>\r\n<td>6<\/td>\r\n<td>Caule<\/td>\r\n<td>ASTM A276 304<\/td>\r\n<\/tr>\r\n<tr>\r\n<td>7<\/td>\r\n<td>Enchimento da haste<\/td>\r\n<td>Grafite<\/td>\r\n<\/tr>\r\n<tr>\r\n<td>8<\/td>\r\n<td>Batimento do tronco<\/td>\r\n<td>SS304 + PTFE<\/td>\r\n<\/tr>\r\n<tr>\r\n<td>9<\/td>\r\n<td>Parafuso<\/td>\r\n<td>ASTM A193 B8<\/td>\r\n<\/tr>\r\n<tr>\r\n<td>10<\/td>\r\n<td>Porca<\/td>\r\n<td>ASTM A194 8<\/td>\r\n<\/tr>\r\n<tr>\r\n<td>11<\/td>\r\n<td>Jugo<\/td>\r\n<td>ASTM A216 WCB<\/td>\r\n<\/tr>\r\n<\/tbody>\r\n<\/table>\r\n<\/figure>","protected":false},"excerpt":{"rendered":"<p>As v\u00e1lvulas borboleta possuem um mecanismo de funcionamento muito simples e extremamente vantajoso para as aplica\u00e7\u00f5es que atendem. Se voc\u00ea precisa aprender\u2026 <a title=\"V\u00e1lvula de borboleta em a\u00e7o inoxid\u00e1vel\" class=\"read-more\" href=\"https:\/\/zecovalve.com\/pt\/produto\/stainless-steel-butterfly-valve\" aria-label=\"Mais em V\u00e1lvula Borboleta em A\u00e7o Inoxid\u00e1vel\">Ler mais<\/a><\/p>","protected":false},"featured_media":16168,"comment_status":"closed","ping_status":"closed","template":"","meta":{"_generate-full-width-content":"","kt_blocks_editor_width":""},"product_cat":[2044,2469,2604],"product_tag":[],"class_list":["post-16167","product","type-product","status-publish","has-post-thumbnail","hentry","product_cat-butterfly-valve","product_cat-butterfly-valve-by-material","product_cat-triple-offset-butterfly-valve","sales-flash-overlay","woocommerce-text-align-center","woocommerce-image-align-center","do-quantity-buttons"],"featured_image_src_large":["https:\/\/zecovalve.com\/wp-content\/uploads\/2022\/06\/stainless-steel-butterfly-valve.jpg",800,600,false],"author_info":[],"comment_info":0,"taxonomy_info":{"product_cat":[{"value":2044,"label":"Butterfly Valve"},{"value":2469,"label":"Butterfly Valve By Material"},{"value":2604,"label":"Triple Offset Butterfly Valve"}]},"yoast_head":"<!-- This site is optimized with the Yoast SEO Premium plugin v15.4 - https:\/\/yoast.com\/wordpress\/plugins\/seo\/ -->\n<title>Stainless Steel Butterfly Valve - SS Butterfly Valve Manufacturer | ZECO<\/title>\n<meta name=\"robots\" content=\"index, follow, max-snippet:-1, max-image-preview:large, max-video-preview:-1\" \/>\n<link rel=\"canonical\" href=\"https:\/\/zecovalve.com\/pt\/produto\/stainless-steel-butterfly-valve\" \/>\n<meta property=\"og:locale\" content=\"pt_PT\" \/>\n<meta property=\"og:type\" content=\"article\" \/>\n<meta property=\"og:title\" content=\"Stainless Steel Butterfly Valve - SS Butterfly Valve Manufacturer | ZECO\" \/>\n<meta property=\"og:description\" content=\"Butterfly valves have a very simple working mechanism that is extremely advantageous to the applications it services. If you need to learn ... Ler mais\" \/>\n<meta property=\"og:url\" content=\"https:\/\/zecovalve.com\/pt\/produto\/stainless-steel-butterfly-valve\" \/>\n<meta property=\"og:site_name\" content=\"ZECO Valve\" \/>\n<meta property=\"article:modified_time\" content=\"2022-07-18T14:23:16+00:00\" \/>\n<meta property=\"og:image\" content=\"https:\/\/zecovalve.com\/wp-content\/uploads\/2022\/06\/stainless-steel-butterfly-valve.jpg\" \/>\n\t<meta property=\"og:image:width\" content=\"800\" \/>\n\t<meta property=\"og:image:height\" content=\"600\" \/>\n<meta name=\"twitter:card\" content=\"summary_large_image\" \/>\n<meta name=\"twitter:label1\" content=\"Escrito por\">\n\t<meta name=\"twitter:data1\" content=\"Jerry\">\n\t<meta name=\"twitter:label2\" content=\"Tempo estimado de leitura\">\n\t<meta name=\"twitter:data2\" content=\"2 minutos\">\n<script type=\"application\/ld+json\" class=\"yoast-schema-graph\">{\"@context\":\"https:\/\/schema.org\",\"@graph\":[{\"@type\":\"WebSite\",\"@id\":\"https:\/\/zecovalve.com\/#website\",\"url\":\"https:\/\/zecovalve.com\/\",\"name\":\"ZECO Valve\",\"description\":\"Industrial Ball Valve, Gate Valve and Globe Valve Manufacturer\",\"potentialAction\":[{\"@type\":\"SearchAction\",\"target\":\"https:\/\/zecovalve.com\/?s={search_term_string}\",\"query-input\":\"required name=search_term_string\"}],\"inLanguage\":\"pt-PT\"},{\"@type\":\"ImageObject\",\"@id\":\"https:\/\/zecovalve.com\/product\/stainless-steel-butterfly-valve#primaryimage\",\"inLanguage\":\"pt-PT\",\"url\":\"https:\/\/zecovalve.com\/wp-content\/uploads\/2022\/06\/stainless-steel-butterfly-valve.jpg\",\"width\":800,\"height\":600,\"caption\":\"Stainless Steel Butterfly Valve\"},{\"@type\":\"WebPage\",\"@id\":\"https:\/\/zecovalve.com\/product\/stainless-steel-butterfly-valve#webpage\",\"url\":\"https:\/\/zecovalve.com\/product\/stainless-steel-butterfly-valve\",\"name\":\"Stainless Steel Butterfly Valve - SS Butterfly Valve Manufacturer | ZECO\",\"isPartOf\":{\"@id\":\"https:\/\/zecovalve.com\/#website\"},\"primaryImageOfPage\":{\"@id\":\"https:\/\/zecovalve.com\/product\/stainless-steel-butterfly-valve#primaryimage\"},\"datePublished\":\"2022-06-19T14:50:15+00:00\",\"dateModified\":\"2022-07-18T14:23:16+00:00\",\"breadcrumb\":{\"@id\":\"https:\/\/zecovalve.com\/product\/stainless-steel-butterfly-valve#breadcrumb\"},\"inLanguage\":\"pt-PT\",\"potentialAction\":[{\"@type\":\"ReadAction\",\"target\":[\"https:\/\/zecovalve.com\/product\/stainless-steel-butterfly-valve\"]}]},{\"@type\":\"BreadcrumbList\",\"@id\":\"https:\/\/zecovalve.com\/product\/stainless-steel-butterfly-valve#breadcrumb\",\"itemListElement\":[{\"@type\":\"ListItem\",\"position\":1,\"item\":{\"@type\":\"WebPage\",\"@id\":\"https:\/\/zecovalve.com\/\",\"url\":\"https:\/\/zecovalve.com\/\",\"name\":\"Home\"}},{\"@type\":\"ListItem\",\"position\":2,\"item\":{\"@type\":\"WebPage\",\"@id\":\"https:\/\/zecovalve.com\/product-category\",\"url\":\"https:\/\/zecovalve.com\/product-category\",\"name\":\"Industrial Valve Manufacturer | Water Valve Manufacturer\"}},{\"@type\":\"ListItem\",\"position\":3,\"item\":{\"@type\":\"WebPage\",\"@id\":\"https:\/\/zecovalve.com\/product\/stainless-steel-butterfly-valve\",\"url\":\"https:\/\/zecovalve.com\/product\/stainless-steel-butterfly-valve\",\"name\":\"Stainless Steel Butterfly Valve\"}}]}]}<\/script>\n<!-- \/ Yoast SEO Premium plugin. -->","_links":{"self":[{"href":"https:\/\/zecovalve.com\/pt\/wp-json\/wp\/v2\/product\/16167","targetHints":{"allow":["GET"]}}],"collection":[{"href":"https:\/\/zecovalve.com\/pt\/wp-json\/wp\/v2\/product"}],"about":[{"href":"https:\/\/zecovalve.com\/pt\/wp-json\/wp\/v2\/types\/product"}],"replies":[{"embeddable":true,"href":"https:\/\/zecovalve.com\/pt\/wp-json\/wp\/v2\/comments?post=16167"}],"wp:featuredmedia":[{"embeddable":true,"href":"https:\/\/zecovalve.com\/pt\/wp-json\/wp\/v2\/media\/16168"}],"wp:attachment":[{"href":"https:\/\/zecovalve.com\/pt\/wp-json\/wp\/v2\/media?parent=16167"}],"wp:term":[{"taxonomy":"product_cat","embeddable":true,"href":"https:\/\/zecovalve.com\/pt\/wp-json\/wp\/v2\/product_cat?post=16167"},{"taxonomy":"product_tag","embeddable":true,"href":"https:\/\/zecovalve.com\/pt\/wp-json\/wp\/v2\/product_tag?post=16167"}],"curies":[{"name":"wp","href":"https:\/\/api.w.org\/{rel}","templated":true}]}}