{"id":16179,"date":"2022-06-19T15:07:41","date_gmt":"2022-06-19T15:07:41","guid":{"rendered":"https:\/\/zecovalve.com\/?post_type=product&#038;p=16179"},"modified":"2023-06-15T13:58:41","modified_gmt":"2023-06-15T13:58:41","slug":"stainless-steel-globe-valve","status":"publish","type":"product","link":"https:\/\/zecovalve.com\/pt\/produto\/stainless-steel-globe-valve","title":{"rendered":"V\u00e1lvula de globo em a\u00e7o inoxid\u00e1vel"},"content":{"rendered":"<p>Quando voc\u00ea precisar parar e iniciar o fluxo atrav\u00e9s de uma tubula\u00e7\u00e3o e controlar a vaz\u00e3o de um l\u00edquido ou g\u00e1s, escolha esta v\u00e1lvula globo da ZECO.<\/p>\r\n\r\n\r\n\r\n<figure class=\"wp-block-image alignnone size-medium wp-image-16180\">\r\n<p><img loading=\"lazy\" decoding=\"async\" class=\"wp-image-27907 size-medium\" src=\"https:\/\/zecovalve.com\/wp-content\/uploads\/2022\/06\/Stainless-Steel-Globe-Valve-1-300x225.jpg\" alt=\"V\u00e1lvula de globo em a\u00e7o inoxid\u00e1vel\" width=\"300\" height=\"225\" srcset=\"https:\/\/zecovalve.com\/wp-content\/uploads\/2022\/06\/Stainless-Steel-Globe-Valve-1-300x225.jpg 300w, https:\/\/zecovalve.com\/wp-content\/uploads\/2022\/06\/Stainless-Steel-Globe-Valve-1-768x576.jpg 768w, https:\/\/zecovalve.com\/wp-content\/uploads\/2022\/06\/Stainless-Steel-Globe-Valve-1-600x450.jpg 600w, https:\/\/zecovalve.com\/wp-content\/uploads\/2022\/06\/Stainless-Steel-Globe-Valve-1.jpg 800w\" sizes=\"auto, (max-width: 300px) 100vw, 300px\" \/><\/p>\r\n<\/figure>\r\n\r\n\r\n<div class=\"gb-button-wrapper gb-button-wrapper-6d8495a3\">\r\n\r\n\r\n<p><a class=\"gb-button gb-button-3d442e11 gb-button-text\" href=\"https:\/\/zecovalve.com\/pt\/contact\/\" target=\"_blank\" rel=\"noopener noreferrer\"><strong>OBTER PRE\u00c7O DA V\u00c1LVULA GLOBO DE A\u00c7O INOXID\u00c1VEL<\/strong><\/a><\/p>\r\n<\/div>\r\n\r\n\r\n\r\n\r\n<h2 class=\"wp-block-heading\" id=\"h-what-is-a-stainless-steel-globe-valve\">O que \u00e9 uma v\u00e1lvula globo de a\u00e7o inoxid\u00e1vel?<\/h2>\r\n\r\n\r\n\r\n<p>O princ\u00edpio da v\u00e1lvula globo de a\u00e7o inoxid\u00e1vel ZECO \u00e9 que, atrav\u00e9s do mecanismo de acionamento para fazer a haste e a porca da roda fazerem a rota\u00e7\u00e3o relativa, o pist\u00e3o de acionamento da haste para fazer o movimento para cima e para baixo ao longo do eixo, desempenha um papel na comuta\u00e7\u00e3o. A veda\u00e7\u00e3o \u00e9 feita pela haste e porca da roda, fazendo o papel da for\u00e7a de pr\u00e9-aperto m\u00fatuo na sobreposi\u00e7\u00e3o do pist\u00e3o e na face de veda\u00e7\u00e3o da sede. De acordo com a localiza\u00e7\u00e3o da haste, a rosca pode ser dividida em dois tipos: haste da rosca ascendente e haste da rosca descendente. Haste de rosca ascendente: a rosca da haste est\u00e1 fora do meio, a eros\u00e3o da haste do meio, f\u00e1cil lubrifica\u00e7\u00e3o. Haste de rosca descendente: rosca da haste no corpo da v\u00e1lvula, em contato direto com o meio, a haste fica a leste da eros\u00e3o pelo meio, sem lubrifica\u00e7\u00e3o.<\/p>\r\n\r\n\r\n\r\n<h2 class=\"wp-block-heading\" id=\"h-features-of-stainless-steel-globe-valves\">Caracter\u00edsticas das v\u00e1lvulas globo de a\u00e7o inoxid\u00e1vel<\/h2>\r\n\r\n\r\n\r\n<ul class=\"wp-block-list\">\r\n<li>A v\u00e1lvula globo de a\u00e7o inoxid\u00e1vel ZECO \u00e9 aberta ou fechada no processo, o curso de movimento do disco da v\u00e1lvula \u00e9 pequeno, ent\u00e3o o tempo de abertura e fechamento ser\u00e1 reduzido em compara\u00e7\u00e3o com a v\u00e1lvula gaveta, a altura da v\u00e1lvula ser\u00e1 muito menor, mas o comprimento da estrutura ser\u00e1 mais longo;<\/li>\r\n<li>A superf\u00edcie de veda\u00e7\u00e3o da v\u00e1lvula globo de a\u00e7o inoxid\u00e1vel ZECO n\u00e3o \u00e9 f\u00e1cil de ser desgastada e raspada, porque a superf\u00edcie de veda\u00e7\u00e3o do disco da v\u00e1lvula globo e da sede da v\u00e1lvula s\u00e3o vedadas pelo torque r\u00edgido da haste da v\u00e1lvula e n\u00e3o haver\u00e1 contato de fric\u00e7\u00e3o m\u00fatuo por um longo tempo como uma v\u00e1lvula gaveta, a v\u00e1lvula globo tem uma vida \u00fatil mais longa e n\u00e3o precisa de manuten\u00e7\u00e3o de longo prazo para manter o funcionamento normal da v\u00e1lvula;<\/li>\r\n<li>A v\u00e1lvula globo de a\u00e7o inoxid\u00e1vel ZECO \u00e9 uma estrutura simples, f\u00e1cil fabrica\u00e7\u00e3o e manuten\u00e7\u00e3o;<\/li>\r\n<li>A haste da v\u00e1lvula globo de a\u00e7o inoxid\u00e1vel ZECO \u00e9 projetada em uma superf\u00edcie traseira c\u00f4nica da haste anti-explos\u00e3o para permitir o reembalamento da v\u00e1lvula na posi\u00e7\u00e3o totalmente aberta.<\/li>\r\n<\/ul>\r\n\r\n\r\n\r\n<h2 class=\"wp-block-heading\">Aplica\u00e7\u00f5es de v\u00e1lvulas globo de a\u00e7o inoxid\u00e1vel<\/h2>\r\n\r\n\r\n\r\n<p>A V\u00e1lvula Globo de A\u00e7o Inoxid\u00e1vel \u00e9 adequada para l\u00edquidos levemente agressivos e corrosivos; ideal para servi\u00e7os de isolamento e meios, incluindo ar, g\u00e1s, \u00f3leo e \u00e1gua.<\/p>\r\n\r\n\r\n\r\n<h2 class=\"wp-block-heading\" id=\"h-material-of-stainless-steel-globe-valve\">Material da v\u00e1lvula globo de a\u00e7o inoxid\u00e1vel:<\/h2>\r\n\r\n\r\n\r\n<figure class=\"wp-block-table\">\r\n<table>\r\n<tbody>\r\n<tr>\r\n<td>N\u00e3o<\/td>\r\n<td>Parte<\/td>\r\n<td>Material<\/td>\r\n<\/tr>\r\n<tr>\r\n<td>1<\/td>\r\n<td>Corpo<\/td>\r\n<td>ASTM A351 CF8<\/td>\r\n<\/tr>\r\n<tr>\r\n<td>2<\/td>\r\n<td>Disco<\/td>\r\n<td>ASTM A182 F304<\/td>\r\n<\/tr>\r\n<tr>\r\n<td>3<\/td>\r\n<td>Caule<\/td>\r\n<td>ASTM A276 304<\/td>\r\n<\/tr>\r\n<tr>\r\n<td>4<\/td>\r\n<td>Junta da tampa do compartimento<\/td>\r\n<td>Grafite + SS304<\/td>\r\n<\/tr>\r\n<tr>\r\n<td>5<\/td>\r\n<td>Bon\u00e9<\/td>\r\n<td>ASTM A351 CF8<\/td>\r\n<\/tr>\r\n<tr>\r\n<td>6<\/td>\r\n<td>Parafuso do castelo<\/td>\r\n<td>ASTM A193 B8<\/td>\r\n<\/tr>\r\n<tr>\r\n<td>7<\/td>\r\n<td>Porca do castelo<\/td>\r\n<td>ASTM A194 8<\/td>\r\n<\/tr>\r\n<tr>\r\n<td>8<\/td>\r\n<td>Enchimento da haste<\/td>\r\n<td>Grafite refor\u00e7ada<\/td>\r\n<\/tr>\r\n<tr>\r\n<td>9<\/td>\r\n<td>Gl\u00e2ndula<\/td>\r\n<td>ASTM A276 304<\/td>\r\n<\/tr>\r\n<tr>\r\n<td>10<\/td>\r\n<td>Parafuso de olho de gl\u00e2ndula<\/td>\r\n<td>ASTM A193 B8<\/td>\r\n<\/tr>\r\n<tr>\r\n<td>11<\/td>\r\n<td>Porca da haste<\/td>\r\n<td>ASTM B148<\/td>\r\n<\/tr>\r\n<\/tbody>\r\n<\/table>\r\n<\/figure>","protected":false},"excerpt":{"rendered":"<p>Quando voc\u00ea precisa parar e iniciar o fluxo atrav\u00e9s de uma tubula\u00e7\u00e3o e controlar a vaz\u00e3o de um l\u00edquido ou g\u00e1s, \u2026 <a title=\"V\u00e1lvula de globo em a\u00e7o inoxid\u00e1vel\" class=\"read-more\" href=\"https:\/\/zecovalve.com\/pt\/produto\/stainless-steel-globe-valve\" aria-label=\"Mais em V\u00e1lvula globo de a\u00e7o inoxid\u00e1vel\">Ler mais<\/a><\/p>","protected":false},"featured_media":27907,"comment_status":"closed","ping_status":"closed","template":"","meta":{"_generate-full-width-content":"","kt_blocks_editor_width":""},"product_cat":[2049],"product_tag":[],"class_list":["post-16179","product","type-product","status-publish","has-post-thumbnail","hentry","product_cat-globe-valve","sales-flash-overlay","woocommerce-text-align-center","woocommerce-image-align-center","do-quantity-buttons"],"featured_image_src_large":["https:\/\/zecovalve.com\/wp-content\/uploads\/2022\/06\/Stainless-Steel-Globe-Valve-1.jpg",800,600,false],"author_info":[],"comment_info":0,"taxonomy_info":{"product_cat":[{"value":2049,"label":"Globe Valve"}]},"yoast_head":"<!-- This site is optimized with the Yoast SEO Premium plugin v15.4 - https:\/\/yoast.com\/wordpress\/plugins\/seo\/ -->\n<title>Stainless Steel Globe Valve - Globe Valve Manufacturer | ZECO Valve<\/title>\n<meta name=\"robots\" content=\"index, follow, max-snippet:-1, max-image-preview:large, max-video-preview:-1\" \/>\n<link rel=\"canonical\" href=\"https:\/\/zecovalve.com\/pt\/produto\/stainless-steel-globe-valve\" \/>\n<meta property=\"og:locale\" content=\"pt_PT\" \/>\n<meta property=\"og:type\" content=\"article\" \/>\n<meta property=\"og:title\" content=\"Stainless Steel Globe Valve - Globe Valve Manufacturer | ZECO Valve\" \/>\n<meta property=\"og:description\" content=\"When you need to stop and start the flow through a pipeline and control the flow rate of a liquid or gas, ... Ler mais\" \/>\n<meta property=\"og:url\" content=\"https:\/\/zecovalve.com\/pt\/produto\/stainless-steel-globe-valve\" \/>\n<meta property=\"og:site_name\" content=\"ZECO Valve\" \/>\n<meta property=\"article:modified_time\" content=\"2023-06-15T13:58:41+00:00\" \/>\n<meta property=\"og:image\" content=\"https:\/\/zecovalve.com\/wp-content\/uploads\/2022\/06\/Stainless-Steel-Globe-Valve-1.jpg\" \/>\n\t<meta property=\"og:image:width\" content=\"800\" \/>\n\t<meta property=\"og:image:height\" content=\"600\" \/>\n<meta name=\"twitter:card\" content=\"summary_large_image\" \/>\n<meta name=\"twitter:label1\" content=\"Escrito por\">\n\t<meta name=\"twitter:data1\" content=\"Jerry\">\n\t<meta name=\"twitter:label2\" content=\"Tempo estimado de leitura\">\n\t<meta name=\"twitter:data2\" content=\"2 minutos\">\n<script type=\"application\/ld+json\" class=\"yoast-schema-graph\">{\"@context\":\"https:\/\/schema.org\",\"@graph\":[{\"@type\":\"WebSite\",\"@id\":\"https:\/\/zecovalve.com\/#website\",\"url\":\"https:\/\/zecovalve.com\/\",\"name\":\"ZECO Valve\",\"description\":\"Industrial Ball Valve, Gate Valve and Globe Valve Manufacturer\",\"potentialAction\":[{\"@type\":\"SearchAction\",\"target\":\"https:\/\/zecovalve.com\/?s={search_term_string}\",\"query-input\":\"required name=search_term_string\"}],\"inLanguage\":\"pt-PT\"},{\"@type\":\"ImageObject\",\"@id\":\"https:\/\/zecovalve.com\/product\/stainless-steel-globe-valve#primaryimage\",\"inLanguage\":\"pt-PT\",\"url\":\"https:\/\/zecovalve.com\/wp-content\/uploads\/2022\/06\/Stainless-Steel-Globe-Valve-1.jpg\",\"width\":800,\"height\":600,\"caption\":\"Stainless Steel Globe Valve\"},{\"@type\":\"WebPage\",\"@id\":\"https:\/\/zecovalve.com\/product\/stainless-steel-globe-valve#webpage\",\"url\":\"https:\/\/zecovalve.com\/product\/stainless-steel-globe-valve\",\"name\":\"Stainless Steel Globe Valve - Globe Valve Manufacturer | ZECO Valve\",\"isPartOf\":{\"@id\":\"https:\/\/zecovalve.com\/#website\"},\"primaryImageOfPage\":{\"@id\":\"https:\/\/zecovalve.com\/product\/stainless-steel-globe-valve#primaryimage\"},\"datePublished\":\"2022-06-19T15:07:41+00:00\",\"dateModified\":\"2023-06-15T13:58:41+00:00\",\"breadcrumb\":{\"@id\":\"https:\/\/zecovalve.com\/product\/stainless-steel-globe-valve#breadcrumb\"},\"inLanguage\":\"pt-PT\",\"potentialAction\":[{\"@type\":\"ReadAction\",\"target\":[\"https:\/\/zecovalve.com\/product\/stainless-steel-globe-valve\"]}]},{\"@type\":\"BreadcrumbList\",\"@id\":\"https:\/\/zecovalve.com\/product\/stainless-steel-globe-valve#breadcrumb\",\"itemListElement\":[{\"@type\":\"ListItem\",\"position\":1,\"item\":{\"@type\":\"WebPage\",\"@id\":\"https:\/\/zecovalve.com\/\",\"url\":\"https:\/\/zecovalve.com\/\",\"name\":\"Home\"}},{\"@type\":\"ListItem\",\"position\":2,\"item\":{\"@type\":\"WebPage\",\"@id\":\"https:\/\/zecovalve.com\/product-category\",\"url\":\"https:\/\/zecovalve.com\/product-category\",\"name\":\"Industrial Valve Manufacturer | Water Valve Manufacturer\"}},{\"@type\":\"ListItem\",\"position\":3,\"item\":{\"@type\":\"WebPage\",\"@id\":\"https:\/\/zecovalve.com\/product\/stainless-steel-globe-valve\",\"url\":\"https:\/\/zecovalve.com\/product\/stainless-steel-globe-valve\",\"name\":\"Stainless Steel Globe Valve\"}}]}]}<\/script>\n<!-- \/ Yoast SEO Premium plugin. -->","_links":{"self":[{"href":"https:\/\/zecovalve.com\/pt\/wp-json\/wp\/v2\/product\/16179","targetHints":{"allow":["GET"]}}],"collection":[{"href":"https:\/\/zecovalve.com\/pt\/wp-json\/wp\/v2\/product"}],"about":[{"href":"https:\/\/zecovalve.com\/pt\/wp-json\/wp\/v2\/types\/product"}],"replies":[{"embeddable":true,"href":"https:\/\/zecovalve.com\/pt\/wp-json\/wp\/v2\/comments?post=16179"}],"wp:featuredmedia":[{"embeddable":true,"href":"https:\/\/zecovalve.com\/pt\/wp-json\/wp\/v2\/media\/27907"}],"wp:attachment":[{"href":"https:\/\/zecovalve.com\/pt\/wp-json\/wp\/v2\/media?parent=16179"}],"wp:term":[{"taxonomy":"product_cat","embeddable":true,"href":"https:\/\/zecovalve.com\/pt\/wp-json\/wp\/v2\/product_cat?post=16179"},{"taxonomy":"product_tag","embeddable":true,"href":"https:\/\/zecovalve.com\/pt\/wp-json\/wp\/v2\/product_tag?post=16179"}],"curies":[{"name":"wp","href":"https:\/\/api.w.org\/{rel}","templated":true}]}}