{"id":16181,"date":"2022-06-19T15:12:21","date_gmt":"2022-06-19T15:12:21","guid":{"rendered":"https:\/\/zecovalve.com\/?post_type=product&#038;p=16181"},"modified":"2023-06-15T12:40:17","modified_gmt":"2023-06-15T12:40:17","slug":"carbon-steel-gate-valve","status":"publish","type":"product","link":"https:\/\/zecovalve.com\/pt\/produto\/carbon-steel-gate-valve","title":{"rendered":"V\u00e1lvula de gaveta em a\u00e7o carbono"},"content":{"rendered":"<p>A linha de produtos de v\u00e1lvula gaveta de a\u00e7o carbono ZECO inclui 1\/2\u201d-48\u201d, classe de press\u00e3o ANSI 150# \u2013 300# \u2013 600# \u2013 900# \u2013 1500# \u2013 2500#. O material de constru\u00e7\u00e3o inclui fundi\u00e7\u00e3o WCB e a\u00e7o carbono de baixa temperatura LCC e LCB. As op\u00e7\u00f5es incluem conformidade com NACE, engrenagens c\u00f4nicas, suportes de montagem prontos para atua\u00e7\u00e3o, sistemas DTR de al\u00edvio t\u00e9rmico e haste de avan\u00e7o duplo para tempo de curso r\u00e1pido<\/p>\r\n\r\n\r\n\r\n<figure class=\"wp-block-image alignnone size-medium wp-image-16182\"><img loading=\"lazy\" decoding=\"async\" width=\"300\" height=\"225\" class=\"wp-image-16182\" src=\"https:\/\/zecovalve.com\/wp-content\/uploads\/2022\/06\/carbon-steel-gate-valve-300x225.jpg\" alt=\"V\u00e1lvula de gaveta em a\u00e7o carbono\" srcset=\"https:\/\/zecovalve.com\/wp-content\/uploads\/2022\/06\/carbon-steel-gate-valve-300x225.jpg 300w, https:\/\/zecovalve.com\/wp-content\/uploads\/2022\/06\/carbon-steel-gate-valve-768x576.jpg 768w, https:\/\/zecovalve.com\/wp-content\/uploads\/2022\/06\/carbon-steel-gate-valve-600x450.jpg 600w, https:\/\/zecovalve.com\/wp-content\/uploads\/2022\/06\/carbon-steel-gate-valve.jpg 800w\" sizes=\"auto, (max-width: 300px) 100vw, 300px\" \/><\/figure>\r\n\r\n\r\n<div class=\"gb-button-wrapper gb-button-wrapper-6d8495a3\">\r\n\r\n\r\n<p><a class=\"gb-button gb-button-3d442e11 gb-button-text\" href=\"https:\/\/zecovalve.com\/pt\/contact\/\" target=\"_blank\" rel=\"noopener noreferrer\"><strong>OBTER PRE\u00c7O DA V\u00c1LVULA DE GATE DE A\u00c7O CARBONO<\/strong><\/a><\/p>\r\n<\/div>\r\n\r\n\r\n\r\n\r\n<h2 class=\"wp-block-heading\" id=\"h-what-is-a-carbon-steel-gate-valve\">O que \u00e9 uma v\u00e1lvula gaveta de a\u00e7o carbono?<\/h2>\r\n\r\n\r\n\r\n<p>A v\u00e1lvula gaveta de a\u00e7o carbono ZECO est\u00e1 comprometida em fornecer aos usu\u00e1rios o design do produto para a vida \u00fatil do maior e mais confi\u00e1vel desempenho de veda\u00e7\u00e3o e usa o design em tamanho real, em conformidade com API 6D, API 600, os requisitos de projeto da BS 1414 e EN 1984, ZECO de corpo e castelo havia um total de tr\u00eas tipos de material de a\u00e7o carbono, ASTM A216 WCA, ASTM A216 WCB, ASTM A216 WCC, o material mais comumente usado para ASTM A216 WCB, faixa de temperatura adequada para \u2013 29 \u2103 ~ 425 \u2103. A\u00e7o carbono em alta temperatura devido \u00e0 migra\u00e7\u00e3o e agrega\u00e7\u00e3o de \u00e1tomos de carbono em grafite, devido \u00e0 baixa resist\u00eancia do grafite, a resist\u00eancia do a\u00e7o carbono em alta temperatura ser\u00e1 bastante reduzida e a fragilidade aumentar\u00e1.<\/p>\r\n\r\n\r\n\r\n<p>Os corpos e gorros s\u00e3o fundidos de alta qualidade e posteriormente usinados com precis\u00e3o, direcionando a aten\u00e7\u00e3o para evitar a concentra\u00e7\u00e3o de tens\u00f5es. Os corpos das v\u00e1lvulas gaveta de a\u00e7o carbono consistem em uma porta reta que garante m\u00ednima turbul\u00eancia e resist\u00eancia ao fluxo. Em ambos os modelos, castelo aparafusado e veda\u00e7\u00e3o de press\u00e3o, os corpos consistem em ranhuras guia para acomodar a cunha durante a abertura ou fechamento da v\u00e1lvula. As tampas s\u00e3o feitas de uma s\u00f3 pe\u00e7a - sendo o jugo parte integrante dela - ou de duas pe\u00e7as, dependendo do tamanho da v\u00e1lvula gaveta de a\u00e7o carbono. Isso garante o alinhamento perfeito com o corpo, o que leva a uma abertura e fechamento precisos.<\/p>\r\n\r\n\r\n\r\n<h2 class=\"wp-block-heading\" id=\"h-features-of-carbon-steel-gate-valve\">Caracter\u00edsticas da v\u00e1lvula gaveta de a\u00e7o carbono:<\/h2>\r\n\r\n\r\n\r\n<ul class=\"wp-block-list\">\r\n<li>O material de a\u00e7o carbono da v\u00e1lvula gaveta de a\u00e7o carbono ZECO \u00e9 importado atrav\u00e9s de rigorosa an\u00e1lise qu\u00edmica e an\u00e1lise mec\u00e2nica. ASTM A216 WCB tem resist\u00eancia \u00e0 tra\u00e7\u00e3o de 485 ~ 655 mpa, ponto de escoamento superior a 250 mpa, alongamento superior a 22%, encolhimento da se\u00e7\u00e3o superior a 35%;<\/li>\r\n<li>A v\u00e1lvula gaveta de a\u00e7o carbono ZECO possui um projeto de rolamento axial na porca da haste para facilidade e flexibilidade durante a abertura da v\u00e1lvula;<\/li>\r\n<li>A v\u00e1lvula gaveta de a\u00e7o carbono ZECO \u00e9 projetada com uma estrutura vedada na extremidade superior do castelo, o que permite ao pessoal de manuten\u00e7\u00e3o substituir a gaxeta com seguran\u00e7a durante a manuten\u00e7\u00e3o sem causar vazamentos, evitando assim riscos de vazamento mais graves causados pela substitui\u00e7\u00e3o da gaxeta;<\/li>\r\n<li>No processo de abertura ou fechamento da v\u00e1lvula gaveta de a\u00e7o carbono ZECO, a cunha \u00e9 sempre fixada no trilho guia do corpo da v\u00e1lvula. Se n\u00e3o houver trilho guia no corpo da v\u00e1lvula, a comporta ficar\u00e1 presa no processo de abertura ou fechamento e ficar\u00e1 inutiliz\u00e1vel.<\/li>\r\n<li>Face do assento em liga dura, retificada e lapidada at\u00e9 obter um acabamento espelhado;<\/li>\r\n<li>Cunha flex\u00edvel com contato de cunha com haste central baixa, em CA15 s\u00f3lido (13Cr) ou com face dura com 13Cr, SS 316, Monel ou liga. A cunha \u00e9 retificada e lapidada at\u00e9 obter um acabamento espelhado e firmemente guiada para evitar arrastamento e danos \u00e0 sede. cunha CF8M de liga dura tamb\u00e9m est\u00e1 dispon\u00edvel;<\/li>\r\n<li>Haste anti-rotativa com roscas Acme de precis\u00e3o e acabamento polido. Duplo Acme para opera\u00e7\u00e3o mais r\u00e1pida;<\/li>\r\n<li>Junta do corpo e do castelo usinadas com precis\u00e3o;<\/li>\r\n<li>As pe\u00e7as fundidas do corpo e do cap\u00f4 s\u00e3o usinadas com precis\u00e3o. Castelo inteiri\u00e7o at\u00e9 NPS 12 (DN 300) para melhor alinhamento e menor n\u00famero de pe\u00e7as;<\/li>\r\n<li>Dispositivo de travamento opcional ou extens\u00e3o da haste;<\/li>\r\n<li>Montagem direta opcional conforme ISO 5211.<\/li>\r\n<\/ul>\r\n\r\n\r\n\r\n<h2 class=\"wp-block-heading\" id=\"h-product-range-of-carbon-steel-gate-valve\">Gama de produtos de v\u00e1lvula gaveta de a\u00e7o carbono<\/h2>\r\n\r\n\r\n\r\n<figure class=\"wp-block-table is-style-stripes\">\r\n<table>\r\n<tbody>\r\n<tr>\r\n<td>TAMANHOS<\/td>\r\n<td>2\u2033 - 48\u2033<\/td>\r\n<\/tr>\r\n<tr>\r\n<td>PRESS\u00d5ES<\/td>\r\n<td>150# - 2500#<\/td>\r\n<\/tr>\r\n<tr>\r\n<td>GRAUS DE MATERIAIS<\/td>\r\n<td>WCB, WCC, LCB, LCC etc.<\/td>\r\n<\/tr>\r\n<tr>\r\n<td>CONEX\u00c3O FINAL<\/td>\r\n<td>RF, RTJ, BW, etc.<\/td>\r\n<\/tr>\r\n<tr>\r\n<td>MATERIAIS DE ACABAMENTO<\/td>\r\n<td>TRIM 5, 8, 12, 16 e materiais especiais<\/td>\r\n<\/tr>\r\n<tr>\r\n<td>OPERA\u00c7\u00c3O<\/td>\r\n<td>Volante, caixa de engrenagens, atuador el\u00e9trico, atuador pneum\u00e1tico, etc.<\/td>\r\n<\/tr>\r\n<tr>\r\n<td>OP\u00c7\u00d5ES<\/td>\r\n<td>NACE, engrenagens c\u00f4nicas, almofadas de montagem prontas para atua\u00e7\u00e3o, sistemas DTR de al\u00edvio t\u00e9rmico, haste dupla para tempo de execu\u00e7\u00e3o r\u00e1pido<\/td>\r\n<\/tr>\r\n<tr>\r\n<td>CARACTER\u00cdSTICAS<\/td>\r\n<td>OS&amp;Y, haste ascendente, cunha flex\u00edvel, tampa aparafusada, gaxeta e gaxeta (baixa emiss\u00e3o fugitiva) *Tamb\u00e9m dispon\u00edvel em nossa s\u00e9rie Contractor 2\u201d-12\u201d<\/td>\r\n<\/tr>\r\n<\/tbody>\r\n<\/table>\r\n<\/figure>\r\n\r\n\r\n\r\n<h2 class=\"wp-block-heading\">Materiais do inv\u00f3lucro da v\u00e1lvula da v\u00e1lvula gaveta de a\u00e7o carbono<\/h2>\r\n\r\n\r\n\r\n<figure class=\"wp-block-table\">\r\n<table>\r\n<tbody>\r\n<tr>\r\n<td>Especifica\u00e7\u00e3o ASTM<\/td>\r\n<td>Designa\u00e7\u00e3o de Materiais<\/td>\r\n<td>Temperatura de trabalho \u2103<\/td>\r\n<\/tr>\r\n<tr>\r\n<td>A216 WCB \/ A216 WCC<\/td>\r\n<td>A\u00e7o carbono<\/td>\r\n<td>538 M\u00e1ximo<\/td>\r\n<\/tr>\r\n<tr>\r\n<td>A217 WC1<\/td>\r\n<td>C \u2013 1\/2 m\u00eas<\/td>\r\n<td>538 M\u00e1ximo<\/td>\r\n<\/tr>\r\n<tr>\r\n<td>A217 WC6<\/td>\r\n<td>1 1\/4 Cr - 1\/2 Mo<\/td>\r\n<td>593 M\u00e1ximo<\/td>\r\n<\/tr>\r\n<tr>\r\n<td>A217 WC9<\/td>\r\n<td>2 1\/4 Cr \u2013 1 m\u00eas<\/td>\r\n<td>593 M\u00e1ximo<\/td>\r\n<\/tr>\r\n<tr>\r\n<td>A217 C5<\/td>\r\n<td>5Cr \u2013 1\/2 m\u00eas<\/td>\r\n<td>649 M\u00e1ximo<\/td>\r\n<\/tr>\r\n<tr>\r\n<td>A217 C12<\/td>\r\n<td>9Cr \u2013 1 m\u00eas<\/td>\r\n<td>649 M\u00e1ximo<\/td>\r\n<\/tr>\r\n<tr>\r\n<td>A352 LCB<\/td>\r\n<td>A\u00e7o carbono<\/td>\r\n<td>-46 M\u00ednimo<\/td>\r\n<\/tr>\r\n<tr>\r\n<td>A352 LCC<\/td>\r\n<td>A\u00e7o carbono<\/td>\r\n<td>-46 M\u00ednimo<\/td>\r\n<\/tr>\r\n<tr>\r\n<td>A352LC1<\/td>\r\n<td>C \u2013 1\/2 m\u00eas<\/td>\r\n<td>-59 M\u00ednimo<\/td>\r\n<\/tr>\r\n<tr>\r\n<td>A352LC2<\/td>\r\n<td>2 1\/2 Ni \u2013 100<\/td>\r\n<td>-73 M\u00ednimo<\/td>\r\n<\/tr>\r\n<tr>\r\n<td>A352LC3<\/td>\r\n<td>3 1\/2 Ni \u2013 150<\/td>\r\n<td>-101 M\u00ednimo<\/td>\r\n<\/tr>\r\n<\/tbody>\r\n<\/table>\r\n<\/figure>","protected":false},"excerpt":{"rendered":"<p>A linha de produtos de v\u00e1lvula gaveta de a\u00e7o carbono ZECO inclui 1\/2 \u201d-48\u201d, classe de press\u00e3o ANSI 150# \u2013 300# \u2013 600# \u2013 900# \u2013 1500# \u2013\u2026 <a title=\"V\u00e1lvula de gaveta em a\u00e7o carbono\" class=\"read-more\" href=\"https:\/\/zecovalve.com\/pt\/produto\/carbon-steel-gate-valve\" aria-label=\"Mais em V\u00e1lvula Gaveta em A\u00e7o Carbono\">Ler mais<\/a><\/p>","protected":false},"featured_media":27880,"comment_status":"closed","ping_status":"closed","template":"","meta":{"_generate-full-width-content":"","kt_blocks_editor_width":""},"product_cat":[2052,2454],"product_tag":[2798],"class_list":["post-16181","product","type-product","status-publish","has-post-thumbnail","hentry","product_cat-gate-valve","product_cat-gate-valve-by-material","product_tag-osy-valve","sales-flash-overlay","woocommerce-text-align-center","woocommerce-image-align-center","do-quantity-buttons"],"featured_image_src_large":["https:\/\/zecovalve.com\/wp-content\/uploads\/2022\/06\/Carbon-Steel-Gate-Valve-1.jpg",800,600,false],"author_info":[],"comment_info":0,"taxonomy_info":{"product_cat":[{"value":2052,"label":"Gate Valve"},{"value":2454,"label":"Gate Valve By Material"}],"product_tag":[{"value":2798,"label":"OS&amp;Y Valve"}]},"yoast_head":"<!-- This site is optimized with the Yoast SEO Premium plugin v15.4 - https:\/\/yoast.com\/wordpress\/plugins\/seo\/ -->\n<title>Carbon Steel Gate Valve - Carbon Steel Valve | ZECO Valve<\/title>\n<meta name=\"robots\" content=\"index, follow, max-snippet:-1, max-image-preview:large, max-video-preview:-1\" \/>\n<link rel=\"canonical\" href=\"https:\/\/zecovalve.com\/pt\/produto\/carbon-steel-gate-valve\" \/>\n<meta property=\"og:locale\" content=\"pt_PT\" \/>\n<meta property=\"og:type\" content=\"article\" \/>\n<meta property=\"og:title\" content=\"Carbon Steel Gate Valve - Carbon Steel Valve | ZECO Valve\" \/>\n<meta property=\"og:description\" content=\"ZECO carbon steel gate valve product line includes 1\/2\u201d-48\u201d, ANSI Pressure class 150# &#8211; 300# &#8211; 600# &#8211; 900# &#8211; 1500# &#8211; ... Ler mais\" \/>\n<meta property=\"og:url\" content=\"https:\/\/zecovalve.com\/pt\/produto\/carbon-steel-gate-valve\" \/>\n<meta property=\"og:site_name\" content=\"ZECO Valve\" \/>\n<meta property=\"article:modified_time\" content=\"2023-06-15T12:40:17+00:00\" \/>\n<meta property=\"og:image\" content=\"https:\/\/zecovalve.com\/wp-content\/uploads\/2022\/06\/Carbon-Steel-Gate-Valve-1.jpg\" \/>\n\t<meta property=\"og:image:width\" content=\"800\" \/>\n\t<meta property=\"og:image:height\" content=\"600\" \/>\n<meta name=\"twitter:card\" content=\"summary_large_image\" \/>\n<meta name=\"twitter:label1\" content=\"Escrito por\">\n\t<meta name=\"twitter:data1\" content=\"Jerry\">\n\t<meta name=\"twitter:label2\" content=\"Tempo estimado de leitura\">\n\t<meta name=\"twitter:data2\" content=\"3 minutos\">\n<script type=\"application\/ld+json\" class=\"yoast-schema-graph\">{\"@context\":\"https:\/\/schema.org\",\"@graph\":[{\"@type\":\"WebSite\",\"@id\":\"https:\/\/zecovalve.com\/#website\",\"url\":\"https:\/\/zecovalve.com\/\",\"name\":\"ZECO Valve\",\"description\":\"Industrial Ball Valve, Gate Valve and Globe Valve Manufacturer\",\"potentialAction\":[{\"@type\":\"SearchAction\",\"target\":\"https:\/\/zecovalve.com\/?s={search_term_string}\",\"query-input\":\"required name=search_term_string\"}],\"inLanguage\":\"pt-PT\"},{\"@type\":\"ImageObject\",\"@id\":\"https:\/\/zecovalve.com\/product\/carbon-steel-gate-valve#primaryimage\",\"inLanguage\":\"pt-PT\",\"url\":\"https:\/\/zecovalve.com\/wp-content\/uploads\/2022\/06\/Carbon-Steel-Gate-Valve-1.jpg\",\"width\":800,\"height\":600,\"caption\":\"Carbon Steel Gate Valve\"},{\"@type\":\"WebPage\",\"@id\":\"https:\/\/zecovalve.com\/product\/carbon-steel-gate-valve#webpage\",\"url\":\"https:\/\/zecovalve.com\/product\/carbon-steel-gate-valve\",\"name\":\"Carbon Steel Gate Valve - Carbon Steel Valve | ZECO Valve\",\"isPartOf\":{\"@id\":\"https:\/\/zecovalve.com\/#website\"},\"primaryImageOfPage\":{\"@id\":\"https:\/\/zecovalve.com\/product\/carbon-steel-gate-valve#primaryimage\"},\"datePublished\":\"2022-06-19T15:12:21+00:00\",\"dateModified\":\"2023-06-15T12:40:17+00:00\",\"breadcrumb\":{\"@id\":\"https:\/\/zecovalve.com\/product\/carbon-steel-gate-valve#breadcrumb\"},\"inLanguage\":\"pt-PT\",\"potentialAction\":[{\"@type\":\"ReadAction\",\"target\":[\"https:\/\/zecovalve.com\/product\/carbon-steel-gate-valve\"]}]},{\"@type\":\"BreadcrumbList\",\"@id\":\"https:\/\/zecovalve.com\/product\/carbon-steel-gate-valve#breadcrumb\",\"itemListElement\":[{\"@type\":\"ListItem\",\"position\":1,\"item\":{\"@type\":\"WebPage\",\"@id\":\"https:\/\/zecovalve.com\/\",\"url\":\"https:\/\/zecovalve.com\/\",\"name\":\"Home\"}},{\"@type\":\"ListItem\",\"position\":2,\"item\":{\"@type\":\"WebPage\",\"@id\":\"https:\/\/zecovalve.com\/product-category\",\"url\":\"https:\/\/zecovalve.com\/product-category\",\"name\":\"Industrial Valve Manufacturer | Water Valve Manufacturer\"}},{\"@type\":\"ListItem\",\"position\":3,\"item\":{\"@type\":\"WebPage\",\"@id\":\"https:\/\/zecovalve.com\/product\/carbon-steel-gate-valve\",\"url\":\"https:\/\/zecovalve.com\/product\/carbon-steel-gate-valve\",\"name\":\"Carbon Steel Gate Valve\"}}]}]}<\/script>\n<!-- \/ Yoast SEO Premium plugin. -->","_links":{"self":[{"href":"https:\/\/zecovalve.com\/pt\/wp-json\/wp\/v2\/product\/16181","targetHints":{"allow":["GET"]}}],"collection":[{"href":"https:\/\/zecovalve.com\/pt\/wp-json\/wp\/v2\/product"}],"about":[{"href":"https:\/\/zecovalve.com\/pt\/wp-json\/wp\/v2\/types\/product"}],"replies":[{"embeddable":true,"href":"https:\/\/zecovalve.com\/pt\/wp-json\/wp\/v2\/comments?post=16181"}],"wp:featuredmedia":[{"embeddable":true,"href":"https:\/\/zecovalve.com\/pt\/wp-json\/wp\/v2\/media\/27880"}],"wp:attachment":[{"href":"https:\/\/zecovalve.com\/pt\/wp-json\/wp\/v2\/media?parent=16181"}],"wp:term":[{"taxonomy":"product_cat","embeddable":true,"href":"https:\/\/zecovalve.com\/pt\/wp-json\/wp\/v2\/product_cat?post=16181"},{"taxonomy":"product_tag","embeddable":true,"href":"https:\/\/zecovalve.com\/pt\/wp-json\/wp\/v2\/product_tag?post=16181"}],"curies":[{"name":"wp","href":"https:\/\/api.w.org\/{rel}","templated":true}]}}