{"id":16192,"date":"2022-06-19T15:45:58","date_gmt":"2022-06-19T15:45:58","guid":{"rendered":"https:\/\/zecovalve.com\/?post_type=product&#038;p=16192"},"modified":"2023-06-16T13:39:47","modified_gmt":"2023-06-16T13:39:47","slug":"wafer-type-nrv","status":"publish","type":"product","link":"https:\/\/zecovalve.com\/pt\/produto\/wafer-type-nrv","title":{"rendered":"Tipo de bolacha NRV"},"content":{"rendered":"<p>A ZECO Valve \u00e9 um renomado fabricante de v\u00e1lvulas de reten\u00e7\u00e3o engajado no projeto de v\u00e1lvulas industriais de alta qualidade. Oferecemos uma ampla gama de v\u00e1lvulas robustas em seu design, f\u00e1ceis de usar, modulares e extremamente dur\u00e1veis.<\/p>\r\n\r\n\r\n\r\n<figure class=\"wp-block-image alignnone size-medium wp-image-16193\">\r\n<p><img loading=\"lazy\" decoding=\"async\" class=\"wp-image-27915 size-medium\" src=\"https:\/\/zecovalve.com\/wp-content\/uploads\/2022\/06\/Wafer-Type-NRV-2-300x225.jpg\" alt=\"Tipo de bolacha NRV\" width=\"300\" height=\"225\" srcset=\"https:\/\/zecovalve.com\/wp-content\/uploads\/2022\/06\/Wafer-Type-NRV-2-300x225.jpg 300w, https:\/\/zecovalve.com\/wp-content\/uploads\/2022\/06\/Wafer-Type-NRV-2-768x576.jpg 768w, https:\/\/zecovalve.com\/wp-content\/uploads\/2022\/06\/Wafer-Type-NRV-2-600x450.jpg 600w, https:\/\/zecovalve.com\/wp-content\/uploads\/2022\/06\/Wafer-Type-NRV-2.jpg 800w\" sizes=\"auto, (max-width: 300px) 100vw, 300px\" \/><\/p>\r\n<\/figure>\r\n\r\n\r\n<div class=\"gb-button-wrapper gb-button-wrapper-6d8495a3\">\r\n\r\n\r\n<p><a class=\"gb-button gb-button-3d442e11 gb-button-text\" href=\"mailto:commercial@zecovalve.com\" target=\"_blank\" rel=\"noopener noreferrer\"><strong>OBTER PRE\u00c7O NRV DO TIPO WAFER<\/strong><\/a><\/p>\r\n<\/div>\r\n\r\n\r\n\r\n\r\n<h2 class=\"wp-block-heading\" id=\"h-what-is-nrv-wafer-type\">O que \u00e9 o tipo de wafer NRV?<\/h2>\r\n\r\n\r\n\r\n<p>O tipo wafer ZECO NRV tem uma dimens\u00e3o face a face mais curta e design de placa dupla, as op\u00e7\u00f5es de conex\u00e3o final incluem tipo wafer, tipo lug e tipo flange duplo e est\u00e3o dispon\u00edveis em tamanhos de 2\u2033 a 60\u2033 e em classifica\u00e7\u00f5es de press\u00e3o de ASME classe 150 a 2500. Uma ampla variedade de materiais de carroceria e acabamento s\u00e3o opcionais mediante solicita\u00e7\u00e3o do cliente. Em compara\u00e7\u00e3o com as v\u00e1lvulas de reten\u00e7\u00e3o oscilantes convencionais, as NRV tipo wafer da ZECO t\u00eam a vantagem de vazamento zero para fora (sem conex\u00f5es aparafusadas ou rosqueadas), economia de custos, podem ser instaladas em qualquer orienta\u00e7\u00e3o de linha, desempenho de veda\u00e7\u00e3o superior, oferecem choque m\u00ednimo na linha, press\u00e3o mais baixa perda e zero desgaste da sede.<\/p>\r\n\r\n\r\n\r\n<h2 class=\"wp-block-heading\">Tipos de wafer NRV<\/h2>\r\n\r\n\r\n\r\n<h3 class=\"wp-block-heading\">V\u00c1LVULA DE RETEN\u00c7\u00c3O DE DISCO \u00daNICO<\/h3>\r\n\r\n\r\n\r\n<p>Design leve e vers\u00e1til \u2013 80% a 90% menos que as v\u00e1lvulas de reten\u00e7\u00e3o de corpo inteiro convencionais Abertura de disco \u00fanico, Conjunto \u00fanico de bra\u00e7o\/disco integrado, Disco com mola calculado para aumentar a capacidade de resposta do disco, Sede de anel de veda\u00e7\u00e3o de elast\u00f4mero fixada no corpo com ranhura em cauda de andorinha, sede do corpo integrada, design de eixo anti-explos\u00e3o. Otimiza a utiliza\u00e7\u00e3o do espa\u00e7o, Reduz os custos de instala\u00e7\u00e3o, Reduz os suportes de tubos, Requer menos horas de trabalho, Fluxo desobstru\u00eddo Disco est\u00e1vel em velocidades de fluxo mais baixas, Sem cisalhamento do disco do bra\u00e7o, Disco n\u00e3o girat\u00f3rio para maior vida \u00fatil.<\/p>\r\n\r\n\r\n\r\n<h3 class=\"wp-block-heading\">V\u00c1LVULA DE RETEN\u00c7\u00c3O N\u00c3O SLAM<\/h3>\r\n\r\n\r\n\r\n<p>A v\u00e1lvula de reten\u00e7\u00e3o de disco tem um design avan\u00e7ado que proporciona fluxo total e ocupa muito menos espa\u00e7o do que outro tipo de v\u00e1lvula anti-retorno. DCVs s\u00e3o simples de encaixar entre dois flanges de tubo. Disco com mola para evitar fluxo reverso em tubula\u00e7\u00f5es. Mais fortes, mais leves e menores que as v\u00e1lvulas de reten\u00e7\u00e3o convencionais, portanto, menos dispendiosas para instalar e manter. O design compacto das v\u00e1lvulas acomoda de forma flex\u00edvel v\u00e1rios tipos de sele\u00e7\u00e3o de flanges. As v\u00e1lvulas podem ser instaladas em qualquer dire\u00e7\u00e3o nas tubula\u00e7\u00f5es. Vazamento zero para v\u00e1lvulas de sede macia.<\/p>\r\n\r\n\r\n\r\n<h3 class=\"wp-block-heading\">V\u00c1LVULA DE RETEN\u00c7\u00c3O DE PLACA DUPLA<\/h3>\r\n\r\n\r\n\r\n<p>A v\u00e1lvula de reten\u00e7\u00e3o de placa dupla \u00e9 uma v\u00e1lvula anti-retorno multiuso que \u00e9 muito mais forte, mais leve e menor em tamanho em compara\u00e7\u00e3o com uma v\u00e1lvula de reten\u00e7\u00e3o de oscila\u00e7\u00e3o convencional ou v\u00e1lvula de reten\u00e7\u00e3o vital\u00edcia. A v\u00e1lvula de reten\u00e7\u00e3o de placa dupla possui corpo cil\u00edndrico que faz com que a v\u00e1lvula se pare\u00e7a com qualquer outra conex\u00e3o de tubo. Um corpo cil\u00edndrico tem uma distribui\u00e7\u00e3o de tens\u00e3o muito mais uniforme em compara\u00e7\u00e3o com uma v\u00e1lvula de reten\u00e7\u00e3o de oscila\u00e7\u00e3o convencional. Um corpo cil\u00edndrico da press\u00e3o contendo parte da v\u00e1lvula de reten\u00e7\u00e3o de placa dupla pode ser projetado para suportar extremos ao peso (espessura) da v\u00e1lvula. Assim, para condi\u00e7\u00f5es de carga severas\/robustas, estas v\u00e1lvulas t\u00eam uma vantagem distinta sobre as v\u00e1lvulas convencionais, tanto em termos de seguran\u00e7a como de economia, al\u00e9m de versatilidade geral. A v\u00e1lvula de reten\u00e7\u00e3o de placa dupla emprega duas placas com mola articuladas em um pino de dobradi\u00e7a central. Quando o fluxo diminui, as placas fecham pela a\u00e7\u00e3o da mola de tor\u00e7\u00e3o sem exigir fluxo reverso. Este design oferece as vantagens g\u00eameas de No Water Hammer e Non Slam simultaneamente. Todos os recursos reunidos tornam a v\u00e1lvula de reten\u00e7\u00e3o de placa dupla um dos designs mais eficientes. As v\u00e1lvulas de reten\u00e7\u00e3o de placa dupla est\u00e3o dispon\u00edveis em design wafer, design wafer flangeado e design estendido com extremidades flangeadas com dimens\u00f5es face a face como as de uma v\u00e1lvula de reten\u00e7\u00e3o oscilante.<\/p>\r\n\r\n\r\n\r\n<h2 class=\"wp-block-heading\">Como funciona um NRV do tipo Wafer?<\/h2>\r\n\r\n\r\n\r\n<p>Uma v\u00e1lvula de reten\u00e7\u00e3o tipo wafer opera com base no diferencial de press\u00e3o. Esta \u00e9 uma diferen\u00e7a de press\u00e3o entre as portas de entrada e sa\u00edda do NRV do tipo wafer. O disco da v\u00e1lvula abre quando a press\u00e3o de entrada \u00e9 maior que a press\u00e3o de sa\u00edda. Esta press\u00e3o fornece a for\u00e7a necess\u00e1ria para bater os discos da v\u00e1lvula. Quando os discos s\u00e3o agitados, eles deixam espa\u00e7o para o fluido fluir atrav\u00e9s da v\u00e1lvula. Os discos permanecem abertos desde que haja alta press\u00e3o de suc\u00e7\u00e3o do que no lado de sa\u00edda. Quando a press\u00e3o de suc\u00e7\u00e3o diminui ou o fluido tenta reverter o fluxo, a mola ganha energia para reverter as placas da v\u00e1lvula para sua posi\u00e7\u00e3o de assentamento, ajudando assim a prevenir o fluxo reverso do fluido.<\/p>\r\n\r\n\r\n<div class=\"wp-block-image\">\r\n<figure class=\"aligncenter size-full\"><img loading=\"lazy\" decoding=\"async\" width=\"566\" height=\"154\" class=\"wp-image-19681\" src=\"https:\/\/zecovalve.com\/wp-content\/uploads\/2022\/07\/Working-of-a-wafer-type-non-return-check-valve.jpg\" alt=\"\" srcset=\"https:\/\/zecovalve.com\/wp-content\/uploads\/2022\/07\/Working-of-a-wafer-type-non-return-check-valve.jpg 566w, https:\/\/zecovalve.com\/wp-content\/uploads\/2022\/07\/Working-of-a-wafer-type-non-return-check-valve-300x82.jpg 300w\" sizes=\"auto, (max-width: 566px) 100vw, 566px\" \/><\/figure>\r\n<\/div>\r\n\r\n\r\n<h2 class=\"wp-block-heading\" id=\"h-features-of-wafer-type-nrv\">Caracter\u00edsticas do Wafer Tipo NRV<\/h2>\r\n\r\n\r\n\r\n<ul class=\"wp-block-list\">\r\n<li>O design de placa dupla do tipo wafer ZECO NRV incorpora um encaixe de reten\u00e7\u00e3o interno. A conex\u00e3o n\u00e3o invade a superf\u00edcie de veda\u00e7\u00e3o da gaxeta, para garantir a veda\u00e7\u00e3o eficaz entre a v\u00e1lvula e a tubula\u00e7\u00e3o;<\/li>\r\n<li>O design de wafer de placa dupla do tipo wafer ZECO NRV torna esta v\u00e1lvula de reten\u00e7\u00e3o mais leve, que tem apenas 10 ~ 25% do peso da v\u00e1lvula de reten\u00e7\u00e3o de giro convencional, para economizar dinheiro no custo inicial da v\u00e1lvula e fornecer menor custo de instala\u00e7\u00e3o;<\/li>\r\n<li>O recurso de mola do NRV tipo wafer ZECO ajuda a manter a v\u00e1lvula fechada e o peso mais leve na elimina\u00e7\u00e3o de cargas de flex\u00e3o da tubula\u00e7\u00e3o tornam a v\u00e1lvula flex\u00edvel instalada em qualquer posi\u00e7\u00e3o, para permitir que voc\u00ea projete o layout da tubula\u00e7\u00e3o no m\u00e9todo mais eficiente e menos dispendioso;<\/li>\r\n<li>Quando a v\u00e1lvula abre, o calcanhar da placa dupla \u00e9 levantado na dire\u00e7\u00e3o do fluxo, para evitar que o calcanhar se arraste pela superf\u00edcie de assentamento e cause desgaste. Ao fechar a v\u00e1lvula, ambas as duas molas de alta tor\u00e7\u00e3o e a contrapress\u00e3o for\u00e7ar\u00e3o a ponta e o calcanhar do disco de volta \u00e0 sede plana para completar a veda\u00e7\u00e3o.<\/li>\r\n<li>As v\u00e1lvulas de reten\u00e7\u00e3o do tipo wafer operam por conta pr\u00f3pria, sem o uso de volante ou atuador de v\u00e1lvula.<\/li>\r\n<li>Essas v\u00e1lvulas n\u00e3o permitem fluxo reverso de fluido. O fluido flui na dire\u00e7\u00e3o direta e qualquer tentativa de revers\u00e3o \u00e9 restrita, pois a v\u00e1lvula fecha imediatamente.<\/li>\r\n<li>Estas v\u00e1lvulas t\u00eam alta efici\u00eancia em rela\u00e7\u00e3o a outras v\u00e1lvulas porque a sua queda de press\u00e3o \u00e9 m\u00ednima.<\/li>\r\n<li>As v\u00e1lvulas de reten\u00e7\u00e3o do tipo wafer s\u00e3o projetadas para manter a press\u00e3o do fluido de trabalho.<\/li>\r\n<li>Os NRV do tipo wafer s\u00e3o vers\u00e1teis, pois s\u00e3o usados em diversas aplica\u00e7\u00f5es, desde aplica\u00e7\u00f5es dom\u00e9sticas at\u00e9 aplica\u00e7\u00f5es industriais.<\/li>\r\n<li>Essas v\u00e1lvulas s\u00e3o f\u00e1ceis de instalar, reparar e limpar.<\/li>\r\n<li>Eles est\u00e3o livres de vazamento de fluido.<\/li>\r\n<li>As v\u00e1lvulas de reten\u00e7\u00e3o do tipo wafer aliviam o golpe de ar\u00edete e os efeitos relacionados.<\/li>\r\n<li>Elas s\u00e3o leves em rela\u00e7\u00e3o a outras v\u00e1lvulas de reten\u00e7\u00e3o.<\/li>\r\n<li>Estas v\u00e1lvulas podem ser instaladas nas posi\u00e7\u00f5es horizontal ou vertical, pois n\u00e3o dependem apenas da gravidade para evitar o fluxo reverso do fluido.<\/li>\r\n<li>Os NRV do tipo wafer t\u00eam a\u00e7\u00e3o r\u00e1pida em rela\u00e7\u00e3o a outras v\u00e1lvulas, como as v\u00e1lvulas globo.<\/li>\r\n<\/ul>\r\n\r\n\r\n\r\n<h2 class=\"wp-block-heading\">Aplica\u00e7\u00f5es de Wafer Tipo NRV<\/h2>\r\n\r\n\r\n\r\n<ul class=\"wp-block-list\">\r\n<li>Vapor<\/li>\r\n<li>\u00c1gua quente e fria<\/li>\r\n<li>Engenharia de energia e calor<\/li>\r\n<li>Ar Pressurizado<\/li>\r\n<li>Tecnologias industriais<\/li>\r\n<li>Fluidos sem propriedades de acidez ou alcalinidade<\/li>\r\n<\/ul>\r\n\r\n\r\n\r\n<h2 class=\"wp-block-heading\">Especifica\u00e7\u00e3o do tipo de wafer NRV<\/h2>\r\n\r\n\r\n\r\n<figure class=\"wp-block-table is-style-stripes\">\r\n<table>\r\n<tbody>\r\n<tr>\r\n<td>V\u00e1lvula de reten\u00e7\u00e3o de disco \u00fanico<\/td>\r\n<td>API 594\/API 6D<\/td>\r\n<\/tr>\r\n<tr>\r\n<td>V\u00e1lvula de reten\u00e7\u00e3o anti-slam<\/td>\r\n<td>API 594<\/td>\r\n<\/tr>\r\n<tr>\r\n<td>V\u00e1lvula de reten\u00e7\u00e3o de placa dupla<\/td>\r\n<td>API 594<\/td>\r\n<\/tr>\r\n<tr>\r\n<td>Dimens\u00f5es finais flangeadas<\/td>\r\n<td>ASME B16.5, ASME B16.47 A e B<\/td>\r\n<\/tr>\r\n<tr>\r\n<td>Inspe\u00e7\u00e3o e testes de v\u00e1lvulas<\/td>\r\n<td>API 598<\/td>\r\n<\/tr>\r\n<tr>\r\n<td>Inspe\u00e7\u00e3o visual<\/td>\r\n<td>MSS SP 55<\/td>\r\n<\/tr>\r\n<tr>\r\n<td>Ensaio N\u00e3o Destrutivo (RT, UT, MT, PT)<\/td>\r\n<td>ASME B16.34<\/td>\r\n<\/tr>\r\n<tr>\r\n<td>Press\u00e3o \u2013 Classifica\u00e7\u00e3o de temperatura<\/td>\r\n<td>ASME B16.34<\/td>\r\n<\/tr>\r\n<\/tbody>\r\n<\/table>\r\n<\/figure>\r\n\r\n\r\n\r\n<figure class=\"wp-block-table is-style-stripes\">\r\n<table>\r\n<tbody>\r\n<tr>\r\n<td>CORPO<\/td>\r\n<td>CI IS 210 GR FG 200\/220\/CS ASTMA 216 GR WCB \/SG FERRO\/ CF8\/SS 304 \/ CF8M\/SS 316 \/CF3\/CF3M\/GUN METAL\/ALUMINIUM<\/td>\r\n<\/tr>\r\n<tr>\r\n<td>ALFINETE<\/td>\r\n<td>MS\/AISI 304\/ AISI 316<\/td>\r\n<\/tr>\r\n<tr>\r\n<td>ARGOLAS<\/td>\r\n<td>NBR\/NEOPRENO \/NITRILO \/SILICONE\/ VITON\/PTFE\/STL\/INTREGAL<\/td>\r\n<\/tr>\r\n<tr>\r\n<td>FAIXA DE TAMANHO<\/td>\r\n<td>25NB A 1200 NB (1\u2033 A 48\u2033)<\/td>\r\n<\/tr>\r\n<tr>\r\n<td>CLASSE DE PRESS\u00c3O<\/td>\r\n<td>150# a 1500#<\/td>\r\n<\/tr>\r\n<\/tbody>\r\n<\/table>\r\n<\/figure>","protected":false},"excerpt":{"rendered":"<p>A ZECO Valve \u00e9 um renomado fabricante de v\u00e1lvulas de reten\u00e7\u00e3o engajado no projeto de v\u00e1lvulas industriais de alta qualidade. Oferecemos uma ampla gama de v\u00e1lvulas que ... <a title=\"Tipo de bolacha NRV\" class=\"read-more\" href=\"https:\/\/zecovalve.com\/pt\/produto\/wafer-type-nrv\" aria-label=\"Mais em Wafer Tipo NRV\">Ler mais<\/a><\/p>","protected":false},"featured_media":27915,"comment_status":"closed","ping_status":"closed","template":"","meta":{"_generate-full-width-content":"","kt_blocks_editor_width":""},"product_cat":[2455,2442],"product_tag":[2657,2661,2725],"class_list":["post-16192","product","type-product","status-publish","has-post-thumbnail","hentry","product_cat-check-valve","product_cat-wafer-check-valve","product_tag-non-return-valve","product_tag-nrv-valve","product_tag-wafer-check-valve","sales-flash-overlay","woocommerce-text-align-center","woocommerce-image-align-center","do-quantity-buttons"],"featured_image_src_large":["https:\/\/zecovalve.com\/wp-content\/uploads\/2022\/06\/Wafer-Type-NRV-2.jpg",800,600,false],"author_info":[],"comment_info":0,"taxonomy_info":{"product_cat":[{"value":2455,"label":"Check Valve"},{"value":2442,"label":"Wafer Check Valve"}],"product_tag":[{"value":2657,"label":"Non Return Valve"},{"value":2661,"label":"NRV Valve"},{"value":2725,"label":"Wafer Check Valve"}]},"yoast_head":"<!-- This site is optimized with the Yoast SEO Premium plugin v15.4 - https:\/\/yoast.com\/wordpress\/plugins\/seo\/ -->\n<title>Wafer Type NRV - Types of Wafer Type NRV Valve | ZECO Valve<\/title>\n<meta name=\"robots\" content=\"index, follow, max-snippet:-1, max-image-preview:large, max-video-preview:-1\" \/>\n<link rel=\"canonical\" href=\"https:\/\/zecovalve.com\/pt\/produto\/wafer-type-nrv\" \/>\n<meta property=\"og:locale\" content=\"pt_PT\" \/>\n<meta property=\"og:type\" content=\"article\" \/>\n<meta property=\"og:title\" content=\"Wafer Type NRV - Types of Wafer Type NRV Valve | ZECO Valve\" \/>\n<meta property=\"og:description\" content=\"ZECO Valve is a reputed Check Valve Manufacturer engaged in designing fine-quality industrial valves. We offer a wide range of valves that ... Ler mais\" \/>\n<meta property=\"og:url\" content=\"https:\/\/zecovalve.com\/pt\/produto\/wafer-type-nrv\" \/>\n<meta property=\"og:site_name\" content=\"ZECO Valve\" \/>\n<meta property=\"article:modified_time\" content=\"2023-06-16T13:39:47+00:00\" \/>\n<meta property=\"og:image\" content=\"https:\/\/zecovalve.com\/wp-content\/uploads\/2022\/06\/Wafer-Type-NRV-2.jpg\" \/>\n\t<meta property=\"og:image:width\" content=\"800\" \/>\n\t<meta property=\"og:image:height\" content=\"600\" \/>\n<meta name=\"twitter:card\" content=\"summary_large_image\" \/>\n<meta name=\"twitter:label1\" content=\"Escrito por\">\n\t<meta name=\"twitter:data1\" content=\"Jerry\">\n\t<meta name=\"twitter:label2\" content=\"Tempo estimado de leitura\">\n\t<meta name=\"twitter:data2\" content=\"4 minutos\">\n<script type=\"application\/ld+json\" class=\"yoast-schema-graph\">{\"@context\":\"https:\/\/schema.org\",\"@graph\":[{\"@type\":\"WebSite\",\"@id\":\"https:\/\/zecovalve.com\/#website\",\"url\":\"https:\/\/zecovalve.com\/\",\"name\":\"ZECO Valve\",\"description\":\"Industrial Ball Valve, Gate Valve and Globe Valve Manufacturer\",\"potentialAction\":[{\"@type\":\"SearchAction\",\"target\":\"https:\/\/zecovalve.com\/?s={search_term_string}\",\"query-input\":\"required name=search_term_string\"}],\"inLanguage\":\"pt-PT\"},{\"@type\":\"ImageObject\",\"@id\":\"https:\/\/zecovalve.com\/product\/wafer-type-nrv#primaryimage\",\"inLanguage\":\"pt-PT\",\"url\":\"https:\/\/zecovalve.com\/wp-content\/uploads\/2022\/06\/Wafer-Type-NRV-2.jpg\",\"width\":800,\"height\":600,\"caption\":\"Wafer Type NRV\"},{\"@type\":\"WebPage\",\"@id\":\"https:\/\/zecovalve.com\/product\/wafer-type-nrv#webpage\",\"url\":\"https:\/\/zecovalve.com\/product\/wafer-type-nrv\",\"name\":\"Wafer Type NRV - Types of Wafer Type NRV Valve | ZECO Valve\",\"isPartOf\":{\"@id\":\"https:\/\/zecovalve.com\/#website\"},\"primaryImageOfPage\":{\"@id\":\"https:\/\/zecovalve.com\/product\/wafer-type-nrv#primaryimage\"},\"datePublished\":\"2022-06-19T15:45:58+00:00\",\"dateModified\":\"2023-06-16T13:39:47+00:00\",\"breadcrumb\":{\"@id\":\"https:\/\/zecovalve.com\/product\/wafer-type-nrv#breadcrumb\"},\"inLanguage\":\"pt-PT\",\"potentialAction\":[{\"@type\":\"ReadAction\",\"target\":[\"https:\/\/zecovalve.com\/product\/wafer-type-nrv\"]}]},{\"@type\":\"BreadcrumbList\",\"@id\":\"https:\/\/zecovalve.com\/product\/wafer-type-nrv#breadcrumb\",\"itemListElement\":[{\"@type\":\"ListItem\",\"position\":1,\"item\":{\"@type\":\"WebPage\",\"@id\":\"https:\/\/zecovalve.com\/\",\"url\":\"https:\/\/zecovalve.com\/\",\"name\":\"Home\"}},{\"@type\":\"ListItem\",\"position\":2,\"item\":{\"@type\":\"WebPage\",\"@id\":\"https:\/\/zecovalve.com\/product-category\",\"url\":\"https:\/\/zecovalve.com\/product-category\",\"name\":\"Industrial Valve Manufacturer | Water Valve Manufacturer\"}},{\"@type\":\"ListItem\",\"position\":3,\"item\":{\"@type\":\"WebPage\",\"@id\":\"https:\/\/zecovalve.com\/product\/wafer-type-nrv\",\"url\":\"https:\/\/zecovalve.com\/product\/wafer-type-nrv\",\"name\":\"Wafer Type NRV\"}}]}]}<\/script>\n<!-- \/ Yoast SEO Premium plugin. -->","_links":{"self":[{"href":"https:\/\/zecovalve.com\/pt\/wp-json\/wp\/v2\/product\/16192","targetHints":{"allow":["GET"]}}],"collection":[{"href":"https:\/\/zecovalve.com\/pt\/wp-json\/wp\/v2\/product"}],"about":[{"href":"https:\/\/zecovalve.com\/pt\/wp-json\/wp\/v2\/types\/product"}],"replies":[{"embeddable":true,"href":"https:\/\/zecovalve.com\/pt\/wp-json\/wp\/v2\/comments?post=16192"}],"wp:featuredmedia":[{"embeddable":true,"href":"https:\/\/zecovalve.com\/pt\/wp-json\/wp\/v2\/media\/27915"}],"wp:attachment":[{"href":"https:\/\/zecovalve.com\/pt\/wp-json\/wp\/v2\/media?parent=16192"}],"wp:term":[{"taxonomy":"product_cat","embeddable":true,"href":"https:\/\/zecovalve.com\/pt\/wp-json\/wp\/v2\/product_cat?post=16192"},{"taxonomy":"product_tag","embeddable":true,"href":"https:\/\/zecovalve.com\/pt\/wp-json\/wp\/v2\/product_tag?post=16192"}],"curies":[{"name":"wp","href":"https:\/\/api.w.org\/{rel}","templated":true}]}}