{"id":16194,"date":"2022-06-19T15:49:59","date_gmt":"2022-06-19T15:49:59","guid":{"rendered":"https:\/\/zecovalve.com\/?post_type=product&#038;p=16194"},"modified":"2022-09-01T00:56:53","modified_gmt":"2022-09-01T00:56:53","slug":"gear-operated-butterfly-valve","status":"publish","type":"product","link":"https:\/\/zecovalve.com\/pt\/produto\/gear-operated-butterfly-valve","title":{"rendered":"V\u00e1lvula borboleta operada por engrenagem"},"content":{"rendered":"<p>A v\u00e1lvula borboleta operada por engrenagem \u00e9 usada para regular ou controlar o fluxo de fluido dentro de uma tubula\u00e7\u00e3o.<\/p>\r\n\r\n\r\n\r\n<figure class=\"wp-block-image alignnone size-medium wp-image-16195\"><img loading=\"lazy\" decoding=\"async\" width=\"300\" height=\"225\" class=\"wp-image-16195\" src=\"https:\/\/zecovalve.com\/wp-content\/uploads\/2022\/06\/gear-operated-butterfly-valve-300x225.jpg\" alt=\"V\u00e1lvula borboleta operada por engrenagem\" srcset=\"https:\/\/zecovalve.com\/wp-content\/uploads\/2022\/06\/gear-operated-butterfly-valve-300x225.jpg 300w, https:\/\/zecovalve.com\/wp-content\/uploads\/2022\/06\/gear-operated-butterfly-valve-768x576.jpg 768w, https:\/\/zecovalve.com\/wp-content\/uploads\/2022\/06\/gear-operated-butterfly-valve-600x450.jpg 600w, https:\/\/zecovalve.com\/wp-content\/uploads\/2022\/06\/gear-operated-butterfly-valve.jpg 800w\" sizes=\"auto, (max-width: 300px) 100vw, 300px\" \/><\/figure>\r\n\r\n\r\n<div class=\"gb-button-wrapper gb-button-wrapper-6d8495a3\">\r\n\r\n\r\n<p><a class=\"gb-button gb-button-3d442e11 gb-button-text\" href=\"mailto:commercial@zecovalve.com\" target=\"_blank\" rel=\"noopener noreferrer\"><strong>OBTER PRE\u00c7O DA V\u00c1LVULA BORBOLETA OPERADA POR ENGRENAGEM<\/strong><\/a><\/p>\r\n<\/div>\r\n\r\n\r\n\r\n\r\n<h2 class=\"wp-block-heading\" id=\"h-what-is-a-gear-operated-butterfly-valve\">O que \u00e9 uma v\u00e1lvula borboleta operada por engrenagem?<\/h2>\r\n\r\n\r\n\r\n<p>A v\u00e1lvula borboleta operada por engrenagem ZECO recebeu o nome da forma como a engrenagem funcionava. A ZECO presta aten\u00e7\u00e3o a cada detalhe da v\u00e1lvula. Cada v\u00e1lvula \u00e9 inspecionada e instalada rigorosamente para garantir que esteja em boas condi\u00e7\u00f5es e pronta para opera\u00e7\u00e3o. Por\u00e9m, a v\u00e1lvula no controle de mat\u00e9rias-primas ou na subsequente produ\u00e7\u00e3o e processamento, os inspetores apenas controlam bem cada elo de acordo com os requisitos dos testes de engenharia t\u00e9cnica, teste de press\u00e3o, t\u00eam respostas at\u00e9 o final para comprovar seu desempenho. Al\u00e9m disso, mesmo que o teste seja bem-sucedido, deve-se verificar a veda\u00e7\u00e3o e a gaxeta da haste da v\u00e1lvula, e a gaxeta deve estar na posi\u00e7\u00e3o inicial. A v\u00e1lvula \u00e9 um produto especial com certas regras de movimento e regras de fric\u00e7\u00e3o. Para obter um desempenho satisfat\u00f3rio, algumas partes da m\u00e1quina devem ser cuidadosamente protegidas. Na press\u00e3o, meio e temperatura corretos, a vida \u00fatil cont\u00ednua da v\u00e1lvula n\u00e3o ser\u00e1 inferior a 6 anos.<\/p>\r\n\r\n\r\n\r\n<h2 class=\"wp-block-heading\">Componentes da v\u00e1lvula borboleta operada por engrenagem<\/h2>\r\n\r\n\r\n\r\n<p>As v\u00e1lvulas borboleta s\u00e3o f\u00e1ceis e r\u00e1pidas de abrir. Uma rota\u00e7\u00e3o em \u00e2ngulo reto da al\u00e7a fornece um fechamento ou abertura completa da v\u00e1lvula borboleta. As v\u00e1lvulas borboleta grandes geralmente s\u00e3o compostas por uma caixa de engrenagens, onde o volante por engrenagens \u00e9 unido \u00e0 haste. Isso facilita a opera\u00e7\u00e3o da V\u00e1lvula Borboleta, mas em detrimento da velocidade. As v\u00e1lvulas ZECO possuem um corpo circular curto, sedes macias, rolamentos de eixo e uma caixa de empanque. A constru\u00e7\u00e3o de um corpo de v\u00e1lvula borboleta varia em design. Um design mais usado \u00e9 o tipo wafer que se ajusta entre dois flanges. O desenho do wafer lug \u00e9 outro desenho comum que une os dois flanges e passa pelos furos. As v\u00e1lvulas borboleta est\u00e3o dispon\u00edveis at\u00e9 com roscas flangeadas e com extremidades soldadas, mas n\u00e3o s\u00e3o usadas com frequ\u00eancia.<\/p>\r\n\r\n\r\n\r\n<h2 class=\"wp-block-heading\">Como funciona uma v\u00e1lvula borboleta operada por engrenagem?<\/h2>\r\n\r\n\r\n\r\n<p>Uma v\u00e1lvula borboleta operada por engrenagem opera obtendo energia do operador da v\u00e1lvula. O operador aplica for\u00e7a no volante para operar a v\u00e1lvula. O volante \u00e9 conectado a um sistema de engrenagens atrav\u00e9s de um eixo curto. Para abrir a v\u00e1lvula, o operador gira o volante um quarto de volta no sentido anti-hor\u00e1rio. Isto faz com que o torque (ou for\u00e7a rotativa) aplicado no volante seja transmitido ao disco da v\u00e1lvula atrav\u00e9s da haste. Como tal, o disco faz um \u00e2ngulo de um quarto de volta onde fica orientado paralelamente ao fluxo do fluido. Neste estado do disco, o fluido flui atrav\u00e9s da v\u00e1lvula desobstru\u00eddo. Para fechar o fluxo de fluido, o operador da v\u00e1lvula gira o volante no sentido hor\u00e1rio. Isso for\u00e7a o disco a fazer uma volta de 90\u00ba e ficar perpendicular ao fluxo do fluido. Neste estado, o disco impede que o fluxo de fluido atravesse a v\u00e1lvula. Os fabricantes de v\u00e1lvulas borboleta operadas por engrenagem fabricam essas v\u00e1lvulas para uso mesmo em aplica\u00e7\u00f5es de estrangulamento. No entanto, o uso destas v\u00e1lvulas em aplica\u00e7\u00f5es de estrangulamento \u00e9 recomendado onde a queda de press\u00e3o \u00e9 baixa. Quando a v\u00e1lvula precisa ser usada em aplica\u00e7\u00f5es de estrangulamento, o operador da v\u00e1lvula gira levemente o volante para um \u00e2ngulo inferior a 90 graus, dependendo da quantidade de fluxo de fluido necess\u00e1ria.<\/p>\r\n\r\n\r\n\r\n<h2 class=\"wp-block-heading\" id=\"h-features-of-gear-operated-butterfly-valve\">Caracter\u00edsticas da v\u00e1lvula borboleta operada por engrenagem<\/h2>\r\n\r\n\r\n\r\n<ul class=\"wp-block-list\">\r\n<li>O flange do operador est\u00e1 em conformidade com a ISO 5211. Projetado para funcionar com atuadores manuais, pneum\u00e1ticos ou el\u00e9tricos.<\/li>\r\n<li>O assento de borracha n\u00e3o \u00e9 dobr\u00e1vel, \u00e9 resistente ao estiramento e \u00e0 prova de explos\u00e3o.<\/li>\r\n<li>O disco usinado com precis\u00e3o garante baixo torque operacional e veda\u00e7\u00e3o eficaz de at\u00e9 200 psi. O disco projetado hidrodinamicamente permite fluxo de alta capacidade.<\/li>\r\n<li>O design do eixo de pe\u00e7a \u00fanica garante confiabilidade e posicionamento positivo do disco.<\/li>\r\n<li>As v\u00e1lvulas s\u00e3o revestidas com ep\u00f3xi e incorporam graxeiras estilo \u201czerk\u201d para f\u00e1cil lubrifica\u00e7\u00e3o no pesco\u00e7o e na caixa de engrenagens (se aplic\u00e1vel).<\/li>\r\n<\/ul>\r\n\r\n\r\n\r\n<h2 class=\"wp-block-heading\" id=\"h-material-of-gear-operated-butterfly-valve\">Material da v\u00e1lvula borboleta operada por engrenagem<\/h2>\r\n\r\n\r\n\r\n<figure class=\"wp-block-table\">\r\n<table>\r\n<tbody>\r\n<tr>\r\n<td>N\u00e3o<\/td>\r\n<td>Parte<\/td>\r\n<td>Material<\/td>\r\n<\/tr>\r\n<tr>\r\n<td>1<\/td>\r\n<td>Corpo<\/td>\r\n<td>ASTM A216 WCB + 13Cr<\/td>\r\n<\/tr>\r\n<tr>\r\n<td>2<\/td>\r\n<td>Anel de veda\u00e7\u00e3o<\/td>\r\n<td>Grafite + SS304<\/td>\r\n<\/tr>\r\n<tr>\r\n<td>3<\/td>\r\n<td>Flange de reten\u00e7\u00e3o<\/td>\r\n<td>ASTM A182 F304<\/td>\r\n<\/tr>\r\n<tr>\r\n<td>4<\/td>\r\n<td>Pino<\/td>\r\n<td>ASTM A276 304<\/td>\r\n<\/tr>\r\n<tr>\r\n<td>5<\/td>\r\n<td>Disco<\/td>\r\n<td>ASTM A351 CF8<\/td>\r\n<\/tr>\r\n<tr>\r\n<td>6<\/td>\r\n<td>Caule<\/td>\r\n<td>ASTM A276 304<\/td>\r\n<\/tr>\r\n<tr>\r\n<td>7<\/td>\r\n<td>Enchimento da haste<\/td>\r\n<td>Grafite<\/td>\r\n<\/tr>\r\n<tr>\r\n<td>8<\/td>\r\n<td>Batimento do tronco<\/td>\r\n<td>SS304 + PTFE<\/td>\r\n<\/tr>\r\n<tr>\r\n<td>9<\/td>\r\n<td>Parafuso<\/td>\r\n<td>ASTM A193 B7<\/td>\r\n<\/tr>\r\n<tr>\r\n<td>10<\/td>\r\n<td>Porca<\/td>\r\n<td>ASTM A194 2H<\/td>\r\n<\/tr>\r\n<tr>\r\n<td>11<\/td>\r\n<td>Jugo<\/td>\r\n<td>ASTM A216 WCB<\/td>\r\n<\/tr>\r\n<\/tbody>\r\n<\/table>\r\n<\/figure>","protected":false},"excerpt":{"rendered":"<p>A v\u00e1lvula borboleta operada por engrenagem \u00e9 usada para regular ou controlar o fluxo de fluido dentro de uma tubula\u00e7\u00e3o. O que \u00e9 uma v\u00e1lvula borboleta operada por engrenagem? \u2026 <a title=\"V\u00e1lvula borboleta operada por engrenagem\" class=\"read-more\" href=\"https:\/\/zecovalve.com\/pt\/produto\/gear-operated-butterfly-valve\" aria-label=\"Mais em V\u00e1lvula borboleta operada por engrenagem\">Ler mais<\/a><\/p>","protected":false},"featured_media":16195,"comment_status":"closed","ping_status":"closed","template":"","meta":{"_generate-full-width-content":"","kt_blocks_editor_width":""},"product_cat":[2044,2468,2604],"product_tag":[2806,2801],"class_list":["post-16194","product","type-product","status-publish","has-post-thumbnail","hentry","product_cat-butterfly-valve","product_cat-butterfly-valve-by-drive-mode","product_cat-triple-offset-butterfly-valve","product_tag-butterfly-valve-wafer-type","product_tag-wafer-type-butterfly-valve","sales-flash-overlay","woocommerce-text-align-center","woocommerce-image-align-center","do-quantity-buttons"],"featured_image_src_large":["https:\/\/zecovalve.com\/wp-content\/uploads\/2022\/06\/gear-operated-butterfly-valve.jpg",800,600,false],"author_info":[],"comment_info":0,"taxonomy_info":{"product_cat":[{"value":2044,"label":"Butterfly Valve"},{"value":2468,"label":"Butterfly Valve By Drive Mode"},{"value":2604,"label":"Triple Offset Butterfly Valve"}],"product_tag":[{"value":2806,"label":"Butterfly Valve Wafer Type"},{"value":2801,"label":"Wafer Type Butterfly Valve"}]},"yoast_head":"<!-- This site is optimized with the Yoast SEO Premium plugin v15.4 - https:\/\/yoast.com\/wordpress\/plugins\/seo\/ -->\n<title>Gear Operated Butterfly Valve - Butterfly Valve Gear Operated | ZECO Valve<\/title>\n<meta name=\"robots\" content=\"index, follow, max-snippet:-1, max-image-preview:large, max-video-preview:-1\" \/>\n<link rel=\"canonical\" href=\"https:\/\/zecovalve.com\/pt\/produto\/gear-operated-butterfly-valve\" \/>\n<meta property=\"og:locale\" content=\"pt_PT\" \/>\n<meta property=\"og:type\" content=\"article\" \/>\n<meta property=\"og:title\" content=\"Gear Operated Butterfly Valve - Butterfly Valve Gear Operated | ZECO Valve\" \/>\n<meta property=\"og:description\" content=\"Gear Operated Butterfly Valve is used to regulate or control fluid flow within a pipeline. What is a Gear Operated Butterfly Valve? ... Ler mais\" \/>\n<meta property=\"og:url\" content=\"https:\/\/zecovalve.com\/pt\/produto\/gear-operated-butterfly-valve\" \/>\n<meta property=\"og:site_name\" content=\"ZECO Valve\" \/>\n<meta property=\"article:modified_time\" content=\"2022-09-01T00:56:53+00:00\" \/>\n<meta property=\"og:image\" content=\"https:\/\/zecovalve.com\/wp-content\/uploads\/2022\/06\/gear-operated-butterfly-valve.jpg\" \/>\n\t<meta property=\"og:image:width\" content=\"800\" \/>\n\t<meta property=\"og:image:height\" content=\"600\" \/>\n<meta name=\"twitter:card\" content=\"summary_large_image\" \/>\n<meta name=\"twitter:label1\" content=\"Escrito por\">\n\t<meta name=\"twitter:data1\" content=\"Jerry\">\n\t<meta name=\"twitter:label2\" content=\"Tempo estimado de leitura\">\n\t<meta name=\"twitter:data2\" content=\"3 minutos\">\n<script type=\"application\/ld+json\" class=\"yoast-schema-graph\">{\"@context\":\"https:\/\/schema.org\",\"@graph\":[{\"@type\":\"WebSite\",\"@id\":\"https:\/\/zecovalve.com\/#website\",\"url\":\"https:\/\/zecovalve.com\/\",\"name\":\"ZECO Valve\",\"description\":\"Industrial Ball Valve, Gate Valve and Globe Valve Manufacturer\",\"potentialAction\":[{\"@type\":\"SearchAction\",\"target\":\"https:\/\/zecovalve.com\/?s={search_term_string}\",\"query-input\":\"required name=search_term_string\"}],\"inLanguage\":\"pt-PT\"},{\"@type\":\"ImageObject\",\"@id\":\"https:\/\/zecovalve.com\/product\/gear-operated-butterfly-valve#primaryimage\",\"inLanguage\":\"pt-PT\",\"url\":\"https:\/\/zecovalve.com\/wp-content\/uploads\/2022\/06\/gear-operated-butterfly-valve.jpg\",\"width\":800,\"height\":600,\"caption\":\"Gear Operated Butterfly Valve\"},{\"@type\":\"WebPage\",\"@id\":\"https:\/\/zecovalve.com\/product\/gear-operated-butterfly-valve#webpage\",\"url\":\"https:\/\/zecovalve.com\/product\/gear-operated-butterfly-valve\",\"name\":\"Gear Operated Butterfly Valve - Butterfly Valve Gear Operated | ZECO Valve\",\"isPartOf\":{\"@id\":\"https:\/\/zecovalve.com\/#website\"},\"primaryImageOfPage\":{\"@id\":\"https:\/\/zecovalve.com\/product\/gear-operated-butterfly-valve#primaryimage\"},\"datePublished\":\"2022-06-19T15:49:59+00:00\",\"dateModified\":\"2022-09-01T00:56:53+00:00\",\"breadcrumb\":{\"@id\":\"https:\/\/zecovalve.com\/product\/gear-operated-butterfly-valve#breadcrumb\"},\"inLanguage\":\"pt-PT\",\"potentialAction\":[{\"@type\":\"ReadAction\",\"target\":[\"https:\/\/zecovalve.com\/product\/gear-operated-butterfly-valve\"]}]},{\"@type\":\"BreadcrumbList\",\"@id\":\"https:\/\/zecovalve.com\/product\/gear-operated-butterfly-valve#breadcrumb\",\"itemListElement\":[{\"@type\":\"ListItem\",\"position\":1,\"item\":{\"@type\":\"WebPage\",\"@id\":\"https:\/\/zecovalve.com\/\",\"url\":\"https:\/\/zecovalve.com\/\",\"name\":\"Home\"}},{\"@type\":\"ListItem\",\"position\":2,\"item\":{\"@type\":\"WebPage\",\"@id\":\"https:\/\/zecovalve.com\/product-category\",\"url\":\"https:\/\/zecovalve.com\/product-category\",\"name\":\"Industrial Valve Manufacturer | Water Valve Manufacturer\"}},{\"@type\":\"ListItem\",\"position\":3,\"item\":{\"@type\":\"WebPage\",\"@id\":\"https:\/\/zecovalve.com\/product\/gear-operated-butterfly-valve\",\"url\":\"https:\/\/zecovalve.com\/product\/gear-operated-butterfly-valve\",\"name\":\"Gear Operated Butterfly Valve\"}}]}]}<\/script>\n<!-- \/ Yoast SEO Premium plugin. -->","_links":{"self":[{"href":"https:\/\/zecovalve.com\/pt\/wp-json\/wp\/v2\/product\/16194","targetHints":{"allow":["GET"]}}],"collection":[{"href":"https:\/\/zecovalve.com\/pt\/wp-json\/wp\/v2\/product"}],"about":[{"href":"https:\/\/zecovalve.com\/pt\/wp-json\/wp\/v2\/types\/product"}],"replies":[{"embeddable":true,"href":"https:\/\/zecovalve.com\/pt\/wp-json\/wp\/v2\/comments?post=16194"}],"wp:featuredmedia":[{"embeddable":true,"href":"https:\/\/zecovalve.com\/pt\/wp-json\/wp\/v2\/media\/16195"}],"wp:attachment":[{"href":"https:\/\/zecovalve.com\/pt\/wp-json\/wp\/v2\/media?parent=16194"}],"wp:term":[{"taxonomy":"product_cat","embeddable":true,"href":"https:\/\/zecovalve.com\/pt\/wp-json\/wp\/v2\/product_cat?post=16194"},{"taxonomy":"product_tag","embeddable":true,"href":"https:\/\/zecovalve.com\/pt\/wp-json\/wp\/v2\/product_tag?post=16194"}],"curies":[{"name":"wp","href":"https:\/\/api.w.org\/{rel}","templated":true}]}}