{"id":16209,"date":"2022-06-19T16:01:25","date_gmt":"2022-06-19T16:01:25","guid":{"rendered":"https:\/\/zecovalve.com\/?post_type=product&#038;p=16209"},"modified":"2022-09-01T00:50:44","modified_gmt":"2022-09-01T00:50:44","slug":"electric-butterfly-valve","status":"publish","type":"product","link":"https:\/\/zecovalve.com\/pt\/produto\/electric-butterfly-valve","title":{"rendered":"V\u00e1lvula de borboleta el\u00e9ctrica"},"content":{"rendered":"<p>As v\u00e1lvulas borboleta s\u00e3o frequentemente automatizadas com atuadores pneum\u00e1ticos ou el\u00e9tricos. Um atuador \u00e9 um dispositivo mec\u00e2nico para mover ou controlar um mecanismo ou sistema. Um atuador (como parte da v\u00e1lvula borboleta acionada) normalmente \u00e9 um dispositivo mec\u00e2nico que utiliza energia, geralmente criada por ar, eletricidade ou l\u00edquido, e a converte em algum tipo de movimento.<\/p>\r\n\r\n\r\n\r\n<figure class=\"wp-block-image alignnone size-medium wp-image-16210\"><img loading=\"lazy\" decoding=\"async\" width=\"300\" height=\"225\" class=\"wp-image-16210\" src=\"https:\/\/zecovalve.com\/wp-content\/uploads\/2022\/06\/electric-butterfly-valve-300x225.jpg\" alt=\"V\u00e1lvula de borboleta el\u00e9ctrica\" srcset=\"https:\/\/zecovalve.com\/wp-content\/uploads\/2022\/06\/electric-butterfly-valve-300x225.jpg 300w, https:\/\/zecovalve.com\/wp-content\/uploads\/2022\/06\/electric-butterfly-valve-768x576.jpg 768w, https:\/\/zecovalve.com\/wp-content\/uploads\/2022\/06\/electric-butterfly-valve-600x450.jpg 600w, https:\/\/zecovalve.com\/wp-content\/uploads\/2022\/06\/electric-butterfly-valve.jpg 800w\" sizes=\"auto, (max-width: 300px) 100vw, 300px\" \/><\/figure>\r\n\r\n\r\n<div class=\"gb-button-wrapper gb-button-wrapper-6d8495a3\">\r\n\r\n\r\n<p><a class=\"gb-button gb-button-3d442e11 gb-button-text\" href=\"mailto:commercial@zecovalve.com\" target=\"_blank\" rel=\"noopener noreferrer\"><strong>OBTER PRE\u00c7O DA V\u00c1LVULA BORBOLETA EL\u00c9TRICA<\/strong><\/a><\/p>\r\n<\/div>\r\n\r\n\r\n\r\n\r\n<h2 class=\"wp-block-heading\" id=\"h-what-is-a-electric-butterfly-valve\">O que \u00e9 uma v\u00e1lvula borboleta el\u00e9trica?<\/h2>\r\n\r\n\r\n\r\n<p>Veja a linha ZECO de v\u00e1lvulas borboleta acionadas eletricamente, que s\u00e3o usadas para controlar remotamente o fluxo de um meio. Eles podem ter um estilo de conex\u00e3o tipo lug ou wafer. O atuador abre ou fecha a v\u00e1lvula com corrente el\u00e9trica, mas n\u00e3o requer energia para permanecer nesse estado. A v\u00e1lvula borboleta possui um disco que gira com o atuador para abrir ou fechar a v\u00e1lvula borboleta. O design da v\u00e1lvula borboleta permite boas propriedades de veda\u00e7\u00e3o, durabilidade e confiabilidade para sua aplica\u00e7\u00e3o. Os atuadores el\u00e9tricos s\u00e3o facilmente instalados e conectados a um sistema existente. Existem v\u00e1rios inv\u00f3lucros, veda\u00e7\u00f5es e tamanhos de v\u00e1lvulas borboleta controladas eletricamente para permitir que voc\u00ea encontre a correta para sua aplica\u00e7\u00e3o.<\/p>\r\n\r\n\r\n\r\n<p>Uma boa veda\u00e7\u00e3o dentro da v\u00e1lvula afetar\u00e1 o desempenho da veda\u00e7\u00e3o devido a danos ou abras\u00e3o normal. Para as duras condi\u00e7\u00f5es de trabalho, a estimativa e o reparo al\u00e9m do escopo deste manual, devido a uma variedade de diferentes formas estruturais, se necess\u00e1rio, saiba com anteced\u00eancia, deve cooperar com o fabricante para encontrar um m\u00e9todo adequado. A constru\u00e7\u00e3o externa da v\u00e1lvula \u00e9 f\u00e1cil de verificar e manter. Portanto, uma abordagem racional deve ser adotada para evitar danos mec\u00e2nicos \u00e0 v\u00e1lvula, evitar a corros\u00e3o da v\u00e1lvula pelos sedimentos na atmosfera, subst\u00e2ncias qu\u00edmicas ou gases \u00famidos e a deteriora\u00e7\u00e3o de sua qualidade. Rosca, rolamentos ou engrenagens funcionam como a interface de trabalho e devem ser lubrificados periodicamente.<\/p>\r\n\r\n\r\n\r\n<h2 class=\"wp-block-heading\">Como funciona uma v\u00e1lvula borboleta el\u00e9trica?<\/h2>\r\n\r\n\r\n\r\n<p>Uma v\u00e1lvula borboleta \u00e9 uma v\u00e1lvula usada para regula\u00e7\u00e3o de fluxo em tubos de grandes di\u00e2metros nos quais o disco assume a forma de um disco. O funcionamento \u00e9 semelhante ao de uma v\u00e1lvula esf\u00e9rica. Uma placa ou disco \u00e9 posicionado no centro do tubo. O disco passa por uma haste que est\u00e1 conectada a um atuador na parte externa da v\u00e1lvula. Girar o atuador gira o disco paralelo ou perpendicular ao fluxo. Ao contr\u00e1rio de uma v\u00e1lvula esfera, o disco est\u00e1 sempre presente no fluxo, portanto uma queda de press\u00e3o \u00e9 sempre induzida no fluxo, independentemente da posi\u00e7\u00e3o da v\u00e1lvula.<\/p>\r\n\r\n\r\n\r\n<p>Um atuador de v\u00e1lvula borboleta controla o fluxo de g\u00e1s ou l\u00edquido por meio de um disco, que gira sobre um eixo diametral dentro de um tubo ou por duas placas semicirculares articuladas em um fuso comum, que permite o fluxo em apenas uma dire\u00e7\u00e3o. Estas v\u00e1lvulas borboleta acionadas oferecem um movimento girat\u00f3rio da haste de 90 graus ou menos, em um design compacto. Ao contr\u00e1rio das v\u00e1lvulas esf\u00e9ricas, as v\u00e1lvulas borboleta n\u00e3o possuem bolsas nas quais os fluidos possam ficar presos quando a v\u00e1lvula \u00e9 fechada.<\/p>\r\n\r\n\r\n\r\n<h2 class=\"wp-block-heading\" id=\"h-features-of-electric-actuated-butterfly-valve\">Caracter\u00edsticas da v\u00e1lvula borboleta com acionamento el\u00e9trico<\/h2>\r\n\r\n\r\n\r\n<ul class=\"wp-block-list\">\r\n<li>No caso de n\u00e3o haver solicita\u00e7\u00e3o especial, a v\u00e1lvula borboleta el\u00e9trica ZECO normalmente \u00e9 equipada com um atuador el\u00e9trico alem\u00e3o AUMA, para utiliz\u00e1-la por muito tempo na tubula\u00e7\u00e3o, a ZECO n\u00e3o usaria o pre\u00e7o para alterar a qualidade, nosso objetivo \u00e9 permitir que o usu\u00e1rio selecione ZECO porque a qualidade e confiabilidade do produto ZECO pode ser usada por um longo tempo para o usu\u00e1rio no uso a longo prazo de reduzir os custos de manuten\u00e7\u00e3o do gasoduto, em vez de um pre\u00e7o baixo;<\/li>\r\n<li>A v\u00e1lvula borboleta el\u00e9trica ZECO adota sede de v\u00e1lvula selada. A superf\u00edcie da sede da v\u00e1lvula com veda\u00e7\u00e3o r\u00edgida pode ser soldada na superf\u00edcie para evitar que a v\u00e1lvula n\u00e3o possa ser vedada devido a danos na sede da v\u00e1lvula e na superf\u00edcie de veda\u00e7\u00e3o por meios abrasivos fortes;<\/li>\r\n<li>A haste da v\u00e1lvula borboleta el\u00e9trica ZECO \u00e9 projetada no anti-explos\u00e3o, evitando que a haste se solte no momento da manuten\u00e7\u00e3o;<\/li>\r\n<li>O material da v\u00e1lvula borboleta el\u00e9trica ZECO \u00e9 produzido de acordo com padr\u00f5es internacionais;<\/li>\r\n<li>Economia na m\u00e3o de obra;<\/li>\r\n<li>Seguran\u00e7a da planta;<\/li>\r\n<li>Garantia de qualidade do produto;<\/li>\r\n<li>Sequenciamento autom\u00e1tico.<\/li>\r\n<\/ul>\r\n\r\n\r\n\r\n<h2 class=\"wp-block-heading\" id=\"h-material-of-butterfly-valve-with-electric-actuator\">Material da v\u00e1lvula borboleta com atuador el\u00e9trico<\/h2>\r\n\r\n\r\n\r\n<figure class=\"wp-block-table\">\r\n<table>\r\n<tbody>\r\n<tr>\r\n<td>N\u00e3o<\/td>\r\n<td>Parte<\/td>\r\n<td>Material<\/td>\r\n<\/tr>\r\n<tr>\r\n<td>1<\/td>\r\n<td>Corpo<\/td>\r\n<td>ASTM A216 WCB + 13Cr<\/td>\r\n<\/tr>\r\n<tr>\r\n<td>2<\/td>\r\n<td>Anel de veda\u00e7\u00e3o<\/td>\r\n<td>Grafite + SS304<\/td>\r\n<\/tr>\r\n<tr>\r\n<td>3<\/td>\r\n<td>Flange de reten\u00e7\u00e3o<\/td>\r\n<td>ASTM A105<\/td>\r\n<\/tr>\r\n<tr>\r\n<td>4<\/td>\r\n<td>Pino<\/td>\r\n<td>ASTM A276 410<\/td>\r\n<\/tr>\r\n<tr>\r\n<td>5<\/td>\r\n<td>Disco<\/td>\r\n<td>ASTM A216 WCB<\/td>\r\n<\/tr>\r\n<tr>\r\n<td>6<\/td>\r\n<td>Caule<\/td>\r\n<td>ASTM A276 410<\/td>\r\n<\/tr>\r\n<tr>\r\n<td>7<\/td>\r\n<td>Enchimento da haste<\/td>\r\n<td>Grafite<\/td>\r\n<\/tr>\r\n<tr>\r\n<td>8<\/td>\r\n<td>Batimento do tronco<\/td>\r\n<td>SS304 + PTFE<\/td>\r\n<\/tr>\r\n<tr>\r\n<td>9<\/td>\r\n<td>Parafuso<\/td>\r\n<td>ASTM A193 B7<\/td>\r\n<\/tr>\r\n<tr>\r\n<td>10<\/td>\r\n<td>Porca<\/td>\r\n<td>ASTM A194 2H<\/td>\r\n<\/tr>\r\n<tr>\r\n<td>11<\/td>\r\n<td>Jugo<\/td>\r\n<td>ASTM A216 WCB<\/td>\r\n<\/tr>\r\n<\/tbody>\r\n<\/table>\r\n<\/figure>","protected":false},"excerpt":{"rendered":"<p>As v\u00e1lvulas borboleta s\u00e3o frequentemente automatizadas com atuadores pneum\u00e1ticos ou el\u00e9tricos. Um atuador \u00e9 um dispositivo mec\u00e2nico para mover ou controlar um mecanismo\u2026 <a title=\"V\u00e1lvula de borboleta el\u00e9ctrica\" class=\"read-more\" href=\"https:\/\/zecovalve.com\/pt\/produto\/electric-butterfly-valve\" aria-label=\"Mais em V\u00e1lvula Borboleta El\u00e9trica\">Ler mais<\/a><\/p>","protected":false},"featured_media":16210,"comment_status":"closed","ping_status":"closed","template":"","meta":{"_generate-full-width-content":"","kt_blocks_editor_width":""},"product_cat":[2044,2468,2604],"product_tag":[2766,2727],"class_list":["post-16209","product","type-product","status-publish","has-post-thumbnail","hentry","product_cat-butterfly-valve","product_cat-butterfly-valve-by-drive-mode","product_cat-triple-offset-butterfly-valve","product_tag-motorised-valve","product_tag-motorized-valve","sales-flash-overlay","woocommerce-text-align-center","woocommerce-image-align-center","do-quantity-buttons"],"featured_image_src_large":["https:\/\/zecovalve.com\/wp-content\/uploads\/2022\/06\/electric-butterfly-valve.jpg",800,600,false],"author_info":[],"comment_info":0,"taxonomy_info":{"product_cat":[{"value":2044,"label":"Butterfly Valve"},{"value":2468,"label":"Butterfly Valve By Drive Mode"},{"value":2604,"label":"Triple Offset Butterfly Valve"}],"product_tag":[{"value":2766,"label":"Motorised Valve"},{"value":2727,"label":"Motorized Valve"}]},"yoast_head":"<!-- This site is optimized with the Yoast SEO Premium plugin v15.4 - https:\/\/yoast.com\/wordpress\/plugins\/seo\/ -->\n<title>Electric Butterfly Valve - Electric Actuated Butterfly Valve | ZECO Valve<\/title>\n<meta name=\"robots\" content=\"index, follow, max-snippet:-1, max-image-preview:large, max-video-preview:-1\" \/>\n<link rel=\"canonical\" href=\"https:\/\/zecovalve.com\/pt\/produto\/electric-butterfly-valve\" \/>\n<meta property=\"og:locale\" content=\"pt_PT\" \/>\n<meta property=\"og:type\" content=\"article\" \/>\n<meta property=\"og:title\" content=\"Electric Butterfly Valve - Electric Actuated Butterfly Valve | ZECO Valve\" \/>\n<meta property=\"og:description\" content=\"Butterfly valves are often automated with pneumatic or electric actuators. An actuator is a mechanical device for moving or controlling a mechanism ... Ler mais\" \/>\n<meta property=\"og:url\" content=\"https:\/\/zecovalve.com\/pt\/produto\/electric-butterfly-valve\" \/>\n<meta property=\"og:site_name\" content=\"ZECO Valve\" \/>\n<meta property=\"article:modified_time\" content=\"2022-09-01T00:50:44+00:00\" \/>\n<meta property=\"og:image\" content=\"https:\/\/zecovalve.com\/wp-content\/uploads\/2022\/06\/electric-butterfly-valve.jpg\" \/>\n\t<meta property=\"og:image:width\" content=\"800\" \/>\n\t<meta property=\"og:image:height\" content=\"600\" \/>\n<meta name=\"twitter:card\" content=\"summary_large_image\" \/>\n<meta name=\"twitter:label1\" content=\"Escrito por\">\n\t<meta name=\"twitter:data1\" content=\"Jerry\">\n\t<meta name=\"twitter:label2\" content=\"Tempo estimado de leitura\">\n\t<meta name=\"twitter:data2\" content=\"3 minutos\">\n<script type=\"application\/ld+json\" class=\"yoast-schema-graph\">{\"@context\":\"https:\/\/schema.org\",\"@graph\":[{\"@type\":\"WebSite\",\"@id\":\"https:\/\/zecovalve.com\/#website\",\"url\":\"https:\/\/zecovalve.com\/\",\"name\":\"ZECO Valve\",\"description\":\"Industrial Ball Valve, Gate Valve and Globe Valve Manufacturer\",\"potentialAction\":[{\"@type\":\"SearchAction\",\"target\":\"https:\/\/zecovalve.com\/?s={search_term_string}\",\"query-input\":\"required name=search_term_string\"}],\"inLanguage\":\"pt-PT\"},{\"@type\":\"ImageObject\",\"@id\":\"https:\/\/zecovalve.com\/product\/electric-butterfly-valve#primaryimage\",\"inLanguage\":\"pt-PT\",\"url\":\"https:\/\/zecovalve.com\/wp-content\/uploads\/2022\/06\/electric-butterfly-valve.jpg\",\"width\":800,\"height\":600,\"caption\":\"Electric Butterfly Valve\"},{\"@type\":\"WebPage\",\"@id\":\"https:\/\/zecovalve.com\/product\/electric-butterfly-valve#webpage\",\"url\":\"https:\/\/zecovalve.com\/product\/electric-butterfly-valve\",\"name\":\"Electric Butterfly Valve - Electric Actuated Butterfly Valve | ZECO Valve\",\"isPartOf\":{\"@id\":\"https:\/\/zecovalve.com\/#website\"},\"primaryImageOfPage\":{\"@id\":\"https:\/\/zecovalve.com\/product\/electric-butterfly-valve#primaryimage\"},\"datePublished\":\"2022-06-19T16:01:25+00:00\",\"dateModified\":\"2022-09-01T00:50:44+00:00\",\"breadcrumb\":{\"@id\":\"https:\/\/zecovalve.com\/product\/electric-butterfly-valve#breadcrumb\"},\"inLanguage\":\"pt-PT\",\"potentialAction\":[{\"@type\":\"ReadAction\",\"target\":[\"https:\/\/zecovalve.com\/product\/electric-butterfly-valve\"]}]},{\"@type\":\"BreadcrumbList\",\"@id\":\"https:\/\/zecovalve.com\/product\/electric-butterfly-valve#breadcrumb\",\"itemListElement\":[{\"@type\":\"ListItem\",\"position\":1,\"item\":{\"@type\":\"WebPage\",\"@id\":\"https:\/\/zecovalve.com\/\",\"url\":\"https:\/\/zecovalve.com\/\",\"name\":\"Home\"}},{\"@type\":\"ListItem\",\"position\":2,\"item\":{\"@type\":\"WebPage\",\"@id\":\"https:\/\/zecovalve.com\/product-category\",\"url\":\"https:\/\/zecovalve.com\/product-category\",\"name\":\"Industrial Valve Manufacturer | Water Valve Manufacturer\"}},{\"@type\":\"ListItem\",\"position\":3,\"item\":{\"@type\":\"WebPage\",\"@id\":\"https:\/\/zecovalve.com\/product\/electric-butterfly-valve\",\"url\":\"https:\/\/zecovalve.com\/product\/electric-butterfly-valve\",\"name\":\"Electric Butterfly Valve\"}}]}]}<\/script>\n<!-- \/ Yoast SEO Premium plugin. -->","_links":{"self":[{"href":"https:\/\/zecovalve.com\/pt\/wp-json\/wp\/v2\/product\/16209","targetHints":{"allow":["GET"]}}],"collection":[{"href":"https:\/\/zecovalve.com\/pt\/wp-json\/wp\/v2\/product"}],"about":[{"href":"https:\/\/zecovalve.com\/pt\/wp-json\/wp\/v2\/types\/product"}],"replies":[{"embeddable":true,"href":"https:\/\/zecovalve.com\/pt\/wp-json\/wp\/v2\/comments?post=16209"}],"wp:featuredmedia":[{"embeddable":true,"href":"https:\/\/zecovalve.com\/pt\/wp-json\/wp\/v2\/media\/16210"}],"wp:attachment":[{"href":"https:\/\/zecovalve.com\/pt\/wp-json\/wp\/v2\/media?parent=16209"}],"wp:term":[{"taxonomy":"product_cat","embeddable":true,"href":"https:\/\/zecovalve.com\/pt\/wp-json\/wp\/v2\/product_cat?post=16209"},{"taxonomy":"product_tag","embeddable":true,"href":"https:\/\/zecovalve.com\/pt\/wp-json\/wp\/v2\/product_tag?post=16209"}],"curies":[{"name":"wp","href":"https:\/\/api.w.org\/{rel}","templated":true}]}}