{"id":16241,"date":"2022-06-20T09:01:32","date_gmt":"2022-06-20T09:01:32","guid":{"rendered":"https:\/\/zecovalve.com\/?post_type=product&#038;p=16241"},"modified":"2022-07-23T13:33:54","modified_gmt":"2022-07-23T13:33:54","slug":"cryogenic-butterfly-valve","status":"publish","type":"product","link":"https:\/\/zecovalve.com\/pt\/produto\/cryogenic-butterfly-valve","title":{"rendered":"V\u00e1lvula borboleta criog\u00e9nica"},"content":{"rendered":"A ZECO Valve oferece uma s\u00e9rie de v\u00e1lvulas criog\u00eanicas de alta qualidade comprovada, conforme demonstrado por evid\u00eancias t\u00e9cnicas. Oferecemos v\u00e1lvulas de gaveta, globo, reten\u00e7\u00e3o, borboleta e esfera de a\u00e7o inoxid\u00e1vel e a\u00e7o carbono fundido para processamento, armazenamento, envio e distribui\u00e7\u00e3o de fluidos criog\u00eanicos at\u00e9 -196 \u2103.\r\n\r\n\r\n\r\n\r\n<figure class=\"wp-block-image alignnone size-medium wp-image-16242\"><img loading=\"lazy\" decoding=\"async\" width=\"300\" height=\"225\" class=\"wp-image-16242\" src=\"https:\/\/zecovalve.com\/wp-content\/uploads\/2022\/06\/cryogenic-butterfly-valve-300x225.jpg\" alt=\"V\u00e1lvula borboleta criog\u00e9nica\" srcset=\"https:\/\/zecovalve.com\/wp-content\/uploads\/2022\/06\/cryogenic-butterfly-valve-300x225.jpg 300w, https:\/\/zecovalve.com\/wp-content\/uploads\/2022\/06\/cryogenic-butterfly-valve-768x576.jpg 768w, https:\/\/zecovalve.com\/wp-content\/uploads\/2022\/06\/cryogenic-butterfly-valve-600x450.jpg 600w, https:\/\/zecovalve.com\/wp-content\/uploads\/2022\/06\/cryogenic-butterfly-valve.jpg 800w\" sizes=\"auto, (max-width: 300px) 100vw, 300px\" \/><\/figure>\r\n\r\n\r\n<div class=\"gb-button-wrapper gb-button-wrapper-6d8495a3\">\r\n\r\n<a class=\"gb-button gb-button-3d442e11 gb-button-text\" href=\"https:\/\/zecovalve.com\/pt\/contact\/\" target=\"_blank\" rel=\"noopener noreferrer\"><strong>OBTER PRE\u00c7O DA V\u00c1LVULA BORBOLETA CRIOG\u00caNICA<\/strong><\/a>\r\n\r\n<\/div>\r\n\r\n\r\n\r\n\r\n<h2 class=\"wp-block-heading\" id=\"h-what-is-a-cryogenic-butterfly-valve\">O que \u00e9 uma v\u00e1lvula de borboleta criog\u00e9nica?<\/h2>\r\n\r\n\r\n\r\n\r\nA v\u00e1lvula borboleta ZECO para servi\u00e7o criog\u00eanico foi projetada para servi\u00e7o de fechamento herm\u00e9tico e estrangulamento. O movimento do disco \u00e9 triplo deslocado. Isso elimina pontos de desgaste concentrados no anel de veda\u00e7\u00e3o e prolonga sua vida \u00fatil. Os padr\u00f5es de corpo padr\u00e3o s\u00e3o do tipo flangeado e soldado de topo. O tipo soldado de topo possui corpo estendido para evitar a condu\u00e7\u00e3o de calor para a \u00e1rea de veda\u00e7\u00e3o durante a instala\u00e7\u00e3o da soldagem. Uma porta de inspe\u00e7\u00e3o na parte superior do corpo permite f\u00e1cil inspe\u00e7\u00e3o, manuten\u00e7\u00e3o e substitui\u00e7\u00e3o de pe\u00e7as internas sem a necessidade de remover a v\u00e1lvula ou cortar o tubo. Para evitar tens\u00f5es internas no castelo durante o per\u00edodo de arrefecimento, todas as juntas do castelo s\u00e3o aparafusadas. Este cap\u00f4 \u00e9 estendido para garantir que a \u00e1rea da sobreposta permane\u00e7a livre de congelamento, mesmo em temperaturas abaixo de -196\u02daC. A v\u00e1lvula pode ser instalada com o eixo em qualquer dire\u00e7\u00e3o. A perfura\u00e7\u00e3o do flange superior est\u00e1 de acordo com os padr\u00f5es ISO 5211 para caber em uma grande variedade de engrenagens e atuadores.\r\n\r\n\r\n\r\n\r\n<h2 class=\"wp-block-heading\">Gama de produtos da v\u00e1lvula borboleta criog\u00e9nica<\/h2>\r\n\r\n\r\n\r\n<ul class=\"wp-block-list\">\r\n \t<li>V\u00e1lvula borboleta para servi\u00e7o criog\u00eanico (-196 a ~ +100 graus C)<\/li>\r\n \t<li>Classifica\u00e7\u00e3o de press\u00e3o: V\u00e1cuo at\u00e9 75 bar (CL 300)<\/li>\r\n \t<li>Tamanho: 100 mm (4 polegadas) at\u00e9 600 mm (24 polegadas)<\/li>\r\n \t<li>Design bidirecional. Press\u00e3o de trabalho 10barg<\/li>\r\n \t<li>Com extremidades para soldagem de topo ou extremidades flangeadas<\/li>\r\n \t<li>Com acesso para inspe\u00e7\u00e3o\/manuten\u00e7\u00e3o (entrada lateral)<\/li>\r\n \t<li>Eixo de deslocamento duplo (para tipo com sede de metal com deslocamento triplo, consulte a p\u00e1gina 9)<\/li>\r\n \t<li>Eixo s\u00f3lido de pe\u00e7a dupla<\/li>\r\n \t<li>A v\u00e1lvula pode ser instalada em qualquer orienta\u00e7\u00e3o<\/li>\r\n \t<li>Conformidade com o padr\u00e3o: V\u00e1lvulas BS 6364 para servi\u00e7o criog\u00eanico<\/li>\r\n \t<li>Fire Safe aprovado de acordo com BS 6755<\/li>\r\n \t<li>Cap\u00f4\/eixo estendido para acesso seguro<\/li>\r\n<\/ul>\r\n\r\n\r\n\r\n<h2 class=\"wp-block-heading\">Aplica\u00e7\u00f5es da v\u00e1lvula borboleta criog\u00e9nica<\/h2>\r\n\r\n\r\n\r\n\r\nAs aplica\u00e7\u00f5es mais t\u00edpicas para as v\u00e1lvulas criog\u00eanicas s\u00e3o g\u00e1s natural, terminais de recebimento de GNL, trens de GNL, armazenamento de GNL, transportadores de GNL, etc. Os produtos ZECO tamb\u00e9m s\u00e3o usados em um amplo espectro de ind\u00fastrias, por exemplo, qu\u00edmica e petroqu\u00edmica, usinas nucleares e convencionais. , offshore e amplamente na ind\u00fastria de g\u00e1s industrial.\r\n\r\n\r\n\r\n\r\n<h2 class=\"wp-block-heading\" id=\"h-features-of-cryogenic-butterfly-valve\">Caracter\u00edsticas da v\u00e1lvula borboleta criog\u00e9nica:<\/h2>\r\n\r\n\r\n\r\n<ul class=\"wp-block-list\">\r\n \t<li>Criog\u00eanico por design\r\n<ul>\r\n \t<li>As v\u00e1lvulas borboleta criog\u00eanicas s\u00e3o projetadas especificamente para servi\u00e7os de temperatura de linha abaixo de zero. Estas v\u00e1lvulas manuseiam fluidos criog\u00eanicos de maneira eficiente e confi\u00e1vel, com requisitos m\u00ednimos de manuten\u00e7\u00e3o<\/li>\r\n<\/ul>\r\n<\/li>\r\n \t<li>Compacto para melhor controle de temperatura\r\n<ul>\r\n \t<li>O tamanho compacto das v\u00e1lvulas estilo wafer e lug permite tempos m\u00ednimos de estabiliza\u00e7\u00e3o da temperatura no aquecimento ou no resfriamento da linha.<\/li>\r\n<\/ul>\r\n<\/li>\r\n \t<li>Flexibilidade de aplica\u00e7\u00e3o\r\n<ul>\r\n \t<li>Os materiais de constru\u00e7\u00e3o em a\u00e7o inoxid\u00e1vel proporcionam m\u00e1xima flexibilidade de servi\u00e7o e aplica\u00e7\u00f5es de m\u00eddia.<\/li>\r\n<\/ul>\r\n<\/li>\r\n \t<li>Projetado para atua\u00e7\u00e3o e f\u00e1cil ajuste\r\n<ul>\r\n \t<li>Extens\u00f5es de eixo e castelo integralmente soldadas permitem que os atuadores de v\u00e1lvula sejam montados bem acima do isolamento da tubula\u00e7\u00e3o e proporcionam f\u00e1cil ajuste da press\u00e3o da sobreposta da gaxeta da haste<\/li>\r\n<\/ul>\r\n<\/li>\r\n<\/ul>\r\n\r\n\r\n\r\n<h2 class=\"wp-block-heading\" id=\"h-material-of-cryogenic-butterfly-valve\">Material da v\u00e1lvula borboleta criog\u00e9nica<\/h2>\r\n\r\n\r\n\r\n<figure class=\"wp-block-table\">\r\n<table>\r\n<tbody>\r\n<tr>\r\n<td>N\u00e3o<\/td>\r\n<td>Parte<\/td>\r\n<td>Material<\/td>\r\n<\/tr>\r\n<tr>\r\n<td>1<\/td>\r\n<td>Corpo<\/td>\r\n<td>ASTM A351 CF3M<\/td>\r\n<\/tr>\r\n<tr>\r\n<td>2<\/td>\r\n<td>Anel de veda\u00e7\u00e3o<\/td>\r\n<td>Grafite + SS316L<\/td>\r\n<\/tr>\r\n<tr>\r\n<td>3<\/td>\r\n<td>Flange de reten\u00e7\u00e3o<\/td>\r\n<td>ASTM A182 F316L<\/td>\r\n<\/tr>\r\n<tr>\r\n<td>4<\/td>\r\n<td>Pino<\/td>\r\n<td>ASTM A276 316L<\/td>\r\n<\/tr>\r\n<tr>\r\n<td>5<\/td>\r\n<td>Disco<\/td>\r\n<td>ASTM A351 CF3M<\/td>\r\n<\/tr>\r\n<tr>\r\n<td>6<\/td>\r\n<td>Caule<\/td>\r\n<td>ASTM A276 316L<\/td>\r\n<\/tr>\r\n<tr>\r\n<td>7<\/td>\r\n<td>Enchimento da haste<\/td>\r\n<td>Grafite<\/td>\r\n<\/tr>\r\n<tr>\r\n<td>8<\/td>\r\n<td>Batimento do tronco<\/td>\r\n<td>SS316L + R.TFE<\/td>\r\n<\/tr>\r\n<tr>\r\n<td>9<\/td>\r\n<td>Parafuso<\/td>\r\n<td>ASTM A193 B8M<\/td>\r\n<\/tr>\r\n<tr>\r\n<td>10<\/td>\r\n<td>Porca<\/td>\r\n<td>ASTM A194 8M<\/td>\r\n<\/tr>\r\n<tr>\r\n<td>11<\/td>\r\n<td>Jugo<\/td>\r\n<td>ASTM A351 CF3M<\/td>\r\n<\/tr>\r\n<\/tbody>\r\n<\/table>\r\n<\/figure>","protected":false},"excerpt":{"rendered":"<p>A ZECO Valve oferece uma s\u00e9rie de v\u00e1lvulas criog\u00eanicas de alta qualidade comprovada, conforme demonstrado por evid\u00eancias t\u00e9cnicas. Oferecemos a\u00e7o inoxid\u00e1vel e ... <a title=\"V\u00e1lvula borboleta criog\u00e9nica\" class=\"read-more\" href=\"https:\/\/zecovalve.com\/pt\/produto\/cryogenic-butterfly-valve\" aria-label=\"Mais em V\u00e1lvula Borboleta Criog\u00eanica\">Ler mais<\/a><\/p>","protected":false},"featured_media":16242,"comment_status":"closed","ping_status":"closed","template":"","meta":{"_generate-full-width-content":"","kt_blocks_editor_width":""},"product_cat":[2044,2469,2604],"product_tag":[],"class_list":["post-16241","product","type-product","status-publish","has-post-thumbnail","hentry","product_cat-butterfly-valve","product_cat-butterfly-valve-by-material","product_cat-triple-offset-butterfly-valve","sales-flash-overlay","woocommerce-text-align-center","woocommerce-image-align-center","do-quantity-buttons"],"featured_image_src_large":["https:\/\/zecovalve.com\/wp-content\/uploads\/2022\/06\/cryogenic-butterfly-valve.jpg",800,600,false],"author_info":[],"comment_info":0,"taxonomy_info":{"product_cat":[{"value":2044,"label":"Butterfly Valve"},{"value":2469,"label":"Butterfly Valve By Material"},{"value":2604,"label":"Triple Offset Butterfly Valve"}]},"yoast_head":"<!-- This site is optimized with the Yoast SEO Premium plugin v15.4 - https:\/\/yoast.com\/wordpress\/plugins\/seo\/ -->\n<title>Cryogenic Butterfly Valve - Cryogenic Valve Manufacturer | ZECO Valve<\/title>\n<meta name=\"robots\" content=\"index, follow, max-snippet:-1, max-image-preview:large, max-video-preview:-1\" \/>\n<link rel=\"canonical\" href=\"https:\/\/zecovalve.com\/pt\/produto\/cryogenic-butterfly-valve\" \/>\n<meta property=\"og:locale\" content=\"pt_PT\" \/>\n<meta property=\"og:type\" content=\"article\" \/>\n<meta property=\"og:title\" content=\"Cryogenic Butterfly Valve - Cryogenic Valve Manufacturer | ZECO Valve\" \/>\n<meta property=\"og:description\" content=\"ZECO Valve offers a series of cryogenic valves of proven high quality, as demonstrated by technical evidence. We offer stainless steel and ... Ler mais\" \/>\n<meta property=\"og:url\" content=\"https:\/\/zecovalve.com\/pt\/produto\/cryogenic-butterfly-valve\" \/>\n<meta property=\"og:site_name\" content=\"ZECO Valve\" \/>\n<meta property=\"article:modified_time\" content=\"2022-07-23T13:33:54+00:00\" \/>\n<meta property=\"og:image\" content=\"https:\/\/zecovalve.com\/wp-content\/uploads\/2022\/06\/cryogenic-butterfly-valve.jpg\" \/>\n\t<meta property=\"og:image:width\" content=\"800\" \/>\n\t<meta property=\"og:image:height\" content=\"600\" \/>\n<meta name=\"twitter:card\" content=\"summary_large_image\" \/>\n<meta name=\"twitter:label1\" content=\"Escrito por\">\n\t<meta name=\"twitter:data1\" content=\"Jerry\">\n\t<meta name=\"twitter:label2\" content=\"Tempo estimado de leitura\">\n\t<meta name=\"twitter:data2\" content=\"2 minutos\">\n<script type=\"application\/ld+json\" class=\"yoast-schema-graph\">{\"@context\":\"https:\/\/schema.org\",\"@graph\":[{\"@type\":\"WebSite\",\"@id\":\"https:\/\/zecovalve.com\/#website\",\"url\":\"https:\/\/zecovalve.com\/\",\"name\":\"ZECO Valve\",\"description\":\"Industrial Ball Valve, Gate Valve and Globe Valve Manufacturer\",\"potentialAction\":[{\"@type\":\"SearchAction\",\"target\":\"https:\/\/zecovalve.com\/?s={search_term_string}\",\"query-input\":\"required name=search_term_string\"}],\"inLanguage\":\"pt-PT\"},{\"@type\":\"ImageObject\",\"@id\":\"https:\/\/zecovalve.com\/product\/cryogenic-butterfly-valve#primaryimage\",\"inLanguage\":\"pt-PT\",\"url\":\"https:\/\/zecovalve.com\/wp-content\/uploads\/2022\/06\/cryogenic-butterfly-valve.jpg\",\"width\":800,\"height\":600,\"caption\":\"Cryogenic Butterfly Valve\"},{\"@type\":\"WebPage\",\"@id\":\"https:\/\/zecovalve.com\/product\/cryogenic-butterfly-valve#webpage\",\"url\":\"https:\/\/zecovalve.com\/product\/cryogenic-butterfly-valve\",\"name\":\"Cryogenic Butterfly Valve - Cryogenic Valve Manufacturer | ZECO Valve\",\"isPartOf\":{\"@id\":\"https:\/\/zecovalve.com\/#website\"},\"primaryImageOfPage\":{\"@id\":\"https:\/\/zecovalve.com\/product\/cryogenic-butterfly-valve#primaryimage\"},\"datePublished\":\"2022-06-20T09:01:32+00:00\",\"dateModified\":\"2022-07-23T13:33:54+00:00\",\"breadcrumb\":{\"@id\":\"https:\/\/zecovalve.com\/product\/cryogenic-butterfly-valve#breadcrumb\"},\"inLanguage\":\"pt-PT\",\"potentialAction\":[{\"@type\":\"ReadAction\",\"target\":[\"https:\/\/zecovalve.com\/product\/cryogenic-butterfly-valve\"]}]},{\"@type\":\"BreadcrumbList\",\"@id\":\"https:\/\/zecovalve.com\/product\/cryogenic-butterfly-valve#breadcrumb\",\"itemListElement\":[{\"@type\":\"ListItem\",\"position\":1,\"item\":{\"@type\":\"WebPage\",\"@id\":\"https:\/\/zecovalve.com\/\",\"url\":\"https:\/\/zecovalve.com\/\",\"name\":\"Home\"}},{\"@type\":\"ListItem\",\"position\":2,\"item\":{\"@type\":\"WebPage\",\"@id\":\"https:\/\/zecovalve.com\/product-category\",\"url\":\"https:\/\/zecovalve.com\/product-category\",\"name\":\"Industrial Valve Manufacturer | Water Valve Manufacturer\"}},{\"@type\":\"ListItem\",\"position\":3,\"item\":{\"@type\":\"WebPage\",\"@id\":\"https:\/\/zecovalve.com\/product\/cryogenic-butterfly-valve\",\"url\":\"https:\/\/zecovalve.com\/product\/cryogenic-butterfly-valve\",\"name\":\"Cryogenic Butterfly Valve\"}}]}]}<\/script>\n<!-- \/ Yoast SEO Premium plugin. -->","_links":{"self":[{"href":"https:\/\/zecovalve.com\/pt\/wp-json\/wp\/v2\/product\/16241","targetHints":{"allow":["GET"]}}],"collection":[{"href":"https:\/\/zecovalve.com\/pt\/wp-json\/wp\/v2\/product"}],"about":[{"href":"https:\/\/zecovalve.com\/pt\/wp-json\/wp\/v2\/types\/product"}],"replies":[{"embeddable":true,"href":"https:\/\/zecovalve.com\/pt\/wp-json\/wp\/v2\/comments?post=16241"}],"wp:featuredmedia":[{"embeddable":true,"href":"https:\/\/zecovalve.com\/pt\/wp-json\/wp\/v2\/media\/16242"}],"wp:attachment":[{"href":"https:\/\/zecovalve.com\/pt\/wp-json\/wp\/v2\/media?parent=16241"}],"wp:term":[{"taxonomy":"product_cat","embeddable":true,"href":"https:\/\/zecovalve.com\/pt\/wp-json\/wp\/v2\/product_cat?post=16241"},{"taxonomy":"product_tag","embeddable":true,"href":"https:\/\/zecovalve.com\/pt\/wp-json\/wp\/v2\/product_tag?post=16241"}],"curies":[{"name":"wp","href":"https:\/\/api.w.org\/{rel}","templated":true}]}}