{"id":16245,"date":"2022-06-20T09:04:23","date_gmt":"2022-06-20T09:04:23","guid":{"rendered":"https:\/\/zecovalve.com\/?post_type=product&#038;p=16245"},"modified":"2022-09-01T00:56:22","modified_gmt":"2022-09-01T00:56:22","slug":"motorized-butterfly-valve","status":"publish","type":"product","link":"https:\/\/zecovalve.com\/pt\/produto\/motorized-butterfly-valve","title":{"rendered":"V\u00e1lvula borboleta motorizada"},"content":{"rendered":"<p>A v\u00e1lvula borboleta acionada eletricamente \u00e9 usada para controle liga-desliga de \u00e1gua e outros meios compat\u00edveis com os materiais de constru\u00e7\u00e3o.<\/p>\r\n\r\n\r\n\r\n<figure class=\"wp-block-image alignnone size-medium wp-image-16246\"><img loading=\"lazy\" decoding=\"async\" width=\"300\" height=\"225\" class=\"wp-image-16246\" src=\"https:\/\/zecovalve.com\/wp-content\/uploads\/2022\/06\/motorized-butterfly-valve-300x225.jpg\" alt=\"V\u00e1lvula borboleta motorizada\" srcset=\"https:\/\/zecovalve.com\/wp-content\/uploads\/2022\/06\/motorized-butterfly-valve-300x225.jpg 300w, https:\/\/zecovalve.com\/wp-content\/uploads\/2022\/06\/motorized-butterfly-valve-768x576.jpg 768w, https:\/\/zecovalve.com\/wp-content\/uploads\/2022\/06\/motorized-butterfly-valve-600x450.jpg 600w, https:\/\/zecovalve.com\/wp-content\/uploads\/2022\/06\/motorized-butterfly-valve.jpg 800w\" sizes=\"auto, (max-width: 300px) 100vw, 300px\" \/><\/figure>\r\n\r\n\r\n<div class=\"gb-button-wrapper gb-button-wrapper-6d8495a3\">\r\n\r\n\r\n<p><a class=\"gb-button gb-button-3d442e11 gb-button-text\" href=\"mailto:commercial@zecovalve.com\" target=\"_blank\" rel=\"noopener noreferrer\"><strong>OBTER PRE\u00c7O DA V\u00c1LVULA BORBOLETA MOTORIZADA<\/strong><\/a><\/p>\r\n<\/div>\r\n\r\n\r\n\r\n\r\n<h2 class=\"wp-block-heading\" id=\"h-what-is-a-motorized-butterfly-valve\">O que \u00e9 uma v\u00e1lvula borboleta motorizada?<\/h2>\r\n\r\n\r\n\r\n<p>Uma v\u00e1lvula borboleta motorizada \u00e9 um tipo de v\u00e1lvula que pode ser usada para isolar ou regular o fluxo. O mecanismo de fechamento \u00e9 o disco, que fica no centro do corpo da v\u00e1lvula. O disco \u00e9 conectado a uma al\u00e7a ou atuador atrav\u00e9s do eixo, que passa do disco pela parte superior do corpo da v\u00e1lvula.<\/p>\r\n\r\n\r\n\r\n<p>A v\u00e1lvula borboleta motorizada ZECO \u00e9 adequada para regula\u00e7\u00e3o de fluxo. Como o disco da v\u00e1lvula borboleta e os componentes da haste ainda apresentam o problema de resistir ao fluxo m\u00e9dio na tubula\u00e7\u00e3o, a perda de press\u00e3o da v\u00e1lvula borboleta ainda \u00e9 maior do que a da v\u00e1lvula gaveta. Portanto, a influ\u00eancia da perda de press\u00e3o deve ser considerada ao selecionar uma v\u00e1lvula borboleta motorizada como v\u00e1lvula reguladora ou de comuta\u00e7\u00e3o. Mas a estrutura do comprimento da v\u00e1lvula borboleta \u00e9 curta, a altura geral ser\u00e1 curta em compara\u00e7\u00e3o com outras v\u00e1lvulas, ao mesmo tempo, a velocidade de abertura el\u00e9trica, engrenagem ou manopla \u00e9 mais r\u00e1pida do que muitas outras opera\u00e7\u00f5es de v\u00e1lvula, ao mesmo tempo tem um bom controle de fluxo caracter\u00edsticas, portanto o uso da gama de v\u00e1lvulas borboleta motorizadas \u00e9 muito ampla, geralmente como a regula\u00e7\u00e3o de v\u00e1lvulas motorizadas e v\u00e1lvulas de comuta\u00e7\u00e3o motorizadas s\u00e3o usadas em petr\u00f3leo, ind\u00fastria qu\u00edmica, usinas de energia, farmac\u00eautica, constru\u00e7\u00e3o naval, metalurgia e outras \u00e1reas industriais, ao mesmo tempo como o sistema de tubula\u00e7\u00e3o da v\u00e1lvula de corte, v\u00e1lvula de controle e v\u00e1lvula de reten\u00e7\u00e3o. A ZECO, como fabricante profissional de v\u00e1lvulas borboleta motorizadas, geralmente usa v\u00e1lvulas borboleta exc\u00eantricas triplas ou exc\u00eantricas duplas com veda\u00e7\u00e3o met\u00e1lica especialmente projetadas como produtos recomendados para usu\u00e1rios em condi\u00e7\u00f5es especiais de trabalho.<\/p>\r\n\r\n\r\n\r\n<h2 class=\"wp-block-heading\">Como funciona uma v\u00e1lvula borboleta motorizada?<\/h2>\r\n\r\n\r\n\r\n<p>Uma v\u00e1lvula borboleta motorizada opera alterando a posi\u00e7\u00e3o de um disco redondo localizado dentro de uma tubula\u00e7\u00e3o. O disco tem o tamanho da circunfer\u00eancia do tubo, o que permite criar uma veda\u00e7\u00e3o confi\u00e1vel durante os casos em que \u00e9 necess\u00e1rio restringir ou interromper o fluxo do meio do processo. As v\u00e1lvulas borboleta motorizadas est\u00e3o dispon\u00edveis em v\u00e1rios tamanhos, portanto, qualquer f\u00e1brica poder\u00e1 solicitar uma que se encaixe e opere especificamente em suas tubula\u00e7\u00f5es. As faixas de tamanhos mais comuns para v\u00e1lvulas borboleta e seus discos variam entre alguns cent\u00edmetros e alguns p\u00e9s, embora aplica\u00e7\u00f5es industriais maiores desta v\u00e1lvula espec\u00edfica possam abranger um pouco mais do que as faixas t\u00edpicas.<\/p>\r\n\r\n\r\n\r\n<p>Quando um disco de v\u00e1lvula borboleta motorizada est\u00e1 na posi\u00e7\u00e3o fechada, a tubula\u00e7\u00e3o \u00e9 completamente bloqueada e o fluxo \u00e9 interrompido. O disco da v\u00e1lvula \u00e9 fixado ao eixo da v\u00e1lvula, que \u00e9 ent\u00e3o controlado por um motor. Quando este motor move a v\u00e1lvula para a posi\u00e7\u00e3o aberta, o disco fica paralelo \u00e0 tubula\u00e7\u00e3o e os l\u00edquidos podem fluir atrav\u00e9s do disco em ambos os lados. Ainda h\u00e1 uma queda no volume do fluxo porque o pr\u00f3prio disco ainda est\u00e1 presente na tubula\u00e7\u00e3o. No entanto, o fluxo pode passar. Se o fluxo precisar ser estrangulado, controlado ou regulado para volume conforme a produ\u00e7\u00e3o precisa mudar, o motor pode girar o disco para uma posi\u00e7\u00e3o onde ele fique parcialmente aberto. Se uma quantidade vari\u00e1vel de fluxo volum\u00e9trico de meio de processo for necess\u00e1ria para a produ\u00e7\u00e3o, a v\u00e1lvula borboleta motorizada pode se ajustar durante o processo para fornecer quantidades adequadas de l\u00edquido.<\/p>\r\n\r\n\r\n\r\n<h2 class=\"wp-block-heading\">Aplica\u00e7\u00f5es da v\u00e1lvula borboleta acionada eletricamente<\/h2>\r\n\r\n\r\n\r\n<p>As v\u00e1lvulas borboleta s\u00e3o v\u00e1lvulas de isolamento utilizadas nas redes de abastecimento de \u00e1gua, nas interliga\u00e7\u00f5es de redes, nas f\u00e1bricas, nas esta\u00e7\u00f5es elevat\u00f3rias, nas redes gerais e nas redes de prote\u00e7\u00e3o contra inc\u00eandios em instala\u00e7\u00f5es industriais.<\/p>\r\n\r\n\r\n\r\n<h2 class=\"wp-block-heading\" id=\"h-features-of-motorized-butterfly-valves\">Caracter\u00edsticas das v\u00e1lvulas borboleta motorizadas<\/h2>\r\n\r\n\r\n\r\n<ul class=\"wp-block-list\">\r\n<li>1. A base de montagem da v\u00e1lvula borboleta motorizada ZECO \u00e9 projetada de acordo com ISO 5211. \u00c9 f\u00e1cil para o usu\u00e1rio configurar o atuador el\u00e9trico padr\u00e3o sozinho ou diretamente pela entrega do atuador el\u00e9trico totalmente configurado da ZECO;<\/li>\r\n<li>2. A haste superior e inferior da v\u00e1lvula borboleta motorizada ZECO \u00e9 projetada para anti-explos\u00e3o. Este design evita o risco de explos\u00e3o quando a manuten\u00e7\u00e3o \u00e9 necess\u00e1ria;<\/li>\r\n<li>3. A veda\u00e7\u00e3o da v\u00e1lvula borboleta motorizada ZECO \u00e9 projetada para seguran\u00e7a contra inc\u00eandio. A veda\u00e7\u00e3o n\u00e3o tem sede resiliente e pode atender aos requisitos de teste de fogo API 607;<\/li>\r\n<li>4. O torque da v\u00e1lvula borboleta motorizada ZECO \u00e9 baixo. Os usu\u00e1rios podem combinar uma marcha mais baixa do que o atuador el\u00e9trico convencional, economizando custos.<\/li>\r\n<li>A prote\u00e7\u00e3o contra sobrecarga mant\u00e9m a v\u00e1lvula e seu projeto seguros<\/li>\r\n<li>V\u00e1rios m\u00e9todos de controle para escolha<\/li>\r\n<li>Classe de prote\u00e7\u00e3o \u00e0 prova de intemp\u00e9ries adequada para uso externo<\/li>\r\n<li>Padr\u00e3o de montagem ISO 5211 que pode ser adequado para todos os tipos de v\u00e1lvula borboleta<\/li>\r\n<li>Dispon\u00edvel no ajuste do \u00e2ngulo de abertura\/fechamento para facilitar o controle de fluxo<\/li>\r\n<li>Rigoroso controle de qualidade com ISO9001:2015 para garantir uma baixa taxa de falhas do atuador<\/li>\r\n<li>Fornece v\u00e1lvulas borboleta wafer\/lugged\/flangeadas\/tri-clamp para atender aos requisitos de sua tubula\u00e7\u00e3o.<\/li>\r\n<li>Grande variedade de tamanhos para escolha e que pode atender ao tamanho do seu pipeline.<\/li>\r\n<li>F\u00e1cil instala\u00e7\u00e3o e f\u00e1cil manuten\u00e7\u00e3o. Longa vida \u00fatil.<\/li>\r\n<li>Todas as v\u00e1lvulas borboleta passaram no teste de material. Ecologicamente correto.<\/li>\r\n<li>Alto fluxo, leve, v\u00e1rios tipos de conex\u00e3o para escolha<\/li>\r\n<\/ul>\r\n\r\n\r\n\r\n<h2 class=\"wp-block-heading\" id=\"h-material-of-motorized-butterfly-valves\">Material das v\u00e1lvulas borboleta motorizadas<\/h2>\r\n\r\n\r\n\r\n<figure class=\"wp-block-table\">\r\n<table>\r\n<tbody>\r\n<tr>\r\n<td>N\u00e3o<\/td>\r\n<td>Parte<\/td>\r\n<td>Material<\/td>\r\n<\/tr>\r\n<tr>\r\n<td>1<\/td>\r\n<td>Corpo<\/td>\r\n<td>ASTM A351 CF8M<\/td>\r\n<\/tr>\r\n<tr>\r\n<td>2<\/td>\r\n<td>Anel de veda\u00e7\u00e3o<\/td>\r\n<td>Grafite + SS316<\/td>\r\n<\/tr>\r\n<tr>\r\n<td>3<\/td>\r\n<td>Flange de reten\u00e7\u00e3o<\/td>\r\n<td>ASTM A182 F316<\/td>\r\n<\/tr>\r\n<tr>\r\n<td>4<\/td>\r\n<td>Pino<\/td>\r\n<td>ASTM A276 316<\/td>\r\n<\/tr>\r\n<tr>\r\n<td>5<\/td>\r\n<td>Disco<\/td>\r\n<td>ASTM A351 CF8M<\/td>\r\n<\/tr>\r\n<tr>\r\n<td>6<\/td>\r\n<td>Caule<\/td>\r\n<td>ASTM A276 316<\/td>\r\n<\/tr>\r\n<tr>\r\n<td>7<\/td>\r\n<td>Enchimento da haste<\/td>\r\n<td>Grafite<\/td>\r\n<\/tr>\r\n<tr>\r\n<td>8<\/td>\r\n<td>Batimento do tronco<\/td>\r\n<td>SS316 +PTFE<\/td>\r\n<\/tr>\r\n<tr>\r\n<td>9<\/td>\r\n<td>Parafuso<\/td>\r\n<td>ASTM A193 B8M<\/td>\r\n<\/tr>\r\n<tr>\r\n<td>10<\/td>\r\n<td>Porca<\/td>\r\n<td>ASTM A194 8M<\/td>\r\n<\/tr>\r\n<tr>\r\n<td>11<\/td>\r\n<td>Jugo<\/td>\r\n<td>ASTM A216 WCB<\/td>\r\n<\/tr>\r\n<\/tbody>\r\n<\/table>\r\n<\/figure>","protected":false},"excerpt":{"rendered":"<p>A v\u00e1lvula borboleta acionada eletricamente \u00e9 usada para controle liga-desliga de \u00e1gua e outros meios compat\u00edveis com os materiais de constru\u00e7\u00e3o. O que \u2026 <a title=\"V\u00e1lvula borboleta motorizada\" class=\"read-more\" href=\"https:\/\/zecovalve.com\/pt\/produto\/motorized-butterfly-valve\" aria-label=\"Mais em V\u00e1lvula Borboleta Motorizada\">Ler mais<\/a><\/p>","protected":false},"featured_media":16246,"comment_status":"closed","ping_status":"closed","template":"","meta":{"_generate-full-width-content":"","kt_blocks_editor_width":""},"product_cat":[2044,2468],"product_tag":[2806,2766,2727,2801],"class_list":["post-16245","product","type-product","status-publish","has-post-thumbnail","hentry","product_cat-butterfly-valve","product_cat-butterfly-valve-by-drive-mode","product_tag-butterfly-valve-wafer-type","product_tag-motorised-valve","product_tag-motorized-valve","product_tag-wafer-type-butterfly-valve","sales-flash-overlay","woocommerce-text-align-center","woocommerce-image-align-center","do-quantity-buttons"],"featured_image_src_large":["https:\/\/zecovalve.com\/wp-content\/uploads\/2022\/06\/motorized-butterfly-valve.jpg",800,600,false],"author_info":[],"comment_info":0,"taxonomy_info":{"product_cat":[{"value":2044,"label":"Butterfly Valve"},{"value":2468,"label":"Butterfly Valve By Drive Mode"}],"product_tag":[{"value":2806,"label":"Butterfly Valve Wafer Type"},{"value":2766,"label":"Motorised Valve"},{"value":2727,"label":"Motorized Valve"},{"value":2801,"label":"Wafer Type Butterfly Valve"}]},"yoast_head":"<!-- This site is optimized with the Yoast SEO Premium plugin v15.4 - https:\/\/yoast.com\/wordpress\/plugins\/seo\/ -->\n<title>Motorized Butterfly Valve - Electrically Actuated Butterfly Valve | ZECO Valve<\/title>\n<meta name=\"robots\" content=\"index, follow, max-snippet:-1, max-image-preview:large, max-video-preview:-1\" \/>\n<link rel=\"canonical\" href=\"https:\/\/zecovalve.com\/pt\/produto\/motorized-butterfly-valve\" \/>\n<meta property=\"og:locale\" content=\"pt_PT\" \/>\n<meta property=\"og:type\" content=\"article\" \/>\n<meta property=\"og:title\" content=\"Motorized Butterfly Valve - Electrically Actuated Butterfly Valve | ZECO Valve\" \/>\n<meta property=\"og:description\" content=\"The electrically actuated butterfly valve is used for on-off control of water and other media compatible with the materials of construction. What ... Ler mais\" \/>\n<meta property=\"og:url\" content=\"https:\/\/zecovalve.com\/pt\/produto\/motorized-butterfly-valve\" \/>\n<meta property=\"og:site_name\" content=\"ZECO Valve\" \/>\n<meta property=\"article:modified_time\" content=\"2022-09-01T00:56:22+00:00\" \/>\n<meta property=\"og:image\" content=\"https:\/\/zecovalve.com\/wp-content\/uploads\/2022\/06\/motorized-butterfly-valve.jpg\" \/>\n\t<meta property=\"og:image:width\" content=\"800\" \/>\n\t<meta property=\"og:image:height\" content=\"600\" \/>\n<meta name=\"twitter:card\" content=\"summary_large_image\" \/>\n<meta name=\"twitter:label1\" content=\"Escrito por\">\n\t<meta name=\"twitter:data1\" content=\"Jerry\">\n\t<meta name=\"twitter:label2\" content=\"Tempo estimado de leitura\">\n\t<meta name=\"twitter:data2\" content=\"4 minutos\">\n<script type=\"application\/ld+json\" class=\"yoast-schema-graph\">{\"@context\":\"https:\/\/schema.org\",\"@graph\":[{\"@type\":\"WebSite\",\"@id\":\"https:\/\/zecovalve.com\/#website\",\"url\":\"https:\/\/zecovalve.com\/\",\"name\":\"ZECO Valve\",\"description\":\"Industrial Ball Valve, Gate Valve and Globe Valve Manufacturer\",\"potentialAction\":[{\"@type\":\"SearchAction\",\"target\":\"https:\/\/zecovalve.com\/?s={search_term_string}\",\"query-input\":\"required name=search_term_string\"}],\"inLanguage\":\"pt-PT\"},{\"@type\":\"ImageObject\",\"@id\":\"https:\/\/zecovalve.com\/product\/motorized-butterfly-valve#primaryimage\",\"inLanguage\":\"pt-PT\",\"url\":\"https:\/\/zecovalve.com\/wp-content\/uploads\/2022\/06\/motorized-butterfly-valve.jpg\",\"width\":800,\"height\":600,\"caption\":\"Motorized Butterfly Valve\"},{\"@type\":\"WebPage\",\"@id\":\"https:\/\/zecovalve.com\/product\/motorized-butterfly-valve#webpage\",\"url\":\"https:\/\/zecovalve.com\/product\/motorized-butterfly-valve\",\"name\":\"Motorized Butterfly Valve - Electrically Actuated Butterfly Valve | ZECO Valve\",\"isPartOf\":{\"@id\":\"https:\/\/zecovalve.com\/#website\"},\"primaryImageOfPage\":{\"@id\":\"https:\/\/zecovalve.com\/product\/motorized-butterfly-valve#primaryimage\"},\"datePublished\":\"2022-06-20T09:04:23+00:00\",\"dateModified\":\"2022-09-01T00:56:22+00:00\",\"breadcrumb\":{\"@id\":\"https:\/\/zecovalve.com\/product\/motorized-butterfly-valve#breadcrumb\"},\"inLanguage\":\"pt-PT\",\"potentialAction\":[{\"@type\":\"ReadAction\",\"target\":[\"https:\/\/zecovalve.com\/product\/motorized-butterfly-valve\"]}]},{\"@type\":\"BreadcrumbList\",\"@id\":\"https:\/\/zecovalve.com\/product\/motorized-butterfly-valve#breadcrumb\",\"itemListElement\":[{\"@type\":\"ListItem\",\"position\":1,\"item\":{\"@type\":\"WebPage\",\"@id\":\"https:\/\/zecovalve.com\/\",\"url\":\"https:\/\/zecovalve.com\/\",\"name\":\"Home\"}},{\"@type\":\"ListItem\",\"position\":2,\"item\":{\"@type\":\"WebPage\",\"@id\":\"https:\/\/zecovalve.com\/product-category\",\"url\":\"https:\/\/zecovalve.com\/product-category\",\"name\":\"Industrial Valve Manufacturer | Water Valve Manufacturer\"}},{\"@type\":\"ListItem\",\"position\":3,\"item\":{\"@type\":\"WebPage\",\"@id\":\"https:\/\/zecovalve.com\/product\/motorized-butterfly-valve\",\"url\":\"https:\/\/zecovalve.com\/product\/motorized-butterfly-valve\",\"name\":\"Motorized Butterfly Valve\"}}]}]}<\/script>\n<!-- \/ Yoast SEO Premium plugin. -->","_links":{"self":[{"href":"https:\/\/zecovalve.com\/pt\/wp-json\/wp\/v2\/product\/16245","targetHints":{"allow":["GET"]}}],"collection":[{"href":"https:\/\/zecovalve.com\/pt\/wp-json\/wp\/v2\/product"}],"about":[{"href":"https:\/\/zecovalve.com\/pt\/wp-json\/wp\/v2\/types\/product"}],"replies":[{"embeddable":true,"href":"https:\/\/zecovalve.com\/pt\/wp-json\/wp\/v2\/comments?post=16245"}],"wp:featuredmedia":[{"embeddable":true,"href":"https:\/\/zecovalve.com\/pt\/wp-json\/wp\/v2\/media\/16246"}],"wp:attachment":[{"href":"https:\/\/zecovalve.com\/pt\/wp-json\/wp\/v2\/media?parent=16245"}],"wp:term":[{"taxonomy":"product_cat","embeddable":true,"href":"https:\/\/zecovalve.com\/pt\/wp-json\/wp\/v2\/product_cat?post=16245"},{"taxonomy":"product_tag","embeddable":true,"href":"https:\/\/zecovalve.com\/pt\/wp-json\/wp\/v2\/product_tag?post=16245"}],"curies":[{"name":"wp","href":"https:\/\/api.w.org\/{rel}","templated":true}]}}