{"id":16247,"date":"2022-06-20T09:11:40","date_gmt":"2022-06-20T09:11:40","guid":{"rendered":"https:\/\/zecovalve.com\/?post_type=product&#038;p=16247"},"modified":"2023-06-15T12:40:40","modified_gmt":"2023-06-15T12:40:40","slug":"manual-gate-valve","status":"publish","type":"product","link":"https:\/\/zecovalve.com\/pt\/produto\/manual-gate-valve","title":{"rendered":"V\u00e1lvula de gaveta manual"},"content":{"rendered":"<p>A v\u00e1lvula ZECO \u00e9 um fabricante, fornecedor e exportador l\u00edder de v\u00e1lvula gaveta operada manualmente. Oferecemos v\u00e1lvulas gaveta manuais em diversos tamanhos e dimens\u00f5es para fins industriais ou comerciais.<\/p>\r\n\r\n\r\n\r\n<figure class=\"wp-block-image alignnone size-medium wp-image-16248\"><img loading=\"lazy\" decoding=\"async\" width=\"300\" height=\"225\" class=\"wp-image-16248\" src=\"https:\/\/zecovalve.com\/wp-content\/uploads\/2022\/06\/manual-gate-valve-300x225.jpg\" alt=\"V\u00e1lvula de gaveta manual\" srcset=\"https:\/\/zecovalve.com\/wp-content\/uploads\/2022\/06\/manual-gate-valve-300x225.jpg 300w, https:\/\/zecovalve.com\/wp-content\/uploads\/2022\/06\/manual-gate-valve-768x576.jpg 768w, https:\/\/zecovalve.com\/wp-content\/uploads\/2022\/06\/manual-gate-valve-600x450.jpg 600w, https:\/\/zecovalve.com\/wp-content\/uploads\/2022\/06\/manual-gate-valve.jpg 800w\" sizes=\"auto, (max-width: 300px) 100vw, 300px\" \/><\/figure>\r\n\r\n\r\n<div class=\"gb-button-wrapper gb-button-wrapper-6d8495a3\">\r\n\r\n\r\n<p><a class=\"gb-button gb-button-3d442e11 gb-button-text\" href=\"mailto:commercial@zecovalve.com\" target=\"_blank\" rel=\"noopener noreferrer\"><strong>OBTER PRE\u00c7O DA V\u00c1LVULA DE GAVETA MANUAL<\/strong><\/a><\/p>\r\n<\/div>\r\n\r\n\r\n\r\n\r\n<h2 class=\"wp-block-heading\" id=\"h-what-is-a-manual-gate-valve\">O que \u00e9 uma v\u00e1lvula gaveta manual?<\/h2>\r\n\r\n\r\n\r\n<p>A v\u00e1lvula gaveta manual ZECO \u00e9 nomeada de acordo com o modo de condu\u00e7\u00e3o. A v\u00e1lvula gaveta operada manualmente \u00e9 geralmente uma v\u00e1lvula gaveta de pequeno di\u00e2metro. Como o torque de pequeno di\u00e2metro \u00e9 baixo, ele pode ser aberto facilmente por m\u00e3o de obra, portanto n\u00e3o h\u00e1 necessidade de desperdi\u00e7ar o custo do usu\u00e1rio mais a cabe\u00e7a da turbina ou o dispositivo de engrenagem c\u00f4nica. Como um produto de marca famosa de Xangai, China e Jiangsu, China, a ZECO se dedica a promover a marca ZECO para o mundo, fazendo com que a qualidade e o servi\u00e7o da marca ZECO se tornem produtos mundialmente famosos e fazendo com que os usu\u00e1rios de empresas petrol\u00edferas, empresas de engenharia e design as empresas reconhecem o ZECO mais passo a passo. Este \u00e9 um sentido de miss\u00e3o e responsabilidade da ZECO como marca nacional, que faz com que a v\u00e1lvula ZECO apare\u00e7a em todos os cantos do mundo e protege todos os oleodutos do mundo.<\/p>\r\n\r\n\r\n\r\n<h2 class=\"wp-block-heading\" id=\"h-features-of-manual-gate-valve\">Caracter\u00edsticas da v\u00e1lvula gaveta manual<\/h2>\r\n\r\n\r\n\r\n<ul class=\"wp-block-list\">\r\n<li>A cunha da v\u00e1lvula gaveta manual ZECO \u00e9 do tipo flex\u00edvel de cunha \u00fanica, proporcionando maior capacidade de veda\u00e7\u00e3o e menores requisitos de torque. Isso tamb\u00e9m torna a v\u00e1lvula gaveta manual ZECO mais f\u00e1cil de abrir e mais conveniente para opera\u00e7\u00e3o manual;<\/li>\r\n<li>A cunha da v\u00e1lvula gaveta manual ZECO possui ranhuras guia precisas, garantindo o alinhamento verdadeiro e fornecendo orienta\u00e7\u00e3o completa durante a opera\u00e7\u00e3o;<\/li>\r\n<li>Os an\u00e9is de sede da v\u00e1lvula gaveta manual ZECO s\u00e3o soldados por veda\u00e7\u00e3o no corpo e s\u00e3o feitos de a\u00e7o carbono com superf\u00edcies de sede de face dura. As faces dos assentos nas cunhas s\u00e3o feitas por soldagem em a\u00e7o inoxid\u00e1vel 13 CR ou Stellite. Al\u00e9m disso, as excelentes habilidades dos engenheiros de soldagem ZECO e a depura\u00e7\u00e3o de precis\u00e3o do rob\u00f4 de soldagem garantem o final de soldagem perfeito;<\/li>\r\n<li>A v\u00e1lvula gaveta manual ZECO \u00e9 fornecida com uma bucha de sede traseira no castelo, permitindo a substitui\u00e7\u00e3o da gaxeta da haste quando a v\u00e1lvula est\u00e1 na posi\u00e7\u00e3o totalmente aberta.<\/li>\r\n<li>Baixa Emiss\u00e3o: &lt;100 ppm<\/li>\r\n<li>Retid\u00e3o e redondeza da haste<\/li>\r\n<li>Acabamento da superf\u00edcie da haste no m\u00e1ximo. 32 R\u00e1<\/li>\r\n<li>Acabamento superficial da caixa de empanque no m\u00e1x. 125 Ra<\/li>\r\n<li>Cilindricidade da caixa de empanque e da sobreposta<\/li>\r\n<li>Projeto de gl\u00e2ndula autocentrante<\/li>\r\n<li>Gaxeta: An\u00e9is de grafite moldados com an\u00e9is superiores e inferiores de grafite tran\u00e7ado<\/li>\r\n<li>Juntas de cap\u00f4 corrugado em SS e grafite<\/li>\r\n<\/ul>\r\n\r\n\r\n\r\n<h2 class=\"wp-block-heading\">Vis\u00e3o geral do produto da v\u00e1lvula gaveta manual<\/h2>\r\n\r\n\r\n\r\n<figure class=\"wp-block-table\">\r\n<table>\r\n<tbody>\r\n<tr>\r\n<td>Design e Fabrica\u00e7\u00e3o<\/td>\r\n<td>ASME B16.34, API600, API 6D<\/td>\r\n<\/tr>\r\n<tr>\r\n<td>Cara a cara<\/td>\r\n<td>ASME B16.10<\/td>\r\n<\/tr>\r\n<tr>\r\n<td>Dimens\u00e3o de conex\u00e3o<\/td>\r\n<td>ASME B16.5, ASME B16.25<\/td>\r\n<\/tr>\r\n<tr>\r\n<td>Inspe\u00e7\u00e3o e Teste<\/td>\r\n<td>ISO5208, API598<\/td>\r\n<\/tr>\r\n<tr>\r\n<td>Gama de tamanhos<\/td>\r\n<td>1\/2 pol. a 48 pol.<\/td>\r\n<\/tr>\r\n<tr>\r\n<td>Press\u00e3o<\/td>\r\n<td>Classe 150\/Classe 300\/Classe 600\/Classe 900\/Classe 1500<\/td>\r\n<\/tr>\r\n<tr>\r\n<td>Temperatura M\u00e9dia<\/td>\r\n<td>-30\u00b0C a 450\u00b0C<\/td>\r\n<\/tr>\r\n<tr>\r\n<td>Op\u00e7\u00f5es de materiais<\/td>\r\n<td>A\u00e7o inoxid\u00e1vel 304\/316\/316L ou WCB<\/td>\r\n<\/tr>\r\n<\/tbody>\r\n<\/table>\r\n<\/figure>\r\n\r\n\r\n\r\n<h2 class=\"wp-block-heading\" id=\"h-material-of-manual-gate-valve\">Material da v\u00e1lvula gaveta manual<\/h2>\r\n\r\n\r\n\r\n<figure class=\"wp-block-table\">\r\n<table>\r\n<tbody>\r\n<tr>\r\n<td>N\u00e3o<\/td>\r\n<td>Parte<\/td>\r\n<td>Material<\/td>\r\n<\/tr>\r\n<tr>\r\n<td>1<\/td>\r\n<td>Corpo<\/td>\r\n<td>ASTM A216 WCB<\/td>\r\n<\/tr>\r\n<tr>\r\n<td>2<\/td>\r\n<td>Anel de assento<\/td>\r\n<td>ASTM A105 + STL<\/td>\r\n<\/tr>\r\n<tr>\r\n<td>3<\/td>\r\n<td>Cunha<\/td>\r\n<td>ASTM A216 WCB + 13Cr<\/td>\r\n<\/tr>\r\n<tr>\r\n<td>4<\/td>\r\n<td>Caule<\/td>\r\n<td>ASTM A276 410<\/td>\r\n<\/tr>\r\n<tr>\r\n<td>5<\/td>\r\n<td>Junta da tampa do compartimento<\/td>\r\n<td>Grafite + SS304<\/td>\r\n<\/tr>\r\n<tr>\r\n<td>6<\/td>\r\n<td>Parafuso do castelo<\/td>\r\n<td>ASTM A193 B7<\/td>\r\n<\/tr>\r\n<tr>\r\n<td>7<\/td>\r\n<td>Porca do castelo<\/td>\r\n<td>ASTM A194 2H<\/td>\r\n<\/tr>\r\n<tr>\r\n<td>8<\/td>\r\n<td>Bon\u00e9<\/td>\r\n<td>ASTM A216 WCB<\/td>\r\n<\/tr>\r\n<tr>\r\n<td>9<\/td>\r\n<td>Banco traseiro<\/td>\r\n<td>ASTM A182 F6a<\/td>\r\n<\/tr>\r\n<tr>\r\n<td>10<\/td>\r\n<td>Enchimento da haste<\/td>\r\n<td>Grafite refor\u00e7ada<\/td>\r\n<\/tr>\r\n<tr>\r\n<td>11<\/td>\r\n<td>Volante<\/td>\r\n<td>KTH330-08<\/td>\r\n<\/tr>\r\n<\/tbody>\r\n<\/table>\r\n<\/figure>\r\n\r\n\r\n\r\n<h2 class=\"wp-block-heading\">Aplica\u00e7\u00f5es de v\u00e1lvula gaveta manual<\/h2>\r\n\r\n\r\n\r\n<ul class=\"wp-block-list\">\r\n<li>refinamento de petr\u00f3leo<\/li>\r\n<li>Processamento qu\u00edmico<\/li>\r\n<li>Produ\u00e7\u00e3o de eletricidade<\/li>\r\n<li>Aplicativos que exigem que os fabricantes estejam em uma lista de fabricantes aprovados (AML)<\/li>\r\n<\/ul>\r\n\r\n\r\n\r\n<h2 class=\"wp-block-heading\">Fabricante e f\u00e1brica de v\u00e1lvula gaveta de opera\u00e7\u00e3o manual<\/h2>\r\n\r\n\r\n\r\n<p>Se voc\u00ea est\u00e1 procurando um <a href=\"https:\/\/zecovalve.com\/pt\/produto\/manual-gate-valve\" data-internallinksmanager029f6b8e52c=\"5\" title=\"fabricante de v\u00e1lvula gaveta de opera\u00e7\u00e3o manual\" target=\"_blank\" rel=\"noopener\">fabricante de v\u00e1lvula gaveta de opera\u00e7\u00e3o manual<\/a>, voc\u00ea est\u00e1 no lugar certo aqui. A v\u00e1lvula ZECO \u00e9 uma v\u00e1lvula industrial <a href=\"https:\/\/zecovalve.com\/pt\/produto\/manual-gate-valve\" data-internallinksmanager029f6b8e52c=\"5\" title=\"fabricante de v\u00e1lvula gaveta de opera\u00e7\u00e3o manual\" target=\"_blank\" rel=\"noopener\">f\u00e1brica de v\u00e1lvula gaveta de opera\u00e7\u00e3o manual<\/a> na China. Nosso principal produto \u00e9 a v\u00e1lvula gaveta ANSI API 600. Outros padr\u00f5es tamb\u00e9m podem ser personalizados. Oferecemos todos os tipos de v\u00e1lvulas gaveta em todos os materiais como WCB e a\u00e7o inoxid\u00e1vel, design e faixas de press\u00e3o para sua escolha. Tamb\u00e9m oferecemos servi\u00e7o de v\u00e1lvula personalizado para voc\u00ea atender \u00e0s suas necessidades e ajudar seu projeto a funcionar bem. Bem-vindo ao nos consultar para selecionar a v\u00e1lvula gaveta b\u00e1sica certa de acordo com os requisitos do seu projeto.<\/p>","protected":false},"excerpt":{"rendered":"<p>A v\u00e1lvula ZECO \u00e9 um fabricante, fornecedor e exportador l\u00edder de v\u00e1lvula gaveta operada manualmente. Oferecemos v\u00e1lvula gaveta manual em diferentes tamanhos\u2026 <a title=\"V\u00e1lvula de gaveta manual\" class=\"read-more\" href=\"https:\/\/zecovalve.com\/pt\/produto\/manual-gate-valve\" aria-label=\"Mais em V\u00e1lvula gaveta manual\">Ler mais<\/a><\/p>","protected":false},"featured_media":27881,"comment_status":"closed","ping_status":"closed","template":"","meta":{"_generate-full-width-content":"","kt_blocks_editor_width":""},"product_cat":[2052,2457],"product_tag":[2798],"class_list":["post-16247","product","type-product","status-publish","has-post-thumbnail","hentry","product_cat-gate-valve","product_cat-gate-valve-by-drive-mode","product_tag-osy-valve","sales-flash-overlay","woocommerce-text-align-center","woocommerce-image-align-center","do-quantity-buttons"],"featured_image_src_large":["https:\/\/zecovalve.com\/wp-content\/uploads\/2022\/06\/Manual-Gate-Valve-1.jpg",800,600,false],"author_info":[],"comment_info":0,"taxonomy_info":{"product_cat":[{"value":2052,"label":"Gate Valve"},{"value":2457,"label":"Gate Valve with Actuator"}],"product_tag":[{"value":2798,"label":"OS&amp;Y Valve"}]},"yoast_head":"<!-- This site is optimized with the Yoast SEO Premium plugin v15.4 - https:\/\/yoast.com\/wordpress\/plugins\/seo\/ -->\n<title>Manual Gate Valve - Manual Operate Gate Valve Manufacturer | ZECO<\/title>\n<meta name=\"robots\" content=\"index, follow, max-snippet:-1, max-image-preview:large, max-video-preview:-1\" \/>\n<link rel=\"canonical\" href=\"https:\/\/zecovalve.com\/pt\/produto\/manual-gate-valve\" \/>\n<meta property=\"og:locale\" content=\"pt_PT\" \/>\n<meta property=\"og:type\" content=\"article\" \/>\n<meta property=\"og:title\" content=\"Manual Gate Valve - Manual Operate Gate Valve Manufacturer | ZECO\" \/>\n<meta property=\"og:description\" content=\"ZECO Valve is a leading manufacturer, supplier and exporter of manual operated gate valve. We offer manual gate valve with different sizes ... Ler mais\" \/>\n<meta property=\"og:url\" content=\"https:\/\/zecovalve.com\/pt\/produto\/manual-gate-valve\" \/>\n<meta property=\"og:site_name\" content=\"ZECO Valve\" \/>\n<meta property=\"article:modified_time\" content=\"2023-06-15T12:40:40+00:00\" \/>\n<meta property=\"og:image\" content=\"https:\/\/zecovalve.com\/wp-content\/uploads\/2022\/06\/Manual-Gate-Valve-1.jpg\" \/>\n\t<meta property=\"og:image:width\" content=\"800\" \/>\n\t<meta property=\"og:image:height\" content=\"600\" \/>\n<meta name=\"twitter:card\" content=\"summary_large_image\" \/>\n<meta name=\"twitter:label1\" content=\"Escrito por\">\n\t<meta name=\"twitter:data1\" content=\"Jerry\">\n\t<meta name=\"twitter:label2\" content=\"Tempo estimado de leitura\">\n\t<meta name=\"twitter:data2\" content=\"2 minutos\">\n<script type=\"application\/ld+json\" class=\"yoast-schema-graph\">{\"@context\":\"https:\/\/schema.org\",\"@graph\":[{\"@type\":\"WebSite\",\"@id\":\"https:\/\/zecovalve.com\/#website\",\"url\":\"https:\/\/zecovalve.com\/\",\"name\":\"ZECO Valve\",\"description\":\"Industrial Ball Valve, Gate Valve and Globe Valve Manufacturer\",\"potentialAction\":[{\"@type\":\"SearchAction\",\"target\":\"https:\/\/zecovalve.com\/?s={search_term_string}\",\"query-input\":\"required name=search_term_string\"}],\"inLanguage\":\"pt-PT\"},{\"@type\":\"ImageObject\",\"@id\":\"https:\/\/zecovalve.com\/product\/manual-gate-valve#primaryimage\",\"inLanguage\":\"pt-PT\",\"url\":\"https:\/\/zecovalve.com\/wp-content\/uploads\/2022\/06\/Manual-Gate-Valve-1.jpg\",\"width\":800,\"height\":600,\"caption\":\"Manual Gate Valve\"},{\"@type\":\"WebPage\",\"@id\":\"https:\/\/zecovalve.com\/product\/manual-gate-valve#webpage\",\"url\":\"https:\/\/zecovalve.com\/product\/manual-gate-valve\",\"name\":\"Manual Gate Valve - Manual Operate Gate Valve Manufacturer | ZECO\",\"isPartOf\":{\"@id\":\"https:\/\/zecovalve.com\/#website\"},\"primaryImageOfPage\":{\"@id\":\"https:\/\/zecovalve.com\/product\/manual-gate-valve#primaryimage\"},\"datePublished\":\"2022-06-20T09:11:40+00:00\",\"dateModified\":\"2023-06-15T12:40:40+00:00\",\"breadcrumb\":{\"@id\":\"https:\/\/zecovalve.com\/product\/manual-gate-valve#breadcrumb\"},\"inLanguage\":\"pt-PT\",\"potentialAction\":[{\"@type\":\"ReadAction\",\"target\":[\"https:\/\/zecovalve.com\/product\/manual-gate-valve\"]}]},{\"@type\":\"BreadcrumbList\",\"@id\":\"https:\/\/zecovalve.com\/product\/manual-gate-valve#breadcrumb\",\"itemListElement\":[{\"@type\":\"ListItem\",\"position\":1,\"item\":{\"@type\":\"WebPage\",\"@id\":\"https:\/\/zecovalve.com\/\",\"url\":\"https:\/\/zecovalve.com\/\",\"name\":\"Home\"}},{\"@type\":\"ListItem\",\"position\":2,\"item\":{\"@type\":\"WebPage\",\"@id\":\"https:\/\/zecovalve.com\/product-category\",\"url\":\"https:\/\/zecovalve.com\/product-category\",\"name\":\"Industrial Valve Manufacturer | Water Valve Manufacturer\"}},{\"@type\":\"ListItem\",\"position\":3,\"item\":{\"@type\":\"WebPage\",\"@id\":\"https:\/\/zecovalve.com\/product\/manual-gate-valve\",\"url\":\"https:\/\/zecovalve.com\/product\/manual-gate-valve\",\"name\":\"Manual Gate Valve\"}}]}]}<\/script>\n<!-- \/ Yoast SEO Premium plugin. -->","_links":{"self":[{"href":"https:\/\/zecovalve.com\/pt\/wp-json\/wp\/v2\/product\/16247","targetHints":{"allow":["GET"]}}],"collection":[{"href":"https:\/\/zecovalve.com\/pt\/wp-json\/wp\/v2\/product"}],"about":[{"href":"https:\/\/zecovalve.com\/pt\/wp-json\/wp\/v2\/types\/product"}],"replies":[{"embeddable":true,"href":"https:\/\/zecovalve.com\/pt\/wp-json\/wp\/v2\/comments?post=16247"}],"wp:featuredmedia":[{"embeddable":true,"href":"https:\/\/zecovalve.com\/pt\/wp-json\/wp\/v2\/media\/27881"}],"wp:attachment":[{"href":"https:\/\/zecovalve.com\/pt\/wp-json\/wp\/v2\/media?parent=16247"}],"wp:term":[{"taxonomy":"product_cat","embeddable":true,"href":"https:\/\/zecovalve.com\/pt\/wp-json\/wp\/v2\/product_cat?post=16247"},{"taxonomy":"product_tag","embeddable":true,"href":"https:\/\/zecovalve.com\/pt\/wp-json\/wp\/v2\/product_tag?post=16247"}],"curies":[{"name":"wp","href":"https:\/\/api.w.org\/{rel}","templated":true}]}}