{"id":16249,"date":"2022-06-20T09:15:39","date_gmt":"2022-06-20T09:15:39","guid":{"rendered":"https:\/\/zecovalve.com\/?post_type=product&#038;p=16249"},"modified":"2023-06-15T12:41:37","modified_gmt":"2023-06-15T12:41:37","slug":"pneumatic-gate-valve","status":"publish","type":"product","link":"https:\/\/zecovalve.com\/pt\/produto\/pneumatic-gate-valve","title":{"rendered":"V\u00e1lvula de gaveta pneum\u00e1tica"},"content":{"rendered":"<div class=\"wp-block-columns is-layout-flex wp-container-core-columns-is-layout-9d6595d7 wp-block-columns-is-layout-flex\">\r\n<div class=\"wp-block-column is-layout-flow wp-block-column-is-layout-flow\">\r\n<figure class=\"wp-block-image size-full\"><img loading=\"lazy\" decoding=\"async\" width=\"330\" height=\"300\" class=\"wp-image-16924\" src=\"https:\/\/zecovalve.com\/wp-content\/uploads\/2022\/06\/knife-gate-valve.jpg\" alt=\"V\u00e1lvula de guilhotina\" srcset=\"https:\/\/zecovalve.com\/wp-content\/uploads\/2022\/06\/knife-gate-valve.jpg 330w, https:\/\/zecovalve.com\/wp-content\/uploads\/2022\/06\/knife-gate-valve-300x273.jpg 300w\" sizes=\"auto, (max-width: 330px) 100vw, 330px\" \/><\/figure>\r\n<\/div>\r\n<\/div>\r\n\r\n\r\n<div class=\"gb-button-wrapper gb-button-wrapper-6d8495a3\">\r\n\r\n\r\n<p><a class=\"gb-button gb-button-3d442e11 gb-button-text\" href=\"https:\/\/zecovalve.com\/pt\/contact\/\" target=\"_blank\" rel=\"noopener noreferrer\"><strong>OBTER PRE\u00c7O DA V\u00c1LVULA PNEUM\u00c1TICA<\/strong><\/a><\/p>\r\n<\/div>\r\n\r\n\r\n\r\n\r\n<h2 class=\"wp-block-heading\" id=\"h-what-is-a-pneumatic-gate-valve\">O que \u00e9 uma v\u00e1lvula pneum\u00e1tica?<\/h2>\r\n\r\n\r\n\r\n<p>A v\u00e1lvula gaveta pneum\u00e1tica ZECO \u00e9 uma v\u00e1lvula gaveta acionada por ar comprimido. A v\u00e1lvula gaveta pneum\u00e1tica ZECO tem desempenho est\u00e1vel e opera\u00e7\u00e3o conveniente. Tem sido amplamente utilizada como v\u00e1lvula de corte r\u00e1pido em petr\u00f3leo, g\u00e1s natural e outros projetos industriais. O atuador pneum\u00e1tico adota uma estrutura de cilindro de camada dupla, em compara\u00e7\u00e3o com o atuador monocil\u00edndrico comum, sua for\u00e7a de eleva\u00e7\u00e3o \u00e9 maior, o que resolve o problema de que o torque de abertura de uma v\u00e1lvula gaveta grande \u00e9 muito grande para abrir. Como os atuadores pneum\u00e1ticos abrem e fecham rapidamente, o ZECO \u00e9 equipado com mecanismo de amortecimento para reduzir o desgaste da superf\u00edcie de veda\u00e7\u00e3o e da comporta durante o fechamento r\u00e1pido.<\/p>\r\n\r\n\r\n\r\n<h2 class=\"wp-block-heading\">Tipos de v\u00e1lvula pneum\u00e1tica<\/h2>\r\n\r\n\r\n\r\n\r\n\r\n<h3 class=\"wp-block-heading\">V\u00e1lvula de guilhotina pneum\u00e1tica<\/h3>\r\n\r\n\r\n\r\n<p>A v\u00e1lvula guilhotina pneum\u00e1tica \u00e9 uma unidade para servi\u00e7o pesado com corpo fundido, guilhotina, caixa de empanque com gaxeta e cilindro de ar superdimensionado. Essas unidades para servi\u00e7o pesado t\u00eam um padr\u00e3o de furo de parafuso de 150 lb. As op\u00e7\u00f5es incluem uma sede resiliente para veda\u00e7\u00e3o contra press\u00e3o ou v\u00e1cuo; v\u00e1lvulas solen\u00f3ides e sensores de proximidade.<\/p>\r\n\r\n\r\n\r\n<h4 class=\"wp-block-heading\">Especifica\u00e7\u00f5es da v\u00e1lvula guilhotina pneum\u00e1tica<\/h4>\r\n\r\n\r\n\r\n<ul class=\"wp-block-list\">\r\n<li>Padr\u00e3o de Projeto: MSS SP-81<\/li>\r\n<li>F a F: Conforme MSS SP -81<\/li>\r\n<li>Padr\u00e3o de teste: MSS SP -81<\/li>\r\n<li>Faixa de tamanho: 50 mm a 600 mm<\/li>\r\n<li>Classifica\u00e7\u00e3o de press\u00e3o: 50 mm a 300 mm \u2013 150 psi \/ 400 mm a 450 mm \u2013 75 psi \/ 500 mm a 600 mm \u2013 50 psi<\/li>\r\n<li>Estilo final: Lugs completos, tipo wafer, sem flange \/ dois terminais, tipo wafer, sem flange \/ tipo flange, wafer<\/li>\r\n<li>Op\u00e7\u00f5es de lug: a. BSP Orif\u00edcio roscado na zona do peito e sali\u00eancias \/ b. BSP fez um furo na regi\u00e3o do peito e passou por um furo nas al\u00e7as.<\/li>\r\n<li>Perfura\u00e7\u00e3o: ANSI B 16.5 Classe 150, BS 10 Tabela &#039;D&#039; e &#039;E&#039;, DIN, JIS, IS, etc.<\/li>\r\n<li>Opera\u00e7\u00e3o da v\u00e1lvula: Cilindro, engrenagem c\u00f4nica, motor el\u00e9trico, roda de corrente, alavanca<\/li>\r\n<li>Design do corpo: Porta redonda completa \/ Porta de entalhe em \u201cV\u201d \/ Porta quadrada<\/li>\r\n<\/ul>\r\n\r\n\r\n\r\n<h4 class=\"wp-block-heading\">Caracter\u00edsticas das v\u00e1lvulas pneum\u00e1ticas de guilhotina<\/h4>\r\n\r\n\r\n\r\n<ul class=\"wp-block-list\">\r\n<li>Constru\u00e7\u00e3o fundida para servi\u00e7os pesados<\/li>\r\n<li>Padr\u00e3o de furo de parafuso ASA<\/li>\r\n<li>Constru\u00e7\u00e3o em a\u00e7o inoxid\u00e1vel<\/li>\r\n<li>Placa de faca com borda chanfrada grossa<\/li>\r\n<li>Assentos de borracha resilientes vedam contra press\u00e3o e v\u00e1cuo<\/li>\r\n<li>Acionamento pneum\u00e1tico ou manual<\/li>\r\n<li>Cilindro de ar superdimensionado para unidades pneum\u00e1ticas<\/li>\r\n<\/ul>\r\n\r\n\r\n<div class=\"wp-block-image\">\r\n<figure class=\"alignright size-full is-resized\"><img loading=\"lazy\" decoding=\"async\" class=\"wp-image-16250\" src=\"https:\/\/zecovalve.com\/wp-content\/uploads\/2022\/06\/pneumatic-gate-valve.jpg\" alt=\"V\u00e1lvula de gaveta pneum\u00e1tica\" width=\"330\" height=\"248\" srcset=\"https:\/\/zecovalve.com\/wp-content\/uploads\/2022\/06\/pneumatic-gate-valve.jpg 800w, https:\/\/zecovalve.com\/wp-content\/uploads\/2022\/06\/pneumatic-gate-valve-300x225.jpg 300w, https:\/\/zecovalve.com\/wp-content\/uploads\/2022\/06\/pneumatic-gate-valve-768x576.jpg 768w, https:\/\/zecovalve.com\/wp-content\/uploads\/2022\/06\/pneumatic-gate-valve-600x450.jpg 600w\" sizes=\"auto, (max-width: 330px) 100vw, 330px\" \/><\/figure>\r\n<\/div>\r\n\r\n\r\n<h3 class=\"wp-block-heading\">V\u00e1lvula pneum\u00e1tica de cunha<\/h3>\r\n\r\n\r\n\r\n<p>A v\u00e1lvula pneum\u00e1tica de cunha \u00e9 uma v\u00e1lvula de veda\u00e7\u00e3o for\u00e7ada que \u00e9 operada atrav\u00e9s da a\u00e7\u00e3o de cunha entre as superf\u00edcies de veda\u00e7\u00e3o do corpo da v\u00e1lvula e da cunha, proporcionando um efeito de veda\u00e7\u00e3o herm\u00e9tico.<\/p>\r\n\r\n\r\n\r\n<h4 class=\"wp-block-heading\" id=\"h-features-of-pneumatic-wedge-gate-valve\">Caracter\u00edsticas da v\u00e1lvula pneum\u00e1tica em cunha<\/h4>\r\n\r\n\r\n\r\n<ul class=\"wp-block-list\">\r\n<li>A v\u00e1lvula gaveta pneum\u00e1tica ZECO adota uma estrutura de cilindro duplo, a for\u00e7a de abertura \u00e9 duas vezes maior que a de uma estrutura de cilindro \u00fanico e pode abrir facilmente aqueles cilindros \u00fanicos que n\u00e3o podem ser abertos devido ao grande torque de abertura da v\u00e1lvula gaveta de grande di\u00e2metro ou alto -v\u00e1lvula gaveta de press\u00e3o no corpo da v\u00e1lvula;<\/li>\r\n<li>A v\u00e1lvula gaveta pneum\u00e1tica ZECO possui fun\u00e7\u00f5es positivas e negativas, o que tamb\u00e9m faz com que a v\u00e1lvula tenha a fun\u00e7\u00e3o de abertura e fechamento r\u00e1pido. Al\u00e9m disso, como a estrutura em cunha da v\u00e1lvula gaveta \u00e9 mais hermeticamente vedada, a v\u00e1lvula gaveta pneum\u00e1tica tem uma excelente fun\u00e7\u00e3o de corte, que \u00e9 mais vantajosa do que outras v\u00e1lvulas convencionais;<\/li>\r\n<li>A v\u00e1lvula gaveta pneum\u00e1tica ZECO possui um mecanismo de amortecimento, porque a velocidade de abertura ou fechamento \u00e9 muito r\u00e1pida, nenhum mecanismo de amortecimento pode danificar a superf\u00edcie de veda\u00e7\u00e3o do corpo da v\u00e1lvula e a superf\u00edcie de veda\u00e7\u00e3o da porta e fazer com que a v\u00e1lvula n\u00e3o possa ser vedada;<\/li>\r\n<li>A v\u00e1lvula gaveta pneum\u00e1tica ZECO tamb\u00e9m pode ser equipada com um mecanismo de troca pneum\u00e1tica na tampa do atuador pneum\u00e1tico. Em caso de falha acidental do atuador pneum\u00e1tico, a v\u00e1lvula pode ser aberta ou fechada por opera\u00e7\u00e3o manual.<\/li>\r\n<li>O Atuador Pneum\u00e1tico \u00e9 instalado na parte superior do castelo que controla a abertura e o fechamento da v\u00e1lvula por press\u00e3o pneum\u00e1tica.<\/li>\r\n<li>Veda\u00e7\u00e3o met\u00e1lica entre o corpo e o cap\u00f4.<\/li>\r\n<li>Veda\u00e7\u00e3o do assento traseiro entre a haste e o castelo, f\u00e1cil para a troca do material de veda\u00e7\u00e3o sob press\u00e3o.<\/li>\r\n<li>A superf\u00edcie de veda\u00e7\u00e3o \u00e9 de face dura ou QBQ com desempenho anticorrosivo e resist\u00eancia ao desgaste.<\/li>\r\n<li>Baixo torque operacional<\/li>\r\n<\/ul>\r\n\r\n\r\n\r\n<h4 class=\"wp-block-heading\">Especifica\u00e7\u00f5es das v\u00e1lvulas pneum\u00e1ticas de cunha<\/h4>\r\n\r\n\r\n\r\n<ul class=\"wp-block-list\">\r\n<li>Material: a\u00e7o carbono, a\u00e7o inoxid\u00e1vel, a\u00e7o de liga, etc.<\/li>\r\n<li>Tamanho nominal: NPS 1\/2\u2033-NPS 48\u2033 (DN15-DN1200)<\/li>\r\n<li>Press\u00e3o: CL150-CL2500 (PN10-PN420)<\/li>\r\n<li>Faixa de temperatura: -196\u00b0C a +550\u00b0C<\/li>\r\n<\/ul>\r\n\r\n\r\n\r\n<h4 class=\"wp-block-heading\">Caracter\u00edsticas das v\u00e1lvulas pneum\u00e1ticas de cunha<\/h4>\r\n\r\n\r\n\r\n<ul class=\"wp-block-list\">\r\n<li>Caminho de fluxo suave, baixo coeficiente de fluxo, eros\u00e3o e corros\u00e3o nas superf\u00edcies de veda\u00e7\u00e3o s\u00e3o menos prov\u00e1veis de ocorrer;<\/li>\r\n<li>Dire\u00e7\u00e3o de fluxo ilimitada, sem queda de press\u00e3o, estrutura simples, ampla gama de aplica\u00e7\u00f5es;<\/li>\r\n<li>As conex\u00f5es entre o corpo da v\u00e1lvula e o castelo est\u00e3o dispon\u00edveis em v\u00e1rios formatos, como conex\u00f5es aparafusadas, rosqueadas e soldadas, bem como conex\u00f5es de press\u00e3o<\/li>\r\n<li>estrutura de veda\u00e7\u00e3o auto-apert\u00e1vel para se adaptar perfeitamente a v\u00e1rios estados de trabalho;<\/li>\r\n<li>Estrutura compacta e simples, pequeno espa\u00e7o necess\u00e1rio para instala\u00e7\u00e3o, fun\u00e7\u00e3o de abertura\/fechamento r\u00e1pido, f\u00e1cil manuten\u00e7\u00e3o;<\/li>\r\n<\/ul>","protected":false},"excerpt":{"rendered":"<p>O que \u00e9 uma v\u00e1lvula pneum\u00e1tica? A v\u00e1lvula gaveta pneum\u00e1tica ZECO \u00e9 uma v\u00e1lvula gaveta acionada por ar comprimido. V\u00e1lvula gaveta pneum\u00e1tica ZECO\u2026 <a title=\"V\u00e1lvula de gaveta pneum\u00e1tica\" class=\"read-more\" href=\"https:\/\/zecovalve.com\/pt\/produto\/pneumatic-gate-valve\" aria-label=\"Mais em V\u00e1lvula Gaveta Pneum\u00e1tica\">Ler mais<\/a><\/p>","protected":false},"featured_media":27882,"comment_status":"closed","ping_status":"closed","template":"","meta":{"_generate-full-width-content":"","kt_blocks_editor_width":""},"product_cat":[2052,2457],"product_tag":[],"class_list":["post-16249","product","type-product","status-publish","has-post-thumbnail","hentry","product_cat-gate-valve","product_cat-gate-valve-by-drive-mode","sales-flash-overlay","woocommerce-text-align-center","woocommerce-image-align-center","do-quantity-buttons"],"featured_image_src_large":["https:\/\/zecovalve.com\/wp-content\/uploads\/2022\/06\/Pneumatic-Gate-Valve-1.jpg",800,600,false],"author_info":[],"comment_info":0,"taxonomy_info":{"product_cat":[{"value":2052,"label":"Gate Valve"},{"value":2457,"label":"Gate Valve with Actuator"}]},"yoast_head":"<!-- This site is optimized with the Yoast SEO Premium plugin v15.4 - https:\/\/yoast.com\/wordpress\/plugins\/seo\/ -->\n<title>Pneumatic Gate Valve - Pneumatic Knife Gate Valve | ZECO Valve<\/title>\n<meta name=\"robots\" content=\"index, follow, max-snippet:-1, max-image-preview:large, max-video-preview:-1\" \/>\n<link rel=\"canonical\" href=\"https:\/\/zecovalve.com\/pt\/produto\/pneumatic-gate-valve\" \/>\n<meta property=\"og:locale\" content=\"pt_PT\" \/>\n<meta property=\"og:type\" content=\"article\" \/>\n<meta property=\"og:title\" content=\"Pneumatic Gate Valve - Pneumatic Knife Gate Valve | ZECO Valve\" \/>\n<meta property=\"og:description\" content=\"What is a Pneumatic Gate Valve? ZECO pneumatic gate valve is a gate valve driven by compressed air. ZECO pneumatic gate valve ... Ler mais\" \/>\n<meta property=\"og:url\" content=\"https:\/\/zecovalve.com\/pt\/produto\/pneumatic-gate-valve\" \/>\n<meta property=\"og:site_name\" content=\"ZECO Valve\" \/>\n<meta property=\"article:modified_time\" content=\"2023-06-15T12:41:37+00:00\" \/>\n<meta property=\"og:image\" content=\"https:\/\/zecovalve.com\/wp-content\/uploads\/2022\/06\/Pneumatic-Gate-Valve-1.jpg\" \/>\n\t<meta property=\"og:image:width\" content=\"800\" \/>\n\t<meta property=\"og:image:height\" content=\"600\" \/>\n<meta name=\"twitter:card\" content=\"summary_large_image\" \/>\n<meta name=\"twitter:label1\" content=\"Escrito por\">\n\t<meta name=\"twitter:data1\" content=\"Jerry\">\n\t<meta name=\"twitter:label2\" content=\"Tempo estimado de leitura\">\n\t<meta name=\"twitter:data2\" content=\"3 minutos\">\n<script type=\"application\/ld+json\" class=\"yoast-schema-graph\">{\"@context\":\"https:\/\/schema.org\",\"@graph\":[{\"@type\":\"WebSite\",\"@id\":\"https:\/\/zecovalve.com\/#website\",\"url\":\"https:\/\/zecovalve.com\/\",\"name\":\"ZECO Valve\",\"description\":\"Industrial Ball Valve, Gate Valve and Globe Valve Manufacturer\",\"potentialAction\":[{\"@type\":\"SearchAction\",\"target\":\"https:\/\/zecovalve.com\/?s={search_term_string}\",\"query-input\":\"required name=search_term_string\"}],\"inLanguage\":\"pt-PT\"},{\"@type\":\"ImageObject\",\"@id\":\"https:\/\/zecovalve.com\/product\/pneumatic-gate-valve#primaryimage\",\"inLanguage\":\"pt-PT\",\"url\":\"https:\/\/zecovalve.com\/wp-content\/uploads\/2022\/06\/Pneumatic-Gate-Valve-1.jpg\",\"width\":800,\"height\":600,\"caption\":\"Pneumatic Gate Valve\"},{\"@type\":\"WebPage\",\"@id\":\"https:\/\/zecovalve.com\/product\/pneumatic-gate-valve#webpage\",\"url\":\"https:\/\/zecovalve.com\/product\/pneumatic-gate-valve\",\"name\":\"Pneumatic Gate Valve - Pneumatic Knife Gate Valve | ZECO Valve\",\"isPartOf\":{\"@id\":\"https:\/\/zecovalve.com\/#website\"},\"primaryImageOfPage\":{\"@id\":\"https:\/\/zecovalve.com\/product\/pneumatic-gate-valve#primaryimage\"},\"datePublished\":\"2022-06-20T09:15:39+00:00\",\"dateModified\":\"2023-06-15T12:41:37+00:00\",\"breadcrumb\":{\"@id\":\"https:\/\/zecovalve.com\/product\/pneumatic-gate-valve#breadcrumb\"},\"inLanguage\":\"pt-PT\",\"potentialAction\":[{\"@type\":\"ReadAction\",\"target\":[\"https:\/\/zecovalve.com\/product\/pneumatic-gate-valve\"]}]},{\"@type\":\"BreadcrumbList\",\"@id\":\"https:\/\/zecovalve.com\/product\/pneumatic-gate-valve#breadcrumb\",\"itemListElement\":[{\"@type\":\"ListItem\",\"position\":1,\"item\":{\"@type\":\"WebPage\",\"@id\":\"https:\/\/zecovalve.com\/\",\"url\":\"https:\/\/zecovalve.com\/\",\"name\":\"Home\"}},{\"@type\":\"ListItem\",\"position\":2,\"item\":{\"@type\":\"WebPage\",\"@id\":\"https:\/\/zecovalve.com\/product-category\",\"url\":\"https:\/\/zecovalve.com\/product-category\",\"name\":\"Industrial Valve Manufacturer | Water Valve Manufacturer\"}},{\"@type\":\"ListItem\",\"position\":3,\"item\":{\"@type\":\"WebPage\",\"@id\":\"https:\/\/zecovalve.com\/product\/pneumatic-gate-valve\",\"url\":\"https:\/\/zecovalve.com\/product\/pneumatic-gate-valve\",\"name\":\"Pneumatic Gate Valve\"}}]}]}<\/script>\n<!-- \/ Yoast SEO Premium plugin. -->","_links":{"self":[{"href":"https:\/\/zecovalve.com\/pt\/wp-json\/wp\/v2\/product\/16249","targetHints":{"allow":["GET"]}}],"collection":[{"href":"https:\/\/zecovalve.com\/pt\/wp-json\/wp\/v2\/product"}],"about":[{"href":"https:\/\/zecovalve.com\/pt\/wp-json\/wp\/v2\/types\/product"}],"replies":[{"embeddable":true,"href":"https:\/\/zecovalve.com\/pt\/wp-json\/wp\/v2\/comments?post=16249"}],"wp:featuredmedia":[{"embeddable":true,"href":"https:\/\/zecovalve.com\/pt\/wp-json\/wp\/v2\/media\/27882"}],"wp:attachment":[{"href":"https:\/\/zecovalve.com\/pt\/wp-json\/wp\/v2\/media?parent=16249"}],"wp:term":[{"taxonomy":"product_cat","embeddable":true,"href":"https:\/\/zecovalve.com\/pt\/wp-json\/wp\/v2\/product_cat?post=16249"},{"taxonomy":"product_tag","embeddable":true,"href":"https:\/\/zecovalve.com\/pt\/wp-json\/wp\/v2\/product_tag?post=16249"}],"curies":[{"name":"wp","href":"https:\/\/api.w.org\/{rel}","templated":true}]}}