{"id":16257,"date":"2022-06-20T12:37:19","date_gmt":"2022-06-20T12:37:19","guid":{"rendered":"https:\/\/zecovalve.com\/?post_type=product&#038;p=16257"},"modified":"2023-06-07T07:04:04","modified_gmt":"2023-06-07T07:04:04","slug":"56-inch-ball-valve","status":"publish","type":"product","link":"https:\/\/zecovalve.com\/pt\/produto\/56-inch-ball-valve","title":{"rendered":"V\u00e1lvula de esfera de 56 polegadas"},"content":{"rendered":"<p>A ZECO Valve est\u00e1 trazendo v\u00e1lvulas de esfera de grande di\u00e2metro para a Global desde 2016. A ZECO Valve est\u00e1 projetando v\u00e1lvulas que funcionar\u00e3o em todas as aplica\u00e7\u00f5es de petr\u00f3leo e g\u00e1s. Nossa equipe t\u00e9cnica avalia cuidadosamente todas as especifica\u00e7\u00f5es t\u00e9cnicas a fim de fornecer a melhor solu\u00e7\u00e3o t\u00e9cnica para atender \u00e0s necessidades do cliente e, sempre que poss\u00edvel, aconselhar poss\u00edveis melhorias para fornecer uma v\u00e1lvula mais bem constru\u00edda e que atenda ao seu servi\u00e7o ou aplica\u00e7\u00e3o.<\/p>\r\n\r\n\r\n\r\n<figure class=\"wp-block-image size-full is-resized\"><img loading=\"lazy\" decoding=\"async\" class=\"wp-image-26581\" src=\"https:\/\/zecovalve.com\/wp-content\/uploads\/2022\/08\/A105-\u5168\u710a\u63a5\u7403\u9600.jpg\" alt=\"\" width=\"400\" height=\"400\" srcset=\"https:\/\/zecovalve.com\/wp-content\/uploads\/2022\/08\/A105-\u5168\u710a\u63a5\u7403\u9600.jpg 800w, https:\/\/zecovalve.com\/wp-content\/uploads\/2022\/08\/A105-\u5168\u710a\u63a5\u7403\u9600-300x300.jpg 300w, https:\/\/zecovalve.com\/wp-content\/uploads\/2022\/08\/A105-\u5168\u710a\u63a5\u7403\u9600-150x150.jpg 150w, https:\/\/zecovalve.com\/wp-content\/uploads\/2022\/08\/A105-\u5168\u710a\u63a5\u7403\u9600-768x768.jpg 768w, https:\/\/zecovalve.com\/wp-content\/uploads\/2022\/08\/A105-\u5168\u710a\u63a5\u7403\u9600-400x400.jpg 400w, https:\/\/zecovalve.com\/wp-content\/uploads\/2022\/08\/A105-\u5168\u710a\u63a5\u7403\u9600-600x600.jpg 600w, https:\/\/zecovalve.com\/wp-content\/uploads\/2022\/08\/A105-\u5168\u710a\u63a5\u7403\u9600-100x100.jpg 100w\" sizes=\"auto, (max-width: 400px) 100vw, 400px\" \/><\/figure>\r\n\r\n\r\n<div class=\"gb-button-wrapper gb-button-wrapper-6d8495a3\">\r\n\r\n\r\n<p><a class=\"gb-button gb-button-3d442e11 gb-button-text\" href=\"https:\/\/zecovalve.com\/pt\/contact\/\" target=\"_blank\" rel=\"noopener noreferrer\"><strong>OBTENHA O PRE\u00c7O DA V\u00c1LVULA DE ESFERA DE 56 POLEGADAS<\/strong><\/a><\/p>\r\n<\/div>\r\n\r\n\r\n\r\n\r\n<h2 class=\"wp-block-heading\">Detalhes da v\u00e1lvula de esfera grande ZECO<\/h2>\r\n\r\n\r\n\r\n<ul class=\"wp-block-list\">\r\n<li>As v\u00e1lvulas esfera ZECO podem ser fabricadas de 1\u00bd a 56\u201d (quando aplic\u00e1vel)<\/li>\r\n<li>Classes de press\u00e3o entre 150 e 2.500 ANSI (quando aplic\u00e1vel)<\/li>\r\n<li>V\u00e1lvulas esfera flutuantes e munh\u00e3o (DBB, DIB1 e DIB2).<\/li>\r\n<li>Furo: Furo Total ou Reduzido<\/li>\r\n<li>Projeto: API 6D, ASME B16.34<\/li>\r\n<li>Teste: API 598<\/li>\r\n<\/ul>\r\n\r\n\r\n\r\n<h2 class=\"wp-block-heading\" id=\"h-what-is-a-56-inch-ball-valve\">O que \u00e9 uma v\u00e1lvula esfera de 56 polegadas?<\/h2>\r\n\r\n\r\n\r\n<p>A v\u00e1lvula esfera de maior tamanho produzida pela ZECO tem 56 polegadas e possui molde pr\u00f3prio, que pode atender \u00e0s necessidades urgentes dos usu\u00e1rios com a maior velocidade de entrega e o mais alto pre\u00e7o de qualidade e atender \u00e0s necessidades dos usu\u00e1rios para controle de custos. A ZECO produz v\u00e1lvulas de esfera na China h\u00e1 quase 30 anos e tem 3 bases de produ\u00e7\u00e3o na China, possui m\u00e1quinas-ferramentas CNC de alta precis\u00e3o e centros de usinagem, equipamentos avan\u00e7ados e instrumentos de inspe\u00e7\u00e3o, t\u00e9cnicas finas e um sistema de gerenciamento de qualidade rigoroso e perfeito. Al\u00e9m disso, reunimos elites profissionais para formar uma equipa de cientistas e tecn\u00f3logos avan\u00e7ados, de modo a fazer pleno uso de novas tecnologias, novas t\u00e9cnicas e novos materiais, a fim de garantir a estabilidade e fiabilidade dos produtos. A qualidade do produto origina-se de meios de fabrica\u00e7\u00e3o avan\u00e7ados e os conceitos de produtos sofisticados resultam da inova\u00e7\u00e3o cont\u00ednua.<\/p>\r\n\r\n\r\n\r\n<h2 class=\"wp-block-heading\">Dimens\u00f5es e peso das v\u00e1lvulas esfera de 56 polegadas<\/h2>\r\n<table border=\"=1\" width=\"800\">\r\n<tbody>\r\n<tr>\r\n<td rowspan=\"2\">Press\u00e3o nominal<\/td>\r\n<td style=\"text-align: center;\">Furo<\/td>\r\n<td style=\"text-align: center;\" colspan=\"3\">\u00a0Dimens\u00e3o face a face (em mm)<\/td>\r\n<td style=\"text-align: center;\">Peso<\/td>\r\n<\/tr>\r\n<tr>\r\n<td style=\"text-align: center;\">(em mm)<\/td>\r\n<td style=\"text-align: center;\">RF<\/td>\r\n<td style=\"text-align: center;\">BW<\/td>\r\n<td style=\"text-align: center;\">RTJ<\/td>\r\n<td style=\"text-align: center;\">kg<\/td>\r\n<\/tr>\r\n<tr>\r\n<td>CLASSE 150<\/td>\r\n<td style=\"text-align: center;\">1360<\/td>\r\n<td style=\"text-align: center;\">2400<\/td>\r\n<td style=\"text-align: center;\">2400<\/td>\r\n<td style=\"text-align: center;\">MFR<\/td>\r\n<td style=\"text-align: center;\">25000<\/td>\r\n<\/tr>\r\n<tr>\r\n<td>CLASSE 300<\/td>\r\n<td style=\"text-align: center;\">1360<\/td>\r\n<td style=\"text-align: center;\">2500<\/td>\r\n<td style=\"text-align: center;\">2500<\/td>\r\n<td style=\"text-align: center;\">MFR<\/td>\r\n<td style=\"text-align: center;\">27000<\/td>\r\n<\/tr>\r\n<tr>\r\n<td>CLASSE 600<\/td>\r\n<td style=\"text-align: center;\">1360<\/td>\r\n<td style=\"text-align: center;\">2700<\/td>\r\n<td style=\"text-align: center;\">2700<\/td>\r\n<td style=\"text-align: center;\">MFR<\/td>\r\n<td style=\"text-align: center;\">37000<\/td>\r\n<\/tr>\r\n<\/tbody>\r\n<\/table>\r\n\r\n\r\n\r\n<h2 class=\"wp-block-heading\" id=\"h-features-of-56-inch-ball-valves\">Caracter\u00edsticas das v\u00e1lvulas esfera de 56 polegadas<\/h2>\r\n\r\n\r\n\r\n<ol>\r\n<li>A v\u00e1lvula de esfera ZECO de 56 polegadas possui uma haste anti-explos\u00e3o. Como o di\u00e2metro da v\u00e1lvula \u00e9 muito grande, ao substituir a gaxeta, se n\u00e3o houver estrutura anti-explos\u00e3o da haste, o pessoal n\u00e3o poder\u00e1 controlar a posi\u00e7\u00e3o da haste, e a haste ser\u00e1 empurrada para fora do corpo da v\u00e1lvula devido a a enorme press\u00e3o causada pelas perdas de propriedades espec\u00edficas do local do gasoduto e pelas amea\u00e7as \u00e0 seguran\u00e7a do pessoal;<\/li>\r\n<li>A v\u00e1lvula esfera ZECO de 56 polegadas foi projetada com uma estrutura super \u00e0 prova de fogo para evitar grandes perdas ap\u00f3s o inc\u00eandio. Depois que a estrutura de veda\u00e7\u00e3o resiliente for danificada pelo fogo, se n\u00e3o houver uma estrutura \u00e0 prova de fogo, isso causar\u00e1 um grande vazamento e, ap\u00f3s a estrutura \u00e0 prova de fogo, a estrutura de veda\u00e7\u00e3o met\u00e1lica substituir\u00e1 a estrutura de veda\u00e7\u00e3o resiliente para manter uma estreita coopera\u00e7\u00e3o com a esfera , de modo a evitar vazamentos e causar maiores perdas;<\/li>\r\n<li>A v\u00e1lvula de esfera ZECO de 56 polegadas tem excelente design em combina\u00e7\u00e3o de anel de veda\u00e7\u00e3o e junta para evitar vazamento na \u00e1rea de conex\u00e3o do corpo;<\/li>\r\n<li>A v\u00e1lvula esfera ZECO de 56 polegadas possui um design de sede flutuante com mola para garantir a veda\u00e7\u00e3o mesmo em baixas press\u00f5es.\r\n\r\n\r\n\r\n\r\n\r\n<\/li>\r\n<\/ol>\r\n\r\n\r\n\r\n<h2 class=\"wp-block-heading\" id=\"h-material-of-56-inch-ball-valve\">Material da v\u00e1lvula esf\u00e9rica de 56 polegadas:<\/h2>\r\n\r\n\r\n\r\n<figure class=\"wp-block-table\">\r\n<table>\r\n<tbody>\r\n<tr>\r\n<td>N\u00e3o<\/td>\r\n<td>Parte<\/td>\r\n<td>Material<\/td>\r\n<\/tr>\r\n<tr>\r\n<td>1<\/td>\r\n<td>Corpo<\/td>\r\n<td>ASTM A105<\/td>\r\n<\/tr>\r\n<tr>\r\n<td>2<\/td>\r\n<td>Bon\u00e9<\/td>\r\n<td>ASTM A2105<\/td>\r\n<\/tr>\r\n<tr>\r\n<td>3<\/td>\r\n<td>Bola<\/td>\r\n<td>ASTM A105<\/td>\r\n<\/tr>\r\n<tr>\r\n<td>4<\/td>\r\n<td>Assento<\/td>\r\n<td>ASTM A105 + PTFE<\/td>\r\n<\/tr>\r\n<tr>\r\n<td>5<\/td>\r\n<td>Caule<\/td>\r\n<td>ASTM A182 F6a<\/td>\r\n<\/tr>\r\n<tr>\r\n<td>6<\/td>\r\n<td>Dispositivo anti-est\u00e1tico<\/td>\r\n<td>SS304<\/td>\r\n<\/tr>\r\n<tr>\r\n<td>7<\/td>\r\n<td>Junta de veda\u00e7\u00e3o<\/td>\r\n<td>Grafite + SS304<\/td>\r\n<\/tr>\r\n<tr>\r\n<td>8<\/td>\r\n<td>Parafuso<\/td>\r\n<td>ASTM A193 B7<\/td>\r\n<\/tr>\r\n<tr>\r\n<td>9<\/td>\r\n<td>Porca<\/td>\r\n<td>ASTM A194 2H<\/td>\r\n<\/tr>\r\n<tr>\r\n<td>10<\/td>\r\n<td>O-ring<\/td>\r\n<td>Viton A<\/td>\r\n<\/tr>\r\n<tr>\r\n<td>11<\/td>\r\n<td>Atuador de engrenagem<\/td>\r\n<td>ASTM A216 WCB<\/td>\r\n<\/tr>\r\n<\/tbody>\r\n<\/table>\r\n<\/figure>\r\n\r\n\r\n\r\n<h2 class=\"wp-block-heading\">ENCONTRE V\u00c1LVULA DE ESFERA DE 12 POLEGADAS E V\u00c1LVULA DE ESFERA DE 5 POLEGADAS<\/h2>\r\n\r\n\r\n\r\n<p>Se voc\u00ea estiver procurando v\u00e1lvulas esfera de 12 polegadas e v\u00e1lvulas esfera de 5 polegadas, clique nos links a seguir.<\/p>\r\n\r\n\r\n\r\n<div class=\"wp-block-comments-query-loop\">\r\n<div class=\"wp-block-columns is-layout-flex wp-container-core-columns-is-layout-9d6595d7 wp-block-columns-is-layout-flex\">\r\n<div class=\"wp-block-column is-layout-flow wp-block-column-is-layout-flow\"><div class=\"gb-button-wrapper gb-button-wrapper-fb120fca\">\r\n\r\n <a class=\"gb-button gb-button-0e3f0a74 gb-button-text\" href=\"https:\/\/zecovalve.com\/pt\/produto\/12-inch-ball-valve\/\"><strong>OBTENHA O PRE\u00c7O DA V\u00c1LVULA DE ESFERA DE 12 POLEGADAS<\/strong><\/a> <\/div><\/div>\r\n\r\n\r\n\r\n<div class=\"wp-block-column is-layout-flow wp-block-column-is-layout-flow\"><div class=\"gb-button-wrapper gb-button-wrapper-6882e6e1\">\r\n\r\n <a class=\"gb-button gb-button-b8472bb1 gb-button-text\" href=\"https:\/\/zecovalve.com\/pt\/categoria-do-produto\/ball-valve\/\"><strong>OBTENHA O PRE\u00c7O DA V\u00c1LVULA DE ESFERA DE 5 POLEGADAS<\/strong><\/a> <\/div><\/div>\r\n<\/div>\r\n<\/div>","protected":false},"excerpt":{"rendered":"<p>A ZECO Valve est\u00e1 trazendo v\u00e1lvulas de esfera de grande di\u00e2metro para a Global desde 2016. A ZECO Valve est\u00e1 projetando v\u00e1lvulas que funcionar\u00e3o em todos\u2026 <a title=\"V\u00e1lvula de esfera de 56 polegadas\" class=\"read-more\" href=\"https:\/\/zecovalve.com\/pt\/produto\/56-inch-ball-valve\" aria-label=\"Mais em V\u00e1lvula esfera de 56 polegadas\">Ler mais<\/a><\/p>","protected":false},"featured_media":27855,"comment_status":"closed","ping_status":"closed","template":"","meta":{"_generate-full-width-content":"","kt_blocks_editor_width":""},"product_cat":[2047,2462],"product_tag":[3913],"class_list":["post-16257","product","type-product","status-publish","has-post-thumbnail","hentry","product_cat-ball-valve","product_cat-ball-valve-by-size","product_tag-full-port-ball-valve","sales-flash-overlay","woocommerce-text-align-center","woocommerce-image-align-center","do-quantity-buttons"],"featured_image_src_large":["https:\/\/zecovalve.com\/wp-content\/uploads\/2022\/06\/56-inch-Ball-Valve-1.jpg",800,600,false],"author_info":[],"comment_info":0,"taxonomy_info":{"product_cat":[{"value":2047,"label":"Ball Valve"},{"value":2462,"label":"Ball Valve By Size"}],"product_tag":[{"value":3913,"label":"Full Port Ball Valve"}]},"yoast_head":"<!-- This site is optimized with the Yoast SEO Premium plugin v15.4 - https:\/\/yoast.com\/wordpress\/plugins\/seo\/ -->\n<title>Large Ball Valve- 56in | ZECO Valve - 12 inch Ball Valve &amp; 5 inch Ball Valve<\/title>\n<meta name=\"robots\" content=\"index, follow, max-snippet:-1, max-image-preview:large, max-video-preview:-1\" \/>\n<link rel=\"canonical\" href=\"https:\/\/zecovalve.com\/pt\/produto\/56-inch-ball-valve\" \/>\n<meta property=\"og:locale\" content=\"pt_PT\" \/>\n<meta property=\"og:type\" content=\"article\" \/>\n<meta property=\"og:title\" content=\"Large Ball Valve- 56in | ZECO Valve - 12 inch Ball Valve &amp; 5 inch Ball Valve\" \/>\n<meta property=\"og:description\" content=\"ZECO Valve is bringing large bore ball valves into Global since 2016. ZECO Valve is designing valves that will work in every ... Ler mais\" \/>\n<meta property=\"og:url\" content=\"https:\/\/zecovalve.com\/pt\/produto\/56-inch-ball-valve\" \/>\n<meta property=\"og:site_name\" content=\"ZECO Valve\" \/>\n<meta property=\"article:modified_time\" content=\"2023-06-07T07:04:04+00:00\" \/>\n<meta property=\"og:image\" content=\"https:\/\/zecovalve.com\/wp-content\/uploads\/2022\/06\/56-inch-Ball-Valve-1.jpg\" \/>\n\t<meta property=\"og:image:width\" content=\"800\" \/>\n\t<meta property=\"og:image:height\" content=\"600\" \/>\n<meta name=\"twitter:card\" content=\"summary_large_image\" \/>\n<meta name=\"twitter:label1\" content=\"Escrito por\">\n\t<meta name=\"twitter:data1\" content=\"Jerry\">\n\t<meta name=\"twitter:label2\" content=\"Tempo estimado de leitura\">\n\t<meta name=\"twitter:data2\" content=\"2 minutos\">\n<script type=\"application\/ld+json\" class=\"yoast-schema-graph\">{\"@context\":\"https:\/\/schema.org\",\"@graph\":[{\"@type\":\"WebSite\",\"@id\":\"https:\/\/zecovalve.com\/#website\",\"url\":\"https:\/\/zecovalve.com\/\",\"name\":\"ZECO Valve\",\"description\":\"Industrial Ball Valve, Gate Valve and Globe Valve Manufacturer\",\"potentialAction\":[{\"@type\":\"SearchAction\",\"target\":\"https:\/\/zecovalve.com\/?s={search_term_string}\",\"query-input\":\"required name=search_term_string\"}],\"inLanguage\":\"pt-PT\"},{\"@type\":\"ImageObject\",\"@id\":\"https:\/\/zecovalve.com\/product\/56-inch-ball-valve#primaryimage\",\"inLanguage\":\"pt-PT\",\"url\":\"https:\/\/zecovalve.com\/wp-content\/uploads\/2022\/06\/56-inch-Ball-Valve-1.jpg\",\"width\":800,\"height\":600,\"caption\":\"56 inch Ball Valve\"},{\"@type\":\"WebPage\",\"@id\":\"https:\/\/zecovalve.com\/product\/56-inch-ball-valve#webpage\",\"url\":\"https:\/\/zecovalve.com\/product\/56-inch-ball-valve\",\"name\":\"Large Ball Valve- 56in | ZECO Valve - 12 inch Ball Valve & 5 inch Ball Valve\",\"isPartOf\":{\"@id\":\"https:\/\/zecovalve.com\/#website\"},\"primaryImageOfPage\":{\"@id\":\"https:\/\/zecovalve.com\/product\/56-inch-ball-valve#primaryimage\"},\"datePublished\":\"2022-06-20T12:37:19+00:00\",\"dateModified\":\"2023-06-07T07:04:04+00:00\",\"breadcrumb\":{\"@id\":\"https:\/\/zecovalve.com\/product\/56-inch-ball-valve#breadcrumb\"},\"inLanguage\":\"pt-PT\",\"potentialAction\":[{\"@type\":\"ReadAction\",\"target\":[\"https:\/\/zecovalve.com\/product\/56-inch-ball-valve\"]}]},{\"@type\":\"BreadcrumbList\",\"@id\":\"https:\/\/zecovalve.com\/product\/56-inch-ball-valve#breadcrumb\",\"itemListElement\":[{\"@type\":\"ListItem\",\"position\":1,\"item\":{\"@type\":\"WebPage\",\"@id\":\"https:\/\/zecovalve.com\/\",\"url\":\"https:\/\/zecovalve.com\/\",\"name\":\"Home\"}},{\"@type\":\"ListItem\",\"position\":2,\"item\":{\"@type\":\"WebPage\",\"@id\":\"https:\/\/zecovalve.com\/product-category\",\"url\":\"https:\/\/zecovalve.com\/product-category\",\"name\":\"Industrial Valve Manufacturer | Water Valve Manufacturer\"}},{\"@type\":\"ListItem\",\"position\":3,\"item\":{\"@type\":\"WebPage\",\"@id\":\"https:\/\/zecovalve.com\/product\/56-inch-ball-valve\",\"url\":\"https:\/\/zecovalve.com\/product\/56-inch-ball-valve\",\"name\":\"56 inch Ball Valve\"}}]}]}<\/script>\n<!-- \/ Yoast SEO Premium plugin. -->","_links":{"self":[{"href":"https:\/\/zecovalve.com\/pt\/wp-json\/wp\/v2\/product\/16257","targetHints":{"allow":["GET"]}}],"collection":[{"href":"https:\/\/zecovalve.com\/pt\/wp-json\/wp\/v2\/product"}],"about":[{"href":"https:\/\/zecovalve.com\/pt\/wp-json\/wp\/v2\/types\/product"}],"replies":[{"embeddable":true,"href":"https:\/\/zecovalve.com\/pt\/wp-json\/wp\/v2\/comments?post=16257"}],"wp:featuredmedia":[{"embeddable":true,"href":"https:\/\/zecovalve.com\/pt\/wp-json\/wp\/v2\/media\/27855"}],"wp:attachment":[{"href":"https:\/\/zecovalve.com\/pt\/wp-json\/wp\/v2\/media?parent=16257"}],"wp:term":[{"taxonomy":"product_cat","embeddable":true,"href":"https:\/\/zecovalve.com\/pt\/wp-json\/wp\/v2\/product_cat?post=16257"},{"taxonomy":"product_tag","embeddable":true,"href":"https:\/\/zecovalve.com\/pt\/wp-json\/wp\/v2\/product_tag?post=16257"}],"curies":[{"name":"wp","href":"https:\/\/api.w.org\/{rel}","templated":true}]}}