{"id":16263,"date":"2022-06-20T12:56:16","date_gmt":"2022-06-20T12:56:16","guid":{"rendered":"https:\/\/zecovalve.com\/?post_type=product&#038;p=16263"},"modified":"2023-06-07T13:55:37","modified_gmt":"2023-06-07T13:55:37","slug":"electric-gate-valve","status":"publish","type":"product","link":"https:\/\/zecovalve.com\/pt\/produto\/electric-gate-valve","title":{"rendered":"V\u00e1lvula de gaveta com acionamento el\u00e9trico"},"content":{"rendered":"<figure class=\"wp-block-image alignnone size-medium wp-image-17921\"><img loading=\"lazy\" decoding=\"async\" width=\"300\" height=\"225\" class=\"wp-image-17921\" src=\"https:\/\/zecovalve.com\/wp-content\/uploads\/2022\/07\/Electric-Gate-Valve-300x225.jpg\" alt=\"V\u00e1lvula de gaveta el\u00e9ctrica\" srcset=\"https:\/\/zecovalve.com\/wp-content\/uploads\/2022\/07\/Electric-Gate-Valve-300x225.jpg 300w, https:\/\/zecovalve.com\/wp-content\/uploads\/2022\/07\/Electric-Gate-Valve-768x576.jpg 768w, https:\/\/zecovalve.com\/wp-content\/uploads\/2022\/07\/Electric-Gate-Valve-600x450.jpg 600w, https:\/\/zecovalve.com\/wp-content\/uploads\/2022\/07\/Electric-Gate-Valve.jpg 800w\" sizes=\"auto, (max-width: 300px) 100vw, 300px\" \/><\/figure>\r\n\r\n\r\n<div class=\"gb-button-wrapper gb-button-wrapper-6d8495a3\">\r\n\r\n\r\n<p><a class=\"gb-button gb-button-3d442e11 gb-button-text\" href=\"mailto:commercial@zecovalve.com\" target=\"_blank\" rel=\"noopener noreferrer\"><strong>OBTER PRE\u00c7O DA V\u00c1LVULA DE GATE ATUADA EL\u00c9TRICA<\/strong><\/a><\/p>\r\n<\/div>\r\n\r\n\r\n\r\n\r\n<h2 class=\"wp-block-heading\" id=\"h-what-is-an-electric-actuated-gate-valve\">O que \u00e9 uma v\u00e1lvula gaveta com acionamento el\u00e9trico?<\/h2>\r\n\r\n\r\n\r\n<p>V\u00e1lvula gaveta acionada el\u00e9trica refere-se ao movimento linear do atuador da v\u00e1lvula gaveta el\u00e9trica atrav\u00e9s de tens\u00e3o el\u00e9trica e controle de sinal para abrir ou fechar a v\u00e1lvula gaveta. As v\u00e1lvulas de gaveta el\u00e9trica podem ajud\u00e1-lo a atingir o objetivo do controle remoto, reduzir os custos de m\u00e3o de obra e melhorar a efici\u00eancia da produ\u00e7\u00e3o.<\/p>\r\n\r\n\r\n\r\n<p>A v\u00e1lvula gaveta acionada el\u00e9trica ZECO \u00e9 uma v\u00e1lvula gaveta controlada por um atuador el\u00e9trico. Pode operar a v\u00e1lvula gaveta remotamente atrav\u00e9s de um dispositivo el\u00e9trico, que normalmente \u00e9 instalado na parte superior da v\u00e1lvula gaveta. Os atuadores el\u00e9tricos s\u00e3o divididos em tr\u00eas, um \u00e9 um curso reto: a v\u00e1lvula para cima e para baixo para controlar a abertura da v\u00e1lvula (como v\u00e1lvula de assento \u00fanico, v\u00e1lvula de assento duplo, v\u00e1lvula de manga, v\u00e1lvula Y, etc.); O outro \u00e9 um quarto de volta: o \u00e2ngulo acionado da v\u00e1lvula est\u00e1 em rota\u00e7\u00e3o de 0 ~ 90 \u00b0 para controlar a abertura da v\u00e1lvula (como v\u00e1lvula borboleta exc\u00eantrica, v\u00e1lvula esf\u00e9rica, v\u00e1lvula rotativa, v\u00e1lvulas macho, etc.); O \u00faltimo s\u00e3o os atuadores el\u00e9tricos multivoltas (\u00e2ngulo de 360 \u00b0&gt;) s\u00e3o adequados para v\u00e1lvulas gaveta, v\u00e1lvulas globo, etc. A rota\u00e7\u00e3o do eixo de sa\u00edda do atuador el\u00e9trico \u00e9 superior a uma semana, ou seja, superior a 360 \u00b0, geralmente precisa de mais de um o controle do processo de abertura e fechamento da v\u00e1lvula de anel pode ser alcan\u00e7ado. ZECO \u00e9 um fabricante profissional de v\u00e1lvulas gaveta el\u00e9tricas, alta qualidade cria a marca ZECO.<\/p>\r\n\r\n\r\n\r\n<h2 class=\"wp-block-heading\">Como funciona uma v\u00e1lvula gaveta com acionamento el\u00e9trico?<\/h2>\r\n\r\n\r\n\r\n<p>Torque \u00e9 a for\u00e7a rotacional que um atuador gera para fechar uma v\u00e1lvula rotacional. Atuadores el\u00e9tricos podem gerar essa for\u00e7a transmitindo-a ao eixo de sa\u00edda e depois \u00e0 haste da v\u00e1lvula. Quando a press\u00e3o \u00e9 aplicada \u00e0 haste da v\u00e1lvula, o orif\u00edcio da v\u00e1lvula abre ou fecha.<\/p>\r\n\r\n\r\n\r\n<h2 class=\"wp-block-heading\">Para que serve uma v\u00e1lvula gaveta com acionamento el\u00e9trico?<\/h2>\r\n\r\n\r\n\r\n<p>A v\u00e1lvula gaveta acionada el\u00e9trica \u00e9 uma das v\u00e1lvulas de corte mais comumente usadas, usada principalmente para conectar ou cortar o meio na tubula\u00e7\u00e3o, mas n\u00e3o \u00e9 adequada para ajustar o fluxo do meio. A v\u00e1lvula gaveta \u00e9 adequada para uma ampla faixa de press\u00e3o, temperatura e calibre, especialmente adequada para tubula\u00e7\u00f5es de m\u00e9dio e grande di\u00e2metro.<\/p>\r\n\r\n\r\n\r\n<h2 class=\"wp-block-heading\" id=\"h-features-of-electric-gate-valve\">Caracter\u00edsticas da v\u00e1lvula gaveta el\u00e9trica:<\/h2>\r\n\r\n\r\n\r\n<ul class=\"wp-block-list\">\r\n<li>1. O anel espa\u00e7ador em conjunto com a gaxeta \u00e9 usado em v\u00e1lvulas gaveta da classe 300 e superiores, enquanto a v\u00e1lvula da classe 150 \u00e9 equipada apenas com gaxeta; a embalagem com anel lanterna est\u00e1 dispon\u00edvel mediante solicita\u00e7\u00e3o do cliente;<\/li>\r\n<li>2. A cunha flex\u00edvel \u00e9 capaz de compensar a distor\u00e7\u00e3o da superf\u00edcie da sede e a deforma\u00e7\u00e3o do corpo causada pela tens\u00e3o da tubula\u00e7\u00e3o;<\/li>\r\n<li>3. Projeto de reten\u00e7\u00e3o de explos\u00e3o: a face c\u00f4nica do assento traseiro entra em contato firmemente com o assento traseiro do castelo, e a resist\u00eancia da conex\u00e3o do castelo-cunha excede a da raiz da rosca do castelo;<\/li>\r\n<li>4. A v\u00e1lvula gaveta el\u00e9trica ZECO \u00e9 equipada de s\u00e9rie com o atuador el\u00e9trico AUMA. Outras marcas podem ser personalizadas de acordo com as necessidades dos clientes.<\/li>\r\n<\/ul>\r\n\r\n\r\n\r\n<h2 class=\"wp-block-heading\">Aplica\u00e7\u00f5es de v\u00e1lvulas gaveta acionadas el\u00e9tricas<\/h2>\r\n\r\n\r\n\r\n<p>A v\u00e1lvula gaveta acionada el\u00e9trica \u00e9 adequada para \u00e1gua, \u00f3leo, cimento, celulose e outros meios, e \u00e9 amplamente utilizada em papel e celulose, usinas de energia, estaleiros, tratamento de \u00e1guas residuais e assim por diante.<\/p>\r\n\r\n\r\n\r\n<h2 class=\"wp-block-heading\" id=\"h-material-of-electric-actuated-gate-valves\">Material das v\u00e1lvulas de gaveta com acionamento el\u00e9trico<\/h2>\r\n\r\n\r\n\r\n<ul class=\"wp-block-list\">\r\n<li>Tipo de atuador: atuador de v\u00e1lvula de gaveta el\u00e9trica multivoltas<\/li>\r\n<li>Material do corpo: A\u00e7o Carbono, A\u00e7o Inoxid\u00e1vel, A\u00e7o Forjado, etc.<\/li>\r\n<li>Press\u00e3o: 10\/16\/20\/40\/64 bar (#150 \/ #300 \/ #400 \/ #600 \/ #900)<\/li>\r\n<li>Temperatura da m\u00eddia: -196 a 585 \u2103<\/li>\r\n<li>Meios adequados: \u00c1gua, Ar, Petr\u00f3leo, G\u00e1s, Celulose, Cimento, etc.<\/li>\r\n<li>Tens\u00e3o: Trif\u00e1sica: 380V AC. Faixa: 380 VCA ~ 420 VCA; Monof\u00e1sico: 220 Vca. Faixa: 200 VCA ~ 240 VCA<\/li>\r\n<\/ul>","protected":false},"excerpt":{"rendered":"<p>O que \u00e9 uma v\u00e1lvula gaveta com acionamento el\u00e9trico? V\u00e1lvula gaveta acionada el\u00e9trica refere-se ao movimento linear do atuador da v\u00e1lvula gaveta el\u00e9trica\u2026 <a title=\"V\u00e1lvula de gaveta com acionamento el\u00e9trico\" class=\"read-more\" href=\"https:\/\/zecovalve.com\/pt\/produto\/electric-gate-valve\" aria-label=\"Mais em V\u00e1lvula gaveta acionada el\u00e9trica\">Ler mais<\/a><\/p>","protected":false},"featured_media":27873,"comment_status":"closed","ping_status":"closed","template":"","meta":{"_generate-full-width-content":"","kt_blocks_editor_width":""},"product_cat":[2052,2457],"product_tag":[2766,2727,2798,2723],"class_list":["post-16263","product","type-product","status-publish","has-post-thumbnail","hentry","product_cat-gate-valve","product_cat-gate-valve-by-drive-mode","product_tag-motorised-valve","product_tag-motorized-valve","product_tag-osy-valve","product_tag-what-is-a-valve","sales-flash-overlay","woocommerce-text-align-center","woocommerce-image-align-center","do-quantity-buttons"],"featured_image_src_large":["https:\/\/zecovalve.com\/wp-content\/uploads\/2022\/06\/Electric-Actuated-Gate-Valve.jpg",800,600,false],"author_info":[],"comment_info":0,"taxonomy_info":{"product_cat":[{"value":2052,"label":"Gate Valve"},{"value":2457,"label":"Gate Valve with Actuator"}],"product_tag":[{"value":2766,"label":"Motorised Valve"},{"value":2727,"label":"Motorized Valve"},{"value":2798,"label":"OS&amp;Y Valve"},{"value":2723,"label":"What is a Valve"}]},"yoast_head":"<!-- This site is optimized with the Yoast SEO Premium plugin v15.4 - https:\/\/yoast.com\/wordpress\/plugins\/seo\/ -->\n<title>Electric Actuated Gate Valve - Actuated Gate Valve | ZECO Valve<\/title>\n<meta name=\"robots\" content=\"index, follow, max-snippet:-1, max-image-preview:large, max-video-preview:-1\" \/>\n<link rel=\"canonical\" href=\"https:\/\/zecovalve.com\/pt\/produto\/electric-gate-valve\" \/>\n<meta property=\"og:locale\" content=\"pt_PT\" \/>\n<meta property=\"og:type\" content=\"article\" \/>\n<meta property=\"og:title\" content=\"Electric Actuated Gate Valve - Actuated Gate Valve | ZECO Valve\" \/>\n<meta property=\"og:description\" content=\"What is an Electric Actuated Gate Valve? Electric actuated gate valve refers to the linear movement of the electric gate valve actuator ... Ler mais\" \/>\n<meta property=\"og:url\" content=\"https:\/\/zecovalve.com\/pt\/produto\/electric-gate-valve\" \/>\n<meta property=\"og:site_name\" content=\"ZECO Valve\" \/>\n<meta property=\"article:modified_time\" content=\"2023-06-07T13:55:37+00:00\" \/>\n<meta property=\"og:image\" content=\"https:\/\/zecovalve.com\/wp-content\/uploads\/2022\/06\/Electric-Actuated-Gate-Valve.jpg\" \/>\n\t<meta property=\"og:image:width\" content=\"800\" \/>\n\t<meta property=\"og:image:height\" content=\"600\" \/>\n<meta name=\"twitter:card\" content=\"summary_large_image\" \/>\n<meta name=\"twitter:label1\" content=\"Escrito por\">\n\t<meta name=\"twitter:data1\" content=\"Jerry\">\n\t<meta name=\"twitter:label2\" content=\"Tempo estimado de leitura\">\n\t<meta name=\"twitter:data2\" content=\"2 minutos\">\n<script type=\"application\/ld+json\" class=\"yoast-schema-graph\">{\"@context\":\"https:\/\/schema.org\",\"@graph\":[{\"@type\":\"WebSite\",\"@id\":\"https:\/\/zecovalve.com\/#website\",\"url\":\"https:\/\/zecovalve.com\/\",\"name\":\"ZECO Valve\",\"description\":\"Industrial Ball Valve, Gate Valve and Globe Valve Manufacturer\",\"potentialAction\":[{\"@type\":\"SearchAction\",\"target\":\"https:\/\/zecovalve.com\/?s={search_term_string}\",\"query-input\":\"required name=search_term_string\"}],\"inLanguage\":\"pt-PT\"},{\"@type\":\"ImageObject\",\"@id\":\"https:\/\/zecovalve.com\/product\/electric-gate-valve#primaryimage\",\"inLanguage\":\"pt-PT\",\"url\":\"https:\/\/zecovalve.com\/wp-content\/uploads\/2022\/06\/Electric-Actuated-Gate-Valve.jpg\",\"width\":800,\"height\":600,\"caption\":\"Electric Actuated Gate Valve\"},{\"@type\":\"WebPage\",\"@id\":\"https:\/\/zecovalve.com\/product\/electric-gate-valve#webpage\",\"url\":\"https:\/\/zecovalve.com\/product\/electric-gate-valve\",\"name\":\"Electric Actuated Gate Valve - Actuated Gate Valve | ZECO Valve\",\"isPartOf\":{\"@id\":\"https:\/\/zecovalve.com\/#website\"},\"primaryImageOfPage\":{\"@id\":\"https:\/\/zecovalve.com\/product\/electric-gate-valve#primaryimage\"},\"datePublished\":\"2022-06-20T12:56:16+00:00\",\"dateModified\":\"2023-06-07T13:55:37+00:00\",\"breadcrumb\":{\"@id\":\"https:\/\/zecovalve.com\/product\/electric-gate-valve#breadcrumb\"},\"inLanguage\":\"pt-PT\",\"potentialAction\":[{\"@type\":\"ReadAction\",\"target\":[\"https:\/\/zecovalve.com\/product\/electric-gate-valve\"]}]},{\"@type\":\"BreadcrumbList\",\"@id\":\"https:\/\/zecovalve.com\/product\/electric-gate-valve#breadcrumb\",\"itemListElement\":[{\"@type\":\"ListItem\",\"position\":1,\"item\":{\"@type\":\"WebPage\",\"@id\":\"https:\/\/zecovalve.com\/\",\"url\":\"https:\/\/zecovalve.com\/\",\"name\":\"Home\"}},{\"@type\":\"ListItem\",\"position\":2,\"item\":{\"@type\":\"WebPage\",\"@id\":\"https:\/\/zecovalve.com\/product-category\",\"url\":\"https:\/\/zecovalve.com\/product-category\",\"name\":\"Industrial Valve Manufacturer | Water Valve Manufacturer\"}},{\"@type\":\"ListItem\",\"position\":3,\"item\":{\"@type\":\"WebPage\",\"@id\":\"https:\/\/zecovalve.com\/product\/electric-gate-valve\",\"url\":\"https:\/\/zecovalve.com\/product\/electric-gate-valve\",\"name\":\"Electric Actuated Gate Valve\"}}]}]}<\/script>\n<!-- \/ Yoast SEO Premium plugin. -->","_links":{"self":[{"href":"https:\/\/zecovalve.com\/pt\/wp-json\/wp\/v2\/product\/16263","targetHints":{"allow":["GET"]}}],"collection":[{"href":"https:\/\/zecovalve.com\/pt\/wp-json\/wp\/v2\/product"}],"about":[{"href":"https:\/\/zecovalve.com\/pt\/wp-json\/wp\/v2\/types\/product"}],"replies":[{"embeddable":true,"href":"https:\/\/zecovalve.com\/pt\/wp-json\/wp\/v2\/comments?post=16263"}],"wp:featuredmedia":[{"embeddable":true,"href":"https:\/\/zecovalve.com\/pt\/wp-json\/wp\/v2\/media\/27873"}],"wp:attachment":[{"href":"https:\/\/zecovalve.com\/pt\/wp-json\/wp\/v2\/media?parent=16263"}],"wp:term":[{"taxonomy":"product_cat","embeddable":true,"href":"https:\/\/zecovalve.com\/pt\/wp-json\/wp\/v2\/product_cat?post=16263"},{"taxonomy":"product_tag","embeddable":true,"href":"https:\/\/zecovalve.com\/pt\/wp-json\/wp\/v2\/product_tag?post=16263"}],"curies":[{"name":"wp","href":"https:\/\/api.w.org\/{rel}","templated":true}]}}