{"id":16272,"date":"2022-06-20T13:06:39","date_gmt":"2022-06-20T13:06:39","guid":{"rendered":"https:\/\/zecovalve.com\/?post_type=product&#038;p=16272"},"modified":"2023-06-07T07:04:40","modified_gmt":"2023-06-07T07:04:40","slug":"forged-ball-valve","status":"publish","type":"product","link":"https:\/\/zecovalve.com\/pt\/produto\/forged-ball-valve","title":{"rendered":"V\u00e1lvula de esfera forjada - V\u00e1lvula de esfera de bronze"},"content":{"rendered":"<p>As v\u00e1lvulas de esfera de bronze forjado s\u00e3o comumente usadas em condi\u00e7\u00f5es de \u00e1gua do mar altamente corrosivas.<\/p>\r\n\r\n\r\n\r\n<div class=\"wp-block-columns is-layout-flex wp-container-core-columns-is-layout-9d6595d7 wp-block-columns-is-layout-flex\">\r\n<div class=\"wp-block-column is-layout-flow wp-block-column-is-layout-flow\">\r\n<figure class=\"wp-block-image size-large\"><img decoding=\"async\" src=\"https:\/\/zecovalve.com\/wp-content\/uploads\/2022\/06\/14-forged-ball-valve-300x225.jpg\" alt=\"\" \/><\/figure>\r\n<\/div>\r\n\r\n\r\n\r\n<div class=\"wp-block-column is-layout-flow wp-block-column-is-layout-flow\">\r\n<figure class=\"wp-block-image size-large\"><img decoding=\"async\" src=\"https:\/\/zecovalve.com\/wp-content\/uploads\/2022\/06\/14-forged-ball-valve-1-300x225.jpg\" alt=\"\" \/><\/figure>\r\n<\/div>\r\n\r\n\r\n\r\n<div class=\"wp-block-column is-layout-flow wp-block-column-is-layout-flow\">\r\n<figure class=\"wp-block-image size-large\"><img decoding=\"async\" src=\"https:\/\/zecovalve.com\/wp-content\/uploads\/2022\/06\/14-forged-ball-valve-2-300x225.jpg\" alt=\"\" \/><\/figure>\r\n<\/div>\r\n<\/div>\r\n\r\n\r\n\r\n<div class=\"wp-block-columns is-layout-flex wp-container-core-columns-is-layout-9d6595d7 wp-block-columns-is-layout-flex\">\r\n<div class=\"wp-block-column is-layout-flow wp-block-column-is-layout-flow\">\r\n<figure class=\"wp-block-image size-large\"><img decoding=\"async\" src=\"https:\/\/zecovalve.com\/wp-content\/uploads\/2022\/06\/14-forged-ball-valve-3-300x225.jpg\" alt=\"\" \/><\/figure>\r\n<\/div>\r\n\r\n\r\n\r\n<div class=\"wp-block-column is-layout-flow wp-block-column-is-layout-flow\">\r\n<figure class=\"wp-block-image size-large\"><img decoding=\"async\" src=\"https:\/\/zecovalve.com\/wp-content\/uploads\/2022\/06\/14-forged-ball-valve-4-300x225.jpg\" alt=\"\" \/><\/figure>\r\n<\/div>\r\n\r\n\r\n\r\n<div class=\"wp-block-column is-layout-flow wp-block-column-is-layout-flow\">\r\n<figure class=\"wp-block-image size-large\"><img decoding=\"async\" src=\"https:\/\/zecovalve.com\/wp-content\/uploads\/2022\/06\/14-forged-ball-valve-5-300x225.jpg\" alt=\"\" \/><\/figure>\r\n<\/div>\r\n\r\n\r\n\r\n<div class=\"wp-block-column is-layout-flow wp-block-column-is-layout-flow\">\r\n<figure class=\"wp-block-image size-large\"><img decoding=\"async\" src=\"https:\/\/zecovalve.com\/wp-content\/uploads\/2022\/06\/forged-ball-valve-300x225.jpg\" alt=\"\" \/><\/figure>\r\n<\/div>\r\n<\/div>\r\n\r\n\r\n<div class=\"gb-button-wrapper gb-button-wrapper-6d8495a3\">\r\n\r\n\r\n<p><a class=\"gb-button gb-button-3d442e11 gb-button-text\" href=\"https:\/\/zecovalve.com\/pt\/contact\/\" target=\"_blank\" rel=\"noopener noreferrer\"><strong>OBTER PRE\u00c7O DA V\u00c1LVULA<\/strong><\/a><\/p>\r\n<\/div>\r\n\r\n\r\n\r\n\r\n<h2 class=\"wp-block-heading\">O que \u00e9 uma v\u00e1lvula esf\u00e9rica de bronze?<\/h2>\r\n\r\n\r\n\r\n<p>A v\u00e1lvula esfera de bronze significa que o corpo, o castelo e a esfera, bem como as partes internas, s\u00e3o feitos de bronze. Comumente usado em ambientes resistentes \u00e0 corros\u00e3o, como condi\u00e7\u00f5es de \u00e1gua do mar.<\/p>\r\n\r\n\r\n\r\n<h3 class=\"wp-block-heading\">O que \u00e9 material de bronze?<\/h3>\r\n\r\n\r\n\r\n<p>O bronze \u00e9 uma liga \u00e0 base de cobre que normalmente consiste em aproximadamente 88% de cobre e 12% de estanho. Vest\u00edgios de outros metais, como alum\u00ednio, mangan\u00eas, f\u00f3sforo e sil\u00edcio, tamb\u00e9m podem estar presentes na liga.<\/p>\r\n\r\n\r\n\r\n<p>O material de bronze pode ser classificado como Bronze de Alum\u00ednio, Bronze de Alum\u00ednio-N\u00edquel, Bronze de Alum\u00ednio-Sil\u00edcio e Bronze de Mangan\u00eas e assim por diante. As classes mais comumente usadas s\u00e3o ASTM B148 C95800, ASTM B62 C83600, ASTM B283 C61900, etc.<\/p>\r\n\r\n\r\n\r\n<h3 class=\"wp-block-heading\">Vantagens do material bronze<\/h3>\r\n\r\n\r\n\r\n<ul class=\"wp-block-list\">\r\n<li>Excelente condutividade t\u00e9rmica<\/li>\r\n<li>Resist\u00eancia \u00e0 corros\u00e3o da \u00e1gua salgada<\/li>\r\n<li>Alta ductilidade<\/li>\r\n<\/ul>\r\n<h2>Aplica\u00e7\u00f5es de V\u00e1lvulas de Bronze<\/h2>\r\n<p>As v\u00e1lvulas de bronze s\u00e3o comumente usadas na ind\u00fastria petroqu\u00edmica e em casos de uso de alto desempenho, especialmente em ambientes mar\u00edtimos onde s\u00e3o necess\u00e1rios baixos n\u00edveis de corros\u00e3o.<\/p>\r\n\r\n\r\n\r\n<h2 class=\"wp-block-heading\" id=\"h-what-is-a-forged-ball-valve\">O que \u00e9 uma v\u00e1lvula de esfera forjada?<\/h2>\r\n\r\n\r\n\r\n<p>A v\u00e1lvula de esfera forjada ZECO \u00e9 dividida em v\u00e1lvulas de esfera forjadas de duas pe\u00e7as e v\u00e1lvulas de esfera forjadas de tr\u00eas pe\u00e7as, bem como v\u00e1lvulas de esfera forjadas de pequeno di\u00e2metro e v\u00e1lvulas de esfera forjadas de grande di\u00e2metro, que s\u00e3o amplamente utilizadas em v\u00e1rias condi\u00e7\u00f5es industriais de alta press\u00e3o. Normalmente press\u00e3o de 600 lb, 800 lb, 900 lb, 1500 lb, temperatura de trabalho em v\u00e1rias tubula\u00e7\u00f5es - 46 \u2103 ~ 425 \u2103. Claro, 150LB e 300LB de baixa press\u00e3o tamb\u00e9m s\u00e3o frequentemente usados na lista de usu\u00e1rios. Seus materiais tamb\u00e9m incluem ASTM A105, ASTM A182 F304, ASTM A182 F316, ASTM B283 C61900, ASTM B148 C95800 e outros materiais de forjamento.<\/p>\r\n\r\n\r\n\r\n<h2 class=\"wp-block-heading\" id=\"h-features-of-forged-ball-valve\">Caracter\u00edsticas da v\u00e1lvula de esfera forjada:<\/h2>\r\n\r\n\r\n\r\n<ul class=\"wp-block-list\">\r\n<li>A v\u00e1lvula de esfera forjada ZECO possui sedes com efeito de pist\u00e3o duplo que s\u00e3o energizadas por press\u00e3o em ambas as dire\u00e7\u00f5es. Assim, os an\u00e9is da sede s\u00e3o sempre empurrados contra a esfera pela press\u00e3o de montante\/jusante ou da cavidade. Se a sede a montante falhar, a sede a jusante ainda poder\u00e1 garantir uma veda\u00e7\u00e3o herm\u00e9tica. Amplamente utilizado em aplica\u00e7\u00f5es espec\u00edficas ou para alguns testes de press\u00e3o de tubos. Como as v\u00e1lvulas de duplo efeito de pist\u00e3o n\u00e3o possuem a fun\u00e7\u00e3o de al\u00edvio autom\u00e1tico, dever\u00e1 ser fornecida a v\u00e1lvula autom\u00e1tica de al\u00edvio de press\u00e3o da cavidade, salvo acordo em contr\u00e1rio;<\/li>\r\n<li>A v\u00e1lvula de esfera forjada ZECO possui uma sede autoaliviante. Se a for\u00e7a criada pela press\u00e3o da cavidade do corpo for maior que a for\u00e7a da mola pr\u00e9-carregada mais a for\u00e7a criada pela press\u00e3o da tubula\u00e7\u00e3o, a press\u00e3o da cavidade \u00e9 liberada atrav\u00e9s da sede com al\u00edvio autom\u00e1tico, a sede com efeito de pist\u00e3o duplo ainda funciona como uma veda\u00e7\u00e3o herm\u00e9tica;<\/li>\r\n<li>A v\u00e1lvula de esfera forjada ZECO est\u00e1 dispon\u00edvel em configura\u00e7\u00f5es adicionais mediante solicita\u00e7\u00e3o, como design de sede com anel Delta, \u00e9 mais f\u00e1cil de vedar;<\/li>\r\n<li>A v\u00e1lvula de esfera forjada ZECO est\u00e1 dispon\u00edvel em configura\u00e7\u00f5es adicionais mediante solicita\u00e7\u00e3o, como o design Lipseal, \u00e9 mais f\u00e1cil de preservar.<\/li>\r\n<\/ul>\r\n\r\n\r\n\r\n<h2 class=\"wp-block-heading\" id=\"h-material-of-forged-ball-valve\">Material da v\u00e1lvula de esfera forjada:<\/h2>\r\n\r\n\r\n\r\n<figure class=\"wp-block-table\">\r\n<table>\r\n<tbody>\r\n<tr>\r\n<td>N\u00e3o<\/td>\r\n<td>Parte<\/td>\r\n<td>Material<\/td>\r\n<\/tr>\r\n<tr>\r\n<td>1<\/td>\r\n<td>Corpo<\/td>\r\n<td>ASTM B283 C61900<\/td>\r\n<\/tr>\r\n<tr>\r\n<td>2<\/td>\r\n<td>Bon\u00e9<\/td>\r\n<td>ASTM B283 C61900<\/td>\r\n<\/tr>\r\n<tr>\r\n<td>3<\/td>\r\n<td>Bola<\/td>\r\n<td>ASTM B283 C61900<\/td>\r\n<\/tr>\r\n<tr>\r\n<td>4<\/td>\r\n<td>Assento<\/td>\r\n<td>TEFLON<\/td>\r\n<\/tr>\r\n<tr>\r\n<td>5<\/td>\r\n<td>Caule<\/td>\r\n<td>ASTM B283 C61900<\/td>\r\n<\/tr>\r\n<tr>\r\n<td>6<\/td>\r\n<td>Enchimento da haste<\/td>\r\n<td>Grafite<\/td>\r\n<\/tr>\r\n<tr>\r\n<td>7<\/td>\r\n<td>Junta de veda\u00e7\u00e3o<\/td>\r\n<td>Grafite<\/td>\r\n<\/tr>\r\n<tr>\r\n<td>8<\/td>\r\n<td>Parafuso<\/td>\r\n<td>ASTM A193 B8M<\/td>\r\n<\/tr>\r\n<tr>\r\n<td>9<\/td>\r\n<td>Porca<\/td>\r\n<td>ASTM A194 8M<\/td>\r\n<\/tr>\r\n<tr>\r\n<td>10<\/td>\r\n<td>Pare o colar<\/td>\r\n<td>ASTM A1025<\/td>\r\n<\/tr>\r\n<tr>\r\n<td>11<\/td>\r\n<td>Alavanca<\/td>\r\n<td>ASTM A351 CF8<\/td>\r\n<\/tr>\r\n<\/tbody>\r\n<\/table>\r\n<\/figure>","protected":false},"excerpt":{"rendered":"<p>As v\u00e1lvulas de esfera de bronze forjado s\u00e3o comumente usadas em condi\u00e7\u00f5es de \u00e1gua do mar altamente corrosivas. O que \u00e9 uma v\u00e1lvula esf\u00e9rica de bronze? A v\u00e1lvula de esfera de bronze\u2026 <a title=\"V\u00e1lvula Esfera Forjada \u2013 V\u00e1lvula Esfera de Bronze\" class=\"read-more\" href=\"https:\/\/zecovalve.com\/pt\/produto\/forged-ball-valve\" aria-label=\"Mais em V\u00e1lvula Esfera Forjada \u2013 V\u00e1lvula Esfera de Bronze\">Ler mais<\/a><\/p>","protected":false},"featured_media":27856,"comment_status":"closed","ping_status":"closed","template":"","meta":{"_generate-full-width-content":"","kt_blocks_editor_width":""},"product_cat":[2047,2461,2465],"product_tag":[2655,2804,2656],"class_list":["post-16272","product","type-product","status-publish","has-post-thumbnail","hentry","product_cat-ball-valve","product_cat-ball-valve-by-material","product_cat-forged-steel-ball-valve","product_tag-1-2-ball-valve","product_tag-2-inch-ball-valve","product_tag-3-4-ball-valve","sales-flash-overlay","woocommerce-text-align-center","woocommerce-image-align-center","do-quantity-buttons"],"featured_image_src_large":["https:\/\/zecovalve.com\/wp-content\/uploads\/2022\/06\/Forged-Ball-Valve-Bronze-Ball-Valve.jpg",800,600,false],"author_info":[],"comment_info":0,"taxonomy_info":{"product_cat":[{"value":2047,"label":"Ball Valve"},{"value":2461,"label":"Ball Valve By Material"},{"value":2465,"label":"Forged Ball Valve"}],"product_tag":[{"value":2655,"label":"1 2 ball valve"},{"value":2804,"label":"2 inch Ball Valve"},{"value":2656,"label":"3 4 ball valve"}]},"yoast_head":"<!-- This site is optimized with the Yoast SEO Premium plugin v15.4 - https:\/\/yoast.com\/wordpress\/plugins\/seo\/ -->\n<title>Bronze Ball Valve - Forged Ball Valve Manufacturer | ZECO Valve<\/title>\n<meta name=\"robots\" content=\"index, follow, max-snippet:-1, max-image-preview:large, max-video-preview:-1\" \/>\n<link rel=\"canonical\" href=\"https:\/\/zecovalve.com\/pt\/produto\/forged-ball-valve\" \/>\n<meta property=\"og:locale\" content=\"pt_PT\" \/>\n<meta property=\"og:type\" content=\"article\" \/>\n<meta property=\"og:title\" content=\"Bronze Ball Valve - Forged Ball Valve Manufacturer | ZECO Valve\" \/>\n<meta property=\"og:description\" content=\"Forged bronze ball valves are commonly used in highly corrosive seawater conditions. What is a Bronze Ball Valve? The bronze ball valve ... Ler mais\" \/>\n<meta property=\"og:url\" content=\"https:\/\/zecovalve.com\/pt\/produto\/forged-ball-valve\" \/>\n<meta property=\"og:site_name\" content=\"ZECO Valve\" \/>\n<meta property=\"article:modified_time\" content=\"2023-06-07T07:04:40+00:00\" \/>\n<meta property=\"og:image\" content=\"https:\/\/zecovalve.com\/wp-content\/uploads\/2022\/06\/Forged-Ball-Valve-Bronze-Ball-Valve.jpg\" \/>\n\t<meta property=\"og:image:width\" content=\"800\" \/>\n\t<meta property=\"og:image:height\" content=\"600\" \/>\n<meta name=\"twitter:card\" content=\"summary_large_image\" \/>\n<meta name=\"twitter:label1\" content=\"Escrito por\">\n\t<meta name=\"twitter:data1\" content=\"Jerry\">\n\t<meta name=\"twitter:label2\" content=\"Tempo estimado de leitura\">\n\t<meta name=\"twitter:data2\" content=\"2 minutos\">\n<script type=\"application\/ld+json\" class=\"yoast-schema-graph\">{\"@context\":\"https:\/\/schema.org\",\"@graph\":[{\"@type\":\"WebSite\",\"@id\":\"https:\/\/zecovalve.com\/#website\",\"url\":\"https:\/\/zecovalve.com\/\",\"name\":\"ZECO Valve\",\"description\":\"Industrial Ball Valve, Gate Valve and Globe Valve Manufacturer\",\"potentialAction\":[{\"@type\":\"SearchAction\",\"target\":\"https:\/\/zecovalve.com\/?s={search_term_string}\",\"query-input\":\"required name=search_term_string\"}],\"inLanguage\":\"pt-PT\"},{\"@type\":\"ImageObject\",\"@id\":\"https:\/\/zecovalve.com\/product\/forged-ball-valve#primaryimage\",\"inLanguage\":\"pt-PT\",\"url\":\"https:\/\/zecovalve.com\/wp-content\/uploads\/2022\/06\/Forged-Ball-Valve-Bronze-Ball-Valve.jpg\",\"width\":800,\"height\":600,\"caption\":\"Forged Ball Valve - Bronze Ball Valve\"},{\"@type\":\"WebPage\",\"@id\":\"https:\/\/zecovalve.com\/product\/forged-ball-valve#webpage\",\"url\":\"https:\/\/zecovalve.com\/product\/forged-ball-valve\",\"name\":\"Bronze Ball Valve - Forged Ball Valve Manufacturer | ZECO Valve\",\"isPartOf\":{\"@id\":\"https:\/\/zecovalve.com\/#website\"},\"primaryImageOfPage\":{\"@id\":\"https:\/\/zecovalve.com\/product\/forged-ball-valve#primaryimage\"},\"datePublished\":\"2022-06-20T13:06:39+00:00\",\"dateModified\":\"2023-06-07T07:04:40+00:00\",\"breadcrumb\":{\"@id\":\"https:\/\/zecovalve.com\/product\/forged-ball-valve#breadcrumb\"},\"inLanguage\":\"pt-PT\",\"potentialAction\":[{\"@type\":\"ReadAction\",\"target\":[\"https:\/\/zecovalve.com\/product\/forged-ball-valve\"]}]},{\"@type\":\"BreadcrumbList\",\"@id\":\"https:\/\/zecovalve.com\/product\/forged-ball-valve#breadcrumb\",\"itemListElement\":[{\"@type\":\"ListItem\",\"position\":1,\"item\":{\"@type\":\"WebPage\",\"@id\":\"https:\/\/zecovalve.com\/\",\"url\":\"https:\/\/zecovalve.com\/\",\"name\":\"Home\"}},{\"@type\":\"ListItem\",\"position\":2,\"item\":{\"@type\":\"WebPage\",\"@id\":\"https:\/\/zecovalve.com\/product-category\",\"url\":\"https:\/\/zecovalve.com\/product-category\",\"name\":\"Industrial Valve Manufacturer | Water Valve Manufacturer\"}},{\"@type\":\"ListItem\",\"position\":3,\"item\":{\"@type\":\"WebPage\",\"@id\":\"https:\/\/zecovalve.com\/product\/forged-ball-valve\",\"url\":\"https:\/\/zecovalve.com\/product\/forged-ball-valve\",\"name\":\"Forged Ball Valve &#8211; Bronze Ball Valve\"}}]}]}<\/script>\n<!-- \/ Yoast SEO Premium plugin. -->","_links":{"self":[{"href":"https:\/\/zecovalve.com\/pt\/wp-json\/wp\/v2\/product\/16272","targetHints":{"allow":["GET"]}}],"collection":[{"href":"https:\/\/zecovalve.com\/pt\/wp-json\/wp\/v2\/product"}],"about":[{"href":"https:\/\/zecovalve.com\/pt\/wp-json\/wp\/v2\/types\/product"}],"replies":[{"embeddable":true,"href":"https:\/\/zecovalve.com\/pt\/wp-json\/wp\/v2\/comments?post=16272"}],"wp:featuredmedia":[{"embeddable":true,"href":"https:\/\/zecovalve.com\/pt\/wp-json\/wp\/v2\/media\/27856"}],"wp:attachment":[{"href":"https:\/\/zecovalve.com\/pt\/wp-json\/wp\/v2\/media?parent=16272"}],"wp:term":[{"taxonomy":"product_cat","embeddable":true,"href":"https:\/\/zecovalve.com\/pt\/wp-json\/wp\/v2\/product_cat?post=16272"},{"taxonomy":"product_tag","embeddable":true,"href":"https:\/\/zecovalve.com\/pt\/wp-json\/wp\/v2\/product_tag?post=16272"}],"curies":[{"name":"wp","href":"https:\/\/api.w.org\/{rel}","templated":true}]}}