{"id":16285,"date":"2022-06-20T13:13:37","date_gmt":"2022-06-20T13:13:37","guid":{"rendered":"https:\/\/zecovalve.com\/?post_type=product&#038;p=16285"},"modified":"2023-06-15T12:43:17","modified_gmt":"2023-06-15T12:43:17","slug":"4-inch-gate-valve","status":"publish","type":"product","link":"https:\/\/zecovalve.com\/pt\/produto\/4-inch-gate-valve","title":{"rendered":"V\u00e1lvula de gaveta de 4 polegadas"},"content":{"rendered":"<p>A v\u00e1lvula gaveta de 4 polegadas se distingue pelo tamanho da v\u00e1lvula gaveta, v\u00e1lvula gaveta de 4 polegadas com DN, digamos DN100.<\/p>\r\n\r\n\r\n\r\n<figure class=\"wp-block-image alignnone size-medium wp-image-16286\">\r\n<p><img loading=\"lazy\" decoding=\"async\" class=\"wp-image-27884 size-medium\" src=\"https:\/\/zecovalve.com\/wp-content\/uploads\/2022\/06\/4-inch-Gate-Valve-2-300x225.jpg\" alt=\"V\u00e1lvula de gaveta de 4 polegadas\" width=\"300\" height=\"225\" srcset=\"https:\/\/zecovalve.com\/wp-content\/uploads\/2022\/06\/4-inch-Gate-Valve-2-300x225.jpg 300w, https:\/\/zecovalve.com\/wp-content\/uploads\/2022\/06\/4-inch-Gate-Valve-2-768x576.jpg 768w, https:\/\/zecovalve.com\/wp-content\/uploads\/2022\/06\/4-inch-Gate-Valve-2-600x450.jpg 600w, https:\/\/zecovalve.com\/wp-content\/uploads\/2022\/06\/4-inch-Gate-Valve-2.jpg 800w\" sizes=\"auto, (max-width: 300px) 100vw, 300px\" \/><\/p>\r\n<\/figure>\r\n\r\n\r\n<div class=\"gb-button-wrapper gb-button-wrapper-6d8495a3\">\r\n\r\n\r\n<p><a class=\"gb-button gb-button-3d442e11 gb-button-text\" href=\"mailto:commercial@zecovalve.com\" target=\"_blank\" rel=\"noopener noreferrer\"><strong>OBTENHA O PRE\u00c7O DA V\u00c1LVULA DE GATE DE 4 POLEGADAS<\/strong><\/a><\/p>\r\n<\/div>\r\n\r\n\r\n\r\n\r\n<h2 class=\"wp-block-heading\" id=\"h-what-is-a-4-inch-gate-valve\">O que \u00e9 uma v\u00e1lvula gaveta de 4 polegadas?<\/h2>\r\n\r\n\r\n\r\n<p>A v\u00e1lvula gaveta ZECO de 4 polegadas \u00e9 um dos tamanhos mais comumente usados. A v\u00e1lvula gaveta na linha apenas muda o efeito e parece pequena, a porta realmente pequena para prote\u00e7\u00e3o da tubula\u00e7\u00e3o \u00e9 muito importante, embora o interruptor da v\u00e1lvula gaveta demore muito tempo, o torque da v\u00e1lvula gaveta necess\u00e1rio para acender, no caso de uma emerg\u00eancia, se apenas uma pessoa on-line, se for fechar uma v\u00e1lvula de esfera de 4 polegadas, pode levar o humano \u00e9 muito grande, se o processo de fabrica\u00e7\u00e3o for um pouco omisso causa torque excessivo, provavelmente tamb\u00e9m n\u00e3o abrir\u00e1, mas o port\u00e3o por opera\u00e7\u00e3o do volante manual , gire o volante para acionar a haste promovida, isso em si \u00e9 um processo de partir, abrir \u00e9 muito leve.<\/p>\r\n\r\n\r\n\r\n<h2 class=\"wp-block-heading\" id=\"h-features-of-4-gate-valve\">Caracter\u00edsticas da v\u00e1lvula de 4 gavetas<\/h2>\r\n\r\n\r\n\r\n<ul class=\"wp-block-list\">\r\n<li>A haste da v\u00e1lvula gaveta ZECO de 4 polegadas adota cabe\u00e7a em T que \u00e9 integral. \u00c9 muito mais forte do que uma haste roscada ou soldada e \u00e9 menos propensa a flex\u00e3o de alta press\u00e3o;<\/li>\r\n<li>A caixa de empanque da v\u00e1lvula gaveta ZECO de 4 polegadas \u00e9 profunda o suficiente para garantir veda\u00e7\u00e3o suficiente para manter a haste selada por um longo tempo. Os requisitos de design da caixa de gaxeta instalada padr\u00e3o atendem aos requisitos de emiss\u00f5es n\u00e3o organizadas &lt;100ppm, a prote\u00e7\u00e3o ambiental ZECO tem a certifica\u00e7\u00e3o ISO 14001, para um senso de responsabilidade social das obriga\u00e7\u00f5es da empresa;<\/li>\r\n<li>O design do volante da v\u00e1lvula gaveta ZECO de 4 polegadas torna a v\u00e1lvula f\u00e1cil de operar, o processo de opera\u00e7\u00e3o manual usa para ligar. Tamb\u00e9m est\u00e3o dispon\u00edveis acionamentos de turbinas e dispositivos el\u00e9tricos e pneum\u00e1ticos;<\/li>\r\n<li>A v\u00e1lvula gaveta ZECO de 4 polegadas foi enviada para todas as partes do mundo e foi bem recebida por usu\u00e1rios de empresas de petr\u00f3leo e g\u00e1s natural. A ZECO conquistou o reconhecimento de usu\u00e1rios em todo o mundo e oportunidades de coopera\u00e7\u00e3o de longo prazo com sua qualidade.<\/li>\r\n<\/ul>\r\n\r\n\r\n\r\n<h2 class=\"wp-block-heading\">Dimens\u00f5es e peso da v\u00e1lvula gaveta de 4 polegadas<\/h2>\r\n\r\n\r\n\r\n<table border=\"=1\" width=\"800\">\r\n<tbody>\r\n<tr>\r\n<td rowspan=\"2\">Press\u00e3o nominal<\/td>\r\n<td style=\"text-align: center;\">Furo<\/td>\r\n<td style=\"text-align: center;\" colspan=\"3\">\u00a0Dimens\u00e3o face a face (em mm)<\/td>\r\n<td style=\"text-align: center;\">Peso<\/td>\r\n<\/tr>\r\n<tr>\r\n<td style=\"text-align: center;\">(em mm)<\/td>\r\n<td style=\"text-align: center;\">RF<\/td>\r\n<td style=\"text-align: center;\">BW<\/td>\r\n<td style=\"text-align: center;\">RTJ<\/td>\r\n<td style=\"text-align: center;\">kg<\/td>\r\n<\/tr>\r\n<tr>\r\n<td>CLASSE 150<\/td>\r\n<td style=\"text-align: center;\">100<\/td>\r\n<td style=\"text-align: center;\">229<\/td>\r\n<td style=\"text-align: center;\">305<\/td>\r\n<td style=\"text-align: center;\">241<\/td>\r\n<td style=\"text-align: center;\">45<\/td>\r\n<\/tr>\r\n<tr>\r\n<td>CLASSE 300<\/td>\r\n<td style=\"text-align: center;\">100<\/td>\r\n<td style=\"text-align: center;\">305<\/td>\r\n<td style=\"text-align: center;\">305<\/td>\r\n<td style=\"text-align: center;\">321<\/td>\r\n<td style=\"text-align: center;\">74<\/td>\r\n<\/tr>\r\n<tr>\r\n<td>CLASSE 600<\/td>\r\n<td style=\"text-align: center;\">100<\/td>\r\n<td style=\"text-align: center;\">432<\/td>\r\n<td style=\"text-align: center;\">432<\/td>\r\n<td style=\"text-align: center;\">435<\/td>\r\n<td style=\"text-align: center;\">134<\/td>\r\n<\/tr>\r\n<tr>\r\n<td>CLASSE 900<\/td>\r\n<td style=\"text-align: center;\">98<\/td>\r\n<td style=\"text-align: center;\">457<\/td>\r\n<td style=\"text-align: center;\">457<\/td>\r\n<td style=\"text-align: center;\">460<\/td>\r\n<td style=\"text-align: center;\">174<\/td>\r\n<\/tr>\r\n<tr>\r\n<td>CLASSE 1500<\/td>\r\n<td style=\"text-align: center;\">92<\/td>\r\n<td style=\"text-align: center;\">546<\/td>\r\n<td style=\"text-align: center;\">546<\/td>\r\n<td style=\"text-align: center;\">549<\/td>\r\n<td style=\"text-align: center;\">260<\/td>\r\n<\/tr>\r\n<tr>\r\n<td>CLASSE 2500<\/td>\r\n<td style=\"text-align: center;\">72<\/td>\r\n<td style=\"text-align: center;\">673<\/td>\r\n<td style=\"text-align: center;\">673<\/td>\r\n<td style=\"text-align: center;\">683<\/td>\r\n<td style=\"text-align: center;\">606<\/td>\r\n<\/tr>\r\n<\/tbody>\r\n<\/table>\r\n\r\n\r\n\r\n<h2 class=\"wp-block-heading\">Aplica\u00e7\u00f5es da v\u00e1lvula de 4 gavetas<\/h2>\r\n\r\n\r\n\r\n<p>4 As v\u00e1lvulas gaveta s\u00e3o usadas em muitas aplica\u00e7\u00f5es industriais, incluindo a ind\u00fastria de petr\u00f3leo e g\u00e1s, farmac\u00eautica, manufatura, automotiva e mar\u00edtima.<\/p>\r\n\r\n\r\n\r\n<p>As v\u00e1lvulas de haste n\u00e3o ascendente s\u00e3o muito populares em navios, em aplica\u00e7\u00f5es subterr\u00e2neas ou onde o espa\u00e7o vertical \u00e9 limitado porque n\u00e3o ocupam espa\u00e7o extra.<\/p>\r\n\r\n\r\n\r\n<h2 class=\"wp-block-heading\" id=\"h-material-of-4-inch-gate-valve\">Material da v\u00e1lvula gaveta de 4 polegadas<\/h2>\r\n\r\n\r\n\r\n<figure class=\"wp-block-table\">\r\n<table>\r\n<tbody>\r\n<tr>\r\n<td>N\u00e3o<\/td>\r\n<td>Parte<\/td>\r\n<td>Material<\/td>\r\n<\/tr>\r\n<tr>\r\n<td>1<\/td>\r\n<td>Corpo<\/td>\r\n<td>ASTM A351 CF8<\/td>\r\n<\/tr>\r\n<tr>\r\n<td>2<\/td>\r\n<td>Anel de assento<\/td>\r\n<td>ASTM A182 F316 + STL<\/td>\r\n<\/tr>\r\n<tr>\r\n<td>3<\/td>\r\n<td>Cunha<\/td>\r\n<td>ASTM A351 CF8M + STL<\/td>\r\n<\/tr>\r\n<tr>\r\n<td>4<\/td>\r\n<td>Caule<\/td>\r\n<td>ASTM A276 316<\/td>\r\n<\/tr>\r\n<tr>\r\n<td>5<\/td>\r\n<td>Junta da tampa do compartimento<\/td>\r\n<td>Grafite + SS316<\/td>\r\n<\/tr>\r\n<tr>\r\n<td>6<\/td>\r\n<td>Parafuso do castelo<\/td>\r\n<td>ASTM A193 B8<\/td>\r\n<\/tr>\r\n<tr>\r\n<td>7<\/td>\r\n<td>Porca do castelo<\/td>\r\n<td>ASTM A194 8<\/td>\r\n<\/tr>\r\n<tr>\r\n<td>8<\/td>\r\n<td>Bon\u00e9<\/td>\r\n<td>ASTM A351 CF8<\/td>\r\n<\/tr>\r\n<tr>\r\n<td>9<\/td>\r\n<td>Banco traseiro<\/td>\r\n<td>ASTM A182 F316<\/td>\r\n<\/tr>\r\n<tr>\r\n<td>10<\/td>\r\n<td>Enchimento da haste<\/td>\r\n<td>Grafite refor\u00e7ada<\/td>\r\n<\/tr>\r\n<tr>\r\n<td>11<\/td>\r\n<td>Volante<\/td>\r\n<td>KTH330-08<\/td>\r\n<\/tr>\r\n<\/tbody>\r\n<\/table>\r\n<\/figure>\r\n\r\n\r\n\r\n<h2 class=\"wp-block-heading\">Pre\u00e7o da v\u00e1lvula de gaveta<\/h2>\r\n\r\n\r\n\r\n<p>A v\u00e1lvula gaveta de 4 polegadas \u00e9 geralmente um dos tamanhos de v\u00e1lvula gaveta mais facilmente compar\u00e1veis e a ZECO Valev pode oferecer pre\u00e7os muito competitivos para este produto, entre em contato com a ZECO Valve para obter detalhes.<\/p>","protected":false},"excerpt":{"rendered":"<p>A v\u00e1lvula gaveta de 4 polegadas se distingue pelo tamanho da v\u00e1lvula gaveta, v\u00e1lvula gaveta de 4 polegadas com DN, digamos DN100. \u2026 <a title=\"V\u00e1lvula de gaveta de 4 polegadas\" class=\"read-more\" href=\"https:\/\/zecovalve.com\/pt\/produto\/4-inch-gate-valve\" aria-label=\"Mais em V\u00e1lvula gaveta de 4 polegadas\">Ler mais<\/a><\/p>","protected":false},"featured_media":27884,"comment_status":"closed","ping_status":"closed","template":"","meta":{"_generate-full-width-content":"","kt_blocks_editor_width":""},"product_cat":[2052,2458],"product_tag":[],"class_list":["post-16285","product","type-product","status-publish","has-post-thumbnail","hentry","product_cat-gate-valve","product_cat-gate-valve-by-inch","sales-flash-overlay","woocommerce-text-align-center","woocommerce-image-align-center","do-quantity-buttons"],"featured_image_src_large":["https:\/\/zecovalve.com\/wp-content\/uploads\/2022\/06\/4-inch-Gate-Valve-2.jpg",800,600,false],"author_info":[],"comment_info":0,"taxonomy_info":{"product_cat":[{"value":2052,"label":"Gate Valve"},{"value":2458,"label":"Gate Valve By Inch"}]},"yoast_head":"<!-- This site is optimized with the Yoast SEO Premium plugin v15.4 - https:\/\/yoast.com\/wordpress\/plugins\/seo\/ -->\n<title>Gate Valve 4 inch - Competitive 4 inch Gate Valve Price | ZECO Valve<\/title>\n<meta name=\"robots\" content=\"index, follow, max-snippet:-1, max-image-preview:large, max-video-preview:-1\" \/>\n<link rel=\"canonical\" href=\"https:\/\/zecovalve.com\/pt\/produto\/4-inch-gate-valve\" \/>\n<meta property=\"og:locale\" content=\"pt_PT\" \/>\n<meta property=\"og:type\" content=\"article\" \/>\n<meta property=\"og:title\" content=\"Gate Valve 4 inch - Competitive 4 inch Gate Valve Price | ZECO Valve\" \/>\n<meta property=\"og:description\" content=\"Gate valve 4 inch is distinguished by the size of the gate valve, 4 inch gate valve with DN to say DN100. ... Ler mais\" \/>\n<meta property=\"og:url\" content=\"https:\/\/zecovalve.com\/pt\/produto\/4-inch-gate-valve\" \/>\n<meta property=\"og:site_name\" content=\"ZECO Valve\" \/>\n<meta property=\"article:modified_time\" content=\"2023-06-15T12:43:17+00:00\" \/>\n<meta property=\"og:image\" content=\"https:\/\/zecovalve.com\/wp-content\/uploads\/2022\/06\/4-inch-Gate-Valve-2.jpg\" \/>\n\t<meta property=\"og:image:width\" content=\"800\" \/>\n\t<meta property=\"og:image:height\" content=\"600\" \/>\n<meta name=\"twitter:card\" content=\"summary_large_image\" \/>\n<meta name=\"twitter:label1\" content=\"Escrito por\">\n\t<meta name=\"twitter:data1\" content=\"Jerry\">\n\t<meta name=\"twitter:label2\" content=\"Tempo estimado de leitura\">\n\t<meta name=\"twitter:data2\" content=\"2 minutos\">\n<script type=\"application\/ld+json\" class=\"yoast-schema-graph\">{\"@context\":\"https:\/\/schema.org\",\"@graph\":[{\"@type\":\"WebSite\",\"@id\":\"https:\/\/zecovalve.com\/#website\",\"url\":\"https:\/\/zecovalve.com\/\",\"name\":\"ZECO Valve\",\"description\":\"Industrial Ball Valve, Gate Valve and Globe Valve Manufacturer\",\"potentialAction\":[{\"@type\":\"SearchAction\",\"target\":\"https:\/\/zecovalve.com\/?s={search_term_string}\",\"query-input\":\"required name=search_term_string\"}],\"inLanguage\":\"pt-PT\"},{\"@type\":\"ImageObject\",\"@id\":\"https:\/\/zecovalve.com\/product\/4-inch-gate-valve#primaryimage\",\"inLanguage\":\"pt-PT\",\"url\":\"https:\/\/zecovalve.com\/wp-content\/uploads\/2022\/06\/4-inch-Gate-Valve-2.jpg\",\"width\":800,\"height\":600,\"caption\":\"4 inch Gate Valve\"},{\"@type\":\"WebPage\",\"@id\":\"https:\/\/zecovalve.com\/product\/4-inch-gate-valve#webpage\",\"url\":\"https:\/\/zecovalve.com\/product\/4-inch-gate-valve\",\"name\":\"Gate Valve 4 inch - Competitive 4 inch Gate Valve Price | ZECO Valve\",\"isPartOf\":{\"@id\":\"https:\/\/zecovalve.com\/#website\"},\"primaryImageOfPage\":{\"@id\":\"https:\/\/zecovalve.com\/product\/4-inch-gate-valve#primaryimage\"},\"datePublished\":\"2022-06-20T13:13:37+00:00\",\"dateModified\":\"2023-06-15T12:43:17+00:00\",\"breadcrumb\":{\"@id\":\"https:\/\/zecovalve.com\/product\/4-inch-gate-valve#breadcrumb\"},\"inLanguage\":\"pt-PT\",\"potentialAction\":[{\"@type\":\"ReadAction\",\"target\":[\"https:\/\/zecovalve.com\/product\/4-inch-gate-valve\"]}]},{\"@type\":\"BreadcrumbList\",\"@id\":\"https:\/\/zecovalve.com\/product\/4-inch-gate-valve#breadcrumb\",\"itemListElement\":[{\"@type\":\"ListItem\",\"position\":1,\"item\":{\"@type\":\"WebPage\",\"@id\":\"https:\/\/zecovalve.com\/\",\"url\":\"https:\/\/zecovalve.com\/\",\"name\":\"Home\"}},{\"@type\":\"ListItem\",\"position\":2,\"item\":{\"@type\":\"WebPage\",\"@id\":\"https:\/\/zecovalve.com\/product-category\",\"url\":\"https:\/\/zecovalve.com\/product-category\",\"name\":\"Industrial Valve Manufacturer | Water Valve Manufacturer\"}},{\"@type\":\"ListItem\",\"position\":3,\"item\":{\"@type\":\"WebPage\",\"@id\":\"https:\/\/zecovalve.com\/product\/4-inch-gate-valve\",\"url\":\"https:\/\/zecovalve.com\/product\/4-inch-gate-valve\",\"name\":\"4 inch Gate Valve\"}}]}]}<\/script>\n<!-- \/ Yoast SEO Premium plugin. -->","_links":{"self":[{"href":"https:\/\/zecovalve.com\/pt\/wp-json\/wp\/v2\/product\/16285","targetHints":{"allow":["GET"]}}],"collection":[{"href":"https:\/\/zecovalve.com\/pt\/wp-json\/wp\/v2\/product"}],"about":[{"href":"https:\/\/zecovalve.com\/pt\/wp-json\/wp\/v2\/types\/product"}],"replies":[{"embeddable":true,"href":"https:\/\/zecovalve.com\/pt\/wp-json\/wp\/v2\/comments?post=16285"}],"wp:featuredmedia":[{"embeddable":true,"href":"https:\/\/zecovalve.com\/pt\/wp-json\/wp\/v2\/media\/27884"}],"wp:attachment":[{"href":"https:\/\/zecovalve.com\/pt\/wp-json\/wp\/v2\/media?parent=16285"}],"wp:term":[{"taxonomy":"product_cat","embeddable":true,"href":"https:\/\/zecovalve.com\/pt\/wp-json\/wp\/v2\/product_cat?post=16285"},{"taxonomy":"product_tag","embeddable":true,"href":"https:\/\/zecovalve.com\/pt\/wp-json\/wp\/v2\/product_tag?post=16285"}],"curies":[{"name":"wp","href":"https:\/\/api.w.org\/{rel}","templated":true}]}}