{"id":16294,"date":"2022-06-20T13:21:05","date_gmt":"2022-06-20T13:21:05","guid":{"rendered":"https:\/\/zecovalve.com\/?post_type=product&#038;p=16294"},"modified":"2023-06-15T12:42:27","modified_gmt":"2023-06-15T12:42:27","slug":"forged-gate-valve","status":"publish","type":"product","link":"https:\/\/zecovalve.com\/pt\/produto\/forged-gate-valve","title":{"rendered":"V\u00e1lvula de gaveta forjada"},"content":{"rendered":"<p>A ZECO Valve fabrica uma linha vers\u00e1til de v\u00e1lvulas de gaveta, globo e reten\u00e7\u00e3o de a\u00e7o forjado de pequeno di\u00e2metro. O portf\u00f3lio inclui v\u00e1lvulas em padr\u00e3o T e Y, bem como v\u00e1lvulas criog\u00eanicas e seladas por fole. V\u00e1lvulas de gaveta, globo e reten\u00e7\u00e3o de a\u00e7o forjado est\u00e3o dispon\u00edveis em uma variedade de materiais e conex\u00f5es finais para atender \u00e0s necessidades do cliente.<\/p>\r\n\r\n\r\n\r\n<figure class=\"wp-block-image alignnone size-medium wp-image-16295\">\r\n<p><img loading=\"lazy\" decoding=\"async\" class=\"wp-image-27883 size-medium\" src=\"https:\/\/zecovalve.com\/wp-content\/uploads\/2022\/06\/Forged-Gate-Valve-1-300x225.jpg\" alt=\"V\u00e1lvula de gaveta forjada\" width=\"300\" height=\"225\" srcset=\"https:\/\/zecovalve.com\/wp-content\/uploads\/2022\/06\/Forged-Gate-Valve-1-300x225.jpg 300w, https:\/\/zecovalve.com\/wp-content\/uploads\/2022\/06\/Forged-Gate-Valve-1-768x576.jpg 768w, https:\/\/zecovalve.com\/wp-content\/uploads\/2022\/06\/Forged-Gate-Valve-1-600x450.jpg 600w, https:\/\/zecovalve.com\/wp-content\/uploads\/2022\/06\/Forged-Gate-Valve-1.jpg 800w\" sizes=\"auto, (max-width: 300px) 100vw, 300px\" \/><\/p>\r\n<\/figure>\r\n\r\n\r\n\r\n\r\n<div class=\"gb-button-wrapper gb-button-wrapper-6d8495a3\">\r\n\r\n\r\n<p><a class=\"gb-button gb-button-3d442e11 gb-button-text\" href=\"mailto:commercial@zecovalve.com\" target=\"_blank\" rel=\"noopener noreferrer\"><strong>OBTER PRE\u00c7O DA V\u00c1LVULA DE GATE FORJADA<\/strong><\/a><\/p>\r\n<\/div>\r\n\r\n\r\n<h2 class=\"wp-block-heading\" id=\"h-what-is-a-forged-gate-valve\">O que \u00e9 uma v\u00e1lvula gaveta forjada?<\/h2>\r\n\r\n\r\n\r\n<p>A v\u00e1lvula gaveta de a\u00e7o forjado \u00e9 um tipo de v\u00e1lvula gaveta cujas pe\u00e7as s\u00e3o feitas de material forjado. A comporta da v\u00e1lvula gaveta de a\u00e7o forjado se move ao longo da dire\u00e7\u00e3o vertical da linha central da passagem. \u00c9 usado principalmente para fun\u00e7\u00f5es de desligamento no pipeline. A v\u00e1lvula gaveta de a\u00e7o forjado \u00e9 uma v\u00e1lvula amplamente utilizada. Geralmente \u00e9 usado para dispositivos de desligamento com tamanho\u22642 \u201d.<\/p>\r\n\r\n\r\n\r\n<p>ZECO \u00e9 um fabricante de v\u00e1lvulas gaveta forjadas. As v\u00e1lvulas gaveta forjadas s\u00e3o adequadas para diversas condi\u00e7\u00f5es industriais e podem ser usadas para a instala\u00e7\u00e3o de tubula\u00e7\u00f5es terrestres e subterr\u00e2neas. Como as v\u00e1lvulas forjadas t\u00eam melhor resist\u00eancia \u00e0 corros\u00e3o do que as fundidas, elas podem evitar o alto custo da substitui\u00e7\u00e3o frequente causada pela corros\u00e3o. De acordo com o modo de conex\u00e3o, a v\u00e1lvula gaveta forjada pode ser dividida em quatro tipos: conex\u00e3o roscada, conex\u00e3o de solda de soquete, conex\u00e3o de solda de topo e conex\u00e3o de flange. A conex\u00e3o roscada \u00e9 uma delas, que pode ser usada principalmente para conex\u00f5es de rosca internas ou externas e conex\u00f5es de rosca de pipeline. A conex\u00e3o roscada \u00e9 geralmente usada para tubula\u00e7\u00f5es de m\u00e9dia e baixa press\u00e3o; As conex\u00f5es soldadas por soquete s\u00e3o adequadas para tubula\u00e7\u00f5es de alta press\u00e3o, geralmente encontradas em v\u00e1lvulas gaveta forjadas de pequeno di\u00e2metro, com menos de 2 polegadas; A soldagem de topo tamb\u00e9m \u00e9 adequada para tubula\u00e7\u00f5es de alta press\u00e3o, mas geralmente ocorre em v\u00e1lvulas gaveta forjadas de grande di\u00e2metro, com mais de 2 polegadas; A conex\u00e3o do flange pode ser dividida em dois tipos de flange integral e flange de soldagem, de acordo com as condi\u00e7\u00f5es de trabalho espec\u00edficas que os usu\u00e1rios podem escolher; A v\u00e1lvula gaveta forjada \u00e9 usada principalmente para corte, portanto pode ser aplicada \u00e0 tubula\u00e7\u00e3o com fluxo bidirecional do meio.<\/p>\r\n\r\n\r\n\r\n<h2 class=\"wp-block-heading\">Especifica\u00e7\u00f5es da v\u00e1lvula gaveta forjada<\/h2>\r\n\r\n\r\n\r\n<ul class=\"wp-block-list\">\r\n<li>Projeto B\u00e1sico: API 602, ANSI B16.34<\/li>\r\n<li>De ponta a ponta: Padr\u00e3o DHV<\/li>\r\n<li>Teste e Inspe\u00e7\u00e3o: API-598<\/li>\r\n<li>Extremidades parafusadas (NPT) conforme ANSI\/ASME B1.20.1<\/li>\r\n<li>Solda de soquete termina de acordo com ASME B16.11<\/li>\r\n<li>Solda de topo termina de acordo com ASME B16.25<\/li>\r\n<li>Flange final: ANSI B16.5<\/li>\r\n<\/ul>\r\n\r\n\r\n\r\n<h2 class=\"wp-block-heading\" id=\"h-features-of-forged-steel-gate-valve\">Caracter\u00edsticas da v\u00e1lvula gaveta de a\u00e7o forjado<\/h2>\r\n\r\n\r\n\r\n<ul class=\"wp-block-list\">\r\n<li>A v\u00e1lvula gaveta forjada ZECO adota o design de veda\u00e7\u00e3o reversa. No uso a longo prazo, se a gaxeta precisar ser substitu\u00edda, desde que a v\u00e1lvula esteja totalmente aberta, a gaxeta pode ser substitu\u00edda online sem vazamento da v\u00e1lvula;<\/li>\r\n<li>O design da haste com cabe\u00e7a em T da v\u00e1lvula gaveta forjada ZECO fornece uma conex\u00e3o positiva do disco \u00e0 haste e garante uma opera\u00e7\u00e3o de assentamento eficaz;<\/li>\r\n<li>A cunha s\u00f3lida totalmente guiada da v\u00e1lvula gaveta forjada ZECO reduz o desgaste nas superf\u00edcies de assentamento;<\/li>\r\n<li>O arranjo de pinos e parafusos da v\u00e1lvula gaveta forjada ZECO facilita a manuten\u00e7\u00e3o da gaxeta.<\/li>\r\n<li>Parafuso externo e garfo (OS&amp;Y)<\/li>\r\n<li>Prensa de gaxeta autocompensadora de duas pe\u00e7as<\/li>\r\n<li>Cap\u00f4 aparafusado com junta em espiral<\/li>\r\n<li>Banco traseiro integral<\/li>\r\n<\/ul>\r\n\r\n\r\n\r\n<h2 class=\"wp-block-heading\" id=\"h-material-of-forged-gate-valve\">Material da v\u00e1lvula gaveta forjada<\/h2>\r\n\r\n\r\n\r\n<figure class=\"wp-block-table\">\r\n<table>\r\n<tbody>\r\n<tr>\r\n<td>N\u00e3o<\/td>\r\n<td>Parte<\/td>\r\n<td>Material<\/td>\r\n<\/tr>\r\n<tr>\r\n<td>1<\/td>\r\n<td>Corpo<\/td>\r\n<td>ASTM A105<\/td>\r\n<\/tr>\r\n<tr>\r\n<td>2<\/td>\r\n<td>Anel de assento<\/td>\r\n<td>ASTM A276 410<\/td>\r\n<\/tr>\r\n<tr>\r\n<td>3<\/td>\r\n<td>Cunha<\/td>\r\n<td>ASTM A276 420<\/td>\r\n<\/tr>\r\n<tr>\r\n<td>4<\/td>\r\n<td>Junta de veda\u00e7\u00e3o<\/td>\r\n<td>Grafite + SS304<\/td>\r\n<\/tr>\r\n<tr>\r\n<td>5<\/td>\r\n<td>Caule<\/td>\r\n<td>ASTM A276 420<\/td>\r\n<\/tr>\r\n<tr>\r\n<td>6<\/td>\r\n<td>Bon\u00e9<\/td>\r\n<td>ASTM A105<\/td>\r\n<\/tr>\r\n<tr>\r\n<td>7<\/td>\r\n<td>Parafuso do castelo<\/td>\r\n<td>ASTM A193 B7<\/td>\r\n<\/tr>\r\n<tr>\r\n<td>8<\/td>\r\n<td>Enchimento da haste<\/td>\r\n<td>Grafite refor\u00e7ada<\/td>\r\n<\/tr>\r\n<tr>\r\n<td>9<\/td>\r\n<td>Gl\u00e2ndula<\/td>\r\n<td>ASTM A276 410<\/td>\r\n<\/tr>\r\n<tr>\r\n<td>10<\/td>\r\n<td>Flange da gl\u00e2ndula<\/td>\r\n<td>ASTM A105<\/td>\r\n<\/tr>\r\n<tr>\r\n<td>11<\/td>\r\n<td>Volante<\/td>\r\n<td>ASTM A197<\/td>\r\n<\/tr>\r\n<\/tbody>\r\n<\/table>\r\n<\/figure>","protected":false},"excerpt":{"rendered":"<p>A ZECO Valve fabrica uma linha vers\u00e1til de v\u00e1lvulas de gaveta, globo e reten\u00e7\u00e3o de a\u00e7o forjado de pequeno di\u00e2metro. O portf\u00f3lio \u00e9 composto por v\u00e1lvulas em padr\u00e3o T\u2026 <a title=\"V\u00e1lvula de gaveta forjada\" class=\"read-more\" href=\"https:\/\/zecovalve.com\/pt\/produto\/forged-gate-valve\" aria-label=\"Mais em V\u00e1lvula de gaveta forjada\">Ler mais<\/a><\/p>","protected":false},"featured_media":27883,"comment_status":"closed","ping_status":"closed","template":"","meta":{"_generate-full-width-content":"","kt_blocks_editor_width":""},"product_cat":[2464,2052],"product_tag":[2798],"class_list":["post-16294","product","type-product","status-publish","has-post-thumbnail","hentry","product_cat-forged-steel-gate-valve","product_cat-gate-valve","product_tag-osy-valve","sales-flash-overlay","woocommerce-text-align-center","woocommerce-image-align-center","do-quantity-buttons"],"featured_image_src_large":["https:\/\/zecovalve.com\/wp-content\/uploads\/2022\/06\/Forged-Gate-Valve-1.jpg",800,600,false],"author_info":[],"comment_info":0,"taxonomy_info":{"product_cat":[{"value":2464,"label":"Forged Steel Gate Valve"},{"value":2052,"label":"Gate Valve"}],"product_tag":[{"value":2798,"label":"OS&amp;Y Valve"}]},"yoast_head":"<!-- This site is optimized with the Yoast SEO Premium plugin v15.4 - https:\/\/yoast.com\/wordpress\/plugins\/seo\/ -->\n<title>Forged Gate Valve - Forged Steel Gate Valve Manufacturers | ZECO Valve<\/title>\n<meta name=\"robots\" content=\"index, follow, max-snippet:-1, max-image-preview:large, max-video-preview:-1\" \/>\n<link rel=\"canonical\" href=\"https:\/\/zecovalve.com\/pt\/produto\/forged-gate-valve\" \/>\n<meta property=\"og:locale\" content=\"pt_PT\" \/>\n<meta property=\"og:type\" content=\"article\" \/>\n<meta property=\"og:title\" content=\"Forged Gate Valve - Forged Steel Gate Valve Manufacturers | ZECO Valve\" \/>\n<meta property=\"og:description\" content=\"ZECO Valve manufactures a versatile range of Small Bore Forged Steel Gate, Globe, and Check Valves. The portfolio comprises valves in T-pattern ... Ler mais\" \/>\n<meta property=\"og:url\" content=\"https:\/\/zecovalve.com\/pt\/produto\/forged-gate-valve\" \/>\n<meta property=\"og:site_name\" content=\"ZECO Valve\" \/>\n<meta property=\"article:modified_time\" content=\"2023-06-15T12:42:27+00:00\" \/>\n<meta property=\"og:image\" content=\"https:\/\/zecovalve.com\/wp-content\/uploads\/2022\/06\/Forged-Gate-Valve-1.jpg\" \/>\n\t<meta property=\"og:image:width\" content=\"800\" \/>\n\t<meta property=\"og:image:height\" content=\"600\" \/>\n<meta name=\"twitter:card\" content=\"summary_large_image\" \/>\n<meta name=\"twitter:label1\" content=\"Escrito por\">\n\t<meta name=\"twitter:data1\" content=\"Jerry\">\n\t<meta name=\"twitter:label2\" content=\"Tempo estimado de leitura\">\n\t<meta name=\"twitter:data2\" content=\"2 minutos\">\n<script type=\"application\/ld+json\" class=\"yoast-schema-graph\">{\"@context\":\"https:\/\/schema.org\",\"@graph\":[{\"@type\":\"WebSite\",\"@id\":\"https:\/\/zecovalve.com\/#website\",\"url\":\"https:\/\/zecovalve.com\/\",\"name\":\"ZECO Valve\",\"description\":\"Industrial Ball Valve, Gate Valve and Globe Valve Manufacturer\",\"potentialAction\":[{\"@type\":\"SearchAction\",\"target\":\"https:\/\/zecovalve.com\/?s={search_term_string}\",\"query-input\":\"required name=search_term_string\"}],\"inLanguage\":\"pt-PT\"},{\"@type\":\"ImageObject\",\"@id\":\"https:\/\/zecovalve.com\/product\/forged-gate-valve#primaryimage\",\"inLanguage\":\"pt-PT\",\"url\":\"https:\/\/zecovalve.com\/wp-content\/uploads\/2022\/06\/Forged-Gate-Valve-1.jpg\",\"width\":800,\"height\":600,\"caption\":\"Forged Gate Valve\"},{\"@type\":\"WebPage\",\"@id\":\"https:\/\/zecovalve.com\/product\/forged-gate-valve#webpage\",\"url\":\"https:\/\/zecovalve.com\/product\/forged-gate-valve\",\"name\":\"Forged Gate Valve - Forged Steel Gate Valve Manufacturers | ZECO Valve\",\"isPartOf\":{\"@id\":\"https:\/\/zecovalve.com\/#website\"},\"primaryImageOfPage\":{\"@id\":\"https:\/\/zecovalve.com\/product\/forged-gate-valve#primaryimage\"},\"datePublished\":\"2022-06-20T13:21:05+00:00\",\"dateModified\":\"2023-06-15T12:42:27+00:00\",\"breadcrumb\":{\"@id\":\"https:\/\/zecovalve.com\/product\/forged-gate-valve#breadcrumb\"},\"inLanguage\":\"pt-PT\",\"potentialAction\":[{\"@type\":\"ReadAction\",\"target\":[\"https:\/\/zecovalve.com\/product\/forged-gate-valve\"]}]},{\"@type\":\"BreadcrumbList\",\"@id\":\"https:\/\/zecovalve.com\/product\/forged-gate-valve#breadcrumb\",\"itemListElement\":[{\"@type\":\"ListItem\",\"position\":1,\"item\":{\"@type\":\"WebPage\",\"@id\":\"https:\/\/zecovalve.com\/\",\"url\":\"https:\/\/zecovalve.com\/\",\"name\":\"Home\"}},{\"@type\":\"ListItem\",\"position\":2,\"item\":{\"@type\":\"WebPage\",\"@id\":\"https:\/\/zecovalve.com\/product-category\",\"url\":\"https:\/\/zecovalve.com\/product-category\",\"name\":\"Industrial Valve Manufacturer | Water Valve Manufacturer\"}},{\"@type\":\"ListItem\",\"position\":3,\"item\":{\"@type\":\"WebPage\",\"@id\":\"https:\/\/zecovalve.com\/product\/forged-gate-valve\",\"url\":\"https:\/\/zecovalve.com\/product\/forged-gate-valve\",\"name\":\"Forged Gate Valve\"}}]}]}<\/script>\n<!-- \/ Yoast SEO Premium plugin. -->","_links":{"self":[{"href":"https:\/\/zecovalve.com\/pt\/wp-json\/wp\/v2\/product\/16294","targetHints":{"allow":["GET"]}}],"collection":[{"href":"https:\/\/zecovalve.com\/pt\/wp-json\/wp\/v2\/product"}],"about":[{"href":"https:\/\/zecovalve.com\/pt\/wp-json\/wp\/v2\/types\/product"}],"replies":[{"embeddable":true,"href":"https:\/\/zecovalve.com\/pt\/wp-json\/wp\/v2\/comments?post=16294"}],"wp:featuredmedia":[{"embeddable":true,"href":"https:\/\/zecovalve.com\/pt\/wp-json\/wp\/v2\/media\/27883"}],"wp:attachment":[{"href":"https:\/\/zecovalve.com\/pt\/wp-json\/wp\/v2\/media?parent=16294"}],"wp:term":[{"taxonomy":"product_cat","embeddable":true,"href":"https:\/\/zecovalve.com\/pt\/wp-json\/wp\/v2\/product_cat?post=16294"},{"taxonomy":"product_tag","embeddable":true,"href":"https:\/\/zecovalve.com\/pt\/wp-json\/wp\/v2\/product_tag?post=16294"}],"curies":[{"name":"wp","href":"https:\/\/api.w.org\/{rel}","templated":true}]}}