{"id":16301,"date":"2022-06-20T13:29:11","date_gmt":"2022-06-20T13:29:11","guid":{"rendered":"https:\/\/zecovalve.com\/?post_type=product&#038;p=16301"},"modified":"2022-06-28T03:25:38","modified_gmt":"2022-06-28T03:25:38","slug":"pneumatic-butterfly-valve","status":"publish","type":"product","link":"https:\/\/zecovalve.com\/pt\/produto\/pneumatic-butterfly-valve","title":{"rendered":"V\u00e1lvula Borboleta Pneum\u00e1tica"},"content":{"rendered":"<h1 class=\"sep-title\">V\u00e1lvula Borboleta Pneum\u00e1tica<\/h1>\n<div class=\"sep-box-detail clearfix\">\n<div class=\"box-lf\">\n<div class=\"thumb\">\n<figure id=\"attachment_16302\" aria-describedby=\"caption-attachment-16302\" style=\"width: 290px\" class=\"wp-caption alignnone\"><img loading=\"lazy\" decoding=\"async\" class=\"size-medium wp-image-16302\" src=\"https:\/\/zecovalve.com\/wp-content\/uploads\/2022\/06\/pneumatic-butterfly-valve-300x225.jpg\" alt=\"V\u00e1lvula Borboleta Pneum\u00e1tica\" width=\"300\" height=\"225\" srcset=\"https:\/\/zecovalve.com\/wp-content\/uploads\/2022\/06\/pneumatic-butterfly-valve-300x225.jpg 300w, https:\/\/zecovalve.com\/wp-content\/uploads\/2022\/06\/pneumatic-butterfly-valve-768x576.jpg 768w, https:\/\/zecovalve.com\/wp-content\/uploads\/2022\/06\/pneumatic-butterfly-valve-600x450.jpg 600w, https:\/\/zecovalve.com\/wp-content\/uploads\/2022\/06\/pneumatic-butterfly-valve.jpg 800w\" sizes=\"auto, (max-width: 300px) 100vw, 300px\" \/><figcaption id=\"caption-attachment-16302\" class=\"wp-caption-text\">V\u00e1lvula Borboleta Pneum\u00e1tica<\/figcaption><\/figure>\n<\/div>\n<div class=\"info\"><a href=\"https:\/\/zecovalve.com\/pt\/products\/pneumatic-butterfly-valve.html\/#form\"><i class=\"fa fa-commenting-o\" aria-hidden=\"true\"><\/i>\u00a0OBTER PRE\u00c7O DA V\u00c1LVULA<\/a><\/div>\n<\/div>\n<div class=\"box-rt\">\n<div class=\"gg\">\n<div class=\"swiper-container swiper-container-initialized swiper-container-vertical\">\n<div class=\"swiper-wrapper\"><\/div>\n<\/div>\n<\/div>\n<\/div>\n<\/div>\n<div class=\"richtext\">\n<h2>Descri\u00e7\u00e3o da v\u00e1lvula borboleta pneum\u00e1tica:<\/h2>\n<p>A v\u00e1lvula borboleta pneum\u00e1tica ZECO, principalmente na tubula\u00e7\u00e3o, como uma fun\u00e7\u00e3o de truncamento, \u00e9 usar dispositivos pneum\u00e1ticos para acionar a a\u00e7\u00e3o de abertura e fechamento do disco borboleta girat\u00f3rio da haste da v\u00e1lvula para obter o efeito de truncamento ou fluxo m\u00e9dio aberto. Atualmente, a v\u00e1lvula borboleta em baixa press\u00e3o, grande di\u00e2metro ou m\u00e9dio di\u00e2metro, \u00e9 uma tubula\u00e7\u00e3o mais utilizada. V\u00e1lvula borboleta pneum\u00e1tica basicamente canalizada em alta altitude, atrav\u00e9s da abertura e fechamento da v\u00e1lvula solen\u00f3ide, mas tamb\u00e9m tem o efeito de regular o fluxo de m\u00eddia, a resist\u00eancia ao fluido da v\u00e1lvula borboleta \u00e9 pequena, grande di\u00e2metro e o di\u00e2metro da v\u00e1lvula borboleta pneum\u00e1tica abre tudo a \u00e1rea de circula\u00e7\u00e3o efetiva \u00e9 grande, pois os motivos de abertura e fechamento do dispositivo pneum\u00e1tico s\u00e3o muito r\u00e1pidos e econ\u00f4micos. Como a placa do disco em ambos os lados da haste da v\u00e1lvula recebe for\u00e7a quase igual do meio, mas produz torque em dire\u00e7\u00f5es opostas, o torque de abertura e fechamento \u00e9 pequeno e f\u00e1cil de abrir. Sob baixa press\u00e3o, a v\u00e1lvula borboleta tamb\u00e9m pode obter uma boa veda\u00e7\u00e3o. Os materiais de veda\u00e7\u00e3o da v\u00e1lvula borboleta s\u00e3o NBR, VITON, revestimento de Teflon, etc., e os materiais de veda\u00e7\u00e3o met\u00e1licos s\u00e3o folhas met\u00e1licas laminadas resilientes. Esses materiais tamb\u00e9m apresentam excelente desempenho de veda\u00e7\u00e3o em baixas temperaturas.<\/p>\n<h2>Caracter\u00edsticas da v\u00e1lvula borboleta pneum\u00e1tica:<\/h2>\n<p>1. O rolamento da v\u00e1lvula borboleta pneum\u00e1tica ZECO \u00e9 estendido. O rolamento estendido pode reduzir o atrito da haste e manter o torque mais baixo;<\/p>\n<p>2. A haste da v\u00e1lvula borboleta pneum\u00e1tica ZECO \u00e9 projetada em um sistema anti-explos\u00e3o. Este design protege os mantenedores quando a manuten\u00e7\u00e3o \u00e9 necess\u00e1ria;<\/p>\n<p>3. A veda\u00e7\u00e3o da v\u00e1lvula borboleta pneum\u00e1tica ZECO adota uma veda\u00e7\u00e3o laminada. Esta veda\u00e7\u00e3o laminada pode ajudar a v\u00e1lvula a manter vazamento zero durante o estado totalmente fechado;<\/p>\n<p>4. A sede da v\u00e1lvula borboleta pneum\u00e1tica ZECO pode escolher uma sede stellited. A sede integral com face met\u00e1lica pode ajudar a v\u00e1lvula a reduzir a manuten\u00e7\u00e3o e prolongar a vida \u00fatil da v\u00e1lvula.<\/p>\n<h2>Material da v\u00e1lvula borboleta pneum\u00e1tica:<\/h2>\n<table>\n<tbody>\n<tr class=\"firstRow\">\n<td valign=\"center\">N\u00e3o<\/td>\n<td valign=\"center\">Parte<\/td>\n<td valign=\"center\">Material<\/td>\n<\/tr>\n<tr>\n<td valign=\"center\">1<\/td>\n<td valign=\"center\">Corpo<\/td>\n<td valign=\"center\">ASTM A351 CF8<\/td>\n<\/tr>\n<tr>\n<td valign=\"center\">2<\/td>\n<td valign=\"center\">Anel de veda\u00e7\u00e3o<\/td>\n<td valign=\"center\">Grafite + SS304<\/td>\n<\/tr>\n<tr>\n<td valign=\"center\">3<\/td>\n<td valign=\"center\">Flange de reten\u00e7\u00e3o<\/td>\n<td valign=\"center\">ASTM A182 F304<\/td>\n<\/tr>\n<tr>\n<td valign=\"center\">4<\/td>\n<td valign=\"center\">Pino<\/td>\n<td valign=\"center\">ASTM A276 304<\/td>\n<\/tr>\n<tr>\n<td valign=\"center\">5<\/td>\n<td valign=\"center\">Disco<\/td>\n<td valign=\"center\">ASTM A351 CF8<\/td>\n<\/tr>\n<tr>\n<td valign=\"center\">6<\/td>\n<td valign=\"center\">Caule<\/td>\n<td valign=\"center\">ASTM A276 304<\/td>\n<\/tr>\n<tr>\n<td valign=\"center\">7<\/td>\n<td valign=\"center\">Enchimento da haste<\/td>\n<td valign=\"center\">Grafite<\/td>\n<\/tr>\n<tr>\n<td valign=\"center\">8<\/td>\n<td valign=\"center\">Batimento do tronco<\/td>\n<td valign=\"center\">SS304 + PTFE<\/td>\n<\/tr>\n<tr>\n<td valign=\"center\">9<\/td>\n<td valign=\"center\">Parafuso<\/td>\n<td valign=\"center\">ASTM A193 B8<\/td>\n<\/tr>\n<tr>\n<td valign=\"center\">10<\/td>\n<td valign=\"center\">Porca<\/td>\n<td valign=\"center\">ASTM A194 8<\/td>\n<\/tr>\n<tr>\n<td valign=\"center\">11<\/td>\n<td valign=\"center\">Jugo<\/td>\n<td valign=\"center\">ASTM A216 WCB<\/td>\n<\/tr>\n<\/tbody>\n<\/table>\n<\/div>","protected":false},"excerpt":{"rendered":"<p>V\u00e1lvula borboleta pneum\u00e1tica OBTER PRE\u00c7O DA V\u00c1LVULA Descri\u00e7\u00e3o da v\u00e1lvula borboleta pneum\u00e1tica: V\u00e1lvula borboleta pneum\u00e1tica ZECO principalmente na tubula\u00e7\u00e3o como um truncamento\u2026 <a title=\"V\u00e1lvula Borboleta Pneum\u00e1tica\" class=\"read-more\" href=\"https:\/\/zecovalve.com\/pt\/produto\/pneumatic-butterfly-valve\" aria-label=\"Mais em V\u00e1lvula Borboleta Pneum\u00e1tica\">Ler mais<\/a><\/p>","protected":false},"featured_media":16302,"comment_status":"closed","ping_status":"closed","template":"","meta":{"_generate-full-width-content":"","kt_blocks_editor_width":""},"product_cat":[2044,2468,2604],"product_tag":[],"class_list":["post-16301","product","type-product","status-publish","has-post-thumbnail","hentry","product_cat-butterfly-valve","product_cat-butterfly-valve-by-drive-mode","product_cat-triple-offset-butterfly-valve","sales-flash-overlay","woocommerce-text-align-center","woocommerce-image-align-center","do-quantity-buttons"],"featured_image_src_large":["https:\/\/zecovalve.com\/wp-content\/uploads\/2022\/06\/pneumatic-butterfly-valve.jpg",800,600,false],"author_info":[],"comment_info":0,"taxonomy_info":{"product_cat":[{"value":2044,"label":"Butterfly Valve"},{"value":2468,"label":"Butterfly Valve By Drive Mode"},{"value":2604,"label":"Triple Offset Butterfly Valve"}]},"yoast_head":"<!-- This site is optimized with the Yoast SEO Premium plugin v15.4 - https:\/\/yoast.com\/wordpress\/plugins\/seo\/ -->\n<title>Pneumatic Butterfly Valve - ZECO Valve<\/title>\n<meta name=\"robots\" content=\"index, follow, max-snippet:-1, max-image-preview:large, max-video-preview:-1\" \/>\n<link rel=\"canonical\" href=\"https:\/\/zecovalve.com\/pt\/produto\/pneumatic-butterfly-valve\" \/>\n<meta property=\"og:locale\" content=\"pt_PT\" \/>\n<meta property=\"og:type\" content=\"article\" \/>\n<meta property=\"og:title\" content=\"Pneumatic Butterfly Valve - ZECO Valve\" \/>\n<meta property=\"og:description\" content=\"Pneumatic Butterfly Valve \u00a0GET VALVE PRICE Description of Pneumatic Butterfly Valve: ZECO pneumatic butterfly valve mainly in the pipeline as a truncation ... Ler mais\" \/>\n<meta property=\"og:url\" content=\"https:\/\/zecovalve.com\/pt\/produto\/pneumatic-butterfly-valve\" \/>\n<meta property=\"og:site_name\" content=\"ZECO Valve\" \/>\n<meta property=\"article:modified_time\" content=\"2022-06-28T03:25:38+00:00\" \/>\n<meta property=\"og:image\" content=\"https:\/\/zecovalve.com\/wp-content\/uploads\/2022\/06\/pneumatic-butterfly-valve.jpg\" \/>\n\t<meta property=\"og:image:width\" content=\"800\" \/>\n\t<meta property=\"og:image:height\" content=\"600\" \/>\n<meta name=\"twitter:card\" content=\"summary_large_image\" \/>\n<meta name=\"twitter:label1\" content=\"Escrito por\">\n\t<meta name=\"twitter:data1\" content=\"Jerry\">\n\t<meta name=\"twitter:label2\" content=\"Tempo estimado de leitura\">\n\t<meta name=\"twitter:data2\" content=\"1 minuto\">\n<script type=\"application\/ld+json\" class=\"yoast-schema-graph\">{\"@context\":\"https:\/\/schema.org\",\"@graph\":[{\"@type\":\"WebSite\",\"@id\":\"https:\/\/zecovalve.com\/#website\",\"url\":\"https:\/\/zecovalve.com\/\",\"name\":\"ZECO Valve\",\"description\":\"Industrial Ball Valve, Gate Valve and Globe Valve Manufacturer\",\"potentialAction\":[{\"@type\":\"SearchAction\",\"target\":\"https:\/\/zecovalve.com\/?s={search_term_string}\",\"query-input\":\"required name=search_term_string\"}],\"inLanguage\":\"pt-PT\"},{\"@type\":\"ImageObject\",\"@id\":\"https:\/\/zecovalve.com\/product\/pneumatic-butterfly-valve#primaryimage\",\"inLanguage\":\"pt-PT\",\"url\":\"https:\/\/zecovalve.com\/wp-content\/uploads\/2022\/06\/pneumatic-butterfly-valve.jpg\",\"width\":800,\"height\":600,\"caption\":\"Pneumatic Butterfly Valve\"},{\"@type\":\"WebPage\",\"@id\":\"https:\/\/zecovalve.com\/product\/pneumatic-butterfly-valve#webpage\",\"url\":\"https:\/\/zecovalve.com\/product\/pneumatic-butterfly-valve\",\"name\":\"Pneumatic Butterfly Valve - ZECO Valve\",\"isPartOf\":{\"@id\":\"https:\/\/zecovalve.com\/#website\"},\"primaryImageOfPage\":{\"@id\":\"https:\/\/zecovalve.com\/product\/pneumatic-butterfly-valve#primaryimage\"},\"datePublished\":\"2022-06-20T13:29:11+00:00\",\"dateModified\":\"2022-06-28T03:25:38+00:00\",\"breadcrumb\":{\"@id\":\"https:\/\/zecovalve.com\/product\/pneumatic-butterfly-valve#breadcrumb\"},\"inLanguage\":\"pt-PT\",\"potentialAction\":[{\"@type\":\"ReadAction\",\"target\":[\"https:\/\/zecovalve.com\/product\/pneumatic-butterfly-valve\"]}]},{\"@type\":\"BreadcrumbList\",\"@id\":\"https:\/\/zecovalve.com\/product\/pneumatic-butterfly-valve#breadcrumb\",\"itemListElement\":[{\"@type\":\"ListItem\",\"position\":1,\"item\":{\"@type\":\"WebPage\",\"@id\":\"https:\/\/zecovalve.com\/\",\"url\":\"https:\/\/zecovalve.com\/\",\"name\":\"Home\"}},{\"@type\":\"ListItem\",\"position\":2,\"item\":{\"@type\":\"WebPage\",\"@id\":\"https:\/\/zecovalve.com\/product-category\",\"url\":\"https:\/\/zecovalve.com\/product-category\",\"name\":\"Industrial Valve Manufacturer | Water Valve Manufacturer\"}},{\"@type\":\"ListItem\",\"position\":3,\"item\":{\"@type\":\"WebPage\",\"@id\":\"https:\/\/zecovalve.com\/product\/pneumatic-butterfly-valve\",\"url\":\"https:\/\/zecovalve.com\/product\/pneumatic-butterfly-valve\",\"name\":\"Pneumatic Butterfly Valve\"}}]}]}<\/script>\n<!-- \/ Yoast SEO Premium plugin. -->","_links":{"self":[{"href":"https:\/\/zecovalve.com\/pt\/wp-json\/wp\/v2\/product\/16301","targetHints":{"allow":["GET"]}}],"collection":[{"href":"https:\/\/zecovalve.com\/pt\/wp-json\/wp\/v2\/product"}],"about":[{"href":"https:\/\/zecovalve.com\/pt\/wp-json\/wp\/v2\/types\/product"}],"replies":[{"embeddable":true,"href":"https:\/\/zecovalve.com\/pt\/wp-json\/wp\/v2\/comments?post=16301"}],"wp:featuredmedia":[{"embeddable":true,"href":"https:\/\/zecovalve.com\/pt\/wp-json\/wp\/v2\/media\/16302"}],"wp:attachment":[{"href":"https:\/\/zecovalve.com\/pt\/wp-json\/wp\/v2\/media?parent=16301"}],"wp:term":[{"taxonomy":"product_cat","embeddable":true,"href":"https:\/\/zecovalve.com\/pt\/wp-json\/wp\/v2\/product_cat?post=16301"},{"taxonomy":"product_tag","embeddable":true,"href":"https:\/\/zecovalve.com\/pt\/wp-json\/wp\/v2\/product_tag?post=16301"}],"curies":[{"name":"wp","href":"https:\/\/api.w.org\/{rel}","templated":true}]}}