{"id":16303,"date":"2022-06-20T13:31:28","date_gmt":"2022-06-20T13:31:28","guid":{"rendered":"https:\/\/zecovalve.com\/?post_type=product&#038;p=16303"},"modified":"2023-06-07T07:04:57","modified_gmt":"2023-06-07T07:04:57","slug":"three-piece-ball-valve","status":"publish","type":"product","link":"https:\/\/zecovalve.com\/pt\/produto\/three-piece-ball-valve","title":{"rendered":"V\u00e1lvula de esfera de tr\u00eas pe\u00e7as"},"content":{"rendered":"<p>A v\u00e1lvula esfera \u00e9 atualmente a v\u00e1lvula mais utilizada, podendo ser fabricada em diferentes tipos para ser adequada a diferentes ind\u00fastrias. Por exemplo, pode ser feito de a\u00e7o inoxid\u00e1vel, pl\u00e1stico, lat\u00e3o e assim por diante.<\/p>\r\n\r\n\r\n\r\n<div class=\"wp-block-columns is-layout-flex wp-container-core-columns-is-layout-9d6595d7 wp-block-columns-is-layout-flex\">\r\n<div class=\"wp-block-column is-layout-flow wp-block-column-is-layout-flow\"><div class=\"wp-block-image\">\r\n<figure class=\"aligncenter size-large\"><img decoding=\"async\" src=\"https:\/\/zecovalve.com\/wp-content\/uploads\/2022\/06\/three-piece-ball-valve-1-300x225.jpg\" alt=\"\" \/><\/figure>\r\n<\/div><\/div>\r\n\r\n\r\n\r\n<div class=\"wp-block-column is-layout-flow wp-block-column-is-layout-flow\"><div class=\"wp-block-image\">\r\n<figure class=\"aligncenter size-large\"><img decoding=\"async\" src=\"https:\/\/zecovalve.com\/wp-content\/uploads\/2022\/06\/three-piece-ball-valve-2-300x225.jpg\" alt=\"\" \/><\/figure>\r\n<\/div><\/div>\r\n\r\n\r\n\r\n<div class=\"wp-block-column is-layout-flow wp-block-column-is-layout-flow\"><div class=\"wp-block-image\">\r\n<figure class=\"aligncenter size-large\"><img decoding=\"async\" src=\"https:\/\/zecovalve.com\/wp-content\/uploads\/2022\/06\/three-piece-ball-valve-3-300x225.jpg\" alt=\"\" \/><\/figure>\r\n<\/div><\/div>\r\n<\/div>\r\n\r\n\r\n\r\n<div class=\"wp-block-columns is-layout-flex wp-container-core-columns-is-layout-9d6595d7 wp-block-columns-is-layout-flex\">\r\n<div class=\"wp-block-column is-layout-flow wp-block-column-is-layout-flow\">\r\n<figure class=\"wp-block-image size-large\"><img decoding=\"async\" src=\"https:\/\/zecovalve.com\/wp-content\/uploads\/2022\/06\/three-piece-ball-valve-4-300x225.jpg\" alt=\"\" \/><\/figure>\r\n<\/div>\r\n\r\n\r\n\r\n<div class=\"wp-block-column is-layout-flow wp-block-column-is-layout-flow\">\r\n<figure class=\"wp-block-image size-large\"><img decoding=\"async\" src=\"https:\/\/zecovalve.com\/wp-content\/uploads\/2022\/06\/three-piece-ball-valve-5-300x225.jpg\" alt=\"\" \/><\/figure>\r\n<\/div>\r\n\r\n\r\n\r\n<div class=\"wp-block-column is-layout-flow wp-block-column-is-layout-flow\">\r\n<figure class=\"wp-block-image size-large\"><img decoding=\"async\" src=\"https:\/\/zecovalve.com\/wp-content\/uploads\/2022\/06\/three-piece-ball-valve-6-300x225.jpg\" alt=\"\" \/><\/figure>\r\n<\/div>\r\n\r\n\r\n\r\n<div class=\"wp-block-column is-layout-flow wp-block-column-is-layout-flow\">\r\n<figure class=\"wp-block-image size-large\"><img decoding=\"async\" src=\"https:\/\/zecovalve.com\/wp-content\/uploads\/2022\/06\/three-piece-ball-valve-7-300x225.jpg\" alt=\"\" \/><\/figure>\r\n<\/div>\r\n<\/div>\r\n\r\n\r\n<div class=\"gb-button-wrapper gb-button-wrapper-6d8495a3\">\r\n\r\n\r\n<p><a class=\"gb-button gb-button-3d442e11 gb-button-text\" href=\"https:\/\/zecovalve.com\/pt\/contact\/\" target=\"_blank\" rel=\"noopener noreferrer\"><strong>OBTENHA O PRE\u00c7O DA V\u00c1LVULA DE ESFERA DE TR\u00caS PE\u00c7AS<\/strong><\/a><\/p>\r\n<\/div>\r\n\r\n\r\n\r\n\r\n<h2 class=\"wp-block-heading\" id=\"h-what-is-a-three-piece-ball-valve\">O que \u00e9 uma v\u00e1lvula esfera de tr\u00eas pe\u00e7as?<\/h2>\r\n\r\n\r\n\r\n<p>Novamente, como o nome sugere, as v\u00e1lvulas esfera de tr\u00eas pe\u00e7as consistem em tr\u00eas pe\u00e7as: duas tampas e um corpo. As tampas das extremidades s\u00e3o normalmente rosqueadas ou soldadas ao tubo e a se\u00e7\u00e3o do corpo principal pode ser facilmente removida para limpeza ou reparo sem remover as tampas das extremidades. Esta pode ser uma op\u00e7\u00e3o muito valiosa porque evita o desligamento da linha se for necess\u00e1ria manuten\u00e7\u00e3o.<\/p>\r\n\r\n\r\n\r\n<h2 class=\"wp-block-heading\" id=\"h-features-of-three-piece-ball-valves\">Caracter\u00edsticas das v\u00e1lvulas esfera de tr\u00eas pe\u00e7as<\/h2>\r\n\r\n\r\n\r\n<p>A v\u00e1lvula esfera de tr\u00eas pe\u00e7as \u00e9 uma v\u00e1lvula esfera de alto desempenho, ideal para uma ampla variedade de servi\u00e7os. Projetada para manuten\u00e7\u00e3o simples e em linha e vida \u00fatil longa e confi\u00e1vel, esta v\u00e1lvula esfera com sede resiliente oferece recursos t\u00e9cnicos sofisticados que permitem desempenho superior a um custo econ\u00f4mico.<\/p>\r\n\r\n\r\n\r\n<p>A vantagem da v\u00e1lvula esfera de tr\u00eas pe\u00e7as \u00e9 que ela \u00e9 f\u00e1cil de desmontar. Para que o corpo central possa ser mantido e limpo sem afetar toda a tubula\u00e7\u00e3o. Por exemplo, quando o corpo da v\u00e1lvula est\u00e1 bloqueado, s\u00f3 precisamos desatar os parafusos da v\u00e1lvula esf\u00e9rica, retirar o atuador e o corpo central e, em seguida, limp\u00e1-los e mant\u00ea-los. Ap\u00f3s a limpeza, podemos unir o corpo central e a tampa com parafusos. N\u00e3o precisamos desmontar toda a v\u00e1lvula da tubula\u00e7\u00e3o, o que reduz bastante nossos custos de manuten\u00e7\u00e3o. Em segundo lugar, a maioria das v\u00e1lvulas esfera de tr\u00eas pe\u00e7as s\u00e3o projetos de passagem total, o que pode permitir o transporte de mais fluxo.<\/p>\r\n\r\n\r\n\r\n<h2 class=\"wp-block-heading\" id=\"h-material-of-three-piece-ball-valves\">Material das v\u00e1lvulas esf\u00e9ricas de tr\u00eas pe\u00e7as<\/h2>\r\n\r\n\r\n\r\n<figure class=\"wp-block-table\">\r\n<table>\r\n<tbody>\r\n<tr>\r\n<td>N\u00e3o<\/td>\r\n<td>Parte<\/td>\r\n<td>Material<\/td>\r\n<\/tr>\r\n<tr>\r\n<td>1<\/td>\r\n<td>Corpo<\/td>\r\n<td>A\u00e7o Forjado, A\u00e7o Inoxid\u00e1vel<\/td>\r\n<\/tr>\r\n<tr>\r\n<td>2<\/td>\r\n<td>Bon\u00e9<\/td>\r\n<td>A\u00e7o Forjado, A\u00e7o Inoxid\u00e1vel<\/td>\r\n<\/tr>\r\n<tr>\r\n<td>3<\/td>\r\n<td>Parafuso do castelo<\/td>\r\n<td>ASTM A193 B7\/B8\/B8M<\/td>\r\n<\/tr>\r\n<tr>\r\n<td>4<\/td>\r\n<td>Porca do castelo<\/td>\r\n<td>ASTM A194 2H \/ 8 \/ 8M<\/td>\r\n<\/tr>\r\n<tr>\r\n<td>5<\/td>\r\n<td>Junta da tampa do compartimento<\/td>\r\n<td>Grafite +SS316<\/td>\r\n<\/tr>\r\n<tr>\r\n<td>6<\/td>\r\n<td>Anel de assento<\/td>\r\n<td>VITON<\/td>\r\n<\/tr>\r\n<tr>\r\n<td>7<\/td>\r\n<td>Bola<\/td>\r\n<td>A\u00e7o forjado<\/td>\r\n<\/tr>\r\n<tr>\r\n<td>8<\/td>\r\n<td>Caule<\/td>\r\n<td>ASTM A276 304\/316<\/td>\r\n<\/tr>\r\n<tr>\r\n<td>9<\/td>\r\n<td>Enchimento da haste<\/td>\r\n<td>Grafite<\/td>\r\n<\/tr>\r\n<tr>\r\n<td>10<\/td>\r\n<td>Gl\u00e2ndula<\/td>\r\n<td>A\u00e7o inoxid\u00e1vel<\/td>\r\n<\/tr>\r\n<tr>\r\n<td>11<\/td>\r\n<td>Pare o colar<\/td>\r\n<td>ANSI 1025<\/td>\r\n<\/tr>\r\n<\/tbody>\r\n<\/table>\r\n<\/figure>","protected":false},"excerpt":{"rendered":"<p>A v\u00e1lvula esfera \u00e9 atualmente a v\u00e1lvula mais utilizada, podendo ser fabricada em diferentes tipos para ser adequada a diferentes ind\u00fastrias. \u2026 <a title=\"V\u00e1lvula de esfera de tr\u00eas pe\u00e7as\" class=\"read-more\" href=\"https:\/\/zecovalve.com\/pt\/produto\/three-piece-ball-valve\" aria-label=\"Mais em V\u00e1lvula Esfera de Tr\u00eas Pe\u00e7as\">Ler mais<\/a><\/p>","protected":false},"featured_media":27857,"comment_status":"closed","ping_status":"closed","template":"","meta":{"_generate-full-width-content":"","kt_blocks_editor_width":""},"product_cat":[2047,2465],"product_tag":[3089],"class_list":["post-16303","product","type-product","status-publish","has-post-thumbnail","hentry","product_cat-ball-valve","product_cat-forged-steel-ball-valve","product_tag-3-piece-ball-valve","sales-flash-overlay","woocommerce-text-align-center","woocommerce-image-align-center","do-quantity-buttons"],"featured_image_src_large":["https:\/\/zecovalve.com\/wp-content\/uploads\/2022\/06\/Three-Piece-Ball-Valve-8.jpg",800,600,false],"author_info":[],"comment_info":0,"taxonomy_info":{"product_cat":[{"value":2047,"label":"Ball Valve"},{"value":2465,"label":"Forged Ball Valve"}],"product_tag":[{"value":3089,"label":"3 Piece Ball Valve"}]},"yoast_head":"<!-- This site is optimized with the Yoast SEO Premium plugin v15.4 - https:\/\/yoast.com\/wordpress\/plugins\/seo\/ -->\n<title>Three Piece Ball Valve - 3 Piece Ball Valve Manufacturer | ZECO Valve<\/title>\n<meta name=\"robots\" content=\"index, follow, max-snippet:-1, max-image-preview:large, max-video-preview:-1\" \/>\n<link rel=\"canonical\" href=\"https:\/\/zecovalve.com\/pt\/produto\/three-piece-ball-valve\" \/>\n<meta property=\"og:locale\" content=\"pt_PT\" \/>\n<meta property=\"og:type\" content=\"article\" \/>\n<meta property=\"og:title\" content=\"Three Piece Ball Valve - 3 Piece Ball Valve Manufacturer | ZECO Valve\" \/>\n<meta property=\"og:description\" content=\"Ball valve is currently the most widely used valve, it can be made into different types to be suitable for different industries. ... Ler mais\" \/>\n<meta property=\"og:url\" content=\"https:\/\/zecovalve.com\/pt\/produto\/three-piece-ball-valve\" \/>\n<meta property=\"og:site_name\" content=\"ZECO Valve\" \/>\n<meta property=\"article:modified_time\" content=\"2023-06-07T07:04:57+00:00\" \/>\n<meta property=\"og:image\" content=\"https:\/\/zecovalve.com\/wp-content\/uploads\/2022\/06\/Three-Piece-Ball-Valve-8.jpg\" \/>\n\t<meta property=\"og:image:width\" content=\"800\" \/>\n\t<meta property=\"og:image:height\" content=\"600\" \/>\n<meta name=\"twitter:card\" content=\"summary_large_image\" \/>\n<meta name=\"twitter:label1\" content=\"Escrito por\">\n\t<meta name=\"twitter:data1\" content=\"Jerry\">\n\t<meta name=\"twitter:label2\" content=\"Tempo estimado de leitura\">\n\t<meta name=\"twitter:data2\" content=\"1 minuto\">\n<script type=\"application\/ld+json\" class=\"yoast-schema-graph\">{\"@context\":\"https:\/\/schema.org\",\"@graph\":[{\"@type\":\"WebSite\",\"@id\":\"https:\/\/zecovalve.com\/#website\",\"url\":\"https:\/\/zecovalve.com\/\",\"name\":\"ZECO Valve\",\"description\":\"Industrial Ball Valve, Gate Valve and Globe Valve Manufacturer\",\"potentialAction\":[{\"@type\":\"SearchAction\",\"target\":\"https:\/\/zecovalve.com\/?s={search_term_string}\",\"query-input\":\"required name=search_term_string\"}],\"inLanguage\":\"pt-PT\"},{\"@type\":\"ImageObject\",\"@id\":\"https:\/\/zecovalve.com\/product\/three-piece-ball-valve#primaryimage\",\"inLanguage\":\"pt-PT\",\"url\":\"https:\/\/zecovalve.com\/wp-content\/uploads\/2022\/06\/Three-Piece-Ball-Valve-8.jpg\",\"width\":800,\"height\":600,\"caption\":\"Three Piece Ball Valve\"},{\"@type\":\"WebPage\",\"@id\":\"https:\/\/zecovalve.com\/product\/three-piece-ball-valve#webpage\",\"url\":\"https:\/\/zecovalve.com\/product\/three-piece-ball-valve\",\"name\":\"Three Piece Ball Valve - 3 Piece Ball Valve Manufacturer | ZECO Valve\",\"isPartOf\":{\"@id\":\"https:\/\/zecovalve.com\/#website\"},\"primaryImageOfPage\":{\"@id\":\"https:\/\/zecovalve.com\/product\/three-piece-ball-valve#primaryimage\"},\"datePublished\":\"2022-06-20T13:31:28+00:00\",\"dateModified\":\"2023-06-07T07:04:57+00:00\",\"breadcrumb\":{\"@id\":\"https:\/\/zecovalve.com\/product\/three-piece-ball-valve#breadcrumb\"},\"inLanguage\":\"pt-PT\",\"potentialAction\":[{\"@type\":\"ReadAction\",\"target\":[\"https:\/\/zecovalve.com\/product\/three-piece-ball-valve\"]}]},{\"@type\":\"BreadcrumbList\",\"@id\":\"https:\/\/zecovalve.com\/product\/three-piece-ball-valve#breadcrumb\",\"itemListElement\":[{\"@type\":\"ListItem\",\"position\":1,\"item\":{\"@type\":\"WebPage\",\"@id\":\"https:\/\/zecovalve.com\/\",\"url\":\"https:\/\/zecovalve.com\/\",\"name\":\"Home\"}},{\"@type\":\"ListItem\",\"position\":2,\"item\":{\"@type\":\"WebPage\",\"@id\":\"https:\/\/zecovalve.com\/product-category\",\"url\":\"https:\/\/zecovalve.com\/product-category\",\"name\":\"Industrial Valve Manufacturer | Water Valve Manufacturer\"}},{\"@type\":\"ListItem\",\"position\":3,\"item\":{\"@type\":\"WebPage\",\"@id\":\"https:\/\/zecovalve.com\/product\/three-piece-ball-valve\",\"url\":\"https:\/\/zecovalve.com\/product\/three-piece-ball-valve\",\"name\":\"Three Piece Ball Valve\"}}]}]}<\/script>\n<!-- \/ Yoast SEO Premium plugin. -->","_links":{"self":[{"href":"https:\/\/zecovalve.com\/pt\/wp-json\/wp\/v2\/product\/16303","targetHints":{"allow":["GET"]}}],"collection":[{"href":"https:\/\/zecovalve.com\/pt\/wp-json\/wp\/v2\/product"}],"about":[{"href":"https:\/\/zecovalve.com\/pt\/wp-json\/wp\/v2\/types\/product"}],"replies":[{"embeddable":true,"href":"https:\/\/zecovalve.com\/pt\/wp-json\/wp\/v2\/comments?post=16303"}],"wp:featuredmedia":[{"embeddable":true,"href":"https:\/\/zecovalve.com\/pt\/wp-json\/wp\/v2\/media\/27857"}],"wp:attachment":[{"href":"https:\/\/zecovalve.com\/pt\/wp-json\/wp\/v2\/media?parent=16303"}],"wp:term":[{"taxonomy":"product_cat","embeddable":true,"href":"https:\/\/zecovalve.com\/pt\/wp-json\/wp\/v2\/product_cat?post=16303"},{"taxonomy":"product_tag","embeddable":true,"href":"https:\/\/zecovalve.com\/pt\/wp-json\/wp\/v2\/product_tag?post=16303"}],"curies":[{"name":"wp","href":"https:\/\/api.w.org\/{rel}","templated":true}]}}