{"id":16318,"date":"2022-06-20T13:38:03","date_gmt":"2022-06-20T13:38:03","guid":{"rendered":"https:\/\/zecovalve.com\/?post_type=product&#038;p=16318"},"modified":"2023-06-15T12:51:11","modified_gmt":"2023-06-15T12:51:11","slug":"12-inch-gate-valve","status":"publish","type":"product","link":"https:\/\/zecovalve.com\/pt\/produto\/12-inch-gate-valve","title":{"rendered":"V\u00e1lvula de gaveta de 12 polegadas"},"content":{"rendered":"<p>A v\u00e1lvula gaveta de 12 polegadas \u00e9 um tamanho de v\u00e1lvula comum em tubula\u00e7\u00f5es.<\/p>\r\n\r\n\r\n\r\n<figure class=\"wp-block-image alignnone size-medium wp-image-16319\">\r\n<p><img loading=\"lazy\" decoding=\"async\" class=\"size-medium wp-image-19563\" src=\"https:\/\/zecovalve.com\/wp-content\/uploads\/2022\/06\/12-inch-Gate-Valve-1-225x300.jpg\" alt=\"V\u00e1lvula de gaveta de 12 polegadas\" width=\"225\" height=\"300\" srcset=\"https:\/\/zecovalve.com\/wp-content\/uploads\/2022\/06\/12-inch-Gate-Valve-1-225x300.jpg 225w, https:\/\/zecovalve.com\/wp-content\/uploads\/2022\/06\/12-inch-Gate-Valve-1-768x1024.jpg 768w, https:\/\/zecovalve.com\/wp-content\/uploads\/2022\/06\/12-inch-Gate-Valve-1-1152x1536.jpg 1152w, https:\/\/zecovalve.com\/wp-content\/uploads\/2022\/06\/12-inch-Gate-Valve-1-1536x2048.jpg 1536w, https:\/\/zecovalve.com\/wp-content\/uploads\/2022\/06\/12-inch-Gate-Valve-1-600x800.jpg 600w, https:\/\/zecovalve.com\/wp-content\/uploads\/2022\/06\/12-inch-Gate-Valve-1-scaled.jpg 1920w\" sizes=\"auto, (max-width: 225px) 100vw, 225px\" \/><\/p>\r\n<\/figure>\r\n\r\n\r\n<div class=\"gb-button-wrapper gb-button-wrapper-6d8495a3\">\r\n\r\n\r\n<p><a class=\"gb-button gb-button-3d442e11 gb-button-text\" href=\"mailto:commercial@zecovalve.com\" target=\"_blank\" rel=\"noopener noreferrer\"><strong>OBTENHA O PRE\u00c7O DA V\u00c1LVULA DE GATE DE 12 \u2033<\/strong><\/a><\/p>\r\n<\/div>\r\n\r\n\r\n\r\n\r\n<h2 class=\"wp-block-heading\" id=\"h-what-is-12-inch-gate-valve\">O que \u00e9 v\u00e1lvula gaveta de 12 polegadas?<\/h2>\r\n\r\n\r\n\r\n<p>O corpo da v\u00e1lvula gaveta ZECO de 12 polegadas \u00e9 direto atrav\u00e9s da estrutura, que \u00e9 semelhante ao tubo reto no estado totalmente aberto, para garantir a resist\u00eancia m\u00ednima ao fluxo e o fluxo turbulento, e reduzir o custo da tubula\u00e7\u00e3o do usu\u00e1rio. Existem duas maneiras de conectar o corpo da v\u00e1lvula e o castelo, uma \u00e9 a conex\u00e3o do parafuso do castelo do corpo da v\u00e1lvula, a outra \u00e9 a estrutura autovedante de press\u00e3o, o interior do corpo da v\u00e1lvula de ambos os tipos de estrutura \u00e9 o mesmo, h\u00e1 um trilho guia para permitir o movimento fixo do port\u00e3o, n\u00e3o causado pelo desvio do impacto de problemas de veda\u00e7\u00e3o. O castelo e o suporte s\u00e3o integrados e divididos, dependendo do tamanho da v\u00e1lvula gaveta, geralmente 10 \u201cou menos \u00e9 apenas uma pe\u00e7a de castelo e garfo e 10\u201d ou mais \u00e9 o garfo do castelo dividido.<\/p>\r\n\r\n\r\n\r\n<h2 class=\"wp-block-heading\" id=\"h-features-of-12-inch-gate-valve\">Caracter\u00edsticas da v\u00e1lvula gaveta de 12 polegadas:<\/h2>\r\n\r\n\r\n\r\n<ul class=\"wp-block-list\">\r\n<li>Os engenheiros t\u00e9cnicos da ZECO consideraram plenamente a dificuldade do servi\u00e7o p\u00f3s-venda, por isso desenvolveram a estrutura que pode ser mantida online, como sede de v\u00e1lvula renov\u00e1vel, gaxeta substitu\u00edvel online, volante substitu\u00edvel online, etc., de modo a facilitar a manuten\u00e7\u00e3o de pessoal de p\u00f3s-venda;<\/li>\r\n<li>A cunha da v\u00e1lvula gaveta ZECO de 12 polegadas \u00e9 retificada em uma superf\u00edcie espelhada antes da montagem para garantir que ela se encaixe perfeitamente no anel da sede e n\u00e3o fique presa;<\/li>\r\n<li>A veda\u00e7\u00e3o da haste da v\u00e1lvula gaveta ZECO de 12 polegadas \u00e9 realizada pela colabora\u00e7\u00e3o de grafite flex\u00edvel e tecido, garantindo uma estanqueidade mais confi\u00e1vel;<\/li>\r\n<li>A v\u00e1lvula gaveta ZECO de 12 polegadas tem um bom desempenho de veda\u00e7\u00e3o em altas temperaturas e uma v\u00e1lvula de cunha n\u00e3o \u00e9 f\u00e1cil de emperrar ap\u00f3s o aquecimento. Adequado para vapor, \u00f3leo de alta temperatura, \u00f3leo, g\u00e1s e outros meios, bem como componentes de troca frequente. N\u00e3o \u00e9 adequado para meios de coqueamento f\u00e1ceis.<\/li>\r\n<\/ul>\r\n\r\n\r\n\r\n<h2 class=\"wp-block-heading\">Aplica\u00e7\u00f5es de v\u00e1lvula gaveta de 12 polegadas<\/h2>\r\n\r\n\r\n\r\n<p>As v\u00e1lvulas gaveta de 12 polegadas podem ser encontradas em qualquer lugar onde seja necess\u00e1rio um fechamento econ\u00f4mico. As v\u00e1lvulas de gaveta s\u00e3o ideais para qualquer aplica\u00e7\u00e3o que envolva lamas, pois a gaveta pode cortar diretamente. As v\u00e1lvulas gaveta tamb\u00e9m s\u00e3o comuns em aplica\u00e7\u00f5es que utilizam l\u00edquidos como \u00f3leos pesados, graxas leves, vernizes e outros l\u00edquidos n\u00e3o inflam\u00e1veis.<\/p>\r\n\r\n\r\n\r\n<h2 class=\"wp-block-heading\">Dimens\u00f5es e peso da v\u00e1lvula gaveta de 12 \u2033<\/h2>\r\n\r\n\r\n\r\n<table border=\"=1\" width=\"800\">\r\n<tbody>\r\n<tr>\r\n<td rowspan=\"2\">Press\u00e3o nominal\u00a0<\/td>\r\n<td>Furo<\/td>\r\n<td colspan=\"3\">\u00a0Dimens\u00e3o face a face (em mm)\u00a0 \u00a0<\/td>\r\n<td>Peso<\/td>\r\n<\/tr>\r\n<tr>\r\n<td>(em mm)<\/td>\r\n<td>RF<\/td>\r\n<td>BW<\/td>\r\n<td>RTJ<\/td>\r\n<td>kg<\/td>\r\n<\/tr>\r\n<tr>\r\n<td>CLASSE 150<\/td>\r\n<td>300<\/td>\r\n<td>356<\/td>\r\n<td>502<\/td>\r\n<td>368<\/td>\r\n<td>290<\/td>\r\n<\/tr>\r\n<tr>\r\n<td>CLASSE 300<\/td>\r\n<td>300<\/td>\r\n<td>502<\/td>\r\n<td>502<\/td>\r\n<td>518<\/td>\r\n<td>486<\/td>\r\n<\/tr>\r\n<tr>\r\n<td>CLASSE 600<\/td>\r\n<td>298<\/td>\r\n<td>838<\/td>\r\n<td>838<\/td>\r\n<td>841<\/td>\r\n<td>1068<\/td>\r\n<\/tr>\r\n<tr>\r\n<td>CLASSE 900<\/td>\r\n<td>282<\/td>\r\n<td>965<\/td>\r\n<td>965<\/td>\r\n<td>968<\/td>\r\n<td>1542<\/td>\r\n<\/tr>\r\n<tr>\r\n<td>CLASSE 1500<\/td>\r\n<td>263<\/td>\r\n<td>1130<\/td>\r\n<td>1130<\/td>\r\n<td>1146<\/td>\r\n<td>3816<\/td>\r\n<\/tr>\r\n<tr>\r\n<td>CLASSE 2500<\/td>\r\n<td>218<\/td>\r\n<td>1422<\/td>\r\n<td>1422<\/td>\r\n<td>1445<\/td>\r\n<td>6500<\/td>\r\n<\/tr>\r\n<\/tbody>\r\n<\/table>\r\n\r\n\r\n\r\n<h2 class=\"wp-block-heading\" id=\"h-material-of-12-inch-gate-valve\">Material da v\u00e1lvula gaveta de 12 polegadas:<\/h2>\r\n\r\n\r\n\r\n<figure class=\"wp-block-table is-style-stripes\">\r\n<table>\r\n<tbody>\r\n<tr>\r\n<td>N\u00e3o<\/td>\r\n<td>Parte<\/td>\r\n<td>Material<\/td>\r\n<\/tr>\r\n<tr>\r\n<td>1<\/td>\r\n<td>Corpo<\/td>\r\n<td>ASTM A217 WC9<\/td>\r\n<\/tr>\r\n<tr>\r\n<td>2<\/td>\r\n<td>Anel de assento<\/td>\r\n<td>ASTM A182 F22+STL<\/td>\r\n<\/tr>\r\n<tr>\r\n<td>3<\/td>\r\n<td>Cunha<\/td>\r\n<td>ASTM A217 WC9+STL<\/td>\r\n<\/tr>\r\n<tr>\r\n<td>4<\/td>\r\n<td>Caule<\/td>\r\n<td>ASTM A276 420<\/td>\r\n<\/tr>\r\n<tr>\r\n<td>5<\/td>\r\n<td>Junta da tampa do compartimento<\/td>\r\n<td>Grafite + SS316<\/td>\r\n<\/tr>\r\n<tr>\r\n<td>6<\/td>\r\n<td>Parafuso do castelo<\/td>\r\n<td>ASTM A193 B16<\/td>\r\n<\/tr>\r\n<tr>\r\n<td>7<\/td>\r\n<td>Porca do castelo<\/td>\r\n<td>ASTM A1944<\/td>\r\n<\/tr>\r\n<tr>\r\n<td>8<\/td>\r\n<td>Bon\u00e9<\/td>\r\n<td>ASTM A217 WC9<\/td>\r\n<\/tr>\r\n<tr>\r\n<td>9<\/td>\r\n<td>Banco traseiro<\/td>\r\n<td>ASTM A182 F6a<\/td>\r\n<\/tr>\r\n<tr>\r\n<td>10<\/td>\r\n<td>Enchimento da haste<\/td>\r\n<td>Grafite refor\u00e7ada<\/td>\r\n<\/tr>\r\n<tr>\r\n<td>11<\/td>\r\n<td>Volante<\/td>\r\n<td>KTH330-08<\/td>\r\n<\/tr>\r\n<\/tbody>\r\n<\/table>\r\n<\/figure>\r\n\r\n\r\n\r\n<h2 class=\"wp-block-heading\" id=\"h-12-inch-gate-valve-supplier\">Fornecedor de v\u00e1lvula gaveta de 12 polegadas<\/h2>\r\n\r\n\r\n\r\n<p>Como uma empresa de v\u00e1lvulas certificada API 6D e API 600, a ZECO Valve \u00e9 especializada em v\u00e1lvulas gaveta, que est\u00e3o dispon\u00edveis em tamanhos que variam de 1\u2033 a 88\u2033, al\u00e9m de v\u00e1lvulas gaveta de 12 polegadas.<\/p>","protected":false},"excerpt":{"rendered":"<p>A v\u00e1lvula gaveta de 12 polegadas \u00e9 um tamanho de v\u00e1lvula comum em tubula\u00e7\u00f5es. O que \u00e9 v\u00e1lvula gaveta de 12 polegadas? O corpo da v\u00e1lvula da ZECO\u2026 <a title=\"V\u00e1lvula de gaveta de 12 polegadas\" class=\"read-more\" href=\"https:\/\/zecovalve.com\/pt\/produto\/12-inch-gate-valve\" aria-label=\"Mais em V\u00e1lvula gaveta de 12 polegadas\">Ler mais<\/a><\/p>","protected":false},"featured_media":27886,"comment_status":"closed","ping_status":"closed","template":"","meta":{"_generate-full-width-content":"","kt_blocks_editor_width":""},"product_cat":[2052,2458],"product_tag":[],"class_list":["post-16318","product","type-product","status-publish","has-post-thumbnail","hentry","product_cat-gate-valve","product_cat-gate-valve-by-inch","sales-flash-overlay","woocommerce-text-align-center","woocommerce-image-align-center","do-quantity-buttons"],"featured_image_src_large":["https:\/\/zecovalve.com\/wp-content\/uploads\/2022\/06\/12-inch-Gate-Valve-2.jpg",800,600,false],"author_info":[],"comment_info":0,"taxonomy_info":{"product_cat":[{"value":2052,"label":"Gate Valve"},{"value":2458,"label":"Gate Valve By Inch"}]},"yoast_head":"<!-- This site is optimized with the Yoast SEO Premium plugin v15.4 - https:\/\/yoast.com\/wordpress\/plugins\/seo\/ -->\n<title>12 inch Gate Valve Supplier | ZECO Valve - Gate Valve 12inch to 88 inch<\/title>\n<meta name=\"robots\" content=\"index, follow, max-snippet:-1, max-image-preview:large, max-video-preview:-1\" \/>\n<link rel=\"canonical\" href=\"https:\/\/zecovalve.com\/pt\/produto\/12-inch-gate-valve\" \/>\n<meta property=\"og:locale\" content=\"pt_PT\" \/>\n<meta property=\"og:type\" content=\"article\" \/>\n<meta property=\"og:title\" content=\"12 inch Gate Valve Supplier | ZECO Valve - Gate Valve 12inch to 88 inch\" \/>\n<meta property=\"og:description\" content=\"Gate valve 12 inch is a common valve size in pipelines. What is 12 Inch Gate Valve? The valve body of ZECO ... Ler mais\" \/>\n<meta property=\"og:url\" content=\"https:\/\/zecovalve.com\/pt\/produto\/12-inch-gate-valve\" \/>\n<meta property=\"og:site_name\" content=\"ZECO Valve\" \/>\n<meta property=\"article:modified_time\" content=\"2023-06-15T12:51:11+00:00\" \/>\n<meta property=\"og:image\" content=\"https:\/\/zecovalve.com\/wp-content\/uploads\/2022\/06\/12-inch-Gate-Valve-2.jpg\" \/>\n\t<meta property=\"og:image:width\" content=\"800\" \/>\n\t<meta property=\"og:image:height\" content=\"600\" \/>\n<meta name=\"twitter:card\" content=\"summary_large_image\" \/>\n<meta name=\"twitter:label1\" content=\"Escrito por\">\n\t<meta name=\"twitter:data1\" content=\"Jerry\">\n\t<meta name=\"twitter:label2\" content=\"Tempo estimado de leitura\">\n\t<meta name=\"twitter:data2\" content=\"2 minutos\">\n<script type=\"application\/ld+json\" class=\"yoast-schema-graph\">{\"@context\":\"https:\/\/schema.org\",\"@graph\":[{\"@type\":\"WebSite\",\"@id\":\"https:\/\/zecovalve.com\/#website\",\"url\":\"https:\/\/zecovalve.com\/\",\"name\":\"ZECO Valve\",\"description\":\"Industrial Ball Valve, Gate Valve and Globe Valve Manufacturer\",\"potentialAction\":[{\"@type\":\"SearchAction\",\"target\":\"https:\/\/zecovalve.com\/?s={search_term_string}\",\"query-input\":\"required name=search_term_string\"}],\"inLanguage\":\"pt-PT\"},{\"@type\":\"ImageObject\",\"@id\":\"https:\/\/zecovalve.com\/product\/12-inch-gate-valve#primaryimage\",\"inLanguage\":\"pt-PT\",\"url\":\"https:\/\/zecovalve.com\/wp-content\/uploads\/2022\/06\/12-inch-Gate-Valve-2.jpg\",\"width\":800,\"height\":600,\"caption\":\"12 inch Gate Valve\"},{\"@type\":\"WebPage\",\"@id\":\"https:\/\/zecovalve.com\/product\/12-inch-gate-valve#webpage\",\"url\":\"https:\/\/zecovalve.com\/product\/12-inch-gate-valve\",\"name\":\"12 inch Gate Valve Supplier | ZECO Valve - Gate Valve 12inch to 88 inch\",\"isPartOf\":{\"@id\":\"https:\/\/zecovalve.com\/#website\"},\"primaryImageOfPage\":{\"@id\":\"https:\/\/zecovalve.com\/product\/12-inch-gate-valve#primaryimage\"},\"datePublished\":\"2022-06-20T13:38:03+00:00\",\"dateModified\":\"2023-06-15T12:51:11+00:00\",\"breadcrumb\":{\"@id\":\"https:\/\/zecovalve.com\/product\/12-inch-gate-valve#breadcrumb\"},\"inLanguage\":\"pt-PT\",\"potentialAction\":[{\"@type\":\"ReadAction\",\"target\":[\"https:\/\/zecovalve.com\/product\/12-inch-gate-valve\"]}]},{\"@type\":\"BreadcrumbList\",\"@id\":\"https:\/\/zecovalve.com\/product\/12-inch-gate-valve#breadcrumb\",\"itemListElement\":[{\"@type\":\"ListItem\",\"position\":1,\"item\":{\"@type\":\"WebPage\",\"@id\":\"https:\/\/zecovalve.com\/\",\"url\":\"https:\/\/zecovalve.com\/\",\"name\":\"Home\"}},{\"@type\":\"ListItem\",\"position\":2,\"item\":{\"@type\":\"WebPage\",\"@id\":\"https:\/\/zecovalve.com\/product-category\",\"url\":\"https:\/\/zecovalve.com\/product-category\",\"name\":\"Industrial Valve Manufacturer | Water Valve Manufacturer\"}},{\"@type\":\"ListItem\",\"position\":3,\"item\":{\"@type\":\"WebPage\",\"@id\":\"https:\/\/zecovalve.com\/product\/12-inch-gate-valve\",\"url\":\"https:\/\/zecovalve.com\/product\/12-inch-gate-valve\",\"name\":\"12 inch Gate Valve\"}}]}]}<\/script>\n<!-- \/ Yoast SEO Premium plugin. -->","_links":{"self":[{"href":"https:\/\/zecovalve.com\/pt\/wp-json\/wp\/v2\/product\/16318","targetHints":{"allow":["GET"]}}],"collection":[{"href":"https:\/\/zecovalve.com\/pt\/wp-json\/wp\/v2\/product"}],"about":[{"href":"https:\/\/zecovalve.com\/pt\/wp-json\/wp\/v2\/types\/product"}],"replies":[{"embeddable":true,"href":"https:\/\/zecovalve.com\/pt\/wp-json\/wp\/v2\/comments?post=16318"}],"wp:featuredmedia":[{"embeddable":true,"href":"https:\/\/zecovalve.com\/pt\/wp-json\/wp\/v2\/media\/27886"}],"wp:attachment":[{"href":"https:\/\/zecovalve.com\/pt\/wp-json\/wp\/v2\/media?parent=16318"}],"wp:term":[{"taxonomy":"product_cat","embeddable":true,"href":"https:\/\/zecovalve.com\/pt\/wp-json\/wp\/v2\/product_cat?post=16318"},{"taxonomy":"product_tag","embeddable":true,"href":"https:\/\/zecovalve.com\/pt\/wp-json\/wp\/v2\/product_tag?post=16318"}],"curies":[{"name":"wp","href":"https:\/\/api.w.org\/{rel}","templated":true}]}}