{"id":16337,"date":"2022-06-20T14:45:35","date_gmt":"2022-06-20T14:45:35","guid":{"rendered":"https:\/\/zecovalve.com\/?post_type=product&#038;p=16337"},"modified":"2023-06-16T13:40:51","modified_gmt":"2023-06-16T13:40:51","slug":"flange-check-valve","status":"publish","type":"product","link":"https:\/\/zecovalve.com\/pt\/produto\/flange-check-valve","title":{"rendered":"V\u00e1lvula de reten\u00e7\u00e3o de flange"},"content":{"rendered":"<p><img loading=\"lazy\" decoding=\"async\" class=\"size-medium wp-image-27916\" src=\"https:\/\/zecovalve.com\/wp-content\/uploads\/2022\/06\/Flange-Check-Valve-1-300x225.jpg\" alt=\"V\u00e1lvula de reten\u00e7\u00e3o de flange\" width=\"300\" height=\"225\" srcset=\"https:\/\/zecovalve.com\/wp-content\/uploads\/2022\/06\/Flange-Check-Valve-1-300x225.jpg 300w, https:\/\/zecovalve.com\/wp-content\/uploads\/2022\/06\/Flange-Check-Valve-1-768x576.jpg 768w, https:\/\/zecovalve.com\/wp-content\/uploads\/2022\/06\/Flange-Check-Valve-1-600x450.jpg 600w, https:\/\/zecovalve.com\/wp-content\/uploads\/2022\/06\/Flange-Check-Valve-1.jpg 800w\" sizes=\"auto, (max-width: 300px) 100vw, 300px\" \/><\/p>\n<p class=\"sep-title\"><a style=\"font-size: 17px;\" href=\"https:\/\/zecovalve.com\/pt\/products\/flange-check-valve.html\/#form\">\u00a0OBTER PRE\u00c7O DA V\u00c1LVULA<\/a><\/p>\n<div class=\"richtext\">\n<h2>Descri\u00e7\u00e3o:<\/h2>\n<p>De acordo com a estrutura, a v\u00e1lvula de reten\u00e7\u00e3o de flange ZECO \u00e9 dividida em v\u00e1lvula de reten\u00e7\u00e3o tipo eleva\u00e7\u00e3o de flange, v\u00e1lvula de reten\u00e7\u00e3o de oscila\u00e7\u00e3o de flange e v\u00e1lvula de reten\u00e7\u00e3o de placa dupla de flange. V\u00e1lvula de reten\u00e7\u00e3o do tipo eleva\u00e7\u00e3o do flange: O disco est\u00e1 deslizando ao longo da linha central do corpo. pequeno volume, leve, bom desempenho do processo. \u00c9 uma das dire\u00e7\u00f5es de desenvolvimento das V\u00e1lvulas de Reten\u00e7\u00e3o; V\u00e1lvula de reten\u00e7\u00e3o de giro do flange: O disco gira em torno do pino externo da sede; V\u00e1lvula de reten\u00e7\u00e3o de placa dupla flangeada: Dois discos giram em torno do eixo central. A v\u00e1lvula de reten\u00e7\u00e3o de eleva\u00e7\u00e3o do flange s\u00f3 deve ser instalada nivelada por vaz\u00e3o. A v\u00e1lvula de reten\u00e7\u00e3o de giro do flange de acordo com a vaz\u00e3o tamb\u00e9m pode ser montada verticalmente e nivelada, preferencialmente no n\u00edvel da instala\u00e7\u00e3o. Como um conhecido fabricante de v\u00e1lvulas de reten\u00e7\u00e3o de flange, a ZECO possui requisitos rigorosos em testes de carca\u00e7a de v\u00e1lvulas de reten\u00e7\u00e3o, testes de veda\u00e7\u00e3o e testes de veda\u00e7\u00e3o de g\u00e1s de baixa press\u00e3o. 100% da f\u00e1brica testa a press\u00e3o de acordo com o padr\u00e3o API 598 para garantir que cada v\u00e1lvula seja entregue no local do cliente em boas condi\u00e7\u00f5es e seguran\u00e7a.<\/p>\n<h2>Caracter\u00edsticas:<\/h2>\n<p>1. A sede soldada com veda\u00e7\u00e3o renov\u00e1vel da v\u00e1lvula de reten\u00e7\u00e3o de flange ZECO \u00e9 padr\u00e3o com Stellite 6, enquanto a sede opcional \u00e9 aparafusada;<\/p>\n<p>2. Junta de grafite flex\u00edvel para v\u00e1lvulas Classe 150, junta espiral para v\u00e1lvulas Classe 300 e 600 e junta de anel para v\u00e1lvulas Classe 900 e superiores ou como uma op\u00e7\u00e3o para v\u00e1lvulas Classe 600 mediante solicita\u00e7\u00e3o do cliente;<\/p>\n<p>3. A v\u00e1lvula de reten\u00e7\u00e3o de flange ZECO pode ser colocada na parte inferior da linha central do corpo da v\u00e1lvula de acordo com os requisitos do usu\u00e1rio, para garantir que o corpo da v\u00e1lvula seja bloqueado por pequenas impurezas, h\u00e1 um ponto de manuten\u00e7\u00e3o para remover essas pequenas impurezas ;<\/p>\n<p>4. A v\u00e1lvula de reten\u00e7\u00e3o de flange ZECO tem estrutura simples e compacta, pequeno volume e baixo peso. \u00c9 f\u00e1cil de abrir\/fechar rapidamente, veda\u00e7\u00e3o confi\u00e1vel e excelente desempenho.<\/p>\n<h2>Material:<\/h2>\n<table>\n<tbody>\n<tr class=\"firstRow\">\n<td valign=\"center\">N\u00e3o<\/td>\n<td valign=\"center\">Parte<\/td>\n<td valign=\"center\">Material<\/td>\n<\/tr>\n<tr>\n<td valign=\"center\">1<\/td>\n<td valign=\"center\">Corpo<\/td>\n<td valign=\"center\">ASTM A216 WCB<\/td>\n<\/tr>\n<tr>\n<td valign=\"center\">2<\/td>\n<td valign=\"center\">Assento<\/td>\n<td valign=\"center\">ASTM A105 +13Cr<\/td>\n<\/tr>\n<tr>\n<td valign=\"center\">3<\/td>\n<td valign=\"center\">Disco<\/td>\n<td valign=\"center\">ASTM A216 WCB+ 13Cr<\/td>\n<\/tr>\n<tr>\n<td valign=\"center\">4<\/td>\n<td valign=\"center\">Bra\u00e7o<\/td>\n<td valign=\"center\">ASTM A216 WCB<\/td>\n<\/tr>\n<tr>\n<td valign=\"center\">5<\/td>\n<td valign=\"center\">Porca<\/td>\n<td valign=\"center\">ASTM A194 2H<\/td>\n<\/tr>\n<tr>\n<td valign=\"center\">6<\/td>\n<td valign=\"center\">Pino<\/td>\n<td valign=\"center\">ASTM A182 F6a<\/td>\n<\/tr>\n<tr>\n<td valign=\"center\">7<\/td>\n<td valign=\"center\">Conector<\/td>\n<td valign=\"center\">ASTM A216 WCB<\/td>\n<\/tr>\n<tr>\n<td valign=\"center\">8<\/td>\n<td valign=\"center\">Junta de veda\u00e7\u00e3o<\/td>\n<td valign=\"center\">Grafite + SS304<\/td>\n<\/tr>\n<tr>\n<td valign=\"center\">9<\/td>\n<td valign=\"center\">Bon\u00e9<\/td>\n<td valign=\"center\">ASTM A216 WCB<\/td>\n<\/tr>\n<tr>\n<td valign=\"center\">10<\/td>\n<td valign=\"center\">Parafuso<\/td>\n<td valign=\"center\">ASTM A193 B7<\/td>\n<\/tr>\n<\/tbody>\n<\/table>\n<\/div>","protected":false},"excerpt":{"rendered":"<p>\u00a0OBTER PRE\u00c7O DA V\u00c1LVULA Descri\u00e7\u00e3o: De acordo com a estrutura, a v\u00e1lvula de reten\u00e7\u00e3o de flange ZECO \u00e9 dividida em v\u00e1lvula de reten\u00e7\u00e3o tipo eleva\u00e7\u00e3o de flange, flange\u2026 <a title=\"V\u00e1lvula de reten\u00e7\u00e3o de flange\" class=\"read-more\" href=\"https:\/\/zecovalve.com\/pt\/produto\/flange-check-valve\" aria-label=\"Mais em V\u00e1lvula de Reten\u00e7\u00e3o Flangeada\">Ler mais<\/a><\/p>","protected":false},"featured_media":27916,"comment_status":"closed","ping_status":"closed","template":"","meta":{"_generate-full-width-content":"","kt_blocks_editor_width":""},"product_cat":[2455,2067],"product_tag":[2657,2661,2660],"class_list":["post-16337","product","type-product","status-publish","has-post-thumbnail","hentry","product_cat-check-valve","product_cat-swing-check-valve","product_tag-non-return-valve","product_tag-nrv-valve","product_tag-swing-check-valve","sales-flash-overlay","woocommerce-text-align-center","woocommerce-image-align-center","do-quantity-buttons"],"featured_image_src_large":["https:\/\/zecovalve.com\/wp-content\/uploads\/2022\/06\/Flange-Check-Valve-1.jpg",800,600,false],"author_info":[],"comment_info":0,"taxonomy_info":{"product_cat":[{"value":2455,"label":"Check Valve"},{"value":2067,"label":"Swing Check Valve"}],"product_tag":[{"value":2657,"label":"Non Return Valve"},{"value":2661,"label":"NRV Valve"},{"value":2660,"label":"Swing Check Valve"}]},"yoast_head":"<!-- This site is optimized with the Yoast SEO Premium plugin v15.4 - https:\/\/yoast.com\/wordpress\/plugins\/seo\/ -->\n<title>Flange Check Valve - ZECO Valve<\/title>\n<meta name=\"robots\" content=\"index, follow, max-snippet:-1, max-image-preview:large, max-video-preview:-1\" \/>\n<link rel=\"canonical\" href=\"https:\/\/zecovalve.com\/pt\/produto\/flange-check-valve\" \/>\n<meta property=\"og:locale\" content=\"pt_PT\" \/>\n<meta property=\"og:type\" content=\"article\" \/>\n<meta property=\"og:title\" content=\"Flange Check Valve - ZECO Valve\" \/>\n<meta property=\"og:description\" content=\"\u00a0GET VALVE PRICE Description: In accordance with the structure, ZECO flange check Valve is divided into flange lift type check valve, flange ... Ler mais\" \/>\n<meta property=\"og:url\" content=\"https:\/\/zecovalve.com\/pt\/produto\/flange-check-valve\" \/>\n<meta property=\"og:site_name\" content=\"ZECO Valve\" \/>\n<meta property=\"article:modified_time\" content=\"2023-06-16T13:40:51+00:00\" \/>\n<meta property=\"og:image\" content=\"https:\/\/zecovalve.com\/wp-content\/uploads\/2022\/06\/Flange-Check-Valve-1.jpg\" \/>\n\t<meta property=\"og:image:width\" content=\"800\" \/>\n\t<meta property=\"og:image:height\" content=\"600\" \/>\n<meta name=\"twitter:card\" content=\"summary_large_image\" \/>\n<meta name=\"twitter:label1\" content=\"Escrito por\">\n\t<meta name=\"twitter:data1\" content=\"Jerry\">\n\t<meta name=\"twitter:label2\" content=\"Tempo estimado de leitura\">\n\t<meta name=\"twitter:data2\" content=\"1 minuto\">\n<script type=\"application\/ld+json\" class=\"yoast-schema-graph\">{\"@context\":\"https:\/\/schema.org\",\"@graph\":[{\"@type\":\"WebSite\",\"@id\":\"https:\/\/zecovalve.com\/#website\",\"url\":\"https:\/\/zecovalve.com\/\",\"name\":\"ZECO Valve\",\"description\":\"Industrial Ball Valve, Gate Valve and Globe Valve Manufacturer\",\"potentialAction\":[{\"@type\":\"SearchAction\",\"target\":\"https:\/\/zecovalve.com\/?s={search_term_string}\",\"query-input\":\"required name=search_term_string\"}],\"inLanguage\":\"pt-PT\"},{\"@type\":\"ImageObject\",\"@id\":\"https:\/\/zecovalve.com\/product\/flange-check-valve#primaryimage\",\"inLanguage\":\"pt-PT\",\"url\":\"https:\/\/zecovalve.com\/wp-content\/uploads\/2022\/06\/Flange-Check-Valve-1.jpg\",\"width\":800,\"height\":600,\"caption\":\"Flange Check Valve\"},{\"@type\":\"WebPage\",\"@id\":\"https:\/\/zecovalve.com\/product\/flange-check-valve#webpage\",\"url\":\"https:\/\/zecovalve.com\/product\/flange-check-valve\",\"name\":\"Flange Check Valve - ZECO Valve\",\"isPartOf\":{\"@id\":\"https:\/\/zecovalve.com\/#website\"},\"primaryImageOfPage\":{\"@id\":\"https:\/\/zecovalve.com\/product\/flange-check-valve#primaryimage\"},\"datePublished\":\"2022-06-20T14:45:35+00:00\",\"dateModified\":\"2023-06-16T13:40:51+00:00\",\"breadcrumb\":{\"@id\":\"https:\/\/zecovalve.com\/product\/flange-check-valve#breadcrumb\"},\"inLanguage\":\"pt-PT\",\"potentialAction\":[{\"@type\":\"ReadAction\",\"target\":[\"https:\/\/zecovalve.com\/product\/flange-check-valve\"]}]},{\"@type\":\"BreadcrumbList\",\"@id\":\"https:\/\/zecovalve.com\/product\/flange-check-valve#breadcrumb\",\"itemListElement\":[{\"@type\":\"ListItem\",\"position\":1,\"item\":{\"@type\":\"WebPage\",\"@id\":\"https:\/\/zecovalve.com\/\",\"url\":\"https:\/\/zecovalve.com\/\",\"name\":\"Home\"}},{\"@type\":\"ListItem\",\"position\":2,\"item\":{\"@type\":\"WebPage\",\"@id\":\"https:\/\/zecovalve.com\/product-category\",\"url\":\"https:\/\/zecovalve.com\/product-category\",\"name\":\"Industrial Valve Manufacturer | Water Valve Manufacturer\"}},{\"@type\":\"ListItem\",\"position\":3,\"item\":{\"@type\":\"WebPage\",\"@id\":\"https:\/\/zecovalve.com\/product\/flange-check-valve\",\"url\":\"https:\/\/zecovalve.com\/product\/flange-check-valve\",\"name\":\"Flange Check Valve\"}}]}]}<\/script>\n<!-- \/ Yoast SEO Premium plugin. -->","_links":{"self":[{"href":"https:\/\/zecovalve.com\/pt\/wp-json\/wp\/v2\/product\/16337","targetHints":{"allow":["GET"]}}],"collection":[{"href":"https:\/\/zecovalve.com\/pt\/wp-json\/wp\/v2\/product"}],"about":[{"href":"https:\/\/zecovalve.com\/pt\/wp-json\/wp\/v2\/types\/product"}],"replies":[{"embeddable":true,"href":"https:\/\/zecovalve.com\/pt\/wp-json\/wp\/v2\/comments?post=16337"}],"wp:featuredmedia":[{"embeddable":true,"href":"https:\/\/zecovalve.com\/pt\/wp-json\/wp\/v2\/media\/27916"}],"wp:attachment":[{"href":"https:\/\/zecovalve.com\/pt\/wp-json\/wp\/v2\/media?parent=16337"}],"wp:term":[{"taxonomy":"product_cat","embeddable":true,"href":"https:\/\/zecovalve.com\/pt\/wp-json\/wp\/v2\/product_cat?post=16337"},{"taxonomy":"product_tag","embeddable":true,"href":"https:\/\/zecovalve.com\/pt\/wp-json\/wp\/v2\/product_tag?post=16337"}],"curies":[{"name":"wp","href":"https:\/\/api.w.org\/{rel}","templated":true}]}}