{"id":16388,"date":"2022-06-21T03:50:16","date_gmt":"2022-06-21T03:50:16","guid":{"rendered":"https:\/\/zecovalve.com\/?post_type=product&#038;p=16388"},"modified":"2022-09-10T08:34:43","modified_gmt":"2022-09-10T08:34:43","slug":"96-inch-butterfly-valve","status":"publish","type":"product","link":"https:\/\/zecovalve.com\/pt\/produto\/96-inch-butterfly-valve","title":{"rendered":"V\u00e1lvula borboleta grande"},"content":{"rendered":"<figure class=\"wp-block-image alignnone size-large is-resized size-medium wp-image-16389\"><img loading=\"lazy\" decoding=\"async\" class=\"wp-image-27106\" src=\"https:\/\/zecovalve.com\/wp-content\/uploads\/2022\/09\/96-inch-Butterfly-Valve-2-1024x768.jpg\" alt=\"\" width=\"512\" height=\"384\" srcset=\"https:\/\/zecovalve.com\/wp-content\/uploads\/2022\/09\/96-inch-Butterfly-Valve-2-1024x768.jpg 1024w, https:\/\/zecovalve.com\/wp-content\/uploads\/2022\/09\/96-inch-Butterfly-Valve-2-300x225.jpg 300w, https:\/\/zecovalve.com\/wp-content\/uploads\/2022\/09\/96-inch-Butterfly-Valve-2-768x576.jpg 768w, https:\/\/zecovalve.com\/wp-content\/uploads\/2022\/09\/96-inch-Butterfly-Valve-2-600x450.jpg 600w, https:\/\/zecovalve.com\/wp-content\/uploads\/2022\/09\/96-inch-Butterfly-Valve-2.jpg 1440w\" sizes=\"auto, (max-width: 512px) 100vw, 512px\" \/><\/figure>\r\n\r\n\r\n\r\n\r\n<div class=\"gb-button-wrapper gb-button-wrapper-6d8495a3\">\r\n\r\n<a class=\"gb-button gb-button-3d442e11 gb-button-text\" href=\"mailto:commercial@zecovalve.com\" target=\"_blank\" rel=\"noopener noreferrer\"><strong>OBTENHA O PRE\u00c7O DA V\u00c1LVULA BORBOLETA DE 96 POLEGADAS<\/strong><\/a>\r\n\r\n<\/div>\r\n\r\n\r\n<h2 class=\"wp-block-heading\">O que \u00e9 v\u00e1lvula borboleta?<\/h2>\r\n\r\n\r\n\r\n\r\nAs v\u00e1lvulas borboleta s\u00e3o v\u00e1lvulas de movimento rotacional de um quarto de volta usadas em tubula\u00e7\u00f5es para parar, regular e iniciar o fluxo. As v\u00e1lvulas borboleta, uma rota\u00e7\u00e3o de 90\u00b0 da manivela que pode fechar ou abrir completamente a v\u00e1lvula, s\u00e3o f\u00e1ceis e r\u00e1pidas de operar. A principal diferen\u00e7a entre as v\u00e1lvulas borboleta em compara\u00e7\u00e3o com outras v\u00e1lvulas \u00e9 o disco. O disco da v\u00e1lvula borboleta est\u00e1 sempre no fluxo causando uma altera\u00e7\u00e3o de press\u00e3o para qualquer posi\u00e7\u00e3o da v\u00e1lvula.\r\n\r\n\r\n\r\n\r\n<h2 class=\"wp-block-heading\">Quais s\u00e3o os tipos de v\u00e1lvulas borboleta?<\/h2>\r\n\r\n\r\n\r\n\r\nAs v\u00e1lvulas borboleta s\u00e3o geralmente compostas de um corpo circular curto, discos redondos, sedes metal-metal ou macias, rolamentos de eixo superior e inferior e caixas de empanque. Existem dois tipos principais de corpos de v\u00e1lvula borboleta, nomeadamente o tipo Wafer e o tipo Lug. O tipo wafer \u00e9 um projeto comumente usado que se ajusta entre dois flanges, enquanto o tipo lug \u00e9 geralmente usado no lugar entre dois flanges por parafusos que unem os dois flanges. As v\u00e1lvulas borboleta t\u00eam poucas vantagens quando usadas em aplica\u00e7\u00f5es de v\u00e1lvulas grandes em compara\u00e7\u00e3o com v\u00e1lvulas gaveta, globo, obturador e esfera. Peso, espa\u00e7o e custo s\u00e3o as vantagens mais \u00f3bvias, o custo de manuten\u00e7\u00e3o geralmente \u00e9 baixo, pois h\u00e1 apenas um n\u00famero m\u00ednimo de pe\u00e7as m\u00f3veis e n\u00e3o h\u00e1 bolso para um coletor de fluidos. As v\u00e1lvulas borboleta s\u00e3o perfeitas para lidar com um grande fluxo de l\u00edquidos ou gases a uma press\u00e3o relativamente baixa. Tamb\u00e9m \u00e9 adequado para manusear lamas ou l\u00edquidos com grande quantidade de s\u00f3lidos em suspens\u00e3o. A designa\u00e7\u00e3o das v\u00e1lvulas borboleta \u00e9 baseada no princ\u00edpio do amortecedor de tubo, com o elemento de controle de fluxo que consiste em um disco de di\u00e2metro quase igual ao di\u00e2metro interno do tubo adjacente, cujo eixo gira vertical ou horizontalmente. As v\u00e1lvulas borboleta s\u00e3o totalmente abertas quando o disco fica paralelo \u00e0 tubula\u00e7\u00e3o e as v\u00e1lvulas s\u00e3o desligadas quando o disco se aproxima de posi\u00e7\u00f5es perpendiculares. A v\u00e1lvula borboleta tamb\u00e9m pode ser colocada em posi\u00e7\u00f5es intermedi\u00e1rias, para fins de estrangulamento, e esta a\u00e7\u00e3o pode ser fixada no lugar usando os dispositivos de travamento da al\u00e7a.\r\n\r\n\r\n\r\n\r\n<h2 class=\"wp-block-heading\" id=\"h-large-butterfly-valve-for-sale\">V\u00e1lvula borboleta grande para venda<\/h2>\r\n\r\n\r\n\r\n\r\nA v\u00e1lvula borboleta ZECO de 96 polegadas pode escolher estrutura exc\u00eantrica dupla ou estrutura exc\u00eantrica tripla, exc\u00eantrica dupla pode usar estrutura de veda\u00e7\u00e3o macia ou estrutura de veda\u00e7\u00e3o r\u00edgida, a estrutura exc\u00eantrica tripla pode usar estrutura de veda\u00e7\u00e3o unidirecional e estrutura de veda\u00e7\u00e3o bidirecional. Uma v\u00e1lvula borboleta de grande di\u00e2metro pode n\u00e3o ser instalada imediatamente na tubula\u00e7\u00e3o, portanto, preste aten\u00e7\u00e3o especial \u00e0 v\u00e1lvula antes da instala\u00e7\u00e3o e manuten\u00e7\u00e3o. As partes e a haste de toque m\u00e9dio s\u00e3o as partes principais de uma v\u00e1lvula, sendo adotadas as seguintes medidas.\r\n\r\n\r\n\r\n\r\n<ul class=\"wp-block-list\">\r\n \t<li>O lado interno da v\u00e1lvula deve ser limpo sem res\u00edduos e manchas para manter a limpeza e secura da v\u00e1lvula.<\/li>\r\n \t<li>As pe\u00e7as de fechamento da v\u00e1lvula devem estar em estado de fechamento. Se a v\u00e1lvula estiver sendo levantada, tenha cuidado ao levantar, jogar ou cair \u00e9 totalmente proibido, especialmente o volante e a haste n\u00e3o devem ser o ponto de eleva\u00e7\u00e3o. A ZECO, como fabricante de v\u00e1lvulas borboleta de grande porte, dedica-se a pesquisar e projetar os problemas que podem ocorrer na produ\u00e7\u00e3o ou mesmo na entrega aos usu\u00e1rios no momento do armazenamento dos produtos, e a seguir d\u00e1 os correspondentes planos antecipados para evitar o poss\u00edvel ocorr\u00eancia.<\/li>\r\n<\/ul>\r\n\r\n\r\n\r\n<h2 class=\"wp-block-heading\">Grande custo da v\u00e1lvula borboleta<\/h2>\r\n\r\n\r\n\r\n\r\nAs v\u00e1lvulas borboleta s\u00e3o geralmente 40% mais baratas do que as v\u00e1lvulas gaveta de ferro, n\u00e3o apenas em termos de custos iniciais, mas tamb\u00e9m em termos de custos de instala\u00e7\u00e3o. As v\u00e1lvulas borboleta instaladas corretamente s\u00e3o praticamente autolimpantes e s\u00e3o muito menos suscet\u00edveis a falhas devido ao ac\u00famulo de lixo. Para acesso a Custos e Pre\u00e7os, voc\u00ea encontra informa\u00e7\u00f5es sobre as empresas que vendem v\u00e1lvulas borboleta na V\u00e1lvula ZECO, junto com seus dados de contato.\r\n\r\n\r\n\r\n\r\n<h2 class=\"wp-block-heading\" id=\"h-features-of-large-butterfly-valve\">Caracter\u00edsticas da v\u00e1lvula borboleta grande<\/h2>\r\n\r\n\r\n\r\n<ol class=\"wp-block-list\">\r\n \t<li>A v\u00e1lvula borboleta grande ZECO de 96 polegadas pode ser escolhida com sede de borracha de deslocamento duplo. As sedes NBR s\u00e3o sulfuradas na estrutura, aumentando o desempenho da veda\u00e7\u00e3o. A superf\u00edcie do disco \u00e9 projetada em tipo esf\u00e9rico para reduzir a \u00e1rea de contato e a for\u00e7a de atrito;<\/li>\r\n \t<li>A v\u00e1lvula borboleta grande ZECO pode ser escolhida com sede de PTFE de deslocamento duplo. Um excedente entre a sede e o disco de PTFE garante a veda\u00e7\u00e3o em baixa press\u00e3o;<\/li>\r\n \t<li>A v\u00e1lvula borboleta grande ZECO pode ser escolhida com sede de metal com deslocamento triplo;<\/li>\r\n \t<li>A v\u00e1lvula borboleta grande ZECO pode ser escolhida com sede de metal com deslocamento duplo.<\/li>\r\n<\/ol>\r\n\r\n\r\n\r\n<h2 class=\"wp-block-heading\">Detalhes da v\u00e1lvula borboleta tipo c\u00eantrica<\/h2>\r\n\r\n\r\n\r\n<figure class=\"wp-block-table\">\r\n<table>\r\n<tbody>\r\n<tr>\r\n<th>Modelo<\/th>\r\n<td>Tipo de assento de borracha, tipo de assento de teflon, tipo de assento de metal, amortecedor e outros<\/td>\r\n<\/tr>\r\n<tr>\r\n<th>Material<\/th>\r\n<td>Ferro fundido, ferro d\u00factil, a\u00e7o carbono, a\u00e7o inoxid\u00e1vel, alum\u00ednio, bronze e outros<\/td>\r\n<\/tr>\r\n<tr>\r\n<th>Classe de Press\u00e3o<\/th>\r\n<td>JIS10K-20K, ANSI150Lb-300Lb<\/td>\r\n<\/tr>\r\n<tr>\r\n<th>Liga\u00e7\u00e3o final<\/th>\r\n<td>Tipo Wafer, Tipo Lug, Tipo Flangeado<\/td>\r\n<\/tr>\r\n<tr>\r\n<th>Opera\u00e7\u00e3o<\/th>\r\n<td>Motor manual, pneum\u00e1tico, hidr\u00e1ulico, el\u00e9trico<\/td>\r\n<\/tr>\r\n<tr>\r\n<th>Tamanho<\/th>\r\n<td>1-1\/2\u2033(40mm)-96\u2033(2400mm)<\/td>\r\n<\/tr>\r\n<\/tbody>\r\n<\/table>\r\n<\/figure>\r\n\r\n\r\n\r\n<h2 class=\"wp-block-heading\">Detalhes da v\u00e1lvula borboleta tipo exc\u00eantrico<\/h2>\r\n\r\n\r\n\r\n<figure class=\"wp-block-table\">\r\n<table>\r\n<tbody>\r\n<tr>\r\n<th>Modelo<\/th>\r\n<td>Tipo de assento de teflon, tipo de assento de metal, tipo de assento laminado e outros<\/td>\r\n<\/tr>\r\n<tr>\r\n<th>Material<\/th>\r\n<td>A\u00e7o carbono, a\u00e7o inoxid\u00e1vel e outros<\/td>\r\n<\/tr>\r\n<tr>\r\n<th>Classe de Press\u00e3o<\/th>\r\n<td>JIS10K-20K, ANSI150Lb-900Lb<\/td>\r\n<\/tr>\r\n<tr>\r\n<th>Liga\u00e7\u00e3o final<\/th>\r\n<td>Tipo Wafer, Tipo Lug, Tipo Flangeado<\/td>\r\n<\/tr>\r\n<tr>\r\n<th>Opera\u00e7\u00e3o<\/th>\r\n<td>Motor manual, pneum\u00e1tico, hidr\u00e1ulico, el\u00e9trico<\/td>\r\n<\/tr>\r\n<tr>\r\n<th>Tamanho<\/th>\r\n<td>2\u2033(50mm) \u2013 96\u2033(2400mm)<\/td>\r\n<\/tr>\r\n<\/tbody>\r\n<\/table>\r\n<\/figure>","protected":false},"excerpt":{"rendered":"<p>O que \u00e9 v\u00e1lvula borboleta? As v\u00e1lvulas borboleta s\u00e3o v\u00e1lvulas de movimento rotacional de um quarto de volta usadas em tubula\u00e7\u00f5es para parar, regular e iniciar o fluxo. V\u00e1lvulas borboleta, \u2026 <a title=\"V\u00e1lvula borboleta grande\" class=\"read-more\" href=\"https:\/\/zecovalve.com\/pt\/produto\/96-inch-butterfly-valve\" aria-label=\"Mais em V\u00e1lvula Borboleta Grande\">Ler mais<\/a><\/p>","protected":false},"featured_media":27106,"comment_status":"closed","ping_status":"closed","template":"","meta":{"_generate-full-width-content":"","kt_blocks_editor_width":""},"product_cat":[2044,2470],"product_tag":[],"class_list":["post-16388","product","type-product","status-publish","has-post-thumbnail","hentry","product_cat-butterfly-valve","product_cat-butterfly-valve-by-inch","sales-flash-overlay","woocommerce-text-align-center","woocommerce-image-align-center","do-quantity-buttons"],"featured_image_src_large":["https:\/\/zecovalve.com\/wp-content\/uploads\/2022\/09\/96-inch-Butterfly-Valve-2-1024x768.jpg",1024,768,true],"author_info":[],"comment_info":0,"taxonomy_info":{"product_cat":[{"value":2044,"label":"Butterfly Valve"},{"value":2470,"label":"Butterfly Valve By Inch"}]},"yoast_head":"<!-- This site is optimized with the Yoast SEO Premium plugin v15.4 - https:\/\/yoast.com\/wordpress\/plugins\/seo\/ -->\n<title>Large Butterfly Valve For Sale - Big Size Butterfly Valve Cost | ZECO Valve<\/title>\n<meta name=\"robots\" content=\"index, follow, max-snippet:-1, max-image-preview:large, max-video-preview:-1\" \/>\n<link rel=\"canonical\" href=\"https:\/\/zecovalve.com\/pt\/produto\/96-inch-butterfly-valve\" \/>\n<meta property=\"og:locale\" content=\"pt_PT\" \/>\n<meta property=\"og:type\" content=\"article\" \/>\n<meta property=\"og:title\" content=\"Large Butterfly Valve For Sale - Big Size Butterfly Valve Cost | ZECO Valve\" \/>\n<meta property=\"og:description\" content=\"What is Butterfly Valve? Butterfly valves are quarter-turn rotational motion valves used in pipelines to stop, regulate and start flow. Butterfly valves, ... Ler mais\" \/>\n<meta property=\"og:url\" content=\"https:\/\/zecovalve.com\/pt\/produto\/96-inch-butterfly-valve\" \/>\n<meta property=\"og:site_name\" content=\"ZECO Valve\" \/>\n<meta property=\"article:modified_time\" content=\"2022-09-10T08:34:43+00:00\" \/>\n<meta property=\"og:image\" content=\"https:\/\/zecovalve.com\/wp-content\/uploads\/2022\/09\/96-inch-Butterfly-Valve-2.jpg\" \/>\n\t<meta property=\"og:image:width\" content=\"1440\" \/>\n\t<meta property=\"og:image:height\" content=\"1080\" \/>\n<meta name=\"twitter:card\" content=\"summary_large_image\" \/>\n<meta name=\"twitter:label1\" content=\"Escrito por\">\n\t<meta name=\"twitter:data1\" content=\"Jerry\">\n\t<meta name=\"twitter:label2\" content=\"Tempo estimado de leitura\">\n\t<meta name=\"twitter:data2\" content=\"3 minutos\">\n<script type=\"application\/ld+json\" class=\"yoast-schema-graph\">{\"@context\":\"https:\/\/schema.org\",\"@graph\":[{\"@type\":\"WebSite\",\"@id\":\"https:\/\/zecovalve.com\/#website\",\"url\":\"https:\/\/zecovalve.com\/\",\"name\":\"ZECO Valve\",\"description\":\"Industrial Ball Valve, Gate Valve and Globe Valve Manufacturer\",\"potentialAction\":[{\"@type\":\"SearchAction\",\"target\":\"https:\/\/zecovalve.com\/?s={search_term_string}\",\"query-input\":\"required name=search_term_string\"}],\"inLanguage\":\"pt-PT\"},{\"@type\":\"ImageObject\",\"@id\":\"https:\/\/zecovalve.com\/product\/96-inch-butterfly-valve#primaryimage\",\"inLanguage\":\"pt-PT\",\"url\":\"https:\/\/zecovalve.com\/wp-content\/uploads\/2022\/09\/96-inch-Butterfly-Valve-2.jpg\",\"width\":1440,\"height\":1080},{\"@type\":\"WebPage\",\"@id\":\"https:\/\/zecovalve.com\/product\/96-inch-butterfly-valve#webpage\",\"url\":\"https:\/\/zecovalve.com\/product\/96-inch-butterfly-valve\",\"name\":\"Large Butterfly Valve For Sale - Big Size Butterfly Valve Cost | ZECO Valve\",\"isPartOf\":{\"@id\":\"https:\/\/zecovalve.com\/#website\"},\"primaryImageOfPage\":{\"@id\":\"https:\/\/zecovalve.com\/product\/96-inch-butterfly-valve#primaryimage\"},\"datePublished\":\"2022-06-21T03:50:16+00:00\",\"dateModified\":\"2022-09-10T08:34:43+00:00\",\"breadcrumb\":{\"@id\":\"https:\/\/zecovalve.com\/product\/96-inch-butterfly-valve#breadcrumb\"},\"inLanguage\":\"pt-PT\",\"potentialAction\":[{\"@type\":\"ReadAction\",\"target\":[\"https:\/\/zecovalve.com\/product\/96-inch-butterfly-valve\"]}]},{\"@type\":\"BreadcrumbList\",\"@id\":\"https:\/\/zecovalve.com\/product\/96-inch-butterfly-valve#breadcrumb\",\"itemListElement\":[{\"@type\":\"ListItem\",\"position\":1,\"item\":{\"@type\":\"WebPage\",\"@id\":\"https:\/\/zecovalve.com\/\",\"url\":\"https:\/\/zecovalve.com\/\",\"name\":\"Home\"}},{\"@type\":\"ListItem\",\"position\":2,\"item\":{\"@type\":\"WebPage\",\"@id\":\"https:\/\/zecovalve.com\/product-category\",\"url\":\"https:\/\/zecovalve.com\/product-category\",\"name\":\"Industrial Valve Manufacturer | Water Valve Manufacturer\"}},{\"@type\":\"ListItem\",\"position\":3,\"item\":{\"@type\":\"WebPage\",\"@id\":\"https:\/\/zecovalve.com\/product\/96-inch-butterfly-valve\",\"url\":\"https:\/\/zecovalve.com\/product\/96-inch-butterfly-valve\",\"name\":\"Large Butterfly Valve\"}}]}]}<\/script>\n<!-- \/ Yoast SEO Premium plugin. -->","_links":{"self":[{"href":"https:\/\/zecovalve.com\/pt\/wp-json\/wp\/v2\/product\/16388","targetHints":{"allow":["GET"]}}],"collection":[{"href":"https:\/\/zecovalve.com\/pt\/wp-json\/wp\/v2\/product"}],"about":[{"href":"https:\/\/zecovalve.com\/pt\/wp-json\/wp\/v2\/types\/product"}],"replies":[{"embeddable":true,"href":"https:\/\/zecovalve.com\/pt\/wp-json\/wp\/v2\/comments?post=16388"}],"wp:featuredmedia":[{"embeddable":true,"href":"https:\/\/zecovalve.com\/pt\/wp-json\/wp\/v2\/media\/27106"}],"wp:attachment":[{"href":"https:\/\/zecovalve.com\/pt\/wp-json\/wp\/v2\/media?parent=16388"}],"wp:term":[{"taxonomy":"product_cat","embeddable":true,"href":"https:\/\/zecovalve.com\/pt\/wp-json\/wp\/v2\/product_cat?post=16388"},{"taxonomy":"product_tag","embeddable":true,"href":"https:\/\/zecovalve.com\/pt\/wp-json\/wp\/v2\/product_tag?post=16388"}],"curies":[{"name":"wp","href":"https:\/\/api.w.org\/{rel}","templated":true}]}}