{"id":16395,"date":"2022-06-21T04:07:01","date_gmt":"2022-06-21T04:07:01","guid":{"rendered":"https:\/\/zecovalve.com\/?post_type=product&#038;p=16395"},"modified":"2023-06-15T12:52:54","modified_gmt":"2023-06-15T12:52:54","slug":"2-inch-gate-valve","status":"publish","type":"product","link":"https:\/\/zecovalve.com\/pt\/produto\/2-inch-gate-valve","title":{"rendered":"V\u00e1lvula de gaveta de 2 polegadas"},"content":{"rendered":"<p>As v\u00e1lvulas gaveta de 2 polegadas s\u00e3o v\u00e1lvulas de corte bidirecionais multifuncionais para aplica\u00e7\u00f5es comerciais e industriais.<\/p>\r\n\r\n\r\n\r\n<div class=\"wp-block-columns is-layout-flex wp-container-core-columns-is-layout-9d6595d7 wp-block-columns-is-layout-flex\">\r\n<div class=\"wp-block-column is-layout-flow wp-block-column-is-layout-flow\">\r\n<figure class=\"wp-block-image size-full is-resized\"><img loading=\"lazy\" decoding=\"async\" class=\"wp-image-16182\" src=\"https:\/\/zecovalve.com\/wp-content\/uploads\/2022\/06\/carbon-steel-gate-valve.jpg\" alt=\"V\u00e1lvula de gaveta em a\u00e7o carbono\" width=\"400\" height=\"300\" srcset=\"https:\/\/zecovalve.com\/wp-content\/uploads\/2022\/06\/carbon-steel-gate-valve.jpg 800w, https:\/\/zecovalve.com\/wp-content\/uploads\/2022\/06\/carbon-steel-gate-valve-300x225.jpg 300w, https:\/\/zecovalve.com\/wp-content\/uploads\/2022\/06\/carbon-steel-gate-valve-768x576.jpg 768w, https:\/\/zecovalve.com\/wp-content\/uploads\/2022\/06\/carbon-steel-gate-valve-600x450.jpg 600w\" sizes=\"auto, (max-width: 400px) 100vw, 400px\" \/><\/figure>\r\n<\/div>\r\n\r\n\r\n\r\n<div class=\"wp-block-column is-layout-flow wp-block-column-is-layout-flow\">\r\n<figure class=\"wp-block-image size-full is-resized\"><img loading=\"lazy\" decoding=\"async\" class=\"wp-image-16295\" src=\"https:\/\/zecovalve.com\/wp-content\/uploads\/2022\/06\/forged-gate-valve.jpg\" alt=\"v\u00e1lvula de gaveta forjada\" width=\"400\" height=\"300\" srcset=\"https:\/\/zecovalve.com\/wp-content\/uploads\/2022\/06\/forged-gate-valve.jpg 800w, https:\/\/zecovalve.com\/wp-content\/uploads\/2022\/06\/forged-gate-valve-300x225.jpg 300w, https:\/\/zecovalve.com\/wp-content\/uploads\/2022\/06\/forged-gate-valve-768x576.jpg 768w, https:\/\/zecovalve.com\/wp-content\/uploads\/2022\/06\/forged-gate-valve-600x450.jpg 600w\" sizes=\"auto, (max-width: 400px) 100vw, 400px\" \/><\/figure>\r\n<\/div>\r\n<\/div>\r\n\r\n\r\n<div class=\"gb-button-wrapper gb-button-wrapper-6d8495a3\">\r\n\r\n\r\n<p><a class=\"gb-button gb-button-3d442e11 gb-button-text\" href=\"mailto:commercial@zecovalve.com\" target=\"_blank\" rel=\"noopener noreferrer\"><strong>OBTENHA O PRE\u00c7O DA V\u00c1LVULA DE GATE DE 2 POLEGADAS<\/strong><\/a><\/p>\r\n<\/div>\r\n\r\n\r\n<h2 class=\"wp-block-heading\">O que \u00e9 uma v\u00e1lvula gaveta de 2 polegadas?<\/h2>\r\n\r\n\r\n\r\n<p>A v\u00e1lvula gaveta ZECO de 2 polegadas foi projetada para distribui\u00e7\u00e3o m\u00e1xima de tens\u00e3o em todas as dire\u00e7\u00f5es e m\u00ednima turbul\u00eancia e resist\u00eancia ao fluxo, projetando o corpo e o castelo. A v\u00e1lvula gaveta ZECO de 2 polegadas pode escolher o corpo da v\u00e1lvula forjada ou o corpo da v\u00e1lvula fundida, principalmente de acordo com as necessidades espec\u00edficas dos usu\u00e1rios. 2 polegadas como uma v\u00e1lvula de pequeno calibre, toda a equipe da ZECO trabalhou duro para process\u00e1-la, mont\u00e1-la, test\u00e1-la e envi\u00e1-la como uma embarca\u00e7\u00e3o. A ZECO segue o princ\u00edpio de que n\u00e3o importa a v\u00e1lvula de grande porte ou a v\u00e1lvula de pequeno porte, ela tratar\u00e1 dos produtos de forma incisiva e incisiva em cada detalhe e finalmente os entregar\u00e1 aos usu\u00e1rios, de forma a satisfazer os usu\u00e1rios e manter uma opera\u00e7\u00e3o est\u00e1vel e segura por muito tempo.<\/p>\r\n\r\n\r\n\r\n<h2 class=\"wp-block-heading\" id=\"h-types-of-gate-valve-2-inch\">Tipos de v\u00e1lvula gaveta de 2 polegadas<\/h2>\r\n\r\n\r\n\r\n<ul class=\"wp-block-list\">\r\n<li>V\u00e1lvula de gaveta de a\u00e7o inoxid\u00e1vel de 2 polegadas\r\n<ul>\r\n<li>Apresentando constru\u00e7\u00e3o resistente \u00e0 corros\u00e3o com volante de alum\u00ednio e haste, castelo, corpo e cunha n\u00e3o ascendentes em a\u00e7o inoxid\u00e1vel 316, essas v\u00e1lvulas gaveta s\u00e3o ideais para aplica\u00e7\u00f5es em refinarias, produtos qu\u00edmicos e outros processos.<\/li>\r\n<\/ul>\r\n<\/li>\r\n<li>V\u00e1lvula de gaveta de lat\u00e3o de 2 polegadas\r\n<ul>\r\n<li>Projetadas com al\u00e7as de ferro fundido e discos de lat\u00e3o, cunhas, hastes e tampas aparafusadas, essas v\u00e1lvulas de corte principal de porta completa podem ser usadas totalmente abertas ou totalmente fechadas em aplica\u00e7\u00f5es de \u00e1gua e ar comprimido. As hastes n\u00e3o ascendentes podem ser usadas em espa\u00e7os verticais limitados.<\/li>\r\n<\/ul>\r\n<\/li>\r\n<li>V\u00e1lvula de gaveta de a\u00e7o Caron de 2 polegadas\r\n<ul>\r\n<li>As v\u00e1lvulas de a\u00e7o fundido s\u00e3o adequadas para aplica\u00e7\u00f5es de g\u00e1s, \u00f3leo, vapor, \u00e1gua e servi\u00e7os gerais. As roscas externas da haste da v\u00e1lvula evitam a contamina\u00e7\u00e3o do meio de fluxo.<\/li>\r\n<\/ul>\r\n<\/li>\r\n<li>V\u00e1lvula de gaveta de bronze de 2 polegadas\r\n<ul>\r\n<li>Atuando como um fechamento positivo, essas v\u00e1lvulas de passagem completa podem ser usadas totalmente abertas ou totalmente fechadas em aplica\u00e7\u00f5es de vapor, \u00e1gua e ar comprimido.<\/li>\r\n<\/ul>\r\n<\/li>\r\n<\/ul>\r\n\r\n\r\n\r\n<h2 class=\"wp-block-heading\">Vantagens da v\u00e1lvula gaveta de 2 polegadas<\/h2>\r\n\r\n\r\n\r\n<ul class=\"wp-block-list\">\r\n<li>Alta resist\u00eancia \u00e0 corros\u00e3o e ao impacto<\/li>\r\n<li>Flexibilidade cobrindo varia\u00e7\u00f5es de fluxo<\/li>\r\n<li>Manuten\u00e7\u00e3o f\u00e1cil<\/li>\r\n<li>A v\u00e1lvula gaveta ZECO de 2 polegadas \u00e9 altamente seletiva, pode escolher corpo de v\u00e1lvula forjado ou corpo de v\u00e1lvula fundido, do padr\u00e3o ASTM A182 ao padr\u00e3o ASTM A216 ao padr\u00e3o ASTM A351, s\u00e3o a faixa de produ\u00e7\u00e3o da ZECO, as classes de press\u00e3o podem escolher de 150 lb a 1500 lb,<\/li>\r\n<li>A conex\u00e3o da haste \u00e0 cunha da v\u00e1lvula gaveta ZECO de 2 polegadas \u00e9 um projeto de cabe\u00e7a em T que \u00e9 integral (sem soldagem) \u00e0 haste. A precis\u00e3o nas dimens\u00f5es e acabamentos garantem longa vida \u00fatil com perfeita estanqueidade na \u00e1rea de embalagem, resultando em menores emiss\u00f5es fugitivas;<\/li>\r\n<li>A gaxeta da haste da v\u00e1lvula gaveta ZECO de 2 polegadas \u00e9 projetada e disposta para garantir uma veda\u00e7\u00e3o m\u00e1xima ao longo da haste durante a opera\u00e7\u00e3o ou enquanto est\u00e1 na posi\u00e7\u00e3o, permitindo assim uma maior redu\u00e7\u00e3o nas emiss\u00f5es fugitivas. Nossas embalagens s\u00e3o do tipo SEM AMIANTO;<\/li>\r\n<li>ZECO \u00e9 um fabricante profissional de v\u00e1lvulas gaveta. A ZECO \u00e9 capaz de fornecer produtos de alta qualidade aos usu\u00e1rios finais.<\/li>\r\n<\/ul>\r\n\r\n\r\n\r\n<h2 class=\"wp-block-heading\">Dimens\u00f5es e peso da v\u00e1lvula gaveta de 2 polegadas<\/h2>\r\n\r\n\r\n\r\n<table border=\"=1\" width=\"800\">\r\n<tbody>\r\n<tr>\r\n<td rowspan=\"2\">Press\u00e3o nominal<\/td>\r\n<td style=\"text-align: center;\">Furo<\/td>\r\n<td style=\"text-align: center;\" colspan=\"3\">\u00a0Dimens\u00e3o face a face (em mm)<\/td>\r\n<td style=\"text-align: center;\">Peso<\/td>\r\n<\/tr>\r\n<tr>\r\n<td style=\"text-align: center;\">(em mm)<\/td>\r\n<td style=\"text-align: center;\">RF<\/td>\r\n<td style=\"text-align: center;\">BW<\/td>\r\n<td style=\"text-align: center;\">RTJ<\/td>\r\n<td style=\"text-align: center;\">kg<\/td>\r\n<\/tr>\r\n<tr>\r\n<td>CLASSE 150<\/td>\r\n<td style=\"text-align: center;\">50<\/td>\r\n<td style=\"text-align: center;\">178<\/td>\r\n<td style=\"text-align: center;\">216<\/td>\r\n<td style=\"text-align: center;\">191<\/td>\r\n<td style=\"text-align: center;\">27<\/td>\r\n<\/tr>\r\n<tr>\r\n<td>CLASSE 300<\/td>\r\n<td style=\"text-align: center;\">50<\/td>\r\n<td style=\"text-align: center;\">216<\/td>\r\n<td style=\"text-align: center;\">216<\/td>\r\n<td style=\"text-align: center;\">232<\/td>\r\n<td style=\"text-align: center;\">32<\/td>\r\n<\/tr>\r\n<tr>\r\n<td>CLASSE 600<\/td>\r\n<td style=\"text-align: center;\">50<\/td>\r\n<td style=\"text-align: center;\">292<\/td>\r\n<td style=\"text-align: center;\">292<\/td>\r\n<td style=\"text-align: center;\">295<\/td>\r\n<td style=\"text-align: center;\">50<\/td>\r\n<\/tr>\r\n<tr>\r\n<td>CLASSE 900<\/td>\r\n<td style=\"text-align: center;\">47<\/td>\r\n<td style=\"text-align: center;\">368<\/td>\r\n<td style=\"text-align: center;\">368<\/td>\r\n<td style=\"text-align: center;\">371<\/td>\r\n<td style=\"text-align: center;\">116<\/td>\r\n<\/tr>\r\n<tr>\r\n<td>CLASSE 1500<\/td>\r\n<td style=\"text-align: center;\">47<\/td>\r\n<td style=\"text-align: center;\">368<\/td>\r\n<td style=\"text-align: center;\">368<\/td>\r\n<td style=\"text-align: center;\">371<\/td>\r\n<td style=\"text-align: center;\">116<\/td>\r\n<\/tr>\r\n<tr>\r\n<td>CLASSE 2500<\/td>\r\n<td style=\"text-align: center;\">38<\/td>\r\n<td style=\"text-align: center;\">451<\/td>\r\n<td style=\"text-align: center;\">451<\/td>\r\n<td style=\"text-align: center;\">454<\/td>\r\n<td style=\"text-align: center;\">156<\/td>\r\n<\/tr>\r\n<\/tbody>\r\n<\/table>\r\n\r\n\r\n\r\n<h2 class=\"wp-block-heading\">Pre\u00e7o da v\u00e1lvula gaveta de 2 polegadas<\/h2>\r\n\r\n\r\n\r\n<p>A v\u00e1lvula ZECO \u00e9 um fabricante profissional de v\u00e1lvula gaveta de 2 polegadas. Se tiver alguma d\u00favida, entre em contato conosco. Podemos fornecer um pre\u00e7o competitivo de v\u00e1lvula gaveta de 2 polegadas.<\/p>\r\n\r\n\r\n\r\n<h2 class=\"wp-block-heading\">Material da v\u00e1lvula gaveta de 2 polegadas<\/h2>\r\n\r\n\r\n\r\n<figure class=\"wp-block-table\">\r\n<table>\r\n<tbody>\r\n<tr>\r\n<td>N\u00e3o<\/td>\r\n<td>Parte<\/td>\r\n<td>Material<\/td>\r\n<\/tr>\r\n<tr>\r\n<td>1<\/td>\r\n<td>Corpo<\/td>\r\n<td>ASTM A217 WC6<\/td>\r\n<\/tr>\r\n<tr>\r\n<td>2<\/td>\r\n<td>Anel de assento<\/td>\r\n<td>ASTM A182 F11+STL<\/td>\r\n<\/tr>\r\n<tr>\r\n<td>3<\/td>\r\n<td>Cunha<\/td>\r\n<td>ASTM A217 WC6+STL<\/td>\r\n<\/tr>\r\n<tr>\r\n<td>4<\/td>\r\n<td>Caule<\/td>\r\n<td>ASTM A276 410<\/td>\r\n<\/tr>\r\n<tr>\r\n<td>5<\/td>\r\n<td>Junta da tampa do compartimento<\/td>\r\n<td>Grafite + SS316<\/td>\r\n<\/tr>\r\n<tr>\r\n<td>6<\/td>\r\n<td>Parafuso do castelo<\/td>\r\n<td>ASTM A193 B16<\/td>\r\n<\/tr>\r\n<tr>\r\n<td>7<\/td>\r\n<td>Porca do castelo<\/td>\r\n<td>ASTM A1944<\/td>\r\n<\/tr>\r\n<tr>\r\n<td>8<\/td>\r\n<td>Bon\u00e9<\/td>\r\n<td>ASTM A217 WC6<\/td>\r\n<\/tr>\r\n<tr>\r\n<td>9<\/td>\r\n<td>Banco traseiro<\/td>\r\n<td>ASTM A182 F6a<\/td>\r\n<\/tr>\r\n<tr>\r\n<td>10<\/td>\r\n<td>Enchimento da haste<\/td>\r\n<td>Grafite refor\u00e7ada<\/td>\r\n<\/tr>\r\n<tr>\r\n<td>11<\/td>\r\n<td>Volante<\/td>\r\n<td>KTH330-08<\/td>\r\n<\/tr>\r\n<\/tbody>\r\n<\/table>\r\n<\/figure>","protected":false},"excerpt":{"rendered":"<p>As v\u00e1lvulas gaveta de 2 polegadas s\u00e3o v\u00e1lvulas de corte bidirecionais multifuncionais para aplica\u00e7\u00f5es comerciais e industriais. O que \u00e9 uma v\u00e1lvula gaveta de 2 polegadas? ZECO\u2026 <a title=\"V\u00e1lvula de gaveta de 2 polegadas\" class=\"read-more\" href=\"https:\/\/zecovalve.com\/pt\/produto\/2-inch-gate-valve\" aria-label=\"Mais em V\u00e1lvula gaveta de 2 polegadas\">Ler mais<\/a><\/p>","protected":false},"featured_media":27888,"comment_status":"closed","ping_status":"closed","template":"","meta":{"_generate-full-width-content":"","kt_blocks_editor_width":""},"product_cat":[2052,2458],"product_tag":[],"class_list":["post-16395","product","type-product","status-publish","has-post-thumbnail","hentry","product_cat-gate-valve","product_cat-gate-valve-by-inch","sales-flash-overlay","woocommerce-text-align-center","woocommerce-image-align-center","do-quantity-buttons"],"featured_image_src_large":["https:\/\/zecovalve.com\/wp-content\/uploads\/2022\/06\/2-inch-Gate-Valve-1.jpg",800,600,false],"author_info":[],"comment_info":0,"taxonomy_info":{"product_cat":[{"value":2052,"label":"Gate Valve"},{"value":2458,"label":"Gate Valve By Inch"}]},"yoast_head":"<!-- This site is optimized with the Yoast SEO Premium plugin v15.4 - https:\/\/yoast.com\/wordpress\/plugins\/seo\/ -->\n<title>Gate Valve 2 Inch - Competitive 2 Inch Gate Valve Price | ZECO Valve<\/title>\n<meta name=\"robots\" content=\"index, follow, max-snippet:-1, max-image-preview:large, max-video-preview:-1\" \/>\n<link rel=\"canonical\" href=\"https:\/\/zecovalve.com\/pt\/produto\/2-inch-gate-valve\" \/>\n<meta property=\"og:locale\" content=\"pt_PT\" \/>\n<meta property=\"og:type\" content=\"article\" \/>\n<meta property=\"og:title\" content=\"Gate Valve 2 Inch - Competitive 2 Inch Gate Valve Price | ZECO Valve\" \/>\n<meta property=\"og:description\" content=\"2 inch Gate valves are multi-purpose bi-directional shutoff valves for commercial and industrial applications. What is a Gate Valve 2 inch? ZECO ... Ler mais\" \/>\n<meta property=\"og:url\" content=\"https:\/\/zecovalve.com\/pt\/produto\/2-inch-gate-valve\" \/>\n<meta property=\"og:site_name\" content=\"ZECO Valve\" \/>\n<meta property=\"article:modified_time\" content=\"2023-06-15T12:52:54+00:00\" \/>\n<meta property=\"og:image\" content=\"https:\/\/zecovalve.com\/wp-content\/uploads\/2022\/06\/2-inch-Gate-Valve-1.jpg\" \/>\n\t<meta property=\"og:image:width\" content=\"800\" \/>\n\t<meta property=\"og:image:height\" content=\"600\" \/>\n<meta name=\"twitter:card\" content=\"summary_large_image\" \/>\n<meta name=\"twitter:label1\" content=\"Escrito por\">\n\t<meta name=\"twitter:data1\" content=\"Jerry\">\n\t<meta name=\"twitter:label2\" content=\"Tempo estimado de leitura\">\n\t<meta name=\"twitter:data2\" content=\"2 minutos\">\n<script type=\"application\/ld+json\" class=\"yoast-schema-graph\">{\"@context\":\"https:\/\/schema.org\",\"@graph\":[{\"@type\":\"WebSite\",\"@id\":\"https:\/\/zecovalve.com\/#website\",\"url\":\"https:\/\/zecovalve.com\/\",\"name\":\"ZECO Valve\",\"description\":\"Industrial Ball Valve, Gate Valve and Globe Valve Manufacturer\",\"potentialAction\":[{\"@type\":\"SearchAction\",\"target\":\"https:\/\/zecovalve.com\/?s={search_term_string}\",\"query-input\":\"required name=search_term_string\"}],\"inLanguage\":\"pt-PT\"},{\"@type\":\"ImageObject\",\"@id\":\"https:\/\/zecovalve.com\/product\/2-inch-gate-valve#primaryimage\",\"inLanguage\":\"pt-PT\",\"url\":\"https:\/\/zecovalve.com\/wp-content\/uploads\/2022\/06\/2-inch-Gate-Valve-1.jpg\",\"width\":800,\"height\":600,\"caption\":\"2 inch Gate Valve\"},{\"@type\":\"WebPage\",\"@id\":\"https:\/\/zecovalve.com\/product\/2-inch-gate-valve#webpage\",\"url\":\"https:\/\/zecovalve.com\/product\/2-inch-gate-valve\",\"name\":\"Gate Valve 2 Inch - Competitive 2 Inch Gate Valve Price | ZECO Valve\",\"isPartOf\":{\"@id\":\"https:\/\/zecovalve.com\/#website\"},\"primaryImageOfPage\":{\"@id\":\"https:\/\/zecovalve.com\/product\/2-inch-gate-valve#primaryimage\"},\"datePublished\":\"2022-06-21T04:07:01+00:00\",\"dateModified\":\"2023-06-15T12:52:54+00:00\",\"breadcrumb\":{\"@id\":\"https:\/\/zecovalve.com\/product\/2-inch-gate-valve#breadcrumb\"},\"inLanguage\":\"pt-PT\",\"potentialAction\":[{\"@type\":\"ReadAction\",\"target\":[\"https:\/\/zecovalve.com\/product\/2-inch-gate-valve\"]}]},{\"@type\":\"BreadcrumbList\",\"@id\":\"https:\/\/zecovalve.com\/product\/2-inch-gate-valve#breadcrumb\",\"itemListElement\":[{\"@type\":\"ListItem\",\"position\":1,\"item\":{\"@type\":\"WebPage\",\"@id\":\"https:\/\/zecovalve.com\/\",\"url\":\"https:\/\/zecovalve.com\/\",\"name\":\"Home\"}},{\"@type\":\"ListItem\",\"position\":2,\"item\":{\"@type\":\"WebPage\",\"@id\":\"https:\/\/zecovalve.com\/product-category\",\"url\":\"https:\/\/zecovalve.com\/product-category\",\"name\":\"Industrial Valve Manufacturer | Water Valve Manufacturer\"}},{\"@type\":\"ListItem\",\"position\":3,\"item\":{\"@type\":\"WebPage\",\"@id\":\"https:\/\/zecovalve.com\/product\/2-inch-gate-valve\",\"url\":\"https:\/\/zecovalve.com\/product\/2-inch-gate-valve\",\"name\":\"2 inch Gate Valve\"}}]}]}<\/script>\n<!-- \/ Yoast SEO Premium plugin. -->","_links":{"self":[{"href":"https:\/\/zecovalve.com\/pt\/wp-json\/wp\/v2\/product\/16395","targetHints":{"allow":["GET"]}}],"collection":[{"href":"https:\/\/zecovalve.com\/pt\/wp-json\/wp\/v2\/product"}],"about":[{"href":"https:\/\/zecovalve.com\/pt\/wp-json\/wp\/v2\/types\/product"}],"replies":[{"embeddable":true,"href":"https:\/\/zecovalve.com\/pt\/wp-json\/wp\/v2\/comments?post=16395"}],"wp:featuredmedia":[{"embeddable":true,"href":"https:\/\/zecovalve.com\/pt\/wp-json\/wp\/v2\/media\/27888"}],"wp:attachment":[{"href":"https:\/\/zecovalve.com\/pt\/wp-json\/wp\/v2\/media?parent=16395"}],"wp:term":[{"taxonomy":"product_cat","embeddable":true,"href":"https:\/\/zecovalve.com\/pt\/wp-json\/wp\/v2\/product_cat?post=16395"},{"taxonomy":"product_tag","embeddable":true,"href":"https:\/\/zecovalve.com\/pt\/wp-json\/wp\/v2\/product_tag?post=16395"}],"curies":[{"name":"wp","href":"https:\/\/api.w.org\/{rel}","templated":true}]}}