{"id":16397,"date":"2022-06-21T04:44:32","date_gmt":"2022-06-21T04:44:32","guid":{"rendered":"https:\/\/zecovalve.com\/?post_type=product&#038;p=16397"},"modified":"2023-06-15T12:53:16","modified_gmt":"2023-06-15T12:53:16","slug":"56-inch-gate-valve","status":"publish","type":"product","link":"https:\/\/zecovalve.com\/pt\/produto\/56-inch-gate-valve","title":{"rendered":"V\u00e1lvula de gaveta grande"},"content":{"rendered":"<p>Temos o compromisso de oferecer uma taxa competitiva, mercadorias excelentes de boa qualidade e entrega r\u00e1pida para v\u00e1lvula gaveta de 36 polegadas e v\u00e1lvulas gaveta de 30 polegadas, v\u00e1lvula de reten\u00e7\u00e3o oscilante wafer e v\u00e1lvula esfera munh\u00e3o, v\u00e1lvula borboleta wafer e v\u00e1lvula de placa dupla . Faremos o poss\u00edvel para manter nossa grande reputa\u00e7\u00e3o como o melhor fornecedor de produtos do mundo. Se voc\u00ea tiver alguma d\u00favida ou coment\u00e1rio, entre em contato conosco livremente. O produto ser\u00e1 fornecido para todo o mundo, como Europa, Am\u00e9rica, Austr\u00e1lia, Indon\u00e9sia, Holanda, Canc\u00fan e Jacarta. Forneceremos produtos muito melhores com designs diversificados e servi\u00e7os especializados. Sinceramente, damos as boas-vindas a amigos de todo o mundo para visitar nossa empresa e cooperar conosco com base em benef\u00edcios m\u00fatuos e de longo prazo.<\/p>\r\n\r\n\r\n<div class=\"gb-button-wrapper gb-button-wrapper-6d8495a3\">\r\n\r\n\r\n<p><a class=\"gb-button gb-button-3d442e11 gb-button-text\" href=\"https:\/\/zecovalve.com\/pt\/contact\/\" target=\"_blank\" rel=\"noopener noreferrer\"><strong>OBTENHA V\u00c1LVULA DE GATE DE 30 POLEGADAS E PRE\u00c7O DA V\u00c1LVULA DE GATE DE 36 POLEGADAS<\/strong><\/a><\/p>\r\n<\/div>\r\n\r\n\r\n\r\n\r\n<h2 class=\"wp-block-heading\" id=\"h-description-of-30-inch-gate-valve-36-inch-gate-valve\">Descri\u00e7\u00e3o da v\u00e1lvula gaveta de 30 polegadas e v\u00e1lvula gaveta de 36 polegadas<\/h2>\r\n\r\n\r\n\r\n<p>A ZECO pode produzir o maior tamanho de v\u00e1lvula gaveta de 30 e 36 polegadas, no entanto, tamb\u00e9m tem um hist\u00f3rico de v\u00e1lvulas gaveta, quando o projeto do campo de petr\u00f3leo de Kelamayi precisa de uma comporta, na China, existem moldes de v\u00e1lvula gaveta de 30 e 36 polegadas que tinham muito poucos, mas ZECO com coragem e for\u00e7a seguindo a lista, com tecnologia ZECO com <a href=\"https:\/\/zecovalve.com\/pt\/\" data-internallinksmanager029f6b8e52c=\"9\" title=\"fabricante de v\u00e1lvulas industriais\" target=\"_blank\" rel=\"noopener\">V\u00e1lvula chinesa<\/a> o consultor t\u00e9cnico geral da associa\u00e7\u00e3o est\u00e1 no mesmo ano o relacionamento entre os outros disc\u00edpulos, duas pessoas dia e noite para discutir pesquisas pr\u00f3ximas uma da outra por um m\u00eas, finalmente para finalizar o projeto o desenho e acompanhamento da v\u00e1lvula gaveta de 30 e 36 polegadas processos de desenvolvimento e produ\u00e7\u00e3o de moldes e, eventualmente, entrega completa. A ZECO tem capacidade e for\u00e7a para completar v\u00e1lvulas gaveta de tamanho maior para atender \u00e0s necessidades de usu\u00e1rios em todo o mundo. Se voc\u00ea tiver requisitos especiais personalizados, n\u00e3o hesite em nos contatar.<\/p>\r\n\r\n\r\n<div class=\"wp-block-image\">\r\n<figure class=\"aligncenter size-large is-resized\"><img loading=\"lazy\" decoding=\"async\" class=\"wp-image-26860\" src=\"https:\/\/zecovalve.com\/wp-content\/uploads\/2022\/08\/1267-P17-542x1024.jpg\" alt=\"\" width=\"271\" height=\"512\" srcset=\"https:\/\/zecovalve.com\/wp-content\/uploads\/2022\/08\/1267-P17-542x1024.jpg 542w, https:\/\/zecovalve.com\/wp-content\/uploads\/2022\/08\/1267-P17-159x300.jpg 159w, https:\/\/zecovalve.com\/wp-content\/uploads\/2022\/08\/1267-P17-768x1451.jpg 768w, https:\/\/zecovalve.com\/wp-content\/uploads\/2022\/08\/1267-P17-813x1536.jpg 813w, https:\/\/zecovalve.com\/wp-content\/uploads\/2022\/08\/1267-P17-1084x2048.jpg 1084w, https:\/\/zecovalve.com\/wp-content\/uploads\/2022\/08\/1267-P17-600x1134.jpg 600w, https:\/\/zecovalve.com\/wp-content\/uploads\/2022\/08\/1267-P17-scaled.jpg 1355w\" sizes=\"auto, (max-width: 271px) 100vw, 271px\" \/><\/figure>\r\n<\/div>\r\n\r\n\r\n<h2 class=\"wp-block-heading\">Padr\u00f5es de v\u00e1lvula gaveta de 30 polegadas e v\u00e1lvula gaveta de 36 polegadas<\/h2>\r\n\r\n\r\n\r\n<figure class=\"wp-block-table is-style-stripes\">\r\n<table>\r\n<tbody>\r\n<tr>\r\n<td>Norma de conce\u00e7\u00e3o<\/td>\r\n<td>API 6D, ASME B12634<\/td>\r\n<\/tr>\r\n<tr>\r\n<td>Cara a cara<\/td>\r\n<td>ASTM B16.10, API 6D<\/td>\r\n<\/tr>\r\n<tr>\r\n<td>Dimens\u00f5es do flange final<\/td>\r\n<td>ASME B16.5, MSS SP44<\/td>\r\n<\/tr>\r\n<tr>\r\n<td>Inspe\u00e7\u00e3o e Teste<\/td>\r\n<td>API 598, API 6D<\/td>\r\n<\/tr>\r\n<\/tbody>\r\n<\/table>\r\n<\/figure>\r\n\r\n\r\n\r\n<h2 class=\"wp-block-heading\" id=\"h-features-of-30-inch-gate-valve-36-inch-gate-valve\">Caracter\u00edsticas da v\u00e1lvula gaveta de 30 polegadas e v\u00e1lvula gaveta de 36 polegadas<\/h2>\r\n\r\n\r\n\r\n<ul class=\"wp-block-list\">\r\n<li>Tamanhos - 30 \u2033 e 36 \u2033<\/li>\r\n<li>As extremidades do flange est\u00e3o em conformidade com ASME B16.10<\/li>\r\n<li>Assento paralelo de disco duplo com mecanismo de cunha de quatro pontos<\/li>\r\n<li>Haste n\u00e3o ascendente (NRS) e (parafuso externo e garfo) OS&amp;Y<\/li>\r\n<li>Porca de chave quadrada de 2\u201d \u2013 aberta \u00e0 esquerda ou aberta \u00e0 direita<\/li>\r\n<li>Press\u00e3o m\u00e1xima de trabalho de 150 PSIG (1000 kPa\/10 barg); Press\u00e3o de teste de 300 PSIG (2100 kPa\/21 barg)<\/li>\r\n<li>Projetado para aplica\u00e7\u00f5es de \u00e1gua pot\u00e1vel<\/li>\r\n<\/ul>\r\n\r\n\r\n\r\n<h2 class=\"wp-block-heading\" id=\"h-material-of-30-inch-gate-valve-36-inch-gate-valve\">Material da v\u00e1lvula gaveta de 30 polegadas e v\u00e1lvula gaveta de 36 polegadas<\/h2>\r\n\r\n\r\n\r\n<figure class=\"wp-block-table\">\r\n<table>\r\n<tbody>\r\n<tr>\r\n<td>N\u00e3o<\/td>\r\n<td>Parte<\/td>\r\n<td>Material<\/td>\r\n<\/tr>\r\n<tr>\r\n<td>1<\/td>\r\n<td>Corpo<\/td>\r\n<td>ASTM A216 WCB<\/td>\r\n<\/tr>\r\n<tr>\r\n<td>2<\/td>\r\n<td>Anel de assento<\/td>\r\n<td>ASTM A105 + STL<\/td>\r\n<\/tr>\r\n<tr>\r\n<td>3<\/td>\r\n<td>Cunha<\/td>\r\n<td>ASTM A216 WCB+STL<\/td>\r\n<\/tr>\r\n<tr>\r\n<td>4<\/td>\r\n<td>Caule<\/td>\r\n<td>ASTM A276 410<\/td>\r\n<\/tr>\r\n<tr>\r\n<td>5<\/td>\r\n<td>Junta da tampa do compartimento<\/td>\r\n<td>Grafite + SS304<\/td>\r\n<\/tr>\r\n<tr>\r\n<td>6<\/td>\r\n<td>Parafuso do castelo<\/td>\r\n<td>ASTM A193 B7<\/td>\r\n<\/tr>\r\n<tr>\r\n<td>7<\/td>\r\n<td>Porca do castelo<\/td>\r\n<td>ASTM A194 2H<\/td>\r\n<\/tr>\r\n<tr>\r\n<td>8<\/td>\r\n<td>Bon\u00e9<\/td>\r\n<td>ASTM A216 WCB<\/td>\r\n<\/tr>\r\n<tr>\r\n<td>9<\/td>\r\n<td>Banco traseiro<\/td>\r\n<td>ASTM A182 F6a<\/td>\r\n<\/tr>\r\n<tr>\r\n<td>10<\/td>\r\n<td>Enchimento da haste<\/td>\r\n<td>Grafite refor\u00e7ada<\/td>\r\n<\/tr>\r\n<tr>\r\n<td>11<\/td>\r\n<td>Atuador de engrenagem<\/td>\r\n<td>KTH330-08<\/td>\r\n<\/tr>\r\n<\/tbody>\r\n<\/table>\r\n<\/figure>\r\n<p>A ZECO Valve tamb\u00e9m fabrica v\u00e1lvulas de gaveta pequenas, como v\u00e1lvulas de gaveta de 2 polegadas e v\u00e1lvulas de gaveta de 1 polegada. Se voc\u00ea precisar do pre\u00e7o da v\u00e1lvula de gaveta de 1 polegada, tamb\u00e9m pode entrar em contato conosco.<\/p>","protected":false},"excerpt":{"rendered":"<p>Temos o compromisso de oferecer uma taxa competitiva, mercadorias excelentes de boa qualidade e tamb\u00e9m uma entrega r\u00e1pida para v\u00e1lvula gaveta de 36 polegadas\u2026 <a title=\"V\u00e1lvula de gaveta grande\" class=\"read-more\" href=\"https:\/\/zecovalve.com\/pt\/produto\/56-inch-gate-valve\" aria-label=\"Mais em V\u00e1lvula de gaveta grande\">Ler mais<\/a><\/p>","protected":false},"featured_media":27889,"comment_status":"closed","ping_status":"closed","template":"","meta":{"_generate-full-width-content":"","kt_blocks_editor_width":""},"product_cat":[2052,2458,2454],"product_tag":[],"class_list":["post-16397","product","type-product","status-publish","has-post-thumbnail","hentry","product_cat-gate-valve","product_cat-gate-valve-by-inch","product_cat-gate-valve-by-material","sales-flash-overlay","woocommerce-text-align-center","woocommerce-image-align-center","do-quantity-buttons"],"featured_image_src_large":["https:\/\/zecovalve.com\/wp-content\/uploads\/2022\/06\/Large-Gate-Valve.jpg",800,600,false],"author_info":[],"comment_info":0,"taxonomy_info":{"product_cat":[{"value":2052,"label":"Gate Valve"},{"value":2458,"label":"Gate Valve By Inch"},{"value":2454,"label":"Gate Valve By Material"}]},"yoast_head":"<!-- This site is optimized with the Yoast SEO Premium plugin v15.4 - https:\/\/yoast.com\/wordpress\/plugins\/seo\/ -->\n<title>Large Gate Valve - 30 Inch Gate Valve &amp; 36 Inch Gate Valve | ZECO Valve<\/title>\n<meta name=\"robots\" content=\"index, follow, max-snippet:-1, max-image-preview:large, max-video-preview:-1\" \/>\n<link rel=\"canonical\" href=\"https:\/\/zecovalve.com\/pt\/produto\/56-inch-gate-valve\" \/>\n<meta property=\"og:locale\" content=\"pt_PT\" \/>\n<meta property=\"og:type\" content=\"article\" \/>\n<meta property=\"og:title\" content=\"Large Gate Valve - 30 Inch Gate Valve &amp; 36 Inch Gate Valve | ZECO Valve\" \/>\n<meta property=\"og:description\" content=\"We&#8217;ve been committed to offering a competitive rate, outstanding merchandise of good quality, too as fast delivery for 36 Inch Gate Valve ... Ler mais\" \/>\n<meta property=\"og:url\" content=\"https:\/\/zecovalve.com\/pt\/produto\/56-inch-gate-valve\" \/>\n<meta property=\"og:site_name\" content=\"ZECO Valve\" \/>\n<meta property=\"article:modified_time\" content=\"2023-06-15T12:53:16+00:00\" \/>\n<meta property=\"og:image\" content=\"https:\/\/zecovalve.com\/wp-content\/uploads\/2022\/06\/Large-Gate-Valve.jpg\" \/>\n\t<meta property=\"og:image:width\" content=\"800\" \/>\n\t<meta property=\"og:image:height\" content=\"600\" \/>\n<meta name=\"twitter:card\" content=\"summary_large_image\" \/>\n<meta name=\"twitter:label1\" content=\"Escrito por\">\n\t<meta name=\"twitter:data1\" content=\"Jerry\">\n\t<meta name=\"twitter:label2\" content=\"Tempo estimado de leitura\">\n\t<meta name=\"twitter:data2\" content=\"2 minutos\">\n<script type=\"application\/ld+json\" class=\"yoast-schema-graph\">{\"@context\":\"https:\/\/schema.org\",\"@graph\":[{\"@type\":\"WebSite\",\"@id\":\"https:\/\/zecovalve.com\/#website\",\"url\":\"https:\/\/zecovalve.com\/\",\"name\":\"ZECO Valve\",\"description\":\"Industrial Ball Valve, Gate Valve and Globe Valve Manufacturer\",\"potentialAction\":[{\"@type\":\"SearchAction\",\"target\":\"https:\/\/zecovalve.com\/?s={search_term_string}\",\"query-input\":\"required name=search_term_string\"}],\"inLanguage\":\"pt-PT\"},{\"@type\":\"ImageObject\",\"@id\":\"https:\/\/zecovalve.com\/product\/56-inch-gate-valve#primaryimage\",\"inLanguage\":\"pt-PT\",\"url\":\"https:\/\/zecovalve.com\/wp-content\/uploads\/2022\/06\/Large-Gate-Valve.jpg\",\"width\":800,\"height\":600,\"caption\":\"Large Gate Valve\"},{\"@type\":\"WebPage\",\"@id\":\"https:\/\/zecovalve.com\/product\/56-inch-gate-valve#webpage\",\"url\":\"https:\/\/zecovalve.com\/product\/56-inch-gate-valve\",\"name\":\"Large Gate Valve - 30 Inch Gate Valve & 36 Inch Gate Valve | ZECO Valve\",\"isPartOf\":{\"@id\":\"https:\/\/zecovalve.com\/#website\"},\"primaryImageOfPage\":{\"@id\":\"https:\/\/zecovalve.com\/product\/56-inch-gate-valve#primaryimage\"},\"datePublished\":\"2022-06-21T04:44:32+00:00\",\"dateModified\":\"2023-06-15T12:53:16+00:00\",\"breadcrumb\":{\"@id\":\"https:\/\/zecovalve.com\/product\/56-inch-gate-valve#breadcrumb\"},\"inLanguage\":\"pt-PT\",\"potentialAction\":[{\"@type\":\"ReadAction\",\"target\":[\"https:\/\/zecovalve.com\/product\/56-inch-gate-valve\"]}]},{\"@type\":\"BreadcrumbList\",\"@id\":\"https:\/\/zecovalve.com\/product\/56-inch-gate-valve#breadcrumb\",\"itemListElement\":[{\"@type\":\"ListItem\",\"position\":1,\"item\":{\"@type\":\"WebPage\",\"@id\":\"https:\/\/zecovalve.com\/\",\"url\":\"https:\/\/zecovalve.com\/\",\"name\":\"Home\"}},{\"@type\":\"ListItem\",\"position\":2,\"item\":{\"@type\":\"WebPage\",\"@id\":\"https:\/\/zecovalve.com\/product-category\",\"url\":\"https:\/\/zecovalve.com\/product-category\",\"name\":\"Industrial Valve Manufacturer | Water Valve Manufacturer\"}},{\"@type\":\"ListItem\",\"position\":3,\"item\":{\"@type\":\"WebPage\",\"@id\":\"https:\/\/zecovalve.com\/product\/56-inch-gate-valve\",\"url\":\"https:\/\/zecovalve.com\/product\/56-inch-gate-valve\",\"name\":\"Large Gate Valve\"}}]}]}<\/script>\n<!-- \/ Yoast SEO Premium plugin. -->","_links":{"self":[{"href":"https:\/\/zecovalve.com\/pt\/wp-json\/wp\/v2\/product\/16397","targetHints":{"allow":["GET"]}}],"collection":[{"href":"https:\/\/zecovalve.com\/pt\/wp-json\/wp\/v2\/product"}],"about":[{"href":"https:\/\/zecovalve.com\/pt\/wp-json\/wp\/v2\/types\/product"}],"replies":[{"embeddable":true,"href":"https:\/\/zecovalve.com\/pt\/wp-json\/wp\/v2\/comments?post=16397"}],"wp:featuredmedia":[{"embeddable":true,"href":"https:\/\/zecovalve.com\/pt\/wp-json\/wp\/v2\/media\/27889"}],"wp:attachment":[{"href":"https:\/\/zecovalve.com\/pt\/wp-json\/wp\/v2\/media?parent=16397"}],"wp:term":[{"taxonomy":"product_cat","embeddable":true,"href":"https:\/\/zecovalve.com\/pt\/wp-json\/wp\/v2\/product_cat?post=16397"},{"taxonomy":"product_tag","embeddable":true,"href":"https:\/\/zecovalve.com\/pt\/wp-json\/wp\/v2\/product_tag?post=16397"}],"curies":[{"name":"wp","href":"https:\/\/api.w.org\/{rel}","templated":true}]}}