{"id":16415,"date":"2022-06-21T04:57:53","date_gmt":"2022-06-21T04:57:53","guid":{"rendered":"https:\/\/zecovalve.com\/?post_type=product&#038;p=16415"},"modified":"2022-06-28T03:25:31","modified_gmt":"2022-06-28T03:25:31","slug":"manual-butterfly-valve","status":"publish","type":"product","link":"https:\/\/zecovalve.com\/pt\/produto\/manual-butterfly-valve","title":{"rendered":"V\u00e1lvula Borboleta Manual"},"content":{"rendered":"<h1 class=\"sep-title\">V\u00e1lvula Borboleta Manual<\/h1>\n<div class=\"sep-box-detail clearfix\">\n<div class=\"box-lf\">\n<div class=\"thumb\">\n<figure id=\"attachment_16416\" aria-describedby=\"caption-attachment-16416\" style=\"width: 290px\" class=\"wp-caption alignnone\"><img loading=\"lazy\" decoding=\"async\" class=\"size-medium wp-image-16416\" src=\"https:\/\/zecovalve.com\/wp-content\/uploads\/2022\/06\/manual-butterfly-valve-300x225.jpg\" alt=\"V\u00e1lvula Borboleta Manual\" width=\"300\" height=\"225\" srcset=\"https:\/\/zecovalve.com\/wp-content\/uploads\/2022\/06\/manual-butterfly-valve-300x225.jpg 300w, https:\/\/zecovalve.com\/wp-content\/uploads\/2022\/06\/manual-butterfly-valve-768x576.jpg 768w, https:\/\/zecovalve.com\/wp-content\/uploads\/2022\/06\/manual-butterfly-valve-600x450.jpg 600w, https:\/\/zecovalve.com\/wp-content\/uploads\/2022\/06\/manual-butterfly-valve.jpg 800w\" sizes=\"auto, (max-width: 300px) 100vw, 300px\" \/><figcaption id=\"caption-attachment-16416\" class=\"wp-caption-text\">V\u00e1lvula Borboleta Manual<\/figcaption><\/figure>\n<\/div>\n<div class=\"info\"><a href=\"https:\/\/zecovalve.com\/pt\/products\/manual-butterfly-valve.html\/#form\"><i class=\"fa fa-commenting-o\" aria-hidden=\"true\"><\/i>\u00a0OBTER PRE\u00c7O DA V\u00c1LVULA<\/a><\/div>\n<\/div>\n<div class=\"box-rt\">\n<div class=\"gg\">\n<div class=\"swiper-container swiper-container-initialized swiper-container-vertical\">\n<div class=\"swiper-wrapper\"><\/div>\n<\/div>\n<\/div>\n<\/div>\n<\/div>\n<div class=\"richtext\">\n<h2>Descri\u00e7\u00e3o da v\u00e1lvula borboleta manual:<\/h2>\n<p>A v\u00e1lvula borboleta ZECO tem o nome da opera\u00e7\u00e3o manual e \u00e9 nomeada de acordo com a opera\u00e7\u00e3o manual; A v\u00e1lvula borboleta operada manualmente pode ser manuseada por al\u00e7a ou operada por engrenagem. A v\u00e1lvula borboleta operada por manivela \u00e9 geralmente usada para v\u00e1lvulas borboleta de pequeno di\u00e2metro. Devido ao baixo torque de abertura, os operadores podem usar a al\u00e7a. Quanto \u00e0 v\u00e1lvula borboleta de grande porte, \u00e9 dif\u00edcil para o operador abri-la, mesmo que tenha um grande torque de abertura. Portanto, a opera\u00e7\u00e3o por engrenagem \u00e9 adotada. A opera\u00e7\u00e3o por engrenagem reduz a for\u00e7a de abertura a um n\u00edvel muito baixo atrav\u00e9s de engrenagens de v\u00e1rios est\u00e1gios.<\/p>\n<p>&nbsp;<\/p>\n<h2>Caracter\u00edsticas da v\u00e1lvula borboleta manual:<\/h2>\n<p>1. A v\u00e1lvula borboleta manual ZECO no processo de projeto, especialmente considerada na v\u00e1lvula borboleta ajustando a aplica\u00e7\u00e3o deste problema, faz pleno uso do princ\u00edpio de veda\u00e7\u00e3o da v\u00e1lvula borboleta exc\u00eantrica tripla, abriu o \u00e2ngulo do processo de projeto sem a \u00e1rea faltante, eliminando assim os problemas, n\u00e3o \u00e9 poss\u00edvel ajustar a aplica\u00e7\u00e3o do ajustamento regional, mais descartou o caso de baixa abertura, n\u00e3o \u00e9 poss\u00edvel ajustar o fen\u00f3meno normal devido ao atrito;<\/p>\n<p>2. O projeto da v\u00e1lvula borboleta manual ZECO exige faixas mais amplas de temperatura e press\u00e3o, que a v\u00e1lvula borboleta de sede resiliente convencional n\u00e3o pode atender, isso levou ao desenvolvimento de v\u00e1lvula borboleta de alto desempenho ou v\u00e1lvula borboleta de deslocamento triplo;<\/p>\n<p>3. O eixo da v\u00e1lvula borboleta manual ZECO \u00e9 totalmente guiado pelo rolamento do eixo e pelo seguidor da sobreposta para evitar qualquer carga lateral devido ao impulso de press\u00e3o da linha;<\/p>\n<p>4. O anel de veda\u00e7\u00e3o da v\u00e1lvula borboleta manual ZECO foi projetado para ser substitu\u00eddo, no processo de uso a longo prazo, as superf\u00edcies de veda\u00e7\u00e3o da sede e do tamp\u00e3o inevitavelmente danificam e afetam a superf\u00edcie de veda\u00e7\u00e3o, e a necessidade de manter esses problemas, a abordagem usual \u00e9 remover a v\u00e1lvula para substituir toda a v\u00e1lvula, opera\u00e7\u00f5es que custam muito dinheiro para comprar a substitui\u00e7\u00e3o de manuten\u00e7\u00e3o com a v\u00e1lvula e esperar por um longo processo de entrega da v\u00e1lvula. O design substitu\u00edvel da sede da v\u00e1lvula e do anel de veda\u00e7\u00e3o da ZECO pode ser diretamente reparado no local quando a v\u00e1lvula precisa de manuten\u00e7\u00e3o, economizando tempo e dinheiro.<\/p>\n<p>&nbsp;<\/p>\n<h2>Material da v\u00e1lvula borboleta manual:<\/h2>\n<table>\n<tbody>\n<tr class=\"firstRow\">\n<td valign=\"center\">N\u00e3o<\/td>\n<td valign=\"center\">Parte<\/td>\n<td valign=\"center\">Material<\/td>\n<\/tr>\n<tr>\n<td valign=\"center\">1<\/td>\n<td valign=\"center\">Corpo<\/td>\n<td valign=\"center\">ASTM A351 CF8M<\/td>\n<\/tr>\n<tr>\n<td valign=\"center\">2<\/td>\n<td valign=\"center\">Anel de veda\u00e7\u00e3o<\/td>\n<td valign=\"center\">Grafite + SS316<\/td>\n<\/tr>\n<tr>\n<td valign=\"center\">3<\/td>\n<td valign=\"center\">Flange de reten\u00e7\u00e3o<\/td>\n<td valign=\"center\">ASTM A182 F316<\/td>\n<\/tr>\n<tr>\n<td valign=\"center\">4<\/td>\n<td valign=\"center\">Pino<\/td>\n<td valign=\"center\">ASTM A276 316<\/td>\n<\/tr>\n<tr>\n<td valign=\"center\">5<\/td>\n<td valign=\"center\">Disco<\/td>\n<td valign=\"center\">ASTM A351 CF8M<\/td>\n<\/tr>\n<tr>\n<td valign=\"center\">6<\/td>\n<td valign=\"center\">Caule<\/td>\n<td valign=\"center\">ASTM A276 316<\/td>\n<\/tr>\n<tr>\n<td valign=\"center\">7<\/td>\n<td valign=\"center\">Enchimento da haste<\/td>\n<td valign=\"center\">Grafite<\/td>\n<\/tr>\n<tr>\n<td valign=\"center\">8<\/td>\n<td valign=\"center\">Batimento do tronco<\/td>\n<td valign=\"center\">SS316 +PTFE<\/td>\n<\/tr>\n<tr>\n<td valign=\"center\">9<\/td>\n<td valign=\"center\">Parafuso<\/td>\n<td valign=\"center\">ASTM A193 B8<\/td>\n<\/tr>\n<tr>\n<td valign=\"center\">10<\/td>\n<td valign=\"center\">Porca<\/td>\n<td valign=\"center\">ASTM A194 8<\/td>\n<\/tr>\n<tr>\n<td valign=\"center\">11<\/td>\n<td valign=\"center\">Jugo<\/td>\n<td valign=\"center\">ASTM A216 WCB<\/td>\n<\/tr>\n<\/tbody>\n<\/table>\n<\/div>","protected":false},"excerpt":{"rendered":"<p>V\u00e1lvula borboleta manual OBTER PRE\u00c7O DA V\u00c1LVULA Descri\u00e7\u00e3o da v\u00e1lvula borboleta manual: A v\u00e1lvula borboleta ZECO tem o nome da opera\u00e7\u00e3o manual e\u2026 <a title=\"V\u00e1lvula Borboleta Manual\" class=\"read-more\" href=\"https:\/\/zecovalve.com\/pt\/produto\/manual-butterfly-valve\" aria-label=\"Mais em V\u00e1lvula Borboleta Manual\">Ler mais<\/a><\/p>","protected":false},"featured_media":16416,"comment_status":"closed","ping_status":"closed","template":"","meta":{"_generate-full-width-content":"","kt_blocks_editor_width":""},"product_cat":[2044,2468,2604],"product_tag":[],"class_list":["post-16415","product","type-product","status-publish","has-post-thumbnail","hentry","product_cat-butterfly-valve","product_cat-butterfly-valve-by-drive-mode","product_cat-triple-offset-butterfly-valve","sales-flash-overlay","woocommerce-text-align-center","woocommerce-image-align-center","do-quantity-buttons"],"featured_image_src_large":["https:\/\/zecovalve.com\/wp-content\/uploads\/2022\/06\/manual-butterfly-valve.jpg",800,600,false],"author_info":[],"comment_info":0,"taxonomy_info":{"product_cat":[{"value":2044,"label":"Butterfly Valve"},{"value":2468,"label":"Butterfly Valve By Drive Mode"},{"value":2604,"label":"Triple Offset Butterfly Valve"}]},"yoast_head":"<!-- This site is optimized with the Yoast SEO Premium plugin v15.4 - https:\/\/yoast.com\/wordpress\/plugins\/seo\/ -->\n<title>Manual Butterfly Valve - ZECO Valve<\/title>\n<meta name=\"robots\" content=\"index, follow, max-snippet:-1, max-image-preview:large, max-video-preview:-1\" \/>\n<link rel=\"canonical\" href=\"https:\/\/zecovalve.com\/pt\/produto\/manual-butterfly-valve\" \/>\n<meta property=\"og:locale\" content=\"pt_PT\" \/>\n<meta property=\"og:type\" content=\"article\" \/>\n<meta property=\"og:title\" content=\"Manual Butterfly Valve - ZECO Valve\" \/>\n<meta property=\"og:description\" content=\"Manual Butterfly Valve \u00a0GET VALVE PRICE Description of Manual Butterfly Valve: The ZECO butterfly valve is named after the manual operation and ... Ler mais\" \/>\n<meta property=\"og:url\" content=\"https:\/\/zecovalve.com\/pt\/produto\/manual-butterfly-valve\" \/>\n<meta property=\"og:site_name\" content=\"ZECO Valve\" \/>\n<meta property=\"article:modified_time\" content=\"2022-06-28T03:25:31+00:00\" \/>\n<meta property=\"og:image\" content=\"https:\/\/zecovalve.com\/wp-content\/uploads\/2022\/06\/manual-butterfly-valve.jpg\" \/>\n\t<meta property=\"og:image:width\" content=\"800\" \/>\n\t<meta property=\"og:image:height\" content=\"600\" \/>\n<meta name=\"twitter:card\" content=\"summary_large_image\" \/>\n<meta name=\"twitter:label1\" content=\"Escrito por\">\n\t<meta name=\"twitter:data1\" content=\"Jerry\">\n\t<meta name=\"twitter:label2\" content=\"Tempo estimado de leitura\">\n\t<meta name=\"twitter:data2\" content=\"2 minutos\">\n<script type=\"application\/ld+json\" class=\"yoast-schema-graph\">{\"@context\":\"https:\/\/schema.org\",\"@graph\":[{\"@type\":\"WebSite\",\"@id\":\"https:\/\/zecovalve.com\/#website\",\"url\":\"https:\/\/zecovalve.com\/\",\"name\":\"ZECO Valve\",\"description\":\"Industrial Ball Valve, Gate Valve and Globe Valve Manufacturer\",\"potentialAction\":[{\"@type\":\"SearchAction\",\"target\":\"https:\/\/zecovalve.com\/?s={search_term_string}\",\"query-input\":\"required name=search_term_string\"}],\"inLanguage\":\"pt-PT\"},{\"@type\":\"ImageObject\",\"@id\":\"https:\/\/zecovalve.com\/product\/manual-butterfly-valve#primaryimage\",\"inLanguage\":\"pt-PT\",\"url\":\"https:\/\/zecovalve.com\/wp-content\/uploads\/2022\/06\/manual-butterfly-valve.jpg\",\"width\":800,\"height\":600,\"caption\":\"Manual Butterfly Valve\"},{\"@type\":\"WebPage\",\"@id\":\"https:\/\/zecovalve.com\/product\/manual-butterfly-valve#webpage\",\"url\":\"https:\/\/zecovalve.com\/product\/manual-butterfly-valve\",\"name\":\"Manual Butterfly Valve - ZECO Valve\",\"isPartOf\":{\"@id\":\"https:\/\/zecovalve.com\/#website\"},\"primaryImageOfPage\":{\"@id\":\"https:\/\/zecovalve.com\/product\/manual-butterfly-valve#primaryimage\"},\"datePublished\":\"2022-06-21T04:57:53+00:00\",\"dateModified\":\"2022-06-28T03:25:31+00:00\",\"breadcrumb\":{\"@id\":\"https:\/\/zecovalve.com\/product\/manual-butterfly-valve#breadcrumb\"},\"inLanguage\":\"pt-PT\",\"potentialAction\":[{\"@type\":\"ReadAction\",\"target\":[\"https:\/\/zecovalve.com\/product\/manual-butterfly-valve\"]}]},{\"@type\":\"BreadcrumbList\",\"@id\":\"https:\/\/zecovalve.com\/product\/manual-butterfly-valve#breadcrumb\",\"itemListElement\":[{\"@type\":\"ListItem\",\"position\":1,\"item\":{\"@type\":\"WebPage\",\"@id\":\"https:\/\/zecovalve.com\/\",\"url\":\"https:\/\/zecovalve.com\/\",\"name\":\"Home\"}},{\"@type\":\"ListItem\",\"position\":2,\"item\":{\"@type\":\"WebPage\",\"@id\":\"https:\/\/zecovalve.com\/product-category\",\"url\":\"https:\/\/zecovalve.com\/product-category\",\"name\":\"Industrial Valve Manufacturer | Water Valve Manufacturer\"}},{\"@type\":\"ListItem\",\"position\":3,\"item\":{\"@type\":\"WebPage\",\"@id\":\"https:\/\/zecovalve.com\/product\/manual-butterfly-valve\",\"url\":\"https:\/\/zecovalve.com\/product\/manual-butterfly-valve\",\"name\":\"Manual Butterfly Valve\"}}]}]}<\/script>\n<!-- \/ Yoast SEO Premium plugin. -->","_links":{"self":[{"href":"https:\/\/zecovalve.com\/pt\/wp-json\/wp\/v2\/product\/16415","targetHints":{"allow":["GET"]}}],"collection":[{"href":"https:\/\/zecovalve.com\/pt\/wp-json\/wp\/v2\/product"}],"about":[{"href":"https:\/\/zecovalve.com\/pt\/wp-json\/wp\/v2\/types\/product"}],"replies":[{"embeddable":true,"href":"https:\/\/zecovalve.com\/pt\/wp-json\/wp\/v2\/comments?post=16415"}],"wp:featuredmedia":[{"embeddable":true,"href":"https:\/\/zecovalve.com\/pt\/wp-json\/wp\/v2\/media\/16416"}],"wp:attachment":[{"href":"https:\/\/zecovalve.com\/pt\/wp-json\/wp\/v2\/media?parent=16415"}],"wp:term":[{"taxonomy":"product_cat","embeddable":true,"href":"https:\/\/zecovalve.com\/pt\/wp-json\/wp\/v2\/product_cat?post=16415"},{"taxonomy":"product_tag","embeddable":true,"href":"https:\/\/zecovalve.com\/pt\/wp-json\/wp\/v2\/product_tag?post=16415"}],"curies":[{"name":"wp","href":"https:\/\/api.w.org\/{rel}","templated":true}]}}