{"id":16417,"date":"2022-06-21T05:02:27","date_gmt":"2022-06-21T05:02:27","guid":{"rendered":"https:\/\/zecovalve.com\/?post_type=product&#038;p=16417"},"modified":"2023-06-17T00:58:13","modified_gmt":"2023-06-17T00:58:13","slug":"stainless-steel-swing-check-valve","status":"publish","type":"product","link":"https:\/\/zecovalve.com\/pt\/produto\/stainless-steel-swing-check-valve","title":{"rendered":"V\u00e1lvula de reten\u00e7\u00e3o oscilante em a\u00e7o inoxid\u00e1vel"},"content":{"rendered":"<p>As v\u00e1lvulas de reten\u00e7\u00e3o s\u00e3o dispositivos de preven\u00e7\u00e3o de refluxo projetados para evitar que o fluido (l\u00edquido ou g\u00e1s) flua de volta para sistemas de processos vitais. A v\u00e1lvula de reten\u00e7\u00e3o oscilante possui corpo e guarni\u00e7\u00f5es em a\u00e7o inoxid\u00e1vel, juntamente com uma conex\u00e3o flangeada. A classifica\u00e7\u00e3o de press\u00e3o pode ser de 150LB a 2500LB<\/p>\r\n\r\n\r\n\r\n<figure class=\"wp-block-image alignnone size-medium wp-image-16418\">\r\n<p><img loading=\"lazy\" decoding=\"async\" class=\"wp-image-27924 size-medium\" src=\"https:\/\/zecovalve.com\/wp-content\/uploads\/2022\/06\/Stainless-Steel-Swing-Check-Valve-1-300x225.jpg\" alt=\"V\u00e1lvula de reten\u00e7\u00e3o oscilante em a\u00e7o inoxid\u00e1vel\" width=\"300\" height=\"225\" srcset=\"https:\/\/zecovalve.com\/wp-content\/uploads\/2022\/06\/Stainless-Steel-Swing-Check-Valve-1-300x225.jpg 300w, https:\/\/zecovalve.com\/wp-content\/uploads\/2022\/06\/Stainless-Steel-Swing-Check-Valve-1-768x576.jpg 768w, https:\/\/zecovalve.com\/wp-content\/uploads\/2022\/06\/Stainless-Steel-Swing-Check-Valve-1-600x450.jpg 600w, https:\/\/zecovalve.com\/wp-content\/uploads\/2022\/06\/Stainless-Steel-Swing-Check-Valve-1.jpg 800w\" sizes=\"auto, (max-width: 300px) 100vw, 300px\" \/><\/p>\r\n<\/figure>\r\n\r\n\r\n\r\n\r\n<div class=\"gb-button-wrapper gb-button-wrapper-6d8495a3\">\r\n\r\n\r\n<p><a class=\"gb-button gb-button-3d442e11 gb-button-text\" href=\"mailto:commercial@zecovalve.com\" target=\"_blank\" rel=\"noopener noreferrer\"><strong>OBTER PRE\u00c7O DA V\u00c1LVULA DE RETEN\u00c7\u00c3O DE BALAN\u00c7O DE A\u00c7O INOXID\u00c1VEL<\/strong><\/a><\/p>\r\n<\/div>\r\n\r\n\r\n<h2 class=\"wp-block-heading\" id=\"h-what-is-a-stainless-steel-swing-check-valve\">O que \u00e9 uma v\u00e1lvula de reten\u00e7\u00e3o oscilante de a\u00e7o inoxid\u00e1vel?<\/h2>\r\n\r\n\r\n\r\n<p>As v\u00e1lvulas de reten\u00e7\u00e3o oscilantes de a\u00e7o inoxid\u00e1vel s\u00e3o projetadas e fabricadas estritamente de acordo com os padr\u00f5es internacionais API 6D, BS1868, ASME B16.34 ou equivalente, para reduzir a resist\u00eancia ao fluxo e a queda de press\u00e3o ao m\u00ednimo poss\u00edvel, o que \u00e9 adequado para ser montado apenas na posi\u00e7\u00e3o horizontal, O anel da sede lapidado e aparafusado garante um fechamento herm\u00e9tico e servi\u00e7o de longa dura\u00e7\u00e3o. O disco da v\u00e1lvula \u00e9 perfeitamente projetado, usinado com precis\u00e3o e guiado para desligamento autom\u00e1tico eficiente a press\u00e3o zero, com uma caracter\u00edstica de estrutura compacta e servi\u00e7o de baixa emiss\u00e3o. Em constru\u00e7\u00f5es de balan\u00e7o e pist\u00e3o.<\/p>\r\n\r\n\r\n\r\n<p>ZECO \u00e9 um fabricante profissional de v\u00e1lvulas de reten\u00e7\u00e3o oscilantes, materiais de a\u00e7o inoxid\u00e1vel podem ser selecionados como ASTM A351 CF8, ASTM A351 CF8M, ASTM A351 CF3, ASTM A351 CF3M, UNS S32205 ou materiais de super a\u00e7o inoxid\u00e1vel e assim por diante. A ZECO \u00e9 muito rigorosa quanto aos testes de mat\u00e9rias-primas. Todos os materiais de a\u00e7o inoxid\u00e1vel devem passar por testes espectrais e an\u00e1lises f\u00edsicas quando chegam \u00e0 f\u00e1brica, e somente quando atenderem aos requisitos das normas internacionais poder\u00e3o entrar na f\u00e1brica e iniciar o processo formal de processamento. A v\u00e1lvula de reten\u00e7\u00e3o oscilante de a\u00e7o inoxid\u00e1vel da ZECO abre o disco totalmente na linha para evitar o fluxo da m\u00eddia do disco e aumentar a resist\u00eancia ao fluxo. A v\u00e1lvula de reten\u00e7\u00e3o oscilante \u00e9 o requisito de processo mais importante na superf\u00edcie de veda\u00e7\u00e3o do disco e na superf\u00edcie de veda\u00e7\u00e3o do corpo da v\u00e1lvula porque n\u00e3o h\u00e1 for\u00e7a externa para ajudar na veda\u00e7\u00e3o, portanto, apenas a superf\u00edcie de veda\u00e7\u00e3o do disco e da sede da v\u00e1lvula pode ser estreitamente combinada para atingir o estado de veda\u00e7\u00e3o completo, ao mesmo tempo, de acordo com os requisitos das condi\u00e7\u00f5es de trabalho, pode-se alterar o material da superf\u00edcie de veda\u00e7\u00e3o do disco para obter o efeito desejado.<\/p>\r\n\r\n\r\n\r\n<h2 class=\"wp-block-heading\" id=\"h-features-of-stainless-steel-swing-check-valve\">Caracter\u00edsticas da v\u00e1lvula de reten\u00e7\u00e3o oscilante de a\u00e7o inoxid\u00e1vel:<\/h2>\r\n\r\n\r\n\r\n<ul class=\"wp-block-list\">\r\n<li>O material da v\u00e1lvula de reten\u00e7\u00e3o oscilante de a\u00e7o inoxid\u00e1vel ZECO foi rigorosamente testado para atender aos padr\u00f5es internacionais;<\/li>\r\n<li>A dobradi\u00e7a e o pino da dobradi\u00e7a da v\u00e1lvula de reten\u00e7\u00e3o oscilante de a\u00e7o inoxid\u00e1vel ZECO s\u00e3o fornecidos e montados de modo a permitir o movimento total do disco. E a ZECO garante que o disco esteja totalmente aberto no corpo;<\/li>\r\n<li>A sede da v\u00e1lvula de reten\u00e7\u00e3o oscilante de a\u00e7o inoxid\u00e1vel ZECO \u00e9 renov\u00e1vel;<\/li>\r\n<li>Tipo de disco oscilante padr\u00e3o, usado na posi\u00e7\u00e3o horizontal para aplica\u00e7\u00e3o em servi\u00e7os com l\u00edquidos ou usado na posi\u00e7\u00e3o vertical onde o l\u00edquido flui de baixo para cima.<\/li>\r\n<li>Projetado e fabricado de acordo com API 6D, BS1868 ou ASME B16.34;<\/li>\r\n<li>Dimens\u00f5es face a face conforme ASME B16.10;<\/li>\r\n<li>Estruturado em Tampa Aparafusada;<\/li>\r\n<li>Sistema de bypass opcional e conjunto de contrapeso \uff1b<\/li>\r\n<li>Fechamento r\u00e1pido e a\u00e7\u00f5es flex\u00edveis do disco da v\u00e1lvula\uff1b<\/li>\r\n<li>Pequeno impacto de fechamento, golpe de ar\u00edete n\u00e3o \u00e9 suscet\u00edvel de ser gerado;<\/li>\r\n<li>Disco tipo balan\u00e7o;<\/li>\r\n<li>Pode ser projetado com cilindro de amortecimento.<\/li>\r\n<\/ul>\r\n\r\n\r\n\r\n<h2 class=\"wp-block-heading\" id=\"h-product-range-of-stainless-steel-swing-check-valves\">Gama de produtos de v\u00e1lvulas de reten\u00e7\u00e3o oscilantes de a\u00e7o inoxid\u00e1vel<\/h2>\r\n\r\n\r\n\r\n<ul class=\"wp-block-list\">\r\n<li><span style=\"background-color: var(--base-3); color: var(--contrast);\">Di\u00e2metro nominal:1\/2\u2033~60\u2033<\/span><\/li>\r\n<li>Faixa de press\u00e3o: Classe 150 \u20131500<\/li>\r\n<li>Conex\u00e3o final: RF, RTJ, BW<\/li>\r\n<li>Temperatura de trabalho:-46\u00b0C~+560\u00b0C<\/li>\r\n<\/ul>\r\n\r\n\r\n\r\n<h2 class=\"wp-block-heading\">A v\u00e1lvula de reten\u00e7\u00e3o oscilante deve ser instalada verticalmente ou horizontalmente?<\/h2>\r\n\r\n\r\n\r\n<p>Ouvimos muitas pessoas perguntarem: \u201cAs v\u00e1lvulas de reten\u00e7\u00e3o oscilantes podem ser instaladas verticalmente?\u201d<\/p>\r\n\r\n\r\n\r\n<p>A resposta simples a essa pergunta \u00e9 sim, as v\u00e1lvulas de reten\u00e7\u00e3o oscilantes podem ser instaladas em ambas as dire\u00e7\u00f5es. Mas, para ser bem claro, a instala\u00e7\u00e3o de uma v\u00e1lvula de reten\u00e7\u00e3o oscilante em uma tubula\u00e7\u00e3o horizontal pode, na verdade, parecer que a v\u00e1lvula \u00e9 vertical. Quando voc\u00ea instala uma v\u00e1lvula de reten\u00e7\u00e3o em uma tubula\u00e7\u00e3o vertical, a v\u00e1lvula ficar\u00e1 horizontal.<\/p>\r\n\r\n\r\n\r\n<p>No entanto, \u00e9 mais comum instalar uma v\u00e1lvula de reten\u00e7\u00e3o oscilante em uma tubula\u00e7\u00e3o horizontal. Quando as pessoas perguntam se as v\u00e1lvulas de reten\u00e7\u00e3o oscilantes podem ser instaladas verticalmente, geralmente est\u00e3o se referindo \u00e0 tubula\u00e7\u00e3o.<\/p>\r\n\r\n\r\n\r\n<h2 class=\"wp-block-heading\">Como instalar v\u00e1lvulas de reten\u00e7\u00e3o oscilantes verticalmente<\/h2>\r\n\r\n\r\n\r\n<p>A instala\u00e7\u00e3o de uma v\u00e1lvula de reten\u00e7\u00e3o oscilante em uma tubula\u00e7\u00e3o vertical n\u00e3o altera o processo de instala\u00e7\u00e3o, mas voc\u00ea precisa ter certeza de que a seta de fluxo aponta para cima. Isso permite que o fluxo de \u00e1gua atrav\u00e9s da tubula\u00e7\u00e3o suba e evita que a gravidade o puxe para tr\u00e1s e contamine o abastecimento de \u00e1gua.<\/p>\r\n\r\n\r\n\r\n<p>Embora existam diferentes tamanhos e estilos de v\u00e1lvulas de reten\u00e7\u00e3o oscilantes, voc\u00ea pode observar este diagrama para ver como funciona por dentro.<\/p>\r\n\r\n\r\n\r\n<h3 class=\"wp-block-heading\">Etapas para instalar a v\u00e1lvula de reten\u00e7\u00e3o oscilante<\/h3>\r\n\r\n\r\n\r\n<p>O trabalho de conectar uma v\u00e1lvula de reten\u00e7\u00e3o oscilante a uma tubula\u00e7\u00e3o \u00e9 extremamente f\u00e1cil, mas voc\u00ea descobrir\u00e1 que vale a pena ir devagar e verificar as coisas com cuidado. \u00c9 muito mais f\u00e1cil detectar um problema durante a instala\u00e7\u00e3o do que desinstalar ou substituir sua v\u00e1lvula de reten\u00e7\u00e3o oscilante.<\/p>\r\n\r\n\r\n\r\n<p>Aqui est\u00e3o as etapas para instalar uma v\u00e1lvula de reten\u00e7\u00e3o oscilante:<\/p>\r\n\r\n\r\n\r\n<ol class=\"wp-block-list\">\r\n<li><strong>Verifique o tamanho da v\u00e1lvula<\/strong> Antes de comprar sua v\u00e1lvula de reten\u00e7\u00e3o girat\u00f3ria, certifique-se de saber o tamanho e o estilo que voc\u00ea precisa. Me\u00e7a os tubos aos quais voc\u00ea conectar\u00e1 a v\u00e1lvula e verifique o material. Existem v\u00e1lvulas roscadas, v\u00e1lvulas de encaixe e materiais como a\u00e7o carbono, a\u00e7o inoxid\u00e1vel e PVC. Voc\u00ea pode ver ainda mais op\u00e7\u00f5es aqui.<\/li>\r\n<li><strong>Olhe dentro da v\u00e1lvula<\/strong> Dar uma olhada r\u00e1pida no interior da v\u00e1lvula garantir\u00e1 que nada ficou preso dentro durante o transporte. Se algo pequeno entrar na v\u00e1lvula de reten\u00e7\u00e3o de giro, poder\u00e1 fazer com que a aba fique presa e impedir que toda a \u00e1gua flua. Esta \u00e9 uma etapa r\u00e1pida e f\u00e1cil que pode economizar horas de tempo e frustra\u00e7\u00e3o.<\/li>\r\n<li><strong>Verifique as bordas<\/strong> Quer voc\u00ea precise ou n\u00e3o de uma v\u00e1lvula de reten\u00e7\u00e3o oscilante com flanges, verifique as bordas com aten\u00e7\u00e3o. Procure bordas irregulares, arranh\u00f5es ou qualquer outra coisa que possa impedir a veda\u00e7\u00e3o correta da v\u00e1lvula.<\/li>\r\n<li><strong>Confirme a coloca\u00e7\u00e3o da v\u00e1lvula<\/strong> Esta \u00e9 a \u00fanica etapa que mudar\u00e1 dependendo da dire\u00e7\u00e3o do seu pipeline. Procure em sua v\u00e1lvula uma seta que indica a dire\u00e7\u00e3o do fluxo. Se voc\u00ea estiver instalando sua v\u00e1lvula de reten\u00e7\u00e3o oscilante em uma tubula\u00e7\u00e3o horizontal, coloque-a na dire\u00e7\u00e3o apropriada.<\/li>\r\n<\/ol>\r\n\r\n\r\n\r\n<p>Se voc\u00ea estiver instalando sua v\u00e1lvula de reten\u00e7\u00e3o oscilante em uma tubula\u00e7\u00e3o vertical, certifique-se de que a seta de fluxo esteja apontando para cima.<\/p>\r\n\r\n\r\n\r\n<ol class=\"wp-block-list\" start=\"5\">\r\n<li><strong>Anexe a v\u00e1lvula de reten\u00e7\u00e3o oscilante na tubula\u00e7\u00e3o<\/strong> Finalmente, voc\u00ea pode conectar sua v\u00e1lvula de reten\u00e7\u00e3o oscilante \u00e0 tubula\u00e7\u00e3o. Dependendo do tipo de v\u00e1lvula que voc\u00ea estiver usando, voc\u00ea precisar\u00e1 parafus\u00e1-la com as m\u00e3os ou simplesmente juntar as pe\u00e7as e certificar-se de que est\u00e3o seguras.<\/li>\r\n<li><strong>Teste a v\u00e1lvula<\/strong> Voc\u00ea pode testar a funcionalidade de sua v\u00e1lvula de reten\u00e7\u00e3o girando abrindo a \u00e1gua e certificando-se de que ela est\u00e1 fluindo. Se voc\u00ea usar uma v\u00e1lvula de PVC transparente como esta, o teste ser\u00e1 f\u00e1cil porque voc\u00ea poder\u00e1 ver o desempenho da v\u00e1lvula.<\/li>\r\n<\/ol>\r\n\r\n\r\n\r\n<p>Se durante o teste voc\u00ea descobrir que o fluxo de \u00e1gua est\u00e1 bloqueado, verifique novamente a dire\u00e7\u00e3o da v\u00e1lvula de reten\u00e7\u00e3o de giro. Se notar vazamento ou qualquer outro problema, voc\u00ea pode solucionar usando as dicas abaixo.<\/p>\r\n\r\n\r\n\r\n<h2 class=\"wp-block-heading\" id=\"h-material-of-stainless-steel-swing-check-valves\">Material das v\u00e1lvulas de reten\u00e7\u00e3o oscilantes de a\u00e7o inoxid\u00e1vel<\/h2>\r\n\r\n\r\n\r\n<figure class=\"wp-block-table\">\r\n<table>\r\n<tbody>\r\n<tr>\r\n<td>N\u00e3o<\/td>\r\n<td>Parte<\/td>\r\n<td>Material<\/td>\r\n<\/tr>\r\n<tr>\r\n<td>1<\/td>\r\n<td>Corpo<\/td>\r\n<td>ASTM A351 CF8<\/td>\r\n<\/tr>\r\n<tr>\r\n<td>2<\/td>\r\n<td>Assento<\/td>\r\n<td>ASTM A182 F304<\/td>\r\n<\/tr>\r\n<tr>\r\n<td>3<\/td>\r\n<td>Disco<\/td>\r\n<td>ASTM A351 CF8<\/td>\r\n<\/tr>\r\n<tr>\r\n<td>4<\/td>\r\n<td>Bra\u00e7o<\/td>\r\n<td>ASTM A351 CF8<\/td>\r\n<\/tr>\r\n<tr>\r\n<td>5<\/td>\r\n<td>Porca<\/td>\r\n<td>ASTM A194 8<\/td>\r\n<\/tr>\r\n<tr>\r\n<td>6<\/td>\r\n<td>Pino<\/td>\r\n<td>ASTM A182 F304<\/td>\r\n<\/tr>\r\n<tr>\r\n<td>7<\/td>\r\n<td>Conector<\/td>\r\n<td>ASTM A351 CF8<\/td>\r\n<\/tr>\r\n<tr>\r\n<td>8<\/td>\r\n<td>Junta de veda\u00e7\u00e3o<\/td>\r\n<td>Grafite + SS304<\/td>\r\n<\/tr>\r\n<tr>\r\n<td>9<\/td>\r\n<td>Bon\u00e9<\/td>\r\n<td>ASTM A351 CF8<\/td>\r\n<\/tr>\r\n<tr>\r\n<td>10<\/td>\r\n<td>Parafuso<\/td>\r\n<td>ASTM A193 B8<\/td>\r\n<\/tr>\r\n<\/tbody>\r\n<\/table>\r\n<\/figure>","protected":false},"excerpt":{"rendered":"<p>As v\u00e1lvulas de reten\u00e7\u00e3o s\u00e3o dispositivos de preven\u00e7\u00e3o de refluxo projetados para evitar que o fluido (l\u00edquido ou g\u00e1s) flua de volta para sistemas de processos vitais. O \u2026 <a title=\"V\u00e1lvula de reten\u00e7\u00e3o oscilante em a\u00e7o inoxid\u00e1vel\" class=\"read-more\" href=\"https:\/\/zecovalve.com\/pt\/produto\/stainless-steel-swing-check-valve\" aria-label=\"Mais em V\u00e1lvula de reten\u00e7\u00e3o oscilante em a\u00e7o inoxid\u00e1vel\">Ler mais<\/a><\/p>","protected":false},"featured_media":27924,"comment_status":"closed","ping_status":"closed","template":"","meta":{"_generate-full-width-content":"","kt_blocks_editor_width":""},"product_cat":[2455,2067],"product_tag":[2657,2661,2660,2723],"class_list":["post-16417","product","type-product","status-publish","has-post-thumbnail","hentry","product_cat-check-valve","product_cat-swing-check-valve","product_tag-non-return-valve","product_tag-nrv-valve","product_tag-swing-check-valve","product_tag-what-is-a-valve","sales-flash-overlay","woocommerce-text-align-center","woocommerce-image-align-center","do-quantity-buttons"],"featured_image_src_large":["https:\/\/zecovalve.com\/wp-content\/uploads\/2022\/06\/Stainless-Steel-Swing-Check-Valve-1.jpg",800,600,false],"author_info":[],"comment_info":0,"taxonomy_info":{"product_cat":[{"value":2455,"label":"Check Valve"},{"value":2067,"label":"Swing Check Valve"}],"product_tag":[{"value":2657,"label":"Non Return Valve"},{"value":2661,"label":"NRV Valve"},{"value":2660,"label":"Swing Check Valve"},{"value":2723,"label":"What is a Valve"}]},"yoast_head":"<!-- This site is optimized with the Yoast SEO Premium plugin v15.4 - https:\/\/yoast.com\/wordpress\/plugins\/seo\/ -->\n<title>Stainless Steel Swing Check Valve - Check Valve Types | ZECO Valve<\/title>\n<meta name=\"robots\" content=\"index, follow, max-snippet:-1, max-image-preview:large, max-video-preview:-1\" \/>\n<link rel=\"canonical\" href=\"https:\/\/zecovalve.com\/pt\/produto\/stainless-steel-swing-check-valve\" \/>\n<meta property=\"og:locale\" content=\"pt_PT\" \/>\n<meta property=\"og:type\" content=\"article\" \/>\n<meta property=\"og:title\" content=\"Stainless Steel Swing Check Valve - Check Valve Types | ZECO Valve\" \/>\n<meta property=\"og:description\" content=\"Check valves are backflow prevention devices designed to prevent the fluid (liquid or gas) from flowing backward into vital process systems. The ... Ler mais\" \/>\n<meta property=\"og:url\" content=\"https:\/\/zecovalve.com\/pt\/produto\/stainless-steel-swing-check-valve\" \/>\n<meta property=\"og:site_name\" content=\"ZECO Valve\" \/>\n<meta property=\"article:modified_time\" content=\"2023-06-17T00:58:13+00:00\" \/>\n<meta property=\"og:image\" content=\"https:\/\/zecovalve.com\/wp-content\/uploads\/2022\/06\/Stainless-Steel-Swing-Check-Valve-1.jpg\" \/>\n\t<meta property=\"og:image:width\" content=\"800\" \/>\n\t<meta property=\"og:image:height\" content=\"600\" \/>\n<meta name=\"twitter:card\" content=\"summary_large_image\" \/>\n<meta name=\"twitter:label1\" content=\"Escrito por\">\n\t<meta name=\"twitter:data1\" content=\"Jerry\">\n\t<meta name=\"twitter:label2\" content=\"Tempo estimado de leitura\">\n\t<meta name=\"twitter:data2\" content=\"5 minutos\">\n<script type=\"application\/ld+json\" class=\"yoast-schema-graph\">{\"@context\":\"https:\/\/schema.org\",\"@graph\":[{\"@type\":\"WebSite\",\"@id\":\"https:\/\/zecovalve.com\/#website\",\"url\":\"https:\/\/zecovalve.com\/\",\"name\":\"ZECO Valve\",\"description\":\"Industrial Ball Valve, Gate Valve and Globe Valve Manufacturer\",\"potentialAction\":[{\"@type\":\"SearchAction\",\"target\":\"https:\/\/zecovalve.com\/?s={search_term_string}\",\"query-input\":\"required name=search_term_string\"}],\"inLanguage\":\"pt-PT\"},{\"@type\":\"ImageObject\",\"@id\":\"https:\/\/zecovalve.com\/product\/stainless-steel-swing-check-valve#primaryimage\",\"inLanguage\":\"pt-PT\",\"url\":\"https:\/\/zecovalve.com\/wp-content\/uploads\/2022\/06\/Stainless-Steel-Swing-Check-Valve-1.jpg\",\"width\":800,\"height\":600,\"caption\":\"Stainless Steel Swing Check Valve\"},{\"@type\":\"WebPage\",\"@id\":\"https:\/\/zecovalve.com\/product\/stainless-steel-swing-check-valve#webpage\",\"url\":\"https:\/\/zecovalve.com\/product\/stainless-steel-swing-check-valve\",\"name\":\"Stainless Steel Swing Check Valve - Check Valve Types | ZECO Valve\",\"isPartOf\":{\"@id\":\"https:\/\/zecovalve.com\/#website\"},\"primaryImageOfPage\":{\"@id\":\"https:\/\/zecovalve.com\/product\/stainless-steel-swing-check-valve#primaryimage\"},\"datePublished\":\"2022-06-21T05:02:27+00:00\",\"dateModified\":\"2023-06-17T00:58:13+00:00\",\"breadcrumb\":{\"@id\":\"https:\/\/zecovalve.com\/product\/stainless-steel-swing-check-valve#breadcrumb\"},\"inLanguage\":\"pt-PT\",\"potentialAction\":[{\"@type\":\"ReadAction\",\"target\":[\"https:\/\/zecovalve.com\/product\/stainless-steel-swing-check-valve\"]}]},{\"@type\":\"BreadcrumbList\",\"@id\":\"https:\/\/zecovalve.com\/product\/stainless-steel-swing-check-valve#breadcrumb\",\"itemListElement\":[{\"@type\":\"ListItem\",\"position\":1,\"item\":{\"@type\":\"WebPage\",\"@id\":\"https:\/\/zecovalve.com\/\",\"url\":\"https:\/\/zecovalve.com\/\",\"name\":\"Home\"}},{\"@type\":\"ListItem\",\"position\":2,\"item\":{\"@type\":\"WebPage\",\"@id\":\"https:\/\/zecovalve.com\/product-category\",\"url\":\"https:\/\/zecovalve.com\/product-category\",\"name\":\"Industrial Valve Manufacturer | Water Valve Manufacturer\"}},{\"@type\":\"ListItem\",\"position\":3,\"item\":{\"@type\":\"WebPage\",\"@id\":\"https:\/\/zecovalve.com\/product\/stainless-steel-swing-check-valve\",\"url\":\"https:\/\/zecovalve.com\/product\/stainless-steel-swing-check-valve\",\"name\":\"Stainless Steel Swing Check Valve\"}}]}]}<\/script>\n<!-- \/ Yoast SEO Premium plugin. -->","_links":{"self":[{"href":"https:\/\/zecovalve.com\/pt\/wp-json\/wp\/v2\/product\/16417","targetHints":{"allow":["GET"]}}],"collection":[{"href":"https:\/\/zecovalve.com\/pt\/wp-json\/wp\/v2\/product"}],"about":[{"href":"https:\/\/zecovalve.com\/pt\/wp-json\/wp\/v2\/types\/product"}],"replies":[{"embeddable":true,"href":"https:\/\/zecovalve.com\/pt\/wp-json\/wp\/v2\/comments?post=16417"}],"wp:featuredmedia":[{"embeddable":true,"href":"https:\/\/zecovalve.com\/pt\/wp-json\/wp\/v2\/media\/27924"}],"wp:attachment":[{"href":"https:\/\/zecovalve.com\/pt\/wp-json\/wp\/v2\/media?parent=16417"}],"wp:term":[{"taxonomy":"product_cat","embeddable":true,"href":"https:\/\/zecovalve.com\/pt\/wp-json\/wp\/v2\/product_cat?post=16417"},{"taxonomy":"product_tag","embeddable":true,"href":"https:\/\/zecovalve.com\/pt\/wp-json\/wp\/v2\/product_tag?post=16417"}],"curies":[{"name":"wp","href":"https:\/\/api.w.org\/{rel}","templated":true}]}}