{"id":16468,"date":"2022-06-21T06:25:05","date_gmt":"2022-06-21T06:25:05","guid":{"rendered":"https:\/\/zecovalve.com\/?post_type=product&#038;p=16468"},"modified":"2023-06-07T07:07:23","modified_gmt":"2023-06-07T07:07:23","slug":"3pc-ball-valve","status":"publish","type":"product","link":"https:\/\/zecovalve.com\/pt\/produto\/3pc-ball-valve","title":{"rendered":"V\u00e1lvula de esfera de a\u00e7o inoxid\u00e1vel de 3 pe\u00e7as"},"content":{"rendered":"<p>A v\u00e1lvula esf\u00e9rica de 3 pe\u00e7as foi projetada para ser desmontada para facilitar a limpeza.<\/p>\r\n\r\n\r\n\r\n<div class=\"wp-block-columns is-layout-flex wp-container-core-columns-is-layout-9d6595d7 wp-block-columns-is-layout-flex\">\r\n<div class=\"wp-block-column is-layout-flow wp-block-column-is-layout-flow\">\r\n<figure class=\"wp-block-image size-large is-resized\"><img loading=\"lazy\" decoding=\"async\" class=\"wp-image-19545\" src=\"https:\/\/zecovalve.com\/wp-content\/uploads\/2022\/07\/3-piece-stainless-steel-ball-valve-1-1024x1024.jpg\" alt=\"\" width=\"512\" height=\"512\" srcset=\"https:\/\/zecovalve.com\/wp-content\/uploads\/2022\/07\/3-piece-stainless-steel-ball-valve-1-1024x1024.jpg 1024w, https:\/\/zecovalve.com\/wp-content\/uploads\/2022\/07\/3-piece-stainless-steel-ball-valve-1-300x300.jpg 300w, https:\/\/zecovalve.com\/wp-content\/uploads\/2022\/07\/3-piece-stainless-steel-ball-valve-1-150x150.jpg 150w, https:\/\/zecovalve.com\/wp-content\/uploads\/2022\/07\/3-piece-stainless-steel-ball-valve-1-768x768.jpg 768w, https:\/\/zecovalve.com\/wp-content\/uploads\/2022\/07\/3-piece-stainless-steel-ball-valve-1-1536x1536.jpg 1536w, https:\/\/zecovalve.com\/wp-content\/uploads\/2022\/07\/3-piece-stainless-steel-ball-valve-1-2048x2048.jpg 2048w, https:\/\/zecovalve.com\/wp-content\/uploads\/2022\/07\/3-piece-stainless-steel-ball-valve-1-400x400.jpg 400w, https:\/\/zecovalve.com\/wp-content\/uploads\/2022\/07\/3-piece-stainless-steel-ball-valve-1-600x600.jpg 600w, https:\/\/zecovalve.com\/wp-content\/uploads\/2022\/07\/3-piece-stainless-steel-ball-valve-1-100x100.jpg 100w\" sizes=\"auto, (max-width: 512px) 100vw, 512px\" \/><\/figure>\r\n<\/div>\r\n\r\n\r\n\r\n<div class=\"wp-block-column is-layout-flow wp-block-column-is-layout-flow\">\r\n<figure class=\"wp-block-image size-large is-resized\"><img loading=\"lazy\" decoding=\"async\" class=\"wp-image-19547\" src=\"https:\/\/zecovalve.com\/wp-content\/uploads\/2022\/07\/3-piece-stainless-steel-ball-valve-2-1024x1024.jpg\" alt=\"\" width=\"512\" height=\"512\" srcset=\"https:\/\/zecovalve.com\/wp-content\/uploads\/2022\/07\/3-piece-stainless-steel-ball-valve-2-1024x1024.jpg 1024w, https:\/\/zecovalve.com\/wp-content\/uploads\/2022\/07\/3-piece-stainless-steel-ball-valve-2-300x300.jpg 300w, https:\/\/zecovalve.com\/wp-content\/uploads\/2022\/07\/3-piece-stainless-steel-ball-valve-2-150x150.jpg 150w, https:\/\/zecovalve.com\/wp-content\/uploads\/2022\/07\/3-piece-stainless-steel-ball-valve-2-768x768.jpg 768w, https:\/\/zecovalve.com\/wp-content\/uploads\/2022\/07\/3-piece-stainless-steel-ball-valve-2-1536x1536.jpg 1536w, https:\/\/zecovalve.com\/wp-content\/uploads\/2022\/07\/3-piece-stainless-steel-ball-valve-2-2048x2048.jpg 2048w, https:\/\/zecovalve.com\/wp-content\/uploads\/2022\/07\/3-piece-stainless-steel-ball-valve-2-400x400.jpg 400w, https:\/\/zecovalve.com\/wp-content\/uploads\/2022\/07\/3-piece-stainless-steel-ball-valve-2-600x600.jpg 600w, https:\/\/zecovalve.com\/wp-content\/uploads\/2022\/07\/3-piece-stainless-steel-ball-valve-2-100x100.jpg 100w\" sizes=\"auto, (max-width: 512px) 100vw, 512px\" \/><\/figure>\r\n<\/div>\r\n\r\n\r\n\r\n<div class=\"wp-block-column is-layout-flow wp-block-column-is-layout-flow\">\r\n<figure class=\"wp-block-image size-large is-resized\"><img loading=\"lazy\" decoding=\"async\" class=\"wp-image-19546\" src=\"https:\/\/zecovalve.com\/wp-content\/uploads\/2022\/07\/3-piece-stainless-steel-ball-valve-3-1024x1024.jpg\" alt=\"\" width=\"512\" height=\"512\" srcset=\"https:\/\/zecovalve.com\/wp-content\/uploads\/2022\/07\/3-piece-stainless-steel-ball-valve-3-1024x1024.jpg 1024w, https:\/\/zecovalve.com\/wp-content\/uploads\/2022\/07\/3-piece-stainless-steel-ball-valve-3-300x300.jpg 300w, https:\/\/zecovalve.com\/wp-content\/uploads\/2022\/07\/3-piece-stainless-steel-ball-valve-3-150x150.jpg 150w, https:\/\/zecovalve.com\/wp-content\/uploads\/2022\/07\/3-piece-stainless-steel-ball-valve-3-768x768.jpg 768w, https:\/\/zecovalve.com\/wp-content\/uploads\/2022\/07\/3-piece-stainless-steel-ball-valve-3-1536x1536.jpg 1536w, https:\/\/zecovalve.com\/wp-content\/uploads\/2022\/07\/3-piece-stainless-steel-ball-valve-3-2048x2048.jpg 2048w, https:\/\/zecovalve.com\/wp-content\/uploads\/2022\/07\/3-piece-stainless-steel-ball-valve-3-400x400.jpg 400w, https:\/\/zecovalve.com\/wp-content\/uploads\/2022\/07\/3-piece-stainless-steel-ball-valve-3-600x600.jpg 600w, https:\/\/zecovalve.com\/wp-content\/uploads\/2022\/07\/3-piece-stainless-steel-ball-valve-3-100x100.jpg 100w\" sizes=\"auto, (max-width: 512px) 100vw, 512px\" \/><\/figure>\r\n<\/div>\r\n<\/div>\r\n\r\n\r\n<div class=\"gb-button-wrapper gb-button-wrapper-6d8495a3\">\r\n\r\n\r\n<p><a class=\"gb-button gb-button-3d442e11 gb-button-text\" href=\"https:\/\/zecovalve.com\/pt\/contact\/\" target=\"_blank\" rel=\"noopener noreferrer\"><strong>OBTER PRE\u00c7O DA V\u00c1LVULA<\/strong><\/a><\/p>\r\n<\/div>\r\n\r\n\r\n\r\n\r\n<h2 class=\"wp-block-heading\" id=\"h-what-is-a-3-piece-stainless-steel-ball-valve\">O que \u00e9 uma v\u00e1lvula esfera de 3 pe\u00e7as?<\/h2>\r\n\r\n\r\n\r\n<p>A v\u00e1lvula de esfera de a\u00e7o inoxid\u00e1vel ZECO de 3 pe\u00e7as \u00e9 geralmente uma v\u00e1lvula de esfera munh\u00e3o e uma v\u00e1lvula de esfera flutuante.<\/p>\r\n\r\n\r\n\r\n<p>A v\u00e1lvula esf\u00e9rica de 3 pe\u00e7as s\u00f3 precisa girar a esfera 90 graus atrav\u00e9s da engrenagem ou al\u00e7a para interromper o fluxo do meio na tubula\u00e7\u00e3o. A c\u00e2mara do corpo esf\u00e9rico, assim como a v\u00e1lvula gaveta, est\u00e1 quase t\u00e3o pr\u00f3xima da resist\u00eancia zero ao fluxo quanto uma se\u00e7\u00e3o de tubo quando totalmente aberta, o que equivale a uma linha reta. Mas como a v\u00e1lvula esf\u00e9rica de 3 pe\u00e7as pode ser especialmente projetada para condi\u00e7\u00f5es especiais, a v\u00e1lvula esf\u00e9rica tamb\u00e9m \u00e9 lentamente alterada de uma v\u00e1lvula truncada para uma v\u00e1lvula que pode estrangular e controlar o fluxo.<\/p>\r\n\r\n\r\n\r\n<h2 class=\"wp-block-heading\">Aplica\u00e7\u00f5es de v\u00e1lvulas esfera de a\u00e7o inoxid\u00e1vel de 3 pe\u00e7as<\/h2>\r\n\r\n\r\n\r\n<p>A v\u00e1lvula de esfera de a\u00e7o inoxid\u00e1vel ZECO de 3 pe\u00e7as \u00e9 amplamente utilizada na ind\u00fastria de petr\u00f3leo, qu\u00edmica e g\u00e1s natural e atende aos requisitos do padr\u00e3o de design API 6D.<\/p>\r\n\r\n\r\n\r\n<h2 class=\"wp-block-heading\" id=\"h-features-of-3-piece-stainless-steel-ball-valve\">Caracter\u00edsticas das v\u00e1lvulas esf\u00e9ricas de a\u00e7o inoxid\u00e1vel de 3 pe\u00e7as:<\/h2>\r\n\r\n\r\n\r\n<ul class=\"wp-block-list\">\r\n<li>Ao operar uma v\u00e1lvula, o atrito entre a esfera e a face de veda\u00e7\u00e3o gerar\u00e1 carga est\u00e1tica e se acumular\u00e1 na esfera. Para evitar fa\u00edscas est\u00e1ticas, um dispositivo antiest\u00e1tico \u00e9 projetado na v\u00e1lvula para eliminar cargas est\u00e1ticas;<\/li>\r\n<li>De acordo com os requisitos do cliente ou do sistema de trabalho, o corpo \u00e9 equipado com uma v\u00e1lvula de al\u00edvio. Depois que dois lados da v\u00e1lvula esf\u00e9rica de a\u00e7o inoxid\u00e1vel ZECO de 3 pe\u00e7as forem bloqueados e a press\u00e3o adicionada, os res\u00edduos dentro da cavidade ser\u00e3o aliviados;<\/li>\r\n<li>Quando uma alta press\u00e3o anormal apareceu na cavidade, a v\u00e1lvula esf\u00e9rica de a\u00e7o inoxid\u00e1vel de 3 pe\u00e7as com estrutura de veda\u00e7\u00e3o \u00fanica ZECO tem a fun\u00e7\u00e3o de auto-al\u00edvio de press\u00e3o; A espessura da parede de uma v\u00e1lvula \u00e9 projetada para ser mais espessa para fins corrosivos. A haste, o munh\u00e3o, a sede do corpo e a tampa inferior s\u00e3o revestidos conforme ASTM B733 e ASTM B656;<\/li>\r\n<li>A opera\u00e7\u00e3o manual para a posi\u00e7\u00e3o totalmente aberta\/fechada projetada com dispositivo de travamento, evitando assim, mau funcionamento e vibra\u00e7\u00e3o imprevista da linha para abrir\/fechar a v\u00e1lvula esfera de a\u00e7o inoxid\u00e1vel de 3 pe\u00e7as ZECO.<\/li>\r\n<\/ul>\r\n\r\n\r\n\r\n<h2 class=\"wp-block-heading\" id=\"h-material-of-3-piece-stainless-steel-ball-valve\">Material das v\u00e1lvulas de esfera de a\u00e7o inoxid\u00e1vel de 3 pe\u00e7as:<\/h2>\r\n\r\n\r\n\r\n<figure class=\"wp-block-table\">\r\n<table>\r\n<tbody>\r\n<tr>\r\n<td>N\u00e3o<\/td>\r\n<td>Parte<\/td>\r\n<td>Material<\/td>\r\n<\/tr>\r\n<tr>\r\n<td>1<\/td>\r\n<td>Corpo<\/td>\r\n<td>ASTM A351 CF8M<\/td>\r\n<\/tr>\r\n<tr>\r\n<td>2<\/td>\r\n<td>Bon\u00e9<\/td>\r\n<td>ASTM A351 CF8M<\/td>\r\n<\/tr>\r\n<tr>\r\n<td>3<\/td>\r\n<td>Parafuso do castelo<\/td>\r\n<td>ASTM A193 B8M<\/td>\r\n<\/tr>\r\n<tr>\r\n<td>4<\/td>\r\n<td>Porca do castelo<\/td>\r\n<td>ASTM A194 8M<\/td>\r\n<\/tr>\r\n<tr>\r\n<td>5<\/td>\r\n<td>Junta da tampa do compartimento<\/td>\r\n<td>Grafite +SS316<\/td>\r\n<\/tr>\r\n<tr>\r\n<td>6<\/td>\r\n<td>Anel de assento<\/td>\r\n<td>DESENVOLVIMENTO<\/td>\r\n<\/tr>\r\n<tr>\r\n<td>7<\/td>\r\n<td>Bola<\/td>\r\n<td>ASTM A182 F316<\/td>\r\n<\/tr>\r\n<tr>\r\n<td>8<\/td>\r\n<td>Caule<\/td>\r\n<td>ASTM A276 316<\/td>\r\n<\/tr>\r\n<tr>\r\n<td>9<\/td>\r\n<td>Enchimento da haste<\/td>\r\n<td>Grafite<\/td>\r\n<\/tr>\r\n<tr>\r\n<td>10<\/td>\r\n<td>Gl\u00e2ndula<\/td>\r\n<td>ASTM A351 CF8M<\/td>\r\n<\/tr>\r\n<tr>\r\n<td>11<\/td>\r\n<td>Pare o colar<\/td>\r\n<td>ANSI 1025<\/td>\r\n<\/tr>\r\n<\/tbody>\r\n<\/table>\r\n<\/figure>","protected":false},"excerpt":{"rendered":"<p>A v\u00e1lvula esf\u00e9rica de 3 pe\u00e7as foi projetada para ser desmontada para facilitar a limpeza. O que \u00e9 uma v\u00e1lvula esfera de 3 pe\u00e7as? ZECO 3\u2026 <a title=\"V\u00e1lvula de esfera de a\u00e7o inoxid\u00e1vel de 3 pe\u00e7as\" class=\"read-more\" href=\"https:\/\/zecovalve.com\/pt\/produto\/3pc-ball-valve\" aria-label=\"Mais em V\u00e1lvula esfera de a\u00e7o inoxid\u00e1vel de 3 pe\u00e7as\">Ler mais<\/a><\/p>","protected":false},"featured_media":27862,"comment_status":"closed","ping_status":"closed","template":"","meta":{"_generate-full-width-content":"","kt_blocks_editor_width":""},"product_cat":[2047],"product_tag":[3089,3254,2658,3914,3244,2832],"class_list":["post-16468","product","type-product","status-publish","has-post-thumbnail","hentry","product_cat-ball-valve","product_tag-3-piece-ball-valve","product_tag-ball-valve-stainless-steel","product_tag-isolation-valve","product_tag-reduced-bore-ball-valve","product_tag-stainless-ball-valve","product_tag-stainless-steel-ball-valve","sales-flash-overlay","woocommerce-text-align-center","woocommerce-image-align-center","do-quantity-buttons"],"featured_image_src_large":["https:\/\/zecovalve.com\/wp-content\/uploads\/2022\/06\/3-Piece-Stainless-Steel-Ball-Valve.jpg",800,600,false],"author_info":[],"comment_info":0,"taxonomy_info":{"product_cat":[{"value":2047,"label":"Ball Valve"}],"product_tag":[{"value":3089,"label":"3 Piece Ball Valve"},{"value":3254,"label":"Ball Valve Stainless Steel"},{"value":2658,"label":"Isolation Valve"},{"value":3914,"label":"Reduced Bore Ball Valve"},{"value":3244,"label":"Stainless Ball Valve"},{"value":2832,"label":"Stainless Steel Ball Valve"}]},"yoast_head":"<!-- This site is optimized with the Yoast SEO Premium plugin v15.4 - https:\/\/yoast.com\/wordpress\/plugins\/seo\/ -->\n<title>3 Piece Stainless Steel Ball Valve - 3 Piece Ball Valve | ZECO Valve<\/title>\n<meta name=\"robots\" content=\"index, follow, max-snippet:-1, max-image-preview:large, max-video-preview:-1\" \/>\n<link rel=\"canonical\" href=\"https:\/\/zecovalve.com\/pt\/produto\/3pc-ball-valve\" \/>\n<meta property=\"og:locale\" content=\"pt_PT\" \/>\n<meta property=\"og:type\" content=\"article\" \/>\n<meta property=\"og:title\" content=\"3 Piece Stainless Steel Ball Valve - 3 Piece Ball Valve | ZECO Valve\" \/>\n<meta property=\"og:description\" content=\"3 Piece Ball Valve is designed to be taken apart for easy cleaning. What is a 3 Piece Ball Valve? ZECO 3 ... Ler mais\" \/>\n<meta property=\"og:url\" content=\"https:\/\/zecovalve.com\/pt\/produto\/3pc-ball-valve\" \/>\n<meta property=\"og:site_name\" content=\"ZECO Valve\" \/>\n<meta property=\"article:modified_time\" content=\"2023-06-07T07:07:23+00:00\" \/>\n<meta property=\"og:image\" content=\"https:\/\/zecovalve.com\/wp-content\/uploads\/2022\/06\/3-Piece-Stainless-Steel-Ball-Valve.jpg\" \/>\n\t<meta property=\"og:image:width\" content=\"800\" \/>\n\t<meta property=\"og:image:height\" content=\"600\" \/>\n<meta name=\"twitter:card\" content=\"summary_large_image\" \/>\n<meta name=\"twitter:label1\" content=\"Escrito por\">\n\t<meta name=\"twitter:data1\" content=\"Jerry\">\n\t<meta name=\"twitter:label2\" content=\"Tempo estimado de leitura\">\n\t<meta name=\"twitter:data2\" content=\"2 minutos\">\n<script type=\"application\/ld+json\" class=\"yoast-schema-graph\">{\"@context\":\"https:\/\/schema.org\",\"@graph\":[{\"@type\":\"WebSite\",\"@id\":\"https:\/\/zecovalve.com\/#website\",\"url\":\"https:\/\/zecovalve.com\/\",\"name\":\"ZECO Valve\",\"description\":\"Industrial Ball Valve, Gate Valve and Globe Valve Manufacturer\",\"potentialAction\":[{\"@type\":\"SearchAction\",\"target\":\"https:\/\/zecovalve.com\/?s={search_term_string}\",\"query-input\":\"required name=search_term_string\"}],\"inLanguage\":\"pt-PT\"},{\"@type\":\"ImageObject\",\"@id\":\"https:\/\/zecovalve.com\/product\/3pc-ball-valve#primaryimage\",\"inLanguage\":\"pt-PT\",\"url\":\"https:\/\/zecovalve.com\/wp-content\/uploads\/2022\/06\/3-Piece-Stainless-Steel-Ball-Valve.jpg\",\"width\":800,\"height\":600,\"caption\":\"3 Piece Stainless Steel Ball Valve\"},{\"@type\":\"WebPage\",\"@id\":\"https:\/\/zecovalve.com\/product\/3pc-ball-valve#webpage\",\"url\":\"https:\/\/zecovalve.com\/product\/3pc-ball-valve\",\"name\":\"3 Piece Stainless Steel Ball Valve - 3 Piece Ball Valve | ZECO Valve\",\"isPartOf\":{\"@id\":\"https:\/\/zecovalve.com\/#website\"},\"primaryImageOfPage\":{\"@id\":\"https:\/\/zecovalve.com\/product\/3pc-ball-valve#primaryimage\"},\"datePublished\":\"2022-06-21T06:25:05+00:00\",\"dateModified\":\"2023-06-07T07:07:23+00:00\",\"breadcrumb\":{\"@id\":\"https:\/\/zecovalve.com\/product\/3pc-ball-valve#breadcrumb\"},\"inLanguage\":\"pt-PT\",\"potentialAction\":[{\"@type\":\"ReadAction\",\"target\":[\"https:\/\/zecovalve.com\/product\/3pc-ball-valve\"]}]},{\"@type\":\"BreadcrumbList\",\"@id\":\"https:\/\/zecovalve.com\/product\/3pc-ball-valve#breadcrumb\",\"itemListElement\":[{\"@type\":\"ListItem\",\"position\":1,\"item\":{\"@type\":\"WebPage\",\"@id\":\"https:\/\/zecovalve.com\/\",\"url\":\"https:\/\/zecovalve.com\/\",\"name\":\"Home\"}},{\"@type\":\"ListItem\",\"position\":2,\"item\":{\"@type\":\"WebPage\",\"@id\":\"https:\/\/zecovalve.com\/product-category\",\"url\":\"https:\/\/zecovalve.com\/product-category\",\"name\":\"Industrial Valve Manufacturer | Water Valve Manufacturer\"}},{\"@type\":\"ListItem\",\"position\":3,\"item\":{\"@type\":\"WebPage\",\"@id\":\"https:\/\/zecovalve.com\/product\/3pc-ball-valve\",\"url\":\"https:\/\/zecovalve.com\/product\/3pc-ball-valve\",\"name\":\"3 Piece Stainless Steel Ball Valve\"}}]}]}<\/script>\n<!-- \/ Yoast SEO Premium plugin. -->","_links":{"self":[{"href":"https:\/\/zecovalve.com\/pt\/wp-json\/wp\/v2\/product\/16468","targetHints":{"allow":["GET"]}}],"collection":[{"href":"https:\/\/zecovalve.com\/pt\/wp-json\/wp\/v2\/product"}],"about":[{"href":"https:\/\/zecovalve.com\/pt\/wp-json\/wp\/v2\/types\/product"}],"replies":[{"embeddable":true,"href":"https:\/\/zecovalve.com\/pt\/wp-json\/wp\/v2\/comments?post=16468"}],"wp:featuredmedia":[{"embeddable":true,"href":"https:\/\/zecovalve.com\/pt\/wp-json\/wp\/v2\/media\/27862"}],"wp:attachment":[{"href":"https:\/\/zecovalve.com\/pt\/wp-json\/wp\/v2\/media?parent=16468"}],"wp:term":[{"taxonomy":"product_cat","embeddable":true,"href":"https:\/\/zecovalve.com\/pt\/wp-json\/wp\/v2\/product_cat?post=16468"},{"taxonomy":"product_tag","embeddable":true,"href":"https:\/\/zecovalve.com\/pt\/wp-json\/wp\/v2\/product_tag?post=16468"}],"curies":[{"name":"wp","href":"https:\/\/api.w.org\/{rel}","templated":true}]}}