{"id":16513,"date":"2022-06-21T06:54:43","date_gmt":"2022-06-21T06:54:43","guid":{"rendered":"https:\/\/zecovalve.com\/?post_type=product&#038;p=16513"},"modified":"2022-08-19T06:06:54","modified_gmt":"2022-08-19T06:06:54","slug":"high-performance-butterfly-valve","status":"publish","type":"product","link":"https:\/\/zecovalve.com\/pt\/produto\/high-performance-butterfly-valve","title":{"rendered":"V\u00e1lvula borboleta de alto desempenho"},"content":{"rendered":"<figure class=\"wp-block-image alignnone size-medium wp-image-16514\"><img loading=\"lazy\" decoding=\"async\" width=\"300\" height=\"225\" class=\"wp-image-16514\" src=\"https:\/\/zecovalve.com\/wp-content\/uploads\/2022\/06\/high-performance-butterfly-valve-300x225.jpg\" alt=\"V\u00e1lvula borboleta de alto desempenho\" srcset=\"https:\/\/zecovalve.com\/wp-content\/uploads\/2022\/06\/high-performance-butterfly-valve-300x225.jpg 300w, https:\/\/zecovalve.com\/wp-content\/uploads\/2022\/06\/high-performance-butterfly-valve-768x576.jpg 768w, https:\/\/zecovalve.com\/wp-content\/uploads\/2022\/06\/high-performance-butterfly-valve-600x450.jpg 600w, https:\/\/zecovalve.com\/wp-content\/uploads\/2022\/06\/high-performance-butterfly-valve.jpg 800w\" sizes=\"auto, (max-width: 300px) 100vw, 300px\" \/><\/figure>\r\n\r\n\r\n\r\n\r\n<div class=\"gb-button-wrapper gb-button-wrapper-6d8495a3\">\r\n\r\n<a class=\"gb-button gb-button-3d442e11 gb-button-text\" href=\"https:\/\/zecovalve.com\/pt\/contact\/\" target=\"_blank\" rel=\"noopener noreferrer\"><strong>OBTENHA PRE\u00c7O DE V\u00c1LVULA BORBOLETA DE ALTO DESEMPENHO<\/strong><\/a>\r\n\r\n<\/div>\r\n\r\n\r\n<h2 class=\"wp-block-heading\" id=\"h-what-is-a-high-performance-butterfly-valve\">O que \u00e9 uma v\u00e1lvula borboleta de alto desempenho?<\/h2>\r\n\r\n\r\n\r\n\r\nA v\u00e1lvula borboleta de alto desempenho \u00e9 um produto inovador de design de duplo deslocamento com tecnologia avan\u00e7ada l\u00edder mundial. Esta v\u00e1lvula borboleta possui uma estrutura \u00fanica com desempenho de veda\u00e7\u00e3o ultra confi\u00e1vel, amplas condi\u00e7\u00f5es de trabalho e baixo torque de opera\u00e7\u00e3o.\r\n\r\n\r\n\r\n\r\n<h2 class=\"wp-block-heading\">Especifica\u00e7\u00f5es de v\u00e1lvulas borboleta de alto desempenho<\/h2>\r\n\r\n\r\n\r\n<figure class=\"wp-block-table is-style-stripes\">\r\n<table>\r\n<tbody>\r\n<tr>\r\n<td>Nome<\/td>\r\n<td>\u00a0V\u00e1lvula borboleta de alto desempenho<\/td>\r\n<\/tr>\r\n<tr>\r\n<td>Conce\u00e7\u00e3o<\/td>\r\n<td>\u00a0API 609\/ASME B16.34<\/td>\r\n<\/tr>\r\n<tr>\r\n<td>Liga\u00e7\u00e3o final<\/td>\r\n<td>\u00a0Wafer\/Lug\/Flange duplo<\/td>\r\n<\/tr>\r\n<tr>\r\n<td>Opera\u00e7\u00e3o<\/td>\r\n<td>\u00a0Manual\/Pneum\u00e1tico\/El\u00e9trico<\/td>\r\n<\/tr>\r\n<tr>\r\n<td>Gama de tamanhos<\/td>\r\n<td>\u00a0NPS 2\u2033-60\u2033(DN50-DN1500)<\/td>\r\n<\/tr>\r\n<tr>\r\n<td>Press\u00e3o nominal<\/td>\r\n<td>\u00a0ASME Classe150-300-600(PN16-PN25-PN40)<\/td>\r\n<\/tr>\r\n<tr>\r\n<td>Material da carro\u00e7aria<\/td>\r\n<td>\u00a0A\u00e7o carbono, a\u00e7o inoxid\u00e1vel, a\u00e7o liga, a\u00e7o inoxid\u00e1vel duplex<\/td>\r\n<\/tr>\r\n<tr>\r\n<td>Material do assento<\/td>\r\n<td>\u00a0PTFE, RPTFE, PPL<\/td>\r\n<\/tr>\r\n<tr>\r\n<td>Temperatura<\/td>\r\n<td>\u00a0-29\u00b0C a 250\u00b0C<\/td>\r\n<\/tr>\r\n<\/tbody>\r\n<\/table>\r\n<\/figure>\r\n\r\n\r\n\r\n<h2 class=\"wp-block-heading\" id=\"h-features-of-high-performance-butterfly-valve\">Caracter\u00edsticas da v\u00e1lvula borboleta de alto desempenho:<\/h2>\r\n\r\n\r\n\r\n<ul class=\"wp-block-list\">\r\n \t<li>O design da sede resiliente da v\u00e1lvula borboleta de alto desempenho ZECO foi projetado para fornecer uma solu\u00e7\u00e3o mais otimizada para o campo com desgaste e requisitos de baixo torque, e para substituir facilmente a sede ap\u00f3s danos na sede, sem a necessidade de ferramentas especiais;<\/li>\r\n \t<li>A v\u00e1lvula borboleta de alto desempenho ZECO \u00e9 equipada com rolamentos compostos na haste acima e abaixo do disco. Os mancais comp\u00f3sitos possuem enrolamento de filamento de PTFE e ep\u00f3xi, o que reduz o torque na chave e reduz o desgaste entre a haste e o corpo para maior servi\u00e7o;<\/li>\r\n \t<li>O design de sede resiliente bidirecional \u00e0 prova de fogo da v\u00e1lvula borboleta de alto desempenho ZECO garante vazamento zero da v\u00e1lvula durante a opera\u00e7\u00e3o normal. A veda\u00e7\u00e3o metal com metal da sede ap\u00f3s o inc\u00eandio atende ou excede as especifica\u00e7\u00f5es de \u201cseguran\u00e7a contra inc\u00eandio\u201d da ind\u00fastria;<\/li>\r\n \t<li>O design do flange da gaxeta da v\u00e1lvula borboleta de alto desempenho ZECO aplica carga contra a gaxeta para evitar vazamentos externos. Totalmente ajust\u00e1vel.<\/li>\r\n \t<li>Placa superior ISO 5211 para montagem direta de uma ampla variedade de atuadores, manoplas e engrenagens<\/li>\r\n \t<li>O empanque da haste ajust\u00e1vel apresenta bucim de puxar para baixo com f\u00e1cil acesso sem remo\u00e7\u00e3o do atuador<\/li>\r\n \t<li>Os pinos de cunha tangenciais s\u00e3o deslocados do centro da haste, colocando-os em compress\u00e3o em vez de cisalhamento<\/li>\r\n \t<li>O batente do disco foi projetado para evitar a rota\u00e7\u00e3o do disco na dire\u00e7\u00e3o errada e poss\u00edveis danos \u00e0 sede<\/li>\r\n \t<li>O clipe de reten\u00e7\u00e3o fornece haste \u00e0 prova de explos\u00e3o<\/li>\r\n \t<li>Sistema de veda\u00e7\u00e3o da haste com carga din\u00e2mica por um conjunto de molas Belleville. A ponte da sobreposta em forma de balancim compensa o ajuste desigual dos parafusos da sobreposta<\/li>\r\n \t<li>O rolamento \u201cBear-X\u201d tem excelente resist\u00eancia t\u00e9rmica, qu\u00edmica e ao desgaste<\/li>\r\n \t<li>Corpo de pe\u00e7a \u00fanica com pesco\u00e7o estendido<\/li>\r\n \t<li>Design de assento macio com veda\u00e7\u00e3o labial flex\u00edvel e autoenergizante. Dois pontos de contato no design de assento met\u00e1lico \u00e0 prova de fogo<\/li>\r\n<\/ul>\r\n\r\n\r\n\r\n<h2 class=\"wp-block-heading\">Aplica\u00e7\u00f5es de v\u00e1lvula borboleta de alto desempenho<\/h2>\r\n\r\n\r\n\r\n\r\nAs v\u00e1lvulas borboleta de alto desempenho s\u00e3o especialmente projetadas para aplica\u00e7\u00f5es nas ind\u00fastrias qu\u00edmica, processamento de hidrocarbonetos, papel e celulose, \u00e1gua e \u00e1guas residuais e HVAC em todo o mundo. A v\u00e1lvula foi projetada com o entendimento de que as ind\u00fastrias de processo precisam de produtos que forne\u00e7am desempenho excepcional e, ao mesmo tempo, reduzam o custo total de propriedade.\r\n\r\n\r\n\r\n\r\n<h2 class=\"wp-block-heading\" id=\"h-high-performance-butterfly-valve-manufacturers\">Fabricantes de v\u00e1lvulas borboleta de alto desempenho<\/h2>\r\n\r\n\r\n\r\n\r\nA ZECO Valve \u00e9 um dos fabricantes l\u00edderes mundiais de v\u00e1lvulas borboleta de alto desempenho. Com base em muitos anos de pesquisa, desenvolvimento e experi\u00eancia de campo, o projeto ZECO \u00e9 superior e mais vers\u00e1til do que o projeto de v\u00e1lvula borboleta de alto desempenho oferecido por outros fabricantes. Os produtos ZECO s\u00e3o produzidos sob o sistema de gest\u00e3o de qualidade ISO9001. Cada processo de produ\u00e7\u00e3o possui documentos e procedimentos do sistema de gest\u00e3o correspondentes para garantir que cada v\u00e1lvula atenda ou exceda os padr\u00f5es internacionais ou requisitos do usu\u00e1rio. A v\u00e1lvula borboleta de alto desempenho ZECO \u00e9 um produto maduro para ind\u00fastrias de processamento de petr\u00f3leo e g\u00e1s, aquecimento, energia, \u00e1gua e tratamento de \u00e1guas residuais, especialmente adequada para ambientes agressivos e aplica\u00e7\u00f5es industriais que exigem press\u00e3o nominal e classifica\u00e7\u00e3o de temperatura. A ZECO possui experi\u00eancia profissional na fabrica\u00e7\u00e3o de v\u00e1lvulas borboleta de alto desempenho, com excelentes registros de qualidade e prazos de entrega r\u00e1pidos nas ind\u00fastrias que atende.","protected":false},"excerpt":{"rendered":"<p>O que \u00e9 uma v\u00e1lvula borboleta de alto desempenho? A v\u00e1lvula borboleta de alto desempenho \u00e9 um produto inovador de design de duplo deslocamento com tecnologia avan\u00e7ada l\u00edder mundial. \u2026 <a title=\"V\u00e1lvula borboleta de alto desempenho\" class=\"read-more\" href=\"https:\/\/zecovalve.com\/pt\/produto\/high-performance-butterfly-valve\" aria-label=\"Mais em V\u00e1lvula Borboleta de Alto Desempenho\">Ler mais<\/a><\/p>","protected":false},"featured_media":16514,"comment_status":"closed","ping_status":"closed","template":"","meta":{"_generate-full-width-content":"","kt_blocks_editor_width":""},"product_cat":[2044,2467],"product_tag":[],"class_list":["post-16513","product","type-product","status-publish","has-post-thumbnail","hentry","product_cat-butterfly-valve","product_cat-butterfly-valve-by-form","sales-flash-overlay","woocommerce-text-align-center","woocommerce-image-align-center","do-quantity-buttons"],"featured_image_src_large":["https:\/\/zecovalve.com\/wp-content\/uploads\/2022\/06\/high-performance-butterfly-valve.jpg",800,600,false],"author_info":[],"comment_info":0,"taxonomy_info":{"product_cat":[{"value":2044,"label":"Butterfly Valve"},{"value":2467,"label":"Butterfly Valve By Form"}]},"yoast_head":"<!-- This site is optimized with the Yoast SEO Premium plugin v15.4 - https:\/\/yoast.com\/wordpress\/plugins\/seo\/ -->\n<title>High Performance Butterfly Valve Manufacturers | ZECO Valve<\/title>\n<meta name=\"robots\" content=\"index, follow, max-snippet:-1, max-image-preview:large, max-video-preview:-1\" \/>\n<link rel=\"canonical\" href=\"https:\/\/zecovalve.com\/pt\/produto\/high-performance-butterfly-valve\" \/>\n<meta property=\"og:locale\" content=\"pt_PT\" \/>\n<meta property=\"og:type\" content=\"article\" \/>\n<meta property=\"og:title\" content=\"High Performance Butterfly Valve Manufacturers | ZECO Valve\" \/>\n<meta property=\"og:description\" content=\"What is a High Performance Butterfly Valve? Hgh Performance Butterfly Valve is an innovative double offset design product with advanced world-leading technology. ... Ler mais\" \/>\n<meta property=\"og:url\" content=\"https:\/\/zecovalve.com\/pt\/produto\/high-performance-butterfly-valve\" \/>\n<meta property=\"og:site_name\" content=\"ZECO Valve\" \/>\n<meta property=\"article:modified_time\" content=\"2022-08-19T06:06:54+00:00\" \/>\n<meta property=\"og:image\" content=\"https:\/\/zecovalve.com\/wp-content\/uploads\/2022\/06\/high-performance-butterfly-valve.jpg\" \/>\n\t<meta property=\"og:image:width\" content=\"800\" \/>\n\t<meta property=\"og:image:height\" content=\"600\" \/>\n<meta name=\"twitter:card\" content=\"summary_large_image\" \/>\n<meta name=\"twitter:label1\" content=\"Escrito por\">\n\t<meta name=\"twitter:data1\" content=\"Jerry\">\n\t<meta name=\"twitter:label2\" content=\"Tempo estimado de leitura\">\n\t<meta name=\"twitter:data2\" content=\"2 minutos\">\n<script type=\"application\/ld+json\" class=\"yoast-schema-graph\">{\"@context\":\"https:\/\/schema.org\",\"@graph\":[{\"@type\":\"WebSite\",\"@id\":\"https:\/\/zecovalve.com\/#website\",\"url\":\"https:\/\/zecovalve.com\/\",\"name\":\"ZECO Valve\",\"description\":\"Industrial Ball Valve, Gate Valve and Globe Valve Manufacturer\",\"potentialAction\":[{\"@type\":\"SearchAction\",\"target\":\"https:\/\/zecovalve.com\/?s={search_term_string}\",\"query-input\":\"required name=search_term_string\"}],\"inLanguage\":\"pt-PT\"},{\"@type\":\"ImageObject\",\"@id\":\"https:\/\/zecovalve.com\/product\/high-performance-butterfly-valve#primaryimage\",\"inLanguage\":\"pt-PT\",\"url\":\"https:\/\/zecovalve.com\/wp-content\/uploads\/2022\/06\/high-performance-butterfly-valve.jpg\",\"width\":800,\"height\":600,\"caption\":\"High Performance Butterfly Valve\"},{\"@type\":\"WebPage\",\"@id\":\"https:\/\/zecovalve.com\/product\/high-performance-butterfly-valve#webpage\",\"url\":\"https:\/\/zecovalve.com\/product\/high-performance-butterfly-valve\",\"name\":\"High Performance Butterfly Valve Manufacturers | ZECO Valve\",\"isPartOf\":{\"@id\":\"https:\/\/zecovalve.com\/#website\"},\"primaryImageOfPage\":{\"@id\":\"https:\/\/zecovalve.com\/product\/high-performance-butterfly-valve#primaryimage\"},\"datePublished\":\"2022-06-21T06:54:43+00:00\",\"dateModified\":\"2022-08-19T06:06:54+00:00\",\"breadcrumb\":{\"@id\":\"https:\/\/zecovalve.com\/product\/high-performance-butterfly-valve#breadcrumb\"},\"inLanguage\":\"pt-PT\",\"potentialAction\":[{\"@type\":\"ReadAction\",\"target\":[\"https:\/\/zecovalve.com\/product\/high-performance-butterfly-valve\"]}]},{\"@type\":\"BreadcrumbList\",\"@id\":\"https:\/\/zecovalve.com\/product\/high-performance-butterfly-valve#breadcrumb\",\"itemListElement\":[{\"@type\":\"ListItem\",\"position\":1,\"item\":{\"@type\":\"WebPage\",\"@id\":\"https:\/\/zecovalve.com\/\",\"url\":\"https:\/\/zecovalve.com\/\",\"name\":\"Home\"}},{\"@type\":\"ListItem\",\"position\":2,\"item\":{\"@type\":\"WebPage\",\"@id\":\"https:\/\/zecovalve.com\/product-category\",\"url\":\"https:\/\/zecovalve.com\/product-category\",\"name\":\"Industrial Valve Manufacturer | Water Valve Manufacturer\"}},{\"@type\":\"ListItem\",\"position\":3,\"item\":{\"@type\":\"WebPage\",\"@id\":\"https:\/\/zecovalve.com\/product\/high-performance-butterfly-valve\",\"url\":\"https:\/\/zecovalve.com\/product\/high-performance-butterfly-valve\",\"name\":\"High Performance Butterfly Valve\"}}]}]}<\/script>\n<!-- \/ Yoast SEO Premium plugin. -->","_links":{"self":[{"href":"https:\/\/zecovalve.com\/pt\/wp-json\/wp\/v2\/product\/16513","targetHints":{"allow":["GET"]}}],"collection":[{"href":"https:\/\/zecovalve.com\/pt\/wp-json\/wp\/v2\/product"}],"about":[{"href":"https:\/\/zecovalve.com\/pt\/wp-json\/wp\/v2\/types\/product"}],"replies":[{"embeddable":true,"href":"https:\/\/zecovalve.com\/pt\/wp-json\/wp\/v2\/comments?post=16513"}],"wp:featuredmedia":[{"embeddable":true,"href":"https:\/\/zecovalve.com\/pt\/wp-json\/wp\/v2\/media\/16514"}],"wp:attachment":[{"href":"https:\/\/zecovalve.com\/pt\/wp-json\/wp\/v2\/media?parent=16513"}],"wp:term":[{"taxonomy":"product_cat","embeddable":true,"href":"https:\/\/zecovalve.com\/pt\/wp-json\/wp\/v2\/product_cat?post=16513"},{"taxonomy":"product_tag","embeddable":true,"href":"https:\/\/zecovalve.com\/pt\/wp-json\/wp\/v2\/product_tag?post=16513"}],"curies":[{"name":"wp","href":"https:\/\/api.w.org\/{rel}","templated":true}]}}